{"id":68307972,"date":"2024-09-29T15:17:29","date_gmt":"2024-09-29T13:17:29","guid":{"rendered":"https:\/\/kraftwerk-shop.cc\/?post_type=product&#038;p=68307972"},"modified":"2026-04-17T13:02:29","modified_gmt":"2026-04-17T11:02:29","slug":"dba-brzdove-desticky-db15195sp-ram","status":"publish","type":"product","link":"https:\/\/kraftwerk-shop.cc\/cs\/produkt\/dba-bremsbelaege-db15195sp-ram\/","title":{"rendered":"Brzdov\u00e9 desti\u010dky DBA DB15195SP RAM"},"content":{"rendered":"<h1>Brzdov\u00e9 desti\u010dky DBA Street Performance DB15195SP pro RAM 3.0 EcoDiesel, 3.6, 5.7 a 6.2 TRX (p\u0159edn\u00ed n\u00e1prava) od roku 2019<\/h1>\n<p>&nbsp;<\/p>\n<p>Brzdov\u00e9 desti\u010dky DBA Street Performance (DB7869SP) nab\u00edzej\u00ed vynikaj\u00edc\u00ed brzdn\u00fd v\u00fdkon a jsou speci\u00e1ln\u011b vyvinuty pro n\u00e1ro\u010dn\u00e9 \u0159idi\u010de, kte\u0159\u00ed pot\u0159ebuj\u00ed spolehliv\u00fd a \u00fa\u010dinn\u00fd brzdn\u00fd v\u00fdkon na silnici. Tyto brzdov\u00e9 desti\u010dky se vyzna\u010duj\u00ed dokonalou rovnov\u00e1hou mezi komfortem, odolnost\u00ed a v\u00fdkonem a jsou ide\u00e1ln\u00ed pro ka\u017edodenn\u00ed j\u00edzdu i sportovn\u011bj\u0161\u00ed pou\u017eit\u00ed.<\/p>\n<p>&nbsp;<\/p>\n<p><strong>Vlastnosti:<\/strong><\/p>\n<ul>\n<li>Vysoce kvalitn\u00ed materi\u00e1ly: Podlo\u017eky jsou vyrobeny ze speci\u00e1ln\u00ed sm\u011bsi t\u0159ec\u00edch materi\u00e1l\u016f, kter\u00e1 zaru\u010duje maxim\u00e1ln\u00ed v\u00fdkon v \u0161irok\u00e9m rozsahu podm\u00ednek.<\/li>\n<li>N\u00edzk\u00fd obsah brzdov\u00e9ho prachu: Sni\u017euje zne\u010di\u0161t\u011bn\u00ed r\u00e1fk\u016f a zaji\u0161\u0165uje \u010dist\u0161\u00ed vozidlo.<\/li>\n<li>Minim\u00e1ln\u00ed hlu\u010dnost: D\u00edky inovativn\u00edm technologi\u00edm odhlu\u010dn\u011bn\u00ed je hluk p\u0159i brzd\u011bn\u00ed omezen na minimum.<\/li>\n<li>Odolnost v\u016f\u010di vysok\u00fdm teplot\u00e1m: Tyto desti\u010dky odol\u00e1vaj\u00ed vysok\u00fdm teplot\u00e1m, \u010d\u00edm\u017e sni\u017euj\u00ed riziko vyblednut\u00ed a zaji\u0161\u0165uj\u00ed st\u00e1l\u00fd brzdn\u00fd v\u00fdkon i p\u0159i n\u00e1ro\u010dn\u00fdch cest\u00e1ch.<\/li>\n<li>Dlouh\u00e1 \u017eivotnost: Robustn\u00ed materi\u00e1ly zaji\u0161\u0165uj\u00ed del\u0161\u00ed \u017eivotnost ve srovn\u00e1n\u00ed se standardn\u00edmi brzdov\u00fdmi desti\u010dkami.<\/li>\n<\/ul>\n<p>&nbsp;<\/p>\n<p><strong>Ide\u00e1ln\u00ed pro:<\/strong><\/p>\n<ul>\n<li>Pou\u017eit\u00ed na silnici<\/li>\n<li>Vozidla pro ka\u017edodenn\u00ed pou\u017eit\u00ed<\/li>\n<li>Milovn\u00edci j\u00edzdy, kte\u0159\u00ed si cen\u00ed bezpe\u010dnosti a v\u00fdkonu<\/li>\n<\/ul>\n<p>S brzdov\u00fdmi desti\u010dkami DBA Street Performance z\u00edsk\u00e1te vynikaj\u00edc\u00ed kombinaci bezpe\u010dnosti, pohodl\u00ed a odolnosti pro ka\u017edodenn\u00ed pou\u017eit\u00ed.<br \/>\nPro optim\u00e1ln\u00ed brzdn\u00fd v\u00fdkon doporu\u010duje DBA kombinaci s dr\u00e1\u017ekovan\u00fdmi rotory T3 \u0159ady 4000 a 5000.<\/p>\n<p>&nbsp;<\/p>\n<p><strong>Specifikace:<\/strong><\/p>\n<ul>\n<li>Polokovov\u00fd t\u0159ec\u00ed materi\u00e1l vyztu\u017een\u00fd uhl\u00edkov\u00fdmi vl\u00e1kny<\/li>\n<li>Koeficient t\u0159en\u00ed je v pr\u016fm\u011bru 0,45 od n\u00edzk\u00fdch po vysok\u00e9 teploty.<\/li>\n<li>\u00a0Vynikaj\u00edc\u00ed v\u00fdkon p\u0159i vysok\u00fdch teplot\u00e1ch<\/li>\n<li>Optim\u00e1ln\u00ed konzistence brzd\u011bn\u00ed a\u017e do 438 \u2103 (820\u2109)<\/li>\n<\/ul>\n<p>&nbsp;<\/p>\n<p><strong>Srovn\u00e1vac\u00ed \u010d\u00edsla Mopar:<\/strong> <span class=\"list-value\">68520814AA<\/span>, <span class=\"list-value\">68520814AB<\/span>, 68520814AC, 68520814AC, 68412557AA, 68412557AB, 68412557AC, 68412557AD, 68412557AE<\/p>\n<p>&nbsp;<\/p>\n<p><strong>Vhodn\u00e9 pro:<\/strong><\/p>\n<table width=\"596\">\n<tbody>\n<tr>\n<td width=\"114\"><strong>Zna\u010dka<\/strong><\/td>\n<td width=\"121\"><strong>Model<\/strong><\/td>\n<td width=\"122\"><strong>Motor<\/strong><\/td>\n<td width=\"141\"><strong>Rok v\u00fdstavby<\/strong><\/td>\n<td width=\"98\"><strong>K\u00f3d brzdy<\/strong><\/td>\n<\/tr>\n<tr>\n<td width=\"114\">RAM<\/td>\n<td width=\"121\">1500<\/td>\n<td width=\"122\">3.0 EcoDiesel<\/td>\n<td width=\"141\">2020\u20132023<\/td>\n<td>BNN<\/td>\n<\/tr>\n<tr>\n<td width=\"114\">RAM<\/td>\n<td width=\"121\">1500<\/td>\n<td width=\"122\">3.6<\/td>\n<td width=\"141\">2019\u20132024<\/td>\n<td>BNN<\/td>\n<\/tr>\n<tr>\n<td width=\"114\">RAM<\/td>\n<td width=\"121\">1500<\/td>\n<td width=\"122\">5.7<\/td>\n<td width=\"141\">2019\u20132024<\/td>\n<td>BNN<\/td>\n<\/tr>\n<tr>\n<td width=\"114\">RAM<\/td>\n<td width=\"121\">1500<\/td>\n<td width=\"122\">6.2 TRX<\/td>\n<td width=\"141\">2020\u20132024<\/td>\n<td>BNN<\/td>\n<\/tr>\n<\/tbody>\n<\/table>\n<p>&nbsp;<\/p>\n<p>Cena se vztahuje na 1 sadu pro kompletn\u00ed p\u0159edn\u00ed n\u00e1pravu.<\/p>\n<p>&nbsp;<\/p>\n<p>&nbsp;<\/p>\n<p>&nbsp;<\/p>","protected":false},"excerpt":{"rendered":"<p>2019\u20132024<\/p>","protected":false},"featured_media":68308065,"comment_status":"open","ping_status":"closed","template":"","meta":{"_acf_changed":false},"product_brand":[18922],"product_cat":[19406,19677,5012,4704],"product_tag":[475,4508,169,91,4721,4722,4723,4724,4725,6852,6773,4702,838,590,839,840,789,476,126,86,3507,4444,7807,4692,2353,842,841,673],"class_list":{"0":"post-68307972","1":"product","2":"type-product","3":"status-publish","4":"has-post-thumbnail","6":"product_brand-dba","7":"product_cat-1500-ecodiesel-2020-2023-bremsen-vorne","8":"product_cat-1500-36-dt-bremsen-vorne","9":"product_cat-1500-57-dt-bremsen-vorne","10":"product_cat-trx-bremsen-vorne","11":"product_tag-475","12":"product_tag-3-0-ecodiesel","13":"product_tag-3-6","14":"product_tag-5-7","15":"product_tag-68412557aa","16":"product_tag-68412557ab","17":"product_tag-68412557ac","18":"product_tag-68412557ad","19":"product_tag-68412557ae","20":"product_tag-68520814aa","21":"product_tag-68520814ab","22":"product_tag-68520814ac","23":"product_tag-bremsbelag","24":"product_tag-bremsbelaege","25":"product_tag-bremsklotz","26":"product_tag-bremskloetze","27":"product_tag-dba","28":"product_tag-dt","29":"product_tag-hemi","30":"product_tag-ram","31":"product_tag-ram1500","32":"product_tag-ram-trx","33":"product_tag-sportbelag","34":"product_tag-street-performance","35":"product_tag-trx","36":"product_tag-vorderachse","37":"product_tag-vorne","38":"product_tag-zubehoer","39":"product_shipping_class-deutschlandohne","41":"first","42":"instock","43":"taxable","44":"shipping-taxable","45":"purchasable","46":"product-type-simple"},"bundled_by":[],"bundle_stock_status":"instock","bundle_stock_quantity":1,"bundle_virtual":false,"bundle_layout":"","bundle_add_to_cart_form_location":"","bundle_editable_in_cart":false,"bundle_sold_individually_context":"","bundle_item_grouping":"","bundle_min_size":"","bundle_max_size":"","bundle_price":[],"bundled_items":[],"bundle_sell_ids":[],"exclude_global_add_ons":[],"addons":[],"acf":[],"_links":{"self":[{"href":"https:\/\/kraftwerk-shop.cc\/cs\/wp-json\/wp\/v2\/product\/68307972","targetHints":{"allow":["GET"]}}],"collection":[{"href":"https:\/\/kraftwerk-shop.cc\/cs\/wp-json\/wp\/v2\/product"}],"about":[{"href":"https:\/\/kraftwerk-shop.cc\/cs\/wp-json\/wp\/v2\/types\/product"}],"replies":[{"embeddable":true,"href":"https:\/\/kraftwerk-shop.cc\/cs\/wp-json\/wp\/v2\/comments?post=68307972"}],"version-history":[{"count":0,"href":"https:\/\/kraftwerk-shop.cc\/cs\/wp-json\/wp\/v2\/product\/68307972\/revisions"}],"wp:featuredmedia":[{"embeddable":true,"href":"https:\/\/kraftwerk-shop.cc\/cs\/wp-json\/wp\/v2\/media\/68308065"}],"wp:attachment":[{"href":"https:\/\/kraftwerk-shop.cc\/cs\/wp-json\/wp\/v2\/media?parent=68307972"}],"wp:term":[{"taxonomy":"product_brand","embeddable":true,"href":"https:\/\/kraftwerk-shop.cc\/cs\/wp-json\/wp\/v2\/product_brand?post=68307972"},{"taxonomy":"product_cat","embeddable":true,"href":"https:\/\/kraftwerk-shop.cc\/cs\/wp-json\/wp\/v2\/product_cat?post=68307972"},{"taxonomy":"product_tag","embeddable":true,"href":"https:\/\/kraftwerk-shop.cc\/cs\/wp-json\/wp\/v2\/product_tag?post=68307972"}],"curies":[{"name":"wp","href":"https:\/\/api.w.org\/{rel}","templated":true}]}}