{"id":68307978,"date":"2024-09-29T15:17:20","date_gmt":"2024-09-29T13:17:20","guid":{"rendered":"https:\/\/kraftwerk-shop.cc\/?post_type=product&#038;p=68307978"},"modified":"2026-02-15T01:13:26","modified_gmt":"2026-02-15T00:13:26","slug":"dba-brzdove-desticky-db15196xp-ram","status":"publish","type":"product","link":"https:\/\/kraftwerk-shop.cc\/cs\/produkt\/dba-bremsbelaege-db15196xp-ram\/","title":{"rendered":"Brzdov\u00e9 desti\u010dky DBA DB15196XP RAM"},"content":{"rendered":"<h1>Brzdov\u00e9 desti\u010dky DBA Xtreme Performance DB15196XP pro RAM 3.0 EcoDiesel, 3.6, 5.7 a 6.2 TRX (zadn\u00ed n\u00e1prava) od roku 2019<\/h1>\n<p>&nbsp;<\/p>\n<p>Brzdov\u00e9 desti\u010dky Xtreme Performance od spole\u010dnosti DBA byly vyvinuty pro \u0159idi\u010de, kte\u0159\u00ed o\u010dek\u00e1vaj\u00ed vysok\u00fd po\u010d\u00e1te\u010dn\u00ed z\u00e1b\u011br a t\u0159ec\u00ed odolnost od n\u00edzk\u00fdch a\u017e po vysok\u00e9 teploty.<br \/>\n\u0158ada XP je ur\u010dena pro n\u00e1ro\u010dn\u00e9 aplikace, kde je pro bezpe\u010dn\u00e9 brzd\u011bn\u00ed v extr\u00e9mn\u00edch podm\u00ednk\u00e1ch vy\u017eadov\u00e1na vy\u0161\u0161\u00ed \u00farove\u0148 t\u0159en\u00ed.<\/p>\n<p>Pro optim\u00e1ln\u00ed brzdn\u00fd v\u00fdkon doporu\u010duje DBA kombinaci s dr\u00e1\u017ekovan\u00fdmi rotory T3 \u0159ady 4000 a 5000.<br \/>\nSpecifikace:<\/p>\n<ul>\n<li>Polokovov\u00fd t\u0159ec\u00ed materi\u00e1l vyztu\u017een\u00fd uhl\u00edkov\u00fdmi vl\u00e1kny<\/li>\n<li>Koeficient t\u0159en\u00ed je v pr\u016fm\u011bru 0,45 od n\u00edzk\u00fdch po vysok\u00e9 teploty.<\/li>\n<li>\u00a0Vynikaj\u00edc\u00ed v\u00fdkon p\u0159i vysok\u00fdch teplot\u00e1ch<\/li>\n<li>Optim\u00e1ln\u00ed konzistence brzd\u011bn\u00ed a\u017e do 550 \u2103 (1022\u2109)<\/li>\n<\/ul>\n<p>&nbsp;<\/p>\n<p><strong>Srovn\u00e1vac\u00ed \u010d\u00edsla Mopar:<\/strong>\u00a0\u00a0<span class=\"list-value\">68412364AA, 68412364AB<\/span>, <span class=\"list-value\">68412364AC<\/span><\/p>\n<p>&nbsp;<\/p>\n<p><strong>Vhodn\u00e9 pro:<\/strong><\/p>\n<table width=\"576\">\n<tbody>\n<tr>\n<td width=\"83\"><strong>Zna\u010dka<\/strong><\/td>\n<td width=\"205\"><strong>Model<\/strong><\/td>\n<td width=\"179\"><strong>Motor<\/strong><\/td>\n<td width=\"109\"><strong>Rok v\u00fdstavby<\/strong><\/td>\n<\/tr>\n<tr>\n<td width=\"83\">RAM<\/td>\n<td width=\"205\">1500<\/td>\n<td width=\"179\">3.0 EcoDiesel<\/td>\n<td width=\"109\">2020 - 2023<\/td>\n<\/tr>\n<tr>\n<td width=\"83\">RAM<\/td>\n<td width=\"205\">1500<\/td>\n<td width=\"179\">3.6<\/td>\n<td width=\"109\">2019 - 2024<\/td>\n<\/tr>\n<tr>\n<td width=\"83\">RAM<\/td>\n<td width=\"205\">1500<\/td>\n<td width=\"179\">5.7<\/td>\n<td width=\"109\">2019 - 2024<\/td>\n<\/tr>\n<tr>\n<td width=\"83\">RAM<\/td>\n<td width=\"205\">1500<\/td>\n<td width=\"179\">6.2 TRX<\/td>\n<td width=\"109\">2020 - 2024<\/td>\n<\/tr>\n<\/tbody>\n<\/table>\n<p>Cena se vztahuje na 1 sadu pro kompletn\u00ed zadn\u00ed n\u00e1pravu.<\/p>\n<p>&nbsp;<\/p>\n<p>&nbsp;<\/p>","protected":false},"excerpt":{"rendered":"<p>2019\u20132024<\/p>","protected":false},"featured_media":68308062,"comment_status":"open","ping_status":"closed","template":"","meta":{"_acf_changed":false},"product_brand":[18922],"product_cat":[19407,19678,5013,4705],"product_tag":[475,4508,169,91,4717,4718,4716,838,590,839,840,789,476,126,798,799,86,3507,4444,7807,2353,7808,673],"class_list":{"0":"post-68307978","1":"product","2":"type-product","3":"status-publish","4":"has-post-thumbnail","6":"product_brand-dba","7":"product_cat-1500-ecodiesel-2020-2023-bremsen-hinten","8":"product_cat-1500-36-dt-bremsen-hinten","9":"product_cat-1500-57-dt-bremsen-hinten","10":"product_cat-trx-bremsen-hinten","11":"product_tag-475","12":"product_tag-3-0-ecodiesel","13":"product_tag-3-6","14":"product_tag-5-7","15":"product_tag-68412364aa","16":"product_tag-68412364ab","17":"product_tag-68412364ac","18":"product_tag-bremsbelag","19":"product_tag-bremsbelaege","20":"product_tag-bremsklotz","21":"product_tag-bremskloetze","22":"product_tag-dba","23":"product_tag-dt","24":"product_tag-hemi","25":"product_tag-hinten","26":"product_tag-hinterachse","27":"product_tag-ram","28":"product_tag-ram1500","29":"product_tag-ram-trx","30":"product_tag-sportbelag","31":"product_tag-trx","32":"product_tag-xtreme-performance","33":"product_tag-zubehoer","35":"first","36":"instock","37":"taxable","38":"shipping-taxable","39":"purchasable","40":"product-type-simple"},"bundled_by":[],"bundle_stock_status":"instock","bundle_stock_quantity":5,"bundle_virtual":false,"bundle_layout":"","bundle_add_to_cart_form_location":"","bundle_editable_in_cart":false,"bundle_sold_individually_context":"","bundle_item_grouping":"","bundle_min_size":"","bundle_max_size":"","bundle_price":[],"bundled_items":[],"bundle_sell_ids":[],"exclude_global_add_ons":[],"addons":[],"acf":[],"_links":{"self":[{"href":"https:\/\/kraftwerk-shop.cc\/cs\/wp-json\/wp\/v2\/product\/68307978","targetHints":{"allow":["GET"]}}],"collection":[{"href":"https:\/\/kraftwerk-shop.cc\/cs\/wp-json\/wp\/v2\/product"}],"about":[{"href":"https:\/\/kraftwerk-shop.cc\/cs\/wp-json\/wp\/v2\/types\/product"}],"replies":[{"embeddable":true,"href":"https:\/\/kraftwerk-shop.cc\/cs\/wp-json\/wp\/v2\/comments?post=68307978"}],"version-history":[{"count":0,"href":"https:\/\/kraftwerk-shop.cc\/cs\/wp-json\/wp\/v2\/product\/68307978\/revisions"}],"wp:featuredmedia":[{"embeddable":true,"href":"https:\/\/kraftwerk-shop.cc\/cs\/wp-json\/wp\/v2\/media\/68308062"}],"wp:attachment":[{"href":"https:\/\/kraftwerk-shop.cc\/cs\/wp-json\/wp\/v2\/media?parent=68307978"}],"wp:term":[{"taxonomy":"product_brand","embeddable":true,"href":"https:\/\/kraftwerk-shop.cc\/cs\/wp-json\/wp\/v2\/product_brand?post=68307978"},{"taxonomy":"product_cat","embeddable":true,"href":"https:\/\/kraftwerk-shop.cc\/cs\/wp-json\/wp\/v2\/product_cat?post=68307978"},{"taxonomy":"product_tag","embeddable":true,"href":"https:\/\/kraftwerk-shop.cc\/cs\/wp-json\/wp\/v2\/product_tag?post=68307978"}],"curies":[{"name":"wp","href":"https:\/\/api.w.org\/{rel}","templated":true}]}}