{"id":68308223,"date":"2024-10-03T18:25:05","date_gmt":"2024-10-03T16:25:05","guid":{"rendered":"https:\/\/kraftwerk-shop.cc\/?post_type=product&#038;p=68308223"},"modified":"2026-03-05T10:39:47","modified_gmt":"2026-03-05T09:39:47","slug":"jlt-predfiltr-proti-prachu-20-3103-01","status":"publish","type":"product","link":"https:\/\/kraftwerk-shop.cc\/cs\/produkt\/jlt-vorfilter-staubschutz-20-3103-01\/","title":{"rendered":"P\u0159edfiltr JLT \/ ochrana proti prachu"},"content":{"rendered":"<h1>P\u0159edfiltr JLT \/ ochrana proti prachu pro vzduchov\u00fd filtr 5 x 7\u2033<\/h1>\n<p>&nbsp;<\/p>\n<p>P\u0159edfiltr byl vyvinut, aby zabr\u00e1nil vniknut\u00ed v\u011bt\u0161\u00edch \u010d\u00e1stic, jako je guma, ne\u010distoty a p\u00edsek, do z\u00e1hyb\u016f vzduchov\u00fdch filtr\u016f a jejich ucp\u00e1n\u00ed.<br \/>\nP\u0159ed\u010dasn\u00e9 zanesen\u00ed vzduchov\u00e9ho filtru vede ke sn\u00ed\u017een\u00ed v\u00fdkonu a zkr\u00e1cen\u00ed interval\u016f \u00fadr\u017eby. P\u0159edfiltry JLT jsou navr\u017eeny tak, aby chr\u00e1nily v\u00e1\u0161 motor, ani\u017e by sni\u017eovaly pr\u016ftok vzduchu nebo v\u00fdkon.<br \/>\n\u010c\u00e1stice o velikosti pouh\u00fdch 0,005\u2033 jsou odfiltrov\u00e1ny, co\u017e prodlu\u017euje \u017eivotnost filtru. P\u0159edfiltr JLT zlep\u0161uje schopnost filtru udr\u017eet pr\u016ftok vzduchu pot\u0159ebn\u00fd pro maxim\u00e1ln\u00ed v\u00fdkon i v n\u00e1ro\u010dn\u00fdch podm\u00ednk\u00e1ch, v\u010detn\u011b vysok\u00e9 vlhkosti. Spr\u00e1vn\u00e9 pou\u017e\u00edv\u00e1n\u00ed p\u0159edfiltru \u0161et\u0159\u00ed pen\u00edze za \u010di\u0161t\u011bn\u00ed nebo v\u00fdm\u011bnu filtru a prodlu\u017euje jeho \u017eivotnost.<\/p>\n<p>Pou\u017eit\u00ed p\u0159edfiltru JLT nevede k v\u00fdrazn\u00e9mu sn\u00ed\u017een\u00ed pr\u016ftoku vzduchu. V\u011bt\u0161ina v\u00fdkonn\u00fdch vzduchov\u00fdch filtr\u016f propou\u0161t\u00ed v\u00edce vzduchu, ne\u017e motor skute\u010dn\u011b dok\u00e1\u017ee zpracovat. Ve skute\u010dnosti p\u0159edfiltr udr\u017euje prim\u00e1rn\u00ed filtr d\u00e9le \u010dist\u00fd a umo\u017e\u0148uje motoru udr\u017eet si p\u016fvodn\u00ed pr\u016ftok vzduchu a v\u00fdkon po del\u0161\u00ed dobu.<\/p>\n<p>&nbsp;<\/p>","protected":false},"excerpt":{"rendered":"<p>JLT Vorfilter \/ Staubschutz f\u00fcr 5 x 7&#8243; Luftfilter &nbsp; Der Vorfilter wurde entwickelt, um zu verhindern, dass gr\u00f6\u00dfere Partikel<\/p>","protected":false},"featured_media":68308232,"comment_status":"open","ping_status":"closed","template":"","meta":{"_acf_changed":false},"product_brand":[17168],"product_cat":[1790,2515,2711,2520,2500,1512],"product_tag":[7822,54,53,49,7824,56,100,50,1093,2444,57,86,7637,7823],"class_list":{"0":"post-68308223","1":"product","2":"type-product","3":"status-publish","4":"has-post-thumbnail","6":"product_brand-jlt","7":"product_cat-challenger-hellcat-ansaugung","8":"product_cat-charger-hellcat-ansaugung","9":"product_cat-durango-hellcat-ansaugung","10":"product_cat-durango-64-ansaugung","11":"product_cat-grand-cherokee-57-2011-2021-ansaugung","12":"product_cat-1500-57-2009-2018-classic-ansaugung","13":"product_tag-20-3103-01","14":"product_tag-challenger","15":"product_tag-charger","16":"product_tag-dodge","17":"product_tag-durango-6-4-srt","18":"product_tag-grand-cherokee","19":"product_tag-hellcat","20":"product_tag-jeep","21":"product_tag-jlt","22":"product_tag-jlt-performance","23":"product_tag-luftfilter","24":"product_tag-ram","25":"product_tag-staubschutz","26":"product_tag-vorfilter","28":"first","29":"instock","30":"taxable","31":"shipping-taxable","32":"purchasable","33":"product-type-simple"},"bundled_by":[],"bundle_stock_status":"instock","bundle_stock_quantity":3,"bundle_virtual":false,"bundle_layout":"","bundle_add_to_cart_form_location":"","bundle_editable_in_cart":false,"bundle_sold_individually_context":"","bundle_item_grouping":"","bundle_min_size":"","bundle_max_size":"","bundle_price":[],"bundled_items":[],"bundle_sell_ids":[],"exclude_global_add_ons":[],"addons":[],"acf":[],"_links":{"self":[{"href":"https:\/\/kraftwerk-shop.cc\/cs\/wp-json\/wp\/v2\/product\/68308223","targetHints":{"allow":["GET"]}}],"collection":[{"href":"https:\/\/kraftwerk-shop.cc\/cs\/wp-json\/wp\/v2\/product"}],"about":[{"href":"https:\/\/kraftwerk-shop.cc\/cs\/wp-json\/wp\/v2\/types\/product"}],"replies":[{"embeddable":true,"href":"https:\/\/kraftwerk-shop.cc\/cs\/wp-json\/wp\/v2\/comments?post=68308223"}],"version-history":[{"count":0,"href":"https:\/\/kraftwerk-shop.cc\/cs\/wp-json\/wp\/v2\/product\/68308223\/revisions"}],"wp:featuredmedia":[{"embeddable":true,"href":"https:\/\/kraftwerk-shop.cc\/cs\/wp-json\/wp\/v2\/media\/68308232"}],"wp:attachment":[{"href":"https:\/\/kraftwerk-shop.cc\/cs\/wp-json\/wp\/v2\/media?parent=68308223"}],"wp:term":[{"taxonomy":"product_brand","embeddable":true,"href":"https:\/\/kraftwerk-shop.cc\/cs\/wp-json\/wp\/v2\/product_brand?post=68308223"},{"taxonomy":"product_cat","embeddable":true,"href":"https:\/\/kraftwerk-shop.cc\/cs\/wp-json\/wp\/v2\/product_cat?post=68308223"},{"taxonomy":"product_tag","embeddable":true,"href":"https:\/\/kraftwerk-shop.cc\/cs\/wp-json\/wp\/v2\/product_tag?post=68308223"}],"curies":[{"name":"wp","href":"https:\/\/api.w.org\/{rel}","templated":true}]}}