{"id":68308304,"date":"2024-10-04T18:00:28","date_gmt":"2024-10-04T16:00:28","guid":{"rendered":"https:\/\/kraftwerk-shop.cc\/?post_type=product&#038;p=68308304"},"modified":"2026-02-15T01:13:36","modified_gmt":"2026-02-15T00:13:36","slug":"snimac-abs-4779977ac-znacky-mopar","status":"publish","type":"product","link":"https:\/\/kraftwerk-shop.cc\/cs\/produkt\/mopar-abs-sensor-4779977ac\/","title":{"rendered":"Sn\u00edma\u010d ABS zna\u010dky Mopar (4779977AC)"},"content":{"rendered":"<h1>Origin\u00e1ln\u00ed sn\u00edma\u010d ABS Mopar (<span class=\"list-value sku-display\">4779977AC<\/span>) pro Jeep Grand Cherokee a Dodge Durango z let 2014 - 2015, p\u0159edn\u00ed lev\u00e1 + prav\u00e1 strana<\/h1>\n<p>&nbsp;<\/p>\n<p><span lang=\"DE\"><strong>\u010c\u00edslo d\u00edlu Mopar:<\/strong> <span class=\"list-value sku-display\">4779977AC<\/span><br \/>\n<strong>Nahrazeno: <\/strong><span class=\"list-value sku-display\">4779977AA, 4779977AB<\/span><br \/>\n<\/span><\/p>\n<p><strong>Instala\u010dn\u00ed poloha:<\/strong> lev\u00e1 p\u0159edn\u00ed \u010d\u00e1st, prav\u00e1 p\u0159edn\u00ed \u010d\u00e1st<\/p>\n<p>&nbsp;<\/p>\n<p><strong>Vhodn\u00e9 pro:<\/strong><\/p>\n<table width=\"921\">\n<tbody>\n<tr>\n<td width=\"83\"><strong>Rok v\u00fdstavby<\/strong><\/td>\n<td width=\"83\"><strong>Zna\u010dka<\/strong><\/td>\n<td width=\"186\"><strong>Model<\/strong><\/td>\n<td width=\"275\"><strong>Verze<\/strong><\/td>\n<td width=\"294\"><strong>Motor<\/strong><\/td>\n<\/tr>\n<tr>\n<td width=\"83\">2015<\/td>\n<td width=\"83\">Dodge<\/td>\n<td width=\"186\">Durango<\/td>\n<td width=\"275\">Citadel, Limited, R\/T, SXT, Special Service<\/td>\n<td width=\"294\">3.6L V6 - Flex, 5.7L<\/td>\n<\/tr>\n<tr>\n<td width=\"83\">2015<\/td>\n<td width=\"83\">Jeep<\/td>\n<td width=\"186\">Grand Cherokee<\/td>\n<td width=\"275\">Laredo, Limited, Overland, SRT, Summit<\/td>\n<td width=\"294\">3.0L V6 - Diesel, 3.6L V6 - Flex, 5.7L, 6.4L<\/td>\n<\/tr>\n<tr>\n<td width=\"83\">2014<\/td>\n<td width=\"83\">Dodge<\/td>\n<td width=\"186\">Durango<\/td>\n<td width=\"275\">Citadel, Limited, R\/T, SXT, Special Service<\/td>\n<td width=\"294\">3.6L V6 - Flex, 5.7L<\/td>\n<\/tr>\n<tr>\n<td width=\"83\">2014<\/td>\n<td width=\"83\">Jeep<\/td>\n<td width=\"186\">Grand Cherokee<\/td>\n<td width=\"275\">Laredo, Limited, Overland, SRT, Summit<\/td>\n<td width=\"294\">3.0L V6 - Diesel, 3.6L V6 - Flex, 5.7L, 6.4L<\/td>\n<\/tr>\n<\/tbody>\n<\/table>\n<p>&nbsp;<\/p>\n<h4>Pro\u010d si vybrat origin\u00e1ln\u00ed n\u00e1hradn\u00ed d\u00edly Mopar?<\/h4>\n<p><strong>Perfektn\u011b padnouc\u00ed a \u0161pi\u010dkov\u00e9 kvality:<\/strong> Origin\u00e1ln\u00ed n\u00e1hradn\u00ed d\u00edly Mopar jsou vyr\u00e1b\u011bny podle p\u0159\u00edsn\u00fdch specifikac\u00ed v\u00fdrobce, co\u017e znamen\u00e1, \u017ee do va\u0161eho vozidla dokonale pasuj\u00ed. T\u00edm je zaji\u0161t\u011bna nejen snadn\u00e1 instalace, ale tak\u00e9 optim\u00e1ln\u00ed funkce a bezpe\u010dnost.<\/p>\n<p><strong>Spolehlivost a trvanlivost:<\/strong> D\u00edky pou\u017eit\u00ed vysoce kvalitn\u00edch materi\u00e1l\u016f a p\u0159\u00edsn\u00e9 kontrole kvality zaji\u0161\u0165uj\u00ed n\u00e1hradn\u00ed d\u00edly Mopar spolehlivou funkci va\u0161eho vozidla i v extr\u00e9mn\u00edch podm\u00ednk\u00e1ch. Jsou navr\u017eeny tak, aby vydr\u017eely a maximalizovaly v\u00fdkon va\u0161eho vozidla.<\/p>\n<p>&nbsp;<\/p>","protected":false},"excerpt":{"rendered":"<p>Origin\u00e1ln\u00ed d\u00edl Mopar<\/p>\n<p>lev\u00e1 p\u0159edn\u00ed \u010d\u00e1st, prav\u00e1 p\u0159edn\u00ed \u010d\u00e1st<br \/>\n2014\u20132015<\/p>\n<p>&nbsp;<\/p>","protected":false},"featured_media":68314811,"comment_status":"open","ping_status":"closed","template":"","meta":{"_acf_changed":false},"product_brand":[16270],"product_cat":[10262],"product_tag":[18615,18616,18614,572,169,7842,7843,7844,91,93,3213,7115,49,95,56,50,1149,31,8813,9424,16271,16273,16275,16272,16274,7221,2793,713,96,1056,164,841,7132,7133],"class_list":{"0":"post-68308304","1":"product","2":"type-product","3":"status-publish","4":"has-post-thumbnail","6":"product_brand-mopar","7":"product_cat-alle-produkte","8":"product_tag-04779977aa","9":"product_tag-04779977ab","10":"product_tag-04779977ac","11":"product_tag-3-0-crd","12":"product_tag-3-6","13":"product_tag-4779977aa","14":"product_tag-4779977ab","15":"product_tag-4779977ac","16":"product_tag-5-7","17":"product_tag-6-4","18":"product_tag-abs","19":"product_tag-abs-sensor","20":"product_tag-dodge","21":"product_tag-durango","22":"product_tag-grand-cherokee","23":"product_tag-jeep","24":"product_tag-links","25":"product_tag-mopar","26":"product_tag-mopar-autoteile","27":"product_tag-mopar-ersatzteile","28":"product_tag-mopar-ersatzteile-kaufen","29":"product_tag-mopar-performance-teile","30":"product_tag-mopar-teile-katalog","31":"product_tag-mopar-teile-online","32":"product_tag-mopar-tuningteile","33":"product_tag-mopar10","34":"product_tag-rechts","35":"product_tag-sensor","36":"product_tag-srt","37":"product_tag-srt-8","38":"product_tag-srt8","39":"product_tag-vorne","40":"product_tag-vorne-links","41":"product_tag-vorne-rechts","43":"first","44":"instock","45":"taxable","46":"shipping-taxable","47":"purchasable","48":"product-type-simple"},"bundled_by":[],"bundle_stock_status":"instock","bundle_stock_quantity":2,"bundle_virtual":false,"bundle_layout":"","bundle_add_to_cart_form_location":"","bundle_editable_in_cart":false,"bundle_sold_individually_context":"","bundle_item_grouping":"","bundle_min_size":"","bundle_max_size":"","bundle_price":[],"bundled_items":[],"bundle_sell_ids":[],"exclude_global_add_ons":[],"addons":[],"acf":[],"_links":{"self":[{"href":"https:\/\/kraftwerk-shop.cc\/cs\/wp-json\/wp\/v2\/product\/68308304","targetHints":{"allow":["GET"]}}],"collection":[{"href":"https:\/\/kraftwerk-shop.cc\/cs\/wp-json\/wp\/v2\/product"}],"about":[{"href":"https:\/\/kraftwerk-shop.cc\/cs\/wp-json\/wp\/v2\/types\/product"}],"replies":[{"embeddable":true,"href":"https:\/\/kraftwerk-shop.cc\/cs\/wp-json\/wp\/v2\/comments?post=68308304"}],"version-history":[{"count":0,"href":"https:\/\/kraftwerk-shop.cc\/cs\/wp-json\/wp\/v2\/product\/68308304\/revisions"}],"wp:featuredmedia":[{"embeddable":true,"href":"https:\/\/kraftwerk-shop.cc\/cs\/wp-json\/wp\/v2\/media\/68314811"}],"wp:attachment":[{"href":"https:\/\/kraftwerk-shop.cc\/cs\/wp-json\/wp\/v2\/media?parent=68308304"}],"wp:term":[{"taxonomy":"product_brand","embeddable":true,"href":"https:\/\/kraftwerk-shop.cc\/cs\/wp-json\/wp\/v2\/product_brand?post=68308304"},{"taxonomy":"product_cat","embeddable":true,"href":"https:\/\/kraftwerk-shop.cc\/cs\/wp-json\/wp\/v2\/product_cat?post=68308304"},{"taxonomy":"product_tag","embeddable":true,"href":"https:\/\/kraftwerk-shop.cc\/cs\/wp-json\/wp\/v2\/product_tag?post=68308304"}],"curies":[{"name":"wp","href":"https:\/\/api.w.org\/{rel}","templated":true}]}}