{"id":68308326,"date":"2024-10-04T17:59:59","date_gmt":"2024-10-04T15:59:59","guid":{"rendered":"https:\/\/kraftwerk-shop.cc\/?post_type=product&#038;p=68308326"},"modified":"2026-02-15T01:13:40","modified_gmt":"2026-02-15T00:13:40","slug":"mopar-abs-senzor-68569550aa-durango","status":"publish","type":"product","link":"https:\/\/kraftwerk-shop.cc\/cs\/produkt\/mopar-abs-sensor-68569550aa-durango\/","title":{"rendered":"Sn\u00edma\u010d ABS Mopar (68569550AA) Durango"},"content":{"rendered":"<h1>Origin\u00e1ln\u00ed sn\u00edma\u010d ABS Mopar (68569550AA) pro Dodge Durango 3.6, 5.7, 6.4 SRT a Hellcat z let 2011 - 2025, zadn\u00ed lev\u00fd + prav\u00fd<\/h1>\n<p>&nbsp;<\/p>\n<p><span lang=\"DE\"><strong>\u010c\u00edslo d\u00edlu Mopar:<\/strong> 68569550AA<br \/>\n<strong>Nahrazeno: <\/strong>\u00a0<span class=\"list-value\">5154230AA, 5154230AB, 5154230AC, 5154230AD, 5154230AE, 5154230AF<\/span><br \/>\n<\/span><\/p>\n<p><strong>Instala\u010dn\u00ed poloha:<\/strong> vlevo vzadu, vpravo vzadu<\/p>\n<p>&nbsp;<\/p>\n<p><strong>Vhodn\u00e9 pro:<\/strong><\/p>\n<table width=\"921\">\n<tbody>\n<tr>\n<td width=\"83\"><strong>Rok v\u00fdstavby<\/strong><\/td>\n<td width=\"83\"><strong>Zna\u010dka<\/strong><\/td>\n<td width=\"186\"><strong>Model<\/strong><\/td>\n<td width=\"275\"><strong>Verze<\/strong><\/td>\n<td width=\"294\"><strong>Motor<\/strong><\/td>\n<\/tr>\n<tr>\n<td width=\"83\">2025<\/td>\n<td width=\"83\">Dodge<\/td>\n<td width=\"186\">Durango<\/td>\n<td width=\"275\">R\/T, R\/T Plus, R\/T Premium, SRT Hellcat Hammerhead, SRT Hellcat Plus, SRT Hellcat Premium, SRT Hellcat Silver Bullet, Special Service<\/td>\n<td width=\"294\">3.6L, 5.7L, 6.2L<\/td>\n<\/tr>\n<tr>\n<td width=\"83\">2024<\/td>\n<td width=\"83\">Dodge<\/td>\n<td width=\"186\">Durango<\/td>\n<td width=\"275\">Citadela, GT, GT Plus, GT Premium, Pursuit, R\/T, R\/T Plus, R\/T Premium, SRT 392, SRT 392 Plus, SRT 392 Premium, SRT Hellcat, SRT Hellcat Plus, SRT Hellcat Premium, SXT, SXT Plus, Special Service<\/td>\n<td width=\"294\">3.6L, 5.7L, 6.2L, 6.4L<\/td>\n<\/tr>\n<tr>\n<td width=\"83\">2023<\/td>\n<td width=\"83\">Dodge<\/td>\n<td width=\"186\">Durango<\/td>\n<td width=\"275\">Citadela, GT, GT Plus, GT Premium, R\/T, R\/T Hemi Orange, R\/T Plus, R\/T Premium, SRT 392, SRT 392 Plus, SRT 392 Premium, SRT Hellcat, SRT Hellcat Plus, SRT Hellcat Premium, SXT, SXT Plus.<\/td>\n<td width=\"294\">3.6L, 5.7L, 6.2L, 6.4L<\/td>\n<\/tr>\n<tr>\n<td width=\"83\">2022<\/td>\n<td width=\"83\">Dodge<\/td>\n<td width=\"186\">Durango<\/td>\n<td width=\"275\">Citadela, GT, GT Plus, R\/T, R\/T Plus, SRT 392, SXT<\/td>\n<td width=\"294\">3.6L, 5.7L, 6.4L<\/td>\n<\/tr>\n<tr>\n<td><\/td>\n<td><\/td>\n<td><\/td>\n<td><\/td>\n<td><\/td>\n<\/tr>\n<tr>\n<td width=\"83\">2021<\/td>\n<td width=\"83\">Dodge<\/td>\n<td width=\"186\">Durango<\/td>\n<td width=\"275\">Citadela, GT, GT Plus, Pursuit, R\/T, SRT, SRT Hellcat, SXT, SXT Plus, Special Service<\/td>\n<td width=\"294\">3.6L, 5.7L, 6.2L, 6.4L<\/td>\n<\/tr>\n<tr>\n<td><\/td>\n<td><\/td>\n<td><\/td>\n<td><\/td>\n<td><\/td>\n<\/tr>\n<tr>\n<td width=\"83\">2020<\/td>\n<td width=\"83\">Dodge<\/td>\n<td width=\"186\">Durango<\/td>\n<td width=\"275\">Citadela, GT, GT Plus, Pursuit, R\/T, SRT, SXT, SXT Plus, Special Service<\/td>\n<td width=\"294\">3.6L, 5.7L, 6.4L<\/td>\n<\/tr>\n<tr>\n<td><\/td>\n<td><\/td>\n<td><\/td>\n<td><\/td>\n<td><\/td>\n<\/tr>\n<tr>\n<td width=\"83\">2019<\/td>\n<td width=\"83\">Dodge<\/td>\n<td width=\"186\">Durango<\/td>\n<td width=\"275\">Citadela, GT, Pursuit, R\/T, SRT, SXT, SXT Plus, Special Service<\/td>\n<td width=\"294\">3.6L, 5.7L, 6.4L<\/td>\n<\/tr>\n<tr>\n<td><\/td>\n<td><\/td>\n<td><\/td>\n<td><\/td>\n<td><\/td>\n<\/tr>\n<tr>\n<td width=\"83\">2018<\/td>\n<td width=\"83\">Dodge<\/td>\n<td width=\"186\">Durango<\/td>\n<td width=\"275\">Citadela, GT, R\/T, SRT, SXT, SXT Plus, Special Service<\/td>\n<td width=\"294\">3.6L, 5.7L, 6.4L<\/td>\n<\/tr>\n<tr>\n<td><\/td>\n<td><\/td>\n<td><\/td>\n<td><\/td>\n<td><\/td>\n<\/tr>\n<tr>\n<td width=\"83\">2017<\/td>\n<td width=\"83\">Dodge<\/td>\n<td width=\"186\">Durango<\/td>\n<td width=\"275\">Citadela, GT, R\/T, SXT, Special Service<\/td>\n<td width=\"294\">3.6L V6 - Flex, 5.7L<\/td>\n<\/tr>\n<tr>\n<td><\/td>\n<td><\/td>\n<td><\/td>\n<td><\/td>\n<td><\/td>\n<\/tr>\n<tr>\n<td width=\"83\">2016<\/td>\n<td width=\"83\">Dodge<\/td>\n<td width=\"186\">Durango<\/td>\n<td width=\"275\">Citadel, Limited, R\/T, SXT, Special Service<\/td>\n<td width=\"294\">3.6L V6 - Flex, 5.7L<\/td>\n<\/tr>\n<tr>\n<td><\/td>\n<td><\/td>\n<td><\/td>\n<td><\/td>\n<td><\/td>\n<\/tr>\n<tr>\n<td width=\"83\">2015<\/td>\n<td width=\"83\">Dodge<\/td>\n<td width=\"186\">Durango<\/td>\n<td width=\"275\">Citadel, Limited, R\/T, SXT, Special Service<\/td>\n<td width=\"294\">3.6L V6 - Flex, 5.7L<\/td>\n<\/tr>\n<tr>\n<td><\/td>\n<td><\/td>\n<td><\/td>\n<td><\/td>\n<td><\/td>\n<\/tr>\n<tr>\n<td width=\"83\">2014<\/td>\n<td width=\"83\">Dodge<\/td>\n<td width=\"186\">Durango<\/td>\n<td width=\"275\">Citadel, Limited, R\/T, SXT, Special Service<\/td>\n<td width=\"294\">3.6L V6 - Flex, 5.7L<\/td>\n<\/tr>\n<tr>\n<td><\/td>\n<td><\/td>\n<td><\/td>\n<td><\/td>\n<td><\/td>\n<\/tr>\n<tr>\n<td width=\"83\">2013<\/td>\n<td width=\"83\">Dodge<\/td>\n<td width=\"186\">Durango<\/td>\n<td width=\"275\">Citadela, Crew, R\/T, SXT, Special Service<\/td>\n<td width=\"294\">3.6L V6 - Flex, 5.7L<\/td>\n<\/tr>\n<tr>\n<td><\/td>\n<td><\/td>\n<td><\/td>\n<td><\/td>\n<td><\/td>\n<\/tr>\n<tr>\n<td width=\"83\">2012<\/td>\n<td width=\"83\">Dodge<\/td>\n<td width=\"186\">Durango<\/td>\n<td width=\"275\">Citadela, Crew, R\/T, SXT, Special Service<\/td>\n<td width=\"294\">3.6L V6 - Flex, 5.7L<\/td>\n<\/tr>\n<tr>\n<td><\/td>\n<td><\/td>\n<td><\/td>\n<td><\/td>\n<td><\/td>\n<\/tr>\n<tr>\n<td width=\"83\">2011<\/td>\n<td width=\"83\">Dodge<\/td>\n<td width=\"186\">Durango<\/td>\n<td width=\"275\">Citadela, Crew, Express, Heat, R\/T<\/td>\n<td width=\"294\">3.6L V6 - Flex, 5.7L<\/td>\n<\/tr>\n<\/tbody>\n<\/table>\n<p>&nbsp;<\/p>\n<h4>Pro\u010d si vybrat origin\u00e1ln\u00ed n\u00e1hradn\u00ed d\u00edly Mopar?<\/h4>\n<p><strong>Perfektn\u011b padnouc\u00ed a \u0161pi\u010dkov\u00e9 kvality:<\/strong> Origin\u00e1ln\u00ed n\u00e1hradn\u00ed d\u00edly Mopar jsou vyr\u00e1b\u011bny podle p\u0159\u00edsn\u00fdch specifikac\u00ed v\u00fdrobce, co\u017e znamen\u00e1, \u017ee do va\u0161eho vozidla dokonale pasuj\u00ed. T\u00edm je zaji\u0161t\u011bna nejen snadn\u00e1 instalace, ale tak\u00e9 optim\u00e1ln\u00ed funkce a bezpe\u010dnost.<\/p>\n<p><strong>Spolehlivost a trvanlivost:<\/strong> D\u00edky pou\u017eit\u00ed vysoce kvalitn\u00edch materi\u00e1l\u016f a p\u0159\u00edsn\u00e9 kontrole kvality zaji\u0161\u0165uj\u00ed n\u00e1hradn\u00ed d\u00edly Mopar spolehlivou funkci va\u0161eho vozidla i v extr\u00e9mn\u00edch podm\u00ednk\u00e1ch. Jsou navr\u017eeny tak, aby vydr\u017eely a maximalizovaly v\u00fdkon va\u0161eho vozidla.<\/p>\n<p>&nbsp;<\/p>","protected":false},"excerpt":{"rendered":"<p>Origin\u00e1ln\u00ed d\u00edl Mopar<\/p>\n<p>vlevo vzadu, vpravo vzadu<br \/>\n2011\u20132025<\/p>\n<p>&nbsp;<\/p>","protected":false},"featured_media":68308668,"comment_status":"open","ping_status":"closed","template":"","meta":{"_acf_changed":false},"product_brand":[16270],"product_cat":[7336,7341,7346,7351],"product_tag":[18619,18620,18621,18622,18623,18624,91,7834,7835,7836,7837,7838,7839,101,93,7833,3213,7115,49,95,100,798,7125,7124,1149,31,8813,9424,16271,16273,16275,16272,16274,7221,2793,713,96],"class_list":{"0":"post-68308326","1":"product","2":"type-product","3":"status-publish","4":"has-post-thumbnail","6":"product_brand-mopar","7":"product_cat-durango-36-sensoren","8":"product_cat-durango-57-sensoren","9":"product_cat-durango-hellcat-sensoren","10":"product_cat-durango-64-sensoren","11":"product_tag-05154230aa","12":"product_tag-05154230ab","13":"product_tag-05154230ac","14":"product_tag-05154230ad","15":"product_tag-05154230ae","16":"product_tag-05154230af","17":"product_tag-5-7","18":"product_tag-5154230aa","19":"product_tag-5154230ab","20":"product_tag-5154230ac","21":"product_tag-5154230ad","22":"product_tag-5154230ae","23":"product_tag-5154230af","24":"product_tag-6-2","25":"product_tag-6-4","26":"product_tag-68569550aa","27":"product_tag-abs","28":"product_tag-abs-sensor","29":"product_tag-dodge","30":"product_tag-durango","31":"product_tag-hellcat","32":"product_tag-hinten","33":"product_tag-hinten-links","34":"product_tag-hinten-rechts","35":"product_tag-links","36":"product_tag-mopar","37":"product_tag-mopar-autoteile","38":"product_tag-mopar-ersatzteile","39":"product_tag-mopar-ersatzteile-kaufen","40":"product_tag-mopar-performance-teile","41":"product_tag-mopar-teile-katalog","42":"product_tag-mopar-teile-online","43":"product_tag-mopar-tuningteile","44":"product_tag-mopar10","45":"product_tag-rechts","46":"product_tag-sensor","47":"product_tag-srt","49":"first","50":"instock","51":"taxable","52":"shipping-taxable","53":"purchasable","54":"product-type-simple"},"bundled_by":[],"bundle_stock_status":"instock","bundle_stock_quantity":4,"bundle_virtual":false,"bundle_layout":"","bundle_add_to_cart_form_location":"","bundle_editable_in_cart":false,"bundle_sold_individually_context":"","bundle_item_grouping":"","bundle_min_size":"","bundle_max_size":"","bundle_price":[],"bundled_items":[],"bundle_sell_ids":[],"exclude_global_add_ons":[],"addons":[],"acf":[],"_links":{"self":[{"href":"https:\/\/kraftwerk-shop.cc\/cs\/wp-json\/wp\/v2\/product\/68308326","targetHints":{"allow":["GET"]}}],"collection":[{"href":"https:\/\/kraftwerk-shop.cc\/cs\/wp-json\/wp\/v2\/product"}],"about":[{"href":"https:\/\/kraftwerk-shop.cc\/cs\/wp-json\/wp\/v2\/types\/product"}],"replies":[{"embeddable":true,"href":"https:\/\/kraftwerk-shop.cc\/cs\/wp-json\/wp\/v2\/comments?post=68308326"}],"version-history":[{"count":0,"href":"https:\/\/kraftwerk-shop.cc\/cs\/wp-json\/wp\/v2\/product\/68308326\/revisions"}],"wp:featuredmedia":[{"embeddable":true,"href":"https:\/\/kraftwerk-shop.cc\/cs\/wp-json\/wp\/v2\/media\/68308668"}],"wp:attachment":[{"href":"https:\/\/kraftwerk-shop.cc\/cs\/wp-json\/wp\/v2\/media?parent=68308326"}],"wp:term":[{"taxonomy":"product_brand","embeddable":true,"href":"https:\/\/kraftwerk-shop.cc\/cs\/wp-json\/wp\/v2\/product_brand?post=68308326"},{"taxonomy":"product_cat","embeddable":true,"href":"https:\/\/kraftwerk-shop.cc\/cs\/wp-json\/wp\/v2\/product_cat?post=68308326"},{"taxonomy":"product_tag","embeddable":true,"href":"https:\/\/kraftwerk-shop.cc\/cs\/wp-json\/wp\/v2\/product_tag?post=68308326"}],"curies":[{"name":"wp","href":"https:\/\/api.w.org\/{rel}","templated":true}]}}