{"id":68308820,"date":"2024-10-13T15:59:46","date_gmt":"2024-10-13T13:59:46","guid":{"rendered":"https:\/\/kraftwerk-shop.cc\/?post_type=product&#038;p=68308820"},"modified":"2026-03-18T17:29:21","modified_gmt":"2026-03-18T16:29:21","slug":"mopar-pcv-ventil-53032531ae","status":"publish","type":"product","link":"https:\/\/kraftwerk-shop.cc\/cs\/produkt\/mopar-pcv-ventil-53032531ae\/","title":{"rendered":"Ventil PCV Mopar (53032531AE)"},"content":{"rendered":"<h1>Origin\u00e1ln\u00ed ventil Mopar PCV (53032531AE) pro Chrysler 300C, Dodge Charger, Durango, Magnum, RAM, Jeep Commander, Grand Cherokee 5.7 z let 2003 a\u017e 2008<\/h1>\n<p>&nbsp;<\/p>\n<p><span lang=\"DE\"><strong>\u010c\u00edslo d\u00edlu Mopar:<\/strong> 53032531AE<br \/>\n<strong>Nahrazeno: <\/strong><span class=\"list-value\">\u2014<\/span><\/span><\/p>\n<p>&nbsp;<\/p>\n<p><strong>Vhodn\u00e9 pro:<\/strong><\/p>\n<table width=\"921\">\n<tbody>\n<tr>\n<td width=\"83\"><strong>Rok v\u00fdstavby<\/strong><\/td>\n<td width=\"83\"><strong>Zna\u010dka<\/strong><\/td>\n<td width=\"186\"><strong>Model<\/strong><\/td>\n<td width=\"275\"><strong>Verze<\/strong><\/td>\n<td width=\"294\"><strong>Motor<\/strong><\/td>\n<\/tr>\n<tr>\n<td width=\"83\">2008<\/td>\n<td width=\"83\">Chrysler<\/td>\n<td width=\"186\">Aspen<\/td>\n<td width=\"275\">Limited<\/td>\n<td width=\"294\">5.7L<\/td>\n<\/tr>\n<tr>\n<td width=\"83\">2008<\/td>\n<td width=\"83\">Dodge<\/td>\n<td width=\"186\">Durango<\/td>\n<td width=\"275\">Adventurer, Limited, SLT<\/td>\n<td width=\"294\">5.7L<\/td>\n<\/tr>\n<tr>\n<td width=\"83\">2008<\/td>\n<td width=\"83\">Dodge<\/td>\n<td width=\"186\">Ram 1500<\/td>\n<td width=\"275\">Laramie, SLT, ST<\/td>\n<td width=\"294\">4.7L V8 - Flex, 4.7L, 5.7L<\/td>\n<\/tr>\n<tr>\n<td width=\"83\">2008<\/td>\n<td width=\"83\">Dodge<\/td>\n<td width=\"186\">Ram 2500<\/td>\n<td width=\"275\">Laramie, Power Wagon, SLT, ST, SXT<\/td>\n<td width=\"294\">5.7L<\/td>\n<\/tr>\n<tr>\n<td width=\"83\">2008<\/td>\n<td width=\"83\">Dodge<\/td>\n<td width=\"186\">Ram 3500<\/td>\n<td width=\"275\">Laramie, SLT, ST<\/td>\n<td width=\"294\">5.7L<\/td>\n<\/tr>\n<tr>\n<td width=\"83\">2007<\/td>\n<td width=\"83\">Chrysler<\/td>\n<td width=\"186\">Aspen<\/td>\n<td width=\"275\">Limited<\/td>\n<td width=\"294\">5.7L<\/td>\n<\/tr>\n<tr>\n<td width=\"83\">2007<\/td>\n<td width=\"83\">Dodge<\/td>\n<td width=\"186\">Durango<\/td>\n<td width=\"275\">Adventurer, Limited, SLT, SXT<\/td>\n<td width=\"294\">5.7L<\/td>\n<\/tr>\n<tr>\n<td width=\"83\">2007<\/td>\n<td width=\"83\">Dodge<\/td>\n<td width=\"186\">Ram 1500<\/td>\n<td width=\"275\">Laramie, SLT, ST, Sport, TRX4<\/td>\n<td width=\"294\">5.7L<\/td>\n<\/tr>\n<tr>\n<td width=\"83\">2007<\/td>\n<td width=\"83\">Dodge<\/td>\n<td width=\"186\">Ram 2500<\/td>\n<td width=\"275\">Laramie, Power Wagon, SLT, ST, Sport, TRX4<\/td>\n<td width=\"294\">5.7L<\/td>\n<\/tr>\n<tr>\n<td width=\"83\">2007<\/td>\n<td width=\"83\">Dodge<\/td>\n<td width=\"186\">Ram 3500<\/td>\n<td width=\"275\">Laramie, SLT, ST, Sport<\/td>\n<td width=\"294\">5.7L<\/td>\n<\/tr>\n<tr>\n<td width=\"83\">2006<\/td>\n<td width=\"83\">Chrysler<\/td>\n<td width=\"186\">300<\/td>\n<td width=\"275\">C<\/td>\n<td width=\"294\">5.7L<\/td>\n<\/tr>\n<tr>\n<td width=\"83\">2006<\/td>\n<td width=\"83\">Dodge<\/td>\n<td width=\"186\">Charger<\/td>\n<td width=\"275\">R\/T<\/td>\n<td width=\"294\">5.7L<\/td>\n<\/tr>\n<tr>\n<td width=\"83\">2006<\/td>\n<td width=\"83\">Dodge<\/td>\n<td width=\"186\">Durango<\/td>\n<td width=\"275\">Limited, SLT<\/td>\n<td width=\"294\">5.7L<\/td>\n<\/tr>\n<tr>\n<td width=\"83\">2006<\/td>\n<td width=\"83\">Dodge<\/td>\n<td width=\"186\">Magnum<\/td>\n<td width=\"275\">R\/T<\/td>\n<td width=\"294\">5.7L<\/td>\n<\/tr>\n<tr>\n<td width=\"83\">2006<\/td>\n<td width=\"83\">Dodge<\/td>\n<td width=\"186\">Ram 1500<\/td>\n<td width=\"275\">Laramie, SLT, ST<\/td>\n<td width=\"294\">5.7L<\/td>\n<\/tr>\n<tr>\n<td width=\"83\">2006<\/td>\n<td width=\"83\">Dodge<\/td>\n<td width=\"186\">Ram 2500<\/td>\n<td width=\"275\">Laramie, SLT, ST<\/td>\n<td width=\"294\">5.7L<\/td>\n<\/tr>\n<tr>\n<td width=\"83\">2006<\/td>\n<td width=\"83\">Dodge<\/td>\n<td width=\"186\">Ram 3500<\/td>\n<td width=\"275\">Laramie, SLT, ST<\/td>\n<td width=\"294\">5.7L<\/td>\n<\/tr>\n<tr>\n<td width=\"83\">2006<\/td>\n<td width=\"83\">Jeep<\/td>\n<td width=\"186\">Commander<\/td>\n<td width=\"275\">Limited<\/td>\n<td width=\"294\">5.7L<\/td>\n<\/tr>\n<tr>\n<td width=\"83\">2006<\/td>\n<td width=\"83\">Jeep<\/td>\n<td width=\"186\">Grand Cherokee<\/td>\n<td width=\"275\">Limited, Overland<\/td>\n<td width=\"294\">5.7L<\/td>\n<\/tr>\n<tr>\n<td width=\"83\">2005<\/td>\n<td width=\"83\">Chrysler<\/td>\n<td width=\"186\">300<\/td>\n<td width=\"275\">C<\/td>\n<td width=\"294\">5.7L<\/td>\n<\/tr>\n<tr>\n<td width=\"83\">2005<\/td>\n<td width=\"83\">Dodge<\/td>\n<td width=\"186\">Durango<\/td>\n<td width=\"275\">Limited, SLT<\/td>\n<td width=\"294\">5.7L<\/td>\n<\/tr>\n<tr>\n<td width=\"83\">2005<\/td>\n<td width=\"83\">Dodge<\/td>\n<td width=\"186\">Magnum<\/td>\n<td width=\"275\">R\/T<\/td>\n<td width=\"294\">5.7L<\/td>\n<\/tr>\n<tr>\n<td width=\"83\">2005<\/td>\n<td width=\"83\">Dodge<\/td>\n<td width=\"186\">Ram 1500<\/td>\n<td width=\"275\">SLT, ST<\/td>\n<td width=\"294\">5.7L<\/td>\n<\/tr>\n<tr>\n<td width=\"83\">2005<\/td>\n<td width=\"83\">Dodge<\/td>\n<td width=\"186\">Ram 2500<\/td>\n<td width=\"275\">SLT, ST<\/td>\n<td width=\"294\">5.7L<\/td>\n<\/tr>\n<tr>\n<td width=\"83\">2005<\/td>\n<td width=\"83\">Dodge<\/td>\n<td width=\"186\">Ram 3500<\/td>\n<td width=\"275\">SLT, ST<\/td>\n<td width=\"294\">5.7L<\/td>\n<\/tr>\n<tr>\n<td width=\"83\">2005<\/td>\n<td width=\"83\">Jeep<\/td>\n<td width=\"186\">Grand Cherokee<\/td>\n<td width=\"275\">Limited<\/td>\n<td width=\"294\">5.7L<\/td>\n<\/tr>\n<tr>\n<td width=\"83\">2004<\/td>\n<td width=\"83\">Dodge<\/td>\n<td width=\"186\">Durango<\/td>\n<td width=\"275\">Limited, SLT<\/td>\n<td width=\"294\">5.7L<\/td>\n<\/tr>\n<tr>\n<td width=\"83\">2004<\/td>\n<td width=\"83\">Dodge<\/td>\n<td width=\"186\">Ram 1500<\/td>\n<td width=\"275\">SLT, ST<\/td>\n<td width=\"294\">5.7L<\/td>\n<\/tr>\n<tr>\n<td width=\"83\">2004<\/td>\n<td width=\"83\">Dodge<\/td>\n<td width=\"186\">Ram 2500<\/td>\n<td width=\"275\">SLT, ST<\/td>\n<td width=\"294\">5.7L<\/td>\n<\/tr>\n<tr>\n<td width=\"83\">2004<\/td>\n<td width=\"83\">Dodge<\/td>\n<td width=\"186\">Ram 3500<\/td>\n<td width=\"275\">SLT, ST<\/td>\n<td width=\"294\">5.7L<\/td>\n<\/tr>\n<tr>\n<td width=\"83\">2003<\/td>\n<td width=\"83\">Dodge<\/td>\n<td width=\"186\">Ram 1500<\/td>\n<td width=\"275\">SLT, ST<\/td>\n<td width=\"294\">5.7L<\/td>\n<\/tr>\n<tr>\n<td width=\"83\">2003<\/td>\n<td width=\"83\">Dodge<\/td>\n<td width=\"186\">Ram 2500<\/td>\n<td width=\"275\">SLT, ST<\/td>\n<td width=\"294\">5.7L<\/td>\n<\/tr>\n<tr>\n<td width=\"83\">2003<\/td>\n<td width=\"83\">Dodge<\/td>\n<td width=\"186\">Ram 3500<\/td>\n<td width=\"275\">SLT, ST<\/td>\n<td width=\"294\">5.7L<\/td>\n<\/tr>\n<\/tbody>\n<\/table>\n<p>&nbsp;<\/p>\n<h4>Pro\u010d si vybrat origin\u00e1ln\u00ed n\u00e1hradn\u00ed d\u00edly Mopar?<\/h4>\n<p><strong>Perfektn\u011b padnouc\u00ed a \u0161pi\u010dkov\u00e9 kvality:<\/strong> Origin\u00e1ln\u00ed n\u00e1hradn\u00ed d\u00edly Mopar jsou vyr\u00e1b\u011bny podle p\u0159\u00edsn\u00fdch specifikac\u00ed v\u00fdrobce, co\u017e znamen\u00e1, \u017ee do va\u0161eho vozidla dokonale pasuj\u00ed. T\u00edm je zaji\u0161t\u011bna nejen snadn\u00e1 instalace, ale tak\u00e9 optim\u00e1ln\u00ed funkce a bezpe\u010dnost.<\/p>\n<p><strong>Spolehlivost a trvanlivost:<\/strong> D\u00edky pou\u017eit\u00ed vysoce kvalitn\u00edch materi\u00e1l\u016f a p\u0159\u00edsn\u00e9 kontrole kvality zaji\u0161\u0165uj\u00ed n\u00e1hradn\u00ed d\u00edly Mopar spolehlivou funkci va\u0161eho vozidla i v extr\u00e9mn\u00edch podm\u00ednk\u00e1ch. Jsou navr\u017eeny tak, aby vydr\u017eely a maximalizovaly v\u00fdkon va\u0161eho vozidla.<\/p>\n<p>&nbsp;<\/p>","protected":false},"excerpt":{"rendered":"<p>Origin\u00e1ln\u00ed d\u00edl Mopar<\/p>\n<p>2003 - 2008<\/p>","protected":false},"featured_media":68308822,"comment_status":"open","ping_status":"closed","template":"","meta":{"_acf_changed":false},"product_brand":[16270],"product_cat":[2506,2502,2521,2503,2745,4798,7750],"product_tag":[18688,52,91,7946,4487,53,48,94,49,95,155,56,50,3505,84,55,31,8813,9424,16271,16273,16275,16272,16274,7221,6432,7689,86,5142],"class_list":{"0":"post-68308820","1":"product","2":"type-product","3":"status-publish","4":"has-post-thumbnail","6":"product_brand-mopar","7":"product_cat-300c-57-2005-2010-ansaugung","8":"product_cat-charger-57-ansaugung","9":"product_cat-durango-57-ansaugung","10":"product_cat-magnum-57-ansaugung","11":"product_cat-commander-ansaugung","12":"product_cat-grand-cherokee-57-2005-2010-ansaugung","13":"product_cat-1500-57-2003-2008-ansaugung","14":"product_tag-053032531ae","15":"product_tag-300c","16":"product_tag-5-7","17":"product_tag-53032531ae","18":"product_tag-aspen","19":"product_tag-charger","20":"product_tag-chrysler","21":"product_tag-commander","22":"product_tag-dodge","23":"product_tag-durango","24":"product_tag-entlueftung","25":"product_tag-grand-cherokee","26":"product_tag-jeep","27":"product_tag-kurbelgehaeuse","28":"product_tag-kurbelgehaeuseentlueftung","29":"product_tag-magnum","30":"product_tag-mopar","31":"product_tag-mopar-autoteile","32":"product_tag-mopar-ersatzteile","33":"product_tag-mopar-ersatzteile-kaufen","34":"product_tag-mopar-performance-teile","35":"product_tag-mopar-teile-katalog","36":"product_tag-mopar-teile-online","37":"product_tag-mopar-tuningteile","38":"product_tag-mopar10","39":"product_tag-pcv","40":"product_tag-pcv-ventil","41":"product_tag-ram","42":"product_tag-ventil","44":"first","45":"instock","46":"taxable","47":"shipping-taxable","48":"purchasable","49":"product-type-simple"},"bundled_by":[],"bundle_stock_status":"instock","bundle_stock_quantity":2,"bundle_virtual":false,"bundle_layout":"","bundle_add_to_cart_form_location":"","bundle_editable_in_cart":false,"bundle_sold_individually_context":"","bundle_item_grouping":"","bundle_min_size":"","bundle_max_size":"","bundle_price":[],"bundled_items":[],"bundle_sell_ids":[],"exclude_global_add_ons":[],"addons":[],"acf":[],"_links":{"self":[{"href":"https:\/\/kraftwerk-shop.cc\/cs\/wp-json\/wp\/v2\/product\/68308820","targetHints":{"allow":["GET"]}}],"collection":[{"href":"https:\/\/kraftwerk-shop.cc\/cs\/wp-json\/wp\/v2\/product"}],"about":[{"href":"https:\/\/kraftwerk-shop.cc\/cs\/wp-json\/wp\/v2\/types\/product"}],"replies":[{"embeddable":true,"href":"https:\/\/kraftwerk-shop.cc\/cs\/wp-json\/wp\/v2\/comments?post=68308820"}],"version-history":[{"count":0,"href":"https:\/\/kraftwerk-shop.cc\/cs\/wp-json\/wp\/v2\/product\/68308820\/revisions"}],"wp:featuredmedia":[{"embeddable":true,"href":"https:\/\/kraftwerk-shop.cc\/cs\/wp-json\/wp\/v2\/media\/68308822"}],"wp:attachment":[{"href":"https:\/\/kraftwerk-shop.cc\/cs\/wp-json\/wp\/v2\/media?parent=68308820"}],"wp:term":[{"taxonomy":"product_brand","embeddable":true,"href":"https:\/\/kraftwerk-shop.cc\/cs\/wp-json\/wp\/v2\/product_brand?post=68308820"},{"taxonomy":"product_cat","embeddable":true,"href":"https:\/\/kraftwerk-shop.cc\/cs\/wp-json\/wp\/v2\/product_cat?post=68308820"},{"taxonomy":"product_tag","embeddable":true,"href":"https:\/\/kraftwerk-shop.cc\/cs\/wp-json\/wp\/v2\/product_tag?post=68308820"}],"curies":[{"name":"wp","href":"https:\/\/api.w.org\/{rel}","templated":true}]}}