{"id":68308850,"date":"2024-10-13T22:42:09","date_gmt":"2024-10-13T20:42:09","guid":{"rendered":"https:\/\/kraftwerk-shop.cc\/?post_type=product&#038;p=68308850"},"modified":"2026-02-15T01:14:12","modified_gmt":"2026-02-15T00:14:12","slug":"dba-treci-krouzek52910-1xs-hellcat","status":"publish","type":"product","link":"https:\/\/kraftwerk-shop.cc\/cs\/produkt\/dba-reibring52910-1xs-hellcat\/","title":{"rendered":"T\u0159ec\u00ed krou\u017eek DBA pro Dodge Challenger\/ Charger 6.4 &amp; Hellcat"},"content":{"rendered":"<h1>T\u0159ec\u00ed krou\u017eek DBA 52910.1XS pro dvoud\u00edln\u00fd 390mm brzdov\u00fd kotou\u010d Chrysler 300C, Dodge Charger a Challenger SRT a Hellcat 2015 - 2020 s 6p\u00edstkov\u00fdm brzdov\u00fdm syst\u00e9mem Brembo, dr\u00e1\u017ekovan\u00fd a perforovan\u00fd<\/h1>\n<p>&nbsp;<\/p>\n<p><strong>Srovn\u00e1vac\u00ed \u010d\u00edsla Mopar:<\/strong> 68184587AA, 68184587AB, 68184587AC, 68184587AD, 68184587AE<\/p>\n<p>D\u00edky dvoud\u00edln\u00e9 konstrukci p\u016fvodn\u00edch brzdov\u00fdch kotou\u010d\u016f je mo\u017en\u00e9 nad\u00e1le pou\u017e\u00edvat p\u016fvodn\u00ed kotou\u010dovou n\u00e1dobu.<br \/>\nNa krou\u017eku jsou t\u0159i barevn\u00e9 zna\u010dky, kter\u00e9 slou\u017e\u00ed jako ukazatel nejvy\u0161\u0161\u00ed dosa\u017een\u00e9 teploty.<\/p>\n<p>&nbsp;<\/p>\n<p><strong>Vhodn\u00e9 pro:<br \/>\n<\/strong><\/p>\n<table width=\"0\">\n<tbody>\n<tr>\n<td width=\"143\">Chrysler<\/td>\n<td width=\"160\">300C<\/td>\n<td width=\"64\">6.4 SRT<\/td>\n<td width=\"312\">2015 - 2020 s brzdov\u00fdmi kotou\u010di 390 mm<\/td>\n<\/tr>\n<tr>\n<td width=\"143\">Dodge<\/td>\n<td width=\"160\">Challenger<\/td>\n<td width=\"64\">6.4 SRT<\/td>\n<td width=\"312\">2015 - 2020 s brzdov\u00fdmi kotou\u010di 390 mm<\/td>\n<\/tr>\n<tr>\n<td width=\"143\">Dodge<\/td>\n<td width=\"160\">Challenger Hellcat<\/td>\n<td width=\"64\">6.2<\/td>\n<td width=\"312\">2015\u20132020<\/td>\n<\/tr>\n<tr>\n<td width=\"143\">Dodge<\/td>\n<td width=\"160\">Charger<\/td>\n<td width=\"64\">6.4 SRT<\/td>\n<td width=\"312\">2015 - 2020 s brzdov\u00fdmi kotou\u010di 390 mm<\/td>\n<\/tr>\n<tr>\n<td width=\"143\">Dodge<\/td>\n<td width=\"160\">Charger Hellcat<\/td>\n<td width=\"64\">6.2<\/td>\n<td width=\"312\">2015\u20132020<\/td>\n<\/tr>\n<\/tbody>\n<\/table>\n<p>&nbsp;<\/p>\n<p><strong>Rozsah dod\u00e1vky:<\/strong><\/p>\n<ul>\n<li>1 t\u0159ec\u00ed krou\u017eek<\/li>\n<\/ul>\n<p>Pro p\u0159edn\u00ed n\u00e1pravu jsou zapot\u0159eb\u00ed 2 kusy.<\/p>\n<p>&nbsp;<\/p>\n<table id=\"xoverview\" class=\"table\">\n<tbody>\n<tr>\n<td><strong>Funkce<\/strong><\/td>\n<td><b>Popis<\/b><\/td>\n<td><b>V\u00fdhoda<\/b><\/td>\n<\/tr>\n<tr>\n<td rowspan=\"3\"><img decoding=\"async\" class=\"icon\" title=\"T3\" src=\"https:\/\/3cerp.eu\/api\/file\/DBA_T3.png\" alt=\"T3\" width=\"79\" height=\"55\" \/><\/p>\n<p><strong>T3 Slot 48 p\u0159esn\u00fdch CNC fr\u00e9zovan\u00fdch dr\u00e1\u017eek<\/strong><\/td>\n<td>T\u0159\u00edsymetrick\u00e9 dr\u00e1\u017eky tlum\u00ed vibrace a hluk<\/td>\n<td>M\u011bk\u010d\u00ed, citliv\u011bj\u0161\u00ed a plynulej\u0161\u00ed brzdov\u00fd ped\u00e1l<\/td>\n<\/tr>\n<tr>\n<td>Zv\u00fd\u0161en\u00fd po\u010det v\u00fdstupn\u00edch m\u00edst pro t\u0159ec\u00ed plyny z brzdov\u00fdch desti\u010dek, kter\u00e9 unikaj\u00ed univerz\u00e1ln\u00ed dr\u00e1\u017ekovou konstrukc\u00ed.<\/td>\n<td>Zvy\u0161uje rovnom\u011brnost a \u00fa\u010dinnost ka\u017ed\u00e9ho brzdn\u00e9ho procesu.<\/td>\n<\/tr>\n<tr>\n<td><\/td>\n<td>Nejsou nutn\u00e9 r\u016fzn\u00e9 brzdov\u00e9 kotou\u010de na lev\u00e9 a prav\u00e9 stran\u011b.<\/td>\n<\/tr>\n<tr>\n<td rowspan=\"2\"><img decoding=\"async\" class=\"icon\" title=\"KANGAROO_PAW\" src=\"https:\/\/3cerp.eu\/api\/file\/KANGAROO_PAW.jpg\" alt=\"KANGAROO_PAW\" width=\"80\" height=\"79\" \/><b><\/b><\/p>\n<p><b>Kangaroo Paw - 144 V\u011btrac\u00ed syst\u00e9m sloupk\u016f Diamond a Tear Drop<br \/>\n<\/b><\/td>\n<td>V\u011bt\u0161\u00ed povrch vede k lep\u0161\u00edmu odvodu tepla.<\/td>\n<td>Minimalizuje vadnut\u00ed brzd a zvy\u0161uje brzdn\u00fd \u00fa\u010dinek.<\/td>\n<\/tr>\n<tr>\n<td>V\u011bt\u0161\u00ed povrch vede k lep\u0161\u00edmu odvodu tepla.<\/td>\n<td>Prodlu\u017euje \u017eivotnost brzdov\u00fdch desti\u010dek a kotou\u010d\u016f. Sni\u017euje mechanick\u00e9 po\u0161kozen\u00ed a souvisej\u00edc\u00ed n\u00e1klady<\/td>\n<\/tr>\n<tr>\n<td><img decoding=\"async\" class=\"icon\" title=\"DBA_XG150\" src=\"https:\/\/3cerp.eu\/api\/file\/DBA_XG150.png\" alt=\"DBA_XG150\" width=\"80\" height=\"45\" \/><b><\/b><\/p>\n<p><b>XG150 Legovan\u00e9 \u017eelezo s vysok\u00fdm obsahem uhl\u00edku<br \/>\n<\/b><\/td>\n<td>Zv\u00fd\u0161en\u00e1 tepeln\u00e1 kapacita umo\u017e\u0148uje brzdov\u00e9mu kotou\u010di odol\u00e1vat extr\u00e9mn\u00edmu teplu po del\u0161\u00ed dobu.<\/td>\n<td>Minimalizuje deformace a prask\u00e1n\u00ed a prodlu\u017euje \u017eivotnost brzdov\u00e9ho kotou\u010de.<\/td>\n<\/tr>\n<tr>\n<td><img decoding=\"async\" class=\"icon\" title=\"DBA_TSP\" src=\"https:\/\/3cerp.eu\/api\/file\/DBA_TSP.png\" alt=\"DBA_TSP\" width=\"80\" height=\"35\" \/><b><\/b><\/p>\n<p><strong>Profil tepeln\u00e9 stability<\/strong><\/td>\n<td>Speci\u00e1ln\u00ed v\u00fdvoj p\u0159izp\u016fsoben\u00fd procesu DBA TSP<\/td>\n<td>Minimalizuje deformace a prask\u00e1n\u00ed a prodlu\u017euje \u017eivotnost brzdov\u00e9ho kotou\u010de.<\/td>\n<\/tr>\n<tr>\n<td rowspan=\"2\"><strong><img decoding=\"async\" class=\"icon\" title=\"DBA_TTM\" src=\"https:\/\/3cerp.eu\/api\/file\/DBA_TTM.png\" alt=\"DBA_TTM\" width=\"80\" height=\"60\" \/><\/strong><\/p>\n<p><strong>Termografick\u00e9 sledov\u00e1n\u00ed teploty<\/strong><\/td>\n<td>Barevn\u00e9 zna\u010den\u00ed tepla m\u011bn\u00ed barvu p\u0159i ur\u010dit\u00fdch teplotn\u00edch limitech<\/td>\n<td>Poskytuje \u0159idi\u010di jasn\u00fd p\u0159ehled o \u0161pi\u010dkov\u00fdch teplot\u00e1ch brzd.<\/td>\n<\/tr>\n<tr>\n<td>P\u0159i p\u0159ekro\u010den\u00ed prahov\u00fdch hodnot teploty se barevn\u00e9 zna\u010den\u00ed trvale zm\u011bn\u00ed.<\/td>\n<td>Umo\u017e\u0148uje \u0159idi\u010di sledovat \u00fanavu brzdov\u00fdch kotou\u010d\u016f a rozhodnout, zda je t\u0159eba brzdov\u00e9 kotou\u010de vym\u011bnit, a pom\u00e1h\u00e1 prodejc\u016fm p\u0159i z\u00e1ru\u010dn\u00edch reklamac\u00edch.<\/td>\n<\/tr>\n<tr>\n<td rowspan=\"2\"><strong><img decoding=\"async\" class=\"icon\" title=\"DBA_Pain_Protection\" src=\"https:\/\/3cerp.eu\/api\/file\/DBA_Pain_Protection.png\" alt=\"DBA_Pain_Protection\" width=\"80\" height=\"85\" \/><\/strong><\/p>\n<p><strong>Ochrana laku na povr\u0161\u00edch bez t\u0159en\u00ed<\/strong><\/td>\n<td>Sni\u017euje korozi<\/td>\n<td>Zabra\u0148uje nevzhledn\u00e9 tvorb\u011b rzi<\/td>\n<\/tr>\n<tr>\n<td>Zlep\u0161uje vzhled<\/td>\n<td>Zvy\u0161uje hodnotu produktu<\/td>\n<\/tr>\n<\/tbody>\n<\/table>","protected":false},"excerpt":{"rendered":"<p>Vhodn\u00e9 pro brzdov\u00e9 kotou\u010de 390 mm (2015 - 2020)<br \/>\ns dr\u00e1\u017ekami a perforac\u00ed<\/p>","protected":false},"featured_media":68308852,"comment_status":"open","ping_status":"closed","template":"","meta":{"_acf_changed":false},"product_brand":[18922],"product_cat":[17737,17693,17689,17761,17765],"product_tag":[249,250,251,252,419,420,217,852,6474,7954,853,854,2324,936,938,937,939,832,795,796,3946,10802,54,53,536,789,429,49,3853,3854,204,100,441,36,31,96,841,2328,673],"class_list":{"0":"post-68308850","1":"product","2":"type-product","3":"status-publish","4":"has-post-thumbnail","6":"product_brand-dba","7":"product_cat-300c-64-bremsscheiben-vorne","8":"product_cat-challenger-hellcat-bremsscheiben-vorne","9":"product_cat-challenger-64-bremsscheiben-vorne","10":"product_cat-charger-hellcat-bremsscheiben-vorne","11":"product_cat-charger-64-bremsscheiben-vorne","12":"product_tag-249","13":"product_tag-250","14":"product_tag-251","15":"product_tag-252","16":"product_tag-419","17":"product_tag-420","18":"product_tag-217","19":"product_tag-852","20":"product_tag-52910-1s","21":"product_tag-52910-1xs","22":"product_tag-52910s","23":"product_tag-6-kolben","24":"product_tag-68184587aa","25":"product_tag-68184587ab","26":"product_tag-68184587ac","27":"product_tag-68184587ad","28":"product_tag-68184587ae","29":"product_tag-brembo","30":"product_tag-bremse","31":"product_tag-bremsscheibe","32":"product_tag-bremsscheiben-fuer-dodge-challenger","33":"product_tag-bremsscheiben-fuer-dodge-challenger-6-4","34":"product_tag-challenger","35":"product_tag-charger","36":"product_tag-chrysler-300c","37":"product_tag-dba","38":"product_tag-deutschland","39":"product_tag-dodge","40":"product_tag-dodge-challenger","41":"product_tag-dodge-charger","42":"product_tag-ersatz","43":"product_tag-hellcat","44":"product_tag-kaufen","45":"product_tag-kraftwerk","46":"product_tag-mopar","47":"product_tag-srt","48":"product_tag-vorne","49":"product_tag-vorne-390-mm","50":"product_tag-zubehoer","52":"first","53":"instock","54":"taxable","55":"shipping-taxable","56":"purchasable","57":"product-type-simple"},"bundled_by":[],"bundle_stock_status":"instock","bundle_stock_quantity":4,"bundle_virtual":false,"bundle_layout":"","bundle_add_to_cart_form_location":"","bundle_editable_in_cart":false,"bundle_sold_individually_context":"","bundle_item_grouping":"","bundle_min_size":"","bundle_max_size":"","bundle_price":[],"bundled_items":[],"bundle_sell_ids":[],"exclude_global_add_ons":[],"addons":[],"acf":[],"_links":{"self":[{"href":"https:\/\/kraftwerk-shop.cc\/cs\/wp-json\/wp\/v2\/product\/68308850","targetHints":{"allow":["GET"]}}],"collection":[{"href":"https:\/\/kraftwerk-shop.cc\/cs\/wp-json\/wp\/v2\/product"}],"about":[{"href":"https:\/\/kraftwerk-shop.cc\/cs\/wp-json\/wp\/v2\/types\/product"}],"replies":[{"embeddable":true,"href":"https:\/\/kraftwerk-shop.cc\/cs\/wp-json\/wp\/v2\/comments?post=68308850"}],"version-history":[{"count":0,"href":"https:\/\/kraftwerk-shop.cc\/cs\/wp-json\/wp\/v2\/product\/68308850\/revisions"}],"wp:featuredmedia":[{"embeddable":true,"href":"https:\/\/kraftwerk-shop.cc\/cs\/wp-json\/wp\/v2\/media\/68308852"}],"wp:attachment":[{"href":"https:\/\/kraftwerk-shop.cc\/cs\/wp-json\/wp\/v2\/media?parent=68308850"}],"wp:term":[{"taxonomy":"product_brand","embeddable":true,"href":"https:\/\/kraftwerk-shop.cc\/cs\/wp-json\/wp\/v2\/product_brand?post=68308850"},{"taxonomy":"product_cat","embeddable":true,"href":"https:\/\/kraftwerk-shop.cc\/cs\/wp-json\/wp\/v2\/product_cat?post=68308850"},{"taxonomy":"product_tag","embeddable":true,"href":"https:\/\/kraftwerk-shop.cc\/cs\/wp-json\/wp\/v2\/product_tag?post=68308850"}],"curies":[{"name":"wp","href":"https:\/\/api.w.org\/{rel}","templated":true}]}}