{"id":68309481,"date":"2024-10-29T01:10:51","date_gmt":"2024-10-29T00:10:51","guid":{"rendered":"https:\/\/kraftwerk-shop.cc\/?post_type=product&#038;p=68309481"},"modified":"2026-04-17T14:08:55","modified_gmt":"2026-04-17T12:08:55","slug":"odstraneni-mds-57-kompletni-sada","status":"publish","type":"product","link":"https:\/\/kraftwerk-shop.cc\/cs\/produkt\/mds-entfernung-57-komplettkit\/","title":{"rendered":"Odstran\u011bn\u00ed MDS 5.7 Hemi (kompletn\u00ed sada)"},"content":{"rendered":"<h1>P\u0159estavbov\u00e1 sada pro mechanick\u00e9 odstran\u011bn\u00ed deaktivace v\u00e1lc\u016f pro 300C, Challenger, Charger, Durango, Grand Cherokee, Commander a RAM 5.7 do roku 2008 (motory bez prom\u011bnn\u00e9 f\u00e1ze va\u010dkov\u00e9ho h\u0159\u00eddele)<\/h1>\n<p>&nbsp;<\/p>\n<p>Opot\u0159ebovan\u00e9 va\u010dkov\u00e9 h\u0159\u00eddele a vadn\u00e9 hydraulick\u00e9 kohouty MDS bohu\u017eel nejsou neobvykl\u00e9.<\/p>\n<p>Pomoc\u00ed t\u00e9to sady lze deaktivaci v\u00e1lc\u016f zcela odstranit.<br \/>\nVhodn\u00e9 pro opravy a prevenci.<\/p>\n<p>V \u0159\u00eddic\u00ed jednotce motoru je pak nav\u00edc nutn\u00e9 deaktivovat funkci vyp\u00edn\u00e1n\u00ed v\u00e1lc\u016f.<br \/>\nToto programov\u00e1n\u00ed m\u016f\u017eeme tak\u00e9 prov\u00e1d\u011bt. Kontaktujte n\u00e1s pros\u00edm.<\/p>\n<p>P\u0159estavbovou sadu pro odstran\u011bn\u00ed MDS nab\u00edz\u00edme ve 2 verz\u00edch:<\/p>\n<p><strong><br \/>\nSada 1:<\/strong><\/p>\n<ul>\n<li>origin\u00e1ln\u00ed va\u010dkov\u00fd h\u0159\u00eddel Mopar 5.7 bez vlastnost\u00ed MDS<\/li>\n<li>origin\u00e1ln\u00ed \u0161roub va\u010dkov\u00e9ho h\u0159\u00eddele Mopar<\/li>\n<li>origin\u00e1ln\u00ed hydraulick\u00e9 kohouty Mopar Hellcat (16 kus\u016f)<\/li>\n<li>origin\u00e1ln\u00ed z\u00e1slepka Mopar MDS (4 kusy)<\/li>\n<li>Sada rozvodov\u00e9ho \u0159et\u011bzu Premium<\/li>\n<\/ul>\n<p>&nbsp;<\/p>\n<p><strong>Sada 2:<\/strong><\/p>\n<ul>\n<li>origin\u00e1ln\u00ed va\u010dkov\u00fd h\u0159\u00eddel Mopar 5.7 bez vlastnost\u00ed MDS<\/li>\n<li>origin\u00e1ln\u00ed \u0161roub va\u010dkov\u00e9ho h\u0159\u00eddele Mopar<\/li>\n<li>origin\u00e1ln\u00ed hydraulick\u00e9 kohouty Mopar Hellcat (16 kus\u016f)<\/li>\n<li>origin\u00e1ln\u00ed z\u00e1slepka Mopar MDS (4 kusy)<\/li>\n<li>Sada rozvodov\u00e9ho \u0159et\u011bzu Premium<\/li>\n<li>P\u016fvodn\u00ed p\u0159edn\u00ed olejov\u00e9 t\u011bsn\u011bn\u00ed Mopar<\/li>\n<li>Origin\u00e1ln\u00ed t\u011bsn\u011bn\u00ed p\u0159edn\u00edho krytu Mopar<\/li>\n<li>Origin\u00e1ln\u00ed t\u011bsn\u011bn\u00ed hlavy v\u00e1lc\u016f Mopar<\/li>\n<li>\u0160rouby hlavy v\u00e1lc\u016f Premium<\/li>\n<\/ul>\n<p>&nbsp;<\/p>\n<p><strong>Vhodn\u00e9 pro:<\/strong><\/p>\n<table width=\"921\">\n<tbody>\n<tr>\n<td width=\"83\"><strong>Rok v\u00fdstavby<\/strong><\/td>\n<td width=\"83\"><strong>Zna\u010dka<\/strong><\/td>\n<td width=\"186\"><strong>Model<\/strong><\/td>\n<td width=\"275\"><strong>Verze<\/strong><\/td>\n<td width=\"294\"><strong>Motor<\/strong><\/td>\n<\/tr>\n<tr>\n<td width=\"83\">2008<\/td>\n<td width=\"83\">Chrysler<\/td>\n<td width=\"186\">300<\/td>\n<td width=\"275\">C<\/td>\n<td width=\"294\">5.7L<\/td>\n<\/tr>\n<tr>\n<td width=\"83\">2008<\/td>\n<td width=\"83\">Chrysler<\/td>\n<td width=\"186\">Aspen<\/td>\n<td width=\"275\">Limited<\/td>\n<td width=\"294\">5.7L<\/td>\n<\/tr>\n<tr>\n<td width=\"83\">2008<\/td>\n<td width=\"83\">Dodge<\/td>\n<td width=\"186\">Charger<\/td>\n<td width=\"275\">Pursuit, R\/T, SE<\/td>\n<td width=\"294\">5.7L<\/td>\n<\/tr>\n<tr>\n<td width=\"83\">2008<\/td>\n<td width=\"83\">Dodge<\/td>\n<td width=\"186\">Durango<\/td>\n<td width=\"275\">Adventurer, Limited, SLT<\/td>\n<td width=\"294\">5.7L<\/td>\n<\/tr>\n<tr>\n<td width=\"83\">2008<\/td>\n<td width=\"83\">Dodge<\/td>\n<td width=\"186\">Magnum<\/td>\n<td width=\"275\">R\/T<\/td>\n<td width=\"294\">5.7L<\/td>\n<\/tr>\n<tr>\n<td width=\"83\">2008<\/td>\n<td width=\"83\">Dodge<\/td>\n<td width=\"186\">Ram 1500<\/td>\n<td width=\"275\">Laramie, SLT, ST<\/td>\n<td width=\"294\">5.7L<\/td>\n<\/tr>\n<tr>\n<td width=\"83\">2008<\/td>\n<td width=\"83\">Jeep<\/td>\n<td width=\"186\">Commander<\/td>\n<td width=\"275\">Limited, Overland<\/td>\n<td width=\"294\">5.7L<\/td>\n<\/tr>\n<tr>\n<td width=\"83\">2008<\/td>\n<td width=\"83\">Jeep<\/td>\n<td width=\"186\">Grand Cherokee<\/td>\n<td width=\"275\">Limited, Overland<\/td>\n<td width=\"294\">5.7L<\/td>\n<\/tr>\n<tr>\n<td width=\"83\">2007<\/td>\n<td width=\"83\">Chrysler<\/td>\n<td width=\"186\">300<\/td>\n<td width=\"275\">C<\/td>\n<td width=\"294\">5.7L<\/td>\n<\/tr>\n<tr>\n<td width=\"83\">2007<\/td>\n<td width=\"83\">Chrysler<\/td>\n<td width=\"186\">Aspen<\/td>\n<td width=\"275\">Limited<\/td>\n<td width=\"294\">5.7L<\/td>\n<\/tr>\n<tr>\n<td width=\"83\">2007<\/td>\n<td width=\"83\">Dodge<\/td>\n<td width=\"186\">Charger<\/td>\n<td width=\"275\">Pursuit, R\/T<\/td>\n<td width=\"294\">5.7L<\/td>\n<\/tr>\n<tr>\n<td width=\"83\">2007<\/td>\n<td width=\"83\">Dodge<\/td>\n<td width=\"186\">Durango<\/td>\n<td width=\"275\">Adventurer, Limited, SLT, SXT<\/td>\n<td width=\"294\">5.7L<\/td>\n<\/tr>\n<tr>\n<td width=\"83\">2007<\/td>\n<td width=\"83\">Dodge<\/td>\n<td width=\"186\">Magnum<\/td>\n<td width=\"275\">R\/T<\/td>\n<td width=\"294\">5.7L<\/td>\n<\/tr>\n<tr>\n<td width=\"83\">2007<\/td>\n<td width=\"83\">Dodge<\/td>\n<td width=\"186\">Ram 1500<\/td>\n<td width=\"275\">Laramie, SLT, ST, Sport, TRX4<\/td>\n<td width=\"294\">5.7L<\/td>\n<\/tr>\n<tr>\n<td width=\"83\">2007<\/td>\n<td width=\"83\">Jeep<\/td>\n<td width=\"186\">Commander<\/td>\n<td width=\"275\">Limited, Overland<\/td>\n<td width=\"294\">5.7L<\/td>\n<\/tr>\n<tr>\n<td width=\"83\">2007<\/td>\n<td width=\"83\">Jeep<\/td>\n<td width=\"186\">Grand Cherokee<\/td>\n<td width=\"275\">Limited, Overland<\/td>\n<td width=\"294\">5.7L<\/td>\n<\/tr>\n<tr>\n<td width=\"83\">2006<\/td>\n<td width=\"83\">Chrysler<\/td>\n<td width=\"186\">300<\/td>\n<td width=\"275\">C<\/td>\n<td width=\"294\">5.7L<\/td>\n<\/tr>\n<tr>\n<td width=\"83\">2006<\/td>\n<td width=\"83\">Dodge<\/td>\n<td width=\"186\">Charger<\/td>\n<td width=\"275\">R\/T<\/td>\n<td width=\"294\">5.7L<\/td>\n<\/tr>\n<tr>\n<td width=\"83\">2006<\/td>\n<td width=\"83\">Dodge<\/td>\n<td width=\"186\">Durango<\/td>\n<td width=\"275\">Limited, SLT<\/td>\n<td width=\"294\">5.7L<\/td>\n<\/tr>\n<tr>\n<td width=\"83\">2006<\/td>\n<td width=\"83\">Dodge<\/td>\n<td width=\"186\">Magnum<\/td>\n<td width=\"275\">R\/T<\/td>\n<td width=\"294\">5.7L<\/td>\n<\/tr>\n<tr>\n<td width=\"83\">2006<\/td>\n<td width=\"83\">Dodge<\/td>\n<td width=\"186\">Ram 1500<\/td>\n<td width=\"275\">Laramie, SLT, ST<\/td>\n<td width=\"294\">5.7L<\/td>\n<\/tr>\n<tr>\n<td width=\"83\">2006<\/td>\n<td width=\"83\">Jeep<\/td>\n<td width=\"186\">Commander<\/td>\n<td width=\"275\">Limited<\/td>\n<td width=\"294\">5.7L<\/td>\n<\/tr>\n<tr>\n<td width=\"83\">2006<\/td>\n<td width=\"83\">Jeep<\/td>\n<td width=\"186\">Grand Cherokee<\/td>\n<td width=\"275\">Limited, Overland<\/td>\n<td width=\"294\">5.7L<\/td>\n<\/tr>\n<\/tbody>\n<\/table>\n<p>&nbsp;<\/p>","protected":false},"excerpt":{"rendered":"<p>2005\u20132008<\/p>","protected":false},"featured_media":68309843,"comment_status":"open","ping_status":"closed","template":"","meta":{"_acf_changed":false},"product_brand":[],"product_cat":[6708,6713,6738,8092,19348,6718,7766],"product_tag":[52,91,54,53,48,536,331,1158,1052,49,3853,3854,95,2475,119,2342,56,100,126,335,50,4425,222,2476,2477,333,328,2478,336,180,818,356,329],"class_list":{"0":"post-68309481","1":"product","2":"type-product","3":"status-publish","4":"has-post-thumbnail","6":"product_cat-300c-57-2005-2010-nockenwelle-ventiltrieb","7":"product_cat-charger-57-nockenwelle-ventiltrieb","8":"product_cat-durango-57-nockenwelle-ventiltrieb","9":"product_cat-magnum-57-nockenwelle-ventiltrieb","10":"product_cat-commander-57-nockenwelle-ventiltrieb","11":"product_cat-grand-cherokee-57-2005-2010-nockenwelle-ventiltrieb","12":"product_cat-1500-57-2003-2008-nockenwelle-ventiltrieb","13":"product_tag-300c","14":"product_tag-5-7","15":"product_tag-challenger","16":"product_tag-charger","17":"product_tag-chrysler","18":"product_tag-chrysler-300c","19":"product_tag-deaktivieren","20":"product_tag-deaktivierung","21":"product_tag-delete","22":"product_tag-dodge","23":"product_tag-dodge-challenger","24":"product_tag-dodge-charger","25":"product_tag-durango","26":"product_tag-eingelaufen","27":"product_tag-entfernen","28":"product_tag-entfernung","29":"product_tag-grand-cherokee","30":"product_tag-hellcat","31":"product_tag-hemi","32":"product_tag-hydrostoessel","33":"product_tag-jeep","34":"product_tag-jeep-grand-cherokee","35":"product_tag-kit","36":"product_tag-komplett","37":"product_tag-komplettkit","38":"product_tag-lifter","39":"product_tag-mds","40":"product_tag-mdskit","41":"product_tag-nockenwelle","42":"product_tag-umbau","43":"product_tag-umbausatz","44":"product_tag-vvt","45":"product_tag-zylinderabschaltung","46":"product_shipping_class-deutschlandohne","48":"first","49":"instock","50":"taxable","51":"shipping-taxable","52":"purchasable","53":"product-type-variable"},"bundled_by":[],"bundle_stock_status":"instock","bundle_stock_quantity":6,"bundle_virtual":false,"bundle_layout":"","bundle_add_to_cart_form_location":"","bundle_editable_in_cart":false,"bundle_sold_individually_context":"","bundle_item_grouping":"","bundle_min_size":"","bundle_max_size":"","bundle_price":[],"bundled_items":[],"bundle_sell_ids":[],"exclude_global_add_ons":[],"addons":[],"acf":[],"_links":{"self":[{"href":"https:\/\/kraftwerk-shop.cc\/cs\/wp-json\/wp\/v2\/product\/68309481","targetHints":{"allow":["GET"]}}],"collection":[{"href":"https:\/\/kraftwerk-shop.cc\/cs\/wp-json\/wp\/v2\/product"}],"about":[{"href":"https:\/\/kraftwerk-shop.cc\/cs\/wp-json\/wp\/v2\/types\/product"}],"replies":[{"embeddable":true,"href":"https:\/\/kraftwerk-shop.cc\/cs\/wp-json\/wp\/v2\/comments?post=68309481"}],"version-history":[{"count":0,"href":"https:\/\/kraftwerk-shop.cc\/cs\/wp-json\/wp\/v2\/product\/68309481\/revisions"}],"wp:featuredmedia":[{"embeddable":true,"href":"https:\/\/kraftwerk-shop.cc\/cs\/wp-json\/wp\/v2\/media\/68309843"}],"wp:attachment":[{"href":"https:\/\/kraftwerk-shop.cc\/cs\/wp-json\/wp\/v2\/media?parent=68309481"}],"wp:term":[{"taxonomy":"product_brand","embeddable":true,"href":"https:\/\/kraftwerk-shop.cc\/cs\/wp-json\/wp\/v2\/product_brand?post=68309481"},{"taxonomy":"product_cat","embeddable":true,"href":"https:\/\/kraftwerk-shop.cc\/cs\/wp-json\/wp\/v2\/product_cat?post=68309481"},{"taxonomy":"product_tag","embeddable":true,"href":"https:\/\/kraftwerk-shop.cc\/cs\/wp-json\/wp\/v2\/product_tag?post=68309481"}],"curies":[{"name":"wp","href":"https:\/\/api.w.org\/{rel}","templated":true}]}}