{"id":68310426,"date":"2024-11-23T23:49:10","date_gmt":"2024-11-23T22:49:10","guid":{"rendered":"https:\/\/kraftwerk-shop.cc\/?post_type=product&#038;p=68310426"},"modified":"2026-02-15T01:15:19","modified_gmt":"2026-02-15T00:15:19","slug":"hawk-lts-brzdove-desticky-ram-2500-3500-634y-750","status":"publish","type":"product","link":"https:\/\/kraftwerk-shop.cc\/cs\/produkt\/hawk-lts-bremsbelaege-ram-2500-3500-634y-750\/","title":{"rendered":"Brzdov\u00e9 desti\u010dky Hawk Performance LTS RAM 2500 \/ 3500 5.7, 6.4 a 6.7"},"content":{"rendered":"<h1>Brzdov\u00e9 desti\u010dky Hawk Performance LTS 634Y.750 pro RAM 2500 a 3500 5.7, 6.4 a 6.7 (zadn\u00ed n\u00e1prava) od roku 2009 do roku 2018<\/h1>\n<p>&nbsp;<\/p>\n<p><strong>Hawk Performance LTS<\/strong><\/p>\n<p>V\u00edme, \u017ee b\u011b\u017en\u00e9 brzdov\u00e9 desti\u010dky pro osobn\u00ed automobily ji\u017e pro dne\u0161n\u00ed n\u00e1kladn\u00ed automobily jednodu\u0161e nesta\u010d\u00ed.<br \/>\nNa\u0161e sm\u011bs brzdov\u00fdch desti\u010dek LTS (Light Truck and SUV) v\u00fdrazn\u011b zlep\u0161uje brzdn\u00fd v\u00fdkon va\u0161eho vozidla a odolnost proti vyblednut\u00ed. Rovn\u011b\u017e p\u0159ekon\u00e1v\u00e1 konkurenci z hlediska opot\u0159eben\u00ed brzdov\u00fdch kotou\u010d\u016f a desti\u010dek.<br \/>\nSm\u011bs LTS nab\u00edz\u00ed vynikaj\u00edc\u00ed brzdn\u00fd v\u00fdkon a del\u0161\u00ed \u017eivotnost desti\u010dek bez nadm\u011brn\u00e9 hlu\u010dnosti a tvorby prachu.<br \/>\n\u017delezouhl\u00edkov\u00fd t\u0159ec\u00ed materi\u00e1l LTS vyvinut\u00fd odborn\u00edky na brzdov\u00e9 desti\u010dky pro n\u00e1kladn\u00ed vozidla je optim\u00e1ln\u00ed volbou desti\u010dek pro va\u0161i RAM.<br \/>\nO\u010dek\u00e1vejte vy\u0161\u0161\u00ed brzdn\u00fd v\u00fdkon 20-40% ve srovn\u00e1n\u00ed s b\u011b\u017en\u00fdmi n\u00e1hradn\u00edmi desti\u010dkami.<\/p>\n<p>&nbsp;<\/p>\n<p><strong>Doporu\u010den\u00ed<\/strong><\/p>\n<p>Pokud je va\u0161\u00edm hlavn\u00edm c\u00edlem zv\u00fd\u0161it brzdn\u00fd v\u00fdkon, nikoli minimalizovat brzdov\u00fd prach, je pro RAM dobrou volbou sada Hawk LTS.<br \/>\nSm\u011bs LTS je relativn\u011b \u010dist\u00e1, ale v porovn\u00e1n\u00ed se sm\u011bs\u00ed Hawk Ceramic produkuje trochu brzdov\u00e9ho prachu.<br \/>\nV\u00fdkon LTS je lep\u0161\u00ed ne\u017e u Hawk Ceramic a HPS, ale ne tak dobr\u00fd jako u SuperDuty.<br \/>\nPro \u010dast\u00e9 ta\u017een\u00ed se doporu\u010duje sp\u00ed\u0161e sm\u011bs Hawk SuperDuty ne\u017e LTS, proto\u017ee sm\u011bs SuperDuty m\u00e1 mnohem vy\u0161\u0161\u00ed teplotn\u00ed rozsah, aby zvl\u00e1dla vysok\u00e9 teploty dosahovan\u00e9 p\u0159i ta\u017een\u00ed.<br \/>\nPokud netah\u00e1te \u010dasto, je LTS nejlep\u0161\u00ed volbou.<\/p>\n<p>&nbsp;<\/p>\n<p><strong>Hawk LTS Compound Vlastnosti:<\/strong><\/p>\n<ul>\n<li>Siln\u00fd, vyv\u00e1\u017een\u00fd po\u010d\u00e1te\u010dn\u00ed skus, tepl\u00fd i studen\u00fd<\/li>\n<li>Vynikaj\u00edc\u00ed odolnost proti zne\u010di\u0161t\u011bn\u00ed<\/li>\n<li>Sm\u011bs \u017eeleza a uhl\u00edku<\/li>\n<li>N\u00edzk\u00e1 tvorba prachu<\/li>\n<li>Vynikaj\u00edc\u00ed \u017eivotnost brzdov\u00fdch desti\u010dek a kotou\u010d\u016f<\/li>\n<li>37-370 \u00b0C Rozsah pracovn\u00edch teplot<\/li>\n<li>37-370 \u00b0C Optim\u00e1ln\u00ed teplotn\u00ed rozsah<\/li>\n<\/ul>\n<p>&nbsp;<\/p>\n<p><strong>\u010c\u00edslo OE (pouze pro \u00fa\u010dely porovn\u00e1n\u00ed):<\/strong> 68049158AA<\/p>\n<p>Autorizace: ne<\/p>\n<p>M\u00edsto instalace: Zadn\u00ed n\u00e1prava<\/p>\n<p>&nbsp;<\/p>\n<p><strong>Vhodn\u00e9 pro:<\/strong><\/p>\n<table width=\"877\">\n<tbody>\n<tr>\n<td width=\"83\"><strong>Rok v\u00fdstavby<\/strong><\/td>\n<td width=\"83\"><strong>Zna\u010dka<\/strong><\/td>\n<td width=\"142\"><strong>Model<\/strong><\/td>\n<td width=\"275\"><strong>Verze<\/strong><\/td>\n<td width=\"294\"><strong>Motor<\/strong><\/td>\n<\/tr>\n<tr>\n<td width=\"83\">2018<\/td>\n<td width=\"83\">Ram<\/td>\n<td width=\"142\">2500<\/td>\n<td width=\"275\">Big Horn, Laramie, Laramie Longhorn, Limited, Power Wagon, SLT, Tradesman<\/td>\n<td width=\"294\">5.7L, 6.4L, 6.7L<\/td>\n<\/tr>\n<tr>\n<td width=\"83\">2018<\/td>\n<td width=\"83\">Ram<\/td>\n<td width=\"142\">3500<\/td>\n<td width=\"275\">Big Horn, Laramie, Laramie Longhorn, Limited, SLT, Tradesman<\/td>\n<td width=\"294\">5.7L, 6.4L, 6.7L<\/td>\n<\/tr>\n<tr>\n<td width=\"83\">2017<\/td>\n<td width=\"83\">Ram<\/td>\n<td width=\"142\">2500<\/td>\n<td width=\"275\">Big Horn, Laramie, Laramie Longhorn, Limited, Power Wagon, SLT, Tradesman<\/td>\n<td width=\"294\">5.7L, 6.4L, 6.7L<\/td>\n<\/tr>\n<tr>\n<td width=\"83\">2017<\/td>\n<td width=\"83\">Ram<\/td>\n<td width=\"142\">3500<\/td>\n<td width=\"275\">Big Horn, Laramie, Laramie Longhorn, Limited, Lone Star, SLT, Tradesman<\/td>\n<td width=\"294\">5.7L, 6.4L, 6.7L<\/td>\n<\/tr>\n<tr>\n<td width=\"83\">2016<\/td>\n<td width=\"83\">Ram<\/td>\n<td width=\"142\">2500<\/td>\n<td width=\"275\">Big Horn, Laramie, Laramie Longhorn, Limited, Outdoorsman, Power Wagon, SLT, Tradesman<\/td>\n<td width=\"294\">5.7L, 6.4L, 6.7L<\/td>\n<\/tr>\n<tr>\n<td width=\"83\">2016<\/td>\n<td width=\"83\">Ram<\/td>\n<td width=\"142\">3500<\/td>\n<td width=\"275\">Big Horn, Laramie, Laramie Longhorn, Limited, SLT, Tradesman<\/td>\n<td width=\"294\">5.7L, 6.4L, 6.7L<\/td>\n<\/tr>\n<tr>\n<td width=\"83\">2015<\/td>\n<td width=\"83\">Ram<\/td>\n<td width=\"142\">2500<\/td>\n<td width=\"275\">Big Horn, Laramie, Laramie Limited, Laramie Longhorn, Lone Star, Outdoorsman, Power Wagon, SLT, Tradesman<\/td>\n<td width=\"294\">5.7L, 6.4L, 6.7L<\/td>\n<\/tr>\n<tr>\n<td width=\"83\">2015<\/td>\n<td width=\"83\">Ram<\/td>\n<td width=\"142\">3500<\/td>\n<td width=\"275\">Big Horn, Laramie, Laramie Limited, Laramie Longhorn, Lone Star, SLT, Tradesman<\/td>\n<td width=\"294\">5.7L, 6.4L, 6.7L<\/td>\n<\/tr>\n<tr>\n<td width=\"83\">2014<\/td>\n<td width=\"83\">Ram<\/td>\n<td width=\"142\">2500<\/td>\n<td width=\"275\">Big Horn, Laramie, Laramie Limited, Laramie Longhorn, Lone Star, Outdoorsman, Power Wagon, SLT, Tradesman<\/td>\n<td width=\"294\">5.7L, 6.4L, 6.7L<\/td>\n<\/tr>\n<tr>\n<td width=\"83\">2014<\/td>\n<td width=\"83\">Ram<\/td>\n<td width=\"142\">3500<\/td>\n<td width=\"275\">Big Horn, Laramie, Laramie Limited, Laramie Longhorn, Lone Star, SLT, Tradesman<\/td>\n<td width=\"294\">5.7L, 6.4L, 6.7L<\/td>\n<\/tr>\n<tr>\n<td width=\"83\">2013<\/td>\n<td width=\"83\">Ram<\/td>\n<td width=\"142\">2500<\/td>\n<td width=\"275\">Big Horn, Laramie, Laramie Longhorn, Lone Star, Outdoorsman, Power Wagon, SLT, Tradesman<\/td>\n<td width=\"294\">5.7L, 6.7L<\/td>\n<\/tr>\n<tr>\n<td width=\"83\">2013<\/td>\n<td width=\"83\">Ram<\/td>\n<td width=\"142\">3500<\/td>\n<td width=\"275\">Big Horn, Laramie, Laramie Longhorn, Lone Star, SLT, Tradesman<\/td>\n<td width=\"294\">5.7L, 6.7L<\/td>\n<\/tr>\n<tr>\n<td width=\"83\">2012<\/td>\n<td width=\"83\">Ram<\/td>\n<td width=\"142\">2500<\/td>\n<td width=\"275\">Laramie, Laramie Longhorn, Outdoorsman, Power Wagon, SLT, ST<\/td>\n<td width=\"294\">5.7L V8 - Bi-Fuel, 5.7L, 6.7L<\/td>\n<\/tr>\n<tr>\n<td width=\"83\">2012<\/td>\n<td width=\"83\">Ram<\/td>\n<td width=\"142\">3500<\/td>\n<td width=\"275\">Laramie, Laramie Longhorn, SLT, ST<\/td>\n<td width=\"294\">5.7L, 6.7L<\/td>\n<\/tr>\n<tr>\n<td width=\"83\">2011<\/td>\n<td width=\"83\">Ram<\/td>\n<td width=\"142\">2500<\/td>\n<td width=\"275\">Laramie, Laramie Longhorn, Power Wagon, SLT, ST<\/td>\n<td width=\"294\">5.7L, 6.7L<\/td>\n<\/tr>\n<tr>\n<td width=\"83\">2011<\/td>\n<td width=\"83\">Ram<\/td>\n<td width=\"142\">3500<\/td>\n<td width=\"275\">Laramie, Laramie Longhorn, SLT, ST<\/td>\n<td width=\"294\">5.7L, 6.7L<\/td>\n<\/tr>\n<tr>\n<td width=\"83\">2010<\/td>\n<td width=\"83\">Dodge<\/td>\n<td width=\"142\">Ram 2500<\/td>\n<td width=\"275\">Laramie, Power Wagon, SLT, ST, TRX<\/td>\n<td width=\"294\">5.7L, 6.7L<\/td>\n<\/tr>\n<tr>\n<td width=\"83\">2010<\/td>\n<td width=\"83\">Dodge<\/td>\n<td width=\"142\">Ram 3500<\/td>\n<td width=\"275\">Laramie, SLT, ST<\/td>\n<td width=\"294\">6.7L<\/td>\n<\/tr>\n<tr>\n<td width=\"83\">2009<\/td>\n<td width=\"83\">Dodge<\/td>\n<td width=\"142\">Ram 2500<\/td>\n<td width=\"275\">Laramie, Power Wagon, SLT, ST, SXT<\/td>\n<td width=\"294\">5.7L, 5.9L, 6.7L<\/td>\n<\/tr>\n<tr>\n<td width=\"83\">2009<\/td>\n<td width=\"83\">Dodge<\/td>\n<td width=\"142\">Ram 3500<\/td>\n<td width=\"275\">Laramie, SLT, ST, SXT<\/td>\n<td width=\"294\">5.7L, 6.7L<\/td>\n<\/tr>\n<\/tbody>\n<\/table>\n<p>&nbsp;<\/p>\n<p><strong>Rozsah dod\u00e1vky: <\/strong><\/p>\n<p>- 1 sada brzdov\u00fdch desti\u010dek (634Y.750) pro zadn\u00ed n\u00e1pravu<\/p>\n<p>&nbsp;<\/p>","protected":false},"excerpt":{"rendered":"<p>2009\u20132018<\/p>","protected":false},"featured_media":68310428,"comment_status":"open","ping_status":"closed","template":"","meta":{"_acf_changed":false},"product_brand":[17621],"product_cat":[9944,8363,8365],"product_tag":[506,507,91,93,7200,8371,8369,1046,590,9814,9794,9834,9839,9809,9789,9831,9840,9823,9798,9838,9792,9807,9810,9856,795,840,7201,1070,9843,9857,9847,9841,9853,6834,9851,7614,9865,798,799,9715,9855,36,9828,9830,9821,6835,9845,9850,9822,86,9650,9849,9651,9722,9866,9848,9852,9788,3518,970,592,9829,2139,673,2135,2137],"class_list":{"0":"post-68310426","1":"product","2":"type-product","3":"status-publish","4":"has-post-thumbnail","6":"product_brand-hawk-performance","7":"product_cat-2500-3500-57-bremsen-hinten","8":"product_cat-2500-3500-64-bremsen-hinten","9":"product_cat-67-cummins-bremsen-hinten","10":"product_tag-506","11":"product_tag-507","12":"product_tag-5-7","13":"product_tag-6-4","14":"product_tag-6-7","15":"product_tag-634y-750","16":"product_tag-68049158aa","17":"product_tag-abe","18":"product_tag-bremsbelaege","19":"product_tag-bremsbelaege-angebote","20":"product_tag-bremsbelaege-empfehlung","21":"product_tag-bremsbelaege-fuer-anhaengerbetrieb","22":"product_tag-bremsbelaege-fuer-schwere-lasten","23":"product_tag-bremsbelaege-installation","24":"product_tag-bremsbelaege-kaufen","25":"product_tag-bremsbelaege-mit-hoher-reibung","26":"product_tag-bremsbelaege-performance","27":"product_tag-bremsbelaege-preisvergleich","28":"product_tag-bremsbelaege-qualitaet","29":"product_tag-bremsbelaege-staubarm","30":"product_tag-bremsbelaege-test","31":"product_tag-bremsbelaege-verschleiss","32":"product_tag-bremsbelaege-wartung","33":"product_tag-bremsbelaege-zubehoer","34":"product_tag-bremse","35":"product_tag-bremskloetze","36":"product_tag-cummins","37":"product_tag-hawk","38":"product_tag-hawk-bremsbelaege-haendler","39":"product_tag-hawk-bremsbelaege-online-shop","40":"product_tag-hawk-bremsen","41":"product_tag-hawk-ersatzteile","42":"product_tag-hawk-heavy-duty-bremsbelaege","43":"product_tag-hawk-performance","44":"product_tag-hawk-performance-bremsbelaege","45":"product_tag-hawk10","46":"product_tag-hb634y-750","47":"product_tag-hinten","48":"product_tag-hinterachse","49":"product_tag-hochleistungsbremsen","50":"product_tag-hochwertige-bremsbelaege","51":"product_tag-kraftwerk","52":"product_tag-langlebige-bremsbelaege","53":"product_tag-leise-bremsbelaege","54":"product_tag-lkw-bremsen","55":"product_tag-lts","56":"product_tag-lts-bremsbelaege","57":"product_tag-nutzfahrzeug-bremsen","58":"product_tag-offroad-bremsbelaege","59":"product_tag-ram","60":"product_tag-ram-2500-bremsbelaege","61":"product_tag-ram-2500-ersatzteile","62":"product_tag-ram-3500-bremsbelaege","63":"product_tag-ram-3500-ersatzteile","64":"product_tag-ram-634y-750-bremsbelaege","65":"product_tag-ram-bremsbelaege","66":"product_tag-ram-lts-bremsbelaege","67":"product_tag-schwerlast-bremsbelaege","68":"product_tag-sportbremsbelag","69":"product_tag-sportbremsbelaege","70":"product_tag-sportbremse","71":"product_tag-temperaturbestaendige-bremsbelaege","72":"product_tag-tuev","73":"product_tag-zubehoer","74":"product_tag-zubehoerbremsbelaege","75":"product_tag-zulassung","76":"product_shipping_class-deutschlandohne","78":"first","79":"instock","80":"taxable","81":"shipping-taxable","82":"purchasable","83":"product-type-simple"},"bundled_by":[],"bundle_stock_status":"instock","bundle_stock_quantity":1,"bundle_virtual":false,"bundle_layout":"","bundle_add_to_cart_form_location":"","bundle_editable_in_cart":false,"bundle_sold_individually_context":"","bundle_item_grouping":"","bundle_min_size":"","bundle_max_size":"","bundle_price":[],"bundled_items":[],"bundle_sell_ids":[],"exclude_global_add_ons":[],"addons":[],"acf":[],"_links":{"self":[{"href":"https:\/\/kraftwerk-shop.cc\/cs\/wp-json\/wp\/v2\/product\/68310426","targetHints":{"allow":["GET"]}}],"collection":[{"href":"https:\/\/kraftwerk-shop.cc\/cs\/wp-json\/wp\/v2\/product"}],"about":[{"href":"https:\/\/kraftwerk-shop.cc\/cs\/wp-json\/wp\/v2\/types\/product"}],"replies":[{"embeddable":true,"href":"https:\/\/kraftwerk-shop.cc\/cs\/wp-json\/wp\/v2\/comments?post=68310426"}],"version-history":[{"count":0,"href":"https:\/\/kraftwerk-shop.cc\/cs\/wp-json\/wp\/v2\/product\/68310426\/revisions"}],"wp:featuredmedia":[{"embeddable":true,"href":"https:\/\/kraftwerk-shop.cc\/cs\/wp-json\/wp\/v2\/media\/68310428"}],"wp:attachment":[{"href":"https:\/\/kraftwerk-shop.cc\/cs\/wp-json\/wp\/v2\/media?parent=68310426"}],"wp:term":[{"taxonomy":"product_brand","embeddable":true,"href":"https:\/\/kraftwerk-shop.cc\/cs\/wp-json\/wp\/v2\/product_brand?post=68310426"},{"taxonomy":"product_cat","embeddable":true,"href":"https:\/\/kraftwerk-shop.cc\/cs\/wp-json\/wp\/v2\/product_cat?post=68310426"},{"taxonomy":"product_tag","embeddable":true,"href":"https:\/\/kraftwerk-shop.cc\/cs\/wp-json\/wp\/v2\/product_tag?post=68310426"}],"curies":[{"name":"wp","href":"https:\/\/api.w.org\/{rel}","templated":true}]}}