{"id":68312192,"date":"2024-12-02T00:18:10","date_gmt":"2024-12-01T23:18:10","guid":{"rendered":"https:\/\/kraftwerk-shop.cc\/?post_type=product&#038;p=68312192"},"modified":"2026-02-15T01:15:34","modified_gmt":"2026-02-15T00:15:34","slug":"tesneni-termostatu-mopar-4892354aa","status":"publish","type":"product","link":"https:\/\/kraftwerk-shop.cc\/cs\/produkt\/mopar-thermostatdichtung-4892354aa\/","title":{"rendered":"T\u011bsn\u011bn\u00ed termostatu Mopar 2.7 a 3.5 (4892354AA)"},"content":{"rendered":"<h1>Origin\u00e1ln\u00ed t\u011bsn\u011bn\u00ed termostatu Mopar (<span class=\"list-value sku-display\">4892354AA<\/span>) pro Chrysler 300C, Sebring, Dodge Avenger, Challenger, Charger, Journey a Magnum 2.7 a 3.5<\/h1>\n<p>&nbsp;<\/p>\n<p><strong>\u010c\u00edslo d\u00edlu Mopar:<\/strong> <span class=\"list-value sku-display\">4892354AA<\/span><br \/>\n<strong>Nahrazuje \u010d\u00edslo d\u00edlu: <\/strong>4792237, 4792237AE<\/p>\n<p>&nbsp;<\/p>\n<p><strong>Vhodn\u00e9 pro:<\/strong><\/p>\n<table width=\"1004\">\n<tbody>\n<tr>\n<td width=\"82\"><strong>Rok v\u00fdstavby<\/strong><\/td>\n<td width=\"82\"><strong>Zna\u010dka<\/strong><\/td>\n<td width=\"124\"><strong>Model<\/strong><\/td>\n<td width=\"512\"><strong>Verze<\/strong><\/td>\n<td width=\"204\"><strong>Motor<\/strong><\/td>\n<\/tr>\n<tr>\n<td width=\"82\">2010<\/td>\n<td width=\"82\">Chrysler<\/td>\n<td width=\"124\">300<\/td>\n<td width=\"512\">Touring<\/td>\n<td width=\"204\">2.7L<\/td>\n<\/tr>\n<tr>\n<td width=\"82\">2010<\/td>\n<td width=\"82\">Chrysler<\/td>\n<td width=\"124\">Sebring<\/td>\n<td width=\"512\">LX, Limited, Touring<\/td>\n<td width=\"204\">2.7L V6 - Flex, 2.7L<\/td>\n<\/tr>\n<tr>\n<td width=\"82\">2010<\/td>\n<td width=\"82\">Dodge<\/td>\n<td width=\"124\">Avenger<\/td>\n<td width=\"512\">R\/T, SXT<\/td>\n<td width=\"204\">2.7L V6 - Flex<\/td>\n<\/tr>\n<tr>\n<td width=\"82\">2010<\/td>\n<td width=\"82\">Dodge<\/td>\n<td width=\"124\">Charger<\/td>\n<td width=\"512\">SE<\/td>\n<td width=\"204\">2.7L<\/td>\n<\/tr>\n<tr>\n<td width=\"82\">2009<\/td>\n<td width=\"82\">Chrysler<\/td>\n<td width=\"124\">300<\/td>\n<td width=\"512\">Limited, Signature Series, Touring<\/td>\n<td width=\"204\">3.5L<\/td>\n<\/tr>\n<tr>\n<td width=\"82\">2009<\/td>\n<td width=\"82\">Chrysler<\/td>\n<td width=\"124\">Sebring<\/td>\n<td width=\"512\">LX, Touring<\/td>\n<td width=\"204\">2.7L V6 - Flex, 2.7L<\/td>\n<\/tr>\n<tr>\n<td width=\"82\">2009<\/td>\n<td width=\"82\">Dodge<\/td>\n<td width=\"124\">Avenger<\/td>\n<td width=\"512\">SXT<\/td>\n<td width=\"204\">2.7L V6 - Flex, 2.7L<\/td>\n<\/tr>\n<tr>\n<td width=\"82\">2009<\/td>\n<td width=\"82\">Dodge<\/td>\n<td width=\"124\">Charger<\/td>\n<td width=\"512\">Pursuit, SE, SXT<\/td>\n<td width=\"204\">2,7 L, 3,5 L<\/td>\n<\/tr>\n<tr>\n<td width=\"82\">2009<\/td>\n<td width=\"82\">Dodge<\/td>\n<td width=\"124\">Journey<\/td>\n<td width=\"512\">R\/T, SXT<\/td>\n<td width=\"204\">3.5L<\/td>\n<\/tr>\n<tr>\n<td width=\"82\">2008<\/td>\n<td width=\"82\">Chrysler<\/td>\n<td width=\"124\">300<\/td>\n<td width=\"512\">LX, Limited, Touring<\/td>\n<td width=\"204\">2,7 L, 3,5 L<\/td>\n<\/tr>\n<tr>\n<td width=\"82\">2008<\/td>\n<td width=\"82\">Chrysler<\/td>\n<td width=\"124\">Sebring<\/td>\n<td width=\"512\">LX, Limited, Touring<\/td>\n<td width=\"204\">2.7L V6 - Flex, 2.7L, 3.5L<\/td>\n<\/tr>\n<tr>\n<td width=\"82\">2008<\/td>\n<td width=\"82\">Dodge<\/td>\n<td width=\"124\">Avenger<\/td>\n<td width=\"512\">R\/T, SE, SXT<\/td>\n<td width=\"204\">2.7L V6 - Flex, 2.7L, 3.5L<\/td>\n<\/tr>\n<tr>\n<td width=\"82\">2008<\/td>\n<td width=\"82\">Dodge<\/td>\n<td width=\"124\">Charger<\/td>\n<td width=\"512\">Pursuit, SE, SXT<\/td>\n<td width=\"204\">2,7 L, 3,5 L<\/td>\n<\/tr>\n<tr>\n<td width=\"82\">2008<\/td>\n<td width=\"82\">Dodge<\/td>\n<td width=\"124\">Magnum<\/td>\n<td width=\"512\">SE, SXT<\/td>\n<td width=\"204\">2,7 L, 3,5 L<\/td>\n<\/tr>\n<tr>\n<td width=\"82\">2007<\/td>\n<td width=\"82\">Chrysler<\/td>\n<td width=\"124\">300<\/td>\n<td width=\"512\">Z\u00e1kladn\u00ed verze, Limited, Touring<\/td>\n<td width=\"204\">2,7 L, 3,5 L<\/td>\n<\/tr>\n<tr>\n<td width=\"82\">2007<\/td>\n<td width=\"82\">Chrysler<\/td>\n<td width=\"124\">Sebring<\/td>\n<td width=\"512\">Z\u00e1kladn\u00ed verze, Limited, Touring<\/td>\n<td width=\"204\">2.7L V6 - Flex, 2.7L, 3.5L<\/td>\n<\/tr>\n<tr>\n<td width=\"82\">2007<\/td>\n<td width=\"82\">Dodge<\/td>\n<td width=\"124\">Charger<\/td>\n<td width=\"512\">Pursuit, SE, SXT<\/td>\n<td width=\"204\">2,7 L, 3,5 L<\/td>\n<\/tr>\n<tr>\n<td width=\"82\">2007<\/td>\n<td width=\"82\">Dodge<\/td>\n<td width=\"124\">Magnum<\/td>\n<td width=\"512\">SE, SXT<\/td>\n<td width=\"204\">2,7 L, 3,5 L<\/td>\n<\/tr>\n<tr>\n<td width=\"82\">2006<\/td>\n<td width=\"82\">Chrysler<\/td>\n<td width=\"124\">300<\/td>\n<td width=\"512\">Base, Touring<\/td>\n<td width=\"204\">2,7 L, 3,5 L<\/td>\n<\/tr>\n<tr>\n<td width=\"82\">2006<\/td>\n<td width=\"82\">Chrysler<\/td>\n<td width=\"124\">Sebring<\/td>\n<td width=\"512\">GTC, Limited, TSi, Touring<\/td>\n<td width=\"204\">2.7L V6 - Flex, 2.7L<\/td>\n<\/tr>\n<tr>\n<td width=\"82\">2006<\/td>\n<td width=\"82\">Dodge<\/td>\n<td width=\"124\">Charger<\/td>\n<td width=\"512\">SE<\/td>\n<td width=\"204\">3.5L<\/td>\n<\/tr>\n<tr>\n<td width=\"82\">2006<\/td>\n<td width=\"82\">Dodge<\/td>\n<td width=\"124\">Magnum<\/td>\n<td width=\"512\">SE, SXT<\/td>\n<td width=\"204\">2,7 L, 3,5 L<\/td>\n<\/tr>\n<tr>\n<td width=\"82\">2006<\/td>\n<td width=\"82\">Dodge<\/td>\n<td width=\"124\">Stratus<\/td>\n<td width=\"512\">R\/T, SXT<\/td>\n<td width=\"204\">2.7L V6 - Flex, 2.7L<\/td>\n<\/tr>\n<tr>\n<td width=\"82\">2005<\/td>\n<td width=\"82\">Chrysler<\/td>\n<td width=\"124\">300<\/td>\n<td width=\"512\">Base, Touring<\/td>\n<td width=\"204\">2,7 L, 3,5 L<\/td>\n<\/tr>\n<tr>\n<td width=\"82\">2005<\/td>\n<td width=\"82\">Chrysler<\/td>\n<td width=\"124\">Sebring<\/td>\n<td width=\"512\">Base, GTC, Limited, TSi, Touring<\/td>\n<td width=\"204\">2.7L V6 - Flex, 2.7L, 3.0L<\/td>\n<\/tr>\n<tr>\n<td width=\"82\">2005<\/td>\n<td width=\"82\">Dodge<\/td>\n<td width=\"124\">Magnum<\/td>\n<td width=\"512\">SE, SXT<\/td>\n<td width=\"204\">2,7 L, 3,5 L<\/td>\n<\/tr>\n<tr>\n<td width=\"82\">2005<\/td>\n<td width=\"82\">Dodge<\/td>\n<td width=\"124\">Stratus<\/td>\n<td width=\"512\">R\/T, SXT<\/td>\n<td width=\"204\">2.7L V6 - Flex, 2.7L, 3.0L<\/td>\n<\/tr>\n<tr>\n<td width=\"82\">2004<\/td>\n<td width=\"82\">Chrysler<\/td>\n<td width=\"124\">Concorde<\/td>\n<td width=\"512\">LX<\/td>\n<td width=\"204\">2.7L<\/td>\n<\/tr>\n<tr>\n<td width=\"82\">2004<\/td>\n<td width=\"82\">Chrysler<\/td>\n<td width=\"124\">Sebring<\/td>\n<td width=\"512\">Base, GTC, Limited, Touring<\/td>\n<td width=\"204\">2.7L V6 - Flex, 2.7L, 3.0L<\/td>\n<\/tr>\n<tr>\n<td width=\"82\">2004<\/td>\n<td width=\"82\">Dodge<\/td>\n<td width=\"124\">Intrepid<\/td>\n<td width=\"512\">SE<\/td>\n<td width=\"204\">2.7L<\/td>\n<\/tr>\n<tr>\n<td width=\"82\">2004<\/td>\n<td width=\"82\">Dodge<\/td>\n<td width=\"124\">Stratus<\/td>\n<td width=\"512\">ES, R\/T, SE, SXT<\/td>\n<td width=\"204\">2.7L V6 - Flex, 2.7L, 3.0L<\/td>\n<\/tr>\n<tr>\n<td width=\"82\">2003<\/td>\n<td width=\"82\">Chrysler<\/td>\n<td width=\"124\">Concorde<\/td>\n<td width=\"512\">LX<\/td>\n<td width=\"204\">2.7L<\/td>\n<\/tr>\n<tr>\n<td width=\"82\">2003<\/td>\n<td width=\"82\">Chrysler<\/td>\n<td width=\"124\">Sebring<\/td>\n<td width=\"512\">GTC, LX, LXi, Limited<\/td>\n<td width=\"204\">2.7L V6 - Flex, 2.7L, 3.0L<\/td>\n<\/tr>\n<tr>\n<td width=\"82\">2003<\/td>\n<td width=\"82\">Dodge<\/td>\n<td width=\"124\">Intrepid<\/td>\n<td width=\"512\">SE<\/td>\n<td width=\"204\">2.7L<\/td>\n<\/tr>\n<tr>\n<td width=\"82\">2003<\/td>\n<td width=\"82\">Dodge<\/td>\n<td width=\"124\">Stratus<\/td>\n<td width=\"512\">ES, R\/T, SE, SXT<\/td>\n<td width=\"204\">2.7L V6 - Flex, 2.7L, 3.0L<\/td>\n<\/tr>\n<tr>\n<td width=\"82\">2002<\/td>\n<td width=\"82\">Chrysler<\/td>\n<td width=\"124\">Concorde<\/td>\n<td width=\"512\">LX<\/td>\n<td width=\"204\">2.7L<\/td>\n<\/tr>\n<tr>\n<td width=\"82\">2002<\/td>\n<td width=\"82\">Chrysler<\/td>\n<td width=\"124\">Sebring<\/td>\n<td width=\"512\">GTC, LX, LXi, Limited<\/td>\n<td width=\"204\">2.7L<\/td>\n<\/tr>\n<tr>\n<td width=\"82\">2002<\/td>\n<td width=\"82\">Dodge<\/td>\n<td width=\"124\">Intrepid<\/td>\n<td width=\"512\">SE<\/td>\n<td width=\"204\">2.7L<\/td>\n<\/tr>\n<tr>\n<td width=\"82\">2002<\/td>\n<td width=\"82\">Dodge<\/td>\n<td width=\"124\">Stratus<\/td>\n<td width=\"512\">ES, R\/T, SE, SE Plus<\/td>\n<td width=\"204\">2.7L<\/td>\n<\/tr>\n<tr>\n<td width=\"82\">2001<\/td>\n<td width=\"82\">Chrysler<\/td>\n<td width=\"124\">Concorde<\/td>\n<td width=\"512\">LX<\/td>\n<td width=\"204\">2.7L<\/td>\n<\/tr>\n<tr>\n<td width=\"82\">2001<\/td>\n<td width=\"82\">Chrysler<\/td>\n<td width=\"124\">Sebring<\/td>\n<td width=\"512\">LX, LXi, Limited<\/td>\n<td width=\"204\">2.7L<\/td>\n<\/tr>\n<tr>\n<td width=\"82\">2001<\/td>\n<td width=\"82\">Dodge<\/td>\n<td width=\"124\">Intrepid<\/td>\n<td width=\"512\">ES, SE<\/td>\n<td width=\"204\">2.7L<\/td>\n<\/tr>\n<tr>\n<td width=\"82\">2001<\/td>\n<td width=\"82\">Dodge<\/td>\n<td width=\"124\">Stratus<\/td>\n<td width=\"512\">ES, SE<\/td>\n<td width=\"204\">2.7L<\/td>\n<\/tr>\n<\/tbody>\n<\/table>\n<p>&nbsp;<\/p>\n<h4>Pro\u010d si vybrat origin\u00e1ln\u00ed n\u00e1hradn\u00ed d\u00edly Mopar?<\/h4>\n<p><strong>Perfektn\u011b padnouc\u00ed a \u0161pi\u010dkov\u00e9 kvality:<\/strong> Origin\u00e1ln\u00ed n\u00e1hradn\u00ed d\u00edly Mopar jsou vyr\u00e1b\u011bny podle p\u0159\u00edsn\u00fdch specifikac\u00ed v\u00fdrobce, co\u017e znamen\u00e1, \u017ee do va\u0161eho vozidla dokonale pasuj\u00ed. T\u00edm je zaji\u0161t\u011bna nejen snadn\u00e1 instalace, ale tak\u00e9 optim\u00e1ln\u00ed funkce a bezpe\u010dnost.<\/p>\n<p><strong>Spolehlivost a trvanlivost:<\/strong> D\u00edky pou\u017eit\u00ed vysoce kvalitn\u00edch materi\u00e1l\u016f a p\u0159\u00edsn\u00e9 kontrole kvality zaji\u0161\u0165uj\u00ed n\u00e1hradn\u00ed d\u00edly Mopar spolehlivou funkci va\u0161eho vozidla i v extr\u00e9mn\u00edch podm\u00ednk\u00e1ch. Jsou navr\u017eeny tak, aby vydr\u017eely a maximalizovaly v\u00fdkon va\u0161eho vozidla.<\/p>\n<p>&nbsp;<\/p>","protected":false},"excerpt":{"rendered":"<p>Origin\u00e1ln\u00ed d\u00edl Mopar<\/p>","protected":false},"featured_media":68312195,"comment_status":"open","ping_status":"closed","template":"","meta":{"_acf_changed":false},"product_brand":[16270],"product_cat":[10262,2567,19670,1437,2647,2565,2590,2651,2653],"product_tag":[8494,8495,8496,52,8492,8493,8491,54,53,48,571,49,3853,55,31,8813,9424,16271,16273,16275,16272,16274,7221,2425,267,614,673],"class_list":{"0":"post-68312192","1":"product","2":"type-product","3":"status-publish","4":"has-post-thumbnail","6":"product_brand-mopar","7":"product_cat-alle-produkte","8":"product_cat-300c-35-kuehlung","9":"product_cat-pacifica-kuehlung","10":"product_cat-sebring-motor","11":"product_cat-avenger-motor","12":"product_cat-challenger-35-kuehlung","13":"product_cat-charger-35-kuehlung","14":"product_cat-dodge-journey-motor","15":"product_cat-magnum-35-kuehlung","16":"product_tag-8494","17":"product_tag-04792237ae","18":"product_tag-04892354aa","19":"product_tag-300c","20":"product_tag-8492","21":"product_tag-4792237ae","22":"product_tag-4892354aa","23":"product_tag-challenger","24":"product_tag-charger","25":"product_tag-chrysler","26":"product_tag-dichtung","27":"product_tag-dodge","28":"product_tag-dodge-challenger","29":"product_tag-magnum","30":"product_tag-mopar","31":"product_tag-mopar-autoteile","32":"product_tag-mopar-ersatzteile","33":"product_tag-mopar-ersatzteile-kaufen","34":"product_tag-mopar-performance-teile","35":"product_tag-mopar-teile-katalog","36":"product_tag-mopar-teile-online","37":"product_tag-mopar-tuningteile","38":"product_tag-mopar10","39":"product_tag-originalteil","40":"product_tag-thermostat","41":"product_tag-thermostatgehaeuse","42":"product_tag-zubehoer","44":"first","45":"instock","46":"taxable","47":"shipping-taxable","48":"purchasable","49":"product-type-simple"},"bundled_by":[],"bundle_stock_status":"instock","bundle_stock_quantity":2,"bundle_virtual":false,"bundle_layout":"","bundle_add_to_cart_form_location":"","bundle_editable_in_cart":false,"bundle_sold_individually_context":"","bundle_item_grouping":"","bundle_min_size":"","bundle_max_size":"","bundle_price":[],"bundled_items":[],"bundle_sell_ids":[],"exclude_global_add_ons":[],"addons":[],"acf":[],"_links":{"self":[{"href":"https:\/\/kraftwerk-shop.cc\/cs\/wp-json\/wp\/v2\/product\/68312192","targetHints":{"allow":["GET"]}}],"collection":[{"href":"https:\/\/kraftwerk-shop.cc\/cs\/wp-json\/wp\/v2\/product"}],"about":[{"href":"https:\/\/kraftwerk-shop.cc\/cs\/wp-json\/wp\/v2\/types\/product"}],"replies":[{"embeddable":true,"href":"https:\/\/kraftwerk-shop.cc\/cs\/wp-json\/wp\/v2\/comments?post=68312192"}],"version-history":[{"count":0,"href":"https:\/\/kraftwerk-shop.cc\/cs\/wp-json\/wp\/v2\/product\/68312192\/revisions"}],"wp:featuredmedia":[{"embeddable":true,"href":"https:\/\/kraftwerk-shop.cc\/cs\/wp-json\/wp\/v2\/media\/68312195"}],"wp:attachment":[{"href":"https:\/\/kraftwerk-shop.cc\/cs\/wp-json\/wp\/v2\/media?parent=68312192"}],"wp:term":[{"taxonomy":"product_brand","embeddable":true,"href":"https:\/\/kraftwerk-shop.cc\/cs\/wp-json\/wp\/v2\/product_brand?post=68312192"},{"taxonomy":"product_cat","embeddable":true,"href":"https:\/\/kraftwerk-shop.cc\/cs\/wp-json\/wp\/v2\/product_cat?post=68312192"},{"taxonomy":"product_tag","embeddable":true,"href":"https:\/\/kraftwerk-shop.cc\/cs\/wp-json\/wp\/v2\/product_tag?post=68312192"}],"curies":[{"name":"wp","href":"https:\/\/api.w.org\/{rel}","templated":true}]}}