{"id":68312208,"date":"2024-12-02T19:28:11","date_gmt":"2024-12-02T18:28:11","guid":{"rendered":"https:\/\/kraftwerk-shop.cc\/?post_type=product&#038;p=68312208"},"modified":"2026-03-06T13:18:08","modified_gmt":"2026-03-06T12:18:08","slug":"afe-90-51101l-xl-cistici-sada","status":"publish","type":"product","link":"https:\/\/kraftwerk-shop.cc\/cs\/produkt\/afe-90-51101l-xl-reinigungskit\/","title":{"rendered":"aFe POWER 90-51101L XL \u010distic\u00ed sada pro vzduchov\u00e9 filtry aFe"},"content":{"rendered":"<h1>aFe POWER 90-51101L XL \u010distic\u00ed sada \/ sada pro \u00fadr\u017ebu vzduchov\u00fdch filtr\u016f aFe s modr\u00fdm filtra\u010dn\u00edm olejem<\/h1>\n<p>&nbsp;<\/p>\n<p>Na str\u00e1nk\u00e1ch <strong>aFe Power 90-51101L Sada pro obnovu vzduchov\u00e9ho filtru<\/strong> je ide\u00e1ln\u00edm \u0159e\u0161en\u00edm pro maximalizaci v\u00fdkonu a \u017eivotnosti vzduchov\u00e9ho filtru aFe. Tato sada obsahuje v\u0161e, co pot\u0159ebujete k \u00fa\u010dinn\u00e9mu vy\u010di\u0161t\u011bn\u00ed a regeneraci vzduchov\u00e9ho filtru, aby op\u011bt fungoval jako nov\u00fd.<\/p>\n<h4><\/h4>\n<h4><strong>Vlastnosti a v\u00fdhody:<\/strong><\/h4>\n<ol>\n<li>Vysoce \u00fa\u010dinn\u00fd \u010distic\u00ed prost\u0159edek Power Cleaner (946 ml)\n<ul>\n<li>\u00da\u010dinn\u011b odstra\u0148uje ne\u010distoty, prach a prachov\u00e9 \u010d\u00e1stice.<\/li>\n<li>Bezpe\u010dn\u00e9 pro v\u0161echny materi\u00e1ly vzduchov\u00fdch filtr\u016f aFe<\/li>\n<li>Snadn\u00e9 pou\u017eit\u00ed s rozpra\u0161ovac\u00ed hlavic\u00ed pro rovnom\u011brn\u00e9 \u010di\u0161t\u011bn\u00ed<\/li>\n<\/ul>\n<\/li>\n<li>Modr\u00fd filtra\u010dn\u00ed olej (384 ml)\n<ul>\n<li>Poskytuje optim\u00e1ln\u00ed ochranu d\u00edky speci\u00e1ln\u00edmu oleji, kter\u00fd zachycuje nejjemn\u011bj\u0161\u00ed prachov\u00e9 \u010d\u00e1stice.<\/li>\n<li>Maximalizuje proud\u011bn\u00ed vzduchu a zlep\u0161uje v\u00fdkon motoru<\/li>\n<li>Snadno a rovnom\u011brn\u011b se nan\u00e1\u0161\u00ed<\/li>\n<\/ul>\n<\/li>\n<li>Kompletn\u00ed sada pro snadnou \u00fadr\u017ebu\n<ul>\n<li>V\u0161e, co pot\u0159ebujete, v jedn\u00e9 praktick\u00e9 sad\u011b<\/li>\n<li>Vhodn\u00e9 pro vzduchov\u00e9 filtry aFe a mnoho dal\u0161\u00edch typ\u016f opakovan\u011b pou\u017eiteln\u00fdch filtr\u016f<\/li>\n<\/ul>\n<\/li>\n<li>\u0160etrn\u00e9 k \u017eivotn\u00edmu prost\u0159ed\u00ed a odoln\u00e9\n<ul>\n<li>Sni\u017euje pot\u0159ebu jednor\u00e1zov\u00fdch filtr\u016f a p\u0159isp\u00edv\u00e1 k udr\u017eitelnosti.<\/li>\n<li>V\u00fdrazn\u011b prodlu\u017euje \u017eivotnost filtru<\/li>\n<\/ul>\n<\/li>\n<\/ol>\n<p>&nbsp;<\/p>\n<p><strong>Rozsah dod\u00e1vky:<\/strong><\/p>\n<ul>\n<li>384 ml modr\u00e9ho oleje jako aerosolov\u00fd sprej<\/li>\n<li>946 ml Power Cleaner<\/li>\n<\/ul>\n<p>&nbsp;<\/p>\n<p>&nbsp;<\/p>","protected":false},"excerpt":{"rendered":"<p>aFe POWER 90-51101L XL \u010distic\u00ed sada \/ sada pro \u00fadr\u017ebu vzduchov\u00fdch filtr\u016f aFe s modr\u00fdm filtra\u010dn\u00edm olejem aFe Power 90-51101L Air Filter Restore<\/p>","protected":false},"featured_media":68312214,"comment_status":"open","ping_status":"closed","template":"","meta":{"_acf_changed":false},"product_brand":[16879],"product_cat":[10262,3649,3984,3683,3986,4955,3336,7042,5234,2717,3972,3074,3973,3115,3122,3126,3134,3137,3143,3688,3983,3705,3990,3695,3988,3712,3992,2744,1550,2728,1558,2522,1566,2506,1574,4973,4985,2507,1582,2517,1590,19657,2729,2575,2523,1671,2501,1679,2514,1687,1790,1695,2512,1703,2589,1598,2524,1606,2502,1614,5151,5163,2504,1622,2515,1630,2516,1638,2525,1647,2521,1655,2711,2710,2520,1663,2726,1711,2503,1719,2505,1727,4671,4672,6336,6337,7051,6305,4041,4042,4043,4044,4045,2745,2716,3008,3015,2721,1735,2526,1743,4798,4810,2500,1751,2499,1759,2668,1767,2518,1775,6784,6793,2939,2942,2946,2952,2955,2963,19390,19391,4234,4242,19404,19418,4752,4761,19675,19691,7750,7771,1512,1521,5009,5021,9941,9954,2916,2922,2926,2927,2700,2706],"product_tag":[8497,16880,498,2441,824,825,3853,222,57,406,985,699,700,986,500,987],"class_list":{"0":"post-68312208","1":"product","2":"type-product","3":"status-publish","4":"has-post-thumbnail","6":"product_brand-afe-power","7":"product_cat-alle-produkte","8":"product_cat-escalade-ansaugung","9":"product_cat-escalade-wartung","10":"product_cat-avalanche-ansaugung","11":"product_cat-avalanche-wartung","12":"product_cat-camaro-20-2016-2024-ansaugung","13":"product_cat-camaro-36-2010-2015-ansaugung","14":"product_cat-camaro-36-2010-2015-wartung","15":"product_cat-camaro-36-2016-2024-ansaugung","16":"product_cat-camaro-62-2010-2015-ansaugung","17":"product_cat-camaro-62-2010-2015-wartung","18":"product_cat-camaro-62-2016-ansaugung","19":"product_cat-camaro-62-2016-wartung","20":"product_cat-corvette-c6-ansaugung","21":"product_cat-corvette-c6-wartung","22":"product_cat-corvette-c7-ansaugung","23":"product_cat-corvette-c7-wartung","24":"product_cat-corvette-c8-ansaugung","25":"product_cat-corvette-c8-wartung","26":"product_cat-silverado-ansaugung","27":"product_cat-silverado-wartung","28":"product_cat-suburban-ansaugung","29":"product_cat-suburban-wartung","30":"product_cat-tahoe-ansaugung","31":"product_cat-tahoe-wartung","32":"product_cat-trailblazer-ansaugung","33":"product_cat-trailblazer-wartung","34":"product_cat-300c-30-diesel-ansaugung","35":"product_cat-300c-30-diesel-wartung","36":"product_cat-300c-35-ansaugung","37":"product_cat-300c-35-wartung","38":"product_cat-300c-36-ansaugung","39":"product_cat-300c-36-wartung","40":"product_cat-300c-57-2005-2010-ansaugung","41":"product_cat-300c-57-2005-2010-wartung","42":"product_cat-300c-57-2011-2023-ansaugung","43":"product_cat-300c-57-2011-2023-wartung","44":"product_cat-300c-61-ansaugung","45":"product_cat-300c-61-wartung","46":"product_cat-300c-64-ansaugung","47":"product_cat-300c-64-wartung","48":"product_cat-pacifica-wartung","49":"product_cat-challenger-35-ansaugung","50":"product_cat-challenger-35-wartung","51":"product_cat-challenger-36-ansaugung","52":"product_cat-challenger-36-wartung","53":"product_cat-challenger-57-ansaugung","54":"product_cat-challenger-57-wartung","55":"product_cat-challenger-61-ansaugung","56":"product_cat-challenger-61-wartung","57":"product_cat-challenger-hellcat-ansaugung","58":"product_cat-challenger-hellcat-wartung","59":"product_cat-challenger-64-ansaugung","60":"product_cat-challenger-64-wartung","61":"product_cat-charger-35-ansaugung","62":"product_cat-charger-35-wartung","63":"product_cat-charger-36-ansaugung","64":"product_cat-charger-36-wartung","65":"product_cat-charger-57-ansaugung","66":"product_cat-charger-57-wartung","67":"product_cat-charger-57-2011-2023-ansaugung","68":"product_cat-dodge-charger-57-2011-2023-wartung","69":"product_cat-charger-61-ansaugung","70":"product_cat-charger-61-wartung","71":"product_cat-charger-hellcat-ansaugung","72":"product_cat-charger-hellcat-wartung","73":"product_cat-charger-64-ansaugung","74":"product_cat-charger-64-wartung","75":"product_cat-durango-36-ansaugung","76":"product_cat-durango-36-wartung","77":"product_cat-durango-57-ansaugung","78":"product_cat-durango-57-wartung","79":"product_cat-durango-hellcat-ansaugung","80":"product_cat-durango-hellcat-wartung","81":"product_cat-durango-64-ansaugung","82":"product_cat-durango-64-wartung","83":"product_cat-magnum-35-ansaugung","84":"product_cat-magnum-35-wartung","85":"product_cat-magnum-57-ansaugung","86":"product_cat-magnum-57-wartung","87":"product_cat-magnum-61-ansaugung","88":"product_cat-magnum-61-wartung","89":"product_cat-bronco-23-ecoboost-ansaugung","90":"product_cat-bronco-27-ecoboost-ansaugung","91":"product_cat-f-150-27-ecoboost-ansaugung","92":"product_cat-f-150-35-ecoboost-ansaugung","93":"product_cat-f-150-35-ecoboost-raptor-ansaugung","94":"product_cat-f-150-50-2015-ansaugung","95":"product_cat-mustang-23-ecoboost-ansaugung","96":"product_cat-mustang-37-ansaugung","97":"product_cat-mustang-50-gt-ansaugung","98":"product_cat-shelby-gt350-ansaugung","99":"product_cat-shelby-gt500-ansaugung","100":"product_cat-commander-ansaugung","101":"product_cat-commander-wartung","102":"product_cat-gladiator-36-ansaugung","103":"product_cat-gladiator-36-wartung","104":"product_cat-grand-cherokee-30-diesel-ansaugung","105":"product_cat-grand-cherokee-30-diesel-wartung","106":"product_cat-grand-cherokee-36-ansaugung","107":"product_cat-grand-cherokee-36-wartung","108":"product_cat-grand-cherokee-57-2005-2010-ansaugung","109":"product_cat-grand-cherokee-57-2005-2010-wartung","110":"product_cat-grand-cherokee-57-2011-2021-ansaugung","111":"product_cat-grand-cherokee-57-2011-2021-wartung","112":"product_cat-grand-cherokee-61-ansaugung","113":"product_cat-grand-cherokee-61-wartung","114":"product_cat-trackhawk-ansaugung","115":"product_cat-trackhawk-wartung","116":"product_cat-grand-cherokee-64-ansaugung","117":"product_cat-grand-cherokee-64-wartung","118":"product_cat-wagoneer-64-ansaugung","119":"product_cat-wagoneer-64-wartung","120":"product_cat-wrangler-20-turbo-ansaugung","121":"product_cat-wrangler-20-turbo-wartung","122":"product_cat-wrangler-36-ansaugung","123":"product_cat-wrangler-36-wartung","124":"product_cat-wrangler-64-ansaugung","125":"product_cat-wrangler-64-wartung","126":"product_cat-1500-30-ansaugung","127":"product_cat-1500-30-wartung","128":"product_cat-1500-ecodiesel-ansaugung","129":"product_cat-1500-ecodiesel-wartung","130":"product_cat-1500-ecodiesel-2020-2023-ansaugung","131":"product_cat-1500-ecodiesel-2020-2023-wartung","132":"product_cat-1500-36-ansaugung","133":"product_cat-1500-36-wartung","134":"product_cat-1500-36-ansaugung-dt","135":"product_cat-1500-36-dt-wartung","136":"product_cat-1500-57-2003-2008-ansaugung","137":"product_cat-1500-57-2003-2008-wartung","138":"product_cat-1500-57-2009-2018-classic-ansaugung","139":"product_cat-1500-57-2009-2018-classic-wartung","140":"product_cat-1500-57-dt-ansaugung","141":"product_cat-1500-57-dt-wartung","142":"product_cat-2500-3500-57-ansaugung","143":"product_cat-2500-3500-57-wartung","144":"product_cat-2500-3500-64-ansaugung","145":"product_cat-2500-3500-64-wartung","146":"product_cat-67-cummins-ansaugung","147":"product_cat-67-cummins-wartung","148":"product_cat-trx-ansaugung","149":"product_cat-trx-wartung","150":"product_tag-90-51101l","151":"product_tag-advanced-flow-engineering","152":"product_tag-afe","153":"product_tag-afe-power","154":"product_tag-cai","155":"product_tag-cold-air-intake","156":"product_tag-dodge-challenger","157":"product_tag-kit","158":"product_tag-luftfilter","159":"product_tag-oel","160":"product_tag-pflege","161":"product_tag-reiniger","162":"product_tag-reinigung","163":"product_tag-set","164":"product_tag-sportluftfilter","165":"product_tag-spray","167":"first","168":"instock","169":"taxable","170":"shipping-taxable","171":"purchasable","172":"product-type-simple"},"bundled_by":[],"bundle_stock_status":"instock","bundle_stock_quantity":6,"bundle_virtual":false,"bundle_layout":"","bundle_add_to_cart_form_location":"","bundle_editable_in_cart":false,"bundle_sold_individually_context":"","bundle_item_grouping":"","bundle_min_size":"","bundle_max_size":"","bundle_price":[],"bundled_items":[],"bundle_sell_ids":[],"exclude_global_add_ons":[],"addons":[],"acf":[],"_links":{"self":[{"href":"https:\/\/kraftwerk-shop.cc\/cs\/wp-json\/wp\/v2\/product\/68312208","targetHints":{"allow":["GET"]}}],"collection":[{"href":"https:\/\/kraftwerk-shop.cc\/cs\/wp-json\/wp\/v2\/product"}],"about":[{"href":"https:\/\/kraftwerk-shop.cc\/cs\/wp-json\/wp\/v2\/types\/product"}],"replies":[{"embeddable":true,"href":"https:\/\/kraftwerk-shop.cc\/cs\/wp-json\/wp\/v2\/comments?post=68312208"}],"version-history":[{"count":0,"href":"https:\/\/kraftwerk-shop.cc\/cs\/wp-json\/wp\/v2\/product\/68312208\/revisions"}],"wp:featuredmedia":[{"embeddable":true,"href":"https:\/\/kraftwerk-shop.cc\/cs\/wp-json\/wp\/v2\/media\/68312214"}],"wp:attachment":[{"href":"https:\/\/kraftwerk-shop.cc\/cs\/wp-json\/wp\/v2\/media?parent=68312208"}],"wp:term":[{"taxonomy":"product_brand","embeddable":true,"href":"https:\/\/kraftwerk-shop.cc\/cs\/wp-json\/wp\/v2\/product_brand?post=68312208"},{"taxonomy":"product_cat","embeddable":true,"href":"https:\/\/kraftwerk-shop.cc\/cs\/wp-json\/wp\/v2\/product_cat?post=68312208"},{"taxonomy":"product_tag","embeddable":true,"href":"https:\/\/kraftwerk-shop.cc\/cs\/wp-json\/wp\/v2\/product_tag?post=68312208"}],"curies":[{"name":"wp","href":"https:\/\/api.w.org\/{rel}","templated":true}]}}