{"id":68312947,"date":"2024-12-22T12:53:54","date_gmt":"2024-12-22T11:53:54","guid":{"rendered":"https:\/\/kraftwerk-shop.cc\/?post_type=product&#038;p=68312947"},"modified":"2026-04-16T21:50:46","modified_gmt":"2026-04-16T19:50:46","slug":"bd-sberne-vyfukove-potrubii-ram-dt-57","status":"publish","type":"product","link":"https:\/\/kraftwerk-shop.cc\/cs\/produkt\/bd-abgaskruemmer-kit-ram-dt-57\/","title":{"rendered":"Sada v\u00fdfukov\u00e9ho potrub\u00ed BD RAM DT 5.7"},"content":{"rendered":"<h1>Sada v\u00fdfukov\u00e9ho potrub\u00ed pro RAM DT 5.7 od 2019 do 2024<\/h1>\n<p>&nbsp;<\/p>\n<p>Praskl\u00e9 a net\u011bsn\u00e9 v\u00fdfukov\u00e9 potrub\u00ed je bohu\u017eel u modelu RAM sp\u00ed\u0161e pravidlem ne\u017e v\u00fdjimkou. Dos\u00e1hn\u011bte vy\u0161\u0161\u00ed \u017eivotnosti s vylep\u0161enou sadou v\u00fdfukov\u00e9ho potrub\u00ed pro n\u00e1kladn\u00ed vozy Dodge\/RAM, speci\u00e1ln\u011b vyvinutou pro motory 5,7 l HEMI.<br \/>\nRozd\u011blova\u010de BD Upgrade \u0159e\u0161\u00ed b\u011b\u017en\u00e9 probl\u00e9my se \u0161rouby rozd\u011blova\u010de pou\u017eit\u00edm prodlou\u017een\u00fdch spojovac\u00edch prvk\u016f a distan\u010dn\u00edch podlo\u017eek, kter\u00e9 \u00fa\u010dinn\u011b odol\u00e1vaj\u00ed tepeln\u00e9 rozta\u017enosti.<br \/>\nStejn\u011b \u010dast\u00e9 praskliny v rozd\u011blova\u010di jsou potla\u010deny siln\u011bj\u0161\u00ed tlou\u0161\u0165kou st\u011bny, kter\u00e1 je na rozd\u00edl od rozd\u011blova\u010d\u016f OEM ve v\u0161ech bodech rovnom\u011brn\u011b siln\u00e1.<br \/>\nKrom\u011b toho byly pro tepeln\u00fd \u0161t\u00edt navr\u017eeny nez\u00e1visl\u00e9 mont\u00e1\u017en\u00ed body, kter\u00e9 jej odd\u011bluj\u00ed od mont\u00e1\u017en\u00edch \u0161roub\u016f a d\u00e1le zvy\u0161uj\u00ed spolehlivost.<br \/>\nRozd\u011blova\u010de BD jsou vyrobeny s vysokou p\u0159esnost\u00ed, vyzna\u010duj\u00ed se robustn\u00ed silnost\u011bnnou konstrukc\u00ed a jsou vyrobeny z tv\u00e1rn\u00e9 litiny s vysok\u00fdm obsahem k\u0159em\u00edku, kter\u00e1 zabra\u0148uje deformaci a zaji\u0161\u0165uje, \u017ee va\u0161e vozidlo z\u016fstane dlouhodob\u011b v nejlep\u0161\u00ed kondici.<\/p>\n<p>&nbsp;<\/p>\n<p><strong>Srovn\u00e1vac\u00ed \u010d\u00edsla Mopar:<\/strong> 68591572AB, 68591573AB, 68021512BA, 68021512AD, 68021512AE, 68021512AF<\/p>\n<p><strong>Funkce<\/strong><\/p>\n<ul>\n<li>Odlitky z tv\u00e1rn\u00e9 litiny s vysok\u00fdm obsahem k\u0159em\u00edku<\/li>\n<li>Del\u0161\u00ed upev\u0148ovac\u00ed prvky s distan\u010dn\u00edmi prvky<\/li>\n<li>Sada obsahuje 2 rozd\u011blova\u010de, v\u0161echna t\u011bsn\u011bn\u00ed a upev\u0148ovac\u00ed prvky.<\/li>\n<\/ul>\n<p>&nbsp;<\/p>\n<p><strong>Vhodn\u00e9 pro:<\/strong><\/p>\n<table width=\"728\">\n<tbody>\n<tr>\n<td width=\"83\"><strong>Rok v\u00fdstavby<\/strong><\/td>\n<td width=\"83\"><strong>Zna\u010dka<\/strong><\/td>\n<td width=\"142\"><strong>Model<\/strong><\/td>\n<td width=\"275\"><strong>Verze<\/strong><\/td>\n<td width=\"145\"><strong>Motor<\/strong><\/td>\n<\/tr>\n<tr>\n<td width=\"83\">2024<\/td>\n<td width=\"83\">Ram<\/td>\n<td width=\"142\">1500<\/td>\n<td width=\"275\">Big Horn, Laramie, Limited, Limited Longhorn, Lone Star, Rebel, Tradesman<\/td>\n<td width=\"145\">5.7L<\/td>\n<\/tr>\n<tr>\n<td width=\"83\">2023<\/td>\n<td width=\"83\">Ram<\/td>\n<td width=\"142\">1500<\/td>\n<td width=\"275\">Big Horn, Laramie, Limited, Limited Longhorn, Lone Star, Rebel, Tradesman<\/td>\n<td width=\"145\">5.7L<\/td>\n<\/tr>\n<tr>\n<td width=\"83\">2022<\/td>\n<td width=\"83\">Ram<\/td>\n<td width=\"142\">1500<\/td>\n<td width=\"275\">Big Horn, Laramie, Limited, Limited Longhorn, Lone Star, Rebel, Tradesman<\/td>\n<td width=\"145\">5.7L<\/td>\n<\/tr>\n<tr>\n<td width=\"83\">2021<\/td>\n<td width=\"83\">Ram<\/td>\n<td width=\"142\">1500<\/td>\n<td width=\"275\">Big Horn, Laramie, Limited, Limited Longhorn, Lone Star, Rebel, Tradesman<\/td>\n<td width=\"145\">5.7L<\/td>\n<\/tr>\n<tr>\n<td width=\"83\">2020<\/td>\n<td width=\"83\">Ram<\/td>\n<td width=\"142\">1500<\/td>\n<td width=\"275\">Big Horn, Laramie, Laramie Longhorn, Limited, Lone Star, Rebel, Tradesman<\/td>\n<td width=\"145\">5.7L<\/td>\n<\/tr>\n<tr>\n<td width=\"83\">2019<\/td>\n<td width=\"83\">Ram<\/td>\n<td width=\"142\">1500<\/td>\n<td width=\"275\">Big Horn, Laramie, Laramie Longhorn, Limited, Lone Star, Rebel, Tradesman<\/td>\n<td width=\"145\">5.7L<\/td>\n<\/tr>\n<\/tbody>\n<\/table>\n<p>Tyto rozd\u011blova\u010de jsou vhodn\u00e9 pouze pro model DT z let 2019 a\u017e 2024, nikoli pro model Classic DS z let 2009 a\u017e 2024.<\/p>\n<p><strong><br \/>\nPozn\u00e1mka k p\u0159id\u011blen\u00ed modelu:<\/strong><\/p>\n<p>\u0160est\u00e1 \u010d\u00edslice \u010d\u00edsla podvozku (VIN) je model (X X X X X X X X X 6 X X X X X X X X X X X X X X X X X X X).<br \/>\nPokud je \u010d\u00edslo E nebo F, pak je va\u0161e vozidlo model RAM 1500 DT a tyto rozd\u011blova\u010de BD budou pasovat na va\u0161e vozidlo.<\/p>\n<p>&nbsp;<\/p>\n<p><iframe loading=\"lazy\" title=\"V\u00fdfukov\u00e9 potrub\u00ed BD RAM DT, Durango a Grand Cherokee 5.7\" width=\"500\" height=\"281\" src=\"https:\/\/www.youtube.com\/embed\/z_gEcupkPgM?feature=oembed\" frameborder=\"0\" allow=\"accelerometer; autoplay; clipboard-write; encrypted-media; gyroscope; picture-in-picture; web-share\" referrerpolicy=\"strict-origin-when-cross-origin\" allowfullscreen><\/iframe><\/p>\n<p><iframe loading=\"lazy\" title=\"V\u00fdfukov\u00e9 potrub\u00ed BD RAM DT, Durango a Grand Cherokee 5.7\" width=\"500\" height=\"281\" src=\"https:\/\/www.youtube.com\/embed\/RLH7kqcLV74?feature=oembed\" frameborder=\"0\" allow=\"accelerometer; autoplay; clipboard-write; encrypted-media; gyroscope; picture-in-picture; web-share\" referrerpolicy=\"strict-origin-when-cross-origin\" allowfullscreen><\/iframe><\/p>\n<p><iframe loading=\"lazy\" title=\"\u0158e\u0161en\u00ed probl\u00e9mu s rozd\u011blova\u010dem 4. a 5. generace RAM 5.7\" width=\"500\" height=\"281\" src=\"https:\/\/www.youtube.com\/embed\/C5uJ1h19_-Q?feature=oembed\" frameborder=\"0\" allow=\"accelerometer; autoplay; clipboard-write; encrypted-media; gyroscope; picture-in-picture; web-share\" referrerpolicy=\"strict-origin-when-cross-origin\" allowfullscreen><\/iframe><\/p>\n<p>&nbsp;<\/p>\n<p><strong>O v\u00fdrobci<\/strong><\/p>\n<p>Spole\u010dnost BD byla zalo\u017eena v roce 1972 jako Valley Fuel Injection Ltd. a proslavila se v roce 1989, kdy p\u0159edstavila prvn\u00ed v\u00fdfukovou brzdu pro nov\u011b vznikaj\u00edc\u00ed trh s dieselov\u00fdmi pick-upy. Dnes tvo\u0159\u00ed Valley Fuel Injection (nyn\u00ed BD Diesel Truck Service &amp; Performance Centre) a BD Diesel Performance jednu spole\u010dnost se specializovan\u00fdmi divizemi pro komponenty dieselov\u00fdch pohonn\u00fdch jednotek. BD je inovativn\u00ed a glob\u00e1ln\u00ed spole\u010dnost, kter\u00e1 distribuuje produkty pro severoamerick\u00fd trh, a to jak pro vzn\u011btov\u00e9, tak pro z\u00e1\u017eehov\u00e9 motory. Na\u0161e sada v\u00fdfukov\u00e9ho potrub\u00ed pro RAM 5.7 je vysoce kvalitn\u00ed v\u00fdrobek pro v\u00e1\u0161 RAM, kter\u00fd zaji\u0161\u0165uje optim\u00e1ln\u00ed v\u00fdkon a \u00fa\u010dinnost.<\/p>\n<p>&nbsp;<\/p>\n<p>&nbsp;<\/p>","protected":false},"excerpt":{"rendered":"<p>2019 - 2024<\/p>","protected":false},"featured_media":68312952,"comment_status":"open","ping_status":"closed","template":"","meta":{"_acf_changed":false},"product_brand":[20019],"product_cat":[10262,6624],"product_tag":[9405,475,6550,6551,6552,6549,9403,9404,605,9618,9614,9606,9621,9610,9605,9619,9631,9626,9622,9613,9616,9601,9615,9627,9633,9624,9634,9636,9625,9617,9623,9637,9629,9607,9609,9611,9612,9620,9608,9632,9628,9635,9630,6579,9599,20099,20100,9602,476,9603,9407,9604,550,393,86,3507,7814,9600,6831,216,9406],"class_list":{"0":"post-68312947","1":"product","2":"type-product","3":"status-publish","4":"has-post-thumbnail","6":"product_brand-bd-diesel","7":"product_cat-alle-produkte","8":"product_cat-1500-57-dt-abgaskruemmer-katalysatoren","9":"product_tag-9405","10":"product_tag-475","11":"product_tag-68021512ad","12":"product_tag-68021512ae","13":"product_tag-68021512af","14":"product_tag-68021512ba","15":"product_tag-68591572ab","16":"product_tag-68591573ab","17":"product_tag-abgaskruemmer","18":"product_tag-abgaskruemmer-angebote","19":"product_tag-abgaskruemmer-anleitung","20":"product_tag-abgaskruemmer-austausch","21":"product_tag-abgaskruemmer-bewertungen","22":"product_tag-abgaskruemmer-bolzen","23":"product_tag-abgaskruemmer-dichtung","24":"product_tag-abgaskruemmer-erfahrungen","25":"product_tag-abgaskruemmer-ersatzteile","26":"product_tag-abgaskruemmer-garantie","27":"product_tag-abgaskruemmer-hersteller","28":"product_tag-abgaskruemmer-installation","29":"product_tag-abgaskruemmer-kaufen","30":"product_tag-abgaskruemmer-kit","31":"product_tag-abgaskruemmer-kosten","32":"product_tag-abgaskruemmer-lebensdauer","33":"product_tag-abgaskruemmer-lieferzeit","34":"product_tag-abgaskruemmer-material","35":"product_tag-abgaskruemmer-montage","36":"product_tag-abgaskruemmer-online-shop","37":"product_tag-abgaskruemmer-passgenauigkeit","38":"product_tag-abgaskruemmer-preisvergleich","39":"product_tag-abgaskruemmer-qualitaet","40":"product_tag-abgaskruemmer-rabatt","41":"product_tag-abgaskruemmer-reinigung","42":"product_tag-abgaskruemmer-reparatur","43":"product_tag-abgaskruemmer-riss","44":"product_tag-abgaskruemmer-schrauben","45":"product_tag-abgaskruemmer-set","46":"product_tag-abgaskruemmer-testberichte","47":"product_tag-abgaskruemmer-upgrade","48":"product_tag-abgaskruemmer-versand","49":"product_tag-abgaskruemmer-wartung","50":"product_tag-abgaskruemmer-werkstatt","51":"product_tag-abgaskruemmer-zubehoer","52":"product_tag-bd","53":"product_tag-bd-abgaskruemmer","54":"product_tag-bd-diesel","55":"product_tag-bd-diesel-performance","56":"product_tag-dodge-ram-tuning","57":"product_tag-dt","58":"product_tag-edelstahl-abgaskruemmer","59":"product_tag-gerissene-kruemmer-ram","60":"product_tag-hitzeschutzband","61":"product_tag-kruemmer","62":"product_tag-leistungssteigerung","63":"product_tag-ram","64":"product_tag-ram1500","65":"product_tag-ram-5-7","66":"product_tag-ram-5-7-hemi","67":"product_tag-ram-dt","68":"product_tag-upgrade","69":"product_tag-upgrade-kruemmer","70":"product_shipping_class-paket-l","72":"first","73":"instock","74":"taxable","75":"shipping-taxable","76":"purchasable","77":"product-type-simple"},"bundled_by":[],"bundle_stock_status":"instock","bundle_stock_quantity":8,"bundle_virtual":false,"bundle_layout":"","bundle_add_to_cart_form_location":"","bundle_editable_in_cart":false,"bundle_sold_individually_context":"","bundle_item_grouping":"","bundle_min_size":"","bundle_max_size":"","bundle_price":[],"bundled_items":[],"bundle_sell_ids":[],"exclude_global_add_ons":[],"addons":[],"acf":[],"_links":{"self":[{"href":"https:\/\/kraftwerk-shop.cc\/cs\/wp-json\/wp\/v2\/product\/68312947","targetHints":{"allow":["GET"]}}],"collection":[{"href":"https:\/\/kraftwerk-shop.cc\/cs\/wp-json\/wp\/v2\/product"}],"about":[{"href":"https:\/\/kraftwerk-shop.cc\/cs\/wp-json\/wp\/v2\/types\/product"}],"replies":[{"embeddable":true,"href":"https:\/\/kraftwerk-shop.cc\/cs\/wp-json\/wp\/v2\/comments?post=68312947"}],"version-history":[{"count":0,"href":"https:\/\/kraftwerk-shop.cc\/cs\/wp-json\/wp\/v2\/product\/68312947\/revisions"}],"wp:featuredmedia":[{"embeddable":true,"href":"https:\/\/kraftwerk-shop.cc\/cs\/wp-json\/wp\/v2\/media\/68312952"}],"wp:attachment":[{"href":"https:\/\/kraftwerk-shop.cc\/cs\/wp-json\/wp\/v2\/media?parent=68312947"}],"wp:term":[{"taxonomy":"product_brand","embeddable":true,"href":"https:\/\/kraftwerk-shop.cc\/cs\/wp-json\/wp\/v2\/product_brand?post=68312947"},{"taxonomy":"product_cat","embeddable":true,"href":"https:\/\/kraftwerk-shop.cc\/cs\/wp-json\/wp\/v2\/product_cat?post=68312947"},{"taxonomy":"product_tag","embeddable":true,"href":"https:\/\/kraftwerk-shop.cc\/cs\/wp-json\/wp\/v2\/product_tag?post=68312947"}],"curies":[{"name":"wp","href":"https:\/\/api.w.org\/{rel}","templated":true}]}}