{"id":68313034,"date":"2024-12-23T20:46:00","date_gmt":"2024-12-23T19:46:00","guid":{"rendered":"https:\/\/kraftwerk-shop.cc\/?post_type=product&#038;p=68313034"},"modified":"2026-03-25T00:59:26","modified_gmt":"2026-03-24T23:59:26","slug":"vzduchovy-filtr-ram-68441763aa","status":"publish","type":"product","link":"https:\/\/kraftwerk-shop.cc\/cs\/produkt\/luftfilter-ram-68441763aa\/","title":{"rendered":"Vzduchov\u00fd filtr RAM"},"content":{"rendered":"<h1>Vzduchov\u00fd filtr pro RAM 3.0 EcoDiesel, 3.6 a 5.7<\/h1>\n<p>&nbsp;<\/p>\n<p><strong>Srovn\u00e1vac\u00ed \u010d\u00edsla Mopar:<\/strong> <span class=\"list-value sku-display\">68441763AA, <span class=\"list-value\">53032404AA, 53032404AB, 53032404AC, 68319604AA<br \/>\n<\/span><\/span><\/p>\n<p><strong><br \/>\nVhodn\u00e9 pro:<\/strong><\/p>\n<table style=\"width: 969px;\" width=\"916\">\n<tbody>\n<tr>\n<td style=\"width: 70.7667px;\"><strong>Rok v\u00fdstavby<\/strong><\/td>\n<td style=\"width: 83.25px;\"><strong>Zna\u010dka<\/strong><\/td>\n<td style=\"width: 139.183px;\"><strong>Model<\/strong><\/td>\n<td style=\"width: 402.367px;\"><strong>Verze<\/strong><\/td>\n<td style=\"width: 238.033px;\"><strong>Motor<\/strong><\/td>\n<\/tr>\n<tr>\n<td style=\"width: 70.7667px;\">2023<\/td>\n<td style=\"width: 83.25px;\">Ram<\/td>\n<td style=\"width: 139.183px;\">1500<\/td>\n<td style=\"width: 402.367px;\">Big Horn, Laramie, Limited, Limited Longhorn, Lone Star, Rebel, Tradesman<\/td>\n<td style=\"width: 238.033px;\">3.0L V6 - Diesel<\/td>\n<\/tr>\n<tr>\n<td style=\"width: 70.7667px;\">2022<\/td>\n<td style=\"width: 83.25px;\">Ram<\/td>\n<td style=\"width: 139.183px;\">1500<\/td>\n<td style=\"width: 402.367px;\">Big Horn, Laramie, Limited, Limited Longhorn, Lone Star, Rebel, Tradesman<\/td>\n<td style=\"width: 238.033px;\">3.0L V6 - Diesel<\/td>\n<\/tr>\n<tr>\n<td style=\"width: 70.7667px;\">2022<\/td>\n<td style=\"width: 83.25px;\">Ram<\/td>\n<td style=\"width: 139.183px;\">1500 Classic<\/td>\n<td style=\"width: 402.367px;\">Express, SLT, Tradesman, Warlock<\/td>\n<td style=\"width: 238.033px;\">3.6L V6 - Flex<\/td>\n<\/tr>\n<tr>\n<td style=\"width: 70.7667px;\">2021<\/td>\n<td style=\"width: 83.25px;\">Ram<\/td>\n<td style=\"width: 139.183px;\">1500<\/td>\n<td style=\"width: 402.367px;\">Big Horn, Laramie, Limited, Limited Longhorn, Lone Star, Rebel, Tradesman<\/td>\n<td style=\"width: 238.033px;\">3.0L V6 - Diesel<\/td>\n<\/tr>\n<tr>\n<td style=\"width: 70.7667px;\">2021<\/td>\n<td style=\"width: 83.25px;\">Ram<\/td>\n<td style=\"width: 139.183px;\">1500 Classic<\/td>\n<td style=\"width: 402.367px;\">Express, SLT, Tradesman, Warlock<\/td>\n<td style=\"width: 238.033px;\">3.6L V6 - Flex<\/td>\n<\/tr>\n<tr>\n<td style=\"width: 70.7667px;\">2020<\/td>\n<td style=\"width: 83.25px;\">Ram<\/td>\n<td style=\"width: 139.183px;\">1500<\/td>\n<td style=\"width: 402.367px;\">Big Horn, Laramie, Laramie Longhorn, Limited, Lone Star, Rebel, Tradesman<\/td>\n<td style=\"width: 238.033px;\">3.0L V6 - Diesel<\/td>\n<\/tr>\n<tr>\n<td style=\"width: 70.7667px;\">2020<\/td>\n<td style=\"width: 83.25px;\">Ram<\/td>\n<td style=\"width: 139.183px;\">1500 Classic<\/td>\n<td style=\"width: 402.367px;\">Express, SLT, Special Service, Tradesman, Warlock<\/td>\n<td style=\"width: 238.033px;\">3.6L V6 - Flex, 5.7L<\/td>\n<\/tr>\n<tr>\n<td style=\"width: 70.7667px;\">2019<\/td>\n<td style=\"width: 83.25px;\">Ram<\/td>\n<td style=\"width: 139.183px;\">1500 Classic<\/td>\n<td style=\"width: 402.367px;\">Big Horn, Express, Lone Star, SLT, Special Service, Tradesman, Warlock<\/td>\n<td style=\"width: 238.033px;\">3.6L V6 - Flex, 5.7L<\/td>\n<\/tr>\n<tr>\n<td style=\"width: 70.7667px;\">2018<\/td>\n<td style=\"width: 83.25px;\">Ram<\/td>\n<td style=\"width: 139.183px;\">1500<\/td>\n<td style=\"width: 402.367px;\">Big Horn, Express, Laramie, Laramie Longhorn, Limited, Lone Star, Rebel, SLT, Special Service, Sport, Tradesman<\/td>\n<td style=\"width: 238.033px;\">3.6L V6 - Flex, 5.7L<\/td>\n<\/tr>\n<tr>\n<td style=\"width: 70.7667px;\">2018<\/td>\n<td style=\"width: 83.25px;\">Ram<\/td>\n<td style=\"width: 139.183px;\">2500<\/td>\n<td style=\"width: 402.367px;\">Big Horn, SLT, Tradesman<\/td>\n<td style=\"width: 238.033px;\">5.7L V8 - CNG, 5.7L<\/td>\n<\/tr>\n<tr>\n<td style=\"width: 70.7667px;\">2018<\/td>\n<td style=\"width: 83.25px;\">Ram<\/td>\n<td style=\"width: 139.183px;\">3500<\/td>\n<td style=\"width: 402.367px;\">Big Horn, SLT, Tradesman<\/td>\n<td style=\"width: 238.033px;\">5.7L<\/td>\n<\/tr>\n<tr>\n<td style=\"width: 70.7667px;\">2017<\/td>\n<td style=\"width: 83.25px;\">Ram<\/td>\n<td style=\"width: 139.183px;\">1500<\/td>\n<td style=\"width: 402.367px;\">Big Horn, Express, Laramie, Laramie Longhorn, Limited, Lone Star, Rebel, SLT, Special Service, Sport, Tradesman<\/td>\n<td style=\"width: 238.033px;\">3.6L V6 - Flex, 5.7L<\/td>\n<\/tr>\n<tr>\n<td style=\"width: 70.7667px;\">2017<\/td>\n<td style=\"width: 83.25px;\">Ram<\/td>\n<td style=\"width: 139.183px;\">2500<\/td>\n<td style=\"width: 402.367px;\">Big Horn, Laramie, Laramie Longhorn, Limited, SLT, Tradesman<\/td>\n<td style=\"width: 238.033px;\">5.7L V8 - CNG, 5.7L<\/td>\n<\/tr>\n<tr>\n<td style=\"width: 70.7667px;\">2017<\/td>\n<td style=\"width: 83.25px;\">Ram<\/td>\n<td style=\"width: 139.183px;\">3500<\/td>\n<td style=\"width: 402.367px;\">Big Horn, Laramie, Laramie Longhorn, Limited, Lone Star, SLT, Tradesman<\/td>\n<td style=\"width: 238.033px;\">5.7L<\/td>\n<\/tr>\n<tr>\n<td style=\"width: 70.7667px;\">2016<\/td>\n<td style=\"width: 83.25px;\">Ram<\/td>\n<td style=\"width: 139.183px;\">1500<\/td>\n<td style=\"width: 402.367px;\">Big Horn, Express, HFE, Laramie, Laramie Longhorn, Limited, Lone Star, Outdoorsman, Rebel, SLT, Special Service, Sport, Tradesman<\/td>\n<td style=\"width: 238.033px;\">3.6L V6 - Flex, 5.7L<\/td>\n<\/tr>\n<tr>\n<td style=\"width: 70.7667px;\">2016<\/td>\n<td style=\"width: 83.25px;\">Ram<\/td>\n<td style=\"width: 139.183px;\">2500<\/td>\n<td style=\"width: 402.367px;\">Big Horn, Laramie, Laramie Longhorn, Limited, Outdoorsman, SLT, Tradesman<\/td>\n<td style=\"width: 238.033px;\">5.7L V8 - CNG, 5.7L<\/td>\n<\/tr>\n<tr>\n<td style=\"width: 70.7667px;\">2016<\/td>\n<td style=\"width: 83.25px;\">Ram<\/td>\n<td style=\"width: 139.183px;\">3500<\/td>\n<td style=\"width: 402.367px;\">Big Horn, Laramie, Laramie Longhorn, Limited, SLT, Tradesman<\/td>\n<td style=\"width: 238.033px;\">5.7L<\/td>\n<\/tr>\n<tr>\n<td style=\"width: 70.7667px;\">2015<\/td>\n<td style=\"width: 83.25px;\">Ram<\/td>\n<td style=\"width: 139.183px;\">1500<\/td>\n<td style=\"width: 402.367px;\">Big Horn, Express, HFE, Laramie, Laramie Limited, Laramie Longhorn, Limited, Lone Star, Outdoorsman, Rebel, SLT, Special Service, Sport, Tradesman<\/td>\n<td style=\"width: 238.033px;\">3.6L V6 - Flex, 5.7L<\/td>\n<\/tr>\n<tr>\n<td style=\"width: 70.7667px;\">2015<\/td>\n<td style=\"width: 83.25px;\">Ram<\/td>\n<td style=\"width: 139.183px;\">2500<\/td>\n<td style=\"width: 402.367px;\">Big Horn, Laramie, Laramie Limited, Laramie Longhorn, Lone Star, Outdoorsman, SLT, Tradesman<\/td>\n<td style=\"width: 238.033px;\">5.7L V8 - CNG, 5.7L<\/td>\n<\/tr>\n<tr>\n<td style=\"width: 70.7667px;\">2015<\/td>\n<td style=\"width: 83.25px;\">Ram<\/td>\n<td style=\"width: 139.183px;\">3500<\/td>\n<td style=\"width: 402.367px;\">Big Horn, Laramie, Laramie Limited, Laramie Longhorn, Lone Star, SLT, Tradesman<\/td>\n<td style=\"width: 238.033px;\">5.7L<\/td>\n<\/tr>\n<tr>\n<td style=\"width: 70.7667px;\">2014<\/td>\n<td style=\"width: 83.25px;\">Ram<\/td>\n<td style=\"width: 139.183px;\">1500<\/td>\n<td style=\"width: 402.367px;\">Big Horn, Express, HFE, Laramie, Laramie Limited, Laramie Longhorn, Lone Star, Outdoorsman, SLT, Special Service, Sport, Tradesman<\/td>\n<td style=\"width: 238.033px;\">3.6L V6 - Flex, 5.7L<\/td>\n<\/tr>\n<tr>\n<td style=\"width: 70.7667px;\">2014<\/td>\n<td style=\"width: 83.25px;\">Ram<\/td>\n<td style=\"width: 139.183px;\">2500<\/td>\n<td style=\"width: 402.367px;\">Big Horn, Laramie, Laramie Limited, Laramie Longhorn, Lone Star, Outdoorsman, SLT, Tradesman<\/td>\n<td style=\"width: 238.033px;\">5.7L V8 - CNG, 5.7L<\/td>\n<\/tr>\n<tr>\n<td style=\"width: 70.7667px;\">2014<\/td>\n<td style=\"width: 83.25px;\">Ram<\/td>\n<td style=\"width: 139.183px;\">3500<\/td>\n<td style=\"width: 402.367px;\">Big Horn, Laramie, Laramie Limited, Laramie Longhorn, Lone Star, SLT, Tradesman<\/td>\n<td style=\"width: 238.033px;\">5.7L<\/td>\n<\/tr>\n<tr>\n<td style=\"width: 70.7667px;\">2013<\/td>\n<td style=\"width: 83.25px;\">Ram<\/td>\n<td style=\"width: 139.183px;\">1500<\/td>\n<td style=\"width: 402.367px;\">Big Horn, Express, HFE, Laramie, Laramie Longhorn, Outdoorsman, R\/T, SLT, Sport, Tradesman<\/td>\n<td style=\"width: 238.033px;\">3.6L V6 - Flex, 4.7L V8 - Flex, 5.7L<\/td>\n<\/tr>\n<tr>\n<td style=\"width: 70.7667px;\">2013<\/td>\n<td style=\"width: 83.25px;\">Ram<\/td>\n<td style=\"width: 139.183px;\">2500<\/td>\n<td style=\"width: 402.367px;\">Big Horn, Laramie, Laramie Longhorn, Lone Star, Outdoorsman, Power Wagon, SLT, Tradesman<\/td>\n<td style=\"width: 238.033px;\">5.7L V8 - CNG, 5.7L<\/td>\n<\/tr>\n<tr>\n<td style=\"width: 70.7667px;\">2013<\/td>\n<td style=\"width: 83.25px;\">Ram<\/td>\n<td style=\"width: 139.183px;\">3500<\/td>\n<td style=\"width: 402.367px;\">Big Horn, Laramie, Laramie Longhorn, Lone Star, SLT, Tradesman<\/td>\n<td style=\"width: 238.033px;\">5.7L<\/td>\n<\/tr>\n<tr>\n<td style=\"width: 70.7667px;\">2012<\/td>\n<td style=\"width: 83.25px;\">Ram<\/td>\n<td style=\"width: 139.183px;\">1500<\/td>\n<td style=\"width: 402.367px;\">Big Horn, Express, Laramie, Laramie Longhorn, Outdoorsman, SLT, ST, Sport, Tradesman, Tradesman HD<\/td>\n<td style=\"width: 238.033px;\">3.7L, 4.7L V8 - Flex, 5.7L<\/td>\n<\/tr>\n<tr>\n<td style=\"width: 70.7667px;\">2012<\/td>\n<td style=\"width: 83.25px;\">Ram<\/td>\n<td style=\"width: 139.183px;\">2500<\/td>\n<td style=\"width: 402.367px;\">Laramie, Laramie Longhorn, Outdoorsman, Power Wagon, SLT, ST<\/td>\n<td style=\"width: 238.033px;\">5.7L V8 - Bi-Fuel, 5.7L<\/td>\n<\/tr>\n<tr>\n<td style=\"width: 70.7667px;\">2012<\/td>\n<td style=\"width: 83.25px;\">Ram<\/td>\n<td style=\"width: 139.183px;\">3500<\/td>\n<td style=\"width: 402.367px;\">Laramie, SLT, ST<\/td>\n<td style=\"width: 238.033px;\">5.7L<\/td>\n<\/tr>\n<tr>\n<td style=\"width: 70.7667px;\">2011<\/td>\n<td style=\"width: 83.25px;\">Ram<\/td>\n<td style=\"width: 139.183px;\">1500<\/td>\n<td style=\"width: 402.367px;\">Big Horn, Laramie, Laramie Longhorn, Outdoorsman, SLT, ST, Sport, Tradesman<\/td>\n<td style=\"width: 238.033px;\">3.7L, 4.7L V8 - Flex, 5.7L<\/td>\n<\/tr>\n<tr>\n<td style=\"width: 70.7667px;\">2011<\/td>\n<td style=\"width: 83.25px;\">Ram<\/td>\n<td style=\"width: 139.183px;\">2500<\/td>\n<td style=\"width: 402.367px;\">Laramie, Laramie Longhorn, Power Wagon, SLT, ST<\/td>\n<td style=\"width: 238.033px;\">5.7L<\/td>\n<\/tr>\n<tr>\n<td style=\"width: 70.7667px;\">2011<\/td>\n<td style=\"width: 83.25px;\">Ram<\/td>\n<td style=\"width: 139.183px;\">3500<\/td>\n<td style=\"width: 402.367px;\">Laramie, SLT, ST<\/td>\n<td style=\"width: 238.033px;\">5.7L<\/td>\n<\/tr>\n<tr>\n<td style=\"width: 70.7667px;\">2010<\/td>\n<td style=\"width: 83.25px;\">Dodge<\/td>\n<td style=\"width: 139.183px;\">Ram 1500<\/td>\n<td style=\"width: 402.367px;\">Laramie, SLT, ST, Sport, TRX, TRX4<\/td>\n<td style=\"width: 238.033px;\">3.7L, 4.7L V8 - Flex, 5.7L<\/td>\n<\/tr>\n<tr>\n<td style=\"width: 70.7667px;\">2010<\/td>\n<td style=\"width: 83.25px;\">Dodge<\/td>\n<td style=\"width: 139.183px;\">Ram 2500<\/td>\n<td style=\"width: 402.367px;\">Laramie, Power Wagon, SLT, ST, TRX<\/td>\n<td style=\"width: 238.033px;\">5.7L<\/td>\n<\/tr>\n<tr>\n<td style=\"width: 70.7667px;\">2009<\/td>\n<td style=\"width: 83.25px;\">Dodge<\/td>\n<td style=\"width: 139.183px;\">Ram 1500<\/td>\n<td style=\"width: 402.367px;\">Laramie, SLT, ST, Sport, TRX, TRX4<\/td>\n<td style=\"width: 238.033px;\">3.7L, 4.7L V8 - Flex, 5.7L<\/td>\n<\/tr>\n<tr>\n<td style=\"width: 70.7667px;\">2009<\/td>\n<td style=\"width: 83.25px;\">Dodge<\/td>\n<td style=\"width: 139.183px;\">Ram 2500<\/td>\n<td style=\"width: 402.367px;\">Laramie, Power Wagon, SLT, ST, SXT<\/td>\n<td style=\"width: 238.033px;\">5.7L<\/td>\n<\/tr>\n<tr>\n<td style=\"width: 70.7667px;\">2009<\/td>\n<td style=\"width: 83.25px;\">Dodge<\/td>\n<td style=\"width: 139.183px;\">Ram 3500<\/td>\n<td style=\"width: 402.367px;\">Laramie, SLT, ST<\/td>\n<td style=\"width: 238.033px;\">5.7L<\/td>\n<\/tr>\n<tr>\n<td style=\"width: 70.7667px;\">2008<\/td>\n<td style=\"width: 83.25px;\">Dodge<\/td>\n<td style=\"width: 139.183px;\">Ram 1500<\/td>\n<td style=\"width: 402.367px;\">Laramie, SLT, ST<\/td>\n<td style=\"width: 238.033px;\">3.7L, 4.7L V8 - Flex, 4.7L, 5.7L<\/td>\n<\/tr>\n<tr>\n<td style=\"width: 70.7667px;\">2008<\/td>\n<td style=\"width: 83.25px;\">Dodge<\/td>\n<td style=\"width: 139.183px;\">Ram 2500<\/td>\n<td style=\"width: 402.367px;\">Laramie, Power Wagon, SLT, ST, SXT<\/td>\n<td style=\"width: 238.033px;\">5.7L<\/td>\n<\/tr>\n<tr>\n<td style=\"width: 70.7667px;\">2008<\/td>\n<td style=\"width: 83.25px;\">Dodge<\/td>\n<td style=\"width: 139.183px;\">Ram 3500<\/td>\n<td style=\"width: 402.367px;\">Laramie, SLT, ST<\/td>\n<td style=\"width: 238.033px;\">5.7L<\/td>\n<\/tr>\n<tr>\n<td style=\"width: 70.7667px;\">2007<\/td>\n<td style=\"width: 83.25px;\">Dodge<\/td>\n<td style=\"width: 139.183px;\">Ram 1500<\/td>\n<td style=\"width: 402.367px;\">Laramie, SLT, ST, Sport, TRX4<\/td>\n<td style=\"width: 238.033px;\">3.7L, 4.7L, 5.7L<\/td>\n<\/tr>\n<tr>\n<td style=\"width: 70.7667px;\">2007<\/td>\n<td style=\"width: 83.25px;\">Dodge<\/td>\n<td style=\"width: 139.183px;\">Ram 2500<\/td>\n<td style=\"width: 402.367px;\">Laramie, Power Wagon, SLT, ST, Sport, TRX4<\/td>\n<td style=\"width: 238.033px;\">5.7L<\/td>\n<\/tr>\n<tr>\n<td style=\"width: 70.7667px;\">2007<\/td>\n<td style=\"width: 83.25px;\">Dodge<\/td>\n<td style=\"width: 139.183px;\">Ram 3500<\/td>\n<td style=\"width: 402.367px;\">Laramie, SLT, ST, Sport<\/td>\n<td style=\"width: 238.033px;\">5.7L<\/td>\n<\/tr>\n<tr>\n<td style=\"width: 70.7667px;\">2006<\/td>\n<td style=\"width: 83.25px;\">Dodge<\/td>\n<td style=\"width: 139.183px;\">Ram 1500<\/td>\n<td style=\"width: 402.367px;\">Laramie, SLT, ST<\/td>\n<td style=\"width: 238.033px;\">3.7L, 4.7L, 5.7L<\/td>\n<\/tr>\n<tr>\n<td style=\"width: 70.7667px;\">2006<\/td>\n<td style=\"width: 83.25px;\">Dodge<\/td>\n<td style=\"width: 139.183px;\">Ram 2500<\/td>\n<td style=\"width: 402.367px;\">Laramie, SLT, ST<\/td>\n<td style=\"width: 238.033px;\">5.7L<\/td>\n<\/tr>\n<tr>\n<td style=\"width: 70.7667px;\">2006<\/td>\n<td style=\"width: 83.25px;\">Dodge<\/td>\n<td style=\"width: 139.183px;\">Ram 3500<\/td>\n<td style=\"width: 402.367px;\">Laramie, SLT, ST<\/td>\n<td style=\"width: 238.033px;\">5.7L<\/td>\n<\/tr>\n<tr>\n<td style=\"width: 70.7667px;\">2005<\/td>\n<td style=\"width: 83.25px;\">Dodge<\/td>\n<td style=\"width: 139.183px;\">Ram 1500<\/td>\n<td style=\"width: 402.367px;\">SLT, ST<\/td>\n<td style=\"width: 238.033px;\">3.7L, 4.7L, 5.7L<\/td>\n<\/tr>\n<tr>\n<td style=\"width: 70.7667px;\">2005<\/td>\n<td style=\"width: 83.25px;\">Dodge<\/td>\n<td style=\"width: 139.183px;\">Ram 2500<\/td>\n<td style=\"width: 402.367px;\">SLT, ST<\/td>\n<td style=\"width: 238.033px;\">5.7L<\/td>\n<\/tr>\n<tr>\n<td style=\"width: 70.7667px;\">2005<\/td>\n<td style=\"width: 83.25px;\">Dodge<\/td>\n<td style=\"width: 139.183px;\">Ram 3500<\/td>\n<td style=\"width: 402.367px;\">SLT, ST<\/td>\n<td style=\"width: 238.033px;\">5.7L<\/td>\n<\/tr>\n<tr>\n<td style=\"width: 70.7667px;\">2004<\/td>\n<td style=\"width: 83.25px;\">Dodge<\/td>\n<td style=\"width: 139.183px;\">Ram 1500<\/td>\n<td style=\"width: 402.367px;\">SLT, ST<\/td>\n<td style=\"width: 238.033px;\">3.7L, 4.7L, 5.7L<\/td>\n<\/tr>\n<tr>\n<td style=\"width: 70.7667px;\">2004<\/td>\n<td style=\"width: 83.25px;\">Dodge<\/td>\n<td style=\"width: 139.183px;\">Ram 2500<\/td>\n<td style=\"width: 402.367px;\">SLT, ST<\/td>\n<td style=\"width: 238.033px;\">5.7L<\/td>\n<\/tr>\n<tr>\n<td style=\"width: 70.7667px;\">2004<\/td>\n<td style=\"width: 83.25px;\">Dodge<\/td>\n<td style=\"width: 139.183px;\">Ram 3500<\/td>\n<td style=\"width: 402.367px;\">SLT, ST<\/td>\n<td style=\"width: 238.033px;\">5.7L<\/td>\n<\/tr>\n<tr>\n<td style=\"width: 70.7667px;\">2003<\/td>\n<td style=\"width: 83.25px;\">Dodge<\/td>\n<td style=\"width: 139.183px;\">Ram 1500<\/td>\n<td style=\"width: 402.367px;\">SLT, ST<\/td>\n<td style=\"width: 238.033px;\">3.7L, 4.7L, 5.7L, 5.9L<\/td>\n<\/tr>\n<tr>\n<td style=\"width: 70.7667px;\">2003<\/td>\n<td style=\"width: 83.25px;\">Dodge<\/td>\n<td style=\"width: 139.183px;\">Ram 2500<\/td>\n<td style=\"width: 402.367px;\">SLT, ST<\/td>\n<td style=\"width: 238.033px;\">5,7 l, 8,0 l V10 - plyn<\/td>\n<\/tr>\n<tr>\n<td style=\"width: 70.7667px;\">2003<\/td>\n<td style=\"width: 83.25px;\">Dodge<\/td>\n<td style=\"width: 139.183px;\">Ram 3500<\/td>\n<td style=\"width: 402.367px;\">SLT, ST<\/td>\n<td style=\"width: 238.033px;\">5,7 l, 8,0 l V10 - plyn<\/td>\n<\/tr>\n<tr>\n<td style=\"width: 70.7667px;\">2002<\/td>\n<td style=\"width: 83.25px;\">Dodge<\/td>\n<td style=\"width: 139.183px;\">Ram 1500<\/td>\n<td style=\"width: 402.367px;\">ST<\/td>\n<td style=\"width: 238.033px;\">3.7L, 4.7L, 5.9L<\/td>\n<\/tr>\n<\/tbody>\n<\/table>\n<p>&nbsp;<\/p>","protected":false},"excerpt":{"rendered":"<p>Vzduchov\u00fd filtr pro RAM 3.0 EcoDiesel, 3.6 a 5.7 Mopar Srovn\u00e1vac\u00ed \u010d\u00edsla: 68441763AA, 53032404AA, 53032404AB, 53032404AC, 68319604AA Vhodn\u00e9 pro: Rok v\u00fdroby Zna\u010dka<\/p>","protected":false},"featured_media":68313038,"comment_status":"open","ping_status":"closed","template":"","meta":{"_acf_changed":false},"product_brand":[19068],"product_cat":[10262,19404,19418,4752,4761,7750,7771,1521,9941,9954],"product_tag":[18170,18171,18172,89,4508,169,91,4504,4505,4506,4507,4503,49,4251,477,476,504,36,57,34,35,86,674,38,37,673],"class_list":{"0":"post-68313034","1":"product","2":"type-product","3":"status-publish","4":"has-post-thumbnail","6":"product_brand-kraftwerk","7":"product_cat-alle-produkte","8":"product_cat-1500-ecodiesel-2020-2023-ansaugung","9":"product_cat-1500-ecodiesel-2020-2023-wartung","10":"product_cat-1500-36-ansaugung","11":"product_cat-1500-36-wartung","12":"product_cat-1500-57-2003-2008-ansaugung","13":"product_cat-1500-57-2003-2008-wartung","14":"product_cat-1500-57-2009-2018-classic-wartung","15":"product_cat-2500-3500-57-ansaugung","16":"product_cat-2500-3500-57-wartung","17":"product_tag-053032404aa","18":"product_tag-053032404ab","19":"product_tag-053032404ac","20":"product_tag-3-0","21":"product_tag-3-0-ecodiesel","22":"product_tag-3-6","23":"product_tag-5-7","24":"product_tag-53032404aa","25":"product_tag-53032404ab","26":"product_tag-53032404ac","27":"product_tag-68319604aa","28":"product_tag-68441763aa","29":"product_tag-dodge","30":"product_tag-dr","31":"product_tag-ds","32":"product_tag-dt","33":"product_tag-ecodiesel","34":"product_tag-kraftwerk","35":"product_tag-luftfilter","36":"product_tag-original","37":"product_tag-originalersatzteil","38":"product_tag-ram","39":"product_tag-service","40":"product_tag-teile","41":"product_tag-wartung","42":"product_tag-zubehoer","44":"first","45":"instock","46":"taxable","47":"shipping-taxable","48":"purchasable","49":"product-type-simple"},"bundled_by":[],"bundle_stock_status":"instock","bundle_stock_quantity":6,"bundle_virtual":false,"bundle_layout":"","bundle_add_to_cart_form_location":"","bundle_editable_in_cart":false,"bundle_sold_individually_context":"","bundle_item_grouping":"","bundle_min_size":"","bundle_max_size":"","bundle_price":[],"bundled_items":[],"bundle_sell_ids":[],"exclude_global_add_ons":[],"addons":[],"acf":[],"_links":{"self":[{"href":"https:\/\/kraftwerk-shop.cc\/cs\/wp-json\/wp\/v2\/product\/68313034","targetHints":{"allow":["GET"]}}],"collection":[{"href":"https:\/\/kraftwerk-shop.cc\/cs\/wp-json\/wp\/v2\/product"}],"about":[{"href":"https:\/\/kraftwerk-shop.cc\/cs\/wp-json\/wp\/v2\/types\/product"}],"replies":[{"embeddable":true,"href":"https:\/\/kraftwerk-shop.cc\/cs\/wp-json\/wp\/v2\/comments?post=68313034"}],"version-history":[{"count":0,"href":"https:\/\/kraftwerk-shop.cc\/cs\/wp-json\/wp\/v2\/product\/68313034\/revisions"}],"wp:featuredmedia":[{"embeddable":true,"href":"https:\/\/kraftwerk-shop.cc\/cs\/wp-json\/wp\/v2\/media\/68313038"}],"wp:attachment":[{"href":"https:\/\/kraftwerk-shop.cc\/cs\/wp-json\/wp\/v2\/media?parent=68313034"}],"wp:term":[{"taxonomy":"product_brand","embeddable":true,"href":"https:\/\/kraftwerk-shop.cc\/cs\/wp-json\/wp\/v2\/product_brand?post=68313034"},{"taxonomy":"product_cat","embeddable":true,"href":"https:\/\/kraftwerk-shop.cc\/cs\/wp-json\/wp\/v2\/product_cat?post=68313034"},{"taxonomy":"product_tag","embeddable":true,"href":"https:\/\/kraftwerk-shop.cc\/cs\/wp-json\/wp\/v2\/product_tag?post=68313034"}],"curies":[{"name":"wp","href":"https:\/\/api.w.org\/{rel}","templated":true}]}}