{"id":68313059,"date":"2024-12-24T01:25:32","date_gmt":"2024-12-24T00:25:32","guid":{"rendered":"https:\/\/kraftwerk-shop.cc\/?post_type=product&#038;p=68313059"},"modified":"2026-03-29T15:35:09","modified_gmt":"2026-03-29T13:35:09","slug":"vzduchovy-filtr-afe-magnum-flow-30-10102","status":"publish","type":"product","link":"https:\/\/kraftwerk-shop.cc\/cs\/produkt\/afe-magnum-flow-luftfilter-30-10102\/","title":{"rendered":"vzduchov\u00fd filtr aFe Magnum FLOW 30-10102"},"content":{"rendered":"<div class=\"description std\">\n<h1>aFe 30-10102 Magnum FLOW Pro 5R High-Flow vzduchov\u00fd filtr pro RAM 2500, 3500, 4500, 5500 6.4 Hemi a 6.7 Cummins<\/h1>\n<\/div>\n<h2>N\u00e1hradn\u00ed filtr, kter\u00fd nahrazuje p\u016fvodn\u00ed vzduchov\u00fd filtr<\/h2>\n<p>&nbsp;<\/p>\n<p><strong>Srovn\u00e1vac\u00ed \u010d\u00edsla Mopar:<\/strong> <span class=\"list-value\">53034051AA<\/span>, 53034051AB<\/p>\n<p>&nbsp;<\/p>\n<div class=\"description std\">\n<p><strong>Filtra\u010dn\u00ed m\u00e9dium Pro 5R:<\/strong><br \/>\n5 vrstev postupn\u011b jemn\u011bj\u0161\u00edch, olejovan\u00fdch bavln\u011bn\u00fdch filtra\u010dn\u00edch m\u00e9di\u00ed pro maxim\u00e1ln\u00ed v\u00fdkon. Jedine\u010dn\u00e1 struktura 5 vrstev zaji\u0161\u0165uje vysok\u00fd pr\u016ftok vzduchu i p\u0159i zne\u010di\u0161t\u011bn\u00ed.<br \/>\nPr\u016ftok vzduchu je a\u017e o 85% vy\u0161\u0161\u00ed ne\u017e u standardn\u00edho vzduchov\u00e9ho filtru.<br \/>\nVzduchov\u00fd filtr lze n\u011bkolikr\u00e1t vyprat a znovu pou\u017e\u00edt.<\/p>\n<p><b>Zaoblen\u00e9 z\u00e1hyby:<\/b><br \/>\nSportovn\u00ed vzduchov\u00e9 filtry aFe maj\u00ed d\u00edky zaoblen\u00fdm z\u00e1hyb\u016fm v\u011bt\u0161\u00ed vyu\u017eitelnou plochu filtru, co\u017e vede k vy\u0161\u0161\u00edmu pr\u016ftoku vzduchu a lep\u0161\u00ed kapacit\u011b filtru.<\/p>\n<p><b>Progresivn\u00ed n\u00e1razov\u00e9 t\u011bsn\u011bn\u00ed:<\/b><br \/>\nHladk\u00fd t\u011bsnic\u00ed povrch se p\u0159izp\u016fsob\u00ed i nerovn\u00e9mu t\u011blesu filtru a zaru\u010duje dokonal\u00e9 uchycen\u00ed vzduchov\u00e9ho filtru.<\/p>\n<p><b>Kompletn\u00ed polyuretanov\u00fd r\u00e1m:<\/b><br \/>\nV\u0161echny sportovn\u00ed vzduchov\u00e9 filtry aFe Power maj\u00ed 360stup\u0148ov\u00fd polyuretanov\u00fd r\u00e1m. Ten zaji\u0161\u0165uje p\u0159esn\u00e9 uchycen\u00ed jako u origin\u00e1ln\u00edho vzduchov\u00e9ho filtru v kombinaci s v\u011bt\u0161\u00ed stabilitou.<\/p>\n<p>&nbsp;<\/p>\n<\/div>\n<p><strong>Vhodn\u00e9 pro:<\/strong><\/p>\n<table width=\"681\">\n<tbody>\n<tr>\n<td width=\"103\"><strong>Rok v\u00fdstavby<\/strong><\/td>\n<td width=\"83\"><strong>Zna\u010dka<\/strong><\/td>\n<td width=\"141\"><strong>Model<\/strong><\/td>\n<td width=\"73\"><strong>Varianta<\/strong><\/td>\n<td width=\"281\"><strong>Motor<\/strong><\/td>\n<\/tr>\n<tr>\n<td width=\"103\">2004-2006<\/td>\n<td width=\"83\">Dodge<\/td>\n<td width=\"141\">Ram 1500<\/td>\n<td width=\"73\"><\/td>\n<td width=\"281\">V10-8.3L<\/td>\n<\/tr>\n<tr>\n<td width=\"103\">2003-2009<\/td>\n<td width=\"83\">Dodge<\/td>\n<td width=\"141\">Ram 2500<\/td>\n<td width=\"73\">Cummins<\/td>\n<td width=\"281\">Vzn\u011btov\u00fd motor L6-5,9 l<\/td>\n<\/tr>\n<tr>\n<td width=\"103\">2007-2010<\/td>\n<td width=\"83\">Dodge<\/td>\n<td width=\"141\">Ram 2500<\/td>\n<td width=\"73\">Cummins<\/td>\n<td width=\"281\">Vzn\u011btov\u00fd motor L6-6,7 l<\/td>\n<\/tr>\n<tr>\n<td width=\"103\">2003-2007<\/td>\n<td width=\"83\">Dodge<\/td>\n<td width=\"141\">Ram 3500<\/td>\n<td width=\"73\">Cummins<\/td>\n<td width=\"281\">Vzn\u011btov\u00fd motor L6-5,9 l<\/td>\n<\/tr>\n<tr>\n<td width=\"103\">2007-2010<\/td>\n<td width=\"83\">Dodge<\/td>\n<td width=\"141\">Ram 3500<\/td>\n<td width=\"73\">Cummins<\/td>\n<td width=\"281\">Vzn\u011btov\u00fd motor L6-6,7 l<\/td>\n<\/tr>\n<tr>\n<td width=\"103\">2008-2010<\/td>\n<td width=\"83\">Dodge<\/td>\n<td width=\"141\">Ram 4500<\/td>\n<td width=\"73\">Cummins<\/td>\n<td width=\"281\">Vzn\u011btov\u00fd motor L6-6,7 l<\/td>\n<\/tr>\n<tr>\n<td width=\"103\">2008-2010<\/td>\n<td width=\"83\">Dodge<\/td>\n<td width=\"141\">Ram 5500<\/td>\n<td width=\"73\">Cummins<\/td>\n<td width=\"281\">Vzn\u011btov\u00fd motor L6-6,7 l<\/td>\n<\/tr>\n<tr>\n<td width=\"103\">2011-2024<\/td>\n<td width=\"83\">Ram<\/td>\n<td width=\"141\">2500<\/td>\n<td width=\"73\">Cummins<\/td>\n<td width=\"281\">Vzn\u011btov\u00fd motor L6-6,7 l<\/td>\n<\/tr>\n<tr>\n<td width=\"103\">2019-2022<\/td>\n<td width=\"83\">Ram<\/td>\n<td width=\"141\">2500<\/td>\n<td width=\"73\">HEMI<\/td>\n<td width=\"281\">V8-6,4 L<\/td>\n<\/tr>\n<tr>\n<td width=\"103\">2011-2024<\/td>\n<td width=\"83\">Ram<\/td>\n<td width=\"141\">3500<\/td>\n<td width=\"73\">Cummins<\/td>\n<td width=\"281\">Vzn\u011btov\u00fd motor L6-6,7 l<\/td>\n<\/tr>\n<tr>\n<td width=\"103\">2019-2023<\/td>\n<td width=\"83\">Ram<\/td>\n<td width=\"141\">3500<\/td>\n<td width=\"73\">HEMI<\/td>\n<td width=\"281\">V8-6,4 L<\/td>\n<\/tr>\n<tr>\n<td width=\"103\">2011-2022<\/td>\n<td width=\"83\">Ram<\/td>\n<td width=\"141\">4500<\/td>\n<td width=\"73\">Cummins<\/td>\n<td width=\"281\">Vzn\u011btov\u00fd motor L6-6,7 l<\/td>\n<\/tr>\n<tr>\n<td width=\"103\">2019-2022<\/td>\n<td width=\"83\">Ram<\/td>\n<td width=\"141\">4500<\/td>\n<td width=\"73\">HEMI<\/td>\n<td width=\"281\">V8-6,4 L<\/td>\n<\/tr>\n<tr>\n<td width=\"103\">2011-2022<\/td>\n<td width=\"83\">Ram<\/td>\n<td width=\"141\">5500<\/td>\n<td width=\"73\">Cummins<\/td>\n<td width=\"281\">Vzn\u011btov\u00fd motor L6-6,7 l<\/td>\n<\/tr>\n<tr>\n<td width=\"103\">2019-2022<\/td>\n<td width=\"83\">Ram<\/td>\n<td width=\"141\">5500<\/td>\n<td width=\"73\">HEMI<\/td>\n<td width=\"281\">V8-6,4 L<\/td>\n<\/tr>\n<tr>\n<td width=\"103\">2008-2010<\/td>\n<td width=\"83\">Sterling Truck<\/td>\n<td width=\"141\">Bullet 45<\/td>\n<td width=\"73\">Cummins<\/td>\n<td width=\"281\">Vzn\u011btov\u00fd motor L6-6,7 l<\/td>\n<\/tr>\n<tr>\n<td width=\"103\">2008-2010<\/td>\n<td width=\"83\">Sterling Truck<\/td>\n<td width=\"141\">Bullet 55<\/td>\n<td width=\"73\">Cummins<\/td>\n<td width=\"281\">Vzn\u011btov\u00fd motor L6-6,7 l<\/td>\n<\/tr>\n<\/tbody>\n<\/table>\n<p>&nbsp;<\/p>\n<p><strong>Rozsah dod\u00e1vky:<\/strong><\/p>\n<ul>\n<li>1 vzduchov\u00fd filtr aFe 30-10102<\/li>\n<\/ul>\n<p>&nbsp;<\/p>","protected":false},"excerpt":{"rendered":"<p>aFe 30-10102 Magnum FLOW Pro 5R High-Flow vzduchov\u00fd filtr pro RAM 2500, 3500, 4500, 5500 6.4 Hemi a 6.7 Cummins n\u00e1hradn\u00ed filtry<\/p>","protected":false},"featured_media":68313062,"comment_status":"open","ping_status":"closed","template":"","meta":{"_acf_changed":false},"product_brand":[16879],"product_cat":[10262,2916,2926,2927],"product_tag":[18701,18702,506,9537,507,2833,9536,9535,2834,93,7200,16880,498,9538,2441,9542,7201,8649,8648,502,2393,9543,36,393,9549,9550,57,9557,9555,9553,9563,8665,9567,9559,9568,9554,8653,9564,9561,9546,9565,9556,9560,9545,9566,9562,9552,9548,8839,9547,9558,503,55,9539,9551,9544,2394,9540,86,500,501,9541,698],"class_list":{"0":"post-68313059","1":"product","2":"type-product","3":"status-publish","4":"has-post-thumbnail","6":"product_brand-afe-power","7":"product_cat-alle-produkte","8":"product_cat-2500-3500-64-ansaugung","9":"product_cat-67-cummins-ansaugung","10":"product_cat-67-cummins-wartung","11":"product_tag-053034051aa","12":"product_tag-053034051ab","13":"product_tag-506","14":"product_tag-30-10102","15":"product_tag-507","16":"product_tag-2833","17":"product_tag-53034051aa","18":"product_tag-53034051ab","19":"product_tag-2834","20":"product_tag-6-4","21":"product_tag-6-7","22":"product_tag-advanced-flow-engineering","23":"product_tag-afe","24":"product_tag-afe-luftfilter","25":"product_tag-afe-power","26":"product_tag-baumwollgewebe","27":"product_tag-cummins","28":"product_tag-diesel-luftfilter","29":"product_tag-dodge-ram-luftfilter","30":"product_tag-filtereinsatz","31":"product_tag-flow","32":"product_tag-hohe-leistung","33":"product_tag-kraftwerk","34":"product_tag-leistungssteigerung","35":"product_tag-lkw-luftfilter","36":"product_tag-luftdurchsatz-erhoehen","37":"product_tag-luftfilter","38":"product_tag-luftfilter-angebote","39":"product_tag-luftfilter-anleitung","40":"product_tag-luftfilter-bewertungen","41":"product_tag-luftfilter-effizienz","42":"product_tag-luftfilter-ersatz","43":"product_tag-luftfilter-ersatzteile","44":"product_tag-luftfilter-garantie","45":"product_tag-luftfilter-hersteller","46":"product_tag-luftfilter-installation","47":"product_tag-luftfilter-kaufen","48":"product_tag-luftfilter-lebensdauer","49":"product_tag-luftfilter-materialien","50":"product_tag-luftfilter-oel","51":"product_tag-luftfilter-pflege","52":"product_tag-luftfilter-preis","53":"product_tag-luftfilter-qualitaet","54":"product_tag-luftfilter-reinigung","55":"product_tag-luftfilter-reinigungskit","56":"product_tag-luftfilter-technologie","57":"product_tag-luftfilter-test","58":"product_tag-luftfilter-upgrade","59":"product_tag-luftfilter-vergleich","60":"product_tag-luftfilter-wartung","61":"product_tag-luftfilter-zubehoer","62":"product_tag-luftfiltereinsatz","63":"product_tag-magnum","64":"product_tag-magnum-flow","65":"product_tag-motorleistung-verbessern","66":"product_tag-oe-ersatz","67":"product_tag-pro","68":"product_tag-pro-5r","69":"product_tag-ram","70":"product_tag-sportluftfilter","71":"product_tag-tauschfilter","72":"product_tag-waschbar","73":"product_tag-wiederverwendbar","75":"first","76":"instock","77":"taxable","78":"shipping-taxable","79":"purchasable","80":"product-type-simple"},"bundled_by":[],"bundle_stock_status":"instock","bundle_stock_quantity":1,"bundle_virtual":false,"bundle_layout":"","bundle_add_to_cart_form_location":"","bundle_editable_in_cart":false,"bundle_sold_individually_context":"","bundle_item_grouping":"","bundle_min_size":"","bundle_max_size":"","bundle_price":[],"bundled_items":[],"bundle_sell_ids":[],"exclude_global_add_ons":[],"addons":[],"acf":[],"_links":{"self":[{"href":"https:\/\/kraftwerk-shop.cc\/cs\/wp-json\/wp\/v2\/product\/68313059","targetHints":{"allow":["GET"]}}],"collection":[{"href":"https:\/\/kraftwerk-shop.cc\/cs\/wp-json\/wp\/v2\/product"}],"about":[{"href":"https:\/\/kraftwerk-shop.cc\/cs\/wp-json\/wp\/v2\/types\/product"}],"replies":[{"embeddable":true,"href":"https:\/\/kraftwerk-shop.cc\/cs\/wp-json\/wp\/v2\/comments?post=68313059"}],"version-history":[{"count":0,"href":"https:\/\/kraftwerk-shop.cc\/cs\/wp-json\/wp\/v2\/product\/68313059\/revisions"}],"wp:featuredmedia":[{"embeddable":true,"href":"https:\/\/kraftwerk-shop.cc\/cs\/wp-json\/wp\/v2\/media\/68313062"}],"wp:attachment":[{"href":"https:\/\/kraftwerk-shop.cc\/cs\/wp-json\/wp\/v2\/media?parent=68313059"}],"wp:term":[{"taxonomy":"product_brand","embeddable":true,"href":"https:\/\/kraftwerk-shop.cc\/cs\/wp-json\/wp\/v2\/product_brand?post=68313059"},{"taxonomy":"product_cat","embeddable":true,"href":"https:\/\/kraftwerk-shop.cc\/cs\/wp-json\/wp\/v2\/product_cat?post=68313059"},{"taxonomy":"product_tag","embeddable":true,"href":"https:\/\/kraftwerk-shop.cc\/cs\/wp-json\/wp\/v2\/product_tag?post=68313059"}],"curies":[{"name":"wp","href":"https:\/\/api.w.org\/{rel}","templated":true}]}}