{"id":68313081,"date":"2024-12-24T14:42:23","date_gmt":"2024-12-24T13:42:23","guid":{"rendered":"https:\/\/kraftwerk-shop.cc\/?post_type=product&#038;p=68313081"},"modified":"2026-02-15T01:16:02","modified_gmt":"2026-02-15T00:16:02","slug":"brzdove-desticky-mopar-68453097ab-ram-2500-3500","status":"publish","type":"product","link":"https:\/\/kraftwerk-shop.cc\/cs\/produkt\/mopar-bremsbelaege-68453097ab-ram-2500-3500\/","title":{"rendered":"Brzdov\u00e9 desti\u010dky Mopar (68453097AB) RAM 2500 \/ 3500 6.4 &amp; 6.7"},"content":{"rendered":"<h1>Origin\u00e1ln\u00ed brzdov\u00e9 desti\u010dky Mopar (<span class=\"list-value sku-display\">68453097AB<\/span>) pro RAM 2500 a 3500 6.4 a 6.7 (zadn\u00ed n\u00e1prava) od roku 2019 do roku 2024<\/h1>\n<p>&nbsp;<\/p>\n<p><span lang=\"DE\"><strong>\u010c\u00edslo d\u00edlu Mopar:<\/strong> <span class=\"list-value sku-display\">68453097AB<\/span><br \/>\n<strong>Nahrazeno: <\/strong><span class=\"list-value\">68453097AA<\/span><\/span><\/p>\n<p>&nbsp;<\/p>\n<p><strong>Vhodn\u00e9 pro:<\/strong><\/p>\n<table width=\"627\">\n<tbody>\n<tr>\n<td width=\"83\"><strong>Rok v\u00fdstavby<\/strong><\/td>\n<td width=\"83\"><strong>Zna\u010dka<\/strong><\/td>\n<td width=\"142\"><strong>Model<\/strong><\/td>\n<td width=\"174\"><strong>Verze<\/strong><\/td>\n<td width=\"145\"><strong>Motor<\/strong><\/td>\n<\/tr>\n<tr>\n<td width=\"83\">2024<\/td>\n<td width=\"83\">Ram<\/td>\n<td width=\"142\">2500<\/td>\n<td width=\"174\">Big Horn, Laramie, Limited, Limited Longhorn, Lone Star, Power Wagon, Rebel, Tradesman<\/td>\n<td width=\"145\">6,4 L, 6,7 L<\/td>\n<\/tr>\n<tr>\n<td width=\"83\">2024<\/td>\n<td width=\"83\">Ram<\/td>\n<td width=\"142\">3500<\/td>\n<td width=\"174\">Big Horn, Laramie, Limited, Limited Longhorn, SLT, Tradesman<\/td>\n<td width=\"145\">6,4 L, 6,7 L<\/td>\n<\/tr>\n<tr>\n<td width=\"83\">2023<\/td>\n<td width=\"83\">Ram<\/td>\n<td width=\"142\">2500<\/td>\n<td width=\"174\">Big Horn, Laramie, Limited, Limited Longhorn, Lone Star, Power Wagon, Rebel, Tradesman<\/td>\n<td width=\"145\">6,4 L, 6,7 L<\/td>\n<\/tr>\n<tr>\n<td width=\"83\">2023<\/td>\n<td width=\"83\">Ram<\/td>\n<td width=\"142\">3500<\/td>\n<td width=\"174\">Big Horn, Laramie, Limited, Limited Longhorn, SLT, Tradesman<\/td>\n<td width=\"145\">6,4 L, 6,7 L<\/td>\n<\/tr>\n<tr>\n<td width=\"83\">2022<\/td>\n<td width=\"83\">Ram<\/td>\n<td width=\"142\">2500<\/td>\n<td width=\"174\">Big Horn, Laramie, Limited, Limited Longhorn, Lone Star, Power Wagon, Tradesman<\/td>\n<td width=\"145\">6,4 L, 6,7 L<\/td>\n<\/tr>\n<tr>\n<td width=\"83\">2022<\/td>\n<td width=\"83\">Ram<\/td>\n<td width=\"142\">3500<\/td>\n<td width=\"174\">Big Horn, Laramie, Limited, Limited Longhorn, Lone Star, SLT, Tradesman<\/td>\n<td width=\"145\">6,4 L, 6,7 L<\/td>\n<\/tr>\n<tr>\n<td width=\"83\">2021<\/td>\n<td width=\"83\">Ram<\/td>\n<td width=\"142\">2500<\/td>\n<td width=\"174\">Big Horn, Laramie, Limited, Limited Longhorn, Lone Star, Power Wagon, Tradesman<\/td>\n<td width=\"145\">6,4 L, 6,7 L<\/td>\n<\/tr>\n<tr>\n<td width=\"83\">2021<\/td>\n<td width=\"83\">Ram<\/td>\n<td width=\"142\">3500<\/td>\n<td width=\"174\">Big Horn, Laramie, Limited, Limited Longhorn, Lone Star, SLT, Tradesman<\/td>\n<td width=\"145\">6,4 L, 6,7 L<\/td>\n<\/tr>\n<tr>\n<td width=\"83\">2020<\/td>\n<td width=\"83\">Ram<\/td>\n<td width=\"142\">2500<\/td>\n<td width=\"174\">Big Horn, Laramie, Laramie Longhorn, Limited, Lone Star, Power Wagon, Tradesman<\/td>\n<td width=\"145\">6,4 L, 6,7 L<\/td>\n<\/tr>\n<tr>\n<td width=\"83\">2020<\/td>\n<td width=\"83\">Ram<\/td>\n<td width=\"142\">3500<\/td>\n<td width=\"174\">Laramie, Laramie Longhorn, Limited, SLT, Tradesman<\/td>\n<td width=\"145\">6,4 L, 6,7 L<\/td>\n<\/tr>\n<tr>\n<td width=\"83\">2019<\/td>\n<td width=\"83\">Ram<\/td>\n<td width=\"142\">2500<\/td>\n<td width=\"174\">Big Horn, Laramie, Laramie Longhorn, Limited, Lone Star, Power Wagon, Tradesman<\/td>\n<td width=\"145\">6,4 L, 6,7 L<\/td>\n<\/tr>\n<tr>\n<td width=\"83\">2019<\/td>\n<td width=\"83\">Ram<\/td>\n<td width=\"142\">3500<\/td>\n<td width=\"174\">Big Horn, Laramie, Laramie Longhorn, Limited, Lone Star, SLT, Tradesman<\/td>\n<td width=\"145\">6,4 L, 6,7 L<\/td>\n<\/tr>\n<\/tbody>\n<\/table>\n<p>&nbsp;<\/p>\n<h4>Pro\u010d si vybrat origin\u00e1ln\u00ed n\u00e1hradn\u00ed d\u00edly Mopar?<\/h4>\n<p><strong>Perfektn\u011b padnouc\u00ed a \u0161pi\u010dkov\u00e9 kvality:<\/strong> Origin\u00e1ln\u00ed n\u00e1hradn\u00ed d\u00edly Mopar jsou vyr\u00e1b\u011bny podle p\u0159\u00edsn\u00fdch specifikac\u00ed v\u00fdrobce, co\u017e znamen\u00e1, \u017ee do va\u0161eho vozidla dokonale pasuj\u00ed. T\u00edm je zaji\u0161t\u011bna nejen snadn\u00e1 instalace, ale tak\u00e9 optim\u00e1ln\u00ed funkce a bezpe\u010dnost.<\/p>\n<p><strong>Spolehlivost a trvanlivost:<\/strong> D\u00edky pou\u017eit\u00ed vysoce kvalitn\u00edch materi\u00e1l\u016f a p\u0159\u00edsn\u00e9 kontrole kvality zaji\u0161\u0165uj\u00ed n\u00e1hradn\u00ed d\u00edly Mopar spolehlivou funkci va\u0161eho vozidla i v extr\u00e9mn\u00edch podm\u00ednk\u00e1ch. Jsou navr\u017eeny tak, aby vydr\u017eely a maximalizovaly v\u00fdkon va\u0161eho vozidla.<\/p>\n<p>&nbsp;<\/p>\n<p>&nbsp;<\/p>","protected":false},"excerpt":{"rendered":"<p>Origin\u00e1ln\u00ed d\u00edl Mopar<\/p>\n<p>2019\u20132024<\/p>","protected":false},"featured_media":68313084,"comment_status":"open","ping_status":"closed","template":"","meta":{"_acf_changed":false},"product_brand":[16270],"product_cat":[10262,8363,8365],"product_tag":[506,507,93,7200,8358,8359,9669,1046,9644,9662,9663,9645,9646,590,795,589,840,7201,9643,9660,9661,4965,9647,9652,9673,692,3579,9656,798,799,9670,36,31,9674,8813,9648,9424,16271,16273,16275,16272,16274,7221,1091,9657,9653,2425,86,6333,9666,9650,7666,9667,9651,9668,9671,9672,9655,9641,2139,673,2137],"class_list":{"0":"post-68313081","1":"product","2":"type-product","3":"status-publish","4":"has-post-thumbnail","6":"product_brand-mopar","7":"product_cat-alle-produkte","8":"product_cat-2500-3500-64-bremsen-hinten","9":"product_cat-67-cummins-bremsen-hinten","10":"product_tag-506","11":"product_tag-507","12":"product_tag-6-4","13":"product_tag-6-7","14":"product_tag-68453097aa","15":"product_tag-68453097ab","16":"product_tag-68453097ab-brake-pads","17":"product_tag-abe","18":"product_tag-brake-pad-kit","19":"product_tag-brake-pad-kit-ram-2500","20":"product_tag-brake-pad-kit-ram-3500","21":"product_tag-brake-pads-ram-2500","22":"product_tag-brake-pads-ram-3500","23":"product_tag-bremsbelaege","24":"product_tag-bremse","25":"product_tag-bremsen","26":"product_tag-bremskloetze","27":"product_tag-cummins","28":"product_tag-disc-brake-pads","29":"product_tag-disc-brake-pads-ram-2500","30":"product_tag-disc-brake-pads-ram-3500","31":"product_tag-dodge-ram","32":"product_tag-dodge-ram-brake-pads","33":"product_tag-dodge-ram-bremsbelaege","34":"product_tag-dodge-ram-rear-brake-pads","35":"product_tag-ersatzteil","36":"product_tag-heavy-duty","37":"product_tag-heavy-duty-bremsbelaege","38":"product_tag-hinten","39":"product_tag-hinterachse","40":"product_tag-hinterachse-bremsbelaege","41":"product_tag-kraftwerk","42":"product_tag-mopar","43":"product_tag-mopar-68453097ab","44":"product_tag-mopar-autoteile","45":"product_tag-mopar-brake-pads","46":"product_tag-mopar-ersatzteile","47":"product_tag-mopar-ersatzteile-kaufen","48":"product_tag-mopar-performance-teile","49":"product_tag-mopar-teile-katalog","50":"product_tag-mopar-teile-online","51":"product_tag-mopar-tuningteile","52":"product_tag-mopar10","53":"product_tag-oem","54":"product_tag-oem-bremsbelaege","55":"product_tag-original-mopar-bremsbelaege","56":"product_tag-originalteil","57":"product_tag-ram","58":"product_tag-ram-2500","59":"product_tag-ram-2500-brake-pad-kit","60":"product_tag-ram-2500-bremsbelaege","61":"product_tag-ram-3500","62":"product_tag-ram-3500-brake-pad-kit","63":"product_tag-ram-3500-bremsbelaege","64":"product_tag-rear-brake-pads","65":"product_tag-rear-brake-pads-ram-2500","66":"product_tag-rear-brake-pads-ram-3500","67":"product_tag-scheibenbremsbelaege","68":"product_tag-scheibenbremse","69":"product_tag-tuev","70":"product_tag-zubehoer","71":"product_tag-zulassung","73":"first","74":"onbackorder","75":"taxable","76":"shipping-taxable","77":"purchasable","78":"product-type-simple"},"bundled_by":[],"bundle_stock_status":"onbackorder","bundle_stock_quantity":0,"bundle_virtual":false,"bundle_layout":"","bundle_add_to_cart_form_location":"","bundle_editable_in_cart":false,"bundle_sold_individually_context":"","bundle_item_grouping":"","bundle_min_size":"","bundle_max_size":"","bundle_price":[],"bundled_items":[],"bundle_sell_ids":[],"exclude_global_add_ons":[],"addons":[],"acf":[],"_links":{"self":[{"href":"https:\/\/kraftwerk-shop.cc\/cs\/wp-json\/wp\/v2\/product\/68313081","targetHints":{"allow":["GET"]}}],"collection":[{"href":"https:\/\/kraftwerk-shop.cc\/cs\/wp-json\/wp\/v2\/product"}],"about":[{"href":"https:\/\/kraftwerk-shop.cc\/cs\/wp-json\/wp\/v2\/types\/product"}],"replies":[{"embeddable":true,"href":"https:\/\/kraftwerk-shop.cc\/cs\/wp-json\/wp\/v2\/comments?post=68313081"}],"version-history":[{"count":0,"href":"https:\/\/kraftwerk-shop.cc\/cs\/wp-json\/wp\/v2\/product\/68313081\/revisions"}],"wp:featuredmedia":[{"embeddable":true,"href":"https:\/\/kraftwerk-shop.cc\/cs\/wp-json\/wp\/v2\/media\/68313084"}],"wp:attachment":[{"href":"https:\/\/kraftwerk-shop.cc\/cs\/wp-json\/wp\/v2\/media?parent=68313081"}],"wp:term":[{"taxonomy":"product_brand","embeddable":true,"href":"https:\/\/kraftwerk-shop.cc\/cs\/wp-json\/wp\/v2\/product_brand?post=68313081"},{"taxonomy":"product_cat","embeddable":true,"href":"https:\/\/kraftwerk-shop.cc\/cs\/wp-json\/wp\/v2\/product_cat?post=68313081"},{"taxonomy":"product_tag","embeddable":true,"href":"https:\/\/kraftwerk-shop.cc\/cs\/wp-json\/wp\/v2\/product_tag?post=68313081"}],"curies":[{"name":"wp","href":"https:\/\/api.w.org\/{rel}","templated":true}]}}