{"id":68313104,"date":"2024-12-25T01:04:38","date_gmt":"2024-12-25T00:04:38","guid":{"rendered":"https:\/\/kraftwerk-shop.cc\/?post_type=product&#038;p=68313104"},"modified":"2026-02-15T01:15:43","modified_gmt":"2026-02-15T00:15:43","slug":"brzdovy-kotouc-mopar-68414883ab-ram-3500","status":"publish","type":"product","link":"https:\/\/kraftwerk-shop.cc\/cs\/produkt\/mopar-bremsscheibe-68414883ab-ram-3500\/","title":{"rendered":"Brzdov\u00fd kotou\u010d Mopar (68414883AB) RAM 3500 6.4 &amp; 6.7"},"content":{"rendered":"<h1>Origin\u00e1ln\u00ed brzdov\u00fd kotou\u010d Mopar (68414883AB) pro RAM 3500 6.4 a 6.7 (zadn\u00ed n\u00e1prava) od roku 2019 do roku 2024<\/h1>\n<p>&nbsp;<\/p>\n<p><span lang=\"DE\"><strong>\u010c\u00edslo d\u00edlu Mopar:<\/strong> 68414883AB<br \/>\n<strong>Nahrazeno: <\/strong>\u2014<br \/>\n<span class=\"list-value\"><strong>Pr\u016fm\u011br:<\/strong> 358 mm<\/span><br \/>\n<\/span><\/p>\n<p>&nbsp;<\/p>\n<p><strong>Vhodn\u00e9 pro:<\/strong><\/p>\n<table width=\"627\">\n<tbody>\n<tr>\n<td width=\"83\"><strong>Rok v\u00fdstavby<\/strong><\/td>\n<td width=\"83\"><strong>Zna\u010dka<\/strong><\/td>\n<td width=\"142\"><strong>Model<\/strong><\/td>\n<td width=\"174\"><strong>Verze<\/strong><\/td>\n<td width=\"145\"><strong>Motor<\/strong><\/td>\n<\/tr>\n<tr>\n<td width=\"83\">2024<\/td>\n<td width=\"83\">Ram<\/td>\n<td width=\"142\">3500<\/td>\n<td width=\"174\">Big Horn, Laramie, Limited, Limited Longhorn, SLT, Tradesman<\/td>\n<td width=\"145\">6.4L V8 - plyn, 6.7L<\/td>\n<\/tr>\n<tr>\n<td width=\"83\">2023<\/td>\n<td width=\"83\">Ram<\/td>\n<td width=\"142\">3500<\/td>\n<td width=\"174\">Big Horn, Laramie, Limited, Limited Longhorn, SLT, Tradesman<\/td>\n<td width=\"145\">6.4L V8 - plyn, 6.7L<\/td>\n<\/tr>\n<tr>\n<td width=\"83\">2022<\/td>\n<td width=\"83\">Ram<\/td>\n<td width=\"142\">3500<\/td>\n<td width=\"174\">Big Horn, Laramie, Limited, Limited Longhorn, Lone Star, SLT, Tradesman<\/td>\n<td width=\"145\">6.4L V8 - plyn, 6.7L<\/td>\n<\/tr>\n<tr>\n<td width=\"83\">2021<\/td>\n<td width=\"83\">Ram<\/td>\n<td width=\"142\">3500<\/td>\n<td width=\"174\">Big Horn, Laramie, Limited, Limited Longhorn, Lone Star, SLT, Tradesman<\/td>\n<td width=\"145\">6.4L V8 - plyn, 6.7L<\/td>\n<\/tr>\n<tr>\n<td width=\"83\">2020<\/td>\n<td width=\"83\">Ram<\/td>\n<td width=\"142\">3500<\/td>\n<td width=\"174\">Laramie, Laramie Longhorn, Limited, SLT, Tradesman<\/td>\n<td width=\"145\">6.4L V8 - plyn, 6.7L<\/td>\n<\/tr>\n<tr>\n<td width=\"83\">2019<\/td>\n<td width=\"83\">Ram<\/td>\n<td width=\"142\">3500<\/td>\n<td width=\"174\">Big Horn, Laramie, Laramie Longhorn, Limited, Lone Star, SLT, Tradesman<\/td>\n<td width=\"145\">6.4L V8 - plyn, 6.7L<\/td>\n<\/tr>\n<\/tbody>\n<\/table>\n<p>&nbsp;<\/p>\n<h4>Pro\u010d si vybrat origin\u00e1ln\u00ed n\u00e1hradn\u00ed d\u00edly Mopar?<\/h4>\n<p><strong>Perfektn\u011b padnouc\u00ed a \u0161pi\u010dkov\u00e9 kvality:<\/strong> Origin\u00e1ln\u00ed n\u00e1hradn\u00ed d\u00edly Mopar jsou vyr\u00e1b\u011bny podle p\u0159\u00edsn\u00fdch specifikac\u00ed v\u00fdrobce, co\u017e znamen\u00e1, \u017ee do va\u0161eho vozidla dokonale pasuj\u00ed. T\u00edm je zaji\u0161t\u011bna nejen snadn\u00e1 instalace, ale tak\u00e9 optim\u00e1ln\u00ed funkce a bezpe\u010dnost.<\/p>\n<p><strong>Spolehlivost a trvanlivost:<\/strong> D\u00edky pou\u017eit\u00ed vysoce kvalitn\u00edch materi\u00e1l\u016f a p\u0159\u00edsn\u00e9 kontrole kvality zaji\u0161\u0165uj\u00ed n\u00e1hradn\u00ed d\u00edly Mopar spolehlivou funkci va\u0161eho vozidla i v extr\u00e9mn\u00edch podm\u00ednk\u00e1ch. Jsou navr\u017eeny tak, aby vydr\u017eely a maximalizovaly v\u00fdkon va\u0161eho vozidla.<\/p>\n<p>&nbsp;<\/p>\n<p>&nbsp;<\/p>","protected":false},"excerpt":{"rendered":"<p>Origin\u00e1ln\u00ed d\u00edl Mopar, pr\u016fm\u011br 358 mm<\/p>\n<p>2019\u20132024<\/p>","protected":false},"featured_media":68313106,"comment_status":"open","ping_status":"closed","template":"","meta":{"_acf_changed":false},"product_brand":[16270],"product_cat":[10262,8363,8365],"product_tag":[506,507,93,7200,9689,1046,9744,9644,795,589,9721,9739,9752,9747,9726,9733,9743,9742,9751,9728,9756,9734,796,9750,9729,9727,7201,4965,9720,9736,692,9754,3579,9723,798,799,9735,9732,36,31,8813,9753,9741,9424,9730,16271,9746,9725,16273,9758,16275,16272,16274,7221,1091,9724,9719,2425,9737,86,6333,7666,9749,9731,9722,9757,9740,9641,9745,9755,9738,9748,2139,673,2137],"class_list":{"0":"post-68313104","1":"product","2":"type-product","3":"status-publish","4":"has-post-thumbnail","6":"product_brand-mopar","7":"product_cat-alle-produkte","8":"product_cat-2500-3500-64-bremsen-hinten","9":"product_cat-67-cummins-bremsen-hinten","10":"product_tag-506","11":"product_tag-507","12":"product_tag-6-4","13":"product_tag-6-7","14":"product_tag-68414883ab","15":"product_tag-abe","16":"product_tag-autoteile-ram-3500","17":"product_tag-brake-pad-kit","18":"product_tag-bremse","19":"product_tag-bremsen","20":"product_tag-bremsen-kaufen","21":"product_tag-bremsenersatzteile","22":"product_tag-bremsenreparatur-teile","23":"product_tag-bremsenset-dodge","24":"product_tag-bremsenset-ram-3500","25":"product_tag-bremsenshop-mopar","26":"product_tag-bremsensicherheit","27":"product_tag-bremsenspezifikationen","28":"product_tag-bremsensystem-wartung","29":"product_tag-bremsenwartung-ram","30":"product_tag-bremskomponenten","31":"product_tag-bremsrotoren","32":"product_tag-bremsscheibe","33":"product_tag-bremsscheiben-installation","34":"product_tag-bremsscheiben-online-kaufen","35":"product_tag-bremsscheiben-preisvergleich","36":"product_tag-cummins","37":"product_tag-dodge-ram","38":"product_tag-dodge-ram-bremsscheiben","39":"product_tag-dodge-ram-teile","40":"product_tag-ersatzteil","41":"product_tag-fahrzeugteile-ram-3500","42":"product_tag-heavy-duty","43":"product_tag-heavy-duty-bremsscheiben","44":"product_tag-hinten","45":"product_tag-hinterachse","46":"product_tag-hinterachse-bremsscheiben","47":"product_tag-hochleistungsbremsscheiben","48":"product_tag-kraftwerk","49":"product_tag-mopar","50":"product_tag-mopar-autoteile","51":"product_tag-mopar-bremsenteile","52":"product_tag-mopar-deutschland","53":"product_tag-mopar-ersatzteile","54":"product_tag-mopar-ersatzteile-deutschland","55":"product_tag-mopar-ersatzteile-kaufen","56":"product_tag-mopar-haendler","57":"product_tag-mopar-originalteile","58":"product_tag-mopar-performance-teile","59":"product_tag-mopar-qualitaetsteile","60":"product_tag-mopar-teile-katalog","61":"product_tag-mopar-teile-online","62":"product_tag-mopar-tuningteile","63":"product_tag-mopar10","64":"product_tag-oem","65":"product_tag-oem-bremsscheiben","66":"product_tag-original-mopar-bremsscheibe","67":"product_tag-originalteil","68":"product_tag-pickup-bremsscheiben","69":"product_tag-ram","70":"product_tag-ram-2500","71":"product_tag-ram-3500","72":"product_tag-ram-3500-bremsenservice","73":"product_tag-ram-3500-bremsensystem","74":"product_tag-ram-3500-ersatzteile","75":"product_tag-ram-3500-technik","76":"product_tag-ram-3500-zubehoer","77":"product_tag-scheibenbremse","78":"product_tag-scheibenbremse-hinterachse","79":"product_tag-scheibenbremse-wartung","80":"product_tag-scheibenbremsen-zubehoer","81":"product_tag-truck-bremsscheiben","82":"product_tag-tuev","83":"product_tag-zubehoer","84":"product_tag-zulassung","85":"product_shipping_class-deutschlandohne","87":"first","88":"onbackorder","89":"taxable","90":"shipping-taxable","91":"purchasable","92":"product-type-simple"},"bundled_by":[],"bundle_stock_status":"onbackorder","bundle_stock_quantity":0,"bundle_virtual":false,"bundle_layout":"","bundle_add_to_cart_form_location":"","bundle_editable_in_cart":false,"bundle_sold_individually_context":"","bundle_item_grouping":"","bundle_min_size":"","bundle_max_size":"","bundle_price":[],"bundled_items":[],"bundle_sell_ids":[],"exclude_global_add_ons":[],"addons":[],"acf":[],"_links":{"self":[{"href":"https:\/\/kraftwerk-shop.cc\/cs\/wp-json\/wp\/v2\/product\/68313104","targetHints":{"allow":["GET"]}}],"collection":[{"href":"https:\/\/kraftwerk-shop.cc\/cs\/wp-json\/wp\/v2\/product"}],"about":[{"href":"https:\/\/kraftwerk-shop.cc\/cs\/wp-json\/wp\/v2\/types\/product"}],"replies":[{"embeddable":true,"href":"https:\/\/kraftwerk-shop.cc\/cs\/wp-json\/wp\/v2\/comments?post=68313104"}],"version-history":[{"count":0,"href":"https:\/\/kraftwerk-shop.cc\/cs\/wp-json\/wp\/v2\/product\/68313104\/revisions"}],"wp:featuredmedia":[{"embeddable":true,"href":"https:\/\/kraftwerk-shop.cc\/cs\/wp-json\/wp\/v2\/media\/68313106"}],"wp:attachment":[{"href":"https:\/\/kraftwerk-shop.cc\/cs\/wp-json\/wp\/v2\/media?parent=68313104"}],"wp:term":[{"taxonomy":"product_brand","embeddable":true,"href":"https:\/\/kraftwerk-shop.cc\/cs\/wp-json\/wp\/v2\/product_brand?post=68313104"},{"taxonomy":"product_cat","embeddable":true,"href":"https:\/\/kraftwerk-shop.cc\/cs\/wp-json\/wp\/v2\/product_cat?post=68313104"},{"taxonomy":"product_tag","embeddable":true,"href":"https:\/\/kraftwerk-shop.cc\/cs\/wp-json\/wp\/v2\/product_tag?post=68313104"}],"curies":[{"name":"wp","href":"https:\/\/api.w.org\/{rel}","templated":true}]}}