{"id":68313114,"date":"2024-12-25T01:32:36","date_gmt":"2024-12-25T00:32:36","guid":{"rendered":"https:\/\/kraftwerk-shop.cc\/?post_type=product&#038;p=68313114"},"modified":"2026-02-15T01:15:55","modified_gmt":"2026-02-15T00:15:55","slug":"brzdovy-kotouc-mopar-68290077ab-ram-3500","status":"publish","type":"product","link":"https:\/\/kraftwerk-shop.cc\/cs\/produkt\/mopar-bremsscheibe-68290077ab-ram-3500\/","title":{"rendered":"Brzdov\u00fd kotou\u010d Mopar (68290077AB) RAM 3500 6.4 a 6.7"},"content":{"rendered":"<h1>Origin\u00e1ln\u00ed brzdov\u00fd kotou\u010d Mopar (68290077AB) pro RAM 3500 6.4 a 6.7 (zadn\u00ed n\u00e1prava) od roku 2019 do roku 2024<\/h1>\n<p>&nbsp;<\/p>\n<p><span lang=\"DE\"><strong>\u010c\u00edslo d\u00edlu Mopar:<\/strong> 68290077AB<br \/>\n<strong>Nahrazeno:\u00a0<\/strong><span class=\"list-value\">68290077AA<br \/>\n<strong>Pr\u016fm\u011br:<\/strong> 365 mm<br \/>\n<\/span><\/span><\/p>\n<p>&nbsp;<\/p>\n<p><strong>Vhodn\u00e9 pro:<\/strong><\/p>\n<table width=\"627\">\n<tbody>\n<tr>\n<td width=\"83\"><strong>Rok v\u00fdstavby<\/strong><\/td>\n<td width=\"83\"><strong>Zna\u010dka<\/strong><\/td>\n<td width=\"142\"><strong>Model<\/strong><\/td>\n<td width=\"174\"><strong>Verze<\/strong><\/td>\n<td width=\"145\"><strong>Motor<\/strong><\/td>\n<\/tr>\n<tr>\n<td width=\"83\">2024<\/td>\n<td width=\"83\">Ram<\/td>\n<td width=\"142\">3500<\/td>\n<td width=\"174\">Big Horn, Laramie, Limited, Limited Longhorn, Tradesman<\/td>\n<td width=\"145\">6,4 L, 6,7 L<\/td>\n<\/tr>\n<tr>\n<td width=\"83\">2023<\/td>\n<td width=\"83\">Ram<\/td>\n<td width=\"142\">3500<\/td>\n<td width=\"174\">Big Horn, Laramie, Limited, Limited Longhorn, Tradesman<\/td>\n<td width=\"145\">6,4 L, 6,7 L<\/td>\n<\/tr>\n<tr>\n<td width=\"83\">2022<\/td>\n<td width=\"83\">Ram<\/td>\n<td width=\"142\">3500<\/td>\n<td width=\"174\">Big Horn, Laramie, Limited, Limited Longhorn, Lone Star, Tradesman<\/td>\n<td width=\"145\">6,4 L, 6,7 L<\/td>\n<\/tr>\n<tr>\n<td width=\"83\">2021<\/td>\n<td width=\"83\">Ram<\/td>\n<td width=\"142\">3500<\/td>\n<td width=\"174\">Big Horn, Laramie, Limited, Limited Longhorn, Lone Star, Tradesman<\/td>\n<td width=\"145\">6,4 L, 6,7 L<\/td>\n<\/tr>\n<tr>\n<td width=\"83\">2020<\/td>\n<td width=\"83\">Ram<\/td>\n<td width=\"142\">3500<\/td>\n<td width=\"174\">Laramie Longhorn<\/td>\n<td width=\"145\">6,4 L, 6,7 L<\/td>\n<\/tr>\n<tr>\n<td width=\"83\">2019<\/td>\n<td width=\"83\">Ram<\/td>\n<td width=\"142\">3500<\/td>\n<td width=\"174\">Big Horn, Laramie, Laramie Longhorn, Limited, Lone Star, Tradesman<\/td>\n<td width=\"145\">6,4 L, 6,7 L<\/td>\n<\/tr>\n<\/tbody>\n<\/table>\n<p>&nbsp;<\/p>\n<h4>Pro\u010d si vybrat origin\u00e1ln\u00ed n\u00e1hradn\u00ed d\u00edly Mopar?<\/h4>\n<p><strong>Perfektn\u011b padnouc\u00ed a \u0161pi\u010dkov\u00e9 kvality:<\/strong> Origin\u00e1ln\u00ed n\u00e1hradn\u00ed d\u00edly Mopar jsou vyr\u00e1b\u011bny podle p\u0159\u00edsn\u00fdch specifikac\u00ed v\u00fdrobce, co\u017e znamen\u00e1, \u017ee do va\u0161eho vozidla dokonale pasuj\u00ed. T\u00edm je zaji\u0161t\u011bna nejen snadn\u00e1 instalace, ale tak\u00e9 optim\u00e1ln\u00ed funkce a bezpe\u010dnost.<\/p>\n<p><strong>Spolehlivost a trvanlivost:<\/strong> D\u00edky pou\u017eit\u00ed vysoce kvalitn\u00edch materi\u00e1l\u016f a p\u0159\u00edsn\u00e9 kontrole kvality zaji\u0161\u0165uj\u00ed n\u00e1hradn\u00ed d\u00edly Mopar spolehlivou funkci va\u0161eho vozidla i v extr\u00e9mn\u00edch podm\u00ednk\u00e1ch. Jsou navr\u017eeny tak, aby vydr\u017eely a maximalizovaly v\u00fdkon va\u0161eho vozidla.<\/p>\n<p>&nbsp;<\/p>\n<p>&nbsp;<\/p>","protected":false},"excerpt":{"rendered":"<p>Origin\u00e1ln\u00ed d\u00edl Mopar, pr\u016fm\u011br 365 mm<\/p>\n<p>2019\u20132024<\/p>","protected":false},"featured_media":68313116,"comment_status":"open","ping_status":"closed","template":"","meta":{"_acf_changed":false},"product_brand":[16270],"product_cat":[10262,8363,8365],"product_tag":[506,507,93,7200,9692,9778,9767,1046,9744,9644,9761,795,589,9721,9713,9739,9781,9766,9747,9780,9756,9734,796,9768,7201,4965,9783,9720,9774,692,9769,9762,9779,3579,9760,798,799,9735,9764,9715,9732,9782,36,31,8813,9741,9424,16271,9776,9746,16273,16275,16272,16274,8651,7221,1091,9724,8664,2425,9763,9737,9775,86,6333,7666,9749,9773,9641,9755,9698,2139,673,2137],"class_list":{"0":"post-68313114","1":"product","2":"type-product","3":"status-publish","4":"has-post-thumbnail","6":"product_brand-mopar","7":"product_cat-alle-produkte","8":"product_cat-2500-3500-64-bremsen-hinten","9":"product_cat-67-cummins-bremsen-hinten","10":"product_tag-506","11":"product_tag-507","12":"product_tag-6-4","13":"product_tag-6-7","14":"product_tag-68290077aa","15":"product_tag-68290077ab","16":"product_tag-8-loch-bremsscheibe","17":"product_tag-abe","18":"product_tag-autoteile-ram-3500","19":"product_tag-brake-pad-kit","20":"product_tag-bremsanlage-ram","21":"product_tag-bremse","22":"product_tag-bremsen","23":"product_tag-bremsen-kaufen","24":"product_tag-bremsen-reparatur","25":"product_tag-bremsenersatzteile","26":"product_tag-bremseninstallation","27":"product_tag-bremsenqualitaet","28":"product_tag-bremsenset-dodge","29":"product_tag-bremsenwartung","30":"product_tag-bremskomponenten","31":"product_tag-bremsrotoren","32":"product_tag-bremsscheibe","33":"product_tag-bremsscheibenmontage","34":"product_tag-cummins","35":"product_tag-dodge-ram","36":"product_tag-dodge-ram-bremsenupgrade","37":"product_tag-dodge-ram-bremsscheiben","38":"product_tag-dodge-ram-teile-kaufen","39":"product_tag-ersatzteil","40":"product_tag-ersatzteile-shop","41":"product_tag-fahrzeugteile-ram","42":"product_tag-fahrzeugwartung-ram","43":"product_tag-heavy-duty","44":"product_tag-heavy-duty-bremsen","45":"product_tag-hinten","46":"product_tag-hinterachse","47":"product_tag-hinterachse-bremsscheiben","48":"product_tag-hinterachse-zubehoer","49":"product_tag-hochleistungsbremsen","50":"product_tag-hochleistungsbremsscheiben","51":"product_tag-hochwertige-bremsscheiben","52":"product_tag-kraftwerk","53":"product_tag-mopar","54":"product_tag-mopar-autoteile","55":"product_tag-mopar-deutschland","56":"product_tag-mopar-ersatzteile","57":"product_tag-mopar-ersatzteile-kaufen","58":"product_tag-mopar-ersatzteilhaendler","59":"product_tag-mopar-haendler","60":"product_tag-mopar-performance-teile","61":"product_tag-mopar-teile-katalog","62":"product_tag-mopar-teile-online","63":"product_tag-mopar-tuningteile","64":"product_tag-mopar-zubehoer","65":"product_tag-mopar10","66":"product_tag-oem","67":"product_tag-oem-bremsscheiben","68":"product_tag-original-mopar-ersatzteile","69":"product_tag-originalteil","70":"product_tag-originalteile-dodge","71":"product_tag-pickup-bremsscheiben","72":"product_tag-pickup-zubehoer","73":"product_tag-ram","74":"product_tag-ram-2500","75":"product_tag-ram-3500","76":"product_tag-ram-3500-bremsenservice","77":"product_tag-ram-bremsscheibenwechsel","78":"product_tag-scheibenbremse","79":"product_tag-scheibenbremse-wartung","80":"product_tag-truck-parts","81":"product_tag-tuev","82":"product_tag-zubehoer","83":"product_tag-zulassung","85":"first","86":"onbackorder","87":"taxable","88":"shipping-taxable","89":"purchasable","90":"product-type-simple"},"bundled_by":[],"bundle_stock_status":"onbackorder","bundle_stock_quantity":0,"bundle_virtual":false,"bundle_layout":"","bundle_add_to_cart_form_location":"","bundle_editable_in_cart":false,"bundle_sold_individually_context":"","bundle_item_grouping":"","bundle_min_size":"","bundle_max_size":"","bundle_price":[],"bundled_items":[],"bundle_sell_ids":[],"exclude_global_add_ons":[],"addons":[],"acf":[],"_links":{"self":[{"href":"https:\/\/kraftwerk-shop.cc\/cs\/wp-json\/wp\/v2\/product\/68313114","targetHints":{"allow":["GET"]}}],"collection":[{"href":"https:\/\/kraftwerk-shop.cc\/cs\/wp-json\/wp\/v2\/product"}],"about":[{"href":"https:\/\/kraftwerk-shop.cc\/cs\/wp-json\/wp\/v2\/types\/product"}],"replies":[{"embeddable":true,"href":"https:\/\/kraftwerk-shop.cc\/cs\/wp-json\/wp\/v2\/comments?post=68313114"}],"version-history":[{"count":0,"href":"https:\/\/kraftwerk-shop.cc\/cs\/wp-json\/wp\/v2\/product\/68313114\/revisions"}],"wp:featuredmedia":[{"embeddable":true,"href":"https:\/\/kraftwerk-shop.cc\/cs\/wp-json\/wp\/v2\/media\/68313116"}],"wp:attachment":[{"href":"https:\/\/kraftwerk-shop.cc\/cs\/wp-json\/wp\/v2\/media?parent=68313114"}],"wp:term":[{"taxonomy":"product_brand","embeddable":true,"href":"https:\/\/kraftwerk-shop.cc\/cs\/wp-json\/wp\/v2\/product_brand?post=68313114"},{"taxonomy":"product_cat","embeddable":true,"href":"https:\/\/kraftwerk-shop.cc\/cs\/wp-json\/wp\/v2\/product_cat?post=68313114"},{"taxonomy":"product_tag","embeddable":true,"href":"https:\/\/kraftwerk-shop.cc\/cs\/wp-json\/wp\/v2\/product_tag?post=68313114"}],"curies":[{"name":"wp","href":"https:\/\/api.w.org\/{rel}","templated":true}]}}