{"id":68313157,"date":"2024-12-26T19:33:47","date_gmt":"2024-12-26T18:33:47","guid":{"rendered":"https:\/\/kraftwerk-shop.cc\/?post_type=product&#038;p=68313157"},"modified":"2026-03-16T11:53:58","modified_gmt":"2026-03-16T10:53:58","slug":"montazni-sada-brzdovych-desticek-grand-cherokee-srt","status":"publish","type":"product","link":"https:\/\/kraftwerk-shop.cc\/cs\/produkt\/befestigungssatz-bremsbelaege-grand-cherokee-srt\/","title":{"rendered":"Mont\u00e1\u017en\u00ed sada pro brzdov\u00e9 desti\u010dky SRT"},"content":{"rendered":"<h1>Mont\u00e1\u017en\u00ed sada brzdov\u00fdch desti\u010dek pro Jeep Grand Cherokee 6.1 SRT8 a 6.4 SRT (zadn\u00ed n\u00e1prava) do roku 2017<\/h1>\n<p>&nbsp;<\/p>\n<p>Klipy lze obvykle pou\u017e\u00edt opakovan\u011b.<br \/>\nPokud brzdov\u00e9 desti\u010dky chrast\u00ed, m\u016f\u017ee pomoci v\u00fdm\u011bna upev\u0148ovac\u00edch spon.<\/p>\n<p>&nbsp;<\/p>\n<p><strong>Vhodn\u00e9 pro:<\/strong><\/p>\n<table width=\"494\">\n<tbody>\n<tr>\n<td width=\"103\"><strong>Zna\u010dka<\/strong><\/td>\n<td width=\"151\"><strong>Model<\/strong><\/td>\n<td width=\"141\"><strong>Motor<\/strong><\/td>\n<td width=\"99\"><strong>Rok v\u00fdstavby<\/strong><\/td>\n<\/tr>\n<tr>\n<td width=\"103\">Jeep<\/td>\n<td width=\"151\">Grand Cherokee<\/td>\n<td width=\"141\">6.1<\/td>\n<td width=\"99\">2006\u20132010<\/td>\n<\/tr>\n<tr>\n<td width=\"103\">Jeep<\/td>\n<td width=\"151\">Grand Cherokee<\/td>\n<td width=\"141\">6.4<\/td>\n<td width=\"99\">2012\u20132017<\/td>\n<\/tr>\n<\/tbody>\n<\/table>\n<p>&nbsp;<\/p>","protected":false},"excerpt":{"rendered":"<p>Zadn\u00ed n\u00e1prava<br \/>\n2006\u20132017<\/p>","protected":false},"featured_media":68313159,"comment_status":"open","ping_status":"closed","template":"","meta":{"_acf_changed":false},"product_brand":[],"product_cat":[10262,17960,17970],"product_tag":[846,951,952,52,844,845,92,101,93,928,949,950,946,4066,959,832,838,590,795,2448,839,840,4432,4815,95,4816,692,56,4818,100,798,799,50,4817,957,36,953,954,947,96,958,955,956,673],"class_list":{"0":"post-68313157","1":"product","2":"type-product","3":"status-publish","4":"has-post-thumbnail","6":"product_cat-alle-produkte","7":"product_cat-jeep-grand-cherokee-61-bremsenteile-zubehoer","8":"product_cat-grand-cherokee-64-bremsenteile-zubehoer","9":"product_tag-05174327aa","10":"product_tag-05174327ab","11":"product_tag-05174327ac","12":"product_tag-300c","13":"product_tag-5174327aa","14":"product_tag-5174327ab","15":"product_tag-6-1","16":"product_tag-6-2","17":"product_tag-6-4","18":"product_tag-68144223aa","19":"product_tag-68144223ab","20":"product_tag-68144223ac","21":"product_tag-befestigung","22":"product_tag-befestigungssatz","23":"product_tag-bolzen","24":"product_tag-brembo","25":"product_tag-bremsbelag","26":"product_tag-bremsbelaege","27":"product_tag-bremse","28":"product_tag-bremsenkleinteile","29":"product_tag-bremsklotz","30":"product_tag-bremskloetze","31":"product_tag-dodge-durango","32":"product_tag-dodge-durango-srt","33":"product_tag-durango","34":"product_tag-durango-srt","35":"product_tag-ersatzteil","36":"product_tag-grand-cherokee","37":"product_tag-grand-cherokee-srt","38":"product_tag-hellcat","39":"product_tag-hinten","40":"product_tag-hinterachse","41":"product_tag-jeep","42":"product_tag-jeep-grand-cherokee-srt","43":"product_tag-klammern","44":"product_tag-kraftwerk","45":"product_tag-power-stop","46":"product_tag-powerstop","47":"product_tag-revision","48":"product_tag-srt","49":"product_tag-stifte","50":"product_tag-z23","51":"product_tag-z23-1053","52":"product_tag-zubehoer","53":"product_shipping_class-deutschlandohne","55":"first","56":"instock","57":"taxable","58":"shipping-taxable","59":"purchasable","60":"product-type-simple"},"bundled_by":[],"bundle_stock_status":"instock","bundle_stock_quantity":5,"bundle_virtual":false,"bundle_layout":"","bundle_add_to_cart_form_location":"","bundle_editable_in_cart":false,"bundle_sold_individually_context":"","bundle_item_grouping":"","bundle_min_size":"","bundle_max_size":"","bundle_price":[],"bundled_items":[],"bundle_sell_ids":[],"exclude_global_add_ons":[],"addons":[],"acf":[],"_links":{"self":[{"href":"https:\/\/kraftwerk-shop.cc\/cs\/wp-json\/wp\/v2\/product\/68313157","targetHints":{"allow":["GET"]}}],"collection":[{"href":"https:\/\/kraftwerk-shop.cc\/cs\/wp-json\/wp\/v2\/product"}],"about":[{"href":"https:\/\/kraftwerk-shop.cc\/cs\/wp-json\/wp\/v2\/types\/product"}],"replies":[{"embeddable":true,"href":"https:\/\/kraftwerk-shop.cc\/cs\/wp-json\/wp\/v2\/comments?post=68313157"}],"version-history":[{"count":0,"href":"https:\/\/kraftwerk-shop.cc\/cs\/wp-json\/wp\/v2\/product\/68313157\/revisions"}],"wp:featuredmedia":[{"embeddable":true,"href":"https:\/\/kraftwerk-shop.cc\/cs\/wp-json\/wp\/v2\/media\/68313159"}],"wp:attachment":[{"href":"https:\/\/kraftwerk-shop.cc\/cs\/wp-json\/wp\/v2\/media?parent=68313157"}],"wp:term":[{"taxonomy":"product_brand","embeddable":true,"href":"https:\/\/kraftwerk-shop.cc\/cs\/wp-json\/wp\/v2\/product_brand?post=68313157"},{"taxonomy":"product_cat","embeddable":true,"href":"https:\/\/kraftwerk-shop.cc\/cs\/wp-json\/wp\/v2\/product_cat?post=68313157"},{"taxonomy":"product_tag","embeddable":true,"href":"https:\/\/kraftwerk-shop.cc\/cs\/wp-json\/wp\/v2\/product_tag?post=68313157"}],"curies":[{"name":"wp","href":"https:\/\/api.w.org\/{rel}","templated":true}]}}