{"id":68313197,"date":"2024-12-27T00:28:20","date_gmt":"2024-12-26T23:28:20","guid":{"rendered":"https:\/\/kraftwerk-shop.cc\/?post_type=product&#038;p=68313197"},"modified":"2026-03-29T15:35:07","modified_gmt":"2026-03-29T13:35:07","slug":"afe-magnum-flow-vzduchovy-filtr-10-10132-corvette-c7","status":"publish","type":"product","link":"https:\/\/kraftwerk-shop.cc\/cs\/produkt\/afe-magnum-flow-luftfilter-10-10132-corvette-c7\/","title":{"rendered":"aFe Magnum FLOW vzduchov\u00fd filtr 10-10132 Corvette C7"},"content":{"rendered":"<div class=\"description std\">\n<h1>aFe 10-10132 Magnum FLOW Pro 5R High-Flow vzduchov\u00fd filtr pro Chevrolet Corvette C7<\/h1>\n<\/div>\n<h2>N\u00e1hradn\u00ed filtr, kter\u00fd nahrazuje p\u016fvodn\u00ed vzduchov\u00fd filtr<\/h2>\n<p>&nbsp;<\/p>\n<p><strong>Srovn\u00e1vac\u00ed \u010d\u00edsla GM:<\/strong>\u00a0<span class=\"list-value\">23107355<\/span>, <span class=\"list-value sku-display\">84032895<\/span><\/p>\n<p>&nbsp;<\/p>\n<div class=\"description std\">\n<p><strong>Filtra\u010dn\u00ed m\u00e9dium Pro 5R:<\/strong><br \/>\n5 vrstev postupn\u011b jemn\u011bj\u0161\u00edch, olejovan\u00fdch bavln\u011bn\u00fdch filtra\u010dn\u00edch m\u00e9di\u00ed pro maxim\u00e1ln\u00ed v\u00fdkon. Jedine\u010dn\u00e1 struktura 5 vrstev zaji\u0161\u0165uje vysok\u00fd pr\u016ftok vzduchu i p\u0159i zne\u010di\u0161t\u011bn\u00ed.<br \/>\nPr\u016ftok vzduchu je a\u017e o 85% vy\u0161\u0161\u00ed ne\u017e u standardn\u00edho vzduchov\u00e9ho filtru.<br \/>\nVzduchov\u00fd filtr lze n\u011bkolikr\u00e1t vyprat a znovu pou\u017e\u00edt.<\/p>\n<p><b>Zaoblen\u00e9 z\u00e1hyby:<\/b><br \/>\nSportovn\u00ed vzduchov\u00e9 filtry aFe maj\u00ed d\u00edky zaoblen\u00fdm z\u00e1hyb\u016fm v\u011bt\u0161\u00ed vyu\u017eitelnou plochu filtru, co\u017e vede k vy\u0161\u0161\u00edmu pr\u016ftoku vzduchu a lep\u0161\u00ed kapacit\u011b filtru.<\/p>\n<p><b>Progresivn\u00ed n\u00e1razov\u00e9 t\u011bsn\u011bn\u00ed:<\/b><br \/>\nHladk\u00fd t\u011bsnic\u00ed povrch se p\u0159izp\u016fsob\u00ed i nerovn\u00e9mu t\u011blesu filtru a zaru\u010duje dokonal\u00e9 uchycen\u00ed vzduchov\u00e9ho filtru.<\/p>\n<p><strong>100% Polyuretanov\u00e1 podlaha a strop:<\/strong><br \/>\nTento v\u00fdkonn\u00fd vzduchov\u00fd filtr aFe POWER se skl\u00e1d\u00e1 z polyuretanov\u00e9 z\u00e1kladny a krytu. Na rozd\u00edl od jin\u00fdch materi\u00e1l\u016f, kter\u00e9 po opakovan\u00fdch tepeln\u00fdch cyklech v motorov\u00e9m prostoru degraduj\u00ed, si polyuretan zachov\u00e1v\u00e1 sv\u016fj p\u016fvodn\u00ed tvar.<\/p>\n<p>&nbsp;<\/p>\n<\/div>\n<p><strong>Vhodn\u00e9 pro:<\/strong><\/p>\n<table width=\"843\">\n<tbody>\n<tr>\n<td width=\"83\"><strong>Rok v\u00fdstavby<\/strong><\/td>\n<td width=\"83\"><strong>Zna\u010dka<\/strong><\/td>\n<td width=\"142\"><strong>Model<\/strong><\/td>\n<td width=\"174\"><strong>Varianta<\/strong><\/td>\n<td width=\"361\"><strong>Motor<\/strong><\/td>\n<\/tr>\n<tr>\n<td width=\"83\">2014-2019<\/td>\n<td width=\"83\">Chevrolet<\/td>\n<td width=\"142\">Corvette<\/td>\n<td width=\"174\">(C7)<\/td>\n<td width=\"361\">V8-6.2L<\/td>\n<\/tr>\n<tr>\n<td width=\"83\">2015-2019<\/td>\n<td width=\"83\">Chevrolet<\/td>\n<td width=\"142\">Corvette Z06<\/td>\n<td width=\"174\">(C7)<\/td>\n<td width=\"361\">V8-6.2L (sc)<\/td>\n<\/tr>\n<\/tbody>\n<\/table>\n<p>&nbsp;<\/p>\n<p><strong>Rozsah dod\u00e1vky:<\/strong><\/p>\n<ul>\n<li>1 vzduchov\u00fd filtr aFe 10-10132<\/li>\n<\/ul>\n<p>&nbsp;<\/p>","protected":false},"excerpt":{"rendered":"<p>aFe 10-10132 Magnum FLOW Pro 5R High-Flow vzduchov\u00fd filtr pro Chevrolet Corvette C7 N\u00e1hradn\u00ed filtr za origin\u00e1ln\u00ed vzduchov\u00fd filtr &nbsp;<\/p>","protected":false},"featured_media":68313199,"comment_status":"open","ping_status":"closed","template":"","meta":{"_acf_changed":false},"product_brand":[16879],"product_cat":[10262,3126],"product_tag":[9879,9877,9878,16880,9538,2441,9542,9880,7892,502,2393,9883,9881,9543,36,393,9550,57,9893,9557,9555,9895,9886,9553,9563,9896,9887,8665,9899,9567,9559,9568,9554,8653,9898,9564,9888,9561,9546,9891,8679,9897,9565,9556,9560,9894,9545,9566,9890,9562,9552,9889,9548,8839,9892,9547,9558,503,9539,9551,9544,9885,2394,9540,9882,500,501,9541,698,9884],"class_list":{"0":"post-68313197","1":"product","2":"type-product","3":"status-publish","4":"has-post-thumbnail","6":"product_brand-afe-power","7":"product_cat-alle-produkte","8":"product_cat-corvette-c7-ansaugung","9":"product_tag-10-10132","10":"product_tag-9877","11":"product_tag-9878","12":"product_tag-advanced-flow-engineering","13":"product_tag-afe-luftfilter","14":"product_tag-afe-power","15":"product_tag-baumwollgewebe","16":"product_tag-chevrolet-corvette-luftfilter","17":"product_tag-corvette-c7","18":"product_tag-filtereinsatz","19":"product_tag-flow","20":"product_tag-geoelter-luftfilter","21":"product_tag-hochleistungs-luftfilter","22":"product_tag-hohe-leistung","23":"product_tag-kraftwerk","24":"product_tag-leistungssteigerung","25":"product_tag-luftdurchsatz-erhoehen","26":"product_tag-luftfilter","27":"product_tag-luftfilter-angebot","28":"product_tag-luftfilter-angebote","29":"product_tag-luftfilter-anleitung","30":"product_tag-luftfilter-bestseller","31":"product_tag-luftfilter-bewertung","32":"product_tag-luftfilter-bewertungen","33":"product_tag-luftfilter-effizienz","34":"product_tag-luftfilter-empfehlung","35":"product_tag-luftfilter-erfahrung","36":"product_tag-luftfilter-ersatz","37":"product_tag-luftfilter-ersatzteil","38":"product_tag-luftfilter-ersatzteile","39":"product_tag-luftfilter-garantie","40":"product_tag-luftfilter-hersteller","41":"product_tag-luftfilter-installation","42":"product_tag-luftfilter-kaufen","43":"product_tag-luftfilter-kompatibilitaet","44":"product_tag-luftfilter-lebensdauer","45":"product_tag-luftfilter-leistung","46":"product_tag-luftfilter-materialien","47":"product_tag-luftfilter-oel","48":"product_tag-luftfilter-online","49":"product_tag-luftfilter-original","50":"product_tag-luftfilter-passform","51":"product_tag-luftfilter-pflege","52":"product_tag-luftfilter-preis","53":"product_tag-luftfilter-qualitaet","54":"product_tag-luftfilter-rabatt","55":"product_tag-luftfilter-reinigung","56":"product_tag-luftfilter-reinigungskit","57":"product_tag-luftfilter-shop","58":"product_tag-luftfilter-technologie","59":"product_tag-luftfilter-test","60":"product_tag-luftfilter-tuning","61":"product_tag-luftfilter-upgrade","62":"product_tag-luftfilter-vergleich","63":"product_tag-luftfilter-versand","64":"product_tag-luftfilter-wartung","65":"product_tag-luftfilter-zubehoer","66":"product_tag-luftfiltereinsatz","67":"product_tag-magnum-flow","68":"product_tag-motorleistung-verbessern","69":"product_tag-oe-ersatz","70":"product_tag-performance-luftfilter","71":"product_tag-pro","72":"product_tag-pro-5r","73":"product_tag-pro-5r-filter","74":"product_tag-sportluftfilter","75":"product_tag-tauschfilter","76":"product_tag-waschbar","77":"product_tag-wiederverwendbar","78":"product_tag-wiederverwendbarer-luftfilter","79":"product_shipping_class-deutschlandohne","81":"first","82":"instock","83":"taxable","84":"shipping-taxable","85":"purchasable","86":"product-type-simple"},"bundled_by":[],"bundle_stock_status":"instock","bundle_stock_quantity":1,"bundle_virtual":false,"bundle_layout":"","bundle_add_to_cart_form_location":"","bundle_editable_in_cart":false,"bundle_sold_individually_context":"","bundle_item_grouping":"","bundle_min_size":"","bundle_max_size":"","bundle_price":[],"bundled_items":[],"bundle_sell_ids":[],"exclude_global_add_ons":[],"addons":[],"acf":[],"_links":{"self":[{"href":"https:\/\/kraftwerk-shop.cc\/cs\/wp-json\/wp\/v2\/product\/68313197","targetHints":{"allow":["GET"]}}],"collection":[{"href":"https:\/\/kraftwerk-shop.cc\/cs\/wp-json\/wp\/v2\/product"}],"about":[{"href":"https:\/\/kraftwerk-shop.cc\/cs\/wp-json\/wp\/v2\/types\/product"}],"replies":[{"embeddable":true,"href":"https:\/\/kraftwerk-shop.cc\/cs\/wp-json\/wp\/v2\/comments?post=68313197"}],"version-history":[{"count":0,"href":"https:\/\/kraftwerk-shop.cc\/cs\/wp-json\/wp\/v2\/product\/68313197\/revisions"}],"wp:featuredmedia":[{"embeddable":true,"href":"https:\/\/kraftwerk-shop.cc\/cs\/wp-json\/wp\/v2\/media\/68313199"}],"wp:attachment":[{"href":"https:\/\/kraftwerk-shop.cc\/cs\/wp-json\/wp\/v2\/media?parent=68313197"}],"wp:term":[{"taxonomy":"product_brand","embeddable":true,"href":"https:\/\/kraftwerk-shop.cc\/cs\/wp-json\/wp\/v2\/product_brand?post=68313197"},{"taxonomy":"product_cat","embeddable":true,"href":"https:\/\/kraftwerk-shop.cc\/cs\/wp-json\/wp\/v2\/product_cat?post=68313197"},{"taxonomy":"product_tag","embeddable":true,"href":"https:\/\/kraftwerk-shop.cc\/cs\/wp-json\/wp\/v2\/product_tag?post=68313197"}],"curies":[{"name":"wp","href":"https:\/\/api.w.org\/{rel}","templated":true}]}}