{"id":68313213,"date":"2024-12-27T01:48:02","date_gmt":"2024-12-27T00:48:02","guid":{"rendered":"https:\/\/kraftwerk-shop.cc\/?post_type=product&#038;p=68313213"},"modified":"2026-02-15T01:15:43","modified_gmt":"2026-02-15T00:15:43","slug":"dba-brzdove-desticky-db15144xp-corvette-c7","status":"publish","type":"product","link":"https:\/\/kraftwerk-shop.cc\/cs\/produkt\/dba-bremsbelaege-db15144xp-corvette-c7\/","title":{"rendered":"Brzdov\u00e9 desti\u010dky DBA Corvette C7"},"content":{"rendered":"<h1>Brzdov\u00e9 desti\u010dky DBA <span class=\"woocommerce-loop-product__title_2\">DB15144XP <\/span>pro Chevrolet Corvette C7 Z06 a Grand Sport (zadn\u00ed n\u00e1prava)<\/h1>\n<p>&nbsp;<\/p>\n<p>Brzdov\u00e9 desti\u010dky Xtreme Performance od spole\u010dnosti DBA byly vyvinuty pro \u0159idi\u010de, kte\u0159\u00ed o\u010dek\u00e1vaj\u00ed vysok\u00fd po\u010d\u00e1te\u010dn\u00ed z\u00e1b\u011br a t\u0159ec\u00ed odolnost od n\u00edzk\u00fdch a\u017e po vysok\u00e9 teploty.<br \/>\n\u0158ada XP je ur\u010dena pro n\u00e1ro\u010dn\u00e9 aplikace, kde je pro bezpe\u010dn\u00e9 brzd\u011bn\u00ed v extr\u00e9mn\u00edch podm\u00ednk\u00e1ch vy\u017eadov\u00e1na vy\u0161\u0161\u00ed \u00farove\u0148 t\u0159en\u00ed.<\/p>\n<p>Pro optim\u00e1ln\u00ed brzdn\u00fd v\u00fdkon doporu\u010duje DBA kombinaci s dr\u00e1\u017ekovan\u00fdmi rotory T3 \u0159ady 4000 a 5000.<br \/>\nSpecifikace:<\/p>\n<ul>\n<li>Polokovov\u00fd t\u0159ec\u00ed materi\u00e1l vyztu\u017een\u00fd uhl\u00edkov\u00fdmi vl\u00e1kny<\/li>\n<li>Koeficient t\u0159en\u00ed je v pr\u016fm\u011bru 0,45 od n\u00edzk\u00fdch po vysok\u00e9 teploty.<\/li>\n<li>\u00a0Vynikaj\u00edc\u00ed v\u00fdkon p\u0159i vysok\u00fdch teplot\u00e1ch<\/li>\n<li>Optim\u00e1ln\u00ed konzistence brzd\u011bn\u00ed a\u017e do 550<span style=\"font-family: cambria math,serif;\">\u2103<\/span> (1022<span style=\"font-family: cambria math,serif;\">\u2109<\/span>)<\/li>\n<\/ul>\n<p><strong><br \/>\n<\/strong><strong>Srovn\u00e1vac\u00ed \u010d\u00edsla GM:<\/strong> <span class=\"text1\">84732503, 85113995, 22847818<br \/>\n<strong>Autorizace:<\/strong> \u2014<br \/>\n<\/span><\/p>\n<p>&nbsp;<\/p>\n<p><strong>Vhodn\u00e9 pro:<\/strong><\/p>\n<table width=\"403\">\n<tbody>\n<tr>\n<td width=\"67\">Chevrolet<\/td>\n<td width=\"116\">Corvette C7<\/td>\n<td width=\"123\">Z06<\/td>\n<td width=\"97\">2014\u20132019<\/td>\n<\/tr>\n<tr>\n<td width=\"67\">Chevrolet<\/td>\n<td width=\"116\">Corvette C7<\/td>\n<td width=\"123\">Grand Sport<\/td>\n<td width=\"97\">2017\u20132019<\/td>\n<\/tr>\n<\/tbody>\n<\/table>\n<p>&nbsp;<\/p>\n<p>Cena se vztahuje na 1 sadu pro kompletn\u00ed zadn\u00ed n\u00e1pravu.<\/p>\n<p>&nbsp;<\/p>\n<p>&nbsp;<\/p>","protected":false},"excerpt":{"rendered":"<p>DBA DB15144XP brzdov\u00e9 desti\u010dky pro Chevrolet Corvette C7 Z06 a Grand Sport (zadn\u00ed n\u00e1prava) Brzdov\u00e9 desti\u010dky Xtreme Performance od DBA byly vyvinuty pro.<\/p>","protected":false},"featured_media":68313216,"comment_status":"open","ping_status":"closed","template":"","meta":{"_acf_changed":false},"product_brand":[],"product_cat":[10262,3129],"product_tag":[6880,6878,6879,1046,9915,838,9916,9910,9914,9911,590,9789,795,9904,839,840,3087,9908,189,281,9907,7892,9931,789,9935,9936,9918,9920,9900,9938,9937,9906,9912,9909,9922,9905,9923,9930,9932,9925,9928,9919,9917,9926,9921,9927,9934,9924,9913,9929,9933,2325,692,4379,798,799,9715,31,9902,9903,283,673],"class_list":{"0":"post-68313213","1":"product","2":"type-product","3":"status-publish","4":"has-post-thumbnail","6":"product_cat-alle-produkte","7":"product_cat-corvette-c7-bremsen-hinten","8":"product_tag-6880","9":"product_tag-6878","10":"product_tag-6879","11":"product_tag-abe","12":"product_tag-beste-bremsbelaege","13":"product_tag-bremsbelag","14":"product_tag-bremsbelag-empfehlungen","15":"product_tag-bremsbelag-montage","16":"product_tag-bremsbelag-vergleich","17":"product_tag-bremsbelag-wechsel","18":"product_tag-bremsbelaege","19":"product_tag-bremsbelaege-kaufen","20":"product_tag-bremse","21":"product_tag-bremsen-tuning","22":"product_tag-bremsklotz","23":"product_tag-bremskloetze","24":"product_tag-c7","25":"product_tag-c7-bremsbelaege","26":"product_tag-chevrolet","27":"product_tag-corvette","28":"product_tag-corvette-bremsen","29":"product_tag-corvette-c7","30":"product_tag-db15144xp","31":"product_tag-dba","32":"product_tag-dba-4000-series","33":"product_tag-dba-5000-series","34":"product_tag-dba-angebote","35":"product_tag-dba-bewertungen","36":"product_tag-dba-bremsbelaege","37":"product_tag-dba-bremsbelaege-c7","38":"product_tag-dba-bremsbelaege-corvette","39":"product_tag-dba-deutschland","40":"product_tag-dba-erfahrungen","41":"product_tag-dba-ersatzteile","42":"product_tag-dba-garantie","43":"product_tag-dba-haendler","44":"product_tag-dba-installation","45":"product_tag-dba-kompatibilitae","46":"product_tag-dba-kompatibilitaet","47":"product_tag-dba-kundenservice","48":"product_tag-dba-lieferzeit","49":"product_tag-dba-online-shop","50":"product_tag-dba-preise","51":"product_tag-dba-produktdetails","52":"product_tag-dba-qualitaet","53":"product_tag-dba-spezifikationen","54":"product_tag-dba-street-series","55":"product_tag-dba-support","56":"product_tag-dba-testberichte","57":"product_tag-dba-versandkosten","58":"product_tag-dba-xtreme-performance","59":"product_tag-eg","60":"product_tag-ersatzteil","61":"product_tag-grand-sport","62":"product_tag-hinten","63":"product_tag-hinterachse","64":"product_tag-hochleistungsbremsen","65":"product_tag-mopar","66":"product_tag-performance-bremsbelaege","67":"product_tag-sportbremsen","68":"product_tag-z06","69":"product_tag-zubehoer","71":"first","72":"instock","73":"taxable","74":"shipping-taxable","75":"purchasable","76":"product-type-simple"},"bundled_by":[],"bundle_stock_status":"instock","bundle_stock_quantity":1,"bundle_virtual":false,"bundle_layout":"","bundle_add_to_cart_form_location":"","bundle_editable_in_cart":false,"bundle_sold_individually_context":"","bundle_item_grouping":"","bundle_min_size":"","bundle_max_size":"","bundle_price":[],"bundled_items":[],"bundle_sell_ids":[],"exclude_global_add_ons":[],"addons":[],"acf":[],"_links":{"self":[{"href":"https:\/\/kraftwerk-shop.cc\/cs\/wp-json\/wp\/v2\/product\/68313213","targetHints":{"allow":["GET"]}}],"collection":[{"href":"https:\/\/kraftwerk-shop.cc\/cs\/wp-json\/wp\/v2\/product"}],"about":[{"href":"https:\/\/kraftwerk-shop.cc\/cs\/wp-json\/wp\/v2\/types\/product"}],"replies":[{"embeddable":true,"href":"https:\/\/kraftwerk-shop.cc\/cs\/wp-json\/wp\/v2\/comments?post=68313213"}],"version-history":[{"count":0,"href":"https:\/\/kraftwerk-shop.cc\/cs\/wp-json\/wp\/v2\/product\/68313213\/revisions"}],"wp:featuredmedia":[{"embeddable":true,"href":"https:\/\/kraftwerk-shop.cc\/cs\/wp-json\/wp\/v2\/media\/68313216"}],"wp:attachment":[{"href":"https:\/\/kraftwerk-shop.cc\/cs\/wp-json\/wp\/v2\/media?parent=68313213"}],"wp:term":[{"taxonomy":"product_brand","embeddable":true,"href":"https:\/\/kraftwerk-shop.cc\/cs\/wp-json\/wp\/v2\/product_brand?post=68313213"},{"taxonomy":"product_cat","embeddable":true,"href":"https:\/\/kraftwerk-shop.cc\/cs\/wp-json\/wp\/v2\/product_cat?post=68313213"},{"taxonomy":"product_tag","embeddable":true,"href":"https:\/\/kraftwerk-shop.cc\/cs\/wp-json\/wp\/v2\/product_tag?post=68313213"}],"curies":[{"name":"wp","href":"https:\/\/api.w.org\/{rel}","templated":true}]}}