{"id":68313292,"date":"2024-12-29T11:10:35","date_gmt":"2024-12-29T10:10:35","guid":{"rendered":"https:\/\/kraftwerk-shop.cc\/?post_type=product&#038;p=68313292"},"modified":"2026-02-15T01:15:52","modified_gmt":"2026-02-15T00:15:52","slug":"kw-coilover-suspension-v4-challenger-charger-hellcat","status":"publish","type":"product","link":"https:\/\/kraftwerk-shop.cc\/cs\/produkt\/kw-gewindefahrwerk-v4-challenger-charger-hellcat\/","title":{"rendered":"KW coilover suspension V4 Dodge Challenger &amp; Charger Hellcat"},"content":{"rendered":"<h1>KW Gewindefahrwerk V4 f\u00fcr Dodge Challenger &amp; Charger Hellcat<\/h1>\n<p>&nbsp;<\/p>\n<p><strong>Eigenschaften:<\/strong><\/p>\n<ul>\n<li class=\"product-attributes\"><span data-bind=\"text: $parents[0].commonAttributes()['att_' + _propkey].name\">Tieferlegung VA\/HA (mm)<\/span>: <span data-bind=\"html: $parents[0].commonAttributes()['att_' + _propkey].wert\">5-30\/10-30<\/span><\/li>\n<li class=\"product-attributes\"><span data-bind=\"text: $parents[0].commonAttributes()['att_' + _propkey].name\">Ausf\u00fchrung<\/span>: <span data-bind=\"html: $parents[0].commonAttributes()['att_' + _propkey].wert\">V4<\/span><\/li>\n<li class=\"product-attributes\"><span data-bind=\"text: $parents[0].commonAttributes()['att_' + _propkey].name\">H\u00e4rteverstellung<\/span>: <span data-bind=\"html: $parents[0].commonAttributes()['att_' + _propkey].wert\">Zug- und Druckstufe<\/span><\/li>\n<li class=\"product-attributes\"><span data-bind=\"text: $parents[0].commonAttributes()['att_' + _propkey].name\">Material<\/span>: <span data-bind=\"html: $parents[0].commonAttributes()['att_' + _propkey].wert\">Edelstahl<\/span><\/li>\n<li class=\"product-attributes\"><span data-bind=\"text: $parents[0].commonAttributes()['att_' + _propkey].name\">Verstellung VA\/HA<\/span>: <span data-bind=\"html: $parents[0].commonAttributes()['att_' + _propkey].wert\">Gewinde\/Gewinde<\/span><\/li>\n<li class=\"product-attributes\"><span data-bind=\"text: $parents[0].commonAttributes()['att_' + _propkey].name\">Zulassung<\/span>: <span data-bind=\"html: $parents[0].commonAttributes()['att_' + _propkey].wert\">Teilegutachten (\u00a719.2)<\/span><\/li>\n<\/ul>\n<p>&nbsp;<\/p>\n<p><strong>Passend f\u00fcr:<\/strong><\/p>\n<table width=\"914\">\n<tbody>\n<tr>\n<td width=\"127\"><strong>Hersteller<\/strong><\/td>\n<td width=\"215\"><strong>Modell<\/strong><\/td>\n<td width=\"119\"><strong>Ausf\u00fchrung<\/strong><\/td>\n<td width=\"106\"><strong>Karosserie<\/strong><\/td>\n<td width=\"64\"><strong>Kraftstoff<\/strong><\/td>\n<td width=\"64\"><strong>Performance<\/strong><\/td>\n<td width=\"64\"><strong>Hubraum<\/strong><\/td>\n<td width=\"64\"><strong>Zylinder<\/strong><\/td>\n<td width=\"91\"><strong>Antrieb<\/strong><\/td>\n<\/tr>\n<tr>\n<td width=\"127\" data-bind=\"text: make_name, attr: {title: make_name}\">DODGE<\/td>\n<td width=\"215\" data-bind=\"text: model_name, attr: {title: model_name}\">CHALLENGER Coupe 09\/2007-<\/td>\n<td width=\"119\" data-bind=\"text: car_name, attr: {title: car_name}\">6.2 SRT Hellcat<\/td>\n<td width=\"106\" data-bind=\"text: body_type, attr: {title: body_type}\">Coupe<\/td>\n<td width=\"64\" data-bind=\"text: fuel_type, attr: {title: fuel_type}\">Benzin<\/td>\n<td width=\"64\" data-bind=\"text: kw + ' KW', attr: {title: kw + ' KW'}\">527 KW<\/td>\n<td width=\"64\" data-bind=\"text: ccm + ' ccm', attr: {title: ccm + ' ccm'}\">6166 ccm<\/td>\n<td width=\"64\" data-bind=\"text: cylinder, attr: {title: cylinder}\">8<\/td>\n<td width=\"91\" data-bind=\"text: drivetrain, attr: {title: drivetrain}\">Heckantrieb<\/td>\n<\/tr>\n<tr>\n<td width=\"127\" data-bind=\"text: make_name, attr: {title: make_name}\">DODGE<\/td>\n<td width=\"215\" data-bind=\"text: model_name, attr: {title: model_name}\">CHARGER 01\/2011-<\/td>\n<td width=\"119\" data-bind=\"text: car_name, attr: {title: car_name}\">6.2 SRT Hellcat<\/td>\n<td width=\"106\" data-bind=\"text: body_type, attr: {title: body_type}\">Stufenheck<\/td>\n<td width=\"64\" data-bind=\"text: fuel_type, attr: {title: fuel_type}\">Benzin<\/td>\n<td width=\"64\" data-bind=\"text: kw + ' KW', attr: {title: kw + ' KW'}\">527 KW<\/td>\n<td width=\"64\" data-bind=\"text: ccm + ' ccm', attr: {title: ccm + ' ccm'}\">6166 ccm<\/td>\n<td width=\"64\" data-bind=\"text: cylinder, attr: {title: cylinder}\">8<\/td>\n<td width=\"91\" data-bind=\"text: drivetrain, attr: {title: drivetrain}\">Heckantrieb<\/td>\n<\/tr>\n<tr>\n<td width=\"127\" data-bind=\"text: make_name, attr: {title: make_name}\">DODGE<\/td>\n<td width=\"215\" data-bind=\"text: model_name, attr: {title: model_name}\">CHARGER 01\/2011-<\/td>\n<td width=\"119\" data-bind=\"text: car_name, attr: {title: car_name}\">6.2 SRT Hellcat<\/td>\n<td width=\"106\" data-bind=\"text: body_type, attr: {title: body_type}\">Stufenheck<\/td>\n<td width=\"64\" data-bind=\"text: fuel_type, attr: {title: fuel_type}\">Benzin<\/td>\n<td width=\"64\" data-bind=\"text: kw + ' KW', attr: {title: kw + ' KW'}\">528 KW<\/td>\n<td width=\"64\" data-bind=\"text: ccm + ' ccm', attr: {title: ccm + ' ccm'}\">6166 ccm<\/td>\n<td width=\"64\" data-bind=\"text: cylinder, attr: {title: cylinder}\">8<\/td>\n<td width=\"91\" data-bind=\"text: drivetrain, attr: {title: drivetrain}\">Heckantrieb<\/td>\n<\/tr>\n<\/tbody>\n<\/table>\n<p>&nbsp;<\/p>\n<p><strong>Auflagen \/ Hinweise:<\/strong><\/p>\n<ul>\n<li>VA + HA h\u00f6henverstellbar (VA Gewindefederbeine, HA Federn mit H\u00f6henverstellung + D\u00e4mpfer)<\/li>\n<li>D\u00e4mpfer verf\u00fcgen \u00fcber leicht zu bedienende Einstellr\u00e4der. Bauartbedingt in der Zugstufe nur bei zug\u00e4nglicher Kolbenstange<\/li>\n<li>Elektronische D\u00e4mpferregelung muss stillgelegt werden. Elektroniksatz zur Stillegung ist im Lieferumfang enthalten<\/li>\n<\/ul>\n<h4><\/h4>\n<p>&nbsp;<\/p>\n<h4 style=\"text-align: center;\">KW V4 Gewindefahrwerk<\/h4>\n<p>&nbsp;<\/p>\n<p>Beim KW V4 Gewindefahrwerk vereint sich f\u00fchrende Rennsporttechnologie mit einem deutlichen Plus an Alltagstauglichkeit f\u00fcr zahlreiche High-Performance-Fahrzeuge.<br \/>\nDies erlaubt eine unabh\u00e4ngige Einstellung der Zugstufend\u00e4mpfung sowie der Lowspeed- und Highspeed-Druckstufend\u00e4mpfung.<br \/>\nSo liefert KW das V4 Gewindefahrwerk mit einer fahrzeugspezifischen Performance-Einstellung aus.<br \/>\nDurch die einstellbaren D\u00e4mpfer k\u00f6nnen Fahrer \u2013 falls erforderlich \u2013 intuitiv mit den integrierten Einstellr\u00e4dern am D\u00e4mpfer schnell auf eine Komfortabstimmung wechseln.<\/p>\n<p>&nbsp;<\/p>\n<h4>Setup \u2013 werkseitig vorkonfiguriertes D\u00e4mpfungssetup mit separater 3-fach D\u00e4mpfereinstellung<\/h4>\n<h4 style=\"text-align: center;\"><\/h4>\n<p>&nbsp;<\/p>\n<p>Die dreifach einstellbaren High-Performance-D\u00e4mpfer mit ihrer unabh\u00e4ngigen Einstellung der Zugstufe durch die \u201eTVR-A\u201c-Technologie sowie der Lowspeed- und Highspeed-Druckstufend\u00e4mpfung durch die \u201eTVCLH-A\u201c-Technologie basieren auf der erfolgreichen Rennsporttechnologie des mehrfachen Gesamtsiegers das ADAC Zurich 24h-Rennen N\u00fcrburgring und werden je nach fahrzeugspezifischer Ausf\u00fchrung \u00fcber Aluminiumst\u00fctzlager unterst\u00fctzt. Das KW V4 Gewindefahrwerk wird ausschlie\u00dflich f\u00fcr ausgew\u00e4hlte High-Performance-Fahrzeuge entwickelt, die durch die ausgereifte KW Fahrwerktechnologie im fahrdynamischen Grenzbereich sicherer bewegt werden k\u00f6nnen.<\/p>\n<p>&nbsp;<\/p>\n\n\t\t<style type=\"text\/css\">\n\t\t\t#gallery-1 {\n\t\t\t\tmargin: auto;\n\t\t\t}\n\t\t\t#gallery-1 .gallery-item {\n\t\t\t\tfloat: left;\n\t\t\t\tmargin-top: 10px;\n\t\t\t\ttext-align: center;\n\t\t\t\twidth: 33%;\n\t\t\t}\n\t\t\t#gallery-1 img {\n\t\t\t\tborder: 2px solid #cfcfcf;\n\t\t\t}\n\t\t\t#gallery-1 .gallery-caption {\n\t\t\t\tmargin-left: 0;\n\t\t\t}\n\t\t\t\/* see gallery_shortcode() in wp-includes\/media.php *\/\n\t\t<\/style>\n\t\t<div id='gallery-1' class='gallery galleryid-68313292 gallery-columns-3 gallery-size-medium'><dl class='gallery-item'>\n\t\t\t<dt class='gallery-icon landscape'>\n\t\t\t\t<a href='https:\/\/kraftwerk-shop.cc\/cs\/?attachment_id=68267741'><img decoding=\"async\" width=\"300\" height=\"200\" src=\"https:\/\/kraftwerk-shop.cc\/wp-content\/uploads\/2022\/06\/KW_Sportfahrwerk_Dodge_Challenger_Charger_Hellcat_zugstufe_v4.jpg\" class=\"attachment-medium size-medium\" alt=\"\" srcset=\"https:\/\/kraftwerk-shop.cc\/wp-content\/uploads\/2022\/06\/KW_Sportfahrwerk_Dodge_Challenger_Charger_Hellcat_zugstufe_v4.jpg 423w, https:\/\/kraftwerk-shop.cc\/wp-content\/uploads\/2022\/06\/KW_Sportfahrwerk_Dodge_Challenger_Charger_Hellcat_zugstufe_v4-150x100.jpg 150w, https:\/\/kraftwerk-shop.cc\/wp-content\/uploads\/2022\/06\/KW_Sportfahrwerk_Dodge_Challenger_Charger_Hellcat_zugstufe_v4-247x165.jpg 247w\" sizes=\"(max-width: 300px) 100vw, 300px\" \/><\/a>\n\t\t\t<\/dt><\/dl><dl class='gallery-item'>\n\t\t\t<dt class='gallery-icon landscape'>\n\t\t\t\t<a href='https:\/\/kraftwerk-shop.cc\/cs\/?attachment_id=68267740'><img decoding=\"async\" width=\"300\" height=\"200\" src=\"https:\/\/kraftwerk-shop.cc\/wp-content\/uploads\/2022\/06\/KW_Sportfahrwerk_Dodge_Challenger_Charger_Hellcat_lowspeed_v4.jpg\" class=\"attachment-medium size-medium\" alt=\"\" srcset=\"https:\/\/kraftwerk-shop.cc\/wp-content\/uploads\/2022\/06\/KW_Sportfahrwerk_Dodge_Challenger_Charger_Hellcat_lowspeed_v4.jpg 422w, https:\/\/kraftwerk-shop.cc\/wp-content\/uploads\/2022\/06\/KW_Sportfahrwerk_Dodge_Challenger_Charger_Hellcat_lowspeed_v4-150x100.jpg 150w, https:\/\/kraftwerk-shop.cc\/wp-content\/uploads\/2022\/06\/KW_Sportfahrwerk_Dodge_Challenger_Charger_Hellcat_lowspeed_v4-247x165.jpg 247w\" sizes=\"(max-width: 300px) 100vw, 300px\" \/><\/a>\n\t\t\t<\/dt><\/dl><dl class='gallery-item'>\n\t\t\t<dt class='gallery-icon landscape'>\n\t\t\t\t<a href='https:\/\/kraftwerk-shop.cc\/cs\/?attachment_id=68267739'><img decoding=\"async\" width=\"300\" height=\"200\" src=\"https:\/\/kraftwerk-shop.cc\/wp-content\/uploads\/2022\/06\/KW_Sportfahrwerk_Dodge_Challenger_Charger_Hellcat_kw_einbaustory.jpg\" class=\"attachment-medium size-medium\" alt=\"\" srcset=\"https:\/\/kraftwerk-shop.cc\/wp-content\/uploads\/2022\/06\/KW_Sportfahrwerk_Dodge_Challenger_Charger_Hellcat_kw_einbaustory.jpg 422w, https:\/\/kraftwerk-shop.cc\/wp-content\/uploads\/2022\/06\/KW_Sportfahrwerk_Dodge_Challenger_Charger_Hellcat_kw_einbaustory-150x100.jpg 150w, https:\/\/kraftwerk-shop.cc\/wp-content\/uploads\/2022\/06\/KW_Sportfahrwerk_Dodge_Challenger_Charger_Hellcat_kw_einbaustory-247x165.jpg 247w\" sizes=\"(max-width: 300px) 100vw, 300px\" \/><\/a>\n\t\t\t<\/dt><\/dl><br style=\"clear: both\" \/>\n\t\t<\/div>\n\n\n\t\t<style type=\"text\/css\">\n\t\t\t#gallery-2 {\n\t\t\t\tmargin: auto;\n\t\t\t}\n\t\t\t#gallery-2 .gallery-item {\n\t\t\t\tfloat: left;\n\t\t\t\tmargin-top: 10px;\n\t\t\t\ttext-align: center;\n\t\t\t\twidth: 33%;\n\t\t\t}\n\t\t\t#gallery-2 img {\n\t\t\t\tborder: 2px solid #cfcfcf;\n\t\t\t}\n\t\t\t#gallery-2 .gallery-caption {\n\t\t\t\tmargin-left: 0;\n\t\t\t}\n\t\t\t\/* see gallery_shortcode() in wp-includes\/media.php *\/\n\t\t<\/style>\n\t\t<div id='gallery-2' class='gallery galleryid-68313292 gallery-columns-3 gallery-size-medium'><dl class='gallery-item'>\n\t\t\t<dt class='gallery-icon landscape'>\n\t\t\t\t<a href='https:\/\/kraftwerk-shop.cc\/cs\/?attachment_id=68267743'><img decoding=\"async\" width=\"300\" height=\"200\" src=\"https:\/\/kraftwerk-shop.cc\/wp-content\/uploads\/2022\/06\/KW_Sportfahrwerk_Dodge_Challenger_Charger_Hellcat_KW_Diagramme_-_Druckstufe_Highspeed_V4.jpg\" class=\"attachment-medium size-medium\" alt=\"\" srcset=\"https:\/\/kraftwerk-shop.cc\/wp-content\/uploads\/2022\/06\/KW_Sportfahrwerk_Dodge_Challenger_Charger_Hellcat_KW_Diagramme_-_Druckstufe_Highspeed_V4.jpg 1024w, https:\/\/kraftwerk-shop.cc\/wp-content\/uploads\/2022\/06\/KW_Sportfahrwerk_Dodge_Challenger_Charger_Hellcat_KW_Diagramme_-_Druckstufe_Highspeed_V4-500x333.jpg 500w, https:\/\/kraftwerk-shop.cc\/wp-content\/uploads\/2022\/06\/KW_Sportfahrwerk_Dodge_Challenger_Charger_Hellcat_KW_Diagramme_-_Druckstufe_Highspeed_V4-150x100.jpg 150w, https:\/\/kraftwerk-shop.cc\/wp-content\/uploads\/2022\/06\/KW_Sportfahrwerk_Dodge_Challenger_Charger_Hellcat_KW_Diagramme_-_Druckstufe_Highspeed_V4-600x400.jpg 600w\" sizes=\"(max-width: 300px) 100vw, 300px\" \/><\/a>\n\t\t\t<\/dt><\/dl><dl class='gallery-item'>\n\t\t\t<dt class='gallery-icon landscape'>\n\t\t\t\t<a href='https:\/\/kraftwerk-shop.cc\/cs\/?attachment_id=68267744'><img decoding=\"async\" width=\"300\" height=\"200\" src=\"https:\/\/kraftwerk-shop.cc\/wp-content\/uploads\/2022\/06\/KW_Sportfahrwerk_Dodge_Challenger_Charger_Hellcat_KW_Diagramme_-_Druckstufe_Lowspeed_V4.jpg\" class=\"attachment-medium size-medium\" alt=\"\" srcset=\"https:\/\/kraftwerk-shop.cc\/wp-content\/uploads\/2022\/06\/KW_Sportfahrwerk_Dodge_Challenger_Charger_Hellcat_KW_Diagramme_-_Druckstufe_Lowspeed_V4.jpg 1024w, https:\/\/kraftwerk-shop.cc\/wp-content\/uploads\/2022\/06\/KW_Sportfahrwerk_Dodge_Challenger_Charger_Hellcat_KW_Diagramme_-_Druckstufe_Lowspeed_V4-500x333.jpg 500w, https:\/\/kraftwerk-shop.cc\/wp-content\/uploads\/2022\/06\/KW_Sportfahrwerk_Dodge_Challenger_Charger_Hellcat_KW_Diagramme_-_Druckstufe_Lowspeed_V4-150x100.jpg 150w, https:\/\/kraftwerk-shop.cc\/wp-content\/uploads\/2022\/06\/KW_Sportfahrwerk_Dodge_Challenger_Charger_Hellcat_KW_Diagramme_-_Druckstufe_Lowspeed_V4-600x400.jpg 600w\" sizes=\"(max-width: 300px) 100vw, 300px\" \/><\/a>\n\t\t\t<\/dt><\/dl><dl class='gallery-item'>\n\t\t\t<dt class='gallery-icon landscape'>\n\t\t\t\t<a href='https:\/\/kraftwerk-shop.cc\/cs\/?attachment_id=68267745'><img decoding=\"async\" width=\"300\" height=\"200\" src=\"https:\/\/kraftwerk-shop.cc\/wp-content\/uploads\/2022\/06\/KW_Sportfahrwerk_Dodge_Challenger_Charger_Hellcat_KW_Diagramme_-_Zugstufe_V4.jpg\" class=\"attachment-medium size-medium\" alt=\"\" srcset=\"https:\/\/kraftwerk-shop.cc\/wp-content\/uploads\/2022\/06\/KW_Sportfahrwerk_Dodge_Challenger_Charger_Hellcat_KW_Diagramme_-_Zugstufe_V4.jpg 1024w, https:\/\/kraftwerk-shop.cc\/wp-content\/uploads\/2022\/06\/KW_Sportfahrwerk_Dodge_Challenger_Charger_Hellcat_KW_Diagramme_-_Zugstufe_V4-500x333.jpg 500w, https:\/\/kraftwerk-shop.cc\/wp-content\/uploads\/2022\/06\/KW_Sportfahrwerk_Dodge_Challenger_Charger_Hellcat_KW_Diagramme_-_Zugstufe_V4-150x100.jpg 150w, https:\/\/kraftwerk-shop.cc\/wp-content\/uploads\/2022\/06\/KW_Sportfahrwerk_Dodge_Challenger_Charger_Hellcat_KW_Diagramme_-_Zugstufe_V4-600x400.jpg 600w\" sizes=\"(max-width: 300px) 100vw, 300px\" \/><\/a>\n\t\t\t<\/dt><\/dl><br style=\"clear: both\" \/>\n\t\t<\/div>\n\n<p>&nbsp;<\/p>\n<p>TVR-A Zugstufend\u00e4mpfung:<br \/>\nDie zweistufige patentierte \u201eTVR-A\u201c-Technologie erm\u00f6glicht, dass bei langsamen D\u00e4mpfergeschwindigkeiten die geringen Volumenstr\u00f6me durch einen einstellbaren konischen Lowspeed-Bypass flie\u00dfen und bei h\u00f6heren Kolbengeschwindigkeiten das Haupt-Zugstufenventil f\u00fcr die gro\u00dfen Volumenstr\u00f6me \u00f6ffnet. Dadurch entsteht ein deutliches Plus an Fahrkomfort ohne den Highspeed im sicherheitsrelevanten Bereich zu beeinflussen. F\u00fcr die individuelle Einstellung stehen 16 exakte Klicks zur Verf\u00fcgung, sodass zwischen mehr Komfort oder mehr Aufbaukontrolle entschieden werden kann.<\/p>\n<p>TVC-A Druckstufend\u00e4mpfung:<br \/>\nMit 12 exakten Klicks kann das einstellbare Druckstufenventil (\u201eTVC-A\u201c-Technologie) den Querschnitt im Lowspeed-Ventil verkleinern oder vergr\u00f6\u00dfern, umso mehr oder weniger Druckstufend\u00e4mpfung zu erzielen. Gleichzeitig \u00f6ffnet das federvorgespannte Nadelventil bei schlagartigen hohen Kolbengeschwindigkeiten zusammen mit dem federvorgespannten Hauptventil seinen maximalen Ventilquerschnitt, um mit seiner Blow-Off-Charakteristik ungewollte progressive Kraftanstiege im Highspeed-Bereich zu verhindern. Dadurch ist es m\u00f6glich den Fahrzeugaufbau besser abzust\u00fctzen und gleichzeitig bei hohen Radbeschleunigungen mehr Komfort zu bieten als bei konventioneller Ventiltechnik. Die D\u00e4mpfungseinstellung der Druckstufe wird immer in Verbindung mit einer separaten Zugstufeneinstellung geliefert, da nur eine unabh\u00e4ngige 2-Wege-D\u00e4mpfereinstellung eine echte Performance Optimierung erlaubt.<\/p>\n<p>&nbsp;<\/p>\n<h4 style=\"text-align: center;\">Stufenlose Tieferlegung<\/h4>\n<p>&nbsp;<\/p>\n<p>Das KW V4 Gewindefahrwerk erm\u00f6glicht eine maximale oder individuelle Tieferlegung im gepr\u00fcften Einstellbereich. Dank des schmutzunempfindlichen Trapezgewindes und dem Polyamid-Gewindering kann die stufenlose Tieferlegung auch nach Jahren schnell und leicht variiert werden.<\/p>\n<p>&nbsp;<\/p>\n<h4 style=\"text-align: center;\">Der Ma\u00dfstab f\u00fcr Gewindefahrwerke<\/h4>\n<p>&nbsp;<\/p>\n<p>Wie bei allen KW Gewindefahrwerken entwickeln die Ingenieure von KW in umfangreichen Testzyklen auf der N\u00fcrburgring Nordschleife und im Testzentrum auf dem KW 7-post Fahrdynamikpr\u00fcfstand die weltweit von Autoenthusiasten gesch\u00e4tzte fahrzeugspezifische KW D\u00e4mpferabstimmung. So erleben Sie mit einem KW Gewindefahrwerk Ihren Wagen direkter und dynamischer.<\/p>\n<p>Schlie\u00dflich kaufen Sie nicht irgendein Gewindefahrwerk, sondern ein KW Gewindefahrwerk, das speziell f\u00fcr Ihren Fahrzeugtyp entwickelt und abgestimmt worden ist. Dabei nutzt KW als Hersteller ausschlie\u00dflich eigene Ressourcen, hochwertige Komponenten und dieselbe D\u00e4mpfertechnologie wie Gro\u00dfserienhersteller. Mit dem KW V4 verringern sich beim Einfedern die Roll- und Nickbewegungen der Fahrzeugkarosserie, dadurch profitieren Sie von einer unverf\u00e4lschten Direktheit und sportlicherem Handling beim Fahren.<\/p>\n<p>&nbsp;<\/p>\n<h4 style=\"text-align: center;\">Erfahrung f\u00fcr Ihren Fahrspa\u00df<\/h4>\n<p>&nbsp;<\/p>\n<p>Seit \u00fcber 20 Jahren ist KW Hersteller von individuellen Fahrwerkl\u00f6sungen f\u00fcr die Stra\u00dfe und im Rennsport der Marktf\u00fchrer und Innovationsmotor. Egal wo auf der Welt, sportliche Autofahrer, Automobilmanufakturen und Veredler vertrauen auf unsere KW Gewindefahrwerke \u201eMade in Germany\u201c.<\/p>\n<p>Jedes KW Gewindefahrwerk wird in der Produktion ausgiebigen Belastungstests unterzogen und direkt im Firmenstammsitz im schw\u00e4bischen Fichtenberg entwickelt und gefertigt, um die hohen Standards des KW Qualit\u00e4tsmanagements zu erf\u00fcllen.<br \/>\nSo ist es f\u00fcr KW als deutscher Hersteller eine Selbstverst\u00e4ndlichkeit auf seine, die Erstausr\u00fcsterqualit\u00e4t \u00fcbertreffenden KW Gewindefahrwerke und \u00fcber 4.600 Anwendungen umfassenden Fahrwerkl\u00f6sungen eine mehrj\u00e4hrige Garantie zu gew\u00e4hrleisten.<\/p>\n","protected":false},"excerpt":{"rendered":"<p>KW coilover suspension V4 for Dodge Challenger &amp; Charger Hellcat Vlastnosti: Sn\u00ed\u017een\u00ed VA\/HA (mm): 5-30\/10-30 Proveden\u00ed: V4 Nastaven\u00ed tvrdosti: Rebound a<\/p>","protected":false},"featured_media":68267747,"comment_status":"open","ping_status":"closed","template":"","meta":{"_acf_changed":false},"product_brand":[19066],"product_cat":[10262,1692,1627],"product_tag":[101,54,53,830,152,49,3853,3854,743,753,100,1102,242,829,3903,151,1041,745,811,3928,246,744,1115,1116],"class_list":{"0":"post-68313292","1":"product","2":"type-product","3":"status-publish","4":"has-post-thumbnail","6":"product_brand-kw","7":"product_cat-alle-produkte","8":"product_cat-challenger-hellcat-fahrwerk","9":"product_cat-charger-hellcat-fahrwerk","10":"product_tag-6-2","11":"product_tag-challenger","12":"product_tag-charger","13":"product_tag-clubsport","14":"product_tag-demon","15":"product_tag-dodge","16":"product_tag-dodge-challenger","17":"product_tag-dodge-charger","18":"product_tag-fahrwerk","19":"product_tag-gewindefahrwerk","20":"product_tag-hellcat","21":"product_tag-inox","22":"product_tag-kompressor","23":"product_tag-kw","24":"product_tag-kw-suspension","25":"product_tag-redeye","26":"product_tag-sport","27":"product_tag-sportfahrwerk","28":"product_tag-sportfedern","29":"product_tag-supercharged","30":"product_tag-supercharger","31":"product_tag-tieferlegung","32":"product_tag-v3","33":"product_tag-variante-3","35":"first","36":"onbackorder","37":"taxable","38":"shipping-taxable","39":"purchasable","40":"product-type-simple"},"bundled_by":[],"bundle_stock_status":"onbackorder","bundle_stock_quantity":0,"bundle_virtual":false,"bundle_layout":"","bundle_add_to_cart_form_location":"","bundle_editable_in_cart":false,"bundle_sold_individually_context":"","bundle_item_grouping":"","bundle_min_size":"","bundle_max_size":"","bundle_price":[],"bundled_items":[],"bundle_sell_ids":[],"exclude_global_add_ons":[],"addons":[],"acf":[],"_links":{"self":[{"href":"https:\/\/kraftwerk-shop.cc\/cs\/wp-json\/wp\/v2\/product\/68313292","targetHints":{"allow":["GET"]}}],"collection":[{"href":"https:\/\/kraftwerk-shop.cc\/cs\/wp-json\/wp\/v2\/product"}],"about":[{"href":"https:\/\/kraftwerk-shop.cc\/cs\/wp-json\/wp\/v2\/types\/product"}],"replies":[{"embeddable":true,"href":"https:\/\/kraftwerk-shop.cc\/cs\/wp-json\/wp\/v2\/comments?post=68313292"}],"version-history":[{"count":0,"href":"https:\/\/kraftwerk-shop.cc\/cs\/wp-json\/wp\/v2\/product\/68313292\/revisions"}],"wp:featuredmedia":[{"embeddable":true,"href":"https:\/\/kraftwerk-shop.cc\/cs\/wp-json\/wp\/v2\/media\/68267747"}],"wp:attachment":[{"href":"https:\/\/kraftwerk-shop.cc\/cs\/wp-json\/wp\/v2\/media?parent=68313292"}],"wp:term":[{"taxonomy":"product_brand","embeddable":true,"href":"https:\/\/kraftwerk-shop.cc\/cs\/wp-json\/wp\/v2\/product_brand?post=68313292"},{"taxonomy":"product_cat","embeddable":true,"href":"https:\/\/kraftwerk-shop.cc\/cs\/wp-json\/wp\/v2\/product_cat?post=68313292"},{"taxonomy":"product_tag","embeddable":true,"href":"https:\/\/kraftwerk-shop.cc\/cs\/wp-json\/wp\/v2\/product_tag?post=68313292"}],"curies":[{"name":"wp","href":"https:\/\/api.w.org\/{rel}","templated":true}]}}