{"id":68313308,"date":"2024-12-29T11:10:42","date_gmt":"2024-12-29T10:10:42","guid":{"rendered":"https:\/\/kraftwerk-shop.cc\/?post_type=product&#038;p=68313308"},"modified":"2026-02-15T01:16:13","modified_gmt":"2026-02-15T00:16:13","slug":"kw-coilover-suspension-v1-inox-challenger-charger","status":"publish","type":"product","link":"https:\/\/kraftwerk-shop.cc\/cs\/produkt\/kw-gewindefahrwerk-v1-inox-challenger-charger\/","title":{"rendered":"KW coilover suspension V1 inox Dodge Challenger &amp; Charger"},"content":{"rendered":"<h1>KW coilover suspension V2 inox pro Dodge Challenger &amp; Charger<\/h1>\n<p>&nbsp;<\/p>\n<p><strong>Vlastnosti:<\/strong><\/p>\n<ul>\n<li>Sn\u00ed\u017een\u00ed VA\/HA (mm): 20-50\/25-55<\/li>\n<li>Verze: V1<\/li>\n<li>Nastaven\u00ed tvrdosti: \u017e\u00e1dn\u00e9<\/li>\n<li>Materi\u00e1l: nerezov\u00e1 ocel<\/li>\n<li>Nastaven\u00ed VA\/HA: z\u00e1vit\/nit\u011b<\/li>\n<li>Schv\u00e1len\u00ed: Osv\u011bd\u010den\u00ed o \u010d\u00e1stech (\u00a7 19 odst. 3)<\/li>\n<li>p\u0159edem optim\u00e1ln\u011b nastaven\u00e9<\/li>\n<li>Sportovn\u00ed a harmonick\u00e1 technologie tlumen\u00ed<\/li>\n<li>Technologie z nerezov\u00e9 oceli \"inox-line\"<\/li>\n<li>Individu\u00e1ln\u011b nastaviteln\u00e1 v\u00fd\u0161ka<\/li>\n<li>Testovan\u00fd rozsah nastaven\u00ed<\/li>\n<li>Kompletn\u00ed \u0159e\u0161en\u00ed p\u0159ipraven\u00e9 k instalaci<\/li>\n<li>Vysoce kvalitn\u00ed komponenty pro dlouhou \u017eivotnost<\/li>\n<li>Kompletn\u00ed dokumentace pro snadnou manipulaci<\/li>\n<\/ul>\n<p>&nbsp;<\/p>\n<p><strong>Vhodn\u00e9 pro:<\/strong><\/p>\n<table width=\"1018\">\n<tbody>\n<tr>\n<td width=\"127\"><strong>V\u00fdrobce<\/strong><\/td>\n<td width=\"319\"><strong>Model<\/strong><\/td>\n<td width=\"119\"><strong>Proveden\u00ed<\/strong><\/td>\n<td width=\"106\"><strong>Karoserie<\/strong><\/td>\n<td width=\"64\"><strong>Palivo<\/strong><\/td>\n<td width=\"64\"><strong>V\u00fdkon<\/strong><\/td>\n<td width=\"64\"><strong>Posunut\u00ed<\/strong><\/td>\n<td width=\"64\"><strong>V\u00e1lec<\/strong><\/td>\n<td width=\"91\"><strong>Disk<\/strong><\/td>\n<\/tr>\n<tr>\n<td width=\"127\" data-bind=\"text: make_name, attr: {title: make_name}\">DODGE<\/td>\n<td width=\"319\" data-bind=\"text: model_name, attr: {title: model_name}\">CHALLENGER Coupe 09\/2007-<\/td>\n<td width=\"119\" data-bind=\"text: car_name, attr: {title: car_name}\">3.5<\/td>\n<td width=\"106\" data-bind=\"text: body_type, attr: {title: body_type}\">Kup\u00e9<\/td>\n<td width=\"64\" data-bind=\"text: fuel_type, attr: {title: fuel_type}\">Benz\u00edn<\/td>\n<td width=\"64\" data-bind=\"text: kw + ' KW', attr: {title: kw + ' KW'}\">186 KW<\/td>\n<td width=\"64\" data-bind=\"text: ccm + ' ccm', attr: {title: ccm + ' ccm'}\">3518 cm3<\/td>\n<td width=\"64\" data-bind=\"text: cylinder, attr: {title: cylinder}\">6<\/td>\n<td width=\"91\" data-bind=\"text: drivetrain, attr: {title: drivetrain}\">Pohon zadn\u00edch kol<\/td>\n<\/tr>\n<tr>\n<td width=\"127\" data-bind=\"text: make_name, attr: {title: make_name}\">DODGE<\/td>\n<td width=\"319\" data-bind=\"text: model_name, attr: {title: model_name}\">CHALLENGER Coupe 09\/2007-<\/td>\n<td width=\"119\" data-bind=\"text: car_name, attr: {title: car_name}\">5.7<\/td>\n<td width=\"106\" data-bind=\"text: body_type, attr: {title: body_type}\">Kup\u00e9<\/td>\n<td width=\"64\" data-bind=\"text: fuel_type, attr: {title: fuel_type}\">Benz\u00edn<\/td>\n<td width=\"64\" data-bind=\"text: kw + ' KW', attr: {title: kw + ' KW'}\">277 KW<\/td>\n<td width=\"64\" data-bind=\"text: ccm + ' ccm', attr: {title: ccm + ' ccm'}\">5654 cc<\/td>\n<td width=\"64\" data-bind=\"text: cylinder, attr: {title: cylinder}\">8<\/td>\n<td width=\"91\" data-bind=\"text: drivetrain, attr: {title: drivetrain}\">Pohon zadn\u00edch kol<\/td>\n<\/tr>\n<tr>\n<td width=\"127\" data-bind=\"text: make_name, attr: {title: make_name}\">DODGE<\/td>\n<td width=\"319\" data-bind=\"text: model_name, attr: {title: model_name}\">CHALLENGER Coupe 09\/2007-<\/td>\n<td width=\"119\" data-bind=\"text: car_name, attr: {title: car_name}\">6.1 SRT8<\/td>\n<td width=\"106\" data-bind=\"text: body_type, attr: {title: body_type}\">Kup\u00e9<\/td>\n<td width=\"64\" data-bind=\"text: fuel_type, attr: {title: fuel_type}\">Benz\u00edn<\/td>\n<td width=\"64\" data-bind=\"text: kw + ' KW', attr: {title: kw + ' KW'}\">313 KW<\/td>\n<td width=\"64\" data-bind=\"text: ccm + ' ccm', attr: {title: ccm + ' ccm'}\">6059 cc<\/td>\n<td width=\"64\" data-bind=\"text: cylinder, attr: {title: cylinder}\">8<\/td>\n<td width=\"91\" data-bind=\"text: drivetrain, attr: {title: drivetrain}\">Pohon zadn\u00edch kol<\/td>\n<\/tr>\n<tr>\n<td width=\"127\" data-bind=\"text: make_name, attr: {title: make_name}\">DODGE<\/td>\n<td width=\"319\" data-bind=\"text: model_name, attr: {title: model_name}\">CHALLENGER Coupe 09\/2007-<\/td>\n<td width=\"119\" data-bind=\"text: car_name, attr: {title: car_name}\">6.1 SRT8<\/td>\n<td width=\"106\" data-bind=\"text: body_type, attr: {title: body_type}\">Kup\u00e9<\/td>\n<td width=\"64\" data-bind=\"text: fuel_type, attr: {title: fuel_type}\">Benz\u00edn<\/td>\n<td width=\"64\" data-bind=\"text: kw + ' KW', attr: {title: kw + ' KW'}\">317 KW<\/td>\n<td width=\"64\" data-bind=\"text: ccm + ' ccm', attr: {title: ccm + ' ccm'}\">6059 cc<\/td>\n<td width=\"64\" data-bind=\"text: cylinder, attr: {title: cylinder}\">8<\/td>\n<td width=\"91\" data-bind=\"text: drivetrain, attr: {title: drivetrain}\">Pohon zadn\u00edch kol<\/td>\n<\/tr>\n<tr>\n<td width=\"127\" data-bind=\"text: make_name, attr: {title: make_name}\">DODGE<\/td>\n<td width=\"319\" data-bind=\"text: model_name, attr: {title: model_name}\">CHARGER 06\/2005-12\/2010<\/td>\n<td width=\"119\" data-bind=\"text: car_name, attr: {title: car_name}\">2.7<\/td>\n<td width=\"106\" data-bind=\"text: body_type, attr: {title: body_type}\">Notchback<\/td>\n<td width=\"64\" data-bind=\"text: fuel_type, attr: {title: fuel_type}\">Benz\u00edn<\/td>\n<td width=\"64\" data-bind=\"text: kw + ' KW', attr: {title: kw + ' KW'}\">133 KW<\/td>\n<td width=\"64\" data-bind=\"text: ccm + ' ccm', attr: {title: ccm + ' ccm'}\">2736 cc<\/td>\n<td width=\"64\" data-bind=\"text: cylinder, attr: {title: cylinder}\">6<\/td>\n<td width=\"91\" data-bind=\"text: drivetrain, attr: {title: drivetrain}\">Pohon zadn\u00edch kol<\/td>\n<\/tr>\n<tr>\n<td width=\"127\" data-bind=\"text: make_name, attr: {title: make_name}\">DODGE<\/td>\n<td width=\"319\" data-bind=\"text: model_name, attr: {title: model_name}\">CHARGER 06\/2005-12\/2010<\/td>\n<td width=\"119\" data-bind=\"text: car_name, attr: {title: car_name}\">2.7<\/td>\n<td width=\"106\" data-bind=\"text: body_type, attr: {title: body_type}\">Notchback<\/td>\n<td width=\"64\" data-bind=\"text: fuel_type, attr: {title: fuel_type}\">Benz\u00edn<\/td>\n<td width=\"64\" data-bind=\"text: kw + ' KW', attr: {title: kw + ' KW'}\">141 KW<\/td>\n<td width=\"64\" data-bind=\"text: ccm + ' ccm', attr: {title: ccm + ' ccm'}\">2736 cc<\/td>\n<td width=\"64\" data-bind=\"text: cylinder, attr: {title: cylinder}\">6<\/td>\n<td width=\"91\" data-bind=\"text: drivetrain, attr: {title: drivetrain}\">Pohon zadn\u00edch kol<\/td>\n<\/tr>\n<tr>\n<td width=\"127\" data-bind=\"text: make_name, attr: {title: make_name}\">DODGE<\/td>\n<td width=\"319\" data-bind=\"text: model_name, attr: {title: model_name}\">CHARGER 06\/2005-12\/2010<\/td>\n<td width=\"119\" data-bind=\"text: car_name, attr: {title: car_name}\">3.5<\/td>\n<td width=\"106\" data-bind=\"text: body_type, attr: {title: body_type}\">Notchback<\/td>\n<td width=\"64\" data-bind=\"text: fuel_type, attr: {title: fuel_type}\">Benz\u00edn<\/td>\n<td width=\"64\" data-bind=\"text: kw + ' KW', attr: {title: kw + ' KW'}\">186 KW<\/td>\n<td width=\"64\" data-bind=\"text: ccm + ' ccm', attr: {title: ccm + ' ccm'}\">3518 cm3<\/td>\n<td width=\"64\" data-bind=\"text: cylinder, attr: {title: cylinder}\">6<\/td>\n<td width=\"91\" data-bind=\"text: drivetrain, attr: {title: drivetrain}\">Pohon zadn\u00edch kol<\/td>\n<\/tr>\n<tr>\n<td width=\"127\" data-bind=\"text: make_name, attr: {title: make_name}\">DODGE<\/td>\n<td width=\"319\" data-bind=\"text: model_name, attr: {title: model_name}\">CHARGER 06\/2005-12\/2010<\/td>\n<td width=\"119\" data-bind=\"text: car_name, attr: {title: car_name}\">5.7<\/td>\n<td width=\"106\" data-bind=\"text: body_type, attr: {title: body_type}\">Notchback<\/td>\n<td width=\"64\" data-bind=\"text: fuel_type, attr: {title: fuel_type}\">Benz\u00edn<\/td>\n<td width=\"64\" data-bind=\"text: kw + ' KW', attr: {title: kw + ' KW'}\">250 KW<\/td>\n<td width=\"64\" data-bind=\"text: ccm + ' ccm', attr: {title: ccm + ' ccm'}\">5654 cc<\/td>\n<td width=\"64\" data-bind=\"text: cylinder, attr: {title: cylinder}\">8<\/td>\n<td width=\"91\" data-bind=\"text: drivetrain, attr: {title: drivetrain}\">Pohon zadn\u00edch kol<\/td>\n<\/tr>\n<tr>\n<td width=\"127\" data-bind=\"text: make_name, attr: {title: make_name}\">DODGE<\/td>\n<td width=\"319\" data-bind=\"text: model_name, attr: {title: model_name}\">CHARGER 06\/2005-12\/2010<\/td>\n<td width=\"119\" data-bind=\"text: car_name, attr: {title: car_name}\">5.7<\/td>\n<td width=\"106\" data-bind=\"text: body_type, attr: {title: body_type}\">Notchback<\/td>\n<td width=\"64\" data-bind=\"text: fuel_type, attr: {title: fuel_type}\">Benz\u00edn<\/td>\n<td width=\"64\" data-bind=\"text: kw + ' KW', attr: {title: kw + ' KW'}\">257 KW<\/td>\n<td width=\"64\" data-bind=\"text: ccm + ' ccm', attr: {title: ccm + ' ccm'}\">5654 cc<\/td>\n<td width=\"64\" data-bind=\"text: cylinder, attr: {title: cylinder}\">8<\/td>\n<td width=\"91\" data-bind=\"text: drivetrain, attr: {title: drivetrain}\">Pohon zadn\u00edch kol<\/td>\n<\/tr>\n<tr>\n<td width=\"127\" data-bind=\"text: make_name, attr: {title: make_name}\">DODGE<\/td>\n<td width=\"319\" data-bind=\"text: model_name, attr: {title: model_name}\">CHARGER 06\/2005-12\/2010<\/td>\n<td width=\"119\" data-bind=\"text: car_name, attr: {title: car_name}\">5.7 R\/T<\/td>\n<td width=\"106\" data-bind=\"text: body_type, attr: {title: body_type}\">Notchback<\/td>\n<td width=\"64\" data-bind=\"text: fuel_type, attr: {title: fuel_type}\">Benz\u00edn<\/td>\n<td width=\"64\" data-bind=\"text: kw + ' KW', attr: {title: kw + ' KW'}\">254 KW<\/td>\n<td width=\"64\" data-bind=\"text: ccm + ' ccm', attr: {title: ccm + ' ccm'}\">5654 cc<\/td>\n<td width=\"64\" data-bind=\"text: cylinder, attr: {title: cylinder}\">8<\/td>\n<td width=\"91\" data-bind=\"text: drivetrain, attr: {title: drivetrain}\">Pohon zadn\u00edch kol<\/td>\n<\/tr>\n<tr>\n<td width=\"127\" data-bind=\"text: make_name, attr: {title: make_name}\">DODGE<\/td>\n<td width=\"319\" data-bind=\"text: model_name, attr: {title: model_name}\">CHARGER 06\/2005-12\/2010<\/td>\n<td width=\"119\" data-bind=\"text: car_name, attr: {title: car_name}\">5.7 R\/T<\/td>\n<td width=\"106\" data-bind=\"text: body_type, attr: {title: body_type}\">Notchback<\/td>\n<td width=\"64\" data-bind=\"text: fuel_type, attr: {title: fuel_type}\">Benz\u00edn<\/td>\n<td width=\"64\" data-bind=\"text: kw + ' KW', attr: {title: kw + ' KW'}\">261 KW<\/td>\n<td width=\"64\" data-bind=\"text: ccm + ' ccm', attr: {title: ccm + ' ccm'}\">5654 cc<\/td>\n<td width=\"64\" data-bind=\"text: cylinder, attr: {title: cylinder}\">8<\/td>\n<td width=\"91\" data-bind=\"text: drivetrain, attr: {title: drivetrain}\">Pohon zadn\u00edch kol<\/td>\n<\/tr>\n<tr>\n<td width=\"127\" data-bind=\"text: make_name, attr: {title: make_name}\">DODGE<\/td>\n<td width=\"319\" data-bind=\"text: model_name, attr: {title: model_name}\">CHARGER 06\/2005-12\/2010<\/td>\n<td width=\"119\" data-bind=\"text: car_name, attr: {title: car_name}\">5.7 R\/T<\/td>\n<td width=\"106\" data-bind=\"text: body_type, attr: {title: body_type}\">Notchback<\/td>\n<td width=\"64\" data-bind=\"text: fuel_type, attr: {title: fuel_type}\">Benz\u00edn<\/td>\n<td width=\"64\" data-bind=\"text: kw + ' KW', attr: {title: kw + ' KW'}\">276 KW<\/td>\n<td width=\"64\" data-bind=\"text: ccm + ' ccm', attr: {title: ccm + ' ccm'}\">5654 cc<\/td>\n<td width=\"64\" data-bind=\"text: cylinder, attr: {title: cylinder}\">8<\/td>\n<td width=\"91\" data-bind=\"text: drivetrain, attr: {title: drivetrain}\">Pohon zadn\u00edch kol<\/td>\n<\/tr>\n<tr>\n<td width=\"127\" data-bind=\"text: make_name, attr: {title: make_name}\">DODGE<\/td>\n<td width=\"319\" data-bind=\"text: model_name, attr: {title: model_name}\">CHARGER 06\/2005-12\/2010<\/td>\n<td width=\"119\" data-bind=\"text: car_name, attr: {title: car_name}\">6.1 SRT8<\/td>\n<td width=\"106\" data-bind=\"text: body_type, attr: {title: body_type}\">Notchback<\/td>\n<td width=\"64\" data-bind=\"text: fuel_type, attr: {title: fuel_type}\">Benz\u00edn<\/td>\n<td width=\"64\" data-bind=\"text: kw + ' KW', attr: {title: kw + ' KW'}\">317 KW<\/td>\n<td width=\"64\" data-bind=\"text: ccm + ' ccm', attr: {title: ccm + ' ccm'}\">6059 cc<\/td>\n<td width=\"64\" data-bind=\"text: cylinder, attr: {title: cylinder}\">8<\/td>\n<td width=\"91\" data-bind=\"text: drivetrain, attr: {title: drivetrain}\">Pohon zadn\u00edch kol<\/td>\n<\/tr>\n<\/tbody>\n<\/table>\n<h4><\/h4>\n<p><strong>Podm\u00ednky \/ pozn\u00e1mky:<br \/>\n<\/strong><\/p>\n<ul>\n<li>VA + HA v\u00fd\u0161kov\u011b nastaviteln\u00e9 (VA vinut\u00e9 vzp\u011bry, HA pru\u017einy s v\u00fd\u0161kov\u00fdm nastaven\u00edm + tlumi\u010d)<\/li>\n<li>Standardn\u00ed tlumi\u010d je nahrazen sportovn\u00edm tlumi\u010dem, kter\u00fd je sou\u010d\u00e1st\u00ed dod\u00e1vky.<\/li>\n<\/ul>\n<p><strong>\u00a0<\/strong><\/p>\n<h4><\/h4>\n<h4 style=\"text-align: center;\">Sportovnost a vynikaj\u00edc\u00ed vzhled<br \/>\nS tlumen\u00edm nastaven\u00fdm z v\u00fdroby<\/h4>\n<p>&nbsp;<\/p>\n<p>Odpru\u017een\u00ed KW V1 je ide\u00e1ln\u00edm z\u00e1kladn\u00edm syst\u00e9mem pro z\u00e1kazn\u00edky, kte\u0159\u00ed cht\u011bj\u00ed sami ur\u010dit maxim\u00e1ln\u00ed technicky mo\u017en\u00e9 sn\u00ed\u017een\u00ed nebo sn\u00ed\u017een\u00ed na m\u00edru. V rozs\u00e1hl\u00fdch j\u00edzdn\u00edch testech na\u0161i zku\u0161en\u00ed in\u017een\u00fd\u0159i vyvinuli nastaven\u00ed zam\u011b\u0159en\u00e9 na c\u00edlovou skupinu t\u00edm, \u017ee ur\u010dili optim\u00e1ln\u00ed pom\u011br sportovn\u00edch vlastnost\u00ed, komfortu a bezpe\u010dnosti a implementovali jej p\u0159\u00edmo do s\u00e9rie.<\/p>\n<p>&nbsp;<\/p>\n<h4 style=\"text-align: center;\">Nastaven\u00ed - tov\u00e1rn\u00ed nastaven\u00ed tlumen\u00ed<\/h4>\n<p>&nbsp;<\/p>\n<p>Odpru\u017een\u00ed KW V1 m\u00e1 trvale nastaven\u00e9 tlumi\u010de specifick\u00e9 pro dan\u00e9 vozidlo se sportovn\u00edm, harmonick\u00fdm lad\u011bn\u00edm, tak\u017ee p\u0159i j\u00edzd\u011b za\u017eijete optim\u00e1ln\u00ed rovnov\u00e1hu mezi sportovn\u00edm charakterem a ka\u017edodenn\u00ed vhodnost\u00ed. I p\u0159i pln\u00e9m u\u017eite\u010dn\u00e9m zat\u00ed\u017een\u00ed a maxim\u00e1ln\u00edm zat\u00ed\u017een\u00ed n\u00e1prav pracuj\u00ed tlumi\u010de v\u017edy se sportovn\u00ed charakteristickou k\u0159ivkou.<\/p>\n<p><img decoding=\"async\" class=\"aligncenter wp-image-68267434\" src=\"https:\/\/kraftwerk-shop.cc\/wp-content\/uploads\/2022\/05\/KW_Diagramme_-_Zugstufe_V1_default.webp\" alt=\"\" width=\"600\" height=\"400\" srcset=\"https:\/\/kraftwerk-shop.cc\/wp-content\/uploads\/2022\/05\/KW_Diagramme_-_Zugstufe_V1_default.webp 1024w, https:\/\/kraftwerk-shop.cc\/wp-content\/uploads\/2022\/05\/KW_Diagramme_-_Zugstufe_V1_default-500x333.webp 500w, https:\/\/kraftwerk-shop.cc\/wp-content\/uploads\/2022\/05\/KW_Diagramme_-_Zugstufe_V1_default-150x100.webp 150w, https:\/\/kraftwerk-shop.cc\/wp-content\/uploads\/2022\/05\/KW_Diagramme_-_Zugstufe_V1_default-600x400.webp 600w, https:\/\/kraftwerk-shop.cc\/wp-content\/uploads\/2022\/05\/KW_Diagramme_-_Zugstufe_V1_default-300x200.webp 300w, https:\/\/kraftwerk-shop.cc\/wp-content\/uploads\/2022\/05\/KW_Diagramme_-_Zugstufe_V1_default-768x512.webp 768w, https:\/\/kraftwerk-shop.cc\/wp-content\/uploads\/2022\/05\/KW_Diagramme_-_Zugstufe_V1_default-18x12.webp 18w, https:\/\/kraftwerk-shop.cc\/wp-content\/uploads\/2022\/05\/KW_Diagramme_-_Zugstufe_V1_default-400x267.webp 400w\" sizes=\"(max-width: 600px) 100vw, 600px\" \/><\/p>\n<p>&nbsp;<\/p>\n<h4 style=\"text-align: center;\">Plynul\u00e9 spou\u0161t\u011bn\u00ed<\/h4>\n<p>&nbsp;<\/p>\n<p>Odpru\u017een\u00ed KW V1 coilover umo\u017e\u0148uje maxim\u00e1ln\u00ed nebo individu\u00e1ln\u00ed sn\u00ed\u017een\u00ed v r\u00e1mci testovan\u00e9ho rozsahu nastaven\u00ed. D\u00edky lichob\u011b\u017en\u00edkov\u00e9mu z\u00e1vitu odoln\u00e9mu proti zne\u010di\u0161t\u011bn\u00ed a polyamidov\u00e9mu z\u00e1vitov\u00e9mu krou\u017eku lze plynul\u00e9 sn\u00ed\u017een\u00ed m\u011bnit rychle a snadno i po letech.<\/p>\n<p>&nbsp;<\/p>\n<h4 style=\"text-align: center;\">M\u011b\u0159\u00edtko pro vinut\u00e9 pru\u017einy<\/h4>\n<p>&nbsp;<\/p>\n<p>Stejn\u011b jako u v\u0161ech ostatn\u00edch tlumi\u010d\u016f KW vyv\u00edjej\u00ed in\u017een\u00fd\u0159i KW specifick\u00e9 nalad\u011bn\u00ed tlumi\u010d\u016f KW, kter\u00e9 oce\u0148uj\u00ed automobilov\u00ed nad\u0161enci po cel\u00e9m sv\u011bt\u011b, v rozs\u00e1hl\u00fdch testovac\u00edch cyklech na N\u00fcrburgringu Nordschleife a v testovac\u00edm centru na sedmisloupov\u00e9 zku\u0161ebn\u011b j\u00edzdn\u00ed dynamiky KW. S odpru\u017een\u00edm KW coilover budete sv\u016fj v\u016fz vn\u00edmat bezprost\u0159edn\u011bji a dynami\u010dt\u011bji.<\/p>\n<p>Koneckonc\u016f si nekupujete jen tak ledajak\u00e9 odpru\u017een\u00ed, ale odpru\u017een\u00ed KW, kter\u00e9 bylo speci\u00e1ln\u011b vyvinuto a vylad\u011bno pro v\u00e1\u0161 typ vozidla. KW jako v\u00fdrobce pou\u017e\u00edv\u00e1 pouze vlastn\u00ed zdroje, vysoce kvalitn\u00ed komponenty a stejnou technologii tlumi\u010d\u016f jako s\u00e9riov\u00ed v\u00fdrobci. S tlumi\u010dem KW V1 se p\u0159i kompresi sni\u017euj\u00ed valiv\u00e9 a v\u00fdkyvn\u00e9 pohyby karoserie vozidla, co\u017e v\u00e1m umo\u017en\u00ed vyu\u017e\u00edvat nefal\u0161ovanou p\u0159\u00edmost a sportovn\u011bj\u0161\u00ed j\u00edzdn\u00ed vlastnosti p\u0159i j\u00edzd\u011b.<\/p>\n<p>&nbsp;<\/p>\n<h4 style=\"text-align: center;\">Z\u00e1\u017eitek pro va\u0161e pot\u011b\u0161en\u00ed z j\u00edzdy<\/h4>\n<p>&nbsp;<\/p>\n<p>Ji\u017e v\u00edce ne\u017e 20 let je spole\u010dnost KW l\u00eddrem na trhu a hybnou silou inovac\u00ed v oblasti individu\u00e1ln\u00edch \u0159e\u0161en\u00ed odpru\u017een\u00ed pro silni\u010dn\u00ed a z\u00e1vodn\u00ed vozidla. Nez\u00e1le\u017e\u00ed na tom, kde na sv\u011bt\u011b se sportovn\u00ed \u0159idi\u010di, v\u00fdrobci automobil\u016f a ladi\u010di spol\u00e9haj\u00ed na na\u0161e vinut\u00e9 pru\u017einy KW \"Made in Germany\".<\/p>\n<p>Ka\u017ed\u00e9 odpru\u017een\u00ed KW je b\u011bhem v\u00fdroby podrobeno rozs\u00e1hl\u00fdm z\u00e1t\u011b\u017eov\u00fdm test\u016fm a je vyv\u00edjeno a vyr\u00e1b\u011bno p\u0159\u00edmo v s\u00eddle spole\u010dnosti ve \u0161v\u00e1bsk\u00e9m Fichtenbergu, aby spl\u0148ovalo vysok\u00e9 standardy \u0159\u00edzen\u00ed kvality KW.<br \/>\nPro KW jako n\u011bmeck\u00e9ho v\u00fdrobce je samoz\u0159ejmost\u00ed nab\u00edzet na sv\u00e9 sady odpru\u017een\u00ed KW, kter\u00e9 p\u0159ekra\u010duj\u00ed kvalitu OEM a pokr\u00fdvaj\u00ed v\u00edce ne\u017e 4 600 aplikac\u00ed, v\u00edceletou z\u00e1ruku.<\/p>\n<p>&nbsp;<\/p>","protected":false},"excerpt":{"rendered":"<p>2005\u20132010<\/p>","protected":false},"featured_media":68267600,"comment_status":"open","ping_status":"closed","template":"","meta":{"_acf_changed":false},"product_brand":[19066],"product_cat":[10262,2574,1676,1684,1595,1611,1619],"product_tag":[3914,87,88,91,92,54,53,49,3853,3854,743,753,126,1102,829,3903,783,787,1041,745,811,96,1056,164,744,1100,198,1101],"class_list":{"0":"post-68313308","1":"product","2":"type-product","3":"status-publish","4":"has-post-thumbnail","6":"product_brand-kw","7":"product_cat-alle-produkte","8":"product_cat-challenger-35-fahrwerk","9":"product_cat-challenger-57-fahrwerk","10":"product_cat-challenger-61-fahrwerk","11":"product_cat-charger-35-fahrwerk","12":"product_cat-charger-57-fahrwerk","13":"product_cat-charger-61-fahrwerk","14":"product_tag-3914","15":"product_tag-2-7","16":"product_tag-3-5","17":"product_tag-5-7","18":"product_tag-6-1","19":"product_tag-challenger","20":"product_tag-charger","21":"product_tag-dodge","22":"product_tag-dodge-challenger","23":"product_tag-dodge-charger","24":"product_tag-fahrwerk","25":"product_tag-gewindefahrwerk","26":"product_tag-hemi","27":"product_tag-inox","28":"product_tag-kw","29":"product_tag-kw-suspension","30":"product_tag-r-t","31":"product_tag-rt","32":"product_tag-sport","33":"product_tag-sportfahrwerk","34":"product_tag-sportfedern","35":"product_tag-srt","36":"product_tag-srt-8","37":"product_tag-srt8","38":"product_tag-tieferlegung","39":"product_tag-v1","40":"product_tag-v6","41":"product_tag-variante-1","42":"product_shipping_class-deutschlandohne","44":"first","45":"onbackorder","46":"taxable","47":"shipping-taxable","48":"purchasable","49":"product-type-simple"},"bundled_by":[],"bundle_stock_status":"onbackorder","bundle_stock_quantity":0,"bundle_virtual":false,"bundle_layout":"","bundle_add_to_cart_form_location":"","bundle_editable_in_cart":false,"bundle_sold_individually_context":"","bundle_item_grouping":"","bundle_min_size":"","bundle_max_size":"","bundle_price":[],"bundled_items":[],"bundle_sell_ids":[],"exclude_global_add_ons":[],"addons":[],"acf":[],"_links":{"self":[{"href":"https:\/\/kraftwerk-shop.cc\/cs\/wp-json\/wp\/v2\/product\/68313308","targetHints":{"allow":["GET"]}}],"collection":[{"href":"https:\/\/kraftwerk-shop.cc\/cs\/wp-json\/wp\/v2\/product"}],"about":[{"href":"https:\/\/kraftwerk-shop.cc\/cs\/wp-json\/wp\/v2\/types\/product"}],"replies":[{"embeddable":true,"href":"https:\/\/kraftwerk-shop.cc\/cs\/wp-json\/wp\/v2\/comments?post=68313308"}],"version-history":[{"count":0,"href":"https:\/\/kraftwerk-shop.cc\/cs\/wp-json\/wp\/v2\/product\/68313308\/revisions"}],"wp:featuredmedia":[{"embeddable":true,"href":"https:\/\/kraftwerk-shop.cc\/cs\/wp-json\/wp\/v2\/media\/68267600"}],"wp:attachment":[{"href":"https:\/\/kraftwerk-shop.cc\/cs\/wp-json\/wp\/v2\/media?parent=68313308"}],"wp:term":[{"taxonomy":"product_brand","embeddable":true,"href":"https:\/\/kraftwerk-shop.cc\/cs\/wp-json\/wp\/v2\/product_brand?post=68313308"},{"taxonomy":"product_cat","embeddable":true,"href":"https:\/\/kraftwerk-shop.cc\/cs\/wp-json\/wp\/v2\/product_cat?post=68313308"},{"taxonomy":"product_tag","embeddable":true,"href":"https:\/\/kraftwerk-shop.cc\/cs\/wp-json\/wp\/v2\/product_tag?post=68313308"}],"curies":[{"name":"wp","href":"https:\/\/api.w.org\/{rel}","templated":true}]}}