{"id":68313314,"date":"2024-12-29T11:10:47","date_gmt":"2024-12-29T10:10:47","guid":{"rendered":"https:\/\/kraftwerk-shop.cc\/?post_type=product&#038;p=68313314"},"modified":"2026-02-15T01:15:57","modified_gmt":"2026-02-15T00:15:57","slug":"kw-clubsport-coilover-suspension-v3-300c-magnum","status":"publish","type":"product","link":"https:\/\/kraftwerk-shop.cc\/cs\/produkt\/kw-clubsport-gewindefahrwerk-v3-300c-magnum\/","title":{"rendered":"KW coilover suspension V3 Clubsport Chrysler 300C &amp; Dodge Magnum"},"content":{"rendered":"<h1>KW Gewindefahrwerk V3 Clubsport f\u00fcr Chrysler 300C &amp; Dodge Magnum<\/h1>\n<p>&nbsp;<\/p>\n<p><strong>Eigenschaften:<\/strong><\/p>\n<ul>\n<li class=\"product-attributes\"><span data-bind=\"text: $parents[0].commonAttributes()['att_' + _propkey].name\">Ausf\u00fchrung<\/span>: <span data-bind=\"html: $parents[0].commonAttributes()['att_' + _propkey].wert\">V3 Clubsport<\/span><\/li>\n<li class=\"product-attributes\"><span data-bind=\"text: $parents[0].commonAttributes()['att_' + _propkey].name\">Material<\/span>: <span data-bind=\"html: $parents[0].commonAttributes()['att_' + _propkey].wert\">Edelstahl<\/span><\/li>\n<li class=\"product-attributes\"><span data-bind=\"text: $parents[0].commonAttributes()['att_' + _propkey].name\">Verstellung VA\/HA<\/span>: <span data-bind=\"html: $parents[0].commonAttributes()['att_' + _propkey].wert\">Gewinde\/Gewinde<\/span><\/li>\n<li class=\"product-attributes\"><span data-bind=\"text: $parents[0].commonAttributes()['att_' + _propkey].name\">Zulassung<\/span>: <span data-bind=\"html: $parents[0].commonAttributes()['att_' + _propkey].wert\">ohne (Einzelabnahme \u00a721 erforderlich)<\/span><\/li>\n<li>in Zug- und Druckd\u00e4mpfung frei einstellbare D\u00e4mpfungstechnik<\/li>\n<li>Edelstahltechnik &#8220;inox-line&#8221;<\/li>\n<li>stufenlose Tieferlegung<\/li>\n<li>gepr\u00fcfter Verstellbereich<\/li>\n<li>hochwertige Bauteile f\u00fcr lange Lebensdauer<\/li>\n<li>einstellbare Zugstufend\u00e4mpfung mit 16 exakten Klicks<\/li>\n<li>einstellbare Druckstufend\u00e4mpfung mit 12 exakten Klicks<\/li>\n<li>einzigartige, unabh\u00e4ngig voneinander wirkende D\u00e4mpfungskraftverstellung<\/li>\n<li>optional mit Aluminium-Unibal-St\u00fctzlager erh\u00e4ltlich<\/li>\n<\/ul>\n<p>&nbsp;<\/p>\n<p><strong>Passend f\u00fcr:<\/strong><\/p>\n<table width=\"1018\">\n<tbody>\n<tr>\n<td width=\"127\"><strong>Hersteller<\/strong><\/td>\n<td width=\"319\"><strong>Modell<\/strong><\/td>\n<td width=\"119\"><strong>Ausf\u00fchrung<\/strong><\/td>\n<td width=\"106\"><strong>Karosserie<\/strong><\/td>\n<td width=\"64\"><strong>Kraftstoff<\/strong><\/td>\n<td width=\"64\"><strong>Performance<\/strong><\/td>\n<td width=\"64\"><strong>Hubraum<\/strong><\/td>\n<td width=\"64\"><strong>Zylinder<\/strong><\/td>\n<td width=\"91\"><strong>Antrieb<\/strong><\/td>\n<\/tr>\n<tr>\n<td width=\"127\" data-bind=\"text: make_name, attr: {title: make_name}\">CHRYSLER<\/td>\n<td width=\"319\" data-bind=\"text: model_name, attr: {title: model_name}\">300 C (LX, LE) 09\/2004-<\/td>\n<td width=\"119\" data-bind=\"text: car_name, attr: {title: car_name}\">2.7<\/td>\n<td width=\"106\" data-bind=\"text: body_type, attr: {title: body_type}\">Stufenheck<\/td>\n<td width=\"64\" data-bind=\"text: fuel_type, attr: {title: fuel_type}\">Benzin<\/td>\n<td width=\"64\" data-bind=\"text: kw + ' KW', attr: {title: kw + ' KW'}\">130 KW<\/td>\n<td width=\"64\" data-bind=\"text: ccm + ' ccm', attr: {title: ccm + ' ccm'}\">2736 ccm<\/td>\n<td width=\"64\" data-bind=\"text: cylinder, attr: {title: cylinder}\">6<\/td>\n<td width=\"91\" data-bind=\"text: drivetrain, attr: {title: drivetrain}\">Heckantrieb<\/td>\n<\/tr>\n<tr>\n<td width=\"127\" data-bind=\"text: make_name, attr: {title: make_name}\">CHRYSLER<\/td>\n<td width=\"319\" data-bind=\"text: model_name, attr: {title: model_name}\">300 C (LX, LE) 09\/2004-<\/td>\n<td width=\"119\" data-bind=\"text: car_name, attr: {title: car_name}\">2.7<\/td>\n<td width=\"106\" data-bind=\"text: body_type, attr: {title: body_type}\">Stufenheck<\/td>\n<td width=\"64\" data-bind=\"text: fuel_type, attr: {title: fuel_type}\">Benzin<\/td>\n<td width=\"64\" data-bind=\"text: kw + ' KW', attr: {title: kw + ' KW'}\">133 KW<\/td>\n<td width=\"64\" data-bind=\"text: ccm + ' ccm', attr: {title: ccm + ' ccm'}\">2736 ccm<\/td>\n<td width=\"64\" data-bind=\"text: cylinder, attr: {title: cylinder}\">6<\/td>\n<td width=\"91\" data-bind=\"text: drivetrain, attr: {title: drivetrain}\">Heckantrieb<\/td>\n<\/tr>\n<tr>\n<td width=\"127\" data-bind=\"text: make_name, attr: {title: make_name}\">CHRYSLER<\/td>\n<td width=\"319\" data-bind=\"text: model_name, attr: {title: model_name}\">300 C (LX, LE) 09\/2004-<\/td>\n<td width=\"119\" data-bind=\"text: car_name, attr: {title: car_name}\">2.7<\/td>\n<td width=\"106\" data-bind=\"text: body_type, attr: {title: body_type}\">Stufenheck<\/td>\n<td width=\"64\" data-bind=\"text: fuel_type, attr: {title: fuel_type}\">Benzin<\/td>\n<td width=\"64\" data-bind=\"text: kw + ' KW', attr: {title: kw + ' KW'}\">142 KW<\/td>\n<td width=\"64\" data-bind=\"text: ccm + ' ccm', attr: {title: ccm + ' ccm'}\">2736 ccm<\/td>\n<td width=\"64\" data-bind=\"text: cylinder, attr: {title: cylinder}\">6<\/td>\n<td width=\"91\" data-bind=\"text: drivetrain, attr: {title: drivetrain}\">Heckantrieb<\/td>\n<\/tr>\n<tr>\n<td width=\"127\" data-bind=\"text: make_name, attr: {title: make_name}\">CHRYSLER<\/td>\n<td width=\"319\" data-bind=\"text: model_name, attr: {title: model_name}\">300 C (LX, LE) 09\/2004-<\/td>\n<td width=\"119\" data-bind=\"text: car_name, attr: {title: car_name}\">3.5<\/td>\n<td width=\"106\" data-bind=\"text: body_type, attr: {title: body_type}\">Stufenheck<\/td>\n<td width=\"64\" data-bind=\"text: fuel_type, attr: {title: fuel_type}\">Benzin<\/td>\n<td width=\"64\" data-bind=\"text: kw + ' KW', attr: {title: kw + ' KW'}\">183 KW<\/td>\n<td width=\"64\" data-bind=\"text: ccm + ' ccm', attr: {title: ccm + ' ccm'}\">3518 ccm<\/td>\n<td width=\"64\" data-bind=\"text: cylinder, attr: {title: cylinder}\">6<\/td>\n<td width=\"91\" data-bind=\"text: drivetrain, attr: {title: drivetrain}\">Heckantrieb<\/td>\n<\/tr>\n<tr>\n<td width=\"127\" data-bind=\"text: make_name, attr: {title: make_name}\">CHRYSLER<\/td>\n<td width=\"319\" data-bind=\"text: model_name, attr: {title: model_name}\">300 C (LX, LE) 09\/2004-<\/td>\n<td width=\"119\" data-bind=\"text: car_name, attr: {title: car_name}\">3.5<\/td>\n<td width=\"106\" data-bind=\"text: body_type, attr: {title: body_type}\">Stufenheck<\/td>\n<td width=\"64\" data-bind=\"text: fuel_type, attr: {title: fuel_type}\">Benzin<\/td>\n<td width=\"64\" data-bind=\"text: kw + ' KW', attr: {title: kw + ' KW'}\">186 KW<\/td>\n<td width=\"64\" data-bind=\"text: ccm + ' ccm', attr: {title: ccm + ' ccm'}\">3518 ccm<\/td>\n<td width=\"64\" data-bind=\"text: cylinder, attr: {title: cylinder}\">6<\/td>\n<td width=\"91\" data-bind=\"text: drivetrain, attr: {title: drivetrain}\">Heckantrieb<\/td>\n<\/tr>\n<tr>\n<td width=\"127\" data-bind=\"text: make_name, attr: {title: make_name}\">CHRYSLER<\/td>\n<td width=\"319\" data-bind=\"text: model_name, attr: {title: model_name}\">300 C Touring (LX, LE) 09\/2004-12\/2010<\/td>\n<td width=\"119\" data-bind=\"text: car_name, attr: {title: car_name}\">2.7<\/td>\n<td width=\"106\" data-bind=\"text: body_type, attr: {title: body_type}\">Kombi<\/td>\n<td width=\"64\" data-bind=\"text: fuel_type, attr: {title: fuel_type}\">Benzin<\/td>\n<td width=\"64\" data-bind=\"text: kw + ' KW', attr: {title: kw + ' KW'}\">130 KW<\/td>\n<td width=\"64\" data-bind=\"text: ccm + ' ccm', attr: {title: ccm + ' ccm'}\">2736 ccm<\/td>\n<td width=\"64\" data-bind=\"text: cylinder, attr: {title: cylinder}\">6<\/td>\n<td width=\"91\" data-bind=\"text: drivetrain, attr: {title: drivetrain}\">Heckantrieb<\/td>\n<\/tr>\n<tr>\n<td width=\"127\" data-bind=\"text: make_name, attr: {title: make_name}\">CHRYSLER<\/td>\n<td width=\"319\" data-bind=\"text: model_name, attr: {title: model_name}\">300 C Touring (LX, LE) 09\/2004-12\/2010<\/td>\n<td width=\"119\" data-bind=\"text: car_name, attr: {title: car_name}\">2.7<\/td>\n<td width=\"106\" data-bind=\"text: body_type, attr: {title: body_type}\">Kombi<\/td>\n<td width=\"64\" data-bind=\"text: fuel_type, attr: {title: fuel_type}\">Benzin<\/td>\n<td width=\"64\" data-bind=\"text: kw + ' KW', attr: {title: kw + ' KW'}\">142 KW<\/td>\n<td width=\"64\" data-bind=\"text: ccm + ' ccm', attr: {title: ccm + ' ccm'}\">2736 ccm<\/td>\n<td width=\"64\" data-bind=\"text: cylinder, attr: {title: cylinder}\">6<\/td>\n<td width=\"91\" data-bind=\"text: drivetrain, attr: {title: drivetrain}\">Heckantrieb<\/td>\n<\/tr>\n<tr>\n<td width=\"127\" data-bind=\"text: make_name, attr: {title: make_name}\">CHRYSLER<\/td>\n<td width=\"319\" data-bind=\"text: model_name, attr: {title: model_name}\">300 C Touring (LX, LE) 09\/2004-12\/2010<\/td>\n<td width=\"119\" data-bind=\"text: car_name, attr: {title: car_name}\">3.5<\/td>\n<td width=\"106\" data-bind=\"text: body_type, attr: {title: body_type}\">Kombi<\/td>\n<td width=\"64\" data-bind=\"text: fuel_type, attr: {title: fuel_type}\">Benzin<\/td>\n<td width=\"64\" data-bind=\"text: kw + ' KW', attr: {title: kw + ' KW'}\">183 KW<\/td>\n<td width=\"64\" data-bind=\"text: ccm + ' ccm', attr: {title: ccm + ' ccm'}\">3518 ccm<\/td>\n<td width=\"64\" data-bind=\"text: cylinder, attr: {title: cylinder}\">6<\/td>\n<td width=\"91\" data-bind=\"text: drivetrain, attr: {title: drivetrain}\">Heckantrieb<\/td>\n<\/tr>\n<tr>\n<td width=\"127\" data-bind=\"text: make_name, attr: {title: make_name}\">DODGE<\/td>\n<td width=\"319\" data-bind=\"text: model_name, attr: {title: model_name}\">MAGNUM Kombi 09\/2004-12\/2008<\/td>\n<td width=\"119\" data-bind=\"text: car_name, attr: {title: car_name}\">2.7<\/td>\n<td width=\"106\" data-bind=\"text: body_type, attr: {title: body_type}\">Kombi<\/td>\n<td width=\"64\" data-bind=\"text: fuel_type, attr: {title: fuel_type}\">Benzin<\/td>\n<td width=\"64\" data-bind=\"text: kw + ' KW', attr: {title: kw + ' KW'}\">142 KW<\/td>\n<td width=\"64\" data-bind=\"text: ccm + ' ccm', attr: {title: ccm + ' ccm'}\">2736 ccm<\/td>\n<td width=\"64\" data-bind=\"text: cylinder, attr: {title: cylinder}\">6<\/td>\n<td width=\"91\" data-bind=\"text: drivetrain, attr: {title: drivetrain}\">Heckantrieb<\/td>\n<\/tr>\n<tr>\n<td width=\"127\" data-bind=\"text: make_name, attr: {title: make_name}\">DODGE<\/td>\n<td width=\"319\" data-bind=\"text: model_name, attr: {title: model_name}\">MAGNUM Kombi 09\/2004-12\/2008<\/td>\n<td width=\"119\" data-bind=\"text: car_name, attr: {title: car_name}\">3.5<\/td>\n<td width=\"106\" data-bind=\"text: body_type, attr: {title: body_type}\">Kombi<\/td>\n<td width=\"64\" data-bind=\"text: fuel_type, attr: {title: fuel_type}\">Benzin<\/td>\n<td width=\"64\" data-bind=\"text: kw + ' KW', attr: {title: kw + ' KW'}\">187 KW<\/td>\n<td width=\"64\" data-bind=\"text: ccm + ' ccm', attr: {title: ccm + ' ccm'}\">3518 ccm<\/td>\n<td width=\"64\" data-bind=\"text: cylinder, attr: {title: cylinder}\">6<\/td>\n<td width=\"91\" data-bind=\"text: drivetrain, attr: {title: drivetrain}\">Heckantrieb<\/td>\n<\/tr>\n<\/tbody>\n<\/table>\n<h4><\/h4>\n<p><strong>Auflagen \/ Hinweise:<\/strong><\/p>\n<ul>\n<li>VA + HA h\u00f6henverstellbar (VA Gewindefederbeine, HA Federn mit H\u00f6henverstellung + D\u00e4mpfer)<\/li>\n<li>Ohne Teilegutachten, optional mit Festigkeitsnachweisen zur Einzelabnahme nach \u00a721, Clubsport St\u00fctzlager generell ohne Teilegutachten.<\/li>\n<\/ul>\n<h4><\/h4>\n<p>&nbsp;<\/p>\n<h4 style=\"text-align: center;\">KW V3 Clubsport Gewindefahrwerk<\/h4>\n<p>&nbsp;<\/p>\n<p>Rennstreckenperformance mit Stra\u00dfenzulassung! KW Clubsport bietet Motorsport-Spitzentechnologie f\u00fcr die sportlichsten Stra\u00dfenfahrzeuge mit Sportreifen-Setup f\u00fcr den Einsatz auf der Rennstrecke und auf der Stra\u00dfe. KW Clubsport wurde speziell f\u00fcr Kunden entwickelt, die mit ihrem Stra\u00dfenfahrzeug auf der Rennstrecke, z. B. bei Touristenfahrten, Sportfahrerlehrg\u00e4ngen oder sonstigen Tracksportveranstaltungen teilnehmen und gleichzeitig eine Stra\u00dfenzulassung w\u00fcnschen, um ihr Fahrzeug auch im \u00f6ffentlichen Stra\u00dfenverkehr einsetzen zu k\u00f6nnen. Das Setup wurde speziell f\u00fcr die Nordschleife und den Einsatz von Sportreifen ausgelegt. Die Einstellm\u00f6glichkeiten in der H\u00f6he erm\u00f6glichen eine Anpassung der Radlasten. Die vorgenannten Einstellm\u00f6glichkeiten, kombiniert mit der separat in Druck- und Zugstufe einstellbaren D\u00e4mpfungstechnik (TVR-A und TVC-A Technologie), erm\u00f6glichen individuelle Setups passend zum Fahrzeuggewicht, den Reifencharakteristiken, unterschiedlichen Streckenbeschaffenheiten und Einsatzbedingungen.<\/p>\n<p>&nbsp;<\/p>\n<h4 style=\"text-align: center;\">Setup \u2013 werkseitig vorkonfiguriertes D\u00e4mpfungssetup mit separat einstellbarer Druck- und Zugstufe<\/h4>\n<p>&nbsp;<\/p>\n<p>Das perfekt auf die Nordschleife abgestimmte Grundsetup des KW V3 Clubsport Gewindefahrwerk erlaubt durch die vielz\u00e4hligen Einstellm\u00f6glichkeiten Ihren Sportwagen auf das gew\u00fcnschte Stra\u00dfensportreifensetup individuell abzustimmen. Die separat in Zug- und Druckstufe einstellbaren D\u00e4mpfer mit ihrer \u201eTVR-A\u201c- und \u201eTVC-A\u201c-Technologie erlauben eine umfangreiche D\u00e4mpferabstimmung vorzunehmen. So ist es ein Leichtes das Einlenkverhalten, die Spurtreue, den Reifengrip und Handling-Eigenschaften ma\u00dfgeblich f\u00fcr eine sichere Kontrollierbarkeit im Grenzbereich direkt zu beeinflussen. Je nach Fahrzeugtyp werden die KW V3 Clubsport Gewindefahrwerke mit Aluminium-Uniball-St\u00fctzlager ausgeliefert.<\/p>\n\n\t\t<style type=\"text\/css\">\n\t\t\t#gallery-1 {\n\t\t\t\tmargin: auto;\n\t\t\t}\n\t\t\t#gallery-1 .gallery-item {\n\t\t\t\tfloat: left;\n\t\t\t\tmargin-top: 10px;\n\t\t\t\ttext-align: center;\n\t\t\t\twidth: 33%;\n\t\t\t}\n\t\t\t#gallery-1 img {\n\t\t\t\tborder: 2px solid #cfcfcf;\n\t\t\t}\n\t\t\t#gallery-1 .gallery-caption {\n\t\t\t\tmargin-left: 0;\n\t\t\t}\n\t\t\t\/* see gallery_shortcode() in wp-includes\/media.php *\/\n\t\t<\/style>\n\t\t<div id='gallery-1' class='gallery galleryid-68313314 gallery-columns-3 gallery-size-medium'><dl class='gallery-item'>\n\t\t\t<dt class='gallery-icon landscape'>\n\t\t\t\t<a href='https:\/\/kraftwerk-shop.cc\/cs\/?attachment_id=68267465'><img decoding=\"async\" width=\"300\" height=\"240\" src=\"https:\/\/kraftwerk-shop.cc\/wp-content\/uploads\/2022\/05\/KW_Clubsport_Zugstufendaempfung-an-der-Vorderachse-300x240.webp\" class=\"attachment-medium size-medium\" alt=\"Zugstufend\u00e4mpfung an der Vorderachse\" aria-describedby=\"gallery-1-68267465\" srcset=\"https:\/\/kraftwerk-shop.cc\/wp-content\/uploads\/2022\/05\/KW_Clubsport_Zugstufendaempfung-an-der-Vorderachse-300x240.webp 300w, https:\/\/kraftwerk-shop.cc\/wp-content\/uploads\/2022\/05\/KW_Clubsport_Zugstufendaempfung-an-der-Vorderachse-150x120.webp 150w, https:\/\/kraftwerk-shop.cc\/wp-content\/uploads\/2022\/05\/KW_Clubsport_Zugstufendaempfung-an-der-Vorderachse-450x360.webp 450w, https:\/\/kraftwerk-shop.cc\/wp-content\/uploads\/2022\/05\/KW_Clubsport_Zugstufendaempfung-an-der-Vorderachse-15x12.webp 15w, https:\/\/kraftwerk-shop.cc\/wp-content\/uploads\/2022\/05\/KW_Clubsport_Zugstufendaempfung-an-der-Vorderachse-400x320.webp 400w, https:\/\/kraftwerk-shop.cc\/wp-content\/uploads\/2022\/05\/KW_Clubsport_Zugstufendaempfung-an-der-Vorderachse.webp 500w\" sizes=\"(max-width: 300px) 100vw, 300px\" \/><\/a>\n\t\t\t<\/dt>\n\t\t\t\t<dd class='wp-caption-text gallery-caption' id='gallery-1-68267465'>\n\t\t\t\tZugstufend\u00e4mpfung an der Vorderachse\n\t\t\t\t<\/dd><\/dl><dl class='gallery-item'>\n\t\t\t<dt class='gallery-icon landscape'>\n\t\t\t\t<a href='https:\/\/kraftwerk-shop.cc\/cs\/?attachment_id=68267464'><img decoding=\"async\" width=\"300\" height=\"240\" src=\"https:\/\/kraftwerk-shop.cc\/wp-content\/uploads\/2022\/05\/KW_Clubsport_Druckstufendaempfung-an-der-Vorderachse-300x240.webp\" class=\"attachment-medium size-medium\" alt=\"Druckstufend\u00e4mpfung an der Vorderachse\" aria-describedby=\"gallery-1-68267464\" srcset=\"https:\/\/kraftwerk-shop.cc\/wp-content\/uploads\/2022\/05\/KW_Clubsport_Druckstufendaempfung-an-der-Vorderachse-300x240.webp 300w, https:\/\/kraftwerk-shop.cc\/wp-content\/uploads\/2022\/05\/KW_Clubsport_Druckstufendaempfung-an-der-Vorderachse-150x120.webp 150w, https:\/\/kraftwerk-shop.cc\/wp-content\/uploads\/2022\/05\/KW_Clubsport_Druckstufendaempfung-an-der-Vorderachse-450x360.webp 450w, https:\/\/kraftwerk-shop.cc\/wp-content\/uploads\/2022\/05\/KW_Clubsport_Druckstufendaempfung-an-der-Vorderachse-15x12.webp 15w, https:\/\/kraftwerk-shop.cc\/wp-content\/uploads\/2022\/05\/KW_Clubsport_Druckstufendaempfung-an-der-Vorderachse-400x320.webp 400w, https:\/\/kraftwerk-shop.cc\/wp-content\/uploads\/2022\/05\/KW_Clubsport_Druckstufendaempfung-an-der-Vorderachse.webp 500w\" sizes=\"(max-width: 300px) 100vw, 300px\" \/><\/a>\n\t\t\t<\/dt>\n\t\t\t\t<dd class='wp-caption-text gallery-caption' id='gallery-1-68267464'>\n\t\t\t\tDruckstufend\u00e4mpfung an der Vorderachse\n\t\t\t\t<\/dd><\/dl><dl class='gallery-item'>\n\t\t\t<dt class='gallery-icon landscape'>\n\t\t\t\t<a href='https:\/\/kraftwerk-shop.cc\/cs\/?attachment_id=68267463'><img decoding=\"async\" width=\"300\" height=\"240\" src=\"https:\/\/kraftwerk-shop.cc\/wp-content\/uploads\/2022\/05\/KW_Clubsport_Druckstufendaempfung-an-der-Hinterachse.webp\" class=\"attachment-medium size-medium\" alt=\"Druckstufend\u00e4mpfung an der Hinterachse\" aria-describedby=\"gallery-1-68267463\" srcset=\"https:\/\/kraftwerk-shop.cc\/wp-content\/uploads\/2022\/05\/KW_Clubsport_Druckstufendaempfung-an-der-Hinterachse.webp 500w, https:\/\/kraftwerk-shop.cc\/wp-content\/uploads\/2022\/05\/KW_Clubsport_Druckstufendaempfung-an-der-Hinterachse-150x120.webp 150w, https:\/\/kraftwerk-shop.cc\/wp-content\/uploads\/2022\/05\/KW_Clubsport_Druckstufendaempfung-an-der-Hinterachse-450x360.webp 450w\" sizes=\"(max-width: 300px) 100vw, 300px\" \/><\/a>\n\t\t\t<\/dt>\n\t\t\t\t<dd class='wp-caption-text gallery-caption' id='gallery-1-68267463'>\n\t\t\t\tDruckstufend\u00e4mpfung an der Hinterachse\n\t\t\t\t<\/dd><\/dl><br style=\"clear: both\" \/>\n\t\t<\/div>\n\n<p><img decoding=\"async\" class=\"alignnone wp-image-68267467 size-full\" src=\"https:\/\/kraftwerk-shop.cc\/wp-content\/uploads\/2022\/05\/KW_Clubsport_Zugstufeneinstellung.webp\" alt=\"\" width=\"500\" height=\"400\" srcset=\"https:\/\/kraftwerk-shop.cc\/wp-content\/uploads\/2022\/05\/KW_Clubsport_Zugstufeneinstellung.webp 500w, https:\/\/kraftwerk-shop.cc\/wp-content\/uploads\/2022\/05\/KW_Clubsport_Zugstufeneinstellung-150x120.webp 150w, https:\/\/kraftwerk-shop.cc\/wp-content\/uploads\/2022\/05\/KW_Clubsport_Zugstufeneinstellung-450x360.webp 450w, https:\/\/kraftwerk-shop.cc\/wp-content\/uploads\/2022\/05\/KW_Clubsport_Zugstufeneinstellung-300x240.webp 300w, https:\/\/kraftwerk-shop.cc\/wp-content\/uploads\/2022\/05\/KW_Clubsport_Zugstufeneinstellung-15x12.webp 15w, https:\/\/kraftwerk-shop.cc\/wp-content\/uploads\/2022\/05\/KW_Clubsport_Zugstufeneinstellung-400x320.webp 400w\" sizes=\"(max-width: 500px) 100vw, 500px\" \/> <img decoding=\"async\" class=\"alignnone wp-image-68267466 size-full\" src=\"https:\/\/kraftwerk-shop.cc\/wp-content\/uploads\/2022\/05\/KW_Clubsport_Druckstufeneinstellung.webp\" alt=\"\" width=\"500\" height=\"400\" srcset=\"https:\/\/kraftwerk-shop.cc\/wp-content\/uploads\/2022\/05\/KW_Clubsport_Druckstufeneinstellung.webp 500w, https:\/\/kraftwerk-shop.cc\/wp-content\/uploads\/2022\/05\/KW_Clubsport_Druckstufeneinstellung-150x120.webp 150w, https:\/\/kraftwerk-shop.cc\/wp-content\/uploads\/2022\/05\/KW_Clubsport_Druckstufeneinstellung-450x360.webp 450w\" sizes=\"(max-width: 500px) 100vw, 500px\" \/><\/p>\n<p>TVR-A Zugstufend\u00e4mpfung:<br \/>\nDie zweistufige patentierte \u201eTVR-A\u201c-Technologie erm\u00f6glicht, dass bei langsamen D\u00e4mpfergeschwindigkeiten die geringen Volumenstr\u00f6me durch einen einstellbaren konischen Lowspeed-Bypass flie\u00dfen und bei h\u00f6heren Kolbengeschwindigkeiten das Haupt-Zugstufenventil f\u00fcr die gro\u00dfen Volumenstr\u00f6me \u00f6ffnet. Dadurch entsteht ein deutliches Plus an Fahrkomfort ohne den Highspeed im sicherheitsrelevanten Bereich zu beeinflussen. F\u00fcr die individuelle Einstellung stehen 16 exakte Klicks zur Verf\u00fcgung, sodass zwischen mehr Komfort oder mehr Aufbaukontrolle entschieden werden kann.<\/p>\n<p>TVC-A Druckstufend\u00e4mpfung:<br \/>\nMit 12 exakten Klicks kann das einstellbare Druckstufenventil (\u201eTVC-A\u201c-Technologie) den Querschnitt im Lowspeed-Ventil verkleinern oder vergr\u00f6\u00dfern, umso mehr oder weniger Druckstufend\u00e4mpfung zu erzielen. Gleichzeitig \u00f6ffnet das federvorgespannte Nadelventil bei schlagartigen hohen Kolbengeschwindigkeiten zusammen mit dem federvorgespannten Hauptventil seinen maximalen Ventilquerschnitt, um mit seiner Blow-Off-Charakteristik ungewollte progressive Kraftanstiege im Highspeed-Bereich zu verhindern. Dadurch ist es m\u00f6glich den Fahrzeugaufbau besser abzust\u00fctzen und gleichzeitig bei hohen Radbeschleunigungen mehr Komfort zu bieten als bei konventioneller Ventiltechnik. Die D\u00e4mpfungseinstellung der Druckstufe wird immer in Verbindung mit einer separaten Zugstufeneinstellung geliefert, da nur eine unabh\u00e4ngige 2-Wege-D\u00e4mpfereinstellung eine echte Performance Optimierung erlaubt.<\/p>\n<p>&nbsp;<\/p>\n<h4 style=\"text-align: center;\">Stufenlose Tieferlegung<\/h4>\n<p>&nbsp;<\/p>\n<p>Das KW V3 Clubsport Gewindefahrwerk erm\u00f6glicht eine maximale oder individuelle Tieferlegung im gepr\u00fcften Einstellbereich. Dank des schmutzunempfindlichen Trapezgewindes und dem Polyamid-Gewindering kann die stufenlose Tieferlegung auch nach Jahren schnell und leicht variiert werden.<\/p>\n<p>&nbsp;<\/p>\n<h4 style=\"text-align: center;\">Der Ma\u00dfstab f\u00fcr Gewindefahrwerke<\/h4>\n<p>&nbsp;<\/p>\n<p>Wie bei allen KW Gewindefahrwerken entwickeln die Ingenieure von KW in umfangreichen Testzyklen auf der N\u00fcrburgring Nordschleife und im Testzentrum auf dem KW 7-post Fahrdynamikpr\u00fcfstand die weltweit von Autoenthusiasten gesch\u00e4tzte fahrzeugspezifische KW D\u00e4mpferabstimmung. So erleben Sie mit einem KW Gewindefahrwerk Ihren Wagen direkter und dynamischer.<\/p>\n<p>Schlie\u00dflich kaufen Sie nicht irgendein Gewindefahrwerk, sondern ein KW Gewindefahrwerk, das speziell f\u00fcr Ihren Fahrzeugtyp entwickelt und abgestimmt worden ist. Dabei nutzt KW als Hersteller ausschlie\u00dflich eigene Ressourcen, hochwertige Komponenten und dieselbe D\u00e4mpfertechnologie wie Gro\u00dfserienhersteller. Mit dem KW V3 verringern sich beim Einfedern die Roll- und Nickbewegungen der Fahrzeugkarosserie, dadurch profitieren Sie von einer unverf\u00e4lschten Direktheit und sportlicherem Handling beim Fahren.<\/p>\n<p>&nbsp;<\/p>\n<h4 style=\"text-align: center;\">Erfahrung f\u00fcr Ihren Fahrspa\u00df<\/h4>\n<p>&nbsp;<\/p>\n<p>Seit \u00fcber 20 Jahren ist KW Hersteller von individuellen Fahrwerkl\u00f6sungen f\u00fcr die Stra\u00dfe und im Rennsport der Marktf\u00fchrer und Innovationsmotor. Egal wo auf der Welt, sportliche Autofahrer, Automobilmanufakturen und Veredler vertrauen auf unsere KW Gewindefahrwerke \u201eMade in Germany\u201c.<\/p>\n<p>Jedes KW Gewindefahrwerk wird in der Produktion ausgiebigen Belastungstests unterzogen und direkt im Firmenstammsitz im schw\u00e4bischen Fichtenberg entwickelt und gefertigt, um die hohen Standards des KW Qualit\u00e4tsmanagements zu erf\u00fcllen.<br \/>\nSo ist es f\u00fcr KW als deutscher Hersteller eine Selbstverst\u00e4ndlichkeit auf seine, die Erstausr\u00fcsterqualit\u00e4t \u00fcbertreffenden KW Gewindefahrwerke und \u00fcber 4.600 Anwendungen umfassenden Fahrwerkl\u00f6sungen eine mehrj\u00e4hrige Garantie zu gew\u00e4hrleisten.<\/p>\n","protected":false},"excerpt":{"rendered":"<p>2005\u20132010<\/p>","protected":false},"featured_media":68267554,"comment_status":"open","ping_status":"closed","template":"","meta":{"_acf_changed":false},"product_brand":[19066],"product_cat":[10262,1555,1708],"product_tag":[87,88,52,3911,48,536,830,49,743,753,1102,829,3903,55,1041,745,811,3905,744,1115,198,1116],"class_list":{"0":"post-68313314","1":"product","2":"type-product","3":"status-publish","4":"has-post-thumbnail","6":"product_brand-kw","7":"product_cat-alle-produkte","8":"product_cat-300c-35-fahrwerk","9":"product_cat-magnum-35-fahrwerk","10":"product_tag-2-7","11":"product_tag-3-5","12":"product_tag-300c","13":"product_tag-3911","14":"product_tag-chrysler","15":"product_tag-chrysler-300c","16":"product_tag-clubsport","17":"product_tag-dodge","18":"product_tag-fahrwerk","19":"product_tag-gewindefahrwerk","20":"product_tag-inox","21":"product_tag-kw","22":"product_tag-kw-suspension","23":"product_tag-magnum","24":"product_tag-sport","25":"product_tag-sportfahrwerk","26":"product_tag-sportfedern","27":"product_tag-stuetzlager","28":"product_tag-tieferlegung","29":"product_tag-v3","30":"product_tag-v6","31":"product_tag-variante-3","33":"first","34":"onbackorder","35":"taxable","36":"shipping-taxable","37":"purchasable","38":"product-type-simple"},"bundled_by":[],"bundle_stock_status":"onbackorder","bundle_stock_quantity":0,"bundle_virtual":false,"bundle_layout":"","bundle_add_to_cart_form_location":"","bundle_editable_in_cart":false,"bundle_sold_individually_context":"","bundle_item_grouping":"","bundle_min_size":"","bundle_max_size":"","bundle_price":[],"bundled_items":[],"bundle_sell_ids":[],"exclude_global_add_ons":[],"addons":[],"acf":[],"_links":{"self":[{"href":"https:\/\/kraftwerk-shop.cc\/cs\/wp-json\/wp\/v2\/product\/68313314","targetHints":{"allow":["GET"]}}],"collection":[{"href":"https:\/\/kraftwerk-shop.cc\/cs\/wp-json\/wp\/v2\/product"}],"about":[{"href":"https:\/\/kraftwerk-shop.cc\/cs\/wp-json\/wp\/v2\/types\/product"}],"replies":[{"embeddable":true,"href":"https:\/\/kraftwerk-shop.cc\/cs\/wp-json\/wp\/v2\/comments?post=68313314"}],"version-history":[{"count":0,"href":"https:\/\/kraftwerk-shop.cc\/cs\/wp-json\/wp\/v2\/product\/68313314\/revisions"}],"wp:featuredmedia":[{"embeddable":true,"href":"https:\/\/kraftwerk-shop.cc\/cs\/wp-json\/wp\/v2\/media\/68267554"}],"wp:attachment":[{"href":"https:\/\/kraftwerk-shop.cc\/cs\/wp-json\/wp\/v2\/media?parent=68313314"}],"wp:term":[{"taxonomy":"product_brand","embeddable":true,"href":"https:\/\/kraftwerk-shop.cc\/cs\/wp-json\/wp\/v2\/product_brand?post=68313314"},{"taxonomy":"product_cat","embeddable":true,"href":"https:\/\/kraftwerk-shop.cc\/cs\/wp-json\/wp\/v2\/product_cat?post=68313314"},{"taxonomy":"product_tag","embeddable":true,"href":"https:\/\/kraftwerk-shop.cc\/cs\/wp-json\/wp\/v2\/product_tag?post=68313314"}],"curies":[{"name":"wp","href":"https:\/\/api.w.org\/{rel}","templated":true}]}}