{"id":68313322,"date":"2024-12-29T11:11:32","date_gmt":"2024-12-29T10:11:32","guid":{"rendered":"https:\/\/kraftwerk-shop.cc\/?post_type=product&#038;p=68313322"},"modified":"2026-02-15T01:16:07","modified_gmt":"2026-02-15T00:16:07","slug":"kw-coilover-suspension-v2-inox-300c-magnum","status":"publish","type":"product","link":"https:\/\/kraftwerk-shop.cc\/cs\/produkt\/kw-gewindefahrwerk-v2-inox-300c-magnum\/","title":{"rendered":"KW coilover suspension V2 inox Chrysler 300C &amp; Dodge Magnum"},"content":{"rendered":"<h1>KW coilover suspension V2 inox pro Chrysler 300C &amp; Dodge Magnum<\/h1>\n<p>&nbsp;<\/p>\n<p><strong>Vlastnosti:<\/strong><\/p>\n<ul>\n<li>\u00a0Sn\u00ed\u017een\u00ed VA\/HA (mm): 20-50\/25-55<\/li>\n<li>Verze: V2<\/li>\n<li>Nastaven\u00ed tvrdosti: Rebound<\/li>\n<li>Materi\u00e1l: nerezov\u00e1 ocel<\/li>\n<li>Nastaven\u00ed VA\/HA: z\u00e1vit\/nit\u011b<\/li>\n<li>Schv\u00e1len\u00ed: Osv\u011bd\u010den\u00ed o \u010d\u00e1stech (\u00a7 19 odst. 3)<\/li>\n<li>technologie tlumen\u00ed odskoku nastaviteln\u00e1 v 16 p\u0159esn\u00fdch kroc\u00edch.<\/li>\n<li>Technologie inox-line z nerezov\u00e9 oceli<\/li>\n<li>Individu\u00e1ln\u00ed plynul\u00e9 spou\u0161t\u011bn\u00ed<\/li>\n<li>Testovan\u00fd rozsah nastaven\u00ed<\/li>\n<li>Kompletn\u00ed \u0159e\u0161en\u00ed p\u0159ipraven\u00e9 k instalaci<\/li>\n<li>Vysoce kvalitn\u00ed komponenty pro dlouhou \u017eivotnost<\/li>\n<li>Kompletn\u00ed dokumentace pro snadn\u00e9 pou\u017eit\u00ed<\/li>\n<\/ul>\n<p>&nbsp;<\/p>\n<p><strong>Vhodn\u00e9 pro:<\/strong><\/p>\n<table width=\"1018\">\n<tbody>\n<tr>\n<td width=\"127\"><strong>V\u00fdrobce<\/strong><\/td>\n<td width=\"319\"><strong>Model<\/strong><\/td>\n<td width=\"119\"><strong>Proveden\u00ed<\/strong><\/td>\n<td width=\"106\"><strong>Karoserie<\/strong><\/td>\n<td width=\"64\"><strong>Palivo<\/strong><\/td>\n<td width=\"64\"><strong>V\u00fdkon<\/strong><\/td>\n<td width=\"64\"><strong>Posunut\u00ed<\/strong><\/td>\n<td width=\"64\"><strong>V\u00e1lec<\/strong><\/td>\n<td width=\"91\"><strong>Disk<\/strong><\/td>\n<\/tr>\n<tr>\n<td width=\"127\">CHRYSLER<\/td>\n<td width=\"319\">300 C (LX, LE) 09\/2004-<\/td>\n<td width=\"119\">3.0 CRD<\/td>\n<td width=\"106\">Notchback<\/td>\n<td width=\"64\">Diesel<\/td>\n<td width=\"64\">160 KW<\/td>\n<td width=\"64\">2987 cc<\/td>\n<td width=\"64\">6<\/td>\n<td width=\"91\">Pohon zadn\u00edch kol<\/td>\n<\/tr>\n<tr>\n<td width=\"127\">CHRYSLER<\/td>\n<td width=\"319\">300 C (LX, LE) 09\/2004-<\/td>\n<td width=\"119\">3.0 V6 CRD<\/td>\n<td width=\"106\">Notchback<\/td>\n<td width=\"64\">Diesel<\/td>\n<td width=\"64\">155 KW<\/td>\n<td width=\"64\">2987 cc<\/td>\n<td width=\"64\">6<\/td>\n<td width=\"91\">Pohon zadn\u00edch kol<\/td>\n<\/tr>\n<tr>\n<td width=\"127\">CHRYSLER<\/td>\n<td width=\"319\">300 C (LX, LE) 09\/2004-<\/td>\n<td width=\"119\">5.7<\/td>\n<td width=\"106\">Notchback<\/td>\n<td width=\"64\">Benz\u00edn<\/td>\n<td width=\"64\">250 KW<\/td>\n<td width=\"64\">5654 cc<\/td>\n<td width=\"64\">8<\/td>\n<td width=\"91\">Pohon zadn\u00edch kol<\/td>\n<\/tr>\n<tr>\n<td width=\"127\">CHRYSLER<\/td>\n<td width=\"319\">300 C (LX, LE) 09\/2004-<\/td>\n<td width=\"119\">5.7<\/td>\n<td width=\"106\">Notchback<\/td>\n<td width=\"64\">Benz\u00edn<\/td>\n<td width=\"64\">256 KW<\/td>\n<td width=\"64\">5654 cc<\/td>\n<td width=\"64\">8<\/td>\n<td width=\"91\">Pohon zadn\u00edch kol<\/td>\n<\/tr>\n<tr>\n<td width=\"127\">CHRYSLER<\/td>\n<td width=\"319\">300 C (LX, LE) 09\/2004-<\/td>\n<td width=\"119\">5.7<\/td>\n<td width=\"106\">Notchback<\/td>\n<td width=\"64\">Benz\u00edn<\/td>\n<td width=\"64\">265 KW<\/td>\n<td width=\"64\">5654 cc<\/td>\n<td width=\"64\">8<\/td>\n<td width=\"91\">Pohon zadn\u00edch kol<\/td>\n<\/tr>\n<tr>\n<td width=\"127\">CHRYSLER<\/td>\n<td width=\"319\">300 C (LX, LE) 09\/2004-<\/td>\n<td width=\"119\">5.7<\/td>\n<td width=\"106\">Notchback<\/td>\n<td width=\"64\">Benz\u00edn<\/td>\n<td width=\"64\">268 KW<\/td>\n<td width=\"64\">5654 cc<\/td>\n<td width=\"64\">8<\/td>\n<td width=\"91\">Pohon zadn\u00edch kol<\/td>\n<\/tr>\n<tr>\n<td width=\"127\">CHRYSLER<\/td>\n<td width=\"319\">300 C (LX, LE) 09\/2004-<\/td>\n<td width=\"119\">6.1 SRT8<\/td>\n<td width=\"106\">Notchback<\/td>\n<td width=\"64\">Benz\u00edn<\/td>\n<td width=\"64\">317 KW<\/td>\n<td width=\"64\">6059 cc<\/td>\n<td width=\"64\">8<\/td>\n<td width=\"91\">Pohon zadn\u00edch kol<\/td>\n<\/tr>\n<tr>\n<td width=\"127\">CHRYSLER<\/td>\n<td width=\"319\">300 C Touring (LX, LE) 09\/2004-12\/2010<\/td>\n<td width=\"119\">3.0 CRD<\/td>\n<td width=\"106\">Combi<\/td>\n<td width=\"64\">Diesel<\/td>\n<td width=\"64\">160 KW<\/td>\n<td width=\"64\">2987 cc<\/td>\n<td width=\"64\">6<\/td>\n<td width=\"91\">Pohon zadn\u00edch kol<\/td>\n<\/tr>\n<tr>\n<td width=\"127\">CHRYSLER<\/td>\n<td width=\"319\">300 C Touring (LX, LE) 09\/2004-12\/2010<\/td>\n<td width=\"119\">5.7<\/td>\n<td width=\"106\">Combi<\/td>\n<td width=\"64\">Benz\u00edn<\/td>\n<td width=\"64\">250 KW<\/td>\n<td width=\"64\">5654 cc<\/td>\n<td width=\"64\">8<\/td>\n<td width=\"91\">Pohon zadn\u00edch kol<\/td>\n<\/tr>\n<tr>\n<td width=\"127\">CHRYSLER<\/td>\n<td width=\"319\">300 C Touring (LX, LE) 09\/2004-12\/2010<\/td>\n<td width=\"119\">6.1 SRT8<\/td>\n<td width=\"106\">Combi<\/td>\n<td width=\"64\">Benz\u00edn<\/td>\n<td width=\"64\">317 KW<\/td>\n<td width=\"64\">6059 cc<\/td>\n<td width=\"64\">8<\/td>\n<td width=\"91\">Pohon zadn\u00edch kol<\/td>\n<\/tr>\n<tr>\n<td width=\"127\">DODGE<\/td>\n<td width=\"319\">MAGNUM estate 09\/2004-12\/2008<\/td>\n<td width=\"119\">5.7 R\/T<\/td>\n<td width=\"106\">Combi<\/td>\n<td width=\"64\">Benz\u00edn<\/td>\n<td width=\"64\">254 KW<\/td>\n<td width=\"64\">5654 cc<\/td>\n<td width=\"64\">8<\/td>\n<td width=\"91\">Pohon zadn\u00edch kol<\/td>\n<\/tr>\n<tr>\n<td width=\"127\">DODGE<\/td>\n<td width=\"319\">MAGNUM estate 09\/2004-12\/2008<\/td>\n<td width=\"119\">6.1 SRT8<\/td>\n<td width=\"106\">Combi<\/td>\n<td width=\"64\">Benz\u00edn<\/td>\n<td width=\"64\">317 KW<\/td>\n<td width=\"64\">6059 cc<\/td>\n<td width=\"64\">8<\/td>\n<td width=\"91\">Pohon zadn\u00edch kol<\/td>\n<\/tr>\n<\/tbody>\n<\/table>\n<p>&nbsp;<\/p>\n<p><strong>Podm\u00ednky \/ pozn\u00e1mky:<\/strong><\/p>\n<ul>\n<li>VA + HA v\u00fd\u0161kov\u011b nastaviteln\u00e9 (VA vinut\u00e9 vzp\u011bry, HA pru\u017einy s v\u00fd\u0161kov\u00fdm nastaven\u00edm + tlumi\u010d)<\/li>\n<li>Standardn\u00ed tlumi\u010d je nahrazen sportovn\u00edm tlumi\u010dem, kter\u00fd je sou\u010d\u00e1st\u00ed dod\u00e1vky.<\/li>\n<\/ul>\n<h4><\/h4>\n<p>&nbsp;<\/p>\n<h4 style=\"text-align: center;\">Sportovnost, lep\u0161\u00ed ovl\u00e1d\u00e1n\u00ed karoserie nebo v\u011bt\u0161\u00ed j\u00edzdn\u00ed komfort a vynikaj\u00edc\u00ed vzhled. S nastaviteln\u00fdm tlumen\u00edm odskoku<\/h4>\n<p>&nbsp;<\/p>\n<p>Odpru\u017een\u00ed KW V2 je odpru\u017een\u00ed pro zku\u0161en\u00e9 sportovn\u00ed \u0159idi\u010de, kte\u0159\u00ed cht\u011bj\u00ed krom\u011b individu\u00e1ln\u00edho sn\u00ed\u017een\u00ed vozu tak\u00e9 upravovat nastaven\u00ed. Individu\u00e1ln\u011b nastaviteln\u00e9 tlumen\u00ed odskoku zaji\u0161\u0165uje lep\u0161\u00ed spojen\u00ed na rychl\u00fdch \u00fasec\u00edch silnice a snadn\u011bj\u0161\u00ed ovl\u00e1d\u00e1n\u00ed vozidla. Krom\u011b toho lze nastaven\u00edm tlumen\u00ed odskoku v\u00fdrazn\u011b ovlivnit j\u00edzdn\u00ed komfort na nerovn\u00fdch silnic\u00edch.<\/p>\n<p>&nbsp;<\/p>\n<h4 style=\"text-align: center;\">Nastaven\u00ed - tov\u00e1rn\u011b p\u0159edkonfigurovan\u00e9 nastaven\u00ed tlumen\u00ed s nastaviteln\u00fdm tlumen\u00edm odskoku<\/h4>\n<p>&nbsp;<\/p>\n<p>S odpru\u017een\u00edm KW V2 m\u016f\u017eete jako zku\u0161en\u00fd sportovn\u00ed \u0159idi\u010d sami ovlivnit j\u00edzdn\u00ed vlastnosti a komfort pomoc\u00ed 16-klikem nastaviteln\u00e9ho tlumen\u00ed odskoku (technologie \"TVR-A\"). D\u00edky tomu m\u016f\u017eete tlumi\u010de KW vyladit tak, aby byly tu\u017e\u0161\u00ed nebo komfortn\u011bj\u0161\u00ed, ani\u017e byste ovliv\u0148ovali spodn\u00ed ventil kompresn\u00edho stupn\u011b.<\/p>\n<p><img decoding=\"async\" class=\"aligncenter wp-image-68267449\" src=\"https:\/\/kraftwerk-shop.cc\/wp-content\/uploads\/2022\/05\/KW_Diagramme_-_Zugstufe_V2_default-300x200.webp\" alt=\"\" width=\"600\" height=\"400\" srcset=\"https:\/\/kraftwerk-shop.cc\/wp-content\/uploads\/2022\/05\/KW_Diagramme_-_Zugstufe_V2_default-300x200.webp 300w, https:\/\/kraftwerk-shop.cc\/wp-content\/uploads\/2022\/05\/KW_Diagramme_-_Zugstufe_V2_default-500x333.webp 500w, https:\/\/kraftwerk-shop.cc\/wp-content\/uploads\/2022\/05\/KW_Diagramme_-_Zugstufe_V2_default-150x100.webp 150w, https:\/\/kraftwerk-shop.cc\/wp-content\/uploads\/2022\/05\/KW_Diagramme_-_Zugstufe_V2_default-600x400.webp 600w, https:\/\/kraftwerk-shop.cc\/wp-content\/uploads\/2022\/05\/KW_Diagramme_-_Zugstufe_V2_default-768x512.webp 768w, https:\/\/kraftwerk-shop.cc\/wp-content\/uploads\/2022\/05\/KW_Diagramme_-_Zugstufe_V2_default-18x12.webp 18w, https:\/\/kraftwerk-shop.cc\/wp-content\/uploads\/2022\/05\/KW_Diagramme_-_Zugstufe_V2_default-400x267.webp 400w, https:\/\/kraftwerk-shop.cc\/wp-content\/uploads\/2022\/05\/KW_Diagramme_-_Zugstufe_V2_default.webp 1024w\" sizes=\"(max-width: 600px) 100vw, 600px\" \/><\/p>\n<p>&nbsp;<\/p>\n<p><img decoding=\"async\" class=\"alignleft wp-image-68267451\" src=\"https:\/\/kraftwerk-shop.cc\/wp-content\/uploads\/2022\/05\/Zugstufen_KW_V2_Gewindefahrwerk_1-300x200.webp\" alt=\"\" width=\"500\" height=\"334\" \/> <img decoding=\"async\" class=\"alignnone wp-image-68267452\" src=\"https:\/\/kraftwerk-shop.cc\/wp-content\/uploads\/2022\/05\/Zugstufen_KW_V2_Gewindefahrwerk_2-300x200.webp\" alt=\"\" width=\"500\" height=\"334\" srcset=\"https:\/\/kraftwerk-shop.cc\/wp-content\/uploads\/2022\/05\/Zugstufen_KW_V2_Gewindefahrwerk_2-300x200.webp 300w, https:\/\/kraftwerk-shop.cc\/wp-content\/uploads\/2022\/05\/Zugstufen_KW_V2_Gewindefahrwerk_2-500x334.webp 500w, https:\/\/kraftwerk-shop.cc\/wp-content\/uploads\/2022\/05\/Zugstufen_KW_V2_Gewindefahrwerk_2-150x100.webp 150w, https:\/\/kraftwerk-shop.cc\/wp-content\/uploads\/2022\/05\/Zugstufen_KW_V2_Gewindefahrwerk_2-600x401.webp 600w, https:\/\/kraftwerk-shop.cc\/wp-content\/uploads\/2022\/05\/Zugstufen_KW_V2_Gewindefahrwerk_2-768x513.webp 768w, https:\/\/kraftwerk-shop.cc\/wp-content\/uploads\/2022\/05\/Zugstufen_KW_V2_Gewindefahrwerk_2-18x12.webp 18w, https:\/\/kraftwerk-shop.cc\/wp-content\/uploads\/2022\/05\/Zugstufen_KW_V2_Gewindefahrwerk_2-400x267.webp 400w, https:\/\/kraftwerk-shop.cc\/wp-content\/uploads\/2022\/05\/Zugstufen_KW_V2_Gewindefahrwerk_2.webp 800w\" sizes=\"(max-width: 500px) 100vw, 500px\" \/><\/p>\n<p>&nbsp;<\/p>\n<p>Tlumen\u00ed odskoku TVR-A:<br \/>\nDvoustup\u0148ov\u00e1 patentovan\u00e1 technologie \"TVR-A\" umo\u017e\u0148uje, aby p\u0159i n\u00edzk\u00fdch ot\u00e1\u010dk\u00e1ch tlumi\u010de proudily n\u00edzkoobjemov\u00e9 proudy p\u0159es nastaviteln\u00fd ku\u017eelov\u00fd n\u00edzkoot\u00e1\u010dkov\u00fd obtok a aby se p\u0159i vy\u0161\u0161\u00edch ot\u00e1\u010dk\u00e1ch p\u00edstu otev\u0159el hlavn\u00ed zp\u011btn\u00fd ventil pro vysokoobjemov\u00e9 proudy. V\u00fdsledkem je v\u00fdrazn\u00e9 zv\u00fd\u0161en\u00ed j\u00edzdn\u00edho komfortu bez vlivu na vysok\u00e9 rychlosti v bezpe\u010dnostn\u011b relevantn\u00edm rozsahu. Pro individu\u00e1ln\u00ed nastaven\u00ed je k dispozici 16 p\u0159esn\u00fdch kliknut\u00ed, kter\u00e9 umo\u017e\u0148uj\u00ed volit mezi v\u011bt\u0161\u00edm komfortem nebo v\u011bt\u0161\u00ed kontrolou t\u011bla.<\/p>\n<p>&nbsp;<\/p>\n<h4 style=\"text-align: center;\">Plynul\u00e9 spou\u0161t\u011bn\u00ed<\/h4>\n<p>&nbsp;<\/p>\n<p>Odpru\u017een\u00ed KW V2 coilover umo\u017e\u0148uje maxim\u00e1ln\u00ed nebo individu\u00e1ln\u00ed sn\u00ed\u017een\u00ed v r\u00e1mci testovan\u00e9ho rozsahu nastaven\u00ed. D\u00edky lichob\u011b\u017en\u00edkov\u00e9mu z\u00e1vitu odoln\u00e9mu proti ne\u010distot\u00e1m a polyamidov\u00e9mu z\u00e1vitov\u00e9mu krou\u017eku lze plynul\u00e9 sn\u00ed\u017een\u00ed m\u011bnit rychle a snadno i po letech.<\/p>\n<p>&nbsp;<\/p>\n<h4 style=\"text-align: center;\">M\u011b\u0159\u00edtko pro vinut\u00e9 pru\u017einy<\/h4>\n<p>&nbsp;<\/p>\n<p>Stejn\u011b jako u v\u0161ech ostatn\u00edch tlumi\u010d\u016f KW vyv\u00edjej\u00ed in\u017een\u00fd\u0159i KW specifick\u00e9 nalad\u011bn\u00ed tlumi\u010d\u016f KW, kter\u00e9 oce\u0148uj\u00ed automobilov\u00ed nad\u0161enci po cel\u00e9m sv\u011bt\u011b, v rozs\u00e1hl\u00fdch testovac\u00edch cyklech na N\u00fcrburgringu Nordschleife a v testovac\u00edm centru na sedmisloupov\u00e9 zku\u0161ebn\u011b j\u00edzdn\u00ed dynamiky KW. S odpru\u017een\u00edm KW coilover budete sv\u016fj v\u016fz vn\u00edmat bezprost\u0159edn\u011bji a dynami\u010dt\u011bji.<\/p>\n<p>Koneckonc\u016f si nekupujete jen tak ledajak\u00e9 odpru\u017een\u00ed, ale odpru\u017een\u00ed KW, kter\u00e9 bylo speci\u00e1ln\u011b vyvinuto a vylad\u011bno pro v\u00e1\u0161 typ vozidla. KW jako v\u00fdrobce pou\u017e\u00edv\u00e1 pouze vlastn\u00ed zdroje, vysoce kvalitn\u00ed komponenty a stejnou technologii tlumi\u010d\u016f jako s\u00e9riov\u00ed v\u00fdrobci. S KW V2 se p\u0159i kompresi sni\u017euje nakl\u00e1n\u011bn\u00ed a nakl\u00e1n\u011bn\u00ed karoserie vozidla, d\u00edky \u010demu\u017e m\u016f\u017eete p\u0159i j\u00edzd\u011b vyu\u017e\u00edvat nefal\u0161ovanou p\u0159\u00edmost a sportovn\u011bj\u0161\u00ed j\u00edzdn\u00ed vlastnosti.<\/p>\n<p>&nbsp;<\/p>\n<h4 style=\"text-align: center;\">Z\u00e1\u017eitek pro va\u0161e pot\u011b\u0161en\u00ed z j\u00edzdy<\/h4>\n<p>&nbsp;<\/p>\n<p>Ji\u017e v\u00edce ne\u017e 20 let je spole\u010dnost KW l\u00eddrem na trhu a hybnou silou inovac\u00ed v oblasti individu\u00e1ln\u00edch \u0159e\u0161en\u00ed odpru\u017een\u00ed pro silni\u010dn\u00ed a z\u00e1vodn\u00ed vozidla. Nez\u00e1le\u017e\u00ed na tom, kde na sv\u011bt\u011b se sportovn\u00ed \u0159idi\u010di, v\u00fdrobci automobil\u016f a ladi\u010di spol\u00e9haj\u00ed na na\u0161e vinut\u00e9 pru\u017einy KW \"Made in Germany\".<\/p>\n<p>Ka\u017ed\u00e9 odpru\u017een\u00ed KW je b\u011bhem v\u00fdroby podrobeno rozs\u00e1hl\u00fdm z\u00e1t\u011b\u017eov\u00fdm test\u016fm a je vyv\u00edjeno a vyr\u00e1b\u011bno p\u0159\u00edmo v s\u00eddle spole\u010dnosti ve \u0161v\u00e1bsk\u00e9m Fichtenbergu, aby spl\u0148ovalo vysok\u00e9 standardy \u0159\u00edzen\u00ed kvality KW.<br \/>\nPro KW jako n\u011bmeck\u00e9ho v\u00fdrobce je samoz\u0159ejmost\u00ed nab\u00edzet na sv\u00e9 sady odpru\u017een\u00ed KW, kter\u00e9 p\u0159ekra\u010duj\u00ed kvalitu OEM a pokr\u00fdvaj\u00ed v\u00edce ne\u017e 4 600 aplikac\u00ed, v\u00edceletou z\u00e1ruku.<\/p>","protected":false},"excerpt":{"rendered":"<p>2005\u20132010<\/p>","protected":false},"featured_media":68267487,"comment_status":"open","ping_status":"closed","template":"","meta":{"_acf_changed":false},"product_brand":[19066],"product_cat":[10262,1547,1571,1579,1716,1724],"product_tag":[3908,89,52,91,92,48,536,90,875,49,743,753,126,1102,829,3903,55,1041,745,811,96,1056,164,744,1108,1109],"class_list":{"0":"post-68313322","1":"product","2":"type-product","3":"status-publish","4":"has-post-thumbnail","6":"product_brand-kw","7":"product_cat-alle-produkte","8":"product_cat-300c-30-diesel-fahrwerk","9":"product_cat-300c-57-2005-2010-fahrwerk","10":"product_cat-300c-61-fahrwerk","11":"product_cat-magnum-57-fahrwerk","12":"product_cat-magnum-61-fahrwerk","13":"product_tag-3908","14":"product_tag-3-0","15":"product_tag-300c","16":"product_tag-5-7","17":"product_tag-6-1","18":"product_tag-chrysler","19":"product_tag-chrysler-300c","20":"product_tag-crd","21":"product_tag-diesel","22":"product_tag-dodge","23":"product_tag-fahrwerk","24":"product_tag-gewindefahrwerk","25":"product_tag-hemi","26":"product_tag-inox","27":"product_tag-kw","28":"product_tag-kw-suspension","29":"product_tag-magnum","30":"product_tag-sport","31":"product_tag-sportfahrwerk","32":"product_tag-sportfedern","33":"product_tag-srt","34":"product_tag-srt-8","35":"product_tag-srt8","36":"product_tag-tieferlegung","37":"product_tag-v2","38":"product_tag-variante-2","40":"first","41":"onbackorder","42":"taxable","43":"shipping-taxable","44":"purchasable","45":"product-type-simple"},"bundled_by":[],"bundle_stock_status":"onbackorder","bundle_stock_quantity":0,"bundle_virtual":false,"bundle_layout":"","bundle_add_to_cart_form_location":"","bundle_editable_in_cart":false,"bundle_sold_individually_context":"","bundle_item_grouping":"","bundle_min_size":"","bundle_max_size":"","bundle_price":[],"bundled_items":[],"bundle_sell_ids":[],"exclude_global_add_ons":[],"addons":[],"acf":[],"_links":{"self":[{"href":"https:\/\/kraftwerk-shop.cc\/cs\/wp-json\/wp\/v2\/product\/68313322","targetHints":{"allow":["GET"]}}],"collection":[{"href":"https:\/\/kraftwerk-shop.cc\/cs\/wp-json\/wp\/v2\/product"}],"about":[{"href":"https:\/\/kraftwerk-shop.cc\/cs\/wp-json\/wp\/v2\/types\/product"}],"replies":[{"embeddable":true,"href":"https:\/\/kraftwerk-shop.cc\/cs\/wp-json\/wp\/v2\/comments?post=68313322"}],"version-history":[{"count":0,"href":"https:\/\/kraftwerk-shop.cc\/cs\/wp-json\/wp\/v2\/product\/68313322\/revisions"}],"wp:featuredmedia":[{"embeddable":true,"href":"https:\/\/kraftwerk-shop.cc\/cs\/wp-json\/wp\/v2\/media\/68267487"}],"wp:attachment":[{"href":"https:\/\/kraftwerk-shop.cc\/cs\/wp-json\/wp\/v2\/media?parent=68313322"}],"wp:term":[{"taxonomy":"product_brand","embeddable":true,"href":"https:\/\/kraftwerk-shop.cc\/cs\/wp-json\/wp\/v2\/product_brand?post=68313322"},{"taxonomy":"product_cat","embeddable":true,"href":"https:\/\/kraftwerk-shop.cc\/cs\/wp-json\/wp\/v2\/product_cat?post=68313322"},{"taxonomy":"product_tag","embeddable":true,"href":"https:\/\/kraftwerk-shop.cc\/cs\/wp-json\/wp\/v2\/product_tag?post=68313322"}],"curies":[{"name":"wp","href":"https:\/\/api.w.org\/{rel}","templated":true}]}}