{"id":68313326,"date":"2024-12-29T11:10:16","date_gmt":"2024-12-29T10:10:16","guid":{"rendered":"https:\/\/kraftwerk-shop.cc\/?post_type=product&#038;p=68313326"},"modified":"2026-02-15T01:16:31","modified_gmt":"2026-02-15T00:16:31","slug":"kw-vinute-pruziny-challenger-charger","status":"publish","type":"product","link":"https:\/\/kraftwerk-shop.cc\/cs\/produkt\/kw-gewindefedern-challenger-charger\/","title":{"rendered":"Sada v\u00fd\u0161kov\u011b nastaviteln\u00fdch pru\u017ein KW (vinut\u00e9 pru\u017einy) Dodge Challenger &amp; Charger"},"content":{"rendered":"<h1>KW h\u00f6henverstellbarer Federnsatz (Gewindefedern) f\u00fcr Dodge Challenger &amp; Charger<\/h1>\n<p>&nbsp;<\/p>\n<p><strong>Eigenschaften:<\/strong><\/p>\n<ul>\n<li>Tieferlegung VA\/HA (mm):\u00a0<span data-bind=\"html: $parents[0].commonAttributes()['att_' + _propkey].wert\">0-25\/5-25<\/span><\/li>\n<li class=\"product-attributes\"><span data-bind=\"text: $parents[0].commonAttributes()['att_' + _propkey].name\">Verstellung VA\/HA<\/span>: <span data-bind=\"html: $parents[0].commonAttributes()['att_' + _propkey].wert\">Gewinde\/Gewinde<\/span><\/li>\n<li class=\"product-attributes\"><span data-bind=\"text: $parents[0].commonAttributes()['att_' + _propkey].name\">Zulassung<\/span>: <span data-bind=\"html: $parents[0].commonAttributes()['att_' + _propkey].wert\">Teilegutachten (\u00a719.3)<\/span><\/li>\n<li class=\"product-attributes\"><span data-bind=\"text: $parents[0].commonAttributes()['att_' + _propkey].name\">Lieferumfang<\/span>: <span data-bind=\"html: $parents[0].commonAttributes()['att_' + _propkey].wert\">Set (VA+HA)<\/span><\/li>\n<\/ul>\n<p>&nbsp;<\/p>\n<p><strong>Passend f\u00fcr:<\/strong><\/p>\n<table width=\"914\">\n<tbody>\n<tr>\n<td width=\"127\">Hersteller<\/td>\n<td width=\"215\">Modell<\/td>\n<td width=\"119\">Ausf\u00fchrung<\/td>\n<td width=\"106\">Karosserie<\/td>\n<td width=\"64\">Kraftstoff<\/td>\n<td width=\"64\">Performance<\/td>\n<td width=\"64\">Hubraum<\/td>\n<td width=\"64\">Zylinder<\/td>\n<td width=\"91\">Antrieb<\/td>\n<\/tr>\n<tr>\n<td width=\"127\">DODGE<\/td>\n<td width=\"215\">CHALLENGER Coupe 09\/2007-<\/td>\n<td width=\"119\">3.6<\/td>\n<td width=\"106\">Coupe<\/td>\n<td width=\"64\">Benzin<\/td>\n<td width=\"64\">227 KW<\/td>\n<td width=\"64\">3604 ccm<\/td>\n<td width=\"64\">6<\/td>\n<td width=\"91\">Heckantrieb<\/td>\n<\/tr>\n<tr>\n<td width=\"127\">DODGE<\/td>\n<td width=\"215\">CHALLENGER Coupe 09\/2007-<\/td>\n<td width=\"119\">5.7<\/td>\n<td width=\"106\">Coupe<\/td>\n<td width=\"64\">Benzin<\/td>\n<td width=\"64\">277 KW<\/td>\n<td width=\"64\">5654 ccm<\/td>\n<td width=\"64\">8<\/td>\n<td width=\"91\">Heckantrieb<\/td>\n<\/tr>\n<tr>\n<td width=\"127\">DODGE<\/td>\n<td width=\"215\">CHALLENGER Coupe 09\/2007-<\/td>\n<td width=\"119\">5.7<\/td>\n<td width=\"106\">Coupe<\/td>\n<td width=\"64\">Benzin<\/td>\n<td width=\"64\">279 KW<\/td>\n<td width=\"64\">5654 ccm<\/td>\n<td width=\"64\">8<\/td>\n<td width=\"91\">Heckantrieb<\/td>\n<\/tr>\n<tr>\n<td width=\"127\">DODGE<\/td>\n<td width=\"215\">CHALLENGER Coupe 09\/2007-<\/td>\n<td width=\"119\">5.7<\/td>\n<td width=\"106\">Coupe<\/td>\n<td width=\"64\">Benzin<\/td>\n<td width=\"64\">280 KW<\/td>\n<td width=\"64\">5654 ccm<\/td>\n<td width=\"64\">8<\/td>\n<td width=\"91\">Heckantrieb<\/td>\n<\/tr>\n<tr>\n<td width=\"127\">DODGE<\/td>\n<td width=\"215\">CHALLENGER Coupe 09\/2007-<\/td>\n<td width=\"119\">6.1 SRT8<\/td>\n<td width=\"106\">Coupe<\/td>\n<td width=\"64\">Benzin<\/td>\n<td width=\"64\">313 KW<\/td>\n<td width=\"64\">6059 ccm<\/td>\n<td width=\"64\">8<\/td>\n<td width=\"91\">Heckantrieb<\/td>\n<\/tr>\n<tr>\n<td width=\"127\">DODGE<\/td>\n<td width=\"215\">CHALLENGER Coupe 09\/2007-<\/td>\n<td width=\"119\">6.1 SRT8<\/td>\n<td width=\"106\">Coupe<\/td>\n<td width=\"64\">Benzin<\/td>\n<td width=\"64\">317 KW<\/td>\n<td width=\"64\">6059 ccm<\/td>\n<td width=\"64\">8<\/td>\n<td width=\"91\">Heckantrieb<\/td>\n<\/tr>\n<tr>\n<td width=\"127\">DODGE<\/td>\n<td width=\"215\">CHALLENGER Coupe 09\/2007-<\/td>\n<td width=\"119\">6.4<\/td>\n<td width=\"106\">Coupe<\/td>\n<td width=\"64\">Benzin<\/td>\n<td width=\"64\">362 KW<\/td>\n<td width=\"64\">6417 ccm<\/td>\n<td width=\"64\">8<\/td>\n<td width=\"91\">Heckantrieb<\/td>\n<\/tr>\n<tr>\n<td width=\"127\">DODGE<\/td>\n<td width=\"215\">CHALLENGER Coupe 09\/2007-<\/td>\n<td width=\"119\">6.4 SRT8<\/td>\n<td width=\"106\">Coupe<\/td>\n<td width=\"64\">Benzin<\/td>\n<td width=\"64\">346 KW<\/td>\n<td width=\"64\">6417 ccm<\/td>\n<td width=\"64\">8<\/td>\n<td width=\"91\">Heckantrieb<\/td>\n<\/tr>\n<tr>\n<td width=\"127\">DODGE<\/td>\n<td width=\"215\">CHALLENGER Coupe 09\/2007-<\/td>\n<td width=\"119\">6.4 SRT8<\/td>\n<td width=\"106\">Coupe<\/td>\n<td width=\"64\">Benzin<\/td>\n<td width=\"64\">351 KW<\/td>\n<td width=\"64\">6417 ccm<\/td>\n<td width=\"64\">8<\/td>\n<td width=\"91\">Heckantrieb<\/td>\n<\/tr>\n<tr>\n<td width=\"127\">DODGE<\/td>\n<td width=\"215\">CHARGER 01\/2011-<\/td>\n<td width=\"119\">3.6<\/td>\n<td width=\"106\">Stufenheck<\/td>\n<td width=\"64\">Benzin<\/td>\n<td width=\"64\">215 KW<\/td>\n<td width=\"64\">3604 ccm<\/td>\n<td width=\"64\">6<\/td>\n<td width=\"91\">Heckantrieb<\/td>\n<\/tr>\n<tr>\n<td width=\"127\">DODGE<\/td>\n<td width=\"215\">CHARGER 01\/2011-<\/td>\n<td width=\"119\">3.6<\/td>\n<td width=\"106\">Stufenheck<\/td>\n<td width=\"64\">Benzin<\/td>\n<td width=\"64\">218 KW<\/td>\n<td width=\"64\">3605 ccm<\/td>\n<td width=\"64\">6<\/td>\n<td width=\"91\">Heckantrieb<\/td>\n<\/tr>\n<tr>\n<td width=\"127\">DODGE<\/td>\n<td width=\"215\">CHARGER 01\/2011-<\/td>\n<td width=\"119\">5.7<\/td>\n<td width=\"106\">Stufenheck<\/td>\n<td width=\"64\">Benzin<\/td>\n<td width=\"64\">272 KW<\/td>\n<td width=\"64\">5654 ccm<\/td>\n<td width=\"64\">8<\/td>\n<td width=\"91\">Heckantrieb<\/td>\n<\/tr>\n<tr>\n<td>DODGE<\/td>\n<td>CHARGER 01\/2011-<\/td>\n<td>5.7 R\/T<\/td>\n<td>Stufenheck<\/td>\n<td>Benzin<\/td>\n<td>276 KW<\/td>\n<td>5654 ccm<\/td>\n<td>8<\/td>\n<td>Heckantrieb<\/td>\n<\/tr>\n<tr>\n<td>DODGE<\/td>\n<td>CHARGER 01\/2011-<\/td>\n<td>6.4 SRT8<\/td>\n<td>Stufenheck<\/td>\n<td>Benzin<\/td>\n<td>351 KW<\/td>\n<td>6417 ccm<\/td>\n<td>8<\/td>\n<td>Heckantrieb<\/td>\n<\/tr>\n<tr>\n<td>DODGE<\/td>\n<td>CHARGER 01\/2011-<\/td>\n<td>6.4 SRT8<\/td>\n<td>Stufenheck<\/td>\n<td>Benzin<\/td>\n<td>362 KW<\/td>\n<td>6417 ccm<\/td>\n<td>8<\/td>\n<td>Heckantrieb<\/td>\n<\/tr>\n<\/tbody>\n<\/table>\n<h4><\/h4>\n<p><strong>Auflagen \/ Hinweise:<br \/>\n<\/strong><\/p>\n<ul>\n<li><span data-bind=\"text: getHint429()\">Fahrzeuge mit und ohne elektronischer D\u00e4mpferregelung<\/span><\/li>\n<li><span data-bind=\"text: getAxleLoad()\">Achslast VA\/HA (kg): -1275\/-1275<\/span><\/li>\n<li>VA + HA h\u00f6henverstellbar (Federnsatz bestehend aus VA+HA Federn mit H\u00f6henverstellung, kann ausschlie\u00dflich mit Seriend\u00e4mpfern verwendet werden)<\/li>\n<li>48 mm Variante nur f\u00fcr Fahrzeuge ohne elektronische D\u00e4mpferregelung<\/li>\n<\/ul>\n<p><strong>\u00a0<\/strong><\/p>\n<p><b><span style=\"font-size: medium;\">F\u00fcr eine bessere Optik und noch mehr Fahrdynamik &#8211; in Erstausr\u00fcsterqualit\u00e4t <\/span><\/b><\/p>\n<p>Eine ausgezeichnete Alternative zu Tieferlegungen mit herk\u00f6mmlichen Fahrwerkfedern bieten die H\u00f6henverstellbaren Federn von KW. Sie erm\u00f6glichen, dass Sie sich zum Vergleich zu reinen Tieferlegungsfedern nicht mit einer vorgegebenen Tieferlegung zufrieden geben m\u00fcssen, sondern das Niveau der Tieferlegung variieren k\u00f6nnen. \u00dcber die KW H\u00f6henverstellung, auf die die Fahrwerksfedern aufliegen, k\u00f6nnen Sie im eingebauten Zustand Ihre dezente Wunschtieferlegung einstellen.<\/p>\n<p>Durch den H\u00f6henverstellbaren Federnsatz erh\u00e4lt Ihr Fahrzeug nicht nur eine dynamischere Optik durch die Tieferlegung, sondern auch das Einlenkverhalten und das Ansprechverhalten der Seriend\u00e4mpfer wird durch die verwendeten Federn agiler. Durch unsere auf das jeweilige Fahrzeug entwickelte Federabstimmung bleiben die gesamten Fahrerassistenzsysteme und selbst die Komfortfunktionen eines adaptiven Serienfahrwerks erhalten.<\/p>\n<p><strong><span style=\"font-size: medium;\"><br \/>\nErstausr\u00fcsterqualit\u00e4t, die \u00fcberzeugt<\/span><\/strong><\/p>\n<p>Die von KW genutzten hochwertigen Federn aus Chrom-Siliziumstahl sind bei den KW H\u00f6henverstellbaren Federn in ihrer Federrate fahrzeugspezifisch auf die jeweiligen Serienfahrwerkd\u00e4mpfer und Radlasten abgestimmt. Dabei ber\u00fccksichtigen wir bei der Entwicklung der jeweiligen Federns\u00e4tze, dass die Federraten auch mit den verschiedenen D\u00e4mpferkennlinien Ihres adaptiven Serienfahrwerks perfekt harmonieren. Durch ihre hochwertige Verg\u00fctung \u00fcberzeugen sie genauso wie die KW H\u00f6henverstellung mit einer langen Lebensdauer. Zus\u00e4tzlich beinhaltet unser Lieferumfang auch immer die fahrzeugspezifischen Elastomeraufnahmen und ein Staubschutzsystem, um Ihr Serienfahrwerk vor Verschlei\u00df durch Spritzwasser und Salz zu sch\u00fctzen.<\/p>\n<ul>\n<li>Individuelle H\u00f6henververstellung des serienm\u00e4\u00dfigen Fahrwerks<\/li>\n<li>Adaptive Serien-D\u00e4mpferreglung bleibt aktiv<\/li>\n<li>Fahrzeugspeifische Federraten<\/li>\n<li>Besseres Einklenkverhalten<\/li>\n<li>Sch\u00f6nere Optik<\/li>\n<\/ul>\n<p><span style=\"font-size: medium;\"><br \/>\n<strong>Setup &#8211; Einsatzbereich und Abstimmung<\/strong><\/span><\/p>\n<p>KW H\u00f6henverstellbare Federn eignen sich f\u00fcr Automobilfahrer, die ihr Fahrzeug dezent tieferlegen m\u00f6chten und dabei den Vorteil eines individuellen Verstellbereichs nutzen m\u00f6chten. Durch die fahrzeugspezifische L\u00f6sung kann das Serienfahrwerk weiter genutzt werden und wird deutlich aufgewertet.<\/p>\n<p>&nbsp;<\/p>\n","protected":false},"excerpt":{"rendered":"<p>KW h\u00f6henverstellbarer Federnsatz (Gewindefedern) f\u00fcr Dodge Challenger &amp; Charger &nbsp; Eigenschaften: Tieferlegung VA\/HA (mm):\u00a00-25\/5-25 Verstellung VA\/HA: Gewinde\/Gewinde Zulassung: Teilegutachten (\u00a719.3)<\/p>","protected":false},"featured_media":68268034,"comment_status":"open","ping_status":"closed","template":"","meta":{"_acf_changed":false},"product_brand":[19066],"product_cat":[10262,1668,1676,1684,1700,1603,5156,1635],"product_tag":[3941,3940,169,217,91,92,93,54,53,49,3853,3854,743,753,1102,829,3903,1041,745,811,96,1056,164,744,1100,1101],"class_list":{"0":"post-68313326","1":"product","2":"type-product","3":"status-publish","4":"has-post-thumbnail","6":"product_brand-kw","7":"product_cat-alle-produkte","8":"product_cat-challenger-36-fahrwerk","9":"product_cat-challenger-57-fahrwerk","10":"product_cat-challenger-61-fahrwerk","11":"product_cat-challenger-64-fahrwerk","12":"product_cat-charger-36-fahrwerk","13":"product_cat-charger-57-2011-2023-fahrwerk","14":"product_cat-charger-64-fahrwerk","15":"product_tag-3941","16":"product_tag-3940","17":"product_tag-3-6","18":"product_tag-217","19":"product_tag-5-7","20":"product_tag-6-1","21":"product_tag-6-4","22":"product_tag-challenger","23":"product_tag-charger","24":"product_tag-dodge","25":"product_tag-dodge-challenger","26":"product_tag-dodge-charger","27":"product_tag-fahrwerk","28":"product_tag-gewindefahrwerk","29":"product_tag-inox","30":"product_tag-kw","31":"product_tag-kw-suspension","32":"product_tag-sport","33":"product_tag-sportfahrwerk","34":"product_tag-sportfedern","35":"product_tag-srt","36":"product_tag-srt-8","37":"product_tag-srt8","38":"product_tag-tieferlegung","39":"product_tag-v1","40":"product_tag-variante-1","42":"first","43":"onbackorder","44":"taxable","45":"shipping-taxable","46":"purchasable","47":"product-type-variable"},"bundled_by":[],"bundle_stock_status":"onbackorder","bundle_stock_quantity":0,"bundle_virtual":false,"bundle_layout":"","bundle_add_to_cart_form_location":"","bundle_editable_in_cart":false,"bundle_sold_individually_context":"","bundle_item_grouping":"","bundle_min_size":"","bundle_max_size":"","bundle_price":[],"bundled_items":[],"bundle_sell_ids":[],"exclude_global_add_ons":[],"addons":[],"acf":[],"_links":{"self":[{"href":"https:\/\/kraftwerk-shop.cc\/cs\/wp-json\/wp\/v2\/product\/68313326","targetHints":{"allow":["GET"]}}],"collection":[{"href":"https:\/\/kraftwerk-shop.cc\/cs\/wp-json\/wp\/v2\/product"}],"about":[{"href":"https:\/\/kraftwerk-shop.cc\/cs\/wp-json\/wp\/v2\/types\/product"}],"replies":[{"embeddable":true,"href":"https:\/\/kraftwerk-shop.cc\/cs\/wp-json\/wp\/v2\/comments?post=68313326"}],"version-history":[{"count":0,"href":"https:\/\/kraftwerk-shop.cc\/cs\/wp-json\/wp\/v2\/product\/68313326\/revisions"}],"wp:featuredmedia":[{"embeddable":true,"href":"https:\/\/kraftwerk-shop.cc\/cs\/wp-json\/wp\/v2\/media\/68268034"}],"wp:attachment":[{"href":"https:\/\/kraftwerk-shop.cc\/cs\/wp-json\/wp\/v2\/media?parent=68313326"}],"wp:term":[{"taxonomy":"product_brand","embeddable":true,"href":"https:\/\/kraftwerk-shop.cc\/cs\/wp-json\/wp\/v2\/product_brand?post=68313326"},{"taxonomy":"product_cat","embeddable":true,"href":"https:\/\/kraftwerk-shop.cc\/cs\/wp-json\/wp\/v2\/product_cat?post=68313326"},{"taxonomy":"product_tag","embeddable":true,"href":"https:\/\/kraftwerk-shop.cc\/cs\/wp-json\/wp\/v2\/product_tag?post=68313326"}],"curies":[{"name":"wp","href":"https:\/\/api.w.org\/{rel}","templated":true}]}}