{"id":68313526,"date":"2024-12-31T16:11:47","date_gmt":"2024-12-31T15:11:47","guid":{"rendered":"https:\/\/kraftwerk-shop.cc\/?post_type=product&#038;p=68313526"},"modified":"2026-04-06T03:42:44","modified_gmt":"2026-04-06T01:42:44","slug":"sroubovy-drzak-hlavniho-loziska-mopar-06513204aa","status":"publish","type":"product","link":"https:\/\/kraftwerk-shop.cc\/cs\/produkt\/mopar-schraube-hauptlagerbock-06513204aa\/","title":{"rendered":"\u0160roub dr\u017e\u00e1ku hlavn\u00edho lo\u017eiska Mopar (06513204AA)"},"content":{"rendered":"<h1>Origin\u00e1ln\u00ed \u0161roub Mopar pro dr\u017e\u00e1k hlavn\u00edho lo\u017eiska 06513204AA pro Chrysler, Dodge, Jeep a RAM 6.2 a 6.4<\/h1>\n<p>&nbsp;<\/p>\n<p><strong>\u010c\u00edslo d\u00edlu Mopar:<\/strong> 06513204AA<br \/>\n<strong>Nahrazeno:<\/strong>\u00a0<span class=\"list-value\">6512249AA<\/span><\/p>\n<p><span class=\"list-value description_body\"><strong>Velikost:<\/strong> M12X1.75X89.0<br \/>\n<\/span><\/p>\n<p>&nbsp;<\/p>\n<p><strong>Vhodn\u00e9 pro:<\/strong><\/p>\n<table width=\"1004\">\n<tbody>\n<tr>\n<td width=\"82\"><strong>Rok v\u00fdstavby<\/strong><\/td>\n<td width=\"82\"><strong>Zna\u010dka<\/strong><\/td>\n<td width=\"124\"><strong>Model<\/strong><\/td>\n<td width=\"512\"><strong>Verze<\/strong><\/td>\n<td width=\"204\"><strong>Motor<\/strong><\/td>\n<\/tr>\n<tr>\n<td width=\"82\">2025<\/td>\n<td width=\"82\">Dodge<\/td>\n<td width=\"124\">Durango<\/td>\n<td width=\"512\">SRT Hellcat Hammerhead, SRT Hellcat Plus, SRT Hellcat Premium, SRT Hellcat Silver Bullet<\/td>\n<td width=\"204\">6.2L<\/td>\n<\/tr>\n<tr>\n<td width=\"82\">2024<\/td>\n<td width=\"82\">Dodge<\/td>\n<td width=\"124\">Durango<\/td>\n<td width=\"512\">SRT 392, SRT 392 Plus, SRT 392 Premium, SRT Hellcat, SRT Hellcat Plus, SRT Hellcat Premium<\/td>\n<td width=\"204\">6,2 L, 6,4 L<\/td>\n<\/tr>\n<tr>\n<td width=\"82\">2024<\/td>\n<td width=\"82\">Ram<\/td>\n<td width=\"124\">1500<\/td>\n<td width=\"512\">TRX<\/td>\n<td width=\"204\">6.2L<\/td>\n<\/tr>\n<tr>\n<td width=\"82\">2023<\/td>\n<td width=\"82\">Dodge<\/td>\n<td width=\"124\">Challenger<\/td>\n<td width=\"512\">R\/T, R\/T Scat Pack, R\/T Scat Pack Widebody, SRT Hellcat Jailbreak, SRT Hellcat Redeye Jailbreak, SRT Hellcat Redeye Widebody Jailbreak, SRT Hellcat Widebody Jailbreak, SRT Super Stock<\/td>\n<td width=\"204\">6,2 L, 6,4 L<\/td>\n<\/tr>\n<tr>\n<td width=\"82\">2023<\/td>\n<td width=\"82\">Dodge<\/td>\n<td width=\"124\">Charger<\/td>\n<td width=\"512\">SRT Hellcat Redeye Widebody, SRT Hellcat Widebody, SRT Hellcat Widebody Jailbreak, Scat Pack, Scat Pack Widebody<\/td>\n<td width=\"204\">6,2 L, 6,4 L<\/td>\n<\/tr>\n<tr>\n<td width=\"82\">2023<\/td>\n<td width=\"82\">Dodge<\/td>\n<td width=\"124\">Durango<\/td>\n<td width=\"512\">SRT 392, SRT 392 Plus, SRT 392 Premium, SRT Hellcat, SRT Hellcat Plus, SRT Hellcat Premium<\/td>\n<td width=\"204\">6,2 L, 6,4 L<\/td>\n<\/tr>\n<tr>\n<td width=\"82\">2023<\/td>\n<td width=\"82\">Jeep<\/td>\n<td width=\"124\">Grand Wagoneer<\/td>\n<td width=\"512\">Base, Obsidian, Series II, Series III, Series III Obsidian<\/td>\n<td width=\"204\">6.4L<\/td>\n<\/tr>\n<tr>\n<td width=\"82\">2023<\/td>\n<td width=\"82\">Ram<\/td>\n<td width=\"124\">1500<\/td>\n<td width=\"512\">TRX<\/td>\n<td width=\"204\">6.2L<\/td>\n<\/tr>\n<tr>\n<td width=\"82\">2022<\/td>\n<td width=\"82\">Dodge<\/td>\n<td width=\"124\">Challenger<\/td>\n<td width=\"512\">R\/T Scat Pack, R\/T Scat Pack Widebody, SRT Hellcat, SRT Hellcat Redeye, SRT Hellcat Redeye Widebody, SRT Hellcat Widebody, SRT Jailbreak, SRT Super Stock<\/td>\n<td width=\"204\">6,2 L, 6,4 L<\/td>\n<\/tr>\n<tr>\n<td width=\"82\">2022<\/td>\n<td width=\"82\">Dodge<\/td>\n<td width=\"124\">Charger<\/td>\n<td width=\"512\">SRT Hellcat Redeye Widebody, SRT Hellcat Widebody, SRT Jailbreak, Scat Pack, Scat Pack Widebody<\/td>\n<td width=\"204\">6,2 L, 6,4 L<\/td>\n<\/tr>\n<tr>\n<td width=\"82\">2022<\/td>\n<td width=\"82\">Dodge<\/td>\n<td width=\"124\">Durango<\/td>\n<td width=\"512\">SRT 392<\/td>\n<td width=\"204\">6.4L<\/td>\n<\/tr>\n<tr>\n<td width=\"82\">2022<\/td>\n<td width=\"82\">Jeep<\/td>\n<td width=\"124\">Grand Wagoneer<\/td>\n<td width=\"512\">Obsidian, Series I, Series II, Series III<\/td>\n<td width=\"204\">6.4L<\/td>\n<\/tr>\n<tr>\n<td width=\"82\">2022<\/td>\n<td width=\"82\">Jeep<\/td>\n<td width=\"124\">Wrangler<\/td>\n<td width=\"512\">Unlimited Rubicon 392<\/td>\n<td width=\"204\">6.4L<\/td>\n<\/tr>\n<tr>\n<td width=\"82\">2022<\/td>\n<td width=\"82\">Ram<\/td>\n<td width=\"124\">1500<\/td>\n<td width=\"512\">TRX<\/td>\n<td width=\"204\">6.2L<\/td>\n<\/tr>\n<tr>\n<td width=\"82\">2021<\/td>\n<td width=\"82\">Dodge<\/td>\n<td width=\"124\">Challenger<\/td>\n<td width=\"512\">R\/T Scat Pack, R\/T Scat Pack Widebody, SRT Hellcat, SRT Hellcat Redeye, SRT Hellcat Redeye Widebody, SRT Hellcat Widebody, SRT Super Stock<\/td>\n<td width=\"204\">6,2 L, 6,4 L<\/td>\n<\/tr>\n<tr>\n<td width=\"82\">2021<\/td>\n<td width=\"82\">Dodge<\/td>\n<td width=\"124\">Charger<\/td>\n<td width=\"512\">SRT Hellcat Redeye Widebody, SRT Hellcat Widebody, Scat Pack<\/td>\n<td width=\"204\">6,2 L, 6,4 L<\/td>\n<\/tr>\n<tr>\n<td width=\"82\">2021<\/td>\n<td width=\"82\">Dodge<\/td>\n<td width=\"124\">Durango<\/td>\n<td width=\"512\">SRT, SRT Hellcat<\/td>\n<td width=\"204\">6,2 L, 6,4 L<\/td>\n<\/tr>\n<tr>\n<td width=\"82\">2021<\/td>\n<td width=\"82\">Jeep<\/td>\n<td width=\"124\">Grand Cherokee<\/td>\n<td width=\"512\">SRT, Trackhawk<\/td>\n<td width=\"204\">6,2 L, 6,4 L<\/td>\n<\/tr>\n<tr>\n<td width=\"82\">2021<\/td>\n<td width=\"82\">Jeep<\/td>\n<td width=\"124\">Wrangler<\/td>\n<td width=\"512\">Unlimited Rubicon 392<\/td>\n<td width=\"204\">6.4L<\/td>\n<\/tr>\n<tr>\n<td width=\"82\">2021<\/td>\n<td width=\"82\">Ram<\/td>\n<td width=\"124\">1500<\/td>\n<td width=\"512\">TRX<\/td>\n<td width=\"204\">6.2L<\/td>\n<\/tr>\n<tr>\n<td width=\"82\">2020<\/td>\n<td width=\"82\">Dodge<\/td>\n<td width=\"124\">Challenger<\/td>\n<td width=\"512\">R\/T Scat Pack, R\/T Scat Pack Widebody, SRT Hellcat, SRT Hellcat Redeye, SRT Hellcat Redeye Widebody, SRT Hellcat Widebody<\/td>\n<td width=\"204\">6,2 L, 6,4 L<\/td>\n<\/tr>\n<tr>\n<td width=\"82\">2020<\/td>\n<td width=\"82\">Dodge<\/td>\n<td width=\"124\">Charger<\/td>\n<td width=\"512\">SRT Hellcat Widebody, Scat Pack<\/td>\n<td width=\"204\">6,2 L, 6,4 L<\/td>\n<\/tr>\n<tr>\n<td width=\"82\">2020<\/td>\n<td width=\"82\">Dodge<\/td>\n<td width=\"124\">Durango<\/td>\n<td width=\"512\">SRT<\/td>\n<td width=\"204\">6.4L<\/td>\n<\/tr>\n<tr>\n<td width=\"82\">2020<\/td>\n<td width=\"82\">Jeep<\/td>\n<td width=\"124\">Grand Cherokee<\/td>\n<td width=\"512\">SRT, Trackhawk<\/td>\n<td width=\"204\">6,2 L, 6,4 L<\/td>\n<\/tr>\n<tr>\n<td width=\"82\">2019<\/td>\n<td width=\"82\">Dodge<\/td>\n<td width=\"124\">Challenger<\/td>\n<td width=\"512\">R\/T Scat Pack, R\/T Scat Pack Widebody, SRT Hellcat, SRT Hellcat Redeye, SRT Hellcat Redeye Widebody, SRT Hellcat Widebody<\/td>\n<td width=\"204\">6,2 L, 6,4 L<\/td>\n<\/tr>\n<tr>\n<td width=\"82\">2019<\/td>\n<td width=\"82\">Dodge<\/td>\n<td width=\"124\">Charger<\/td>\n<td width=\"512\">SRT Hellcat, Scat Pack<\/td>\n<td width=\"204\">6,2 L, 6,4 L<\/td>\n<\/tr>\n<tr>\n<td width=\"82\">2019<\/td>\n<td width=\"82\">Dodge<\/td>\n<td width=\"124\">Durango<\/td>\n<td width=\"512\">SRT<\/td>\n<td width=\"204\">6.4L<\/td>\n<\/tr>\n<tr>\n<td width=\"82\">2019<\/td>\n<td width=\"82\">Jeep<\/td>\n<td width=\"124\">Grand Cherokee<\/td>\n<td width=\"512\">SRT, Trackhawk<\/td>\n<td width=\"204\">6,2 L, 6,4 L<\/td>\n<\/tr>\n<tr>\n<td width=\"82\">2018<\/td>\n<td width=\"82\">Dodge<\/td>\n<td width=\"124\">Challenger<\/td>\n<td width=\"512\">R\/T Scat Pack, SRT 392, SRT Demon, SRT Hellcat, SRT Hellcat Widebody, T\/A 392<\/td>\n<td width=\"204\">6,2 L, 6,4 L<\/td>\n<\/tr>\n<tr>\n<td width=\"82\">2018<\/td>\n<td width=\"82\">Dodge<\/td>\n<td width=\"124\">Charger<\/td>\n<td width=\"512\">Daytona 392, R\/T Scat Pack, SRT 392, SRT Hellcat<\/td>\n<td width=\"204\">6,2 L, 6,4 L<\/td>\n<\/tr>\n<tr>\n<td width=\"82\">2018<\/td>\n<td width=\"82\">Dodge<\/td>\n<td width=\"124\">Durango<\/td>\n<td width=\"512\">SRT<\/td>\n<td width=\"204\">6.4L<\/td>\n<\/tr>\n<tr>\n<td width=\"82\">2018<\/td>\n<td width=\"82\">Jeep<\/td>\n<td width=\"124\">Grand Cherokee<\/td>\n<td width=\"512\">SRT, Trackhawk<\/td>\n<td width=\"204\">6,2 L, 6,4 L<\/td>\n<\/tr>\n<\/tbody>\n<\/table>\n<p>&nbsp;<\/p>","protected":false},"excerpt":{"rendered":"<p>Origin\u00e1ln\u00ed d\u00edl Mopar<\/p>\n<p>2018\u20132025<\/p>","protected":false},"featured_media":68313529,"comment_status":"open","ping_status":"closed","template":"","meta":{"_acf_changed":false},"product_brand":[16270],"product_cat":[10262,6490,6659,6484,6664,6495,6669,6500,6674,6505,6510,6679],"product_tag":[18736,10022,101,93,10023,18735,48,536,49,3853,3854,63,10157,10168,10164,10162,10158,10166,10160,10167,10159,10165,10153,10161,10025,10150,50,4425,10152,10024,31,8813,10127,9473,9424,16271,10135,10155,10133,10124,8699,16273,9999,10149,10147,10137,10141,10131,10145,10143,16275,10163,16272,10129,16274,8651,7221,10154,10151,34,64,654,96,38,10156],"class_list":{"0":"post-68313526","1":"product","2":"type-product","3":"status-publish","4":"has-post-thumbnail","6":"product_brand-mopar","7":"product_cat-alle-produkte","8":"product_cat-300c-64-kurbelwelle-kolben","9":"product_cat-challenger-hellcat-kurbelwelle-kolben","10":"product_cat-challenger-64-kurbelwelle-kolben","11":"product_cat-charger-hellcat-kurbelwelle-kolben","12":"product_cat-charger-64-kurbelwelle-kolben","13":"product_cat-durango-hellcat-kurbelwelle-kolben","14":"product_cat-durango-64-kurbelwelle-kolben","15":"product_cat-trackhawk-kurbelwelle-kolben","16":"product_cat-grand-cherokee-64-kurbelwelle-kolben","17":"product_cat-wrangler-64-kurbelwelle-kolben","18":"product_cat-trx-kurbelwelle-kolben","19":"product_tag-06512249aa","20":"product_tag-06513204aa","21":"product_tag-6-2","22":"product_tag-6-4","23":"product_tag-6512249aa","24":"product_tag-6513204aa","25":"product_tag-chrysler","26":"product_tag-chrysler-300c","27":"product_tag-dodge","28":"product_tag-dodge-challenger","29":"product_tag-dodge-charger","30":"product_tag-ersatzteile","31":"product_tag-hauptlager-montage","32":"product_tag-hauptlager-schrauben-anleitung","33":"product_tag-hauptlager-schrauben-anwendung","34":"product_tag-hauptlager-schrauben-drehmoment","35":"product_tag-hauptlager-schrauben-ersatz","36":"product_tag-hauptlager-schrauben-installation","37":"product_tag-hauptlager-schrauben-kaufen","38":"product_tag-hauptlager-schrauben-kompatibilitaet","39":"product_tag-hauptlager-schrauben-oem","40":"product_tag-hauptlager-schrauben-preis","41":"product_tag-hauptlager-schrauben-set","42":"product_tag-hauptlager-schrauben-spezifikationen","43":"product_tag-hauptlagerbock","44":"product_tag-hauptlagerschraube","45":"product_tag-jeep","46":"product_tag-jeep-grand-cherokee","47":"product_tag-kurbelwellenlager-schraube","48":"product_tag-m12x1-75x89-0","49":"product_tag-mopar","50":"product_tag-mopar-autoteile","51":"product_tag-mopar-bolzen","52":"product_tag-mopar-ersatzteil","53":"product_tag-mopar-ersatzteile","54":"product_tag-mopar-ersatzteile-kaufen","55":"product_tag-mopar-ersatzteile-online","56":"product_tag-mopar-hauptlager","57":"product_tag-mopar-motor-schrauben","58":"product_tag-mopar-motorenteile","59":"product_tag-mopar-originalteil","60":"product_tag-mopar-performance-teile","61":"product_tag-mopar-schraube","62":"product_tag-mopar-schrauben","63":"product_tag-mopar-schrauben-bewertungen","64":"product_tag-mopar-schrauben-ersatz","65":"product_tag-mopar-schrauben-haendler","66":"product_tag-mopar-schrauben-kit","67":"product_tag-mopar-schrauben-lieferzeit","68":"product_tag-mopar-schrauben-qualitaet","69":"product_tag-mopar-teile-katalog","70":"product_tag-mopar-teile-nummer-06513204aa","71":"product_tag-mopar-teile-online","72":"product_tag-mopar-teilekatalog","73":"product_tag-mopar-tuningteile","74":"product_tag-mopar-zubehoer","75":"product_tag-mopar10","76":"product_tag-motorblock-schraube","77":"product_tag-motorlager-schraube","78":"product_tag-original","79":"product_tag-reparatur","80":"product_tag-schraube","81":"product_tag-srt","82":"product_tag-teile","83":"product_tag-zylinderblock-schraube","85":"first","86":"onbackorder","87":"taxable","88":"shipping-taxable","89":"purchasable","90":"product-type-simple"},"bundled_by":[],"bundle_stock_status":"onbackorder","bundle_stock_quantity":-8,"bundle_virtual":false,"bundle_layout":"","bundle_add_to_cart_form_location":"","bundle_editable_in_cart":false,"bundle_sold_individually_context":"","bundle_item_grouping":"","bundle_min_size":"","bundle_max_size":"","bundle_price":[],"bundled_items":[],"bundle_sell_ids":[],"exclude_global_add_ons":[],"addons":[],"acf":[],"_links":{"self":[{"href":"https:\/\/kraftwerk-shop.cc\/cs\/wp-json\/wp\/v2\/product\/68313526","targetHints":{"allow":["GET"]}}],"collection":[{"href":"https:\/\/kraftwerk-shop.cc\/cs\/wp-json\/wp\/v2\/product"}],"about":[{"href":"https:\/\/kraftwerk-shop.cc\/cs\/wp-json\/wp\/v2\/types\/product"}],"replies":[{"embeddable":true,"href":"https:\/\/kraftwerk-shop.cc\/cs\/wp-json\/wp\/v2\/comments?post=68313526"}],"version-history":[{"count":0,"href":"https:\/\/kraftwerk-shop.cc\/cs\/wp-json\/wp\/v2\/product\/68313526\/revisions"}],"wp:featuredmedia":[{"embeddable":true,"href":"https:\/\/kraftwerk-shop.cc\/cs\/wp-json\/wp\/v2\/media\/68313529"}],"wp:attachment":[{"href":"https:\/\/kraftwerk-shop.cc\/cs\/wp-json\/wp\/v2\/media?parent=68313526"}],"wp:term":[{"taxonomy":"product_brand","embeddable":true,"href":"https:\/\/kraftwerk-shop.cc\/cs\/wp-json\/wp\/v2\/product_brand?post=68313526"},{"taxonomy":"product_cat","embeddable":true,"href":"https:\/\/kraftwerk-shop.cc\/cs\/wp-json\/wp\/v2\/product_cat?post=68313526"},{"taxonomy":"product_tag","embeddable":true,"href":"https:\/\/kraftwerk-shop.cc\/cs\/wp-json\/wp\/v2\/product_tag?post=68313526"}],"curies":[{"name":"wp","href":"https:\/\/api.w.org\/{rel}","templated":true}]}}