{"id":68314084,"date":"2025-01-11T14:52:22","date_gmt":"2025-01-11T13:52:22","guid":{"rendered":"https:\/\/kraftwerk-shop.cc\/?post_type=product&#038;p=68314084"},"modified":"2026-03-24T22:30:12","modified_gmt":"2026-03-24T21:30:12","slug":"olejovy-filtr-mopar-ram-2500-3500-cummins-05083285aa","status":"publish","type":"product","link":"https:\/\/kraftwerk-shop.cc\/cs\/produkt\/mopar-oelfilter-ram-2500-3500-cummins-05083285aa\/","title":{"rendered":"Olejov\u00fd filtr Mopar RAM 2500 a 3500 Cummins (05083285AA)"},"content":{"rendered":"<h1>Olejov\u00fd filtr Mopar (<span class=\"list-value sku-display\">05083285AA<\/span>) pro RAM 2500 a 3500 Cummins 5.9 a 6.7<\/h1>\n<p>&nbsp;<\/p>\n<p><span lang=\"DE\"><strong>\u010c\u00edslo d\u00edlu Mopar:<\/strong> <span class=\"list-value sku-display\">05083285AA<\/span><br \/>\n<strong>Nahrazeno:\u00a0<\/strong>\u00a0<span class=\"list-value\">5016547AA, 5016547AB, 5016547AC, 68086920AA<\/span><\/span><\/p>\n<p>&nbsp;<\/p>\n<p><strong>Vhodn\u00e9 pro:<\/strong><\/p>\n<table width=\"1004\">\n<tbody>\n<tr>\n<td width=\"82\"><strong>Rok v\u00fdstavby<\/strong><\/td>\n<td width=\"82\"><strong>Zna\u010dka<\/strong><\/td>\n<td width=\"124\"><strong>Model<\/strong><\/td>\n<td width=\"512\"><strong>Verze<\/strong><\/td>\n<td width=\"204\"><strong>Motor<\/strong><\/td>\n<\/tr>\n<tr>\n<td width=\"82\">2024<\/td>\n<td width=\"82\">Ram<\/td>\n<td width=\"124\">2500<\/td>\n<td width=\"512\">Big Horn, Laramie, Limited, Limited Longhorn, Lone Star, Rebel, Tradesman<\/td>\n<td width=\"204\">6.7L<\/td>\n<\/tr>\n<tr>\n<td width=\"82\">2024<\/td>\n<td width=\"82\">Ram<\/td>\n<td width=\"124\">3500<\/td>\n<td width=\"512\">Big Horn, Laramie, Limited, Limited Longhorn, SLT, Tradesman<\/td>\n<td width=\"204\">6.7L<\/td>\n<\/tr>\n<tr>\n<td width=\"82\">2023<\/td>\n<td width=\"82\">Ram<\/td>\n<td width=\"124\">2500<\/td>\n<td width=\"512\">Big Horn, Laramie, Limited, Limited Longhorn, Lone Star, Rebel, Tradesman<\/td>\n<td width=\"204\">6.7L<\/td>\n<\/tr>\n<tr>\n<td width=\"82\">2023<\/td>\n<td width=\"82\">Ram<\/td>\n<td width=\"124\">3500<\/td>\n<td width=\"512\">Big Horn, Laramie, Limited, Limited Longhorn, SLT, Tradesman<\/td>\n<td width=\"204\">6.7L<\/td>\n<\/tr>\n<tr>\n<td width=\"82\">2022<\/td>\n<td width=\"82\">Ram<\/td>\n<td width=\"124\">2500<\/td>\n<td width=\"512\">Big Horn, Laramie, Limited, Limited Longhorn, Lone Star, Tradesman<\/td>\n<td width=\"204\">6.7L<\/td>\n<\/tr>\n<tr>\n<td width=\"82\">2022<\/td>\n<td width=\"82\">Ram<\/td>\n<td width=\"124\">3500<\/td>\n<td width=\"512\">Big Horn, Laramie, Limited, Limited Longhorn, Lone Star, SLT, Tradesman<\/td>\n<td width=\"204\">6.7L<\/td>\n<\/tr>\n<tr>\n<td width=\"82\">2021<\/td>\n<td width=\"82\">Ram<\/td>\n<td width=\"124\">2500<\/td>\n<td width=\"512\">Big Horn, Laramie, Limited, Limited Longhorn, Lone Star, Tradesman<\/td>\n<td width=\"204\">6.7L<\/td>\n<\/tr>\n<tr>\n<td width=\"82\">2021<\/td>\n<td width=\"82\">Ram<\/td>\n<td width=\"124\">3500<\/td>\n<td width=\"512\">Big Horn, Laramie, Limited, Limited Longhorn, Lone Star, SLT, Tradesman<\/td>\n<td width=\"204\">6.7L<\/td>\n<\/tr>\n<tr>\n<td width=\"82\">2020<\/td>\n<td width=\"82\">Ram<\/td>\n<td width=\"124\">2500<\/td>\n<td width=\"512\">Big Horn, Laramie, Laramie Longhorn, Limited, Lone Star, Tradesman<\/td>\n<td width=\"204\">6.7L<\/td>\n<\/tr>\n<tr>\n<td width=\"82\">2020<\/td>\n<td width=\"82\">Ram<\/td>\n<td width=\"124\">3500<\/td>\n<td width=\"512\">Laramie, Laramie Longhorn, Limited, SLT, Tradesman<\/td>\n<td width=\"204\">6.7L<\/td>\n<\/tr>\n<tr>\n<td width=\"82\">2019<\/td>\n<td width=\"82\">Ram<\/td>\n<td width=\"124\">2500<\/td>\n<td width=\"512\">Big Horn, Laramie, Laramie Longhorn, Limited, Lone Star, Tradesman<\/td>\n<td width=\"204\">6.7L<\/td>\n<\/tr>\n<tr>\n<td width=\"82\">2019<\/td>\n<td width=\"82\">Ram<\/td>\n<td width=\"124\">3500<\/td>\n<td width=\"512\">Big Horn, Laramie, Laramie Longhorn, Limited, Lone Star, SLT, Tradesman<\/td>\n<td width=\"204\">6.7L<\/td>\n<\/tr>\n<tr>\n<td width=\"82\">2018<\/td>\n<td width=\"82\">Ram<\/td>\n<td width=\"124\">2500<\/td>\n<td width=\"512\">Big Horn, Laramie, Laramie Longhorn, Limited, SLT, Tradesman<\/td>\n<td width=\"204\">6.7L<\/td>\n<\/tr>\n<tr>\n<td width=\"82\">2018<\/td>\n<td width=\"82\">Ram<\/td>\n<td width=\"124\">3500<\/td>\n<td width=\"512\">Big Horn, Laramie, Laramie Longhorn, Limited, SLT, Tradesman<\/td>\n<td width=\"204\">6.7L<\/td>\n<\/tr>\n<tr>\n<td width=\"82\">2017<\/td>\n<td width=\"82\">Ram<\/td>\n<td width=\"124\">2500<\/td>\n<td width=\"512\">Big Horn, Laramie, Laramie Longhorn, Limited, SLT, Tradesman<\/td>\n<td width=\"204\">6.7L<\/td>\n<\/tr>\n<tr>\n<td width=\"82\">2017<\/td>\n<td width=\"82\">Ram<\/td>\n<td width=\"124\">3500<\/td>\n<td width=\"512\">Big Horn, Laramie, Laramie Longhorn, Limited, Lone Star, SLT, Tradesman<\/td>\n<td width=\"204\">6.7L<\/td>\n<\/tr>\n<tr>\n<td width=\"82\">2016<\/td>\n<td width=\"82\">Ram<\/td>\n<td width=\"124\">2500<\/td>\n<td width=\"512\">Big Horn, Laramie, Laramie Longhorn, Limited, Outdoorsman, SLT, Tradesman<\/td>\n<td width=\"204\">6.7L<\/td>\n<\/tr>\n<tr>\n<td width=\"82\">2016<\/td>\n<td width=\"82\">Ram<\/td>\n<td width=\"124\">3500<\/td>\n<td width=\"512\">Big Horn, Laramie, Laramie Longhorn, Limited, SLT, Tradesman<\/td>\n<td width=\"204\">6.7L<\/td>\n<\/tr>\n<tr>\n<td width=\"82\">2015<\/td>\n<td width=\"82\">Ram<\/td>\n<td width=\"124\">2500<\/td>\n<td width=\"512\">Big Horn, Laramie, Laramie Limited, Laramie Longhorn, Lone Star, Outdoorsman, SLT, Tradesman<\/td>\n<td width=\"204\">6.7L<\/td>\n<\/tr>\n<tr>\n<td width=\"82\">2015<\/td>\n<td width=\"82\">Ram<\/td>\n<td width=\"124\">3500<\/td>\n<td width=\"512\">Big Horn, Laramie, Laramie Limited, Laramie Longhorn, Lone Star, SLT, Tradesman<\/td>\n<td width=\"204\">6.7L<\/td>\n<\/tr>\n<tr>\n<td width=\"82\">2014<\/td>\n<td width=\"82\">Ram<\/td>\n<td width=\"124\">2500<\/td>\n<td width=\"512\">Big Horn, Laramie, Laramie Limited, Laramie Longhorn, Lone Star, Outdoorsman, SLT, Tradesman<\/td>\n<td width=\"204\">6.7L<\/td>\n<\/tr>\n<tr>\n<td width=\"82\">2014<\/td>\n<td width=\"82\">Ram<\/td>\n<td width=\"124\">3500<\/td>\n<td width=\"512\">Big Horn, Laramie, Laramie Limited, Laramie Longhorn, Lone Star, SLT, Tradesman<\/td>\n<td width=\"204\">6.7L<\/td>\n<\/tr>\n<tr>\n<td width=\"82\">2013<\/td>\n<td width=\"82\">Ram<\/td>\n<td width=\"124\">2500<\/td>\n<td width=\"512\">Big Horn, Laramie, Laramie Longhorn, Lone Star, Outdoorsman, SLT, Tradesman<\/td>\n<td width=\"204\">6.7L<\/td>\n<\/tr>\n<tr>\n<td width=\"82\">2013<\/td>\n<td width=\"82\">Ram<\/td>\n<td width=\"124\">3500<\/td>\n<td width=\"512\">Big Horn, Laramie, Laramie Longhorn, Lone Star, SLT, Tradesman<\/td>\n<td width=\"204\">6.7L<\/td>\n<\/tr>\n<tr>\n<td width=\"82\">2012<\/td>\n<td width=\"82\">Ram<\/td>\n<td width=\"124\">2500<\/td>\n<td width=\"512\">Laramie, Laramie Longhorn, Outdoorsman, SLT, ST<\/td>\n<td width=\"204\">6.7L<\/td>\n<\/tr>\n<tr>\n<td width=\"82\">2012<\/td>\n<td width=\"82\">Ram<\/td>\n<td width=\"124\">3500<\/td>\n<td width=\"512\">Laramie, Laramie Longhorn, SLT, ST<\/td>\n<td width=\"204\">6.7L<\/td>\n<\/tr>\n<tr>\n<td width=\"82\">2011<\/td>\n<td width=\"82\">Ram<\/td>\n<td width=\"124\">2500<\/td>\n<td width=\"512\">Laramie, Laramie Longhorn, SLT, ST<\/td>\n<td width=\"204\">6.7L<\/td>\n<\/tr>\n<tr>\n<td width=\"82\">2011<\/td>\n<td width=\"82\">Ram<\/td>\n<td width=\"124\">3500<\/td>\n<td width=\"512\">Laramie, Laramie Longhorn, SLT, ST<\/td>\n<td width=\"204\">6.7L<\/td>\n<\/tr>\n<tr>\n<td width=\"82\">2010<\/td>\n<td width=\"82\">Dodge<\/td>\n<td width=\"124\">Ram 2500<\/td>\n<td width=\"512\">Laramie, SLT, ST, TRX<\/td>\n<td width=\"204\">6.7L<\/td>\n<\/tr>\n<tr>\n<td width=\"82\">2010<\/td>\n<td width=\"82\">Dodge<\/td>\n<td width=\"124\">Ram 3500<\/td>\n<td width=\"512\">Laramie, SLT, ST<\/td>\n<td width=\"204\">6.7L<\/td>\n<\/tr>\n<tr>\n<td width=\"82\">2009<\/td>\n<td width=\"82\">Dodge<\/td>\n<td width=\"124\">Ram 2500<\/td>\n<td width=\"512\">Laramie, SLT, ST, SXT<\/td>\n<td width=\"204\">5.9L, 6.7L<\/td>\n<\/tr>\n<tr>\n<td width=\"82\">2009<\/td>\n<td width=\"82\">Dodge<\/td>\n<td width=\"124\">Ram 3500<\/td>\n<td width=\"512\">Laramie, SLT, ST, SXT<\/td>\n<td width=\"204\">6.7L<\/td>\n<\/tr>\n<tr>\n<td width=\"82\">2008<\/td>\n<td width=\"82\">Dodge<\/td>\n<td width=\"124\">Ram 2500<\/td>\n<td width=\"512\">Laramie, SLT, ST, SXT<\/td>\n<td width=\"204\">5.9L, 6.7L<\/td>\n<\/tr>\n<tr>\n<td width=\"82\">2008<\/td>\n<td width=\"82\">Dodge<\/td>\n<td width=\"124\">Ram 3500<\/td>\n<td width=\"512\">Laramie, SLT, ST<\/td>\n<td width=\"204\">5.9L, 6.7L<\/td>\n<\/tr>\n<tr>\n<td width=\"82\">2007<\/td>\n<td width=\"82\">Dodge<\/td>\n<td width=\"124\">Ram 2500<\/td>\n<td width=\"512\">Laramie, SLT, ST, Sport, TRX4<\/td>\n<td width=\"204\">5.9L, 6.7L<\/td>\n<\/tr>\n<tr>\n<td width=\"82\">2007<\/td>\n<td width=\"82\">Dodge<\/td>\n<td width=\"124\">Ram 3500<\/td>\n<td width=\"512\">Laramie, SLT, ST, Sport, TRX4<\/td>\n<td width=\"204\">5.9L, 6.7L<\/td>\n<\/tr>\n<tr>\n<td width=\"82\">2006<\/td>\n<td width=\"82\">Dodge<\/td>\n<td width=\"124\">Ram 2500<\/td>\n<td width=\"512\">Laramie, SLT, ST<\/td>\n<td width=\"204\">5.9L<\/td>\n<\/tr>\n<tr>\n<td width=\"82\">2006<\/td>\n<td width=\"82\">Dodge<\/td>\n<td width=\"124\">Ram 3500<\/td>\n<td width=\"512\">Laramie, SLT, ST<\/td>\n<td width=\"204\">5.9L<\/td>\n<\/tr>\n<tr>\n<td width=\"82\">2005<\/td>\n<td width=\"82\">Dodge<\/td>\n<td width=\"124\">Ram 2500<\/td>\n<td width=\"512\">SLT, ST<\/td>\n<td width=\"204\">5.9L<\/td>\n<\/tr>\n<tr>\n<td width=\"82\">2005<\/td>\n<td width=\"82\">Dodge<\/td>\n<td width=\"124\">Ram 3500<\/td>\n<td width=\"512\">SLT, ST<\/td>\n<td width=\"204\">5.9L<\/td>\n<\/tr>\n<tr>\n<td width=\"82\">2004<\/td>\n<td width=\"82\">Dodge<\/td>\n<td width=\"124\">Ram 2500<\/td>\n<td width=\"512\">SLT, ST<\/td>\n<td width=\"204\">5.9L<\/td>\n<\/tr>\n<tr>\n<td width=\"82\">2004<\/td>\n<td width=\"82\">Dodge<\/td>\n<td width=\"124\">Ram 3500<\/td>\n<td width=\"512\">SLT, ST<\/td>\n<td width=\"204\">5.9L<\/td>\n<\/tr>\n<tr>\n<td width=\"82\">2003<\/td>\n<td width=\"82\">Dodge<\/td>\n<td width=\"124\">Ram 2500<\/td>\n<td width=\"512\">SLT, ST<\/td>\n<td width=\"204\">5.9L<\/td>\n<\/tr>\n<tr>\n<td width=\"82\">2003<\/td>\n<td width=\"82\">Dodge<\/td>\n<td width=\"124\">Ram 3500<\/td>\n<td width=\"512\">SLT, ST<\/td>\n<td width=\"204\">5.9L<\/td>\n<\/tr>\n<tr>\n<td width=\"82\">2002<\/td>\n<td width=\"82\">Dodge<\/td>\n<td width=\"124\">Ram 2500<\/td>\n<td width=\"512\">Base<\/td>\n<td width=\"204\">5.9L<\/td>\n<\/tr>\n<tr>\n<td width=\"82\">2002<\/td>\n<td width=\"82\">Dodge<\/td>\n<td width=\"124\">Ram 3500<\/td>\n<td width=\"512\">Base<\/td>\n<td width=\"204\">5.9L<\/td>\n<\/tr>\n<tr>\n<td width=\"82\">2001<\/td>\n<td width=\"82\">Dodge<\/td>\n<td width=\"124\">Ram 2500<\/td>\n<td width=\"512\">Base<\/td>\n<td width=\"204\">5.9L<\/td>\n<\/tr>\n<tr>\n<td width=\"82\">2001<\/td>\n<td width=\"82\">Dodge<\/td>\n<td width=\"124\">Ram 3500<\/td>\n<td width=\"512\">Base<\/td>\n<td width=\"204\">5.9L<\/td>\n<\/tr>\n<\/tbody>\n<\/table>\n<p>&nbsp;<\/p>\n<h4>Pro\u010d si vybrat origin\u00e1ln\u00ed n\u00e1hradn\u00ed d\u00edly Mopar?<\/h4>\n<p><strong>Perfektn\u011b padnouc\u00ed a \u0161pi\u010dkov\u00e9 kvality:<\/strong> Origin\u00e1ln\u00ed n\u00e1hradn\u00ed d\u00edly Mopar jsou vyr\u00e1b\u011bny podle p\u0159\u00edsn\u00fdch specifikac\u00ed v\u00fdrobce, co\u017e znamen\u00e1, \u017ee do va\u0161eho vozidla dokonale pasuj\u00ed. T\u00edm je zaji\u0161t\u011bna nejen snadn\u00e1 instalace, ale tak\u00e9 optim\u00e1ln\u00ed funkce a bezpe\u010dnost.<\/p>\n<p><strong>Spolehlivost a trvanlivost:<\/strong> D\u00edky pou\u017eit\u00ed vysoce kvalitn\u00edch materi\u00e1l\u016f a p\u0159\u00edsn\u00e9 kontrole kvality zaji\u0161\u0165uj\u00ed n\u00e1hradn\u00ed d\u00edly Mopar spolehlivou funkci va\u0161eho vozidla i v extr\u00e9mn\u00edch podm\u00ednk\u00e1ch. Jsou navr\u017eeny tak, aby vydr\u017eely a maximalizovaly v\u00fdkon va\u0161eho vozidla.<\/p>\n<p>&nbsp;<\/p>\n<p>&nbsp;<\/p>","protected":false},"excerpt":{"rendered":"<p>Origin\u00e1ln\u00ed d\u00edl Mopar<\/p>","protected":false},"featured_media":68314086,"comment_status":"open","ping_status":"closed","template":"","meta":{"_acf_changed":false},"product_brand":[16270],"product_cat":[10262,2927],"product_tag":[18724,18725,18726,10263,506,507,10268,10264,10265,10266,18723,7200,10267,10287,10289,7201,10278,10272,10276,10290,10283,10277,10281,31,8813,9424,16271,10269,16273,16275,16272,16274,7221,2320,10286,647,10291,10297,10293,10295,10274,10300,10296,10273,10298,10301,10292,10299,10294,10288,10280,10279,10275,10284,10282,86,10270,10271,9759,10285],"class_list":{"0":"post-68314084","1":"product","2":"type-product","3":"status-publish","4":"has-post-thumbnail","6":"product_brand-mopar","7":"product_cat-alle-produkte","8":"product_cat-67-cummins-wartung","9":"product_tag-05016547aa","10":"product_tag-05016547ab","11":"product_tag-05016547ac","12":"product_tag-05083285aa","13":"product_tag-506","14":"product_tag-507","15":"product_tag-5-9","16":"product_tag-5016547aa","17":"product_tag-5016547ab","18":"product_tag-5016547ac","19":"product_tag-5083285aa","20":"product_tag-6-7","21":"product_tag-68086920aa","22":"product_tag-aftermarket-oelfilter","23":"product_tag-beste-oelfilter","24":"product_tag-cummins","25":"product_tag-cummins-ersatzteile","26":"product_tag-cummins-oelfilter","27":"product_tag-diesel-oelfilter","28":"product_tag-guenstige-oelfilter","29":"product_tag-heavy-duty-oelfilter","30":"product_tag-hochleistungsoelfilter","31":"product_tag-langlebiger-oelfilter","32":"product_tag-mopar","33":"product_tag-mopar-autoteile","34":"product_tag-mopar-ersatzteile","35":"product_tag-mopar-ersatzteile-kaufen","36":"product_tag-mopar-oelfilter","37":"product_tag-mopar-performance-teile","38":"product_tag-mopar-teile-katalog","39":"product_tag-mopar-teile-online","40":"product_tag-mopar-tuningteile","41":"product_tag-mopar10","42":"product_tag-motoroelfilter","43":"product_tag-oem-oelfilter","44":"product_tag-oelfilter","45":"product_tag-oelfilter-angebote","46":"product_tag-oelfilter-anleitung","47":"product_tag-oelfilter-bewertungen","48":"product_tag-oelfilter-empfehlungen","49":"product_tag-oelfilter-ersatzteil","50":"product_tag-oelfilter-hersteller","51":"product_tag-oelfilter-installation","52":"product_tag-oelfilter-kaufen","53":"product_tag-oelfilter-kompatibilitaet","54":"product_tag-oelfilter-lieferzeit","55":"product_tag-oelfilter-online-shop","56":"product_tag-oelfilter-spezifikationen","57":"product_tag-oelfilter-testberichte","58":"product_tag-oelfilter-vergleich","59":"product_tag-oelfilter-wartung","60":"product_tag-oelfilter-wechseln","61":"product_tag-original-mopar-filter","62":"product_tag-pickup-oelfilter","63":"product_tag-qualitaetsoelfilter","64":"product_tag-ram","65":"product_tag-ram-2500-oelfilter","66":"product_tag-ram-3500-oelfilter","67":"product_tag-ram-ersatzteile","68":"product_tag-truck-oelfilter","70":"first","71":"instock","72":"taxable","73":"shipping-taxable","74":"purchasable","75":"product-type-simple"},"bundled_by":[],"bundle_stock_status":"instock","bundle_stock_quantity":3,"bundle_virtual":false,"bundle_layout":"","bundle_add_to_cart_form_location":"","bundle_editable_in_cart":false,"bundle_sold_individually_context":"","bundle_item_grouping":"","bundle_min_size":"","bundle_max_size":"","bundle_price":[],"bundled_items":[],"bundle_sell_ids":[],"exclude_global_add_ons":[],"addons":[],"acf":[],"_links":{"self":[{"href":"https:\/\/kraftwerk-shop.cc\/cs\/wp-json\/wp\/v2\/product\/68314084","targetHints":{"allow":["GET"]}}],"collection":[{"href":"https:\/\/kraftwerk-shop.cc\/cs\/wp-json\/wp\/v2\/product"}],"about":[{"href":"https:\/\/kraftwerk-shop.cc\/cs\/wp-json\/wp\/v2\/types\/product"}],"replies":[{"embeddable":true,"href":"https:\/\/kraftwerk-shop.cc\/cs\/wp-json\/wp\/v2\/comments?post=68314084"}],"version-history":[{"count":0,"href":"https:\/\/kraftwerk-shop.cc\/cs\/wp-json\/wp\/v2\/product\/68314084\/revisions"}],"wp:featuredmedia":[{"embeddable":true,"href":"https:\/\/kraftwerk-shop.cc\/cs\/wp-json\/wp\/v2\/media\/68314086"}],"wp:attachment":[{"href":"https:\/\/kraftwerk-shop.cc\/cs\/wp-json\/wp\/v2\/media?parent=68314084"}],"wp:term":[{"taxonomy":"product_brand","embeddable":true,"href":"https:\/\/kraftwerk-shop.cc\/cs\/wp-json\/wp\/v2\/product_brand?post=68314084"},{"taxonomy":"product_cat","embeddable":true,"href":"https:\/\/kraftwerk-shop.cc\/cs\/wp-json\/wp\/v2\/product_cat?post=68314084"},{"taxonomy":"product_tag","embeddable":true,"href":"https:\/\/kraftwerk-shop.cc\/cs\/wp-json\/wp\/v2\/product_tag?post=68314084"}],"curies":[{"name":"wp","href":"https:\/\/api.w.org\/{rel}","templated":true}]}}