{"id":68314145,"date":"2025-01-12T13:54:00","date_gmt":"2025-01-12T12:54:00","guid":{"rendered":"https:\/\/kraftwerk-shop.cc\/?post_type=product&#038;p=68314145"},"modified":"2026-02-15T01:16:52","modified_gmt":"2026-02-15T00:16:52","slug":"snimac-hlavniho-filtru-mopar-68144197ab","status":"publish","type":"product","link":"https:\/\/kraftwerk-shop.cc\/cs\/produkt\/mopar-maf-sensor-68144197ab\/","title":{"rendered":"Sn\u00edma\u010d MAF zna\u010dky Mopar (68144197AB)"},"content":{"rendered":"<h1>P\u016fvodn\u00ed sn\u00edma\u010d MAF Mopar (<span class=\"list-value sku-display\">68144197AB<\/span>) pro Chrysler 200, Dodge Challenger &amp; Charger Hellcat, Jeep Cherokee &amp; Renegade 2.4, RAM 2500 &amp; 3500 6.4<\/h1>\n<p>&nbsp;<\/p>\n<p><span lang=\"DE\"><strong>\u010c\u00edslo d\u00edlu Mopar:<\/strong> <span class=\"list-value sku-display\">68144197AB<\/span><br \/>\n<strong>Nahrazeno: <\/strong><span class=\"list-value\">\u2014<\/span><\/span><\/p>\n<p>&nbsp;<\/p>\n<p><strong>Vhodn\u00e9 pro:<\/strong><\/p>\n<table width=\"1004\">\n<tbody>\n<tr>\n<td width=\"82\"><strong>Rok v\u00fdstavby<\/strong><\/td>\n<td width=\"82\"><strong>Zna\u010dka<\/strong><\/td>\n<td width=\"124\"><strong>Model<\/strong><\/td>\n<td width=\"512\"><strong>Verze<\/strong><\/td>\n<td width=\"204\"><strong>Motor<\/strong><\/td>\n<\/tr>\n<tr>\n<td width=\"82\">2018<\/td>\n<td width=\"82\">Jeep<\/td>\n<td width=\"124\">Cherokee<\/td>\n<td width=\"512\">Latitude, Latitude Plus, Limited, Overland, Trailhawk<\/td>\n<td width=\"204\">2.4L<\/td>\n<\/tr>\n<tr>\n<td width=\"82\">2018<\/td>\n<td width=\"82\">Jeep<\/td>\n<td width=\"124\">Reneg\u00e1t<\/td>\n<td width=\"512\">Altitude, Latitude, Limited, Sport, Trailhawk<\/td>\n<td width=\"204\">2.4L L4 - Flex, 2.4L<\/td>\n<\/tr>\n<tr>\n<td width=\"82\">2018<\/td>\n<td width=\"82\">Ram<\/td>\n<td width=\"124\">2500<\/td>\n<td width=\"512\">Big Horn, Laramie, Laramie Longhorn, Limited, Power Wagon, SLT, Tradesman<\/td>\n<td width=\"204\">6.4L<\/td>\n<\/tr>\n<tr>\n<td width=\"82\">2018<\/td>\n<td width=\"82\">Ram<\/td>\n<td width=\"124\">3500<\/td>\n<td width=\"512\">Big Horn, Laramie, Laramie Longhorn, Limited, SLT, Tradesman<\/td>\n<td width=\"204\">6.4L<\/td>\n<\/tr>\n<tr>\n<td width=\"82\">2017<\/td>\n<td width=\"82\">Chrysler<\/td>\n<td width=\"124\">200<\/td>\n<td width=\"512\">C, LX, Limited, S<\/td>\n<td width=\"204\">2.4L<\/td>\n<\/tr>\n<tr>\n<td width=\"82\">2017<\/td>\n<td width=\"82\">Dodge<\/td>\n<td width=\"124\">Challenger<\/td>\n<td width=\"512\">SRT Hellcat<\/td>\n<td width=\"204\">6.2L<\/td>\n<\/tr>\n<tr>\n<td width=\"82\">2017<\/td>\n<td width=\"82\">Dodge<\/td>\n<td width=\"124\">Charger<\/td>\n<td width=\"512\">SRT Hellcat<\/td>\n<td width=\"204\">6.2L<\/td>\n<\/tr>\n<tr>\n<td width=\"82\">2017<\/td>\n<td width=\"82\">Jeep<\/td>\n<td width=\"124\">Cherokee<\/td>\n<td width=\"512\">Latitude, Limited, Overland, Sport, Trailhawk<\/td>\n<td width=\"204\">2.4L<\/td>\n<\/tr>\n<tr>\n<td width=\"82\">2017<\/td>\n<td width=\"82\">Jeep<\/td>\n<td width=\"124\">Reneg\u00e1t<\/td>\n<td width=\"512\">Latitude, Limited, Sport, Trailhawk<\/td>\n<td width=\"204\">2.4L L4 - Flex, 2.4L<\/td>\n<\/tr>\n<tr>\n<td width=\"82\">2017<\/td>\n<td width=\"82\">Ram<\/td>\n<td width=\"124\">2500<\/td>\n<td width=\"512\">Big Horn, Laramie, Laramie Longhorn, Limited, Power Wagon, SLT, Tradesman<\/td>\n<td width=\"204\">6.4L<\/td>\n<\/tr>\n<tr>\n<td width=\"82\">2017<\/td>\n<td width=\"82\">Ram<\/td>\n<td width=\"124\">3500<\/td>\n<td width=\"512\">Big Horn, Laramie, Laramie Longhorn, Limited, Lone Star, SLT, Tradesman<\/td>\n<td width=\"204\">6.4L<\/td>\n<\/tr>\n<tr>\n<td width=\"82\">2016<\/td>\n<td width=\"82\">Dodge<\/td>\n<td width=\"124\">Challenger<\/td>\n<td width=\"512\">SRT Hellcat<\/td>\n<td width=\"204\">6.2L<\/td>\n<\/tr>\n<tr>\n<td width=\"82\">2016<\/td>\n<td width=\"82\">Dodge<\/td>\n<td width=\"124\">Charger<\/td>\n<td width=\"512\">SRT Hellcat<\/td>\n<td width=\"204\">6.2L<\/td>\n<\/tr>\n<tr>\n<td width=\"82\">2016<\/td>\n<td width=\"82\">Jeep<\/td>\n<td width=\"124\">Reneg\u00e1t<\/td>\n<td width=\"512\">75. v\u00fdro\u010d\u00ed, Dawn Of Justice, Latitude, Limited, Sport, Trailhawk<\/td>\n<td width=\"204\">2.4L L4 - Flex, 2.4L<\/td>\n<\/tr>\n<\/tbody>\n<\/table>\n<p>&nbsp;<\/p>\n<h4>Pro\u010d si vybrat origin\u00e1ln\u00ed n\u00e1hradn\u00ed d\u00edly Mopar?<\/h4>\n<p><strong>Perfektn\u011b padnouc\u00ed a \u0161pi\u010dkov\u00e9 kvality:<\/strong> Origin\u00e1ln\u00ed n\u00e1hradn\u00ed d\u00edly Mopar jsou vyr\u00e1b\u011bny podle p\u0159\u00edsn\u00fdch specifikac\u00ed v\u00fdrobce, co\u017e znamen\u00e1, \u017ee do va\u0161eho vozidla dokonale pasuj\u00ed. T\u00edm je zaji\u0161t\u011bna nejen snadn\u00e1 instalace, ale tak\u00e9 optim\u00e1ln\u00ed funkce a bezpe\u010dnost.<\/p>\n<p><strong>Spolehlivost a trvanlivost:<\/strong> D\u00edky pou\u017eit\u00ed vysoce kvalitn\u00edch materi\u00e1l\u016f a p\u0159\u00edsn\u00e9 kontrole kvality zaji\u0161\u0165uj\u00ed n\u00e1hradn\u00ed d\u00edly Mopar spolehlivou funkci va\u0161eho vozidla i v extr\u00e9mn\u00edch podm\u00ednk\u00e1ch. Jsou navr\u017eeny tak, aby vydr\u017eely a maximalizovaly v\u00fdkon va\u0161eho vozidla.<\/p>\n<p>&nbsp;<\/p>\n<p>&nbsp;<\/p>","protected":false},"excerpt":{"rendered":"<p>Origin\u00e1ln\u00ed d\u00edl Mopar<\/p>","protected":false},"featured_media":68314148,"comment_status":"open","ping_status":"closed","template":"","meta":{"_acf_changed":false},"product_brand":[16270],"product_cat":[10262,7300,7327,7456],"product_tag":[1105,10343,4420,506,507,101,10344,93,10345,10338,10347,54,53,676,48,49,3853,692,100,50,10341,10342,10346,10339,10340,10356,10358,10350,10353,10361,10348,10360,10351,10352,10362,10355,10359,10354,10363,10357,31,8813,9424,16271,10349,16273,16275,16272,16274,7221,1091,2425,86,6333,7666,7474,713],"class_list":{"0":"post-68314145","1":"product","2":"type-product","3":"status-publish","4":"has-post-thumbnail","6":"product_brand-mopar","7":"product_cat-alle-produkte","8":"product_cat-challenger-hellcat-sensoren","9":"product_cat-charger-hellcat-sensoren","10":"product_cat-2500-3500-64-sensoren","11":"product_tag-2-4","12":"product_tag-2-4l-motor","13":"product_tag-4420","14":"product_tag-506","15":"product_tag-507","16":"product_tag-6-2","17":"product_tag-6-2l-motor","18":"product_tag-6-4","19":"product_tag-6-4l-motor","20":"product_tag-68144197ab","21":"product_tag-ansaugluftsensor","22":"product_tag-challenger","23":"product_tag-charger","24":"product_tag-cherokee","25":"product_tag-chrysler","26":"product_tag-dodge","27":"product_tag-dodge-challenger","28":"product_tag-ersatzteil","29":"product_tag-hellcat","30":"product_tag-jeep","31":"product_tag-luftmassenmesser","32":"product_tag-luftmengenmesser","33":"product_tag-luftsensor","34":"product_tag-maf","35":"product_tag-maf-sensor","36":"product_tag-maf-sensor-defekt","37":"product_tag-maf-sensor-diagnose","38":"product_tag-maf-sensor-ersatz","39":"product_tag-maf-sensor-funktion","40":"product_tag-maf-sensor-installation","41":"product_tag-maf-sensor-kaufen","42":"product_tag-maf-sensor-kompatibilitaet","43":"product_tag-maf-sensor-original","44":"product_tag-maf-sensor-preis","45":"product_tag-maf-sensor-probleme","46":"product_tag-maf-sensor-reinigung","47":"product_tag-maf-sensor-reparatur","48":"product_tag-maf-sensor-symptome","49":"product_tag-maf-sensor-wartung","50":"product_tag-maf-sensor-wechseln","51":"product_tag-mopar","52":"product_tag-mopar-autoteile","53":"product_tag-mopar-ersatzteile","54":"product_tag-mopar-ersatzteile-kaufen","55":"product_tag-mopar-maf-sensor","56":"product_tag-mopar-performance-teile","57":"product_tag-mopar-teile-katalog","58":"product_tag-mopar-teile-online","59":"product_tag-mopar-tuningteile","60":"product_tag-mopar10","61":"product_tag-oem","62":"product_tag-originalteil","63":"product_tag-ram","64":"product_tag-ram-2500","65":"product_tag-ram-3500","66":"product_tag-renegade","67":"product_tag-sensor","69":"first","70":"instock","71":"taxable","72":"shipping-taxable","73":"purchasable","74":"product-type-simple"},"bundled_by":[],"bundle_stock_status":"instock","bundle_stock_quantity":1,"bundle_virtual":false,"bundle_layout":"","bundle_add_to_cart_form_location":"","bundle_editable_in_cart":false,"bundle_sold_individually_context":"","bundle_item_grouping":"","bundle_min_size":"","bundle_max_size":"","bundle_price":[],"bundled_items":[],"bundle_sell_ids":[],"exclude_global_add_ons":[],"addons":[],"acf":[],"_links":{"self":[{"href":"https:\/\/kraftwerk-shop.cc\/cs\/wp-json\/wp\/v2\/product\/68314145","targetHints":{"allow":["GET"]}}],"collection":[{"href":"https:\/\/kraftwerk-shop.cc\/cs\/wp-json\/wp\/v2\/product"}],"about":[{"href":"https:\/\/kraftwerk-shop.cc\/cs\/wp-json\/wp\/v2\/types\/product"}],"replies":[{"embeddable":true,"href":"https:\/\/kraftwerk-shop.cc\/cs\/wp-json\/wp\/v2\/comments?post=68314145"}],"version-history":[{"count":0,"href":"https:\/\/kraftwerk-shop.cc\/cs\/wp-json\/wp\/v2\/product\/68314145\/revisions"}],"wp:featuredmedia":[{"embeddable":true,"href":"https:\/\/kraftwerk-shop.cc\/cs\/wp-json\/wp\/v2\/media\/68314148"}],"wp:attachment":[{"href":"https:\/\/kraftwerk-shop.cc\/cs\/wp-json\/wp\/v2\/media?parent=68314145"}],"wp:term":[{"taxonomy":"product_brand","embeddable":true,"href":"https:\/\/kraftwerk-shop.cc\/cs\/wp-json\/wp\/v2\/product_brand?post=68314145"},{"taxonomy":"product_cat","embeddable":true,"href":"https:\/\/kraftwerk-shop.cc\/cs\/wp-json\/wp\/v2\/product_cat?post=68314145"},{"taxonomy":"product_tag","embeddable":true,"href":"https:\/\/kraftwerk-shop.cc\/cs\/wp-json\/wp\/v2\/product_tag?post=68314145"}],"curies":[{"name":"wp","href":"https:\/\/api.w.org\/{rel}","templated":true}]}}