{"id":68314283,"date":"2025-01-19T15:27:26","date_gmt":"2025-01-19T14:27:26","guid":{"rendered":"https:\/\/kraftwerk-shop.cc\/?post_type=product&#038;p=68314283"},"modified":"2026-02-15T01:16:59","modified_gmt":"2026-02-15T00:16:59","slug":"startovaci-tlacitko-mopar-cervene-68299961ac","status":"publish","type":"product","link":"https:\/\/kraftwerk-shop.cc\/cs\/produkt\/mopar-startknopf-rot-68299961ac\/","title":{"rendered":"\u010cerven\u00e9 startovac\u00ed tla\u010d\u00edtko Mopar (68299961AC)"},"content":{"rendered":"<h1>Origin\u00e1ln\u00ed startovac\u00ed tla\u010d\u00edtko Mopar v \u010derven\u00e9 barv\u011b (68299961AC) pro Chrysler 300C, Dodge Challenger, Charger a Viper<\/h1>\n<p>&nbsp;<\/p>\n<p><span lang=\"DE\"><strong>\u010c\u00edslo d\u00edlu Mopar:<\/strong> 68299961AC<br \/>\n<strong>Nahrazeno:\u00a0<\/strong><span class=\"list-value\">68234376AA, 68234376AB, 68234376AC, 68299961AA, 68299961AB<\/span><\/span><\/p>\n<p>&nbsp;<\/p>\n<p><strong>Vhodn\u00e9 pro:<\/strong><\/p>\n<table width=\"1004\">\n<tbody>\n<tr>\n<td width=\"82\"><strong>Rok v\u00fdstavby<\/strong><\/td>\n<td width=\"82\"><strong>Zna\u010dka<\/strong><\/td>\n<td width=\"124\"><strong>Model<\/strong><\/td>\n<td width=\"512\"><strong>Verze<\/strong><\/td>\n<td width=\"204\"><strong>Motor<\/strong><\/td>\n<\/tr>\n<tr>\n<td width=\"82\">2023<\/td>\n<td width=\"82\">Chrysler<\/td>\n<td width=\"124\">300<\/td>\n<td width=\"512\">C, S, Touring, Touring L<\/td>\n<td width=\"204\">3.6L V6 - Flex, 3.6L, 5.7L, 6.4L<\/td>\n<\/tr>\n<tr>\n<td width=\"82\">2023<\/td>\n<td width=\"82\">Dodge<\/td>\n<td width=\"124\">Challenger<\/td>\n<td width=\"512\">GT, R\/T, R\/T Scat Pack, R\/T Scat Pack Widebody, SRT Hellcat Jailbreak, SRT Hellcat Redeye Jailbreak, SRT Hellcat Redeye Widebody Jailbreak, SRT Hellcat Widebody Jailbreak, SRT Super Stock, SXT<\/td>\n<td width=\"204\">3.6L, 5.7L, 6.2L, 6.4L<\/td>\n<\/tr>\n<tr>\n<td width=\"82\">2023<\/td>\n<td width=\"82\">Dodge<\/td>\n<td width=\"124\">Charger<\/td>\n<td width=\"512\">GT, Pursuit, R\/T, SRT Hellcat Redeye Widebody, SRT Hellcat Widebody, SRT Hellcat Widebody Jailbreak, SXT, Scat Pack, Scat Pack Widebody<\/td>\n<td width=\"204\">3.6L V6 - Flex, 3.6L, 5.7L, 6.2L, 6.4L<\/td>\n<\/tr>\n<tr>\n<td width=\"82\">2022<\/td>\n<td width=\"82\">Chrysler<\/td>\n<td width=\"124\">300<\/td>\n<td width=\"512\">S, Touring, Touring L<\/td>\n<td width=\"204\">3.6L V6 - Flex, 3.6L, 5.7L<\/td>\n<\/tr>\n<tr>\n<td width=\"82\">2022<\/td>\n<td width=\"82\">Dodge<\/td>\n<td width=\"124\">Challenger<\/td>\n<td width=\"512\">GT, R\/T, R\/T Scat Pack, R\/T Scat Pack Widebody, SRT Hellcat, SRT Hellcat Redeye, SRT Hellcat Redeye Widebody, SRT Hellcat Widebody, SRT Jailbreak, SRT Super Stock, SXT<\/td>\n<td width=\"204\">3.6L, 5.7L, 6.2L, 6.4L<\/td>\n<\/tr>\n<tr>\n<td width=\"82\">2022<\/td>\n<td width=\"82\">Dodge<\/td>\n<td width=\"124\">Charger<\/td>\n<td width=\"512\">GT, R\/T, SRT Hellcat Redeye Widebody, SRT Hellcat Widebody, SRT Jailbreak, SXT, Scat Pack, Scat Pack Widebody<\/td>\n<td width=\"204\">3.6L V6 - Flex, 3.6L, 5.7L, 6.2L, 6.4L<\/td>\n<\/tr>\n<tr>\n<td width=\"82\">2021<\/td>\n<td width=\"82\">Chrysler<\/td>\n<td width=\"124\">300<\/td>\n<td width=\"512\">S, Touring, Touring L<\/td>\n<td width=\"204\">3.6L V6 - Flex, 3.6L, 5.7L<\/td>\n<\/tr>\n<tr>\n<td width=\"82\">2021<\/td>\n<td width=\"82\">Dodge<\/td>\n<td width=\"124\">Challenger<\/td>\n<td width=\"512\">GT, R\/T, R\/T Scat Pack, R\/T Scat Pack Widebody, SRT Hellcat, SRT Hellcat Redeye, SRT Hellcat Redeye Widebody, SRT Hellcat Widebody, SRT Super Stock, SXT<\/td>\n<td width=\"204\">3.6L, 5.7L, 6.2L, 6.4L<\/td>\n<\/tr>\n<tr>\n<td width=\"82\">2021<\/td>\n<td width=\"82\">Dodge<\/td>\n<td width=\"124\">Charger<\/td>\n<td width=\"512\">GT, R\/T, SRT Hellcat Redeye Widebody, SRT Hellcat Widebody, SXT, Scat Pack<\/td>\n<td width=\"204\">3.6L V6 - Flex, 3.6L, 5.7L, 6.2L, 6.4L<\/td>\n<\/tr>\n<tr>\n<td width=\"82\">2020<\/td>\n<td width=\"82\">Chrysler<\/td>\n<td width=\"124\">300<\/td>\n<td width=\"512\">C, Limited, S, Touring, Touring L<\/td>\n<td width=\"204\">3.6L V6 - Flex, 3.6L, 5.7L<\/td>\n<\/tr>\n<tr>\n<td width=\"82\">2020<\/td>\n<td width=\"82\">Dodge<\/td>\n<td width=\"124\">Challenger<\/td>\n<td width=\"512\">GT, R\/T, R\/T Scat Pack, R\/T Scat Pack Widebody, SRT Hellcat, SRT Hellcat Redeye, SRT Hellcat Redeye Widebody, SRT Hellcat Widebody, SXT<\/td>\n<td width=\"204\">3.6L, 5.7L, 6.2L, 6.4L<\/td>\n<\/tr>\n<tr>\n<td width=\"82\">2020<\/td>\n<td width=\"82\">Dodge<\/td>\n<td width=\"124\">Charger<\/td>\n<td width=\"512\">GT, Pursuit, R\/T, SRT Hellcat Widebody, SXT, Scat Pack<\/td>\n<td width=\"204\">3.6L V6 - Flex, 3.6L, 5.7L, 6.2L, 6.4L<\/td>\n<\/tr>\n<tr>\n<td width=\"82\">2019<\/td>\n<td width=\"82\">Chrysler<\/td>\n<td width=\"124\">300<\/td>\n<td width=\"512\">C, Limited, S, Touring, Touring L<\/td>\n<td width=\"204\">3.6L V6 - Flex, 3.6L, 5.7L<\/td>\n<\/tr>\n<tr>\n<td width=\"82\">2019<\/td>\n<td width=\"82\">Dodge<\/td>\n<td width=\"124\">Challenger<\/td>\n<td width=\"512\">GT, R\/T, R\/T Scat Pack, R\/T Scat Pack Widebody, SRT Hellcat, SRT Hellcat Redeye, SRT Hellcat Redeye Widebody, SRT Hellcat Widebody, SXT<\/td>\n<td width=\"204\">3.6L, 5.7L, 6.2L, 6.4L<\/td>\n<\/tr>\n<tr>\n<td width=\"82\">2019<\/td>\n<td width=\"82\">Dodge<\/td>\n<td width=\"124\">Charger<\/td>\n<td width=\"512\">GT, Pursuit, R\/T, SRT Hellcat, SXT, Scat Pack<\/td>\n<td width=\"204\">3.6L V6 - Flex, 3.6L, 5.7L, 6.2L, 6.4L<\/td>\n<\/tr>\n<tr>\n<td width=\"82\">2018<\/td>\n<td width=\"82\">Chrysler<\/td>\n<td width=\"124\">300<\/td>\n<td width=\"512\">C, Limited, S, Touring, Touring L<\/td>\n<td width=\"204\">3.6L V6 - Flex, 3.6L, 5.7L<\/td>\n<\/tr>\n<tr>\n<td width=\"82\">2018<\/td>\n<td width=\"82\">Dodge<\/td>\n<td width=\"124\">Challenger<\/td>\n<td width=\"512\">GT, R\/T, R\/T Scat Pack, SRT 392, SRT Demon, SRT Hellcat, SRT Hellcat Widebody, SXT, SXT Plus, T\/A, T\/A 392<\/td>\n<td width=\"204\">3.6L, 5.7L, 6.2L, 6.4L<\/td>\n<\/tr>\n<tr>\n<td width=\"82\">2018<\/td>\n<td width=\"82\">Dodge<\/td>\n<td width=\"124\">Charger<\/td>\n<td width=\"512\">GT, GT Plus, Pursuit, R\/T, R\/T Scat Pack, SRT 392, SRT Hellcat, SXT, SXT Plus, SXT Plus Leather<\/td>\n<td width=\"204\">3.6L V6 - Flex, 3.6L, 5.7L, 6.2L, 6.4L<\/td>\n<\/tr>\n<tr>\n<td width=\"82\">2017<\/td>\n<td width=\"82\">Chrysler<\/td>\n<td width=\"124\">300<\/td>\n<td width=\"512\">C, C Platinum, Limited, S<\/td>\n<td width=\"204\">3.6L V6 - Flex, 3.6L, 5.7L<\/td>\n<\/tr>\n<tr>\n<td width=\"82\">2017<\/td>\n<td width=\"82\">Dodge<\/td>\n<td width=\"124\">Challenger<\/td>\n<td width=\"512\">GT, R\/T, R\/T Scat Pack, SRT 392, SRT Hellcat, SXT, SXT Plus, T\/A, T\/A 392<\/td>\n<td width=\"204\">3.6L, 5.7L, 6.2L, 6.4L<\/td>\n<\/tr>\n<tr>\n<td width=\"82\">2017<\/td>\n<td width=\"82\">Dodge<\/td>\n<td width=\"124\">Charger<\/td>\n<td width=\"512\">Pursuit, R\/T, R\/T Scat Pack, SE, SRT 392, SRT Hellcat, SXT<\/td>\n<td width=\"204\">3.6L V6 - Flex, 5.7L, 6.2L, 6.4L<\/td>\n<\/tr>\n<tr>\n<td width=\"82\">2017<\/td>\n<td width=\"82\">Dodge<\/td>\n<td width=\"124\">Viper<\/td>\n<td width=\"512\">ACR, GTS, SRT<\/td>\n<td width=\"204\">8.4L V10 - plyn<\/td>\n<\/tr>\n<tr>\n<td width=\"82\">2016<\/td>\n<td width=\"82\">Chrysler<\/td>\n<td width=\"124\">300<\/td>\n<td width=\"512\">C, C Platinum, Limited, S<\/td>\n<td width=\"204\">3.6L V6 - Flex, 3.6L, 5.7L<\/td>\n<\/tr>\n<tr>\n<td width=\"82\">2016<\/td>\n<td width=\"82\">Dodge<\/td>\n<td width=\"124\">Challenger<\/td>\n<td width=\"512\">392 Hemi Scat Pack Shaker, R\/T, R\/T Plus, R\/T Plus Shaker, R\/T Scat Pack, R\/T Shaker, SRT 392, SRT Hellcat, SXT, SXT Plus<\/td>\n<td width=\"204\">3.6L, 5.7L, 6.2L, 6.4L<\/td>\n<\/tr>\n<tr>\n<td width=\"82\">2016<\/td>\n<td width=\"82\">Dodge<\/td>\n<td width=\"124\">Charger<\/td>\n<td width=\"512\">Pursuit, R\/T, R\/T Road &amp; Track, R\/T Scat Pack, SE, SRT 392, SRT Hellcat, SXT<\/td>\n<td width=\"204\">3.6L V6 - Flex, 5.7L, 6.2L, 6.4L<\/td>\n<\/tr>\n<tr>\n<td width=\"82\">2016<\/td>\n<td width=\"82\">Dodge<\/td>\n<td width=\"124\">Viper<\/td>\n<td width=\"512\">ACR, GTC, GTS, SRT<\/td>\n<td width=\"204\">8.4L V10 - plyn<\/td>\n<\/tr>\n<tr>\n<td width=\"82\">2015<\/td>\n<td width=\"82\">Chrysler<\/td>\n<td width=\"124\">300<\/td>\n<td width=\"512\">C, C Platinum, Limited, S<\/td>\n<td width=\"204\">3.6L V6 - Flex, 3.6L, 5.7L<\/td>\n<\/tr>\n<tr>\n<td width=\"82\">2015<\/td>\n<td width=\"82\">Dodge<\/td>\n<td width=\"124\">Challenger<\/td>\n<td width=\"512\">R\/T, R\/T Plus, SRT 392, SRT Hellcat, SXT, SXT Plus, Scat Pack<\/td>\n<td width=\"204\">3.6L, 5.7L, 6.2L, 6.4L<\/td>\n<\/tr>\n<tr>\n<td width=\"82\">2015<\/td>\n<td width=\"82\">Dodge<\/td>\n<td width=\"124\">Charger<\/td>\n<td width=\"512\">Pursuit, R\/T, R\/T Road &amp; Track, R\/T Scat Pack, SE, SRT 392, SRT Hellcat, SXT<\/td>\n<td width=\"204\">3.6L V6 - Flex, 5.7L, 6.2L, 6.4L<\/td>\n<\/tr>\n<tr>\n<td width=\"82\">2015<\/td>\n<td width=\"82\">Dodge<\/td>\n<td width=\"124\">Viper<\/td>\n<td width=\"512\">Z\u00e1kladn\u00ed verze, GT, GTS<\/td>\n<td width=\"204\">8.4L V10 - plyn<\/td>\n<\/tr>\n<\/tbody>\n<\/table>\n<p>&nbsp;<\/p>\n<h4>Pro\u010d si vybrat origin\u00e1ln\u00ed n\u00e1hradn\u00ed d\u00edly Mopar?<\/h4>\n<p><strong>Perfektn\u011b padnouc\u00ed a \u0161pi\u010dkov\u00e9 kvality:<\/strong> Origin\u00e1ln\u00ed n\u00e1hradn\u00ed d\u00edly Mopar jsou vyr\u00e1b\u011bny podle p\u0159\u00edsn\u00fdch specifikac\u00ed v\u00fdrobce, co\u017e znamen\u00e1, \u017ee do va\u0161eho vozidla dokonale pasuj\u00ed. T\u00edm je zaji\u0161t\u011bna nejen snadn\u00e1 instalace, ale tak\u00e9 optim\u00e1ln\u00ed funkce a bezpe\u010dnost.<\/p>\n<p><strong>Spolehlivost a trvanlivost:<\/strong> D\u00edky pou\u017eit\u00ed vysoce kvalitn\u00edch materi\u00e1l\u016f a p\u0159\u00edsn\u00e9 kontrole kvality zaji\u0161\u0165uj\u00ed n\u00e1hradn\u00ed d\u00edly Mopar spolehlivou funkci va\u0161eho vozidla i v extr\u00e9mn\u00edch podm\u00ednk\u00e1ch. Jsou navr\u017eeny tak, aby vydr\u017eely a maximalizovaly v\u00fdkon va\u0161eho vozidla.<\/p>\n<p>&nbsp;<\/p>\n<p>&nbsp;<\/p>","protected":false},"excerpt":{"rendered":"<p>Origin\u00e1ln\u00ed d\u00edl Mopar<\/p>\n<p>2015\u20132023<\/p>","protected":false},"featured_media":68314286,"comment_status":"open","ping_status":"closed","template":"","meta":{"_acf_changed":false},"product_brand":[16270],"product_cat":[10262,7255,7265,7276,7285,7289,7301,7297,7311,7319,7329,7333,8053],"product_tag":[52,10468,10469,10470,10471,10472,10473,54,53,48,49,3853,31,10517,8813,9473,9424,16271,16273,10485,10500,10514,10502,10506,10496,10508,10494,10492,10498,10516,10512,10510,10488,10504,16275,16272,16274,8651,7221,4070,10475,10476,10474,10518,10499,10513,10501,10505,10489,10495,10507,10491,10490,10497,10515,10511,10509,10493,10484,10503,559],"class_list":{"0":"post-68314283","1":"product","2":"type-product","3":"status-publish","4":"has-post-thumbnail","6":"product_brand-mopar","7":"product_cat-alle-produkte","8":"product_cat-300c-36-elektrik-sonstiges","9":"product_cat-300c-57-2011-2023-elektrik-sonstiges","10":"product_cat-300c-64-elektrik-sonstiges","11":"product_cat-challenger-36-elektrik-sonstiges","12":"product_cat-challenger-57-elektrik-sonstiges","13":"product_cat-challenger-hellcat-elektrik-sonstiges","14":"product_cat-challenger-64-elektrik-sonstiges","15":"product_cat-charger-36-elektrik-sonstiges","16":"product_cat-charger-57-2011-2023-elektrik-sonstiges","17":"product_cat-charger-hellcat-elektrik-sonstiges","18":"product_cat-64-elektrik-sonstiges","19":"product_cat-viper-84-elektrik","20":"product_tag-300c","21":"product_tag-68234376aa","22":"product_tag-68234376ab","23":"product_tag-68234376ac","24":"product_tag-68299961aa","25":"product_tag-68299961ab","26":"product_tag-68299961ac","27":"product_tag-challenger","28":"product_tag-charger","29":"product_tag-chrysler","30":"product_tag-dodge","31":"product_tag-dodge-challenger","32":"product_tag-mopar","33":"product_tag-mopar-68299961ac","34":"product_tag-mopar-autoteile","35":"product_tag-mopar-ersatzteil","36":"product_tag-mopar-ersatzteile","37":"product_tag-mopar-ersatzteile-kaufen","38":"product_tag-mopar-performance-teile","39":"product_tag-mopar-startknopf","40":"product_tag-mopar-startknopf-anleitung","41":"product_tag-mopar-startknopf-bestellen","42":"product_tag-mopar-startknopf-bewertung","43":"product_tag-mopar-startknopf-erfahrungen","44":"product_tag-mopar-startknopf-funktion","45":"product_tag-mopar-startknopf-haendler","46":"product_tag-mopar-startknopf-installation","47":"product_tag-mopar-startknopf-kaufen","48":"product_tag-mopar-startknopf-kompatibilitaet","49":"product_tag-mopar-startknopf-lieferzeit","50":"product_tag-mopar-startknopf-oem","51":"product_tag-mopar-startknopf-original","52":"product_tag-mopar-startknopf-rot","53":"product_tag-mopar-startknopf-test","54":"product_tag-mopar-teile-katalog","55":"product_tag-mopar-teile-online","56":"product_tag-mopar-tuningteile","57":"product_tag-mopar-zubehoer","58":"product_tag-mopar10","59":"product_tag-rot","60":"product_tag-start-button","61":"product_tag-starterknopf","62":"product_tag-startknopf","63":"product_tag-startknopf-68299961ac","64":"product_tag-startknopf-anleitung","65":"product_tag-startknopf-bestellen","66":"product_tag-startknopf-bewertung","67":"product_tag-startknopf-erfahrungen","68":"product_tag-startknopf-ersatzteil","69":"product_tag-startknopf-funktion","70":"product_tag-startknopf-haendler","71":"product_tag-startknopf-installation","72":"product_tag-startknopf-kaufen","73":"product_tag-startknopf-kompatibilitaet","74":"product_tag-startknopf-lieferzeit","75":"product_tag-startknopf-oem","76":"product_tag-startknopf-original","77":"product_tag-startknopf-preis","78":"product_tag-startknopf-rot","79":"product_tag-startknopf-test","80":"product_tag-viper","82":"first","83":"instock","84":"taxable","85":"shipping-taxable","86":"purchasable","87":"product-type-simple"},"bundled_by":[],"bundle_stock_status":"instock","bundle_stock_quantity":2,"bundle_virtual":false,"bundle_layout":"","bundle_add_to_cart_form_location":"","bundle_editable_in_cart":false,"bundle_sold_individually_context":"","bundle_item_grouping":"","bundle_min_size":"","bundle_max_size":"","bundle_price":[],"bundled_items":[],"bundle_sell_ids":[],"exclude_global_add_ons":[],"addons":[],"acf":[],"_links":{"self":[{"href":"https:\/\/kraftwerk-shop.cc\/cs\/wp-json\/wp\/v2\/product\/68314283","targetHints":{"allow":["GET"]}}],"collection":[{"href":"https:\/\/kraftwerk-shop.cc\/cs\/wp-json\/wp\/v2\/product"}],"about":[{"href":"https:\/\/kraftwerk-shop.cc\/cs\/wp-json\/wp\/v2\/types\/product"}],"replies":[{"embeddable":true,"href":"https:\/\/kraftwerk-shop.cc\/cs\/wp-json\/wp\/v2\/comments?post=68314283"}],"version-history":[{"count":0,"href":"https:\/\/kraftwerk-shop.cc\/cs\/wp-json\/wp\/v2\/product\/68314283\/revisions"}],"wp:featuredmedia":[{"embeddable":true,"href":"https:\/\/kraftwerk-shop.cc\/cs\/wp-json\/wp\/v2\/media\/68314286"}],"wp:attachment":[{"href":"https:\/\/kraftwerk-shop.cc\/cs\/wp-json\/wp\/v2\/media?parent=68314283"}],"wp:term":[{"taxonomy":"product_brand","embeddable":true,"href":"https:\/\/kraftwerk-shop.cc\/cs\/wp-json\/wp\/v2\/product_brand?post=68314283"},{"taxonomy":"product_cat","embeddable":true,"href":"https:\/\/kraftwerk-shop.cc\/cs\/wp-json\/wp\/v2\/product_cat?post=68314283"},{"taxonomy":"product_tag","embeddable":true,"href":"https:\/\/kraftwerk-shop.cc\/cs\/wp-json\/wp\/v2\/product_tag?post=68314283"}],"curies":[{"name":"wp","href":"https:\/\/api.w.org\/{rel}","templated":true}]}}