{"id":68314301,"date":"2025-01-19T15:35:49","date_gmt":"2025-01-19T14:35:49","guid":{"rendered":"https:\/\/kraftwerk-shop.cc\/?post_type=product&#038;p=68314301"},"modified":"2026-03-30T00:22:28","modified_gmt":"2026-03-29T22:22:28","slug":"startovaci-tlacitko-mopar-cervene-68453905aa","status":"publish","type":"product","link":"https:\/\/kraftwerk-shop.cc\/cs\/produkt\/mopar-startknopf-rot-68453905aa\/","title":{"rendered":"\u010cerven\u00e9 startovac\u00ed tla\u010d\u00edtko Mopar (68453905AA)"},"content":{"rendered":"<h1>Origin\u00e1ln\u00ed startovac\u00ed tla\u010d\u00edtko Mopar v \u010derven\u00e9 barv\u011b (68453905AA) pro RAM 1500 DT od roku 2019<\/h1>\n<p>&nbsp;<\/p>\n<p>Sp\u00edna\u010d zapalov\u00e1n\u00ed Mopar s \u010d\u00edslem d\u00edlu 68453905AA je origin\u00e1ln\u00ed n\u00e1hradn\u00ed d\u00edl pro Ram 1500 TRX z modelov\u00fdch let 2021 a\u017e 2024.<br \/>\nKrom\u011b toho lze tento modul instalovat jako upgrade i do jin\u00fdch model\u016f Ram ze stejn\u00fdch modelov\u00fdch let a vylep\u0161it tak vzhled.<br \/>\nSnadno tak dod\u00e1te sv\u00e9mu vozidlu sportovn\u011bj\u0161\u00ed n\u00e1dech.<\/p>\n<p>&nbsp;<\/p>\n<p><span lang=\"DE\"><strong>\u010c\u00edslo d\u00edlu Mopar:<\/strong> 68453905AA<br \/>\n<strong>Nahrazeno: <\/strong><span class=\"list-value\">\u2014<\/span><\/span><\/p>\n<p>&nbsp;<\/p>\n<p><strong>Vhodn\u00e9 pro:<\/strong><\/p>\n<table width=\"308\">\n<tbody>\n<tr>\n<td width=\"83\"><strong>Rok v\u00fdstavby<\/strong><\/td>\n<td width=\"83\"><strong>Zna\u010dka<\/strong><\/td>\n<td width=\"142\"><strong>Model<\/strong><\/td>\n<\/tr>\n<tr>\n<td width=\"83\">2024<\/td>\n<td width=\"83\">Ram<\/td>\n<td width=\"142\">1500 DT<\/td>\n<\/tr>\n<tr>\n<td width=\"83\">2023<\/td>\n<td width=\"83\">Ram<\/td>\n<td width=\"142\">1500 DT<\/td>\n<\/tr>\n<tr>\n<td width=\"83\">2022<\/td>\n<td width=\"83\">Ram<\/td>\n<td width=\"142\">1500 DT<\/td>\n<\/tr>\n<tr>\n<td width=\"83\">2021<\/td>\n<td width=\"83\">Ram<\/td>\n<td width=\"142\">1500 DT<\/td>\n<\/tr>\n<tr>\n<td width=\"83\">2020<\/td>\n<td width=\"83\">Ram<\/td>\n<td width=\"142\">1500 DT<\/td>\n<\/tr>\n<\/tbody>\n<\/table>\n<p>&nbsp;<\/p>\n<h4>Pro\u010d si vybrat origin\u00e1ln\u00ed n\u00e1hradn\u00ed d\u00edly Mopar?<\/h4>\n<p><strong>Perfektn\u011b padnouc\u00ed a \u0161pi\u010dkov\u00e9 kvality:<\/strong> Origin\u00e1ln\u00ed n\u00e1hradn\u00ed d\u00edly Mopar jsou vyr\u00e1b\u011bny podle p\u0159\u00edsn\u00fdch specifikac\u00ed v\u00fdrobce, co\u017e znamen\u00e1, \u017ee do va\u0161eho vozidla dokonale pasuj\u00ed. T\u00edm je zaji\u0161t\u011bna nejen snadn\u00e1 instalace, ale tak\u00e9 optim\u00e1ln\u00ed funkce a bezpe\u010dnost.<\/p>\n<p><strong>Spolehlivost a trvanlivost:<\/strong> D\u00edky pou\u017eit\u00ed vysoce kvalitn\u00edch materi\u00e1l\u016f a p\u0159\u00edsn\u00e9 kontrole kvality zaji\u0161\u0165uj\u00ed n\u00e1hradn\u00ed d\u00edly Mopar spolehlivou funkci va\u0161eho vozidla i v extr\u00e9mn\u00edch podm\u00ednk\u00e1ch. Jsou navr\u017eeny tak, aby vydr\u017eely a maximalizovaly v\u00fdkon va\u0161eho vozidla.<\/p>\n<p>&nbsp;<\/p>\n<p>&nbsp;<\/p>","protected":false},"excerpt":{"rendered":"<p>Origin\u00e1ln\u00ed d\u00edl Mopar<\/p>\n<p>2019\u20132024<\/p>","protected":false},"featured_media":68314306,"comment_status":"open","ping_status":"closed","template":"","meta":{"_acf_changed":false},"product_brand":[16270],"product_cat":[10262,19412,19682,7447,7452],"product_tag":[475,89,169,2318,10483,2319,49,476,31,10519,8813,9473,9424,16271,16273,10485,10500,10514,10502,10506,10496,10508,10494,10492,10498,10516,10512,10510,10488,10504,16275,16272,16274,8651,7221,86,4070,10475,10476,10474,10520,10499,10513,10501,10505,10489,10495,10507,10491,10490,10497,10515,10511,10509,10493,10484,10503,2353],"class_list":{"0":"post-68314301","1":"product","2":"type-product","3":"status-publish","4":"has-post-thumbnail","6":"product_brand-mopar","7":"product_cat-alle-produkte","8":"product_cat-1500-ecodiesel-2020-2023-sonstiges","9":"product_cat-1500-36-dt-elektrik-sonstiges","10":"product_cat-1500-57-dt-elektrik-sonstiges","11":"product_cat-trx-elektrik-sonstiges","12":"product_tag-475","13":"product_tag-3-0","14":"product_tag-3-6","15":"product_tag-2318","16":"product_tag-68453905aa","17":"product_tag-2319","18":"product_tag-dodge","19":"product_tag-dt","20":"product_tag-mopar","21":"product_tag-mopar-68453905aa","22":"product_tag-mopar-autoteile","23":"product_tag-mopar-ersatzteil","24":"product_tag-mopar-ersatzteile","25":"product_tag-mopar-ersatzteile-kaufen","26":"product_tag-mopar-performance-teile","27":"product_tag-mopar-startknopf","28":"product_tag-mopar-startknopf-anleitung","29":"product_tag-mopar-startknopf-bestellen","30":"product_tag-mopar-startknopf-bewertung","31":"product_tag-mopar-startknopf-erfahrungen","32":"product_tag-mopar-startknopf-funktion","33":"product_tag-mopar-startknopf-haendler","34":"product_tag-mopar-startknopf-installation","35":"product_tag-mopar-startknopf-kaufen","36":"product_tag-mopar-startknopf-kompatibilitaet","37":"product_tag-mopar-startknopf-lieferzeit","38":"product_tag-mopar-startknopf-oem","39":"product_tag-mopar-startknopf-original","40":"product_tag-mopar-startknopf-rot","41":"product_tag-mopar-startknopf-test","42":"product_tag-mopar-teile-katalog","43":"product_tag-mopar-teile-online","44":"product_tag-mopar-tuningteile","45":"product_tag-mopar-zubehoer","46":"product_tag-mopar10","47":"product_tag-ram","48":"product_tag-rot","49":"product_tag-start-button","50":"product_tag-starterknopf","51":"product_tag-startknopf","52":"product_tag-startknopf-68453905aa","53":"product_tag-startknopf-anleitung","54":"product_tag-startknopf-bestellen","55":"product_tag-startknopf-bewertung","56":"product_tag-startknopf-erfahrungen","57":"product_tag-startknopf-ersatzteil","58":"product_tag-startknopf-funktion","59":"product_tag-startknopf-haendler","60":"product_tag-startknopf-installation","61":"product_tag-startknopf-kaufen","62":"product_tag-startknopf-kompatibilitaet","63":"product_tag-startknopf-lieferzeit","64":"product_tag-startknopf-oem","65":"product_tag-startknopf-original","66":"product_tag-startknopf-preis","67":"product_tag-startknopf-rot","68":"product_tag-startknopf-test","69":"product_tag-trx","71":"first","72":"instock","73":"taxable","74":"shipping-taxable","75":"purchasable","76":"product-type-simple"},"bundled_by":[],"bundle_stock_status":"instock","bundle_stock_quantity":1,"bundle_virtual":false,"bundle_layout":"","bundle_add_to_cart_form_location":"","bundle_editable_in_cart":false,"bundle_sold_individually_context":"","bundle_item_grouping":"","bundle_min_size":"","bundle_max_size":"","bundle_price":[],"bundled_items":[],"bundle_sell_ids":[],"exclude_global_add_ons":[],"addons":[],"acf":[],"_links":{"self":[{"href":"https:\/\/kraftwerk-shop.cc\/cs\/wp-json\/wp\/v2\/product\/68314301","targetHints":{"allow":["GET"]}}],"collection":[{"href":"https:\/\/kraftwerk-shop.cc\/cs\/wp-json\/wp\/v2\/product"}],"about":[{"href":"https:\/\/kraftwerk-shop.cc\/cs\/wp-json\/wp\/v2\/types\/product"}],"replies":[{"embeddable":true,"href":"https:\/\/kraftwerk-shop.cc\/cs\/wp-json\/wp\/v2\/comments?post=68314301"}],"version-history":[{"count":0,"href":"https:\/\/kraftwerk-shop.cc\/cs\/wp-json\/wp\/v2\/product\/68314301\/revisions"}],"wp:featuredmedia":[{"embeddable":true,"href":"https:\/\/kraftwerk-shop.cc\/cs\/wp-json\/wp\/v2\/media\/68314306"}],"wp:attachment":[{"href":"https:\/\/kraftwerk-shop.cc\/cs\/wp-json\/wp\/v2\/media?parent=68314301"}],"wp:term":[{"taxonomy":"product_brand","embeddable":true,"href":"https:\/\/kraftwerk-shop.cc\/cs\/wp-json\/wp\/v2\/product_brand?post=68314301"},{"taxonomy":"product_cat","embeddable":true,"href":"https:\/\/kraftwerk-shop.cc\/cs\/wp-json\/wp\/v2\/product_cat?post=68314301"},{"taxonomy":"product_tag","embeddable":true,"href":"https:\/\/kraftwerk-shop.cc\/cs\/wp-json\/wp\/v2\/product_tag?post=68314301"}],"curies":[{"name":"wp","href":"https:\/\/api.w.org\/{rel}","templated":true}]}}