{"id":68314508,"date":"2025-01-25T19:05:12","date_gmt":"2025-01-25T18:05:12","guid":{"rendered":"https:\/\/kraftwerk-shop.cc\/?post_type=product&#038;p=68314508"},"modified":"2026-02-15T01:17:00","modified_gmt":"2026-02-15T00:17:00","slug":"voditko-ventilu-61-srt8","status":"publish","type":"product","link":"https:\/\/kraftwerk-shop.cc\/cs\/produkt\/ventilfuehrung-61-srt8\/","title":{"rendered":"Veden\u00ed ventil\u016f 6.1"},"content":{"rendered":"<h1>Veden\u00ed ventil\u016f pro Chrysler, Dodge a Jeep 6.1 SRT8, s\u00e1n\u00ed a v\u00fdfuk<\/h1>\n<p>&nbsp;<\/p>\n<ul>\n<li><strong>Materi\u00e1l:<\/strong> Vyrobeno z vysoce kvalitn\u00ed litiny, kter\u00e1 je zn\u00e1m\u00e1 svou trvanlivost\u00ed a odolnost\u00ed proti opot\u0159eben\u00ed.<\/li>\n<li><strong>P\u0159esn\u00e1 v\u00fdroba:<\/strong> Vyrobeno v p\u0159\u00edsn\u00fdch toleranc\u00edch, aby bylo zaji\u0161t\u011bno p\u0159esn\u00e9 ulo\u017een\u00ed v otvoru hlavy v\u00e1lc\u016f a minimalizovala se pot\u0159eba dal\u0161\u00edho obr\u00e1b\u011bn\u00ed.<\/li>\n<li><strong>Kompatibilita:<\/strong> Vyvinut jako p\u0159\u00edm\u00e1 n\u00e1hrada OEM pro r\u016fzn\u00e9 aplikace v automobilech, lehk\u00fdch a t\u011b\u017ek\u00fdch u\u017eitkov\u00fdch vozidlech, pr\u016fmyslov\u00fdch, lodn\u00edch a dokonce i plynov\u00fdch motorech.<\/li>\n<li><strong>Vod\u00edtka ventil\u016f se spir\u00e1lovit\u011b zdrsn\u011bn\u00fdm vnit\u0159n\u00edm pr\u016fm\u011brem<\/strong>\n<ul>\n<li><strong>Lep\u0161\u00ed maz\u00e1n\u00ed:<\/strong> Spir\u00e1lov\u00e9 dr\u00e1\u017eky uchov\u00e1vaj\u00ed olej a zlep\u0161uj\u00ed maz\u00e1n\u00ed mezi d\u0159\u00edkem ventilu a vod\u00edtkem.<\/li>\n<li><strong>Sn\u00ed\u017een\u00e9 opot\u0159eben\u00ed:<\/strong> Rovnom\u011brn\u00e9 rozlo\u017een\u00ed oleje omezuje p\u0159\u00edm\u00fd kontakt mezi kovov\u00fdmi povrchy a minimalizuje tak opot\u0159eben\u00ed.<\/li>\n<li><strong>Optimalizovan\u00e9 chlazen\u00ed:<\/strong> Spir\u00e1ly pom\u00e1haj\u00ed \u00fa\u010dinn\u011bji odv\u00e1d\u011bt teplo, co\u017e je d\u016fle\u017eit\u00e9 zejm\u00e9na p\u0159i vy\u0161\u0161\u00edch provozn\u00edch teplot\u00e1ch.<\/li>\n<\/ul>\n<\/li>\n<li><strong>Vnit\u0159n\u00ed pr\u016fm\u011br (IN):<\/strong> 0,3142<\/li>\n<li><strong>Vn\u011bj\u0161\u00ed pr\u016fm\u011br (IN):<\/strong> 0,525<\/li>\n<li><strong>D\u00e9lka (IN):<\/strong> 2,185<\/li>\n<\/ul>\n<p>&nbsp;<\/p>\n<p><strong>Rozsah dod\u00e1vky:<\/strong> 1 sada (8 kus\u016f)<\/p>\n<p>&nbsp;<\/p>\n<p><strong>Vhodn\u00e9 pro:<\/strong><\/p>\n<table width=\"538\">\n<tbody>\n<tr>\n<td width=\"64\"><strong>Rok v\u00fdstavby<\/strong><\/td>\n<td width=\"83\"><strong>Zna\u010dka<\/strong><\/td>\n<td width=\"146\"><strong>Model<\/strong><\/td>\n<td width=\"110\"><strong>Verze<\/strong><\/td>\n<td width=\"135\"><strong>Motor<\/strong><\/td>\n<\/tr>\n<tr>\n<td width=\"64\">2010<\/td>\n<td width=\"83\">Chrysler<\/td>\n<td width=\"146\">300<\/td>\n<td width=\"110\">C SRT8<\/td>\n<td width=\"135\">6.1L<\/td>\n<\/tr>\n<tr>\n<td width=\"64\">2010<\/td>\n<td width=\"83\">Dodge<\/td>\n<td width=\"146\">Challenger<\/td>\n<td width=\"110\">SRT8<\/td>\n<td width=\"135\">6.1L<\/td>\n<\/tr>\n<tr>\n<td width=\"64\">2010<\/td>\n<td width=\"83\">Dodge<\/td>\n<td width=\"146\">Charger<\/td>\n<td width=\"110\">SRT8<\/td>\n<td width=\"135\">6.1L<\/td>\n<\/tr>\n<tr>\n<td width=\"64\">2010<\/td>\n<td width=\"83\">Jeep<\/td>\n<td width=\"146\">Grand Cherokee<\/td>\n<td width=\"110\">SRT8<\/td>\n<td width=\"135\">6.1L<\/td>\n<\/tr>\n<tr>\n<td width=\"64\">2009<\/td>\n<td width=\"83\">Chrysler<\/td>\n<td width=\"146\">300<\/td>\n<td width=\"110\">C SRT8<\/td>\n<td width=\"135\">6.1L<\/td>\n<\/tr>\n<tr>\n<td width=\"64\">2009<\/td>\n<td width=\"83\">Dodge<\/td>\n<td width=\"146\">Challenger<\/td>\n<td width=\"110\">SRT8<\/td>\n<td width=\"135\">6.1L<\/td>\n<\/tr>\n<tr>\n<td width=\"64\">2009<\/td>\n<td width=\"83\">Dodge<\/td>\n<td width=\"146\">Charger<\/td>\n<td width=\"110\">SRT8<\/td>\n<td width=\"135\">6.1L<\/td>\n<\/tr>\n<tr>\n<td width=\"64\">2009<\/td>\n<td width=\"83\">Jeep<\/td>\n<td width=\"146\">Grand Cherokee<\/td>\n<td width=\"110\">SRT8<\/td>\n<td width=\"135\">6.1L<\/td>\n<\/tr>\n<tr>\n<td width=\"64\">2008<\/td>\n<td width=\"83\">Chrysler<\/td>\n<td width=\"146\">300<\/td>\n<td width=\"110\">C SRT8<\/td>\n<td width=\"135\">6.1L<\/td>\n<\/tr>\n<tr>\n<td width=\"64\">2008<\/td>\n<td width=\"83\">Dodge<\/td>\n<td width=\"146\">Challenger<\/td>\n<td width=\"110\">SRT8<\/td>\n<td width=\"135\">6.1L<\/td>\n<\/tr>\n<tr>\n<td width=\"64\">2008<\/td>\n<td width=\"83\">Dodge<\/td>\n<td width=\"146\">Charger<\/td>\n<td width=\"110\">SRT8<\/td>\n<td width=\"135\">6.1L<\/td>\n<\/tr>\n<tr>\n<td width=\"64\">2008<\/td>\n<td width=\"83\">Dodge<\/td>\n<td width=\"146\">Magnum<\/td>\n<td width=\"110\">SRT8<\/td>\n<td width=\"135\">6.1L<\/td>\n<\/tr>\n<tr>\n<td width=\"64\">2008<\/td>\n<td width=\"83\">Jeep<\/td>\n<td width=\"146\">Grand Cherokee<\/td>\n<td width=\"110\">SRT8<\/td>\n<td width=\"135\">6.1L<\/td>\n<\/tr>\n<tr>\n<td width=\"64\">2007<\/td>\n<td width=\"83\">Chrysler<\/td>\n<td width=\"146\">300<\/td>\n<td width=\"110\">C SRT8<\/td>\n<td width=\"135\">6.1L<\/td>\n<\/tr>\n<tr>\n<td width=\"64\">2007<\/td>\n<td width=\"83\">Dodge<\/td>\n<td width=\"146\">Charger<\/td>\n<td width=\"110\">SRT8<\/td>\n<td width=\"135\">6.1L<\/td>\n<\/tr>\n<tr>\n<td width=\"64\">2007<\/td>\n<td width=\"83\">Dodge<\/td>\n<td width=\"146\">Magnum<\/td>\n<td width=\"110\">SRT8<\/td>\n<td width=\"135\">6.1L<\/td>\n<\/tr>\n<tr>\n<td width=\"64\">2007<\/td>\n<td width=\"83\">Jeep<\/td>\n<td width=\"146\">Grand Cherokee<\/td>\n<td width=\"110\">SRT8<\/td>\n<td width=\"135\">6.1L<\/td>\n<\/tr>\n<tr>\n<td width=\"64\">2006<\/td>\n<td width=\"83\">Dodge<\/td>\n<td width=\"146\">Charger<\/td>\n<td width=\"110\">SRT8<\/td>\n<td width=\"135\">6.1L<\/td>\n<\/tr>\n<tr>\n<td width=\"64\">2006<\/td>\n<td width=\"83\">Dodge<\/td>\n<td width=\"146\">Magnum<\/td>\n<td width=\"110\">SRT8<\/td>\n<td width=\"135\">6.1L<\/td>\n<\/tr>\n<tr>\n<td width=\"64\">2006<\/td>\n<td width=\"83\">Jeep<\/td>\n<td width=\"146\">Grand Cherokee<\/td>\n<td width=\"110\">SRT8<\/td>\n<td width=\"135\">6.1L<\/td>\n<\/tr>\n<\/tbody>\n<\/table>\n<p>&nbsp;<\/p>","protected":false},"excerpt":{"rendered":"<p>Veden\u00ed ventil\u016f pro Chrysler, Dodge a Jeep 6.1 SRT8, s\u00e1n\u00ed a v\u00fdvod Materi\u00e1l: Vyrobeno z vysoce kvalitn\u00ed litiny, kter\u00e1 je zn\u00e1m\u00e1 svou vysokou kvalitou.<\/p>","protected":false},"featured_media":68314513,"comment_status":"open","ping_status":"closed","template":"","meta":{"_acf_changed":false},"product_brand":[],"product_cat":[10262,6683,6688,6693,6697,6702],"product_tag":[52,92,54,53,48,49,3853,5206,56,50,55,31,7221,5205,96,1056,164,5204,10542],"class_list":{"0":"post-68314508","1":"product","2":"type-product","3":"status-publish","4":"has-post-thumbnail","6":"product_cat-alle-produkte","7":"product_cat-300c-61-nockenwelle-ventiltrieb","8":"product_cat-challenger-61-nockenwelle-ventiltrieb","9":"product_cat-charger-61-nockenwelle-ventiltrieb","10":"product_cat-magnum-61-nockenwelle-ventiltrieb","11":"product_cat-grand-cherokee-61-nockenwelle-ventiltrieb","12":"product_tag-300c","13":"product_tag-6-1","14":"product_tag-challenger","15":"product_tag-charger","16":"product_tag-chrysler","17":"product_tag-dodge","18":"product_tag-dodge-challenger","19":"product_tag-einlass","20":"product_tag-grand-cherokee","21":"product_tag-jeep","22":"product_tag-magnum","23":"product_tag-mopar","24":"product_tag-mopar10","25":"product_tag-pushrod","26":"product_tag-srt","27":"product_tag-srt-8","28":"product_tag-srt8","29":"product_tag-stoesselstange","30":"product_tag-ventilfuehrung","31":"product_shipping_class-deutschlandohne","33":"first","34":"instock","35":"taxable","36":"shipping-taxable","37":"purchasable","38":"product-type-simple"},"bundled_by":[],"bundle_stock_status":"instock","bundle_stock_quantity":2,"bundle_virtual":false,"bundle_layout":"","bundle_add_to_cart_form_location":"","bundle_editable_in_cart":false,"bundle_sold_individually_context":"","bundle_item_grouping":"","bundle_min_size":"","bundle_max_size":"","bundle_price":[],"bundled_items":[],"bundle_sell_ids":[],"exclude_global_add_ons":[],"addons":[],"acf":[],"_links":{"self":[{"href":"https:\/\/kraftwerk-shop.cc\/cs\/wp-json\/wp\/v2\/product\/68314508","targetHints":{"allow":["GET"]}}],"collection":[{"href":"https:\/\/kraftwerk-shop.cc\/cs\/wp-json\/wp\/v2\/product"}],"about":[{"href":"https:\/\/kraftwerk-shop.cc\/cs\/wp-json\/wp\/v2\/types\/product"}],"replies":[{"embeddable":true,"href":"https:\/\/kraftwerk-shop.cc\/cs\/wp-json\/wp\/v2\/comments?post=68314508"}],"version-history":[{"count":0,"href":"https:\/\/kraftwerk-shop.cc\/cs\/wp-json\/wp\/v2\/product\/68314508\/revisions"}],"wp:featuredmedia":[{"embeddable":true,"href":"https:\/\/kraftwerk-shop.cc\/cs\/wp-json\/wp\/v2\/media\/68314513"}],"wp:attachment":[{"href":"https:\/\/kraftwerk-shop.cc\/cs\/wp-json\/wp\/v2\/media?parent=68314508"}],"wp:term":[{"taxonomy":"product_brand","embeddable":true,"href":"https:\/\/kraftwerk-shop.cc\/cs\/wp-json\/wp\/v2\/product_brand?post=68314508"},{"taxonomy":"product_cat","embeddable":true,"href":"https:\/\/kraftwerk-shop.cc\/cs\/wp-json\/wp\/v2\/product_cat?post=68314508"},{"taxonomy":"product_tag","embeddable":true,"href":"https:\/\/kraftwerk-shop.cc\/cs\/wp-json\/wp\/v2\/product_tag?post=68314508"}],"curies":[{"name":"wp","href":"https:\/\/api.w.org\/{rel}","templated":true}]}}