{"id":68314685,"date":"2025-01-28T11:15:06","date_gmt":"2025-01-28T10:15:06","guid":{"rendered":"https:\/\/kraftwerk-shop.cc\/?post_type=product&#038;p=68314685"},"modified":"2026-03-31T16:32:36","modified_gmt":"2026-03-31T14:32:36","slug":"diablosport-predator-x-gm-tuning","status":"publish","type":"product","link":"https:\/\/kraftwerk-shop.cc\/cs\/produkt\/diablosport-predator-x-gm-tuning\/","title":{"rendered":"Diablosport Predator X pro vozidla GM"},"content":{"rendered":"<h1>Diablosport Predator X pro vozy Chevrolet, Cadillac, GMC, Hummer a Pontiac<\/h1>\n<p>&nbsp;<\/p>\n<p>Diablosport Predator X je v\u00fdkonn\u00fd tuner pro vozidla GM, speci\u00e1ln\u011b navr\u017een\u00fd pro zv\u00fd\u0161en\u00ed v\u00fdkonu model\u016f, jako jsou Camaro, Corvette a dal\u0161\u00ed muscle cars GM.<\/p>\n<p>&nbsp;<\/p>\n<p><strong>Hlavn\u00ed funkce:<\/strong><\/p>\n<ul>\n<li><strong>Zv\u00fd\u0161en\u00fd v\u00fdkon:<\/strong> Zvy\u0161uje v\u00fdkon motoru a reakce vozidla.<\/li>\n<li><strong>P\u0159izp\u016fsobiteln\u00e9 parametry:<\/strong> Umo\u017e\u0148uje jemn\u011b vyladit ovl\u00e1d\u00e1n\u00ed ventil\u00e1toru, p\u0159evodov\u00e9 pom\u011bry, velikost pneumatik a dal\u0161\u00ed v\u00fdkonnostn\u00ed parametry pro optim\u00e1ln\u00ed nastaven\u00ed vozidla.<\/li>\n<li><strong>U\u017eivatelsky p\u0159\u00edv\u011btiv\u00fd design:<\/strong> Je vybaven 2,8palcov\u00fdm barevn\u00fdm displejem s vysok\u00fdm rozli\u0161en\u00edm a intuitivn\u00edm u\u017eivatelsk\u00fdm rozhran\u00edm s p\u011bti tla\u010d\u00edtky pro snadnou navigaci.<\/li>\n<li><strong>Rychl\u00e9 aktualizace:<\/strong> D\u00edky zv\u00fd\u0161en\u00e9 kapacit\u011b pam\u011bti a rychlej\u0161\u00edmu procesoru lze lad\u011bn\u00ed a aktualizace prov\u00e1d\u011bt rychle.<\/li>\n<li><strong>P\u0159ednastaven\u00e9 mo\u017enosti lad\u011bn\u00ed:<\/strong> Nab\u00edz\u00ed v\u00fdkonnostn\u00ed lad\u011bn\u00ed pro r\u016fzn\u00e9 j\u00edzdn\u00ed styly, jako je ekonomick\u00e1 j\u00edzda, ta\u017een\u00ed, ka\u017edodenn\u00ed j\u00edzda a extr\u00e9mn\u00ed lad\u011bn\u00ed.<\/li>\n<li><strong>Korekce rychlosti:<\/strong> Koriguje rychlom\u011br p\u0159i zm\u011bn\u011b velikosti pneumatik a p\u0159evodov\u00e9ho pom\u011bru.<\/li>\n<li><strong>Nastaven\u00ed mezn\u00edch hodnot:<\/strong> Umo\u017e\u0148uje nastaven\u00ed rychlostn\u00edch a ot\u00e1\u010dkov\u00fdch limit\u016f, jako\u017e i jemn\u00e9 dolad\u011bn\u00ed bod\u016f \u0159azen\u00ed, odporu \u0159azen\u00ed a \u0159\u00edzen\u00ed to\u010div\u00e9ho momentu.<\/li>\n<li><strong>Aktualizace na internetu:<\/strong> Lze aktualizovat pomoc\u00ed nov\u00e9ho aktualiza\u010dn\u00edho softwaru p\u0159es USB.<\/li>\n<li><strong>Spr\u00e1va chybov\u00fdch k\u00f3d\u016f:<\/strong> Umo\u017e\u0148uje vy\u010d\u00edst a resetovat chybov\u00e9 k\u00f3dy.<\/li>\n<\/ul>\n<p>&nbsp;<\/p>\n<p>Predator X je kompatibiln\u00ed s celou \u0159adou vozidel GM vyroben\u00fdch v letech 2005-2020 a nab\u00edz\u00ed jak p\u0159edinstalovan\u00e9 ladic\u00ed programy, tak mo\u017enost p\u0159izp\u016fsoben\u00ed prost\u0159ednictv\u00edm ladic\u00ed s\u00edt\u011b CMR spole\u010dnosti Diablosport.<\/p>\n<p>Upozor\u0148ujeme, \u017ee dostupnost n\u011bkter\u00fdch funkc\u00ed se m\u016f\u017ee li\u0161it v z\u00e1vislosti na modelu vozidla. Doporu\u010dujeme ov\u011b\u0159it kompatibilitu s konkr\u00e9tn\u00edm vozidlem.<\/p>\n<p>&nbsp;<\/p>\n<p><strong>Rozsah dod\u00e1vky:<\/strong><\/p>\n<ul>\n<li>Predator X pro vozidla GM <strong>bez<\/strong> Smartphone<\/li>\n<\/ul>\n<p>&nbsp;<\/p>\n<p><span style=\"font-size: 16px;\"><strong>Podporovan\u00e1 vozidla Predator X:<\/strong><\/span><\/p>\n<table width=\"482\">\n<tbody>\n<tr>\n<td width=\"113\"><strong>Zna\u010dka<\/strong><\/td>\n<td width=\"141\"><strong>Model<\/strong><\/td>\n<td width=\"103\"><strong>Motor<\/strong><\/td>\n<td width=\"115\"><strong>Rok v\u00fdstavby<\/strong><\/td>\n<\/tr>\n<tr>\n<td>Buick<\/td>\n<td>Encore<\/td>\n<td>1.4L L4<\/td>\n<td width=\"115\">2013\u20132016<\/td>\n<\/tr>\n<tr>\n<td>Cadillac<\/td>\n<td>ATS<\/td>\n<td>2.0L L4, 3.6L V6<\/td>\n<td width=\"115\">2013\u20132015<\/td>\n<\/tr>\n<tr>\n<td>Cadillac<\/td>\n<td>CTS<\/td>\n<td>V8 6,2 L<\/td>\n<td width=\"115\">2009\u20132015<\/td>\n<\/tr>\n<tr>\n<td>Cadillac<\/td>\n<td>CTS<\/td>\n<td>3.6L V6<\/td>\n<td width=\"115\">2013\u20132015<\/td>\n<\/tr>\n<tr>\n<td>Cadillac<\/td>\n<td>CTS<\/td>\n<td>2.0L L4<\/td>\n<td width=\"115\">2014\u20132016<\/td>\n<\/tr>\n<tr>\n<td>Chevrolet<\/td>\n<td>Avalance<\/td>\n<td>6.0L V8<\/td>\n<td width=\"115\">2007\u20132009<\/td>\n<\/tr>\n<tr>\n<td>Chevrolet<\/td>\n<td>Avalance<\/td>\n<td>V8 5,3 L<\/td>\n<td width=\"115\">2007\u20132013<\/td>\n<\/tr>\n<tr>\n<td>Chevrolet<\/td>\n<td>Camaro<\/td>\n<td>6.2 V8<\/td>\n<td width=\"115\">2010\u20132024<\/td>\n<\/tr>\n<tr>\n<td>Chevrolet<\/td>\n<td>Camaro<\/td>\n<td>7.0L V8<\/td>\n<td width=\"115\">2014\u20132015<\/td>\n<\/tr>\n<tr>\n<td>Chevrolet<\/td>\n<td>Colorado<\/td>\n<td>2.9L L4, 3.7L L5<\/td>\n<td width=\"115\">2007\u20132012<\/td>\n<\/tr>\n<tr>\n<td>Chevrolet<\/td>\n<td>Colorado<\/td>\n<td>V8 5,3 L<\/td>\n<td width=\"115\">2009\u20132012<\/td>\n<\/tr>\n<tr>\n<td>Chevrolet<\/td>\n<td>Colorado<\/td>\n<td>3.6L V6<\/td>\n<td width=\"115\">2015\u20132016<\/td>\n<\/tr>\n<tr>\n<td>Chevrolet<\/td>\n<td>Corvette<\/td>\n<td>6.0L V8<\/td>\n<td width=\"115\">2005\u20132007<\/td>\n<\/tr>\n<tr>\n<td>Chevrolet<\/td>\n<td>Corvette<\/td>\n<td>V8 6,2 L<\/td>\n<td width=\"115\">2008\u20132019<\/td>\n<\/tr>\n<tr>\n<td>Chevrolet<\/td>\n<td>Corvette<\/td>\n<td>7.0L V8<\/td>\n<td width=\"115\">2006\u20132013<\/td>\n<\/tr>\n<tr>\n<td>Chevrolet<\/td>\n<td>Cruze<\/td>\n<td>1.4L L4<\/td>\n<td width=\"115\">2011\u20132015<\/td>\n<\/tr>\n<tr>\n<td>Chevrolet<\/td>\n<td>Impala<\/td>\n<td>V8 5,3 L<\/td>\n<td width=\"115\">2006\u20132009<\/td>\n<\/tr>\n<tr>\n<td>Chevrolet<\/td>\n<td>Monte Carlo<\/td>\n<td>V8 5,3 L<\/td>\n<td width=\"115\">2006 \u2013 2007<\/td>\n<\/tr>\n<tr>\n<td>Chevrolet<\/td>\n<td>Silverado 1500<\/td>\n<td>4.3L V6<\/td>\n<td width=\"115\">2014\u20132018<\/td>\n<\/tr>\n<tr>\n<td>Chevrolet<\/td>\n<td>Silverado 1500<\/td>\n<td>4.8L V8, 6.0L V8<\/td>\n<td width=\"115\">2007\u20132013<\/td>\n<\/tr>\n<tr>\n<td>Chevrolet<\/td>\n<td>Silverado 1500<\/td>\n<td>V8 5,3 L<\/td>\n<td width=\"115\">2007\u20132018<\/td>\n<\/tr>\n<tr>\n<td>Chevrolet<\/td>\n<td>Silverado 1500<\/td>\n<td>V8 6,2 L<\/td>\n<td width=\"115\">2009\u20132018<\/td>\n<\/tr>\n<tr>\n<td>Chevrolet<\/td>\n<td>Silverado 1500 LD<\/td>\n<td>V8 5,3 L<\/td>\n<td width=\"115\">2019<\/td>\n<\/tr>\n<tr>\n<td>Chevrolet<\/td>\n<td>Silverado 2500<\/td>\n<td>4,8 L V8<\/td>\n<td width=\"115\">2007\u20132013<\/td>\n<\/tr>\n<tr>\n<td>Chevrolet<\/td>\n<td>Silverado 2500<\/td>\n<td>V8 5,3 L<\/td>\n<td width=\"115\">2007\u20132018<\/td>\n<\/tr>\n<tr>\n<td>Chevrolet<\/td>\n<td>Silverado 2500 HD<\/td>\n<td>6.0L V8<\/td>\n<td width=\"115\">2014\u20132018<\/td>\n<\/tr>\n<tr>\n<td>Chevrolet<\/td>\n<td>Silverado 3500 HD<\/td>\n<td>6.0L V8<\/td>\n<td width=\"115\">2007\u20132018<\/td>\n<\/tr>\n<tr>\n<td>Chevrolet<\/td>\n<td>Sonic<\/td>\n<td>1.4L L4<\/td>\n<td width=\"115\">2012\u20132015<\/td>\n<\/tr>\n<tr>\n<td>Chevrolet<\/td>\n<td>SS<\/td>\n<td>V8 6,2 L<\/td>\n<td width=\"115\">2014\u20132017<\/td>\n<\/tr>\n<tr>\n<td>Chevrolet<\/td>\n<td>SSR<\/td>\n<td>6.0L V8<\/td>\n<td width=\"115\">2005 \u2013 2006<\/td>\n<\/tr>\n<tr>\n<td>Chevrolet<\/td>\n<td>P\u0159edm\u011bst\u00ed<\/td>\n<td>V8 5,3 L<\/td>\n<td width=\"115\">2014\u20132020<\/td>\n<\/tr>\n<tr>\n<td>Chevrolet<\/td>\n<td>P\u0159edm\u011bst\u00ed<\/td>\n<td>V8 6,2 L<\/td>\n<td width=\"115\">2019\u20132020<\/td>\n<\/tr>\n<tr>\n<td>Chevrolet<\/td>\n<td>Tahoe<\/td>\n<td>4,8 L V8<\/td>\n<td width=\"115\">2007\u20132009<\/td>\n<\/tr>\n<tr>\n<td>Chevrolet<\/td>\n<td>Tahoe<\/td>\n<td>V8 5,3 L<\/td>\n<td width=\"115\">2007\u20132020<\/td>\n<\/tr>\n<tr>\n<td>Chevrolet<\/td>\n<td>Tahoe<\/td>\n<td>V8 6,2 L<\/td>\n<td width=\"115\">2018\u20132020<\/td>\n<\/tr>\n<tr>\n<td>Chevrolet<\/td>\n<td>Trailblazer<\/td>\n<td>6.0L V8<\/td>\n<td width=\"115\">2006\u20132009<\/td>\n<\/tr>\n<tr>\n<td>Chevrolet<\/td>\n<td>Trax<\/td>\n<td>1.4L L4<\/td>\n<td width=\"115\">2013\u20132016<\/td>\n<\/tr>\n<tr>\n<td>GMC<\/td>\n<td>Ka\u0148on<\/td>\n<td>2.9L L4, 3.7L L5<\/td>\n<td width=\"115\">2007\u20132012<\/td>\n<\/tr>\n<tr>\n<td>GMC<\/td>\n<td>Ka\u0148on<\/td>\n<td>V8 5,3 L<\/td>\n<td width=\"115\">2009\u20132012<\/td>\n<\/tr>\n<tr>\n<td>GMC<\/td>\n<td>Ka\u0148on<\/td>\n<td>3.6L V6<\/td>\n<td width=\"115\">2015\u20132016<\/td>\n<\/tr>\n<tr>\n<td>GMC<\/td>\n<td>Sierra 1500<\/td>\n<td>4.8L V8, 5.3L V8, 6.0L V8, 6.2L V8<\/td>\n<td width=\"115\">2007\u20132018<\/td>\n<\/tr>\n<tr>\n<td>GMC<\/td>\n<td>Sierra 1500 Limited<\/td>\n<td>V8 5,3 L<\/td>\n<td width=\"115\">2019<\/td>\n<\/tr>\n<tr>\n<td>GMC<\/td>\n<td>Sierra 2500 HD<\/td>\n<td>6.0L V8<\/td>\n<td width=\"115\">2007\u20132018<\/td>\n<\/tr>\n<tr>\n<td>GMC<\/td>\n<td>Sierra 3500 HD<\/td>\n<td>6.0L V8<\/td>\n<td width=\"115\">2007\u20132018<\/td>\n<\/tr>\n<tr>\n<td>GMC<\/td>\n<td>Yukon<\/td>\n<td>5.3L V8, 6.2L V8<\/td>\n<td width=\"115\">2007\u20132020<\/td>\n<\/tr>\n<tr>\n<td>GMC<\/td>\n<td>Yukon<\/td>\n<td>6.0L V8<\/td>\n<td width=\"115\">2008\u20132013<\/td>\n<\/tr>\n<tr>\n<td>GMC<\/td>\n<td>Yukon XL<\/td>\n<td>5.3L V8, 6.2L V8<\/td>\n<td width=\"115\">2015\u20132020<\/td>\n<\/tr>\n<tr>\n<td>Hummer<\/td>\n<td>H2<\/td>\n<td>V8 6,2 L<\/td>\n<td width=\"115\">2008\u20132009<\/td>\n<\/tr>\n<tr>\n<td>Hummer<\/td>\n<td>H3<\/td>\n<td>3.7L L5<\/td>\n<td width=\"115\">2007\u20132010<\/td>\n<\/tr>\n<tr>\n<td>Hummer<\/td>\n<td>H3<\/td>\n<td>V8 5,3 L<\/td>\n<td width=\"115\">2008\u20132010<\/td>\n<\/tr>\n<tr>\n<td>Pontiac<\/td>\n<td>G8<\/td>\n<td>6.0L V8<\/td>\n<td width=\"115\">2008\u20132009<\/td>\n<\/tr>\n<tr>\n<td>Pontiac<\/td>\n<td>G8<\/td>\n<td>V8 6,2 L<\/td>\n<td width=\"115\">2009<\/td>\n<\/tr>\n<tr>\n<td>Pontiac<\/td>\n<td>Grand Prix<\/td>\n<td>V8 5,3 L<\/td>\n<td width=\"115\">2006\u20132008<\/td>\n<\/tr>\n<tr>\n<td>Pontiac<\/td>\n<td>GTO<\/td>\n<td>6.0L V8<\/td>\n<td width=\"115\">2005 \u2013 2006<\/td>\n<\/tr>\n<\/tbody>\n<\/table>\n<p><iframe loading=\"lazy\" title=\"Diablosport Predator X tuning pro vozidla GM (Chevrolet, GMC, Buick, Hummer, Pontiac)\" src=\"https:\/\/www.youtube.com\/embed\/G11UAYVGfv4\" width=\"882\" height=\"496\" frameborder=\"0\" allowfullscreen=\"allowfullscreen\"><\/iframe><\/p>\n<p>&nbsp;<\/p>","protected":false},"excerpt":{"rendered":"<p>Program\u00e1tor pro vozy Chevrolet, Cadillac, GMC, Hummer a Pontiac<\/p>","protected":false},"featured_media":68314701,"comment_status":"open","ping_status":"closed","template":"","meta":{"_acf_changed":false},"product_brand":[],"product_cat":[10262,1410,1524,3985,1535,1537,3081,3083,3121,3124,3132,3144,3982,3691,3989,3708,3987,3698,3991,3714],"product_tag":[1203,1156,10552,1205,4869,278,191,1214,189,190,515,1206,281,1211,1204,429,427,2038,119,1221,1157,1318,1201,1222,1223,301,302,2934,300,1207,428,36,1208,438,1202,911,10556,10555,517,463,1216,299,10553,10554,1209,1210,291,1212,298,293,289,1213,918,233,919,1155,1217,329],"class_list":{"0":"post-68314685","1":"product","2":"type-product","3":"status-publish","4":"has-post-thumbnail","6":"product_cat-alle-produkte","7":"product_cat-cadillac","8":"product_cat-avalanche","9":"product_cat-avalanche-motor","10":"product_cat-camaro-62-2010-2015-motor","11":"product_cat-camaro-62-2010-2015-zubehoer","12":"product_cat-camaro-62-2016-motor","13":"product_cat-camaro-62-2016-zubehoer","14":"product_cat-corvette-c6-motor","15":"product_cat-corvette-c6-zubehoer","16":"product_cat-corvette-c7-motor","17":"product_cat-corvette-c8-zubehoer","18":"product_cat-silverado-motor","19":"product_cat-silverado-zubehoer","20":"product_cat-suburban-motor","21":"product_cat-suburban-zubehoer","22":"product_cat-tahoe-motor","23":"product_cat-tahoe-zubehoer","24":"product_cat-trailblazer-motor","25":"product_cat-trailblazer-zubehoer","26":"product_tag-ats","27":"product_tag-aufhebung","28":"product_tag-avalance","29":"product_tag-avalanche","30":"product_tag-buick","31":"product_tag-cadillac","32":"product_tag-camaro","33":"product_tag-canyon","34":"product_tag-chevrolet","35":"product_tag-chevy","36":"product_tag-chiptuning","37":"product_tag-colorado","38":"product_tag-corvette","39":"product_tag-cruze","40":"product_tag-cts","41":"product_tag-deutschland","42":"product_tag-diablosport","43":"product_tag-encore","44":"product_tag-entfernen","45":"product_tag-g8","46":"product_tag-geschwindigkeitsbegrenzer","47":"product_tag-gm","48":"product_tag-gmc","49":"product_tag-grand-prix","50":"product_tag-gto","51":"product_tag-h2","52":"product_tag-h3","53":"product_tag-harder","54":"product_tag-hummer","55":"product_tag-impala","56":"product_tag-intune","57":"product_tag-kraftwerk","58":"product_tag-monte-carlo","59":"product_tag-obd","60":"product_tag-pontiac","61":"product_tag-predator","62":"product_tag-predator-x","63":"product_tag-predatorx","64":"product_tag-programmiergeraet","65":"product_tag-shop","66":"product_tag-sierra","67":"product_tag-silverado","68":"product_tag-silverado-1500","69":"product_tag-silverado-2500","70":"product_tag-silveraldo","71":"product_tag-sonic","72":"product_tag-ss","73":"product_tag-ssr","74":"product_tag-suburban","75":"product_tag-tahoe","76":"product_tag-trailblazer","77":"product_tag-trax","78":"product_tag-tuner","79":"product_tag-tuning","80":"product_tag-tuninggeraet","81":"product_tag-vmax","82":"product_tag-yukon","83":"product_tag-zylinderabschaltung","85":"first","86":"instock","87":"taxable","88":"shipping-taxable","89":"purchasable","90":"product-type-simple"},"bundled_by":[],"bundle_stock_status":"instock","bundle_stock_quantity":1,"bundle_virtual":false,"bundle_layout":"","bundle_add_to_cart_form_location":"","bundle_editable_in_cart":false,"bundle_sold_individually_context":"","bundle_item_grouping":"","bundle_min_size":"","bundle_max_size":"","bundle_price":[],"bundled_items":[],"bundle_sell_ids":[],"exclude_global_add_ons":[],"addons":[],"acf":[],"_links":{"self":[{"href":"https:\/\/kraftwerk-shop.cc\/cs\/wp-json\/wp\/v2\/product\/68314685","targetHints":{"allow":["GET"]}}],"collection":[{"href":"https:\/\/kraftwerk-shop.cc\/cs\/wp-json\/wp\/v2\/product"}],"about":[{"href":"https:\/\/kraftwerk-shop.cc\/cs\/wp-json\/wp\/v2\/types\/product"}],"replies":[{"embeddable":true,"href":"https:\/\/kraftwerk-shop.cc\/cs\/wp-json\/wp\/v2\/comments?post=68314685"}],"version-history":[{"count":0,"href":"https:\/\/kraftwerk-shop.cc\/cs\/wp-json\/wp\/v2\/product\/68314685\/revisions"}],"wp:featuredmedia":[{"embeddable":true,"href":"https:\/\/kraftwerk-shop.cc\/cs\/wp-json\/wp\/v2\/media\/68314701"}],"wp:attachment":[{"href":"https:\/\/kraftwerk-shop.cc\/cs\/wp-json\/wp\/v2\/media?parent=68314685"}],"wp:term":[{"taxonomy":"product_brand","embeddable":true,"href":"https:\/\/kraftwerk-shop.cc\/cs\/wp-json\/wp\/v2\/product_brand?post=68314685"},{"taxonomy":"product_cat","embeddable":true,"href":"https:\/\/kraftwerk-shop.cc\/cs\/wp-json\/wp\/v2\/product_cat?post=68314685"},{"taxonomy":"product_tag","embeddable":true,"href":"https:\/\/kraftwerk-shop.cc\/cs\/wp-json\/wp\/v2\/product_tag?post=68314685"}],"curies":[{"name":"wp","href":"https:\/\/api.w.org\/{rel}","templated":true}]}}