{"id":68314731,"date":"2025-01-29T21:12:20","date_gmt":"2025-01-29T20:12:20","guid":{"rendered":"https:\/\/kraftwerk-shop.cc\/?post_type=product&#038;p=68314731"},"modified":"2026-02-15T01:17:17","modified_gmt":"2026-02-15T00:17:17","slug":"vackovy-hridel-mopar-ram-53022263af","status":"publish","type":"product","link":"https:\/\/kraftwerk-shop.cc\/cs\/produkt\/mopar-nockenwelle-ram-53022263af\/","title":{"rendered":"Va\u010dkov\u00fd h\u0159\u00eddel Mopar RAM 5.7, origin\u00e1ln\u00ed d\u00edl (53022263AF)"},"content":{"rendered":"<h1>Origin\u00e1ln\u00ed va\u010dkov\u00e1 h\u0159\u00eddel Mopar pro RAM 5.7 od roku 2009 do roku 2024<\/h1>\n<p>&nbsp;<\/p>\n<p><span lang=\"DE\"><strong>\u010c\u00edslo d\u00edlu Mopar:<\/strong> 53022263AF<br \/>\n<strong>Nahrazeno:\u00a0<\/strong><span class=\"list-value\">53022263AE<\/span><\/span><\/p>\n<p>&nbsp;<\/p>\n<p><strong>Vhodn\u00e9 pro:<\/strong><\/p>\n<table width=\"1004\">\n<tbody>\n<tr>\n<td width=\"82\"><strong>Rok v\u00fdstavby<\/strong><\/td>\n<td width=\"82\"><strong>Zna\u010dka<\/strong><\/td>\n<td width=\"124\"><strong>Model<\/strong><\/td>\n<td width=\"512\"><strong>Verze<\/strong><\/td>\n<td width=\"204\"><strong>Motor<\/strong><\/td>\n<\/tr>\n<tr>\n<td width=\"82\">2024<\/td>\n<td width=\"82\">Ram<\/td>\n<td width=\"124\">1500<\/td>\n<td width=\"512\">Big Horn, Laramie, Limited, Limited Longhorn, Lone Star, Rebel, Tradesman<\/td>\n<td width=\"204\">5.7L<\/td>\n<\/tr>\n<tr>\n<td width=\"82\">2024<\/td>\n<td width=\"82\">Ram<\/td>\n<td width=\"124\">1500 Classic<\/td>\n<td width=\"512\">Tradesman, Warlock<\/td>\n<td width=\"204\">5.7L<\/td>\n<\/tr>\n<tr>\n<td width=\"82\">2023<\/td>\n<td width=\"82\">Ram<\/td>\n<td width=\"124\">1500<\/td>\n<td width=\"512\">Big Horn, Laramie, Limited, Limited Longhorn, Lone Star, Rebel, Tradesman<\/td>\n<td width=\"204\">5.7L<\/td>\n<\/tr>\n<tr>\n<td width=\"82\">2023<\/td>\n<td width=\"82\">Ram<\/td>\n<td width=\"124\">1500 Classic<\/td>\n<td width=\"512\">Tradesman, Warlock<\/td>\n<td width=\"204\">5.7L<\/td>\n<\/tr>\n<tr>\n<td width=\"82\">2022<\/td>\n<td width=\"82\">Ram<\/td>\n<td width=\"124\">1500<\/td>\n<td width=\"512\">Big Horn, Laramie, Limited, Limited Longhorn, Lone Star, Rebel, Tradesman<\/td>\n<td width=\"204\">5.7L<\/td>\n<\/tr>\n<tr>\n<td width=\"82\">2022<\/td>\n<td width=\"82\">Ram<\/td>\n<td width=\"124\">1500 Classic<\/td>\n<td width=\"512\">Express, SLT, Tradesman, Warlock<\/td>\n<td width=\"204\">5.7L<\/td>\n<\/tr>\n<tr>\n<td width=\"82\">2021<\/td>\n<td width=\"82\">Ram<\/td>\n<td width=\"124\">1500<\/td>\n<td width=\"512\">Big Horn, Laramie, Limited, Limited Longhorn, Lone Star, Rebel, Tradesman<\/td>\n<td width=\"204\">5.7L<\/td>\n<\/tr>\n<tr>\n<td width=\"82\">2021<\/td>\n<td width=\"82\">Ram<\/td>\n<td width=\"124\">1500 Classic<\/td>\n<td width=\"512\">Express, SLT, Tradesman, Warlock<\/td>\n<td width=\"204\">5.7L<\/td>\n<\/tr>\n<tr>\n<td width=\"82\">2020<\/td>\n<td width=\"82\">Ram<\/td>\n<td width=\"124\">1500<\/td>\n<td width=\"512\">Big Horn, Laramie, Laramie Longhorn, Limited, Lone Star, Rebel, Tradesman<\/td>\n<td width=\"204\">5.7L<\/td>\n<\/tr>\n<tr>\n<td width=\"82\">2020<\/td>\n<td width=\"82\">Ram<\/td>\n<td width=\"124\">1500 Classic<\/td>\n<td width=\"512\">Express, SLT, Special Service, Tradesman, Warlock<\/td>\n<td width=\"204\">5.7L<\/td>\n<\/tr>\n<tr>\n<td width=\"82\">2019<\/td>\n<td width=\"82\">Ram<\/td>\n<td width=\"124\">1500<\/td>\n<td width=\"512\">Big Horn, Laramie, Laramie Longhorn, Limited, Lone Star, Rebel, Tradesman<\/td>\n<td width=\"204\">5.7L<\/td>\n<\/tr>\n<tr>\n<td width=\"82\">2019<\/td>\n<td width=\"82\">Ram<\/td>\n<td width=\"124\">1500 Classic<\/td>\n<td width=\"512\">Big Horn, Express, Lone Star, SLT, Special Service, Tradesman, Warlock<\/td>\n<td width=\"204\">5.7L<\/td>\n<\/tr>\n<tr>\n<td width=\"82\">2018<\/td>\n<td width=\"82\">Ram<\/td>\n<td width=\"124\">1500<\/td>\n<td width=\"512\">Big Horn, Express, Laramie, Laramie Longhorn, Limited, Lone Star, Rebel, SLT, Special Service, Sport, Tradesman<\/td>\n<td width=\"204\">5.7L<\/td>\n<\/tr>\n<tr>\n<td width=\"82\">2017<\/td>\n<td width=\"82\">Ram<\/td>\n<td width=\"124\">1500<\/td>\n<td width=\"512\">Big Horn, Express, Laramie, Laramie Longhorn, Limited, Lone Star, Rebel, SLT, Special Service, Sport, Tradesman<\/td>\n<td width=\"204\">5.7L<\/td>\n<\/tr>\n<tr>\n<td width=\"82\">2016<\/td>\n<td width=\"82\">Ram<\/td>\n<td width=\"124\">1500<\/td>\n<td width=\"512\">Big Horn, Express, Laramie, Laramie Longhorn, Limited, Lone Star, Outdoorsman, Rebel, SLT, Special Service, Sport, Tradesman<\/td>\n<td width=\"204\">5.7L<\/td>\n<\/tr>\n<tr>\n<td width=\"82\">2015<\/td>\n<td width=\"82\">Ram<\/td>\n<td width=\"124\">1500<\/td>\n<td width=\"512\">Big Horn, Express, Laramie, Laramie Limited, Laramie Longhorn, Limited, Lone Star, Outdoorsman, Rebel, SLT, Special Service, Sport, Tradesman<\/td>\n<td width=\"204\">5.7L<\/td>\n<\/tr>\n<tr>\n<td width=\"82\">2014<\/td>\n<td width=\"82\">Ram<\/td>\n<td width=\"124\">1500<\/td>\n<td width=\"512\">Big Horn, Express, HFE, Laramie, Laramie Limited, Laramie Longhorn, Lone Star, Outdoorsman, SLT, Special Service, Sport, Tradesman<\/td>\n<td width=\"204\">5.7L<\/td>\n<\/tr>\n<tr>\n<td width=\"82\">2013<\/td>\n<td width=\"82\">Ram<\/td>\n<td width=\"124\">1500<\/td>\n<td width=\"512\">Big Horn, Express, Laramie, Laramie Longhorn, Outdoorsman, R\/T, SLT, Sport, Tradesman<\/td>\n<td width=\"204\">5.7L<\/td>\n<\/tr>\n<tr>\n<td width=\"82\">2012<\/td>\n<td width=\"82\">Ram<\/td>\n<td width=\"124\">1500<\/td>\n<td width=\"512\">Big Horn, Express, Laramie, Laramie Longhorn, Outdoorsman, SLT, ST, Sport, Tradesman<\/td>\n<td width=\"204\">5.7L<\/td>\n<\/tr>\n<tr>\n<td width=\"82\">2011<\/td>\n<td width=\"82\">Ram<\/td>\n<td width=\"124\">1500<\/td>\n<td width=\"512\">Big Horn, Laramie, Laramie Longhorn, Outdoorsman, SLT, ST, Sport, Tradesman<\/td>\n<td width=\"204\">5.7L<\/td>\n<\/tr>\n<tr>\n<td width=\"82\">2010<\/td>\n<td width=\"82\">Dodge<\/td>\n<td width=\"124\">Ram 1500<\/td>\n<td width=\"512\">Laramie, SLT, ST, Sport, TRX, TRX4<\/td>\n<td width=\"204\">5.7L<\/td>\n<\/tr>\n<tr>\n<td width=\"82\">2009<\/td>\n<td width=\"82\">Chrysler<\/td>\n<td width=\"124\">Aspen<\/td>\n<td width=\"512\">Limited, Limited Hybrid<\/td>\n<td width=\"204\">5.7L<\/td>\n<\/tr>\n<tr>\n<td width=\"82\">2009<\/td>\n<td width=\"82\">Dodge<\/td>\n<td width=\"124\">Durango<\/td>\n<td width=\"512\">Limited, Limited Hybrid, SE, SLT<\/td>\n<td width=\"204\">5.7L<\/td>\n<\/tr>\n<tr>\n<td width=\"82\">2009<\/td>\n<td width=\"82\">Dodge<\/td>\n<td width=\"124\">Ram 1500<\/td>\n<td width=\"512\">Laramie, SLT, ST, Sport, TRX, TRX4<\/td>\n<td width=\"204\">5.7L<\/td>\n<\/tr>\n<\/tbody>\n<\/table>\n<p><strong>Ne<\/strong> vhodn\u00e9 pro E-Torque!<\/p>\n<p>&nbsp;<\/p>\n<h4>Pro\u010d si vybrat origin\u00e1ln\u00ed n\u00e1hradn\u00ed d\u00edly Mopar?<\/h4>\n<p><strong>Perfektn\u011b padnouc\u00ed a \u0161pi\u010dkov\u00e9 kvality:<\/strong> Origin\u00e1ln\u00ed n\u00e1hradn\u00ed d\u00edly Mopar jsou vyr\u00e1b\u011bny podle p\u0159\u00edsn\u00fdch specifikac\u00ed v\u00fdrobce, co\u017e znamen\u00e1, \u017ee do va\u0161eho vozidla dokonale pasuj\u00ed. T\u00edm je zaji\u0161t\u011bna nejen snadn\u00e1 instalace, ale tak\u00e9 optim\u00e1ln\u00ed funkce a bezpe\u010dnost.<\/p>\n<p><strong>Spolehlivost a trvanlivost:<\/strong> D\u00edky pou\u017eit\u00ed vysoce kvalitn\u00edch materi\u00e1l\u016f a p\u0159\u00edsn\u00e9 kontrole kvality zaji\u0161\u0165uj\u00ed n\u00e1hradn\u00ed d\u00edly Mopar spolehlivou funkci va\u0161eho vozidla i v extr\u00e9mn\u00edch podm\u00ednk\u00e1ch. Jsou navr\u017eeny tak, aby vydr\u017eely a maximalizovaly v\u00fdkon va\u0161eho vozidla.<\/p>\n<p>&nbsp;<\/p>\n<p>&nbsp;<\/p>","protected":false},"excerpt":{"rendered":"<p>Origin\u00e1ln\u00ed d\u00edl Mopar<\/p>\n<p>2009\u20132024<\/p>","protected":false},"featured_media":68314733,"comment_status":"open","ping_status":"closed","template":"","meta":{"_acf_changed":false},"product_brand":[16270],"product_cat":[10262,6748,6753],"product_tag":[18767,18766,475,6450,10557,10558,49,31,8813,9424,16271,16273,16275,16272,16274,7221,336,2425,86],"class_list":{"0":"post-68314731","1":"product","2":"type-product","3":"status-publish","4":"has-post-thumbnail","6":"product_brand-mopar","7":"product_cat-alle-produkte","8":"product_cat-1500-57-2009-2018-classic-nockenwelle-ventiltrieb","9":"product_cat-1500-57-dt-nockenwelle-ventiltrieb","10":"product_tag-053022263ae","11":"product_tag-053022263af","12":"product_tag-475","13":"product_tag-1500-classic","14":"product_tag-53022263ae","15":"product_tag-53022263af","16":"product_tag-dodge","17":"product_tag-mopar","18":"product_tag-mopar-autoteile","19":"product_tag-mopar-ersatzteile","20":"product_tag-mopar-ersatzteile-kaufen","21":"product_tag-mopar-performance-teile","22":"product_tag-mopar-teile-katalog","23":"product_tag-mopar-teile-online","24":"product_tag-mopar-tuningteile","25":"product_tag-mopar10","26":"product_tag-nockenwelle","27":"product_tag-originalteil","28":"product_tag-ram","30":"first","31":"instock","32":"taxable","33":"shipping-taxable","34":"purchasable","35":"product-type-simple"},"bundled_by":[],"bundle_stock_status":"instock","bundle_stock_quantity":2,"bundle_virtual":false,"bundle_layout":"","bundle_add_to_cart_form_location":"","bundle_editable_in_cart":false,"bundle_sold_individually_context":"","bundle_item_grouping":"","bundle_min_size":"","bundle_max_size":"","bundle_price":[],"bundled_items":[],"bundle_sell_ids":[],"exclude_global_add_ons":[],"addons":[],"acf":[],"_links":{"self":[{"href":"https:\/\/kraftwerk-shop.cc\/cs\/wp-json\/wp\/v2\/product\/68314731","targetHints":{"allow":["GET"]}}],"collection":[{"href":"https:\/\/kraftwerk-shop.cc\/cs\/wp-json\/wp\/v2\/product"}],"about":[{"href":"https:\/\/kraftwerk-shop.cc\/cs\/wp-json\/wp\/v2\/types\/product"}],"replies":[{"embeddable":true,"href":"https:\/\/kraftwerk-shop.cc\/cs\/wp-json\/wp\/v2\/comments?post=68314731"}],"version-history":[{"count":0,"href":"https:\/\/kraftwerk-shop.cc\/cs\/wp-json\/wp\/v2\/product\/68314731\/revisions"}],"wp:featuredmedia":[{"embeddable":true,"href":"https:\/\/kraftwerk-shop.cc\/cs\/wp-json\/wp\/v2\/media\/68314733"}],"wp:attachment":[{"href":"https:\/\/kraftwerk-shop.cc\/cs\/wp-json\/wp\/v2\/media?parent=68314731"}],"wp:term":[{"taxonomy":"product_brand","embeddable":true,"href":"https:\/\/kraftwerk-shop.cc\/cs\/wp-json\/wp\/v2\/product_brand?post=68314731"},{"taxonomy":"product_cat","embeddable":true,"href":"https:\/\/kraftwerk-shop.cc\/cs\/wp-json\/wp\/v2\/product_cat?post=68314731"},{"taxonomy":"product_tag","embeddable":true,"href":"https:\/\/kraftwerk-shop.cc\/cs\/wp-json\/wp\/v2\/product_tag?post=68314731"}],"curies":[{"name":"wp","href":"https:\/\/api.w.org\/{rel}","templated":true}]}}