{"id":68314880,"date":"2025-02-01T22:21:25","date_gmt":"2025-02-01T21:21:25","guid":{"rendered":"https:\/\/kraftwerk-shop.cc\/?post_type=product&#038;p=68314880"},"modified":"2026-04-07T17:42:31","modified_gmt":"2026-04-07T15:42:31","slug":"upgrade-vodniho-cerpadla-ram-cummins-68461455aa","status":"publish","type":"product","link":"https:\/\/kraftwerk-shop.cc\/cs\/produkt\/upgrade-wasserpumpe-ram-cummins-68461455aa\/","title":{"rendered":"Upgrade chladic\u00edho vodn\u00edho \u010derpadla RAM 5.9 a 6.7 Cummins"},"content":{"rendered":"<h1>Upgrade chladic\u00edho vodn\u00edho \u010derpadla pro motory RAM 2500 a 3500 5.9 a 6.7 Cummins z let 2001 a\u017e 2012<\/h1>\n<p>&nbsp;<\/p>\n<p><strong>Srovn\u00e1vac\u00ed \u010d\u00edsla Mopar:<\/strong> <span class=\"list-value\">5003665AB, 5010964AB, 5086959AA, 5086959AB, 68003402AA, 68003402AB, R5086959AB, R8003402AA, R8003402AB<\/span>, <span class=\"list-value sku-display\">68461455AA<\/span><\/p>\n<p>&nbsp;<\/p>\n<p><strong>Vlastnosti<\/strong><\/p>\n<ul>\n<li>Kalen\u00e1 lo\u017eiska<\/li>\n<li>P\u0159esn\u00e9 CNC obr\u00e1b\u011bn\u00e9 povrchy<\/li>\n<li>Kovov\u00e9 kolo (origin\u00e1ln\u00ed d\u00edl Mopar pou\u017e\u00edv\u00e1 k\u0159ehk\u00e9 plastov\u00e9 kolo)<\/li>\n<li>V\u010detn\u011b t\u011bsn\u011bn\u00ed vodn\u00edho \u010derpadla<\/li>\n<\/ul>\n<p>&nbsp;<\/p>\n<p><strong>V\u00fdhody lo\u017eisek kalen\u00fdch ve sk\u0159\u00edni<\/strong><\/p>\n<p>Toto chladic\u00ed vodn\u00ed \u010derpadlo vyu\u017e\u00edv\u00e1 lo\u017eiska kalen\u00e1 v pouzd\u0159e vyvinut\u00e1 podle specifikac\u00ed p\u016fvodn\u00edho v\u00fdrobce tak, aby spl\u0148ovala specifick\u00e9 po\u017eadavky na radi\u00e1ln\u00ed to\u010div\u00fd moment a axi\u00e1ln\u00ed zat\u00ed\u017een\u00ed pro ka\u017edou aplikaci.<br \/>\nTato vysoce kvalitn\u00ed lo\u017eiska kalen\u00e1 v pouzd\u0159e maj\u00ed vy\u0161\u0161\u00ed nosnost a jsou robustn\u00ed na vn\u011bj\u0161\u00ed stran\u011b, ale pru\u017en\u00e1 uvnit\u0159. D\u00edky tomu jsou ide\u00e1ln\u00ed pro odol\u00e1v\u00e1n\u00ed nevyv\u00e1\u017eenosti nebo vibrac\u00edm v chladic\u00edm syst\u00e9mu.<\/p>\n<p>&nbsp;<\/p>\n<ul>\n<li>Dlouh\u00e1 \u017eivotnost<\/li>\n<li>Vysok\u00e1 nosnost<\/li>\n<li>Zvenku tvrd\u00fd, zevnit\u0159 pru\u017en\u00fd<\/li>\n<li>Odol\u00e1v\u00e1 nerovnov\u00e1ze nebo vibrac\u00edm v chladic\u00edm syst\u00e9mu.<\/li>\n<\/ul>\n<p>&nbsp;<\/p>\n<p><strong>V\u00fdhody p\u0159esn\u00fdch CNC fr\u00e9zovan\u00fdch povrch\u016f<\/strong><\/p>\n<p>Vodn\u00ed \u010derpadlo je vyrobeno podle specifikac\u00ed p\u016fvodn\u00edho odlitku a v\u0161echny mont\u00e1\u017en\u00ed plochy jsou n\u00e1sledn\u011b vyfr\u00e9zov\u00e1ny na CNC.<br \/>\nTo umo\u017e\u0148uje snadnou instalaci a zaji\u0161\u0165uje p\u0159esn\u00e9 ut\u011bsn\u011bn\u00ed v\u0161ech spojovan\u00fdch ploch. Net\u011bsn\u00e9 spojen\u00ed zaji\u0161\u0165uje dlouhou \u017eivotnost komponent a maxim\u00e1ln\u00ed \u00fa\u010dinnost.<\/p>\n<p>&nbsp;<\/p>\n<ul>\n<li>Zaru\u010den\u00e1 p\u0159esnost ulo\u017een\u00ed s odpov\u00eddaj\u00edc\u00edmi komponenty<\/li>\n<li>Zabra\u0148uje \u00fanik\u016fm<\/li>\n<li>Kontrolov\u00e1no a testov\u00e1no podle norem ISO9001:2015<\/li>\n<\/ul>\n<p>&nbsp;<\/p>\n<p><strong>V\u00fdhody kovov\u00fdch ob\u011b\u017en\u00fdch kol<\/strong><\/p>\n<p>Kovov\u00e1 ob\u011b\u017en\u00e1 kola jsou mnohem lep\u0161\u00ed ne\u017e plastov\u00e1. Pou\u017eit\u00edm kovov\u00fdch ob\u011b\u017en\u00fdch kol zvl\u00e1dne vodn\u00ed \u010derpadlo vy\u0161\u0161\u00ed kroutic\u00ed momenty a vy\u0161\u0161\u00ed teploty.<br \/>\nTo nejen pom\u00e1h\u00e1 zlep\u0161it v\u00fdkon, ale tak\u00e9 zabra\u0148uje selh\u00e1n\u00ed komponent\u016f zp\u016fsoben\u00e9mu zlomen\u00fdmi nebo deformovan\u00fdmi koly.<\/p>\n<p>&nbsp;<\/p>\n<ul>\n<li>Odol\u00e1v\u00e1 vysok\u00fdm teplot\u00e1m<\/li>\n<li>Odolnost v\u016f\u010di chemik\u00e1li\u00edm<\/li>\n<li>V\u00fdkonn\u00fd p\u0159i vysok\u00fdch rychlostech<\/li>\n<li>Nedeformuje se<\/li>\n<li>Odol\u00e1v\u00e1 vysok\u00fdm kroutic\u00edm moment\u016fm<\/li>\n<li>Nefragmentuje<\/li>\n<li>\u017d\u00e1dn\u00e9 praskliny p\u0159i lisov\u00e1n\u00ed<\/li>\n<li>Extr\u00e9mn\u011b odoln\u00e9<\/li>\n<li>Odol\u00e1v\u00e1 toleranc\u00edm u motor\u016f s vysok\u00fdm po\u010dtem najet\u00fdch kilometr\u016f<\/li>\n<\/ul>\n<p>&nbsp;<\/p>\n<p><strong>Vhodn\u00e9 pro:<\/strong><\/p>\n<table width=\"1004\">\n<tbody>\n<tr>\n<td width=\"82\"><strong>Rok v\u00fdstavby<\/strong><\/td>\n<td width=\"82\"><strong>Zna\u010dka<\/strong><\/td>\n<td width=\"124\"><strong>Model<\/strong><\/td>\n<td width=\"512\"><strong>Verze<\/strong><\/td>\n<td width=\"204\"><strong>Motor<\/strong><\/td>\n<\/tr>\n<tr>\n<td width=\"82\">2012<\/td>\n<td width=\"82\">Ram<\/td>\n<td width=\"124\">2500<\/td>\n<td width=\"512\">Laramie, Laramie Longhorn, Outdoorsman, SLT, ST<\/td>\n<td width=\"204\">6.7L<\/td>\n<\/tr>\n<tr>\n<td width=\"82\">2012<\/td>\n<td width=\"82\">Ram<\/td>\n<td width=\"124\">3500<\/td>\n<td width=\"512\">Laramie, Laramie Longhorn, SLT, ST<\/td>\n<td width=\"204\">6.7L<\/td>\n<\/tr>\n<tr>\n<td width=\"82\">2011<\/td>\n<td width=\"82\">Ram<\/td>\n<td width=\"124\">2500<\/td>\n<td width=\"512\">Laramie, Laramie Longhorn, SLT, ST<\/td>\n<td width=\"204\">6.7L<\/td>\n<\/tr>\n<tr>\n<td width=\"82\">2011<\/td>\n<td width=\"82\">Ram<\/td>\n<td width=\"124\">3500<\/td>\n<td width=\"512\">Laramie, Laramie Longhorn, SLT, ST<\/td>\n<td width=\"204\">6.7L<\/td>\n<\/tr>\n<tr>\n<td width=\"82\">2010<\/td>\n<td width=\"82\">Dodge<\/td>\n<td width=\"124\">Ram 2500<\/td>\n<td width=\"512\">Laramie, SLT, ST, TRX<\/td>\n<td width=\"204\">6.7L<\/td>\n<\/tr>\n<tr>\n<td width=\"82\">2010<\/td>\n<td width=\"82\">Dodge<\/td>\n<td width=\"124\">Ram 3500<\/td>\n<td width=\"512\">Laramie, SLT, ST<\/td>\n<td width=\"204\">6.7L<\/td>\n<\/tr>\n<tr>\n<td width=\"82\">2009<\/td>\n<td width=\"82\">Dodge<\/td>\n<td width=\"124\">Ram 2500<\/td>\n<td width=\"512\">Laramie, SLT, ST, SXT<\/td>\n<td width=\"204\">5.9L, 6.7L<\/td>\n<\/tr>\n<tr>\n<td width=\"82\">2009<\/td>\n<td width=\"82\">Dodge<\/td>\n<td width=\"124\">Ram 3500<\/td>\n<td width=\"512\">Laramie, SLT, ST, SXT<\/td>\n<td width=\"204\">6.7L<\/td>\n<\/tr>\n<tr>\n<td width=\"82\">2008<\/td>\n<td width=\"82\">Dodge<\/td>\n<td width=\"124\">Ram 2500<\/td>\n<td width=\"512\">Laramie, SLT, ST, SXT<\/td>\n<td width=\"204\">5.9L, 6.7L<\/td>\n<\/tr>\n<tr>\n<td width=\"82\">2008<\/td>\n<td width=\"82\">Dodge<\/td>\n<td width=\"124\">Ram 3500<\/td>\n<td width=\"512\">Laramie, SLT, ST<\/td>\n<td width=\"204\">5.9L, 6.7L<\/td>\n<\/tr>\n<tr>\n<td width=\"82\">2007<\/td>\n<td width=\"82\">Dodge<\/td>\n<td width=\"124\">Ram 2500<\/td>\n<td width=\"512\">Laramie, SLT, ST, Sport, TRX4<\/td>\n<td width=\"204\">5.9L, 6.7L<\/td>\n<\/tr>\n<tr>\n<td width=\"82\">2007<\/td>\n<td width=\"82\">Dodge<\/td>\n<td width=\"124\">Ram 3500<\/td>\n<td width=\"512\">Laramie, SLT, ST, Sport, TRX4<\/td>\n<td width=\"204\">5.9L, 6.7L<\/td>\n<\/tr>\n<tr>\n<td width=\"82\">2006<\/td>\n<td width=\"82\">Dodge<\/td>\n<td width=\"124\">Ram 2500<\/td>\n<td width=\"512\">Laramie, SLT, ST<\/td>\n<td width=\"204\">5.9L<\/td>\n<\/tr>\n<tr>\n<td width=\"82\">2006<\/td>\n<td width=\"82\">Dodge<\/td>\n<td width=\"124\">Ram 3500<\/td>\n<td width=\"512\">Laramie, SLT, ST<\/td>\n<td width=\"204\">5.9L<\/td>\n<\/tr>\n<tr>\n<td width=\"82\">2005<\/td>\n<td width=\"82\">Dodge<\/td>\n<td width=\"124\">Ram 2500<\/td>\n<td width=\"512\">SLT, ST<\/td>\n<td width=\"204\">5.9L<\/td>\n<\/tr>\n<tr>\n<td width=\"82\">2005<\/td>\n<td width=\"82\">Dodge<\/td>\n<td width=\"124\">Ram 3500<\/td>\n<td width=\"512\">SLT, ST<\/td>\n<td width=\"204\">5.9L<\/td>\n<\/tr>\n<tr>\n<td width=\"82\">2004<\/td>\n<td width=\"82\">Dodge<\/td>\n<td width=\"124\">Ram 2500<\/td>\n<td width=\"512\">SLT, ST<\/td>\n<td width=\"204\">5.9L<\/td>\n<\/tr>\n<tr>\n<td width=\"82\">2004<\/td>\n<td width=\"82\">Dodge<\/td>\n<td width=\"124\">Ram 3500<\/td>\n<td width=\"512\">SLT, ST<\/td>\n<td width=\"204\">5.9L<\/td>\n<\/tr>\n<tr>\n<td width=\"82\">2003<\/td>\n<td width=\"82\">Dodge<\/td>\n<td width=\"124\">Ram 2500<\/td>\n<td width=\"512\">SLT, ST<\/td>\n<td width=\"204\">5.9L<\/td>\n<\/tr>\n<tr>\n<td width=\"82\">2003<\/td>\n<td width=\"82\">Dodge<\/td>\n<td width=\"124\">Ram 3500<\/td>\n<td width=\"512\">SLT, ST<\/td>\n<td width=\"204\">5.9L<\/td>\n<\/tr>\n<tr>\n<td width=\"82\">2002<\/td>\n<td width=\"82\">Dodge<\/td>\n<td width=\"124\">Ram 2500<\/td>\n<td width=\"512\">Base<\/td>\n<td width=\"204\">5.9L<\/td>\n<\/tr>\n<tr>\n<td width=\"82\">2002<\/td>\n<td width=\"82\">Dodge<\/td>\n<td width=\"124\">Ram 3500<\/td>\n<td width=\"512\">Base<\/td>\n<td width=\"204\">5.9L<\/td>\n<\/tr>\n<tr>\n<td width=\"82\">2001<\/td>\n<td width=\"82\">Dodge<\/td>\n<td width=\"124\">Ram 2500<\/td>\n<td width=\"512\">Base<\/td>\n<td width=\"204\">5.9L<\/td>\n<\/tr>\n<tr>\n<td width=\"82\">2001<\/td>\n<td width=\"82\">Dodge<\/td>\n<td width=\"124\">Ram 3500<\/td>\n<td width=\"512\">Base<\/td>\n<td width=\"204\">5.9L<\/td>\n<\/tr>\n<\/tbody>\n<\/table>\n<p>&nbsp;<\/p>","protected":false},"excerpt":{"rendered":"<p>2001 - 2012<\/p>","protected":false},"featured_media":68314883,"comment_status":"open","ping_status":"closed","template":"","meta":{"_acf_changed":false},"product_brand":[],"product_cat":[10262,2929],"product_tag":[18757,18758,18759,18760,506,507,10586,10587,10588,10589,7200,10590,10591,10585,7201,49,5255,6426,10592,10593,10594,86,6333,7666,216,6430,5254,673],"class_list":{"0":"post-68314880","1":"product","2":"type-product","3":"status-publish","4":"has-post-thumbnail","6":"product_cat-alle-produkte","7":"product_cat-67-cummins-kuehlung","8":"product_tag-0003665ab","9":"product_tag-0010964ab","10":"product_tag-0086959aa","11":"product_tag-0086959ab","12":"product_tag-506","13":"product_tag-507","14":"product_tag-5003665ab","15":"product_tag-5010964ab","16":"product_tag-5086959aa","17":"product_tag-5086959ab","18":"product_tag-6-7","19":"product_tag-68003402aa","20":"product_tag-68003402ab","21":"product_tag-68461455aa","22":"product_tag-cummins","23":"product_tag-dodge","24":"product_tag-kuehlwasserpumpe","25":"product_tag-luefterkupplung","26":"product_tag-r5086959ab","27":"product_tag-r8003402aa","28":"product_tag-r8003402ab","29":"product_tag-ram","30":"product_tag-ram-2500","31":"product_tag-ram-3500","32":"product_tag-upgrade","33":"product_tag-usmotor","34":"product_tag-wasserpumpe","35":"product_tag-zubehoer","36":"product_shipping_class-deutschlandohne","38":"first","39":"instock","40":"taxable","41":"shipping-taxable","42":"purchasable","43":"product-type-simple"},"bundled_by":[],"bundle_stock_status":"instock","bundle_stock_quantity":1,"bundle_virtual":false,"bundle_layout":"","bundle_add_to_cart_form_location":"","bundle_editable_in_cart":false,"bundle_sold_individually_context":"","bundle_item_grouping":"","bundle_min_size":"","bundle_max_size":"","bundle_price":[],"bundled_items":[],"bundle_sell_ids":[],"exclude_global_add_ons":[],"addons":[],"acf":[],"_links":{"self":[{"href":"https:\/\/kraftwerk-shop.cc\/cs\/wp-json\/wp\/v2\/product\/68314880","targetHints":{"allow":["GET"]}}],"collection":[{"href":"https:\/\/kraftwerk-shop.cc\/cs\/wp-json\/wp\/v2\/product"}],"about":[{"href":"https:\/\/kraftwerk-shop.cc\/cs\/wp-json\/wp\/v2\/types\/product"}],"replies":[{"embeddable":true,"href":"https:\/\/kraftwerk-shop.cc\/cs\/wp-json\/wp\/v2\/comments?post=68314880"}],"version-history":[{"count":0,"href":"https:\/\/kraftwerk-shop.cc\/cs\/wp-json\/wp\/v2\/product\/68314880\/revisions"}],"wp:featuredmedia":[{"embeddable":true,"href":"https:\/\/kraftwerk-shop.cc\/cs\/wp-json\/wp\/v2\/media\/68314883"}],"wp:attachment":[{"href":"https:\/\/kraftwerk-shop.cc\/cs\/wp-json\/wp\/v2\/media?parent=68314880"}],"wp:term":[{"taxonomy":"product_brand","embeddable":true,"href":"https:\/\/kraftwerk-shop.cc\/cs\/wp-json\/wp\/v2\/product_brand?post=68314880"},{"taxonomy":"product_cat","embeddable":true,"href":"https:\/\/kraftwerk-shop.cc\/cs\/wp-json\/wp\/v2\/product_cat?post=68314880"},{"taxonomy":"product_tag","embeddable":true,"href":"https:\/\/kraftwerk-shop.cc\/cs\/wp-json\/wp\/v2\/product_tag?post=68314880"}],"curies":[{"name":"wp","href":"https:\/\/api.w.org\/{rel}","templated":true}]}}