{"id":68314886,"date":"2025-02-01T23:30:01","date_gmt":"2025-02-01T22:30:01","guid":{"rendered":"https:\/\/kraftwerk-shop.cc\/?post_type=product&#038;p=68314886"},"modified":"2026-02-15T01:17:11","modified_gmt":"2026-02-15T00:17:11","slug":"bd-vyfukove-potrubi-1046068-ram-cummins","status":"publish","type":"product","link":"https:\/\/kraftwerk-shop.cc\/cs\/produkt\/bd-abgaskruemmer-1046068-ram-cummins\/","title":{"rendered":"Sada v\u00fdfukov\u00e9ho potrub\u00ed BD 1046068 RAM 6.7 Cummins"},"content":{"rendered":"<h1>Sada v\u00fdfukov\u00e9ho potrub\u00ed BD 1046068 pro RAM 6.7 Cummins od 2013 do 2018<\/h1>\n<p>&nbsp;<\/p>\n<p><strong>Srovn\u00e1vac\u00ed \u010d\u00edslo Mopar:<\/strong> 68205983AA<\/p>\n<p>Sada v\u00fdfukov\u00e9ho potrub\u00ed BD Diesel pro podvozky Dodge\/RAM 6,7L Cummins 3500\/4500\/5500 Cab z let 2013-2018 je speci\u00e1ln\u011b navr\u017eena tak, aby odol\u00e1vala extr\u00e9mn\u00edm teplot\u00e1m a vibrac\u00edm, ke kter\u00fdm doch\u00e1z\u00ed p\u0159i regeneraci DPF. Toto pln\u011b d\u011blen\u00e9 pulzn\u00ed sb\u011brn\u00e9 potrub\u00ed, vyroben\u00e9 z tv\u00e1rn\u00e9 litiny s vysok\u00fdm obsahem k\u0159em\u00edku, nab\u00edz\u00ed zv\u00fd\u0161enou odolnost a spolehlivost.<\/p>\n<div class=\"relative inline-flex items-center\"><\/div>\n<p><strong>Hlavn\u00ed funkce:<\/strong><\/p>\n<ul>\n<li><strong>Kompatibilita s EGR:<\/strong> Pln\u011b kompatibiln\u00ed se syst\u00e9mem recirkulace v\u00fdfukov\u00fdch plyn\u016f (EGR).<\/li>\n<li><strong>Robustn\u00ed konstrukce:<\/strong> Silnost\u011bnn\u00fd odlitek a dvoud\u00edln\u00e1 konstrukce umo\u017e\u0148uj\u00ed rozta\u017enost a smr\u0161\u0165ov\u00e1n\u00ed rozd\u011blova\u010de, co\u017e sni\u017euje tepelnou \u00fanavu a v\u00fdrazn\u011b prodlu\u017euje \u017eivotnost rozd\u011blova\u010de.<\/li>\n<li><strong>Kompletn\u00ed instala\u010dn\u00ed sada:<\/strong> Sou\u010d\u00e1st\u00ed balen\u00ed jsou t\u011bsn\u011bn\u00ed pro EGR port, v\u00fdfukov\u00fd port a mont\u00e1\u017e turbodmychadla, jako\u017e i \u010dern\u00e9 \u0161rouby s oxidov\u00fdm povlakem t\u0159\u00eddy 10.9 a distan\u010dn\u00ed podlo\u017eky pro snadnou instalaci.<\/li>\n<li><strong>P\u0159edvrtan\u00e9 spoje:<\/strong> P\u0159edvrtan\u00e9 otvory pro pyrometrick\u00e9 sondy, kter\u00e9 usnad\u0148uj\u00ed sledov\u00e1n\u00ed teploty v\u00fdfukov\u00fdch plyn\u016f.<\/li>\n<\/ul>\n<p>&nbsp;<\/p>\n<p><strong>Dal\u0161\u00ed informace:<\/strong><\/p>\n<ul>\n<li>Doba instalace<strong>:<\/strong> P\u0159ibli\u017en\u011b 9 hodin<\/li>\n<\/ul>\n<p>&nbsp;<\/p>\n<p>&nbsp;<\/p>\n<p><strong>Vhodn\u00e9 pro:<\/strong><\/p>\n<table width=\"1100\">\n<tbody>\n<tr>\n<td width=\"91\"><strong>Rok v\u00fdstavby<\/strong><\/td>\n<td width=\"111\"><strong>Zna\u010dka<\/strong><\/td>\n<td width=\"106\"><strong>Model<\/strong><\/td>\n<td width=\"536\"><strong>Verze<\/strong><\/td>\n<td width=\"256\"><strong>Motor<\/strong><\/td>\n<\/tr>\n<tr>\n<td width=\"91\">2018<\/td>\n<td width=\"111\">Ram<\/td>\n<td width=\"106\">3500<\/td>\n<td width=\"536\">Laramie, SLT, Tradesman<\/td>\n<td width=\"256\">6.7L<\/td>\n<\/tr>\n<tr>\n<td width=\"91\">2017<\/td>\n<td width=\"111\">Ram<\/td>\n<td width=\"106\">3500<\/td>\n<td width=\"536\">Laramie, SLT, Tradesman<\/td>\n<td width=\"256\">6.7L<\/td>\n<\/tr>\n<tr>\n<td width=\"91\">2016<\/td>\n<td width=\"111\">Ram<\/td>\n<td width=\"106\">3500<\/td>\n<td width=\"536\">Laramie, SLT, Tradesman<\/td>\n<td width=\"256\">6.7L<\/td>\n<\/tr>\n<tr>\n<td width=\"91\">2015<\/td>\n<td width=\"111\">Ram<\/td>\n<td width=\"106\">3500<\/td>\n<td width=\"536\">Laramie, SLT, Tradesman<\/td>\n<td width=\"256\">6.7L<\/td>\n<\/tr>\n<tr>\n<td width=\"91\">2014<\/td>\n<td width=\"111\">Ram<\/td>\n<td width=\"106\">3500<\/td>\n<td width=\"536\">Laramie, SLT, Tradesman<\/td>\n<td width=\"256\">6.7L<\/td>\n<\/tr>\n<tr>\n<td width=\"91\">2013<\/td>\n<td width=\"111\">Ram<\/td>\n<td width=\"106\">3500<\/td>\n<td width=\"536\">Laramie, SLT, Tradesman<\/td>\n<td width=\"256\">6.7L<\/td>\n<\/tr>\n<\/tbody>\n<\/table>\n<p>&nbsp;<\/p>\n<p><strong>O v\u00fdrobci<\/strong><\/p>\n<p>Spole\u010dnost BD byla zalo\u017eena v roce 1972 jako Valley Fuel Injection Ltd. a proslavila se v roce 1989, kdy p\u0159edstavila prvn\u00ed v\u00fdfukovou brzdu pro nov\u011b vznikaj\u00edc\u00ed trh s dieselov\u00fdmi pick-upy. Dnes tvo\u0159\u00ed Valley Fuel Injection (nyn\u00ed BD Diesel Truck Service &amp; Performance Centre) a BD Diesel Performance jednu spole\u010dnost se specializovan\u00fdmi divizemi pro komponenty dieselov\u00fdch pohonn\u00fdch jednotek. BD je inovativn\u00ed a glob\u00e1ln\u00ed spole\u010dnost, kter\u00e1 distribuuje produkty pro severoamerick\u00fd trh, a to jak pro vzn\u011btov\u00e9, tak pro z\u00e1\u017eehov\u00e9 motory. Na\u0161e sada v\u00fdfukov\u00e9ho potrub\u00ed pro RAM 5.7 je vysoce kvalitn\u00ed v\u00fdrobek pro v\u00e1\u0161 RAM, kter\u00fd zaji\u0161\u0165uje optim\u00e1ln\u00ed v\u00fdkon a \u00fa\u010dinnost.<\/p>\n<p>&nbsp;<\/p>","protected":false},"excerpt":{"rendered":"<p>2013\u20132018<\/p>","protected":false},"featured_media":68314891,"comment_status":"open","ping_status":"closed","template":"","meta":{"_acf_changed":false},"product_brand":[20019],"product_cat":[10262,2925],"product_tag":[10596,506,507,7200,10595,605,9618,9614,9606,9621,9610,9605,9619,9631,9626,9622,9613,9616,9601,9615,9627,9633,9624,9634,9636,9625,9617,9623,9637,9629,9607,9609,9611,9612,9620,9608,9632,9628,9635,9630,6579,9599,20099,20100,7201,9602,476,9603,9407,9604,550,393,86,216,9406],"class_list":{"0":"post-68314886","1":"product","2":"type-product","3":"status-publish","4":"has-post-thumbnail","6":"product_brand-bd-diesel","7":"product_cat-alle-produkte","8":"product_cat-67-cummins-abgasanlage","9":"product_tag-10596","10":"product_tag-506","11":"product_tag-507","12":"product_tag-6-7","13":"product_tag-68205983aa","14":"product_tag-abgaskruemmer","15":"product_tag-abgaskruemmer-angebote","16":"product_tag-abgaskruemmer-anleitung","17":"product_tag-abgaskruemmer-austausch","18":"product_tag-abgaskruemmer-bewertungen","19":"product_tag-abgaskruemmer-bolzen","20":"product_tag-abgaskruemmer-dichtung","21":"product_tag-abgaskruemmer-erfahrungen","22":"product_tag-abgaskruemmer-ersatzteile","23":"product_tag-abgaskruemmer-garantie","24":"product_tag-abgaskruemmer-hersteller","25":"product_tag-abgaskruemmer-installation","26":"product_tag-abgaskruemmer-kaufen","27":"product_tag-abgaskruemmer-kit","28":"product_tag-abgaskruemmer-kosten","29":"product_tag-abgaskruemmer-lebensdauer","30":"product_tag-abgaskruemmer-lieferzeit","31":"product_tag-abgaskruemmer-material","32":"product_tag-abgaskruemmer-montage","33":"product_tag-abgaskruemmer-online-shop","34":"product_tag-abgaskruemmer-passgenauigkeit","35":"product_tag-abgaskruemmer-preisvergleich","36":"product_tag-abgaskruemmer-qualitaet","37":"product_tag-abgaskruemmer-rabatt","38":"product_tag-abgaskruemmer-reinigung","39":"product_tag-abgaskruemmer-reparatur","40":"product_tag-abgaskruemmer-riss","41":"product_tag-abgaskruemmer-schrauben","42":"product_tag-abgaskruemmer-set","43":"product_tag-abgaskruemmer-testberichte","44":"product_tag-abgaskruemmer-upgrade","45":"product_tag-abgaskruemmer-versand","46":"product_tag-abgaskruemmer-wartung","47":"product_tag-abgaskruemmer-werkstatt","48":"product_tag-abgaskruemmer-zubehoer","49":"product_tag-bd","50":"product_tag-bd-abgaskruemmer","51":"product_tag-bd-diesel","52":"product_tag-bd-diesel-performance","53":"product_tag-cummins","54":"product_tag-dodge-ram-tuning","55":"product_tag-dt","56":"product_tag-edelstahl-abgaskruemmer","57":"product_tag-gerissene-kruemmer-ram","58":"product_tag-hitzeschutzband","59":"product_tag-kruemmer","60":"product_tag-leistungssteigerung","61":"product_tag-ram","62":"product_tag-upgrade","63":"product_tag-upgrade-kruemmer","64":"product_shipping_class-paket-l","66":"first","67":"onbackorder","68":"taxable","69":"shipping-taxable","70":"purchasable","71":"product-type-simple"},"bundled_by":[],"bundle_stock_status":"onbackorder","bundle_stock_quantity":0,"bundle_virtual":false,"bundle_layout":"","bundle_add_to_cart_form_location":"","bundle_editable_in_cart":false,"bundle_sold_individually_context":"","bundle_item_grouping":"","bundle_min_size":"","bundle_max_size":"","bundle_price":[],"bundled_items":[],"bundle_sell_ids":[],"exclude_global_add_ons":[],"addons":[],"acf":[],"_links":{"self":[{"href":"https:\/\/kraftwerk-shop.cc\/cs\/wp-json\/wp\/v2\/product\/68314886","targetHints":{"allow":["GET"]}}],"collection":[{"href":"https:\/\/kraftwerk-shop.cc\/cs\/wp-json\/wp\/v2\/product"}],"about":[{"href":"https:\/\/kraftwerk-shop.cc\/cs\/wp-json\/wp\/v2\/types\/product"}],"replies":[{"embeddable":true,"href":"https:\/\/kraftwerk-shop.cc\/cs\/wp-json\/wp\/v2\/comments?post=68314886"}],"version-history":[{"count":0,"href":"https:\/\/kraftwerk-shop.cc\/cs\/wp-json\/wp\/v2\/product\/68314886\/revisions"}],"wp:featuredmedia":[{"embeddable":true,"href":"https:\/\/kraftwerk-shop.cc\/cs\/wp-json\/wp\/v2\/media\/68314891"}],"wp:attachment":[{"href":"https:\/\/kraftwerk-shop.cc\/cs\/wp-json\/wp\/v2\/media?parent=68314886"}],"wp:term":[{"taxonomy":"product_brand","embeddable":true,"href":"https:\/\/kraftwerk-shop.cc\/cs\/wp-json\/wp\/v2\/product_brand?post=68314886"},{"taxonomy":"product_cat","embeddable":true,"href":"https:\/\/kraftwerk-shop.cc\/cs\/wp-json\/wp\/v2\/product_cat?post=68314886"},{"taxonomy":"product_tag","embeddable":true,"href":"https:\/\/kraftwerk-shop.cc\/cs\/wp-json\/wp\/v2\/product_tag?post=68314886"}],"curies":[{"name":"wp","href":"https:\/\/api.w.org\/{rel}","templated":true}]}}