{"id":68314926,"date":"2025-02-03T17:39:48","date_gmt":"2025-02-03T16:39:48","guid":{"rendered":"https:\/\/kraftwerk-shop.cc\/?post_type=product&#038;p=68314926"},"modified":"2026-02-15T01:17:30","modified_gmt":"2026-02-15T00:17:30","slug":"mopar-filtr-odlucovac-vody-68436631aa","status":"publish","type":"product","link":"https:\/\/kraftwerk-shop.cc\/cs\/produkt\/mopar-filter-kraftstoff-wasser-abscheider-68436631aa\/","title":{"rendered":"Filtr Mopar - odlu\u010dova\u010d vody a paliva (68436631AA)"},"content":{"rendered":"<h1>Origin\u00e1ln\u00ed filtr odlu\u010dova\u010de paliva\/vody Mopar (68436631AA) pro RAM, Gladiator a Wrangler Diesel od roku 2019<\/h1>\n<p>&nbsp;<\/p>\n<p><span lang=\"DE\"><strong>\u010c\u00edslo d\u00edlu Mopar:<\/strong> <span class=\"list-value sku-display\">68436631AA<\/span><br \/>\n<strong>Nahrazeno: <\/strong><span class=\"list-value\">\u2014<\/span><\/span><\/p>\n<p>&nbsp;<\/p>\n<p><strong>Vhodn\u00e9 pro:<\/strong><\/p>\n<table width=\"826\">\n<tbody>\n<tr>\n<td width=\"82\"><strong>Rok v\u00fdstavby<\/strong><\/td>\n<td width=\"82\"><strong>Zna\u010dka<\/strong><\/td>\n<td width=\"124\"><strong>Model<\/strong><\/td>\n<td width=\"334\"><strong>Verze<\/strong><\/td>\n<td width=\"204\"><strong>Motor<\/strong><\/td>\n<\/tr>\n<tr>\n<td width=\"82\">2024<\/td>\n<td width=\"82\">Ram<\/td>\n<td width=\"124\">2500<\/td>\n<td width=\"334\">Big Horn, Laramie, Limited, Limited Longhorn, Lone Star, Rebel, Tradesman<\/td>\n<td width=\"204\">6.7L L6 - Diesel<\/td>\n<\/tr>\n<tr>\n<td width=\"82\">2024<\/td>\n<td width=\"82\">Ram<\/td>\n<td width=\"124\">3500<\/td>\n<td width=\"334\">Big Horn, Laramie, Limited, Limited Longhorn, SLT, Tradesman<\/td>\n<td width=\"204\">6.7L L6 - Diesel<\/td>\n<\/tr>\n<tr>\n<td width=\"82\">2023<\/td>\n<td width=\"82\">Jeep<\/td>\n<td width=\"124\">Gladi\u00e1tor<\/td>\n<td width=\"334\">High Altitude, Overland, Rubicon, Sport S, Willys, Willys Sport<\/td>\n<td width=\"204\">3.0L V6 - Diesel<\/td>\n<\/tr>\n<tr>\n<td width=\"82\">2023<\/td>\n<td width=\"82\">Jeep<\/td>\n<td width=\"124\">Wrangler<\/td>\n<td width=\"334\">Neomezen\u00e1 vysok\u00e1 nadmo\u0159sk\u00e1 v\u00fd\u0161ka, Neomezen\u00e1 Sahara, Neomezen\u00e1 nadmo\u0159sk\u00e1 v\u00fd\u0161ka Sahara<\/td>\n<td width=\"204\">3.0L V6 - Diesel<\/td>\n<\/tr>\n<tr>\n<td width=\"82\">2023<\/td>\n<td width=\"82\">Ram<\/td>\n<td width=\"124\">1500<\/td>\n<td width=\"334\">Big Horn, Laramie, Limited, Limited Longhorn, Lone Star, Rebel, Tradesman<\/td>\n<td width=\"204\">3.0L V6 - Diesel<\/td>\n<\/tr>\n<tr>\n<td width=\"82\">2023<\/td>\n<td width=\"82\">Ram<\/td>\n<td width=\"124\">2500<\/td>\n<td width=\"334\">Big Horn, Laramie, Limited, Limited Longhorn, Lone Star, Rebel, Tradesman<\/td>\n<td width=\"204\">6.7L L6 - Diesel<\/td>\n<\/tr>\n<tr>\n<td width=\"82\">2023<\/td>\n<td width=\"82\">Ram<\/td>\n<td width=\"124\">3500<\/td>\n<td width=\"334\">Big Horn, Laramie, Limited, Limited Longhorn, SLT, Tradesman<\/td>\n<td width=\"204\">6.7L L6 - Diesel<\/td>\n<\/tr>\n<tr>\n<td width=\"82\">2022<\/td>\n<td width=\"82\">Jeep<\/td>\n<td width=\"124\">Gladi\u00e1tor<\/td>\n<td width=\"334\">Altitude, High Altitude, Overland, Rubicon, Sport, Sport S, Willys, Willys Sport<\/td>\n<td width=\"204\">3.0L V6 - Diesel<\/td>\n<\/tr>\n<tr>\n<td width=\"82\">2022<\/td>\n<td width=\"82\">Jeep<\/td>\n<td width=\"124\">Wrangler<\/td>\n<td width=\"334\">Unlimited High Altitude, Unlimited Rubicon, Unlimited Sahara, Unlimited Sahara Altitude, Unlimited Sport, Unlimited Sport Altitude, Unlimited Sport S, Unlimited Willys, Unlimited Willys Sport<\/td>\n<td width=\"204\">3.0L V6 - Diesel<\/td>\n<\/tr>\n<tr>\n<td width=\"82\">2022<\/td>\n<td width=\"82\">Ram<\/td>\n<td width=\"124\">1500<\/td>\n<td width=\"334\">Big Horn, Laramie, Limited, Limited Longhorn, Lone Star, Rebel, Tradesman<\/td>\n<td width=\"204\">3.0L V6 - Diesel<\/td>\n<\/tr>\n<tr>\n<td width=\"82\">2022<\/td>\n<td width=\"82\">Ram<\/td>\n<td width=\"124\">2500<\/td>\n<td width=\"334\">Big Horn, Laramie, Limited, Limited Longhorn, Lone Star, Tradesman<\/td>\n<td width=\"204\">6.7L L6 - Diesel<\/td>\n<\/tr>\n<tr>\n<td width=\"82\">2022<\/td>\n<td width=\"82\">Ram<\/td>\n<td width=\"124\">3500<\/td>\n<td width=\"334\">Big Horn, Laramie, Limited, Limited Longhorn, Lone Star, SLT, Tradesman<\/td>\n<td width=\"204\">6.7L L6 - Diesel<\/td>\n<\/tr>\n<tr>\n<td width=\"82\">2021<\/td>\n<td width=\"82\">Jeep<\/td>\n<td width=\"124\">Gladi\u00e1tor<\/td>\n<td width=\"334\">80. v\u00fdro\u010d\u00ed, High Altitude, Overland, Rubicon, Sport, Sport S, Texas Trail, Willys, Willys Sport<\/td>\n<td width=\"204\">3.0L V6 - Diesel<\/td>\n<\/tr>\n<tr>\n<td width=\"82\">2021<\/td>\n<td width=\"82\">Jeep<\/td>\n<td width=\"124\">Wrangler<\/td>\n<td width=\"334\">Unlimited 80th Anniversary, Unlimited Freedom, Unlimited High Altitude, Unlimited Islander, Unlimited Rubicon, Unlimited Sahara, Unlimited Sahara Altitude, Unlimited Sport, Unlimited Sport Altitude, Unlimited Sport S, Unlimited Willys, Unlimited Willys Sport<\/td>\n<td width=\"204\">3.0L V6 - Diesel<\/td>\n<\/tr>\n<tr>\n<td width=\"82\">2021<\/td>\n<td width=\"82\">Ram<\/td>\n<td width=\"124\">1500<\/td>\n<td width=\"334\">Big Horn, Laramie, Limited, Limited Longhorn, Lone Star, Rebel, Tradesman<\/td>\n<td width=\"204\">3.0L V6 - Diesel<\/td>\n<\/tr>\n<tr>\n<td width=\"82\">2021<\/td>\n<td width=\"82\">Ram<\/td>\n<td width=\"124\">2500<\/td>\n<td width=\"334\">Big Horn, Laramie, Limited, Limited Longhorn, Lone Star, Tradesman<\/td>\n<td width=\"204\">6.7L L6 - Diesel<\/td>\n<\/tr>\n<tr>\n<td width=\"82\">2021<\/td>\n<td width=\"82\">Ram<\/td>\n<td width=\"124\">3500<\/td>\n<td width=\"334\">Big Horn, Laramie, Limited, Limited Longhorn, Lone Star, SLT, Tradesman<\/td>\n<td width=\"204\">6.7L L6 - Diesel<\/td>\n<\/tr>\n<tr>\n<td width=\"82\">2020<\/td>\n<td width=\"82\">Jeep<\/td>\n<td width=\"124\">Wrangler<\/td>\n<td width=\"334\">Unlimited Rubicon, Unlimited Sahara, Unlimited Sport, Unlimited Sport S<\/td>\n<td width=\"204\">3.0L V6 - Diesel<\/td>\n<\/tr>\n<tr>\n<td width=\"82\">2020<\/td>\n<td width=\"82\">Ram<\/td>\n<td width=\"124\">1500<\/td>\n<td width=\"334\">Big Horn, Laramie, Laramie Longhorn, Limited, Lone Star, Rebel, Tradesman<\/td>\n<td width=\"204\">3.0L V6 - Diesel<\/td>\n<\/tr>\n<tr>\n<td width=\"82\">2020<\/td>\n<td width=\"82\">Ram<\/td>\n<td width=\"124\">2500<\/td>\n<td width=\"334\">Big Horn, Laramie, Laramie Longhorn, Limited, Lone Star, Tradesman<\/td>\n<td width=\"204\">6.7L L6 - Diesel<\/td>\n<\/tr>\n<tr>\n<td width=\"82\">2020<\/td>\n<td width=\"82\">Ram<\/td>\n<td width=\"124\">3500<\/td>\n<td width=\"334\">Laramie, Laramie Longhorn, Limited, SLT, Tradesman<\/td>\n<td width=\"204\">6.7L L6 - Diesel<\/td>\n<\/tr>\n<tr>\n<td width=\"82\">2019<\/td>\n<td width=\"82\">Ram<\/td>\n<td width=\"124\">2500<\/td>\n<td width=\"334\">Big Horn, Laramie, Laramie Longhorn, Limited, Lone Star, Tradesman<\/td>\n<td width=\"204\">6.7L L6 - Diesel<\/td>\n<\/tr>\n<tr>\n<td width=\"82\">2019<\/td>\n<td width=\"82\">Ram<\/td>\n<td width=\"124\">3500<\/td>\n<td width=\"334\">Big Horn, Laramie, Laramie Longhorn, Limited, Lone Star, SLT, Tradesman<\/td>\n<td width=\"204\">6.7L L6 - Diesel<\/td>\n<\/tr>\n<\/tbody>\n<\/table>\n<p>&nbsp;<\/p>\n<h4>Pro\u010d si vybrat origin\u00e1ln\u00ed n\u00e1hradn\u00ed d\u00edly Mopar?<\/h4>\n<p><strong>Perfektn\u011b padnouc\u00ed a \u0161pi\u010dkov\u00e9 kvality:<\/strong> Origin\u00e1ln\u00ed n\u00e1hradn\u00ed d\u00edly Mopar jsou vyr\u00e1b\u011bny podle p\u0159\u00edsn\u00fdch specifikac\u00ed v\u00fdrobce, co\u017e znamen\u00e1, \u017ee do va\u0161eho vozidla dokonale pasuj\u00ed. T\u00edm je zaji\u0161t\u011bna nejen snadn\u00e1 instalace, ale tak\u00e9 optim\u00e1ln\u00ed funkce a bezpe\u010dnost.<\/p>\n<p><strong>Spolehlivost a trvanlivost:<\/strong> D\u00edky pou\u017eit\u00ed vysoce kvalitn\u00edch materi\u00e1l\u016f a p\u0159\u00edsn\u00e9 kontrole kvality zaji\u0161\u0165uj\u00ed n\u00e1hradn\u00ed d\u00edly Mopar spolehlivou funkci va\u0161eho vozidla i v extr\u00e9mn\u00edch podm\u00ednk\u00e1ch. Jsou navr\u017eeny tak, aby vydr\u017eely a maximalizovaly v\u00fdkon va\u0161eho vozidla.<\/p>\n<p>&nbsp;<\/p>\n<p>&nbsp;<\/p>","protected":false},"excerpt":{"rendered":"<p>Origin\u00e1ln\u00ed d\u00edl Mopar<\/p>\n<p>2019\u20132024<\/p>","protected":false},"featured_media":68314932,"comment_status":"open","ping_status":"closed","template":"","meta":{"_acf_changed":false},"product_brand":[16270],"product_cat":[10262,19694,19768,19418,2927],"product_tag":[14571,475,14586,14588,419,420,2066,2373,4526,6297,506,14590,14592,89,507,14594,14596,2833,14598,14600,7200,10601,7201,875,648,2217,14572,14574,50,4442,14573,14575,4439,14577,14579,14581,14583,14585,10602,31,8813,9424,16271,16273,16275,16272,16274,7221,86,3507,14587,14589,6333,14591,14593,7666,14595,14597,14122,14599,14601,175,14576,14578,14580,14582,14584],"class_list":{"0":"post-68314926","1":"product","2":"type-product","3":"status-publish","4":"has-post-thumbnail","6":"product_brand-mopar","7":"product_cat-alle-produkte","8":"product_cat-gladiator-ecodiesel-wartung","9":"product_cat-wrangler-30-ecodiesel-wartung","10":"product_cat-1500-ecodiesel-2020-2023-wartung","11":"product_cat-67-cummins-wartung","12":"product_tag-068436631aa","13":"product_tag-475","14":"product_tag-1500-filter-kraftstoff-wasser-abscheider","15":"product_tag-1500-mopar-filter-kraftstoff-wasser-abscheider","16":"product_tag-419","17":"product_tag-420","18":"product_tag-2066","19":"product_tag-2373","20":"product_tag-4526","21":"product_tag-6297","22":"product_tag-506","23":"product_tag-2500-filter-kraftstoff-wasser-abscheider","24":"product_tag-2500-mopar-filter-kraftstoff-wasser-abscheider","25":"product_tag-3-0","26":"product_tag-507","27":"product_tag-3500-filter-kraftstoff-wasser-abscheider","28":"product_tag-3500-mopar-filter-kraftstoff-wasser-abscheider","29":"product_tag-2833","30":"product_tag-4500-filter-kraftstoff-wasser-abscheider","31":"product_tag-4500-mopar-filter-kraftstoff-wasser-abscheider","32":"product_tag-6-7","33":"product_tag-68436631aa","34":"product_tag-cummins","35":"product_tag-diesel","36":"product_tag-filter","37":"product_tag-gladiator","38":"product_tag-gladiator-filter-kraftstoff-wasser-abscheider","39":"product_tag-gladiator-mopar-filter-kraftstoff-wasser-abscheider","40":"product_tag-jeep","41":"product_tag-jeep-gladiator","42":"product_tag-jeep-gladiator-filter-kraftstoff-wasser-abscheider","43":"product_tag-jeep-gladiator-mopar-filter-kraftstoff-wasser-abscheider","44":"product_tag-jeep-wrangler","45":"product_tag-jeep-wrangler-filter-kraftstoff-wasser-abscheider","46":"product_tag-jeep-wrangler-mopar-filter-kraftstoff-wasser-abscheider","47":"product_tag-jeep-wrangler-unlimited","48":"product_tag-jeep-wrangler-unlimited-filter-kraftstoff-wasser-abscheider","49":"product_tag-jeep-wrangler-unlimited-mopar-filter-kraftstoff-wasser-abscheider","50":"product_tag-kraftstoff-wasser-abscheider","51":"product_tag-mopar","52":"product_tag-mopar-autoteile","53":"product_tag-mopar-ersatzteile","54":"product_tag-mopar-ersatzteile-kaufen","55":"product_tag-mopar-performance-teile","56":"product_tag-mopar-teile-katalog","57":"product_tag-mopar-teile-online","58":"product_tag-mopar-tuningteile","59":"product_tag-mopar10","60":"product_tag-ram","61":"product_tag-ram1500","62":"product_tag-ram-1500-filter-kraftstoff-wasser-abscheider","63":"product_tag-ram-1500-mopar-filter-kraftstoff-wasser-abscheider","64":"product_tag-ram-2500","65":"product_tag-ram-2500-filter-kraftstoff-wasser-abscheider","66":"product_tag-ram-2500-mopar-filter-kraftstoff-wasser-abscheider","67":"product_tag-ram-3500","68":"product_tag-ram-3500-filter-kraftstoff-wasser-abscheider","69":"product_tag-ram-3500-mopar-filter-kraftstoff-wasser-abscheider","70":"product_tag-ram-4500","71":"product_tag-ram-4500-filter-kraftstoff-wasser-abscheider","72":"product_tag-ram-4500-mopar-filter-kraftstoff-wasser-abscheider","73":"product_tag-wrangler","74":"product_tag-wrangler-filter-kraftstoff-wasser-abscheider","75":"product_tag-wrangler-mopar-filter-kraftstoff-wasser-abscheider","76":"product_tag-wrangler-unlimited","77":"product_tag-wrangler-unlimited-filter-kraftstoff-wasser-abscheider","78":"product_tag-wrangler-unlimited-mopar-filter-kraftstoff-wasser-abscheider","80":"first","81":"instock","82":"taxable","83":"shipping-taxable","84":"purchasable","85":"product-type-simple"},"bundled_by":[],"bundle_stock_status":"instock","bundle_stock_quantity":3,"bundle_virtual":false,"bundle_layout":"","bundle_add_to_cart_form_location":"","bundle_editable_in_cart":false,"bundle_sold_individually_context":"","bundle_item_grouping":"","bundle_min_size":"","bundle_max_size":"","bundle_price":[],"bundled_items":[],"bundle_sell_ids":[],"exclude_global_add_ons":[],"addons":[],"acf":[],"_links":{"self":[{"href":"https:\/\/kraftwerk-shop.cc\/cs\/wp-json\/wp\/v2\/product\/68314926","targetHints":{"allow":["GET"]}}],"collection":[{"href":"https:\/\/kraftwerk-shop.cc\/cs\/wp-json\/wp\/v2\/product"}],"about":[{"href":"https:\/\/kraftwerk-shop.cc\/cs\/wp-json\/wp\/v2\/types\/product"}],"replies":[{"embeddable":true,"href":"https:\/\/kraftwerk-shop.cc\/cs\/wp-json\/wp\/v2\/comments?post=68314926"}],"version-history":[{"count":0,"href":"https:\/\/kraftwerk-shop.cc\/cs\/wp-json\/wp\/v2\/product\/68314926\/revisions"}],"wp:featuredmedia":[{"embeddable":true,"href":"https:\/\/kraftwerk-shop.cc\/cs\/wp-json\/wp\/v2\/media\/68314932"}],"wp:attachment":[{"href":"https:\/\/kraftwerk-shop.cc\/cs\/wp-json\/wp\/v2\/media?parent=68314926"}],"wp:term":[{"taxonomy":"product_brand","embeddable":true,"href":"https:\/\/kraftwerk-shop.cc\/cs\/wp-json\/wp\/v2\/product_brand?post=68314926"},{"taxonomy":"product_cat","embeddable":true,"href":"https:\/\/kraftwerk-shop.cc\/cs\/wp-json\/wp\/v2\/product_cat?post=68314926"},{"taxonomy":"product_tag","embeddable":true,"href":"https:\/\/kraftwerk-shop.cc\/cs\/wp-json\/wp\/v2\/product_tag?post=68314926"}],"curies":[{"name":"wp","href":"https:\/\/api.w.org\/{rel}","templated":true}]}}