{"id":68315099,"date":"2025-02-08T11:40:05","date_gmt":"2025-02-08T10:40:05","guid":{"rendered":"https:\/\/kraftwerk-shop.cc\/?post_type=product&#038;p=68315099"},"modified":"2026-02-15T01:17:41","modified_gmt":"2026-02-15T00:17:41","slug":"vodni-tryska-steracu-mopar-68217041ac","status":"publish","type":"product","link":"https:\/\/kraftwerk-shop.cc\/cs\/produkt\/mopar-wischwasserduese-68217041ac\/","title":{"rendered":"Vodn\u00ed tryska st\u011bra\u010d\u016f Mopar (68217041AC)"},"content":{"rendered":"<h1>P\u016fvodn\u00ed vodn\u00ed tryska st\u011bra\u010d\u016f Mopar (<span class=\"list-value sku-display\">68217041AC<\/span>) pro Dodge Challenger od roku 2015 do roku 2023 a pro Charger od roku 2017 do roku 2023.<\/h1>\n<p>&nbsp;<\/p>\n<p><span lang=\"DE\"><strong>\u010c\u00edslo d\u00edlu Mopar:<\/strong> <span class=\"list-value sku-display\">68217041AC<\/span><br \/>\n<strong>Nahrazeno:\u00a0<\/strong><span class=\"list-value\">68217041AB<\/span><\/span><\/p>\n<p>&nbsp;<\/p>\n<p><strong>Vhodn\u00e9 pro:<\/strong><\/p>\n<table width=\"826\">\n<tbody>\n<tr>\n<td width=\"82\"><strong>Rok v\u00fdstavby<\/strong><\/td>\n<td width=\"82\"><strong>Zna\u010dka<\/strong><\/td>\n<td width=\"124\"><strong>Model<\/strong><\/td>\n<td width=\"334\"><strong>Verze<\/strong><\/td>\n<td width=\"204\"><strong>Motor<\/strong><\/td>\n<\/tr>\n<tr>\n<td width=\"82\">2023<\/td>\n<td width=\"82\">Dodge<\/td>\n<td width=\"124\">Challenger<\/td>\n<td width=\"334\">GT, R\/T, R\/T Scat Pack, R\/T Scat Pack Widebody, SRT Hellcat Jailbreak, SRT Hellcat Redeye Jailbreak, SRT Hellcat Redeye Widebody Jailbreak, SRT Hellcat Widebody Jailbreak, SRT Super Stock, SXT<\/td>\n<td width=\"204\">3.6L, 5.7L, 6.2L, 6.4L<\/td>\n<\/tr>\n<tr>\n<td width=\"82\">2023<\/td>\n<td width=\"82\">Dodge<\/td>\n<td width=\"124\">Charger<\/td>\n<td width=\"334\">GT, Pursuit, R\/T, SRT Hellcat Redeye Widebody, SRT Hellcat Widebody, SRT Hellcat Widebody Jailbreak, SXT, Scat Pack, Scat Pack Widebody<\/td>\n<td width=\"204\">3.6L V6 - Flex, 3.6L, 5.7L, 6.2L, 6.4L<\/td>\n<\/tr>\n<tr>\n<td width=\"82\">2022<\/td>\n<td width=\"82\">Dodge<\/td>\n<td width=\"124\">Challenger<\/td>\n<td width=\"334\">GT, R\/T, R\/T Scat Pack, R\/T Scat Pack Widebody, SRT Hellcat, SRT Hellcat Redeye, SRT Hellcat Redeye Widebody, SRT Hellcat Widebody, SRT Jailbreak, SRT Super Stock, SXT<\/td>\n<td width=\"204\">3.6L, 5.7L, 6.2L, 6.4L<\/td>\n<\/tr>\n<tr>\n<td width=\"82\">2022<\/td>\n<td width=\"82\">Dodge<\/td>\n<td width=\"124\">Charger<\/td>\n<td width=\"334\">GT, R\/T, SRT Hellcat Redeye Widebody, SRT Hellcat Widebody, SRT Jailbreak, SXT, Scat Pack, Scat Pack Widebody<\/td>\n<td width=\"204\">3.6L V6 - Flex, 3.6L, 5.7L, 6.2L, 6.4L<\/td>\n<\/tr>\n<tr>\n<td width=\"82\">2021<\/td>\n<td width=\"82\">Dodge<\/td>\n<td width=\"124\">Challenger<\/td>\n<td width=\"334\">GT, R\/T, R\/T Scat Pack, R\/T Scat Pack Widebody, SRT Hellcat, SRT Hellcat Redeye, SRT Hellcat Redeye Widebody, SRT Hellcat Widebody, SRT Super Stock, SXT<\/td>\n<td width=\"204\">3.6L, 5.7L, 6.2L, 6.4L<\/td>\n<\/tr>\n<tr>\n<td width=\"82\">2021<\/td>\n<td width=\"82\">Dodge<\/td>\n<td width=\"124\">Charger<\/td>\n<td width=\"334\">GT, R\/T, SRT Hellcat Redeye Widebody, SRT Hellcat Widebody, SXT, Scat Pack<\/td>\n<td width=\"204\">3.6L V6 - Flex, 3.6L, 5.7L, 6.2L, 6.4L<\/td>\n<\/tr>\n<tr>\n<td width=\"82\">2020<\/td>\n<td width=\"82\">Dodge<\/td>\n<td width=\"124\">Challenger<\/td>\n<td width=\"334\">GT, R\/T, R\/T Scat Pack, R\/T Scat Pack Widebody, SRT Hellcat, SRT Hellcat Redeye, SRT Hellcat Redeye Widebody, SRT Hellcat Widebody, SXT<\/td>\n<td width=\"204\">3.6L, 5.7L, 6.2L, 6.4L<\/td>\n<\/tr>\n<tr>\n<td width=\"82\">2020<\/td>\n<td width=\"82\">Dodge<\/td>\n<td width=\"124\">Charger<\/td>\n<td width=\"334\">GT, Pursuit, R\/T, SRT Hellcat Widebody, SXT, Scat Pack<\/td>\n<td width=\"204\">3.6L V6 - Flex, 3.6L, 5.7L, 6.2L, 6.4L<\/td>\n<\/tr>\n<tr>\n<td width=\"82\">2019<\/td>\n<td width=\"82\">Dodge<\/td>\n<td width=\"124\">Challenger<\/td>\n<td width=\"334\">GT, R\/T, R\/T Scat Pack, R\/T Scat Pack Widebody, SRT Hellcat, SRT Hellcat Redeye, SRT Hellcat Redeye Widebody, SRT Hellcat Widebody, SXT<\/td>\n<td width=\"204\">3.6L, 5.7L, 6.2L, 6.4L<\/td>\n<\/tr>\n<tr>\n<td width=\"82\">2019<\/td>\n<td width=\"82\">Dodge<\/td>\n<td width=\"124\">Charger<\/td>\n<td width=\"334\">GT, Pursuit, R\/T, SRT Hellcat, SXT, Scat Pack<\/td>\n<td width=\"204\">3.6L V6 - Flex, 3.6L, 5.7L, 6.2L, 6.4L<\/td>\n<\/tr>\n<tr>\n<td width=\"82\">2018<\/td>\n<td width=\"82\">Dodge<\/td>\n<td width=\"124\">Challenger<\/td>\n<td width=\"334\">GT, R\/T, R\/T Scat Pack, SRT 392, SRT Demon, SRT Hellcat, SRT Hellcat Widebody, SXT, SXT Plus, T\/A, T\/A 392<\/td>\n<td width=\"204\">3.6L, 5.7L, 6.2L, 6.4L<\/td>\n<\/tr>\n<tr>\n<td width=\"82\">2018<\/td>\n<td width=\"82\">Dodge<\/td>\n<td width=\"124\">Charger<\/td>\n<td width=\"334\">GT, GT Plus, Pursuit, R\/T, R\/T Scat Pack, SRT 392, SRT Hellcat, SXT, SXT Plus, SXT Plus Leather<\/td>\n<td width=\"204\">3.6L V6 - Flex, 3.6L, 5.7L, 6.2L, 6.4L<\/td>\n<\/tr>\n<tr>\n<td width=\"82\">2017<\/td>\n<td width=\"82\">Dodge<\/td>\n<td width=\"124\">Challenger<\/td>\n<td width=\"334\">GT, R\/T, R\/T Scat Pack, SRT 392, SRT Hellcat, SXT, SXT Plus, T\/A, T\/A 392<\/td>\n<td width=\"204\">3.6L, 5.7L, 6.2L, 6.4L<\/td>\n<\/tr>\n<tr>\n<td width=\"82\">2017<\/td>\n<td width=\"82\">Dodge<\/td>\n<td width=\"124\">Charger<\/td>\n<td width=\"334\">Pursuit, R\/T, R\/T Scat Pack, SE, SRT 392, SRT Hellcat, SXT<\/td>\n<td width=\"204\">3.6L V6 - Flex, 5.7L, 6.2L, 6.4L<\/td>\n<\/tr>\n<tr>\n<td width=\"82\">2016<\/td>\n<td width=\"82\">Dodge<\/td>\n<td width=\"124\">Challenger<\/td>\n<td width=\"334\">\u00a0R\/T, R\/T Plus, R\/T Scat Pack, SRT 392, SRT Hellcat, SXT, SXT Plus<\/td>\n<td width=\"204\">3.6L, 5.7L, 6.2L, 6.4L<\/td>\n<\/tr>\n<tr>\n<td width=\"82\">2015<\/td>\n<td width=\"82\">Dodge<\/td>\n<td width=\"124\">Challenger<\/td>\n<td width=\"334\">R\/T, R\/T Plus, SRT 392, SRT Hellcat, SXT, SXT Plus, Scat Pack<\/td>\n<td width=\"204\">3.6L, 5.7L, 6.2L, 6.4L<\/td>\n<\/tr>\n<\/tbody>\n<\/table>\n<p><strong>Nevhodn\u00e9 pro \u0161ejkry!<\/strong><\/p>\n<p>&nbsp;<\/p>\n<h4>Pro\u010d si vybrat origin\u00e1ln\u00ed n\u00e1hradn\u00ed d\u00edly Mopar?<\/h4>\n<p><strong>Perfektn\u011b padnouc\u00ed a \u0161pi\u010dkov\u00e9 kvality:<\/strong> Origin\u00e1ln\u00ed n\u00e1hradn\u00ed d\u00edly Mopar jsou vyr\u00e1b\u011bny podle p\u0159\u00edsn\u00fdch specifikac\u00ed v\u00fdrobce, co\u017e znamen\u00e1, \u017ee do va\u0161eho vozidla dokonale pasuj\u00ed. T\u00edm je zaji\u0161t\u011bna nejen snadn\u00e1 instalace, ale tak\u00e9 optim\u00e1ln\u00ed funkce a bezpe\u010dnost.<\/p>\n<p><strong>Spolehlivost a trvanlivost:<\/strong> D\u00edky pou\u017eit\u00ed vysoce kvalitn\u00edch materi\u00e1l\u016f a p\u0159\u00edsn\u00e9 kontrole kvality zaji\u0161\u0165uj\u00ed n\u00e1hradn\u00ed d\u00edly Mopar spolehlivou funkci va\u0161eho vozidla i v extr\u00e9mn\u00edch podm\u00ednk\u00e1ch. Jsou navr\u017eeny tak, aby vydr\u017eely a maximalizovaly v\u00fdkon va\u0161eho vozidla.<\/p>\n<p>&nbsp;<\/p>\n<p>&nbsp;<\/p>","protected":false},"excerpt":{"rendered":"<p>Origin\u00e1ln\u00ed d\u00edl Mopar<\/p>","protected":false},"featured_media":68315104,"comment_status":"open","ping_status":"closed","template":"","meta":{"_acf_changed":false},"product_brand":[16270],"product_cat":[10262,7285,7289,7301,7297,7311,7319,7329,7333],"product_tag":[14632,249,250,251,252,419,420,2066,2373,4526,169,91,101,93,10608,10607,54,14633,14637,14635,14639,14643,14641,14645,14651,14655,14653,14649,14657,14661,14659,14608,14665,14667,14671,14669,14663,14647,14673,14677,14679,14683,14681,14675,14685,14689,14687,14691,14693,53,49,3853,14634,14638,14636,14640,14644,14642,14646,14652,14656,14654,14650,14658,14662,14660,14609,14666,14668,14672,14670,14664,14648,14674,14678,14680,14684,14682,14676,14686,14690,14688,14692,2870,31,8813,9424,16271,16273,16275,16272,16274,7221,10609,7578,8129,7577,8128],"class_list":{"0":"post-68315099","1":"product","2":"type-product","3":"status-publish","4":"has-post-thumbnail","6":"product_brand-mopar","7":"product_cat-alle-produkte","8":"product_cat-challenger-36-elektrik-sonstiges","9":"product_cat-challenger-57-elektrik-sonstiges","10":"product_cat-challenger-hellcat-elektrik-sonstiges","11":"product_cat-challenger-64-elektrik-sonstiges","12":"product_cat-charger-36-elektrik-sonstiges","13":"product_cat-charger-57-2011-2023-elektrik-sonstiges","14":"product_cat-charger-hellcat-elektrik-sonstiges","15":"product_cat-64-elektrik-sonstiges","16":"product_tag-068217041ac","17":"product_tag-249","18":"product_tag-250","19":"product_tag-251","20":"product_tag-252","21":"product_tag-419","22":"product_tag-420","23":"product_tag-2066","24":"product_tag-2373","25":"product_tag-4526","26":"product_tag-3-6","27":"product_tag-5-7","28":"product_tag-6-2","29":"product_tag-6-4","30":"product_tag-68217041ab","31":"product_tag-68217041ac","32":"product_tag-challenger","33":"product_tag-challenger-gt-awd","34":"product_tag-challenger-gt-awd-mopar-wischwasserduese","35":"product_tag-challenger-gt-awd-wischwasserduese","36":"product_tag-challenger-gt-rwd","37":"product_tag-challenger-gt-rwd-mopar-wischwasserduese","38":"product_tag-challenger-gt-rwd-wischwasserduese","39":"product_tag-challenger-r-t","40":"product_tag-challenger-r-t-392-rwd","41":"product_tag-challenger-r-t-392-rwd-mopar-wischwasserduese","42":"product_tag-challenger-r-t-392-rwd-wischwasserduese","43":"product_tag-challenger-r-t-mopar-wischwasserduese","44":"product_tag-challenger-r-t-rwd","45":"product_tag-challenger-r-t-rwd-mopar-wischwasserduese","46":"product_tag-challenger-r-t-rwd-wischwasserduese","47":"product_tag-challenger-r-t-scat-pack","48":"product_tag-challenger-r-t-scat-pack-mopar-wischwasserduese","49":"product_tag-challenger-r-t-scat-pack-rwd","50":"product_tag-challenger-r-t-scat-pack-rwd-mopar-wischwasserduese","51":"product_tag-challenger-r-t-scat-pack-rwd-wischwasserduese","52":"product_tag-challenger-r-t-scat-pack-wischwasserduese","53":"product_tag-challenger-r-t-wischwasserduese","54":"product_tag-challenger-srt-392","55":"product_tag-challenger-srt-392-mopar-wischwasserduese","56":"product_tag-challenger-srt-392-rwd","57":"product_tag-challenger-srt-392-rwd-mopar-wischwasserduese","58":"product_tag-challenger-srt-392-rwd-wischwasserduese","59":"product_tag-challenger-srt-392-wischwasserduese","60":"product_tag-challenger-srt-demon-rwd","61":"product_tag-challenger-srt-demon-rwd-mopar-wischwasserduese","62":"product_tag-challenger-srt-demon-rwd-wischwasserduese","63":"product_tag-challenger-srt-hellcat","64":"product_tag-challenger-srt-hellcat-wisch","65":"product_tag-charger","66":"product_tag-dodge","67":"product_tag-dodge-challenger","68":"product_tag-dodge-challenger-gt-awd","69":"product_tag-dodge-challenger-gt-awd-mopar-wischwasserduese","70":"product_tag-dodge-challenger-gt-awd-wischwasserduese","71":"product_tag-dodge-challenger-gt-rwd","72":"product_tag-dodge-challenger-gt-rwd-mopar-wischwasserduese","73":"product_tag-dodge-challenger-gt-rwd-wischwasserduese","74":"product_tag-dodge-challenger-r-t","75":"product_tag-dodge-challenger-r-t-392-rwd","76":"product_tag-dodge-challenger-r-t-392-rwd-mopar-wischwasserduese","77":"product_tag-dodge-challenger-r-t-392-rwd-wischwasserduese","78":"product_tag-dodge-challenger-r-t-mopar-wischwasserduese","79":"product_tag-dodge-challenger-r-t-rwd","80":"product_tag-dodge-challenger-r-t-rwd-mopar-wischwasserduese","81":"product_tag-dodge-challenger-r-t-rwd-wischwasserduese","82":"product_tag-dodge-challenger-r-t-scat-pack","83":"product_tag-dodge-challenger-r-t-scat-pack-mopar-wischwasserduese","84":"product_tag-dodge-challenger-r-t-scat-pack-rwd","85":"product_tag-dodge-challenger-r-t-scat-pack-rwd-mopar-wischwasserduese","86":"product_tag-dodge-challenger-r-t-scat-pack-rwd-wischwasserduese","87":"product_tag-dodge-challenger-r-t-scat-pack-wischwasserduese","88":"product_tag-dodge-challenger-r-t-wischwasserduese","89":"product_tag-dodge-challenger-srt-392","90":"product_tag-dodge-challenger-srt-392-mopar-wischwasserduese","91":"product_tag-dodge-challenger-srt-392-rwd","92":"product_tag-dodge-challenger-srt-392-rwd-mopar-wischwasserduese","93":"product_tag-dodge-challenger-srt-392-rwd-wischwasserduese","94":"product_tag-dodge-challenger-srt-392-wischwasserduese","95":"product_tag-dodge-challenger-srt-demon-rwd","96":"product_tag-dodge-challenger-srt-demon-rwd-mopar-wischwasserduese","97":"product_tag-dodge-challenger-srt-demon-rwd-wischwasserduese","98":"product_tag-dodge-challenger-srt-hellcat","99":"product_tag-duese","100":"product_tag-mopar","101":"product_tag-mopar-autoteile","102":"product_tag-mopar-ersatzteile","103":"product_tag-mopar-ersatzteile-kaufen","104":"product_tag-mopar-performance-teile","105":"product_tag-mopar-teile-katalog","106":"product_tag-mopar-teile-online","107":"product_tag-mopar-tuningteile","108":"product_tag-mopar10","109":"product_tag-scheibe","110":"product_tag-scheibenwasser","111":"product_tag-scheibenwasserduese","112":"product_tag-wischwasser","113":"product_tag-wischwasserduese","115":"first","116":"instock","117":"taxable","118":"shipping-taxable","119":"purchasable","120":"product-type-simple"},"bundled_by":[],"bundle_stock_status":"instock","bundle_stock_quantity":10,"bundle_virtual":false,"bundle_layout":"","bundle_add_to_cart_form_location":"","bundle_editable_in_cart":false,"bundle_sold_individually_context":"","bundle_item_grouping":"","bundle_min_size":"","bundle_max_size":"","bundle_price":[],"bundled_items":[],"bundle_sell_ids":[],"exclude_global_add_ons":[],"addons":[],"acf":[],"_links":{"self":[{"href":"https:\/\/kraftwerk-shop.cc\/cs\/wp-json\/wp\/v2\/product\/68315099","targetHints":{"allow":["GET"]}}],"collection":[{"href":"https:\/\/kraftwerk-shop.cc\/cs\/wp-json\/wp\/v2\/product"}],"about":[{"href":"https:\/\/kraftwerk-shop.cc\/cs\/wp-json\/wp\/v2\/types\/product"}],"replies":[{"embeddable":true,"href":"https:\/\/kraftwerk-shop.cc\/cs\/wp-json\/wp\/v2\/comments?post=68315099"}],"version-history":[{"count":0,"href":"https:\/\/kraftwerk-shop.cc\/cs\/wp-json\/wp\/v2\/product\/68315099\/revisions"}],"wp:featuredmedia":[{"embeddable":true,"href":"https:\/\/kraftwerk-shop.cc\/cs\/wp-json\/wp\/v2\/media\/68315104"}],"wp:attachment":[{"href":"https:\/\/kraftwerk-shop.cc\/cs\/wp-json\/wp\/v2\/media?parent=68315099"}],"wp:term":[{"taxonomy":"product_brand","embeddable":true,"href":"https:\/\/kraftwerk-shop.cc\/cs\/wp-json\/wp\/v2\/product_brand?post=68315099"},{"taxonomy":"product_cat","embeddable":true,"href":"https:\/\/kraftwerk-shop.cc\/cs\/wp-json\/wp\/v2\/product_cat?post=68315099"},{"taxonomy":"product_tag","embeddable":true,"href":"https:\/\/kraftwerk-shop.cc\/cs\/wp-json\/wp\/v2\/product_tag?post=68315099"}],"curies":[{"name":"wp","href":"https:\/\/api.w.org\/{rel}","templated":true}]}}