{"id":68315136,"date":"2025-02-08T17:41:28","date_gmt":"2025-02-08T16:41:28","guid":{"rendered":"https:\/\/kraftwerk-shop.cc\/?post_type=product&#038;p=68315136"},"modified":"2026-02-15T01:17:31","modified_gmt":"2026-02-15T00:17:31","slug":"tesneni-agr-ventil-57","status":"publish","type":"product","link":"https:\/\/kraftwerk-shop.cc\/cs\/produkt\/dichtung-agr-ventil-57\/","title":{"rendered":"T\u011bsn\u011bn\u00ed EGR ventilu 5.7"},"content":{"rendered":"<h1>T\u011bsn\u011bn\u00ed EGR ventilu pro vozy Chrysler, Dodge a Jeep 4.7 a 5.7 z let 2004 a\u017e 2008<\/h1>\n<p>&nbsp;<\/p>\n<p><span lang=\"DE\"><strong>Srovn\u00e1vac\u00ed \u010d\u00edslo Mopar:<\/strong> <span class=\"list-value sku-display\">53032212AA<\/span><br \/>\n<\/span><\/p>\n<p>&nbsp;<\/p>\n<p><strong>Vhodn\u00e9 pro:<\/strong><\/p>\n<table width=\"1004\">\n<tbody>\n<tr>\n<td width=\"82\"><strong>Rok v\u00fdstavby<\/strong><\/td>\n<td width=\"82\"><strong>Zna\u010dka<\/strong><\/td>\n<td width=\"124\"><strong>Model<\/strong><\/td>\n<td width=\"512\"><strong>Verze<\/strong><\/td>\n<td width=\"204\"><strong>Motor<\/strong><\/td>\n<\/tr>\n<tr>\n<td width=\"82\">2008<\/td>\n<td width=\"82\">Chrysler<\/td>\n<td width=\"124\">300<\/td>\n<td width=\"512\">C<\/td>\n<td width=\"204\">5.7L<\/td>\n<\/tr>\n<tr>\n<td width=\"82\">2008<\/td>\n<td width=\"82\">Chrysler<\/td>\n<td width=\"124\">Aspen<\/td>\n<td width=\"512\">Limited<\/td>\n<td width=\"204\">4.7L V8 - Flex, 4.7L, 5.7L<\/td>\n<\/tr>\n<tr>\n<td width=\"82\">2008<\/td>\n<td width=\"82\">Dodge<\/td>\n<td width=\"124\">Charger<\/td>\n<td width=\"512\">Pursuit, R\/T, SE<\/td>\n<td width=\"204\">5.7L<\/td>\n<\/tr>\n<tr>\n<td width=\"82\">2008<\/td>\n<td width=\"82\">Dodge<\/td>\n<td width=\"124\">Durango<\/td>\n<td width=\"512\">Adventurer, Limited, SLT, SXT<\/td>\n<td width=\"204\">4.7L V8 - Flex, 4.7L, 5.7L<\/td>\n<\/tr>\n<tr>\n<td width=\"82\">2008<\/td>\n<td width=\"82\">Dodge<\/td>\n<td width=\"124\">Magnum<\/td>\n<td width=\"512\">R\/T<\/td>\n<td width=\"204\">5.7L<\/td>\n<\/tr>\n<tr>\n<td width=\"82\">2008<\/td>\n<td width=\"82\">Dodge<\/td>\n<td width=\"124\">Ram 1500<\/td>\n<td width=\"512\">Laramie, SLT, ST<\/td>\n<td width=\"204\">4.7L V8 - Flex, 4.7L, 5.7L<\/td>\n<\/tr>\n<tr>\n<td width=\"82\">2008<\/td>\n<td width=\"82\">Jeep<\/td>\n<td width=\"124\">Commander<\/td>\n<td width=\"512\">Limited, Overland, Sport<\/td>\n<td width=\"204\">4.7L V8 - Flex, 4.7L, 5.7L<\/td>\n<\/tr>\n<tr>\n<td width=\"82\">2008<\/td>\n<td width=\"82\">Jeep<\/td>\n<td width=\"124\">Grand Cherokee<\/td>\n<td width=\"512\">Laredo, Limited, Overland, SRT8<\/td>\n<td width=\"204\">4.7L V8 - Flex, 4.7L, 5.7L, 6.1L<\/td>\n<\/tr>\n<tr>\n<td width=\"82\">2007<\/td>\n<td width=\"82\">Chrysler<\/td>\n<td width=\"124\">300<\/td>\n<td width=\"512\">C<\/td>\n<td width=\"204\">5.7L<\/td>\n<\/tr>\n<tr>\n<td width=\"82\">2007<\/td>\n<td width=\"82\">Chrysler<\/td>\n<td width=\"124\">Aspen<\/td>\n<td width=\"512\">Limited<\/td>\n<td width=\"204\">5.7L<\/td>\n<\/tr>\n<tr>\n<td width=\"82\">2007<\/td>\n<td width=\"82\">Dodge<\/td>\n<td width=\"124\">Charger<\/td>\n<td width=\"512\">Pursuit, R\/T<\/td>\n<td width=\"204\">5.7L<\/td>\n<\/tr>\n<tr>\n<td width=\"82\">2007<\/td>\n<td width=\"82\">Dodge<\/td>\n<td width=\"124\">Durango<\/td>\n<td width=\"512\">Adventurer, Limited, SLT, SXT<\/td>\n<td width=\"204\">5.7L<\/td>\n<\/tr>\n<tr>\n<td width=\"82\">2007<\/td>\n<td width=\"82\">Dodge<\/td>\n<td width=\"124\">Magnum<\/td>\n<td width=\"512\">R\/T<\/td>\n<td width=\"204\">5.7L<\/td>\n<\/tr>\n<tr>\n<td width=\"82\">2007<\/td>\n<td width=\"82\">Dodge<\/td>\n<td width=\"124\">Ram 1500<\/td>\n<td width=\"512\">Laramie, SLT, ST, Sport, TRX4<\/td>\n<td width=\"204\">5.7L<\/td>\n<\/tr>\n<tr>\n<td width=\"82\">2007<\/td>\n<td width=\"82\">Jeep<\/td>\n<td width=\"124\">Commander<\/td>\n<td width=\"512\">Limited, Overland<\/td>\n<td width=\"204\">5.7L<\/td>\n<\/tr>\n<tr>\n<td width=\"82\">2007<\/td>\n<td width=\"82\">Jeep<\/td>\n<td width=\"124\">Grand Cherokee<\/td>\n<td width=\"512\">Limited, Overland<\/td>\n<td width=\"204\">5.7L<\/td>\n<\/tr>\n<tr>\n<td width=\"82\">2006<\/td>\n<td width=\"82\">Chrysler<\/td>\n<td width=\"124\">300<\/td>\n<td width=\"512\">C<\/td>\n<td width=\"204\">5.7L<\/td>\n<\/tr>\n<tr>\n<td width=\"82\">2006<\/td>\n<td width=\"82\">Dodge<\/td>\n<td width=\"124\">Charger<\/td>\n<td width=\"512\">R\/T<\/td>\n<td width=\"204\">5.7L<\/td>\n<\/tr>\n<tr>\n<td width=\"82\">2006<\/td>\n<td width=\"82\">Dodge<\/td>\n<td width=\"124\">Durango<\/td>\n<td width=\"512\">Limited, SLT<\/td>\n<td width=\"204\">5.7L<\/td>\n<\/tr>\n<tr>\n<td width=\"82\">2006<\/td>\n<td width=\"82\">Dodge<\/td>\n<td width=\"124\">Magnum<\/td>\n<td width=\"512\">R\/T<\/td>\n<td width=\"204\">5.7L<\/td>\n<\/tr>\n<tr>\n<td width=\"82\">2006<\/td>\n<td width=\"82\">Dodge<\/td>\n<td width=\"124\">Ram 1500<\/td>\n<td width=\"512\">Laramie, SLT, ST<\/td>\n<td width=\"204\">5.7L<\/td>\n<\/tr>\n<tr>\n<td width=\"82\">2006<\/td>\n<td width=\"82\">Jeep<\/td>\n<td width=\"124\">Commander<\/td>\n<td width=\"512\">Limited<\/td>\n<td width=\"204\">5.7L<\/td>\n<\/tr>\n<tr>\n<td width=\"82\">2006<\/td>\n<td width=\"82\">Jeep<\/td>\n<td width=\"124\">Grand Cherokee<\/td>\n<td width=\"512\">Limited, Overland<\/td>\n<td width=\"204\">5.7L<\/td>\n<\/tr>\n<tr>\n<td width=\"82\">2005<\/td>\n<td width=\"82\">Chrysler<\/td>\n<td width=\"124\">300<\/td>\n<td width=\"512\">C<\/td>\n<td width=\"204\">5.7L<\/td>\n<\/tr>\n<tr>\n<td width=\"82\">2005<\/td>\n<td width=\"82\">Dodge<\/td>\n<td width=\"124\">Durango<\/td>\n<td width=\"512\">Limited, SLT<\/td>\n<td width=\"204\">5.7L<\/td>\n<\/tr>\n<tr>\n<td width=\"82\">2005<\/td>\n<td width=\"82\">Dodge<\/td>\n<td width=\"124\">Magnum<\/td>\n<td width=\"512\">R\/T<\/td>\n<td width=\"204\">5.7L<\/td>\n<\/tr>\n<tr>\n<td width=\"82\">2005<\/td>\n<td width=\"82\">Dodge<\/td>\n<td width=\"124\">Ram 1500<\/td>\n<td width=\"512\">SLT, ST<\/td>\n<td width=\"204\">5.7L<\/td>\n<\/tr>\n<tr>\n<td width=\"82\">2005<\/td>\n<td width=\"82\">Jeep<\/td>\n<td width=\"124\">Grand Cherokee<\/td>\n<td width=\"512\">Limited<\/td>\n<td width=\"204\">5.7L<\/td>\n<\/tr>\n<tr>\n<td width=\"82\">2004<\/td>\n<td width=\"82\">Dodge<\/td>\n<td width=\"124\">Durango<\/td>\n<td width=\"512\">Limited, SLT<\/td>\n<td width=\"204\">5.7L<\/td>\n<\/tr>\n<tr>\n<td width=\"82\">2004<\/td>\n<td width=\"82\">Dodge<\/td>\n<td width=\"124\">Ram 1500<\/td>\n<td width=\"512\">SLT, ST<\/td>\n<td width=\"204\">5.7L<\/td>\n<\/tr>\n<\/tbody>\n<\/table>\n<p>&nbsp;<\/p>","protected":false},"excerpt":{"rendered":"<p>2004\u20132008<\/p>","protected":false},"featured_media":68315138,"comment_status":"open","ping_status":"closed","template":"","meta":{"_acf_changed":false},"product_brand":[],"product_cat":[10262,6616,6710,7260,6607,6715,7315,6613,6740,7342,8094,7025,7363,7372,6720,6628,7392,7764,7749,7758],"product_tag":[14773,13559,10614,13560,10615,125,118,10311,15306,15289,15297,15307,15290,15298,571,15288,15291,15299,15308,15292,15300,15301,15310,15293,15294,15302,117,15295,15303,15312,15296,15304,15309,15287,15313,15314,15305,7221,15311],"class_list":{"0":"post-68315136","1":"product","2":"type-product","3":"status-publish","4":"has-post-thumbnail","6":"product_cat-alle-produkte","7":"product_cat-300c-57-2005-2010-abgasanlage-dichtungen-hardware","8":"product_cat-300c-57-2005-2010-dichtungen-hardware","9":"product_cat-300c-57-2005-2010-elektrik-sonstiges","10":"product_cat-charger-57-abgasanlage-dichtungen-hardware","11":"product_cat-charger-57-dichtungen-hardware","12":"product_cat-charger-57-elektrik-sonstiges","13":"product_cat-durango-57-abgasanlage-dichtungen-hardware","14":"product_cat-durango-57-dichtungen-hardware","15":"product_cat-durango-57-elektrik-sonstiges","16":"product_cat-magnum-57-dichtungen-hardware","17":"product_cat-magnum-57-abgasanlage-dichtungen-hardware","18":"product_cat-magnum-57-elektrik-sonstiges","19":"product_cat-commander-elektrik-sonstiges","20":"product_cat-jeep-grand-cherokee-5-7-2005-2010-dichtungen-hardware","21":"product_cat-grand-cherokee-57-2005-2010-dichtungen-hardware","22":"product_cat-grand-cherokee-57-2005-2010-elektrik-sonstiges","23":"product_cat-1500-57-2003-2008-dichtungen-hardware","24":"product_cat-1500-57-2003-2008-abgasanlage-dichtungen-hardware","25":"product_cat-1500-57-2003-2008-elektrik-sonstiges","26":"product_tag-053032212aa","27":"product_tag-5-7l","28":"product_tag-53032212aa","29":"product_tag-6-1l","30":"product_tag-10615","31":"product_tag-abgasrueckfuehrung","32":"product_tag-agr","33":"product_tag-agr-ventil","34":"product_tag-agr-ventil-dichtung-5-7-mopar","35":"product_tag-chrysler-300c-5-7l","36":"product_tag-chrysler-300c-agr-ventil-dichtung","37":"product_tag-chrysler-300c-mopar-agr-ventil-dichtung","38":"product_tag-chrysler-aspen-4-7l","39":"product_tag-chrysler-aspen-agr-ventil-dichtung","40":"product_tag-dichtung","41":"product_tag-dichtung-agr-ventil-5-7","42":"product_tag-dodge-charger-5-7l","43":"product_tag-dodge-charger-agr-ventil-dichtung","44":"product_tag-dodge-charger-mopar-agr-ventil-dichtung","45":"product_tag-dodge-durango-4-7l","46":"product_tag-dodge-durango-agr-ventil-dichtung","47":"product_tag-dodge-magnum-agr-ventil-dichtung","48":"product_tag-dodge-magnum-mopar-agr-ventil-dichtung","49":"product_tag-dodge-magnum-r-t-5-7l","50":"product_tag-dodge-ram-1500-4-7l","51":"product_tag-dodge-ram-1500-agr-ventil-dichtung","52":"product_tag-egr","53":"product_tag-jeep-commander-4-7l","54":"product_tag-jeep-commander-agr-ventil-dichtung","55":"product_tag-jeep-commander-mopar-agr-ventil-dichtung","56":"product_tag-jeep-grand-cherokee-4-7l","57":"product_tag-jeep-grand-cherokee-agr-ventil-dichtung","58":"product_tag-jeep-grand-cherokee-mopar-agr-ventil-dichtung","59":"product_tag-mopar-53032212aa","60":"product_tag-mopar-agr-ventil-dichtung","61":"product_tag-mopar-agr-ventil-dichtung-5-7","62":"product_tag-mopar-agr-ventil-dichtung-53032212aa","63":"product_tag-mopar10","64":"product_tag-ram-1500-mopar-agr-ventil-dichtung","66":"first","67":"instock","68":"taxable","69":"shipping-taxable","70":"purchasable","71":"product-type-simple"},"bundled_by":[],"bundle_stock_status":"instock","bundle_stock_quantity":6,"bundle_virtual":false,"bundle_layout":"","bundle_add_to_cart_form_location":"","bundle_editable_in_cart":false,"bundle_sold_individually_context":"","bundle_item_grouping":"","bundle_min_size":"","bundle_max_size":"","bundle_price":[],"bundled_items":[],"bundle_sell_ids":[],"exclude_global_add_ons":[],"addons":[],"acf":[],"_links":{"self":[{"href":"https:\/\/kraftwerk-shop.cc\/cs\/wp-json\/wp\/v2\/product\/68315136","targetHints":{"allow":["GET"]}}],"collection":[{"href":"https:\/\/kraftwerk-shop.cc\/cs\/wp-json\/wp\/v2\/product"}],"about":[{"href":"https:\/\/kraftwerk-shop.cc\/cs\/wp-json\/wp\/v2\/types\/product"}],"replies":[{"embeddable":true,"href":"https:\/\/kraftwerk-shop.cc\/cs\/wp-json\/wp\/v2\/comments?post=68315136"}],"version-history":[{"count":0,"href":"https:\/\/kraftwerk-shop.cc\/cs\/wp-json\/wp\/v2\/product\/68315136\/revisions"}],"wp:featuredmedia":[{"embeddable":true,"href":"https:\/\/kraftwerk-shop.cc\/cs\/wp-json\/wp\/v2\/media\/68315138"}],"wp:attachment":[{"href":"https:\/\/kraftwerk-shop.cc\/cs\/wp-json\/wp\/v2\/media?parent=68315136"}],"wp:term":[{"taxonomy":"product_brand","embeddable":true,"href":"https:\/\/kraftwerk-shop.cc\/cs\/wp-json\/wp\/v2\/product_brand?post=68315136"},{"taxonomy":"product_cat","embeddable":true,"href":"https:\/\/kraftwerk-shop.cc\/cs\/wp-json\/wp\/v2\/product_cat?post=68315136"},{"taxonomy":"product_tag","embeddable":true,"href":"https:\/\/kraftwerk-shop.cc\/cs\/wp-json\/wp\/v2\/product_tag?post=68315136"}],"curies":[{"name":"wp","href":"https:\/\/api.w.org\/{rel}","templated":true}]}}