{"id":68315184,"date":"2025-02-09T00:10:21","date_gmt":"2025-02-08T23:10:21","guid":{"rendered":"https:\/\/kraftwerk-shop.cc\/?post_type=product&#038;p=68315184"},"modified":"2026-02-15T01:17:42","modified_gmt":"2026-02-15T00:17:42","slug":"mishimoto-hlinikovy-chladic-ram-cummins","status":"publish","type":"product","link":"https:\/\/kraftwerk-shop.cc\/cs\/produkt\/mishimoto-aluminiumkuehler-ram-cummins\/","title":{"rendered":"Hlin\u00edkov\u00fd chladi\u010d Mishimoto RAM 6.7 Cummins"},"content":{"rendered":"<h1 data-pm-slice=\"1 1 []\"><strong>Hlin\u00edkov\u00fd chladi\u010d Mishimoto pro RAM 6.7L Cummins 2019+<br \/>\n<\/strong><\/h1>\n<p>&nbsp;<\/p>\n<h4>Maxim\u00e1ln\u00ed chladic\u00ed v\u00fdkon, nejvy\u0161\u0161\u00ed kvalita a bezkonkuren\u010dn\u00ed odolnost pro va\u0161e n\u00e1kladn\u00ed vozidlo RAM<\/h4>\n<p data-pm-slice=\"1 1 []\">Na str\u00e1nk\u00e1ch <strong>Hlin\u00edkov\u00fd chladi\u010d Mishimoto <\/strong>pro <strong>2019 RAM 6.7L Cummins<\/strong> je vysoce v\u00fdkonn\u00e9 chladic\u00ed \u0159e\u0161en\u00ed, kter\u00e9 bylo speci\u00e1ln\u011b vyvinuto pro vysok\u00e9 n\u00e1roky v\u00fdkonn\u00fdch syst\u00e9m\u016f vzn\u011btov\u00fdch motor\u016f. Stanovuje nov\u00e1 m\u011b\u0159\u00edtka z hlediska odvodu tepla, odolnosti a \u00fa\u010dinnosti chlazen\u00ed. A\u0165 u\u017e pou\u017e\u00edv\u00e1te sv\u016fj n\u00e1kladn\u00ed v\u016fz RAM pro silni\u010dn\u00ed provoz, dobrodru\u017estv\u00ed v ter\u00e9nu nebo n\u00e1ro\u010dn\u00e9 pracovn\u00ed podm\u00ednky - tento vysoce v\u00fdkonn\u00fd chladi\u010d zaru\u010duje optim\u00e1ln\u00ed provozn\u00ed teplotu a chr\u00e1n\u00ed motor p\u0159ed p\u0159eh\u0159\u00e1t\u00edm.<\/p>\n<p>Vzhledem k jeho <strong>Konstrukce vyroben\u00e1 v\u00fdhradn\u011b z hlin\u00edku<\/strong> ve srovn\u00e1n\u00ed se standardn\u00edm plastov\u00fdm a hlin\u00edkov\u00fdm chladi\u010dem nab\u00edz\u00ed lep\u0161\u00ed chladic\u00ed v\u00fdkon a je tak\u00e9 mnohem odoln\u011bj\u0161\u00ed v\u016f\u010di korozi a mechanick\u00e9mu nam\u00e1h\u00e1n\u00ed. Precizn\u011b vyroben\u00e1 konstrukce zaji\u0161\u0165uje <strong>P\u0159\u00edm\u00e1 mont\u00e1\u017e OEM<\/strong>aby bylo mo\u017en\u00e9 instalaci prov\u00e9st snadno a bez \u00faprav.<\/p>\n<p>Legend\u00e1rn\u00ed spolehlivost a v\u00fdkon motoru 6,7 l Cummins ve voze Dodge Ram z n\u011bj ud\u011blaly jeden z nejobl\u00edben\u011bj\u0161\u00edch n\u00e1kladn\u00edch voz\u016f na sv\u011bt\u011b, pokud jde o n\u00e1ro\u010dnou pr\u00e1ci. Ka\u017ed\u00e1 legenda m\u00e1 v\u0161ak sv\u00e9 slabiny - a u Dodge Ram je jednou z nich s\u00e9riov\u00fd chladi\u010d. Plastov\u00e9 koncov\u00e9 n\u00e1dr\u017ee p\u016fvodn\u00edho chladi\u010de Ram maj\u00ed tendenci \u010dasem praskat a vyt\u00e9kat. V kombinaci s dodate\u010dn\u00fdm zat\u00ed\u017een\u00edm a vysok\u00fdm v\u00fdvinem tepla zp\u016fsoben\u00fdm tah\u00e1n\u00edm t\u011b\u017ek\u00fdch n\u00e1klad\u016f to vytv\u00e1\u0159\u00ed skute\u010dn\u00fd probl\u00e9m.<\/p>\n<p>Hlin\u00edkov\u00fd chladi\u010d Mishimoto RAM 6.7 Cummins je dokonal\u00fdm vylep\u0161en\u00edm pro v\u00e1\u0161 motor Cummins-Ram. D\u00edky celohlin\u00edkov\u00e9 konstrukci sva\u0159en\u00e9 metodou TIG nab\u00edz\u00ed chladi\u010d robustn\u00ed \u0159e\u0161en\u00ed pro va\u0161e vozidlo. D\u00edky v\u011bt\u0161\u00edmu objemu kapaliny 28 % m\u016f\u017eete zv\u00fd\u0161it v\u00fdkon sv\u00e9ho vozu bez obav z p\u0159eh\u0159\u00e1t\u00ed. Chladi\u010d Mishimoto je speci\u00e1ln\u011b navr\u017een pro Ram 2500\/3500 2019+ pro optim\u00e1ln\u00ed mont\u00e1\u017e a funk\u010dnost. U\u017eijte si kvalitu a spolehlivost hlin\u00edkov\u00e9ho chladi\u010de Mishimoto pro v\u00e1\u0161 v\u016fz RAM Cummins.<\/p>\n<p>&nbsp;<\/p>\n<h2 data-pm-slice=\"1 3 []\"><strong>Hlavn\u00ed vlastnosti a v\u00fdhody<\/strong><\/h2>\n<p>&nbsp;<\/p>\n<h4><strong>1. lep\u0161\u00ed chladic\u00ed v\u00fdkon d\u00edky hlin\u00edkov\u00e9mu j\u00e1dru<\/strong><\/h4>\n<p>Chladi\u010d Mishimoto m\u00e1 <strong>Vysoce v\u00fdkonn\u00e9 hlin\u00edkov\u00e9 j\u00e1dro<\/strong> s ut\u011bsn\u011bn\u00fdmi chladic\u00edmi kan\u00e1ly a optimalizovan\u00fdmi chladic\u00edmi \u017eebry. Ty zaji\u0161\u0165uj\u00ed v\u00fdrazn\u011b lep\u0161\u00ed <strong>Odv\u00e1d\u011bn\u00ed tepla<\/strong> ve srovn\u00e1n\u00ed se standardn\u00edm chladi\u010dem. To znamen\u00e1, \u017ee<\/p>\n<ul>\n<li><strong>\u00da\u010dinn\u011bj\u0161\u00ed chlazen\u00ed motoru<\/strong>i p\u0159i velk\u00e9m zat\u00ed\u017een\u00ed nebo extr\u00e9mn\u00edch teplot\u00e1ch<\/li>\n<li><strong>Del\u0161\u00ed \u017eivotnost motoru<\/strong>proto\u017ee je chr\u00e1n\u011bn stabiln\u011bj\u0161\u00edmi provozn\u00edmi teplotami<\/li>\n<li><strong>Sn\u00ed\u017een\u00ed zat\u00ed\u017een\u00ed vodn\u00edho \u010derpadla<\/strong>proto\u017ee lep\u0161\u00ed v\u00fdm\u011bna tepla vy\u017eaduje men\u0161\u00ed p\u0159\u00edkon energie<\/li>\n<\/ul>\n<h4><\/h4>\n<p>&nbsp;<\/p>\n<h4><strong>2. 100 % hlin\u00edkov\u00e1 konstrukce - robustn\u00ed a odoln\u00e1<\/strong><\/h4>\n<p>Tento radi\u00e1tor je vyroben ve vysok\u00e9 kvalit\u011b, <strong>Pln\u011b sva\u0159en\u00fd hlin\u00edk<\/strong> vyrobeno. To p\u0159in\u00e1\u0161\u00ed n\u00e1sleduj\u00edc\u00ed v\u00fdhody:<\/p>\n<ul>\n<li><strong>\u017d\u00e1dn\u00e9 plastov\u00e9 n\u00e1dr\u017ee<\/strong> - na rozd\u00edl od standardn\u00edch radi\u00e1tor\u016f, kter\u00e9 jsou d\u00edky plastov\u00fdm spoj\u016fm n\u00e1chyln\u00e9 k prasklin\u00e1m a net\u011bsnostem.<\/li>\n<li><strong>V\u011bt\u0161\u00ed odolnost<\/strong> proti vibrac\u00edm, zm\u011bn\u00e1m tlaku a mechanick\u00e9mu zat\u00ed\u017een\u00ed.<\/li>\n<li><strong>Odolnost proti korozi<\/strong> - Hlin\u00edk odol\u00e1v\u00e1 chemick\u00e9mu opot\u0159eben\u00ed zp\u016fsoben\u00e9mu chladic\u00edmi kapalinami l\u00e9pe ne\u017e plastov\u00e9 d\u00edly.<\/li>\n<\/ul>\n<h4><\/h4>\n<p>&nbsp;<\/p>\n<h4><strong>3. zv\u00fd\u0161en\u00fd v\u00fdkon pro efektivn\u011bj\u0161\u00ed chlazen\u00ed<\/strong><\/h4>\n<p>Prost\u0159ednictv\u00edm <strong>Zv\u00fd\u0161en\u00e1 kapacita chladic\u00ed kapaliny<\/strong> lze absorbovat a efektivn\u011b odv\u00e1d\u011bt v\u00edce tepla. To je d\u016fle\u017eit\u00e9 zejm\u00e9na pro:<\/p>\n<ul>\n<li><strong>T\u011b\u017ek\u00e9 n\u00e1klady a provoz p\u0159\u00edv\u011bsu<\/strong>kde je motor obzvl\u00e1\u0161t\u011b n\u00e1ro\u010dn\u00fd<\/li>\n<li><strong>Vylep\u0161en\u00ed a lad\u011bn\u00ed v\u00fdkonu<\/strong>proto\u017ee optimalizovan\u00e9 motory vy\u017eaduj\u00ed lep\u0161\u00ed chlazen\u00ed<\/li>\n<li><strong>Hork\u00e9 klimatick\u00e9 z\u00f3ny<\/strong>kde standardn\u00ed chladi\u010de \u010dasto dosahuj\u00ed sv\u00fdch limit\u016f<\/li>\n<\/ul>\n<h4><\/h4>\n<p>&nbsp;<\/p>\n<h4><strong>4. perfektn\u00ed mont\u00e1\u017e OEM - snadn\u00e1 instalace<\/strong><\/h4>\n<p>Hlin\u00edkov\u00fd chladi\u010d Mishimoto je <strong>Perfektn\u011b sed\u00ed<\/strong> pro <strong>2019 RAM 6.7L Cummins<\/strong> byla vyvinuta. To znamen\u00e1, \u017ee<\/p>\n<ul>\n<li><strong>Instalace Plug &amp; Play<\/strong> bez \u00faprav nebo modifikac\u00ed<\/li>\n<li><strong>Vhodn\u00e9 upev\u0148ovac\u00ed body a p\u0159\u00edpojky<\/strong>kter\u00e9 umo\u017e\u0148uj\u00ed jednoduchou v\u00fdm\u011bnu za standardn\u00ed chladi\u010d.<\/li>\n<li><strong>Kompatibilita s hadicemi a p\u0159\u00edpojkami chladic\u00ed kapaliny OEM<\/strong><\/li>\n<\/ul>\n<h4><\/h4>\n<p>&nbsp;<\/p>\n<h4><strong>5. lep\u0161\u00ed j\u00edzdn\u00ed v\u00fdkon a efektivita<\/strong><\/h4>\n<p>D\u00edky optimalizovan\u00e9mu chlazen\u00ed tento chladi\u010d nejen zvy\u0161uje \u017eivotnost motoru, ale m\u00e1 tak\u00e9 pozitivn\u00ed vliv na jeho v\u00fdkon:<\/p>\n<ul>\n<li><strong>Konstantn\u00ed teploty i p\u0159i vysok\u00e9m zat\u00ed\u017een\u00ed<\/strong> znamen\u00e1, \u017ee va\u0161e vozidlo RAM bude v\u017edy pracovat s maxim\u00e1ln\u00ed \u00fa\u010dinnost\u00ed.<\/li>\n<li><strong>Men\u0161\u00ed tepeln\u00e9 zat\u00ed\u017een\u00ed motoru<\/strong> zaji\u0161\u0165uje stabiln\u011bj\u0161\u00ed spalov\u00e1n\u00ed paliva a konzistentn\u00ed v\u00fdkon.<\/li>\n<li><strong>Prodlou\u017een\u00e1 \u017eivotnost cel\u00e9ho chladic\u00edho syst\u00e9mu<\/strong>proto\u017ee chladic\u00ed kapalina je vystavena men\u0161\u00edmu nam\u00e1h\u00e1n\u00ed.<\/li>\n<\/ul>\n<h4><\/h4>\n<p>&nbsp;<\/p>\n<h4><\/h4>\n<h4><strong>Vlastnosti<\/strong><\/h4>\n<p>\u2714 P\u0159\u00edm\u00e1 mont\u00e1\u017e pro Ram 6.7L Cummins 2019+<br \/>\n\u2714 Zvy\u0161uje kapacitu kapaliny o 28 % pro maxim\u00e1ln\u00ed chladic\u00ed v\u00fdkon<br \/>\n\u2714 Robustn\u00ed celohlin\u00edkov\u00e1 konstrukce s koncov\u00fdmi n\u00e1dr\u017eemi a p\u0159\u00edpojkami sva\u0159en\u00fdmi metodou TIG<br \/>\n\u2714 Obsahuje n\u00e1hradn\u00ed z\u00e1suvky za star\u00e9 nebo opot\u0159ebovan\u00e9 z\u00e1suvky<br \/>\n\u2714 Zes\u00edlen\u00e9 trubky pro maxim\u00e1ln\u00ed stabilitu a odolnost<br \/>\n\u2714 \u017daluzie s p\u0159\u00edvodem vzduchu pro lep\u0161\u00ed odvod tepla<\/p>\n<h4 data-pm-slice=\"1 3 []\"><\/h4>\n<h4 data-pm-slice=\"1 3 []\"><\/h4>\n<p>&nbsp;<\/p>\n<h4 data-pm-slice=\"1 3 []\"><strong>Technick\u00e9 \u00fadaje<\/strong><\/h4>\n<ul>\n<li><strong>Materi\u00e1l:<\/strong> 100 % Hlin\u00edk<\/li>\n<li><strong>Konstrukce j\u00e1dra:<\/strong> Vysoce v\u00fdkonn\u00e9 hlin\u00edkov\u00e9 j\u00e1dro s optimalizovan\u00fdmi chladic\u00edmi \u017eebry<\/li>\n<li><strong>Kapacita:<\/strong> V\u011bt\u0161\u00ed kapacita chladic\u00ed kapaliny ve srovn\u00e1n\u00ed s chladi\u010dem OEM<\/li>\n<li><strong>P\u0159izp\u016fsoben\u00ed:<\/strong> P\u0159\u00edm\u00e1 OEM n\u00e1hrada pro motory RAM 6.7L Cummins 2019+<\/li>\n<\/ul>\n<p>&nbsp;<\/p>\n<p>&nbsp;<\/p>\n<h4><strong>Vhodn\u00e9 pro:<\/strong><\/h4>\n<table width=\"456\">\n<tbody>\n<tr>\n<td width=\"83\"><strong>Rok v\u00fdstavby<\/strong><\/td>\n<td width=\"83\"><strong>Zna\u010dka<\/strong><\/td>\n<td width=\"290\"><strong>Model<\/strong><\/td>\n<\/tr>\n<tr>\n<td width=\"83\">2024<\/td>\n<td width=\"83\">RAM<\/td>\n<td width=\"290\">2500 \/ 3500 6.7L Cummins<\/td>\n<\/tr>\n<tr>\n<td width=\"83\">2023<\/td>\n<td width=\"83\">RAM<\/td>\n<td width=\"290\">2500 \/ 3500 6.7L Cummins<\/td>\n<\/tr>\n<tr>\n<td width=\"83\">2022<\/td>\n<td width=\"83\">RAM<\/td>\n<td width=\"290\">2500 \/ 3500 6.7L Cummins<\/td>\n<\/tr>\n<tr>\n<td width=\"83\">2021<\/td>\n<td width=\"83\">RAM<\/td>\n<td width=\"290\">2500 \/ 3500 6.7L Cummins<\/td>\n<\/tr>\n<tr>\n<td width=\"83\">2020<\/td>\n<td width=\"83\">RAM<\/td>\n<td width=\"290\">2500 \/ 3500 6.7L Cummins<\/td>\n<\/tr>\n<tr>\n<td width=\"83\">2019<\/td>\n<td width=\"83\">RAM<\/td>\n<td width=\"290\">2500 \/ 3500 6.7L Cummins<\/td>\n<\/tr>\n<\/tbody>\n<\/table>\n<h4><strong><br \/>\nPozn\u00e1mky<br \/>\n<\/strong><\/h4>\n<ul>\n<li>Obsahuje <strong>magnetick\u00e1 vypou\u0161t\u011bc\u00ed z\u00e1tka<\/strong>kter\u00e1 zachycuje kovov\u00e9 zbytky a \u010d\u00e1stice z chladic\u00edho syst\u00e9mu.<\/li>\n<li><strong>Nen\u00ed kompatibiln\u00ed s modely HO<\/strong><\/li>\n<li>Z\u00e1kladn\u00ed st\u0159ih je navr\u017een pro <strong>34palcov\u00e9 j\u00e1dro chladi\u010de<\/strong> navr\u017een; pokud m\u00e1 va\u0161e vozidlo <strong>39palcov\u00e9 j\u00e1dro<\/strong> tento chladi\u010d nen\u00ed kompatibiln\u00ed<\/li>\n<\/ul>\n<p>&nbsp;<\/p>\n<p><iframe loading=\"lazy\" title=\"Instalace chladi\u010de Mishimoto 2019+ Dodge RAM 6 7L Cummins\" width=\"500\" height=\"281\" src=\"https:\/\/www.youtube.com\/embed\/pbBsV231m5Q?feature=oembed\" frameborder=\"0\" allow=\"accelerometer; autoplay; clipboard-write; encrypted-media; gyroscope; picture-in-picture; web-share\" referrerpolicy=\"strict-origin-when-cross-origin\" allowfullscreen><\/iframe><\/p>\n<p>&nbsp;<\/p>","protected":false},"excerpt":{"rendered":"<p>2019\u20132024<\/p>","protected":false},"featured_media":68315190,"comment_status":"open","ping_status":"closed","template":"","meta":{"_acf_changed":false},"product_brand":[18924],"product_cat":[10262,2929],"product_tag":[419,420,2066,2373,4526,6297,7200,4533,7201,49,405,269,274,10627,4534,86,6333,7666,216,3736],"class_list":{"0":"post-68315184","1":"product","2":"type-product","3":"status-publish","4":"has-post-thumbnail","6":"product_brand-mishimoto","7":"product_cat-alle-produkte","8":"product_cat-67-cummins-kuehlung","9":"product_tag-419","10":"product_tag-420","11":"product_tag-2066","12":"product_tag-2373","13":"product_tag-4526","14":"product_tag-6297","15":"product_tag-6-7","16":"product_tag-aluminiumkuehler","17":"product_tag-cummins","18":"product_tag-dodge","19":"product_tag-kuehler","20":"product_tag-kuehlwasser","21":"product_tag-mishimoto","22":"product_tag-mmrad-ram-19","23":"product_tag-motorkuehler","24":"product_tag-ram","25":"product_tag-ram-2500","26":"product_tag-ram-3500","27":"product_tag-upgrade","28":"product_tag-wasserkuehler","29":"product_shipping_class-paket-l","31":"first","32":"onbackorder","33":"taxable","34":"shipping-taxable","35":"purchasable","36":"product-type-simple"},"bundled_by":[],"bundle_stock_status":"onbackorder","bundle_stock_quantity":0,"bundle_virtual":false,"bundle_layout":"","bundle_add_to_cart_form_location":"","bundle_editable_in_cart":false,"bundle_sold_individually_context":"","bundle_item_grouping":"","bundle_min_size":"","bundle_max_size":"","bundle_price":[],"bundled_items":[],"bundle_sell_ids":[],"exclude_global_add_ons":[],"addons":[],"acf":[],"_links":{"self":[{"href":"https:\/\/kraftwerk-shop.cc\/cs\/wp-json\/wp\/v2\/product\/68315184","targetHints":{"allow":["GET"]}}],"collection":[{"href":"https:\/\/kraftwerk-shop.cc\/cs\/wp-json\/wp\/v2\/product"}],"about":[{"href":"https:\/\/kraftwerk-shop.cc\/cs\/wp-json\/wp\/v2\/types\/product"}],"replies":[{"embeddable":true,"href":"https:\/\/kraftwerk-shop.cc\/cs\/wp-json\/wp\/v2\/comments?post=68315184"}],"version-history":[{"count":0,"href":"https:\/\/kraftwerk-shop.cc\/cs\/wp-json\/wp\/v2\/product\/68315184\/revisions"}],"wp:featuredmedia":[{"embeddable":true,"href":"https:\/\/kraftwerk-shop.cc\/cs\/wp-json\/wp\/v2\/media\/68315190"}],"wp:attachment":[{"href":"https:\/\/kraftwerk-shop.cc\/cs\/wp-json\/wp\/v2\/media?parent=68315184"}],"wp:term":[{"taxonomy":"product_brand","embeddable":true,"href":"https:\/\/kraftwerk-shop.cc\/cs\/wp-json\/wp\/v2\/product_brand?post=68315184"},{"taxonomy":"product_cat","embeddable":true,"href":"https:\/\/kraftwerk-shop.cc\/cs\/wp-json\/wp\/v2\/product_cat?post=68315184"},{"taxonomy":"product_tag","embeddable":true,"href":"https:\/\/kraftwerk-shop.cc\/cs\/wp-json\/wp\/v2\/product_tag?post=68315184"}],"curies":[{"name":"wp","href":"https:\/\/api.w.org\/{rel}","templated":true}]}}