{"id":68315210,"date":"2025-02-09T13:06:58","date_gmt":"2025-02-09T12:06:58","guid":{"rendered":"https:\/\/kraftwerk-shop.cc\/?post_type=product&#038;p=68315210"},"modified":"2026-02-15T01:17:54","modified_gmt":"2026-02-15T00:17:54","slug":"mishimoto-intercooler-ram-cummins","status":"publish","type":"product","link":"https:\/\/kraftwerk-shop.cc\/cs\/produkt\/mishimoto-ladeluftkuehler-ram-cummins\/","title":{"rendered":"Mezichladi\u010d Mishimoto RAM 6.7 Cummins"},"content":{"rendered":"<h1 data-pm-slice=\"1 1 []\"><strong>Sada mezichladi\u010de Mishimoto Performance pro Ram 6.7L Cummins (2019+)<\/strong><\/h1>\n<p>Vysoce kvalitn\u00ed sada mezichladi\u010de Mishimoto Performance byla vyvinuta speci\u00e1ln\u011b pro motor Ram 6,7L Cummins z modelov\u00e9ho roku 2019. Tato sada se zam\u011b\u0159uje na zlep\u0161en\u00ed chladic\u00edho v\u00fdkonu, \u00fa\u010dinnosti a v\u00fdkonu motoru a nab\u00edz\u00ed optim\u00e1ln\u00ed v\u00fdsledky. D\u00edky optimalizovan\u00e9mu odvodu tepla a v\u011bt\u0161\u00edmu objemu mezichladi\u010d v\u00fdrazn\u011b sni\u017euje teploty s\u00e1n\u00ed. To vede ke zlep\u0161en\u00ed pr\u016ftoku vzduchu a v kone\u010dn\u00e9m d\u016fsledku ke zv\u00fd\u0161en\u00ed v\u00fdkonu va\u0161eho vozidla. Z\u00e1rove\u0148 se sni\u017euje zat\u00ed\u017een\u00ed motoru. Spolehn\u011bte se na inovativn\u00ed technologii od spole\u010dnosti Mishimoto a z\u00edskejte ze sv\u00e9ho motoru RAM Cummins to nejlep\u0161\u00ed.<\/p>\n<p>&nbsp;<\/p>\n\n\t\t<style type=\"text\/css\">\n\t\t\t#gallery-1 {\n\t\t\t\tmargin: auto;\n\t\t\t}\n\t\t\t#gallery-1 .gallery-item {\n\t\t\t\tfloat: left;\n\t\t\t\tmargin-top: 10px;\n\t\t\t\ttext-align: center;\n\t\t\t\twidth: 33%;\n\t\t\t}\n\t\t\t#gallery-1 img {\n\t\t\t\tborder: 2px solid #cfcfcf;\n\t\t\t}\n\t\t\t#gallery-1 .gallery-caption {\n\t\t\t\tmargin-left: 0;\n\t\t\t}\n\t\t\t\/* see gallery_shortcode() in wp-includes\/media.php *\/\n\t\t<\/style>\n\t\t<div id='gallery-1' class='gallery galleryid-68315210 gallery-columns-3 gallery-size-full'><dl class='gallery-item'>\n\t\t\t<dt class='gallery-icon landscape'>\n\t\t\t\t<a href='https:\/\/kraftwerk-shop.cc\/cs\/?attachment_id=68315250'><img decoding=\"async\" width=\"1000\" height=\"900\" src=\"https:\/\/kraftwerk-shop.cc\/wp-content\/uploads\/2025\/02\/Mishimoto_Intercooler_RAM_Cummins_1.webp\" class=\"attachment-full size-full\" alt=\"Mezichladi\u010d Mishimoto RAM 6.7 Cummins\" srcset=\"https:\/\/kraftwerk-shop.cc\/wp-content\/uploads\/2025\/02\/Mishimoto_Intercooler_RAM_Cummins_1.webp 1000w, https:\/\/kraftwerk-shop.cc\/wp-content\/uploads\/2025\/02\/Mishimoto_Intercooler_RAM_Cummins_1-500x450.webp 500w, https:\/\/kraftwerk-shop.cc\/wp-content\/uploads\/2025\/02\/Mishimoto_Intercooler_RAM_Cummins_1-150x135.webp 150w, https:\/\/kraftwerk-shop.cc\/wp-content\/uploads\/2025\/02\/Mishimoto_Intercooler_RAM_Cummins_1-600x540.webp 600w, https:\/\/kraftwerk-shop.cc\/wp-content\/uploads\/2025\/02\/Mishimoto_Intercooler_RAM_Cummins_1-300x270.webp 300w, https:\/\/kraftwerk-shop.cc\/wp-content\/uploads\/2025\/02\/Mishimoto_Intercooler_RAM_Cummins_1-768x691.webp 768w\" sizes=\"(max-width: 1000px) 100vw, 1000px\" \/><\/a>\n\t\t\t<\/dt><\/dl><dl class='gallery-item'>\n\t\t\t<dt class='gallery-icon landscape'>\n\t\t\t\t<a href='https:\/\/kraftwerk-shop.cc\/cs\/?attachment_id=68315251'><img decoding=\"async\" width=\"1000\" height=\"900\" src=\"https:\/\/kraftwerk-shop.cc\/wp-content\/uploads\/2025\/02\/Mishimoto_Intercooler_RAM_Cummins_2.webp\" class=\"attachment-full size-full\" alt=\"Mezichladi\u010d Mishimoto RAM 6.7 Cummins\" srcset=\"https:\/\/kraftwerk-shop.cc\/wp-content\/uploads\/2025\/02\/Mishimoto_Intercooler_RAM_Cummins_2.webp 1000w, https:\/\/kraftwerk-shop.cc\/wp-content\/uploads\/2025\/02\/Mishimoto_Intercooler_RAM_Cummins_2-500x450.webp 500w, https:\/\/kraftwerk-shop.cc\/wp-content\/uploads\/2025\/02\/Mishimoto_Intercooler_RAM_Cummins_2-150x135.webp 150w, https:\/\/kraftwerk-shop.cc\/wp-content\/uploads\/2025\/02\/Mishimoto_Intercooler_RAM_Cummins_2-600x540.webp 600w, https:\/\/kraftwerk-shop.cc\/wp-content\/uploads\/2025\/02\/Mishimoto_Intercooler_RAM_Cummins_2-300x270.webp 300w, https:\/\/kraftwerk-shop.cc\/wp-content\/uploads\/2025\/02\/Mishimoto_Intercooler_RAM_Cummins_2-768x691.webp 768w\" sizes=\"(max-width: 1000px) 100vw, 1000px\" \/><\/a>\n\t\t\t<\/dt><\/dl><dl class='gallery-item'>\n\t\t\t<dt class='gallery-icon landscape'>\n\t\t\t\t<a href='https:\/\/kraftwerk-shop.cc\/cs\/?attachment_id=68315252'><img decoding=\"async\" width=\"1000\" height=\"900\" src=\"https:\/\/kraftwerk-shop.cc\/wp-content\/uploads\/2025\/02\/Mishimoto_Intercooler_RAM_Cummins_3.webp\" class=\"attachment-full size-full\" alt=\"Mezichladi\u010d Mishimoto RAM 6.7 Cummins\" srcset=\"https:\/\/kraftwerk-shop.cc\/wp-content\/uploads\/2025\/02\/Mishimoto_Intercooler_RAM_Cummins_3.webp 1000w, https:\/\/kraftwerk-shop.cc\/wp-content\/uploads\/2025\/02\/Mishimoto_Intercooler_RAM_Cummins_3-500x450.webp 500w, https:\/\/kraftwerk-shop.cc\/wp-content\/uploads\/2025\/02\/Mishimoto_Intercooler_RAM_Cummins_3-150x135.webp 150w, https:\/\/kraftwerk-shop.cc\/wp-content\/uploads\/2025\/02\/Mishimoto_Intercooler_RAM_Cummins_3-600x540.webp 600w, https:\/\/kraftwerk-shop.cc\/wp-content\/uploads\/2025\/02\/Mishimoto_Intercooler_RAM_Cummins_3-300x270.webp 300w, https:\/\/kraftwerk-shop.cc\/wp-content\/uploads\/2025\/02\/Mishimoto_Intercooler_RAM_Cummins_3-768x691.webp 768w\" sizes=\"(max-width: 1000px) 100vw, 1000px\" \/><\/a>\n\t\t\t<\/dt><\/dl><br style=\"clear: both\" \/>\n\t\t<\/div>\n\n<p>&nbsp;<\/p>\n<h3><strong>Hlavn\u00ed vlastnosti a v\u00fdhody:<\/strong><\/h3>\n<p>\u2705 <strong>P\u0159\u00edm\u00e1 n\u00e1hrada OEM<\/strong><br \/>\nChladi\u010d plnic\u00edho vzduchu je <strong>\u0158e\u0161en\u00ed Plug-and-play<\/strong> a lze je instalovat bez slo\u017eit\u00fdch \u00faprav.<\/p>\n<p>\u2705 <strong>Zv\u00fd\u0161en\u00fd chladic\u00ed v\u00fdkon<\/strong><br \/>\nD\u00edky <strong>37 % v\u011bt\u0161\u00ed objem j\u00e1dra<\/strong> a jeden <strong>22 % v\u011bt\u0161\u00ed vnit\u0159n\u00ed objem<\/strong> sada nab\u00edz\u00ed <strong>V\u00fdrazn\u011b lep\u0161\u00ed odvod tepla<\/strong> ve srovn\u00e1n\u00ed se standardn\u00edm mezichladi\u010dem.<\/p>\n<p>\u2705 <strong>\u00da\u010dinn\u00e9 sn\u00ed\u017een\u00ed teploty<\/strong><br \/>\nVylep\u0161en\u00e1 konstrukce sni\u017euje <strong>Teplota nas\u00e1van\u00e9ho vzduchu a\u017e o 21 \u00b0F (cca 11,6 \u00b0C)<\/strong> a sni\u017euje <strong>Pokles tlaku o 0,6 PSI<\/strong>co\u017e vede k efektivn\u011bj\u0161\u00edmu v\u00fdkonu motoru.<\/p>\n<p>\u2705 <strong>Vysoce kvalitn\u00ed silikonov\u00e9 hadice s technologi\u00ed DuraCore\u2122<\/strong><br \/>\nSada obsahuje zes\u00edlen\u00e9 <strong>Silikonov\u00e9 hadice s technologi\u00ed DuraCore\u2122<\/strong>kter\u00e9 maj\u00ed zv\u00fd\u0161en\u00fd <strong>Tepeln\u00e1 odolnost, pevnost v tlaku a trvanlivost<\/strong> nab\u00eddka.<\/p>\n<p>\u2705 <strong>Robustn\u00ed hlin\u00edkov\u00e1 konstrukce<\/strong><br \/>\nChladi\u010d plnic\u00edho vzduchu je vyroben z vysoce kvalitn\u00edho <strong>Hlin\u00edk<\/strong>kter\u00e1 zaji\u0161\u0165uje maxim\u00e1ln\u00ed trvanlivost a odolnost proti korozi - ide\u00e1ln\u00ed pro extr\u00e9mn\u00ed podm\u00ednky a n\u00e1ro\u010dn\u00e9 pou\u017eit\u00ed.<\/p>\n<p>\u2705 <strong>Kompletn\u00ed instala\u010dn\u00ed sada<\/strong><br \/>\nSada obsahuje v\u0161echny pot\u0159ebn\u00e9 komponenty pro rychlou a snadnou instalaci, v\u010detn\u011b <strong>Svorky, t\u011bsn\u011bn\u00ed a spoje na m\u00edru<\/strong>.<\/p>\n<h3><\/h3>\n<p>&nbsp;<\/p>\n<h3><strong>Technick\u00e9 specifikace:<\/strong><\/h3>\n<table>\n<thead>\n<tr>\n<th style=\"text-align: left;\"><strong>Specifikace<\/strong><\/th>\n<th style=\"text-align: left;\"><strong>podrobnosti<\/strong><\/th>\n<\/tr>\n<\/thead>\n<tbody>\n<tr>\n<td><strong>Objem j\u00e1dra<\/strong><\/td>\n<td>37% v\u011bt\u0161\u00ed ne\u017e standardn\u00ed mezichladi\u010d<\/td>\n<\/tr>\n<tr>\n<td><strong>Vnit\u0159n\u00ed objem<\/strong><\/td>\n<td>22% v\u011bt\u0161\u00ed ne\u017e standardn\u00ed mezichladi\u010d<\/td>\n<\/tr>\n<tr>\n<td><strong>Sn\u00ed\u017een\u00ed teploty<\/strong><\/td>\n<td>Sni\u017euje teplotu nas\u00e1van\u00e9ho vzduchu a\u017e o 21 \u00b0F (cca 11,6 \u00b0C).<\/td>\n<\/tr>\n<tr>\n<td><strong>Pokles tlaku<\/strong><\/td>\n<td>Sni\u017euje pokles tlaku o 0,6 PSI<\/td>\n<\/tr>\n<tr>\n<td><strong>Z\u00e1kladn\u00ed rozm\u011bry<\/strong><\/td>\n<td>31,85\u2033 x 8,66\u2033 x 3,94\u2033 (cca 80,9 cm x 22 cm x 10 cm)<\/td>\n<\/tr>\n<tr>\n<td><strong>Tlou\u0161\u0165ka st\u011bny n\u00e1dr\u017ee<\/strong><\/td>\n<td>5 mm<\/td>\n<\/tr>\n<tr>\n<td><strong>Materi\u00e1l<\/strong><\/td>\n<td>100% Hlin\u00edk s lit\u00fdmi koncov\u00fdmi n\u00e1dr\u017eemi<\/td>\n<\/tr>\n<tr>\n<td><strong>Materi\u00e1l hadice<\/strong><\/td>\n<td>Silikon s technologi\u00ed DuraCore\u2122<\/td>\n<\/tr>\n<tr>\n<td><strong>M\u00edsto instalace<\/strong><\/td>\n<td>P\u0159\u00edm\u00e1 n\u00e1hrada OEM<\/td>\n<\/tr>\n<tr>\n<td><strong>Z\u00e1ruka<\/strong><\/td>\n<td>Do\u017eivotn\u00ed z\u00e1ruka Mishimoto<\/td>\n<\/tr>\n<\/tbody>\n<\/table>\n<p>Tyto specifikace zd\u016fraz\u0148uj\u00ed zlep\u0161en\u00ed objemu, \u0159\u00edzen\u00ed teploty a \u00fa\u010dinnosti tlaku, kter\u00e9 tato sada mezichladi\u010de nab\u00edz\u00ed oproti origin\u00e1lu.<\/p>\n<p>&nbsp;<\/p>\n<h3><\/h3>\n<p>&nbsp;<\/p>\n<h3><strong>Pro\u010d sada mezichladi\u010de Mishimoto Performance?<\/strong><\/h3>\n<ul>\n<li><strong>V\u011bt\u0161\u00ed v\u00fdkon a efektivita<\/strong> - \u00da\u010dinn\u011bji chlad\u00ed nas\u00e1van\u00fd vzduch, zlep\u0161uje spalov\u00e1n\u00ed a zvy\u0161uje celkov\u00fd v\u00fdkon motoru.<\/li>\n<li><strong>V\u011bt\u0161\u00ed spolehlivost<\/strong> - Robustn\u00ed konstrukce odol\u00e1v\u00e1 extr\u00e9mn\u00edm podm\u00ednk\u00e1m, ide\u00e1ln\u00ed pro tuning, n\u00e1ro\u010dn\u00e9 pou\u017eit\u00ed nebo j\u00edzdu v ter\u00e9nu.<\/li>\n<li><strong>Jednoduch\u00e1 instalace<\/strong> - Dokonal\u00e1 n\u00e1hrada standardn\u00edho chladi\u010de plnic\u00edho vzduchu bez slo\u017eit\u00fdch \u00faprav.<\/li>\n<li><strong>Optim\u00e1ln\u00ed optika<\/strong> - K dispozici v r\u016fzn\u00fdch barv\u00e1ch pro vylep\u0161en\u00ed vzhledu motorov\u00e9ho prostoru.<\/li>\n<\/ul>\n<h3><\/h3>\n<p>&nbsp;<\/p>\n<h3><strong>Z\u00e1v\u011br: Dokonal\u00e1 modernizace motoru Ram 6.7L Cummins!<\/strong><\/h3>\n<ul>\n<li><strong>Kompatibilita s vozidly:<\/strong> Ram 6.7L Cummins (od modelov\u00e9ho roku 2019)<\/li>\n<li><strong>Materi\u00e1l:<\/strong> Vysoce kvalitn\u00ed hlin\u00edk<\/li>\n<li><strong>Z\u00e1kladn\u00ed objem:<\/strong> 37 % v\u011bt\u0161\u00ed ne\u017e OEM<\/li>\n<li><strong>Vnit\u0159n\u00ed objem:<\/strong> 22 % v\u011bt\u0161\u00ed ne\u017e OEM<\/li>\n<li><strong>Sn\u00ed\u017een\u00ed teploty s\u00e1n\u00ed:<\/strong> Do 21 \u00b0F (cca 11,6 \u00b0C)<\/li>\n<li><strong>Sn\u00ed\u017een\u00ed tlakov\u00e9 ztr\u00e1ty:<\/strong> 0,6 PSI<\/li>\n<li><strong>Zahrnuje:<\/strong> Mezichladi\u010d, silikonov\u00e9 hadice DuraCore\u2122, mont\u00e1\u017en\u00ed materi\u00e1l<\/li>\n<\/ul>\n<p>&nbsp;<\/p>\n<p>Sada mezichladi\u010de Mishimoto Performance je ide\u00e1ln\u00edm p\u0159\u00edslu\u0161enstv\u00edm pro majitele motor\u016f RAM 6.7 Cummins, kte\u0159\u00ed cht\u011bj\u00ed zlep\u0161it v\u00fdkon, chlazen\u00ed a \u017eivotnost sv\u00fdch vozidel. D\u00edky zv\u00fd\u0161en\u00e9mu chladic\u00edmu v\u00fdkonu, prvot\u0159\u00eddn\u00edm materi\u00e1l\u016fm a osv\u011bd\u010den\u00e9 kvalit\u011b Mishimoto je tato sada nezbytnou v\u00fdbavou pro pln\u00e9 vyu\u017eit\u00ed potenci\u00e1lu motoru Ram 6.7L Cummins.<\/p>\n<p>&nbsp;<\/p>\n<p>&nbsp;<\/p>\n<h3>Sada mezichladi\u010de Mishimoto Performance je vhodn\u00e1 pro n\u00e1sleduj\u00edc\u00ed vozidla:<\/h3>\n<table width=\"482\">\n<tbody>\n<tr>\n<td width=\"83\"><strong>Rok v\u00fdstavby<\/strong><\/td>\n<td width=\"83\"><strong>Zna\u010dka<\/strong><\/td>\n<td width=\"142\"><strong>Model<\/strong><\/td>\n<td width=\"174\"><strong>Motor<\/strong><\/td>\n<\/tr>\n<tr>\n<td width=\"83\">2024<\/td>\n<td width=\"83\">Ram<\/td>\n<td width=\"142\">2500<\/td>\n<td width=\"174\">Diesel Cummins 6,7 l<\/td>\n<\/tr>\n<tr>\n<td width=\"83\">2024<\/td>\n<td width=\"83\">Ram<\/td>\n<td width=\"142\">3500<\/td>\n<td width=\"174\">Diesel Cummins 6,7 l<\/td>\n<\/tr>\n<tr>\n<td width=\"83\">2023<\/td>\n<td width=\"83\">Ram<\/td>\n<td width=\"142\">2500<\/td>\n<td width=\"174\">Diesel Cummins 6,7 l<\/td>\n<\/tr>\n<tr>\n<td width=\"83\">2023<\/td>\n<td width=\"83\">Ram<\/td>\n<td width=\"142\">3500<\/td>\n<td width=\"174\">Diesel Cummins 6,7 l<\/td>\n<\/tr>\n<tr>\n<td width=\"83\">2022<\/td>\n<td width=\"83\">Ram<\/td>\n<td width=\"142\">2500<\/td>\n<td width=\"174\">Diesel Cummins 6,7 l<\/td>\n<\/tr>\n<tr>\n<td width=\"83\">2022<\/td>\n<td width=\"83\">Ram<\/td>\n<td width=\"142\">3500<\/td>\n<td width=\"174\">Diesel Cummins 6,7 l<\/td>\n<\/tr>\n<tr>\n<td width=\"83\">2021<\/td>\n<td width=\"83\">Ram<\/td>\n<td width=\"142\">2500<\/td>\n<td width=\"174\">Diesel Cummins 6,7 l<\/td>\n<\/tr>\n<tr>\n<td width=\"83\">2021<\/td>\n<td width=\"83\">Ram<\/td>\n<td width=\"142\">3500<\/td>\n<td width=\"174\">Diesel Cummins 6,7 l<\/td>\n<\/tr>\n<tr>\n<td width=\"83\">2020<\/td>\n<td width=\"83\">Ram<\/td>\n<td width=\"142\">2500<\/td>\n<td width=\"174\">Diesel Cummins 6,7 l<\/td>\n<\/tr>\n<tr>\n<td width=\"83\">2020<\/td>\n<td width=\"83\">Ram<\/td>\n<td width=\"142\">3500<\/td>\n<td width=\"174\">Diesel Cummins 6,7 l<\/td>\n<\/tr>\n<tr>\n<td width=\"83\">2019<\/td>\n<td width=\"83\">Ram<\/td>\n<td width=\"142\">2500<\/td>\n<td width=\"174\">Diesel Cummins 6,7 l<\/td>\n<\/tr>\n<tr>\n<td width=\"83\">2019<\/td>\n<td width=\"83\">Ram<\/td>\n<td width=\"142\">3500<\/td>\n<td width=\"174\">Diesel Cummins 6,7 l<\/td>\n<\/tr>\n<\/tbody>\n<\/table>\n<p>&nbsp;<\/p>\n<p>&nbsp;<\/p>\n<p><iframe loading=\"lazy\" title=\"Instalace sady mezichladi\u010de Mishimoto 2019+ RAM 6 7L Cummins\" width=\"500\" height=\"281\" src=\"https:\/\/www.youtube.com\/embed\/p7Yx3Xl-LsU?feature=oembed\" frameborder=\"0\" allow=\"accelerometer; autoplay; clipboard-write; encrypted-media; gyroscope; picture-in-picture; web-share\" referrerpolicy=\"strict-origin-when-cross-origin\" allowfullscreen><\/iframe><\/p>\n<p>&nbsp;<\/p>\n<h3><strong>O v\u00fdrobci Mishimoto<\/strong><\/h3>\n<p>Spole\u010dnost Mishimoto je p\u0159edn\u00edm sv\u011btov\u00fdm v\u00fdrobcem vysoce v\u00fdkonn\u00fdch chladic\u00edch syst\u00e9m\u016f a byla zalo\u017eena v roce 2003. Spole\u010dnost se s\u00eddlem v <strong>New Castle, Delaware (USA)<\/strong> se specializuje na v\u00fdvoj a v\u00fdrobu <strong>V\u00fdkonn\u00e9 chladic\u00ed syst\u00e9my<\/strong> pro osobn\u00ed a n\u00e1kladn\u00ed automobily, motocykly a motorsport.<\/p>\n<p>Spole\u010dnost Mishimoto nab\u00edz\u00ed \u0161irokou \u0161k\u00e1lu produkt\u016f, v\u010detn\u011b. <strong>Mezichladi\u010de, chladi\u010de, chladi\u010de oleje, silikonov\u00e9 hadice a termostaty<\/strong>kter\u00e9 byly vyvinuty speci\u00e1ln\u011b pro vysoce v\u00fdkonn\u00e1 vozidla a extr\u00e9mn\u00ed podm\u00ednky. Tyto v\u00fdrobky se vyzna\u010duj\u00ed t\u00edm, \u017ee <strong>Vysok\u00e1 kvalita, inovativn\u00ed technologie a odoln\u00e1 konstrukce<\/strong> z.<\/p>\n<p>Zvl\u00e1\u0161tnost\u00ed spole\u010dnosti Mishimoto je. <strong>Do\u017eivotn\u00ed z\u00e1ruka<\/strong> na mnoha sv\u00fdch v\u00fdrobc\u00edch, co\u017e zd\u016fraz\u0148uje jej\u00ed d\u016fv\u011bru ve vlastn\u00ed kvalitu v\u00fdroby. Spole\u010dnost rovn\u011b\u017e provozuje vlastn\u00ed <strong>V\u00fdzkumn\u00e9 a v\u00fdvojov\u00e9 centrum<\/strong>kde v\u0161echny v\u00fdrobky proch\u00e1zej\u00ed p\u0159\u00edsn\u00fdm testov\u00e1n\u00edm, aby byla zaji\u0161t\u011bna maxim\u00e1ln\u00ed \u00fa\u010dinnost a spolehlivost.<\/p>\n<p>Spole\u010dnost Mishimoto \u00fazce spolupracuje s t\u00fdmy motoristick\u00e9ho sportu a nad\u0161enci, aby v\u017edy. <strong>Inovativn\u00ed \u0159e\u0161en\u00ed<\/strong> pro po\u017eadavky na chlazen\u00ed vytun\u011bn\u00fdch a vysoce v\u00fdkonn\u00fdch vozidel. Zna\u010dka se t\u011b\u0161\u00ed skv\u011bl\u00e9 pov\u011bsti mezi fanou\u0161ky tuningu, z\u00e1vodn\u00edmi t\u00fdmy a off-roadov\u00fdmi nad\u0161enci po cel\u00e9m sv\u011bt\u011b.<\/p>\n<p>Se sv\u00fdm <strong>Zam\u011b\u0159en\u00ed na v\u00fdkon, kvalitu a trvanlivost<\/strong> Mishimoto je jednou z nejobl\u00edben\u011bj\u0161\u00edch zna\u010dek pro \u0159e\u0161en\u00ed chlazen\u00ed vozidel - a\u0165 u\u017e pro ka\u017edodenn\u00ed pou\u017eit\u00ed, z\u00e1vodn\u00ed nebo ter\u00e9nn\u00ed pou\u017eit\u00ed.<\/p>\n<p>&nbsp;<\/p>","protected":false},"excerpt":{"rendered":"<p>2019\u20132024<\/p>","protected":false},"featured_media":68315220,"comment_status":"open","ping_status":"closed","template":"","meta":{"_acf_changed":false},"product_brand":[18924],"product_cat":[10262,2929],"product_tag":[419,420,2066,2373,4526,6297,7200,4533,7201,49,405,269,425,274,10628,10627,7221,4534,86,6333,7666,216,3736],"class_list":{"0":"post-68315210","1":"product","2":"type-product","3":"status-publish","4":"has-post-thumbnail","6":"product_brand-mishimoto","7":"product_cat-alle-produkte","8":"product_cat-67-cummins-kuehlung","9":"product_tag-419","10":"product_tag-420","11":"product_tag-2066","12":"product_tag-2373","13":"product_tag-4526","14":"product_tag-6297","15":"product_tag-6-7","16":"product_tag-aluminiumkuehler","17":"product_tag-cummins","18":"product_tag-dodge","19":"product_tag-kuehler","20":"product_tag-kuehlwasser","21":"product_tag-ladeluftkuehler","22":"product_tag-mishimoto","23":"product_tag-mmint-ram-19k","24":"product_tag-mmrad-ram-19","25":"product_tag-mopar10","26":"product_tag-motorkuehler","27":"product_tag-ram","28":"product_tag-ram-2500","29":"product_tag-ram-3500","30":"product_tag-upgrade","31":"product_tag-wasserkuehler","32":"product_shipping_class-spedition-1","34":"first","35":"onbackorder","36":"taxable","37":"shipping-taxable","38":"purchasable","39":"product-type-variable"},"bundled_by":[],"bundle_stock_status":"onbackorder","bundle_stock_quantity":0,"bundle_virtual":false,"bundle_layout":"","bundle_add_to_cart_form_location":"","bundle_editable_in_cart":false,"bundle_sold_individually_context":"","bundle_item_grouping":"","bundle_min_size":"","bundle_max_size":"","bundle_price":[],"bundled_items":[],"bundle_sell_ids":[],"exclude_global_add_ons":[],"addons":[],"acf":[],"_links":{"self":[{"href":"https:\/\/kraftwerk-shop.cc\/cs\/wp-json\/wp\/v2\/product\/68315210","targetHints":{"allow":["GET"]}}],"collection":[{"href":"https:\/\/kraftwerk-shop.cc\/cs\/wp-json\/wp\/v2\/product"}],"about":[{"href":"https:\/\/kraftwerk-shop.cc\/cs\/wp-json\/wp\/v2\/types\/product"}],"replies":[{"embeddable":true,"href":"https:\/\/kraftwerk-shop.cc\/cs\/wp-json\/wp\/v2\/comments?post=68315210"}],"version-history":[{"count":0,"href":"https:\/\/kraftwerk-shop.cc\/cs\/wp-json\/wp\/v2\/product\/68315210\/revisions"}],"wp:featuredmedia":[{"embeddable":true,"href":"https:\/\/kraftwerk-shop.cc\/cs\/wp-json\/wp\/v2\/media\/68315220"}],"wp:attachment":[{"href":"https:\/\/kraftwerk-shop.cc\/cs\/wp-json\/wp\/v2\/media?parent=68315210"}],"wp:term":[{"taxonomy":"product_brand","embeddable":true,"href":"https:\/\/kraftwerk-shop.cc\/cs\/wp-json\/wp\/v2\/product_brand?post=68315210"},{"taxonomy":"product_cat","embeddable":true,"href":"https:\/\/kraftwerk-shop.cc\/cs\/wp-json\/wp\/v2\/product_cat?post=68315210"},{"taxonomy":"product_tag","embeddable":true,"href":"https:\/\/kraftwerk-shop.cc\/cs\/wp-json\/wp\/v2\/product_tag?post=68315210"}],"curies":[{"name":"wp","href":"https:\/\/api.w.org\/{rel}","templated":true}]}}