{"id":68315267,"date":"2025-02-09T20:56:42","date_gmt":"2025-02-09T19:56:42","guid":{"rendered":"https:\/\/kraftwerk-shop.cc\/?post_type=product&#038;p=68315267"},"modified":"2026-02-15T01:17:40","modified_gmt":"2026-02-15T00:17:40","slug":"mishimoto-chladic-ram-67-cummins","status":"publish","type":"product","link":"https:\/\/kraftwerk-shop.cc\/cs\/produkt\/mishimoto-kuehler-ram-67-cummins\/","title":{"rendered":"Hlin\u00edkov\u00fd chladi\u010d Mishimoto RAM 6.7 Cummins"},"content":{"rendered":"<p data-pm-slice=\"1 1 []\"><strong>Hlin\u00edkov\u00fd chladi\u010d Mishimoto Performance pro RAM 6.7L Cummins (2013-2018)<\/strong><\/p>\n<p>&nbsp;<\/p>\n<h4>Maxim\u00e1ln\u00ed chladic\u00ed v\u00fdkon, nejvy\u0161\u0161\u00ed kvalita a bezkonkuren\u010dn\u00ed odolnost pro va\u0161e n\u00e1kladn\u00ed vozidlo RAM<\/h4>\n<p>Legend\u00e1rn\u00ed spolehlivost a v\u00fdkon <strong>Motor Cummins 6,7 l<\/strong>-vybaven\u00fd <strong>Dodge Ram<\/strong> se stal jedn\u00edm z nejobl\u00edben\u011bj\u0161\u00edch n\u00e1kladn\u00edch automobil\u016f pro t\u011b\u017ekou pr\u00e1ci na sv\u011bt\u011b. Ka\u017ed\u00e1 legenda m\u00e1 v\u0161ak sv\u00e1 slab\u00e1 m\u00edsta - a v p\u0159\u00edpad\u011b Dodge Ram je jedn\u00edm z nich standardn\u00ed chladi\u010d.<\/p>\n<p>Na str\u00e1nk\u00e1ch <strong>Plastov\u00e9 koncov\u00e9 n\u00e1dr\u017ee<\/strong> tov\u00e1rn\u00edho chladi\u010de ram jsou n\u00e1chyln\u00e9 na <strong>Trhliny a net\u011bsnosti<\/strong> v pr\u016fb\u011bhu \u010dasu. Kdy\u017e se k tomu p\u0159id\u00e1 dal\u0161\u00ed z\u00e1t\u011b\u017e a teplo zp\u016fsoben\u00e9 \u00fapravami pro zv\u00fd\u0161en\u00ed v\u00fdkonu, m\u016f\u017ee se z toho rychle st\u00e1t v\u00e1\u017en\u00fd probl\u00e9m. Ale to je p\u0159esn\u011b ten p\u0159\u00edpad. <strong>Mishimoto<\/strong> do hry.<\/p>\n<p>Na str\u00e1nk\u00e1ch <strong>2013-2018 Ram 2500 \/ 3500 performance cooler<\/strong> je ide\u00e1ln\u00edm vylep\u0161en\u00edm pro ka\u017ed\u00e9ho <strong>Ram ovl\u00e1dan\u00fd kumul\u00e1tory<\/strong>. D\u00edky zcela <strong>hlin\u00edkov\u00e1, TIG sva\u0159ovan\u00e1 konstrukce<\/strong> tento chladi\u010d je stejn\u011b robustn\u00ed jako va\u0161e n\u00e1kladn\u00ed vozidlo. S <strong>63 % vy\u0161\u0161\u00ed kapacita chladic\u00ed kapaliny<\/strong> a jeden <strong>41 % v\u011bt\u0161\u00ed plocha<\/strong> m\u016f\u017eete zv\u00fd\u0161it v\u00fdkon motoru, ani\u017e byste se museli ob\u00e1vat p\u0159eh\u0159\u00e1t\u00ed.<\/p>\n<p>Na str\u00e1nk\u00e1ch <strong>Hlin\u00edkov\u00fd chladi\u010d Mishimoto Performance<\/strong> pro <strong>Dodge Ram 6.7L Cummins (2013-2018)<\/strong> je dokonal\u00fdm \u0159e\u0161en\u00edm pro v\u0161echny, kte\u0159\u00ed pot\u0159ebuj\u00ed <strong>Optim\u00e1ln\u00ed chladic\u00ed v\u00fdkon, vy\u0161\u0161\u00ed \u00fa\u010dinnost a maxim\u00e1ln\u00ed \u017eivotnost<\/strong> pro va\u0161e vozidlo. Vyvinuto pro n\u00e1ro\u010dn\u00e9 pou\u017eit\u00ed v <strong>velk\u00e9 tahov\u00e9 zat\u00ed\u017een\u00ed, ter\u00e9nn\u00ed podm\u00ednky a vysok\u00e9 okoln\u00ed teploty.<\/strong>Tento vysoce v\u00fdkonn\u00fd chladi\u010d v\u00fdrazn\u011b p\u0159ekra\u010duje specifikace OEM.<\/p>\n<p>Prost\u0159ednictv\u00edm <strong>Zv\u00fd\u0161en\u00fd chladic\u00ed v\u00fdkon, lep\u0161\u00ed proud\u011bn\u00ed vzduchu a robustn\u00ed hlin\u00edkov\u00e1 konstrukce<\/strong> tento chladi\u010d \u00fa\u010dinn\u011b sni\u017euje teplotu motoru, minimalizuje riziko p\u0159eh\u0159\u00e1t\u00ed a zvy\u0161uje spolehlivost va\u0161eho vozidla - i v extr\u00e9mn\u00edch podm\u00ednk\u00e1ch.<\/p>\n<p>&nbsp;<\/p>\n<h2><strong>Hlavn\u00ed vlastnosti a v\u00fdhody<\/strong><\/h2>\n<p>\u2705 <strong>Zv\u00fd\u0161en\u00fd chladic\u00ed v\u00fdkon pro maxim\u00e1ln\u00ed \u00fa\u010dinnost<\/strong><br \/>\nHlin\u00edkov\u00fd chladi\u010d Mishimoto nab\u00edz\u00ed <strong>63 % v\u011bt\u0161\u00ed kapacita chladic\u00ed kapaliny<\/strong> ne\u017e standardn\u00ed chladi\u010d. D\u00edky tomu se odv\u00e1d\u00ed v\u00edce tepla a motor z\u016fst\u00e1v\u00e1 \u00fa\u010dinn\u011b chlazen\u00fd i p\u0159i vysok\u00e9m zat\u00ed\u017een\u00ed.<\/p>\n<p>\u2705 <strong>27 % v\u011bt\u0161\u00ed objem j\u00e1dra pro lep\u0161\u00ed odvod tepla<\/strong><br \/>\nUm <strong>27 Zv\u011bt\u0161en\u00e9 j\u00e1dro chladi\u010de %<\/strong> zaji\u0161\u0165uje \u00fa\u010dinn\u011bj\u0161\u00ed p\u0159enos tepla a zabra\u0148uje p\u0159eh\u0159\u00e1t\u00ed - ide\u00e1ln\u00ed pro ta\u017en\u00e1 vozidla, v\u00fdkonn\u00e9 motory nebo vozidla v hork\u00e9m podneb\u00ed.<\/p>\n<p>\u2705 <strong>Vysoce kvalitn\u00ed hlin\u00edkov\u00e1 konstrukce 100 % se sva\u0159ovan\u00fdmi koncov\u00fdmi n\u00e1dr\u017eemi<\/strong><br \/>\nZat\u00edmco mnoho standardn\u00edch chladi\u010d\u016f pou\u017e\u00edv\u00e1 plastov\u00e9 koncov\u00e9 n\u00e1dr\u017ee, kter\u00e9 mohou \u010dasem zk\u0159ehnout a prasknout, chladi\u010d Mishimoto je vyroben z <strong>Pln\u011b sva\u0159en\u00fd hlin\u00edk<\/strong>co\u017e je <strong>Extr\u00e9mn\u00ed odolnost a dlouh\u00e1 \u017eivotnost<\/strong> zaru\u010den\u011b.<\/p>\n<p>\u2705 <strong>Optimalizovan\u00e9 proud\u011bn\u00ed vzduchu d\u00edky 19 lamel\u00e1m na palec (FPI)<\/strong><br \/>\nS <strong>19 \u017eeber na palec (FPI)<\/strong> chladi\u010d zaji\u0161\u0165uje optim\u00e1ln\u00ed proud\u011bn\u00ed vzduchu p\u0159es s\u00ed\u0165ku, co\u017e d\u00e1le zlep\u0161uje chladic\u00ed v\u00fdkon a zaji\u0161\u0165uje rovnom\u011brn\u00fd odvod tepla.<\/p>\n<p>\u2705 <strong>P\u0159\u00edm\u00e1 n\u00e1hrada OEM - jednoduch\u00e1 instalace plug-and-play<\/strong><br \/>\nTento vysoce v\u00fdkonn\u00fd chladi\u010d byl vyvinut tak, aby byl schopen <strong>p\u0159\u00edmo na dr\u017e\u00e1ky OEM<\/strong> pasuje bez nutnosti jak\u00fdchkoli \u00faprav vozidla. Ide\u00e1ln\u00ed pro rychlou a bezprobl\u00e9movou instalaci.<\/p>\n<p>\u2705 <strong>Zv\u00fd\u0161en\u00e1 odolnost proti korozi a tlaku<\/strong><br \/>\nD\u00edky vysoce kvalitn\u00ed hlin\u00edkov\u00e9 slitin\u011b a precizn\u00ed v\u00fdrobn\u00ed technologii nab\u00edz\u00ed chladi\u010d vysokou odolnost. <strong>V\u00fdjime\u010dn\u00e1 odolnost proti korozi, rzi a vysok\u00e9mu tlakov\u00e9mu zat\u00ed\u017een\u00ed.<\/strong> - ide\u00e1ln\u00ed pro n\u00e1ro\u010dn\u00e9 podm\u00ednky.<\/p>\n<p>\u2705 <strong>Do\u017eivotn\u00ed z\u00e1ruka Mishimoto<\/strong><br \/>\nStejn\u011b jako v\u0161echny vysoce v\u00fdkonn\u00e9 produkty od spole\u010dnosti Mishimoto je i tento chladi\u010d dod\u00e1v\u00e1n s <strong>Do\u017eivotn\u00ed z\u00e1ruka<\/strong>co\u017e zaru\u010duje kvalitu a spolehlivost v\u00fdrobku.<\/p>\n<p>&nbsp;<\/p>\n<h2><strong>Technick\u00e9 specifikace<\/strong><\/h2>\n<table>\n<thead>\n<tr>\n<th><strong>Specifikace<\/strong><\/th>\n<th><strong>podrobnosti<\/strong><\/th>\n<\/tr>\n<\/thead>\n<tbody>\n<tr>\n<td><strong>Objem j\u00e1dra<\/strong><\/td>\n<td>27 % v\u011bt\u0161\u00ed ne\u017e OEM<\/td>\n<\/tr>\n<tr>\n<td><strong>Kapacita chladic\u00ed kapaliny<\/strong><\/td>\n<td>63 % v\u00edce ne\u017e OEM<\/td>\n<\/tr>\n<tr>\n<td><strong>\u0158\u00edzen\u00ed teploty<\/strong><\/td>\n<td>Optimalizovan\u00fd odvod tepla pro lep\u0161\u00ed chladic\u00ed v\u00fdkon<\/td>\n<\/tr>\n<tr>\n<td><strong>Z\u00e1kladn\u00ed rozm\u011bry<\/strong><\/td>\n<td>34,25\u2033 x 27,00\u2033 x 2,44\u2033 (cca 87 x 68,6 x 6,2 cm)<\/td>\n<\/tr>\n<tr>\n<td><strong>Celkov\u00e9 rozm\u011bry<\/strong><\/td>\n<td>40,5\u2033 x 29,5\u2033 x 7,5\u2033 (cca 102,9 x 74,9 x 19 cm)<\/td>\n<\/tr>\n<tr>\n<td><strong>Ploutve na palec (FPI)<\/strong><\/td>\n<td>19 FPI pro optimalizovan\u00e9 proud\u011bn\u00ed vzduchu<\/td>\n<\/tr>\n<tr>\n<td><strong>Materi\u00e1l<\/strong><\/td>\n<td>100 Hlin\u00edk % se sva\u0159ovan\u00fdmi koncov\u00fdmi n\u00e1dr\u017eemi<\/td>\n<\/tr>\n<tr>\n<td><strong>M\u00edsto instalace<\/strong><\/td>\n<td>P\u0159\u00edm\u00e1 n\u00e1hrada OEM<\/td>\n<\/tr>\n<\/tbody>\n<\/table>\n<p>&nbsp;<\/p>\n<h2><strong>Kompatibilita s vozidly<\/strong><\/h2>\n<p>Hlin\u00edkov\u00fd chladi\u010d Mishimoto Performance je vhodn\u00fd pro n\u00e1sleduj\u00edc\u00ed vozidla:<\/p>\n<table width=\"482\">\n<tbody>\n<tr>\n<td width=\"83\"><strong>Rok v\u00fdstavby<\/strong><\/td>\n<td width=\"83\"><strong>Zna\u010dka<\/strong><\/td>\n<td width=\"142\"><strong>Model<\/strong><\/td>\n<td width=\"174\"><strong>Motor<\/strong><\/td>\n<\/tr>\n<tr>\n<td width=\"83\">2018<\/td>\n<td width=\"83\">Dodge<\/td>\n<td width=\"142\">Ram 2500<\/td>\n<td width=\"174\">Diesel Cummins 6,7 l<\/td>\n<\/tr>\n<tr>\n<td width=\"83\">2018<\/td>\n<td width=\"83\">Dodge<\/td>\n<td width=\"142\">Ram 3500<\/td>\n<td width=\"174\">Diesel Cummins 6,7 l<\/td>\n<\/tr>\n<tr>\n<td width=\"83\">2017<\/td>\n<td width=\"83\">Dodge<\/td>\n<td width=\"142\">Ram 2500<\/td>\n<td width=\"174\">Diesel Cummins 6,7 l<\/td>\n<\/tr>\n<tr>\n<td width=\"83\">2017<\/td>\n<td width=\"83\">Dodge<\/td>\n<td width=\"142\">Ram 3500<\/td>\n<td width=\"174\">Diesel Cummins 6,7 l<\/td>\n<\/tr>\n<tr>\n<td width=\"83\">2016<\/td>\n<td width=\"83\">Dodge<\/td>\n<td width=\"142\">Ram 2500<\/td>\n<td width=\"174\">Diesel Cummins 6,7 l<\/td>\n<\/tr>\n<tr>\n<td width=\"83\">2016<\/td>\n<td width=\"83\">Dodge<\/td>\n<td width=\"142\">Ram 3500<\/td>\n<td width=\"174\">Diesel Cummins 6,7 l<\/td>\n<\/tr>\n<tr>\n<td width=\"83\">2015<\/td>\n<td width=\"83\">Dodge<\/td>\n<td width=\"142\">Ram 2500<\/td>\n<td width=\"174\">Diesel Cummins 6,7 l<\/td>\n<\/tr>\n<tr>\n<td width=\"83\">2015<\/td>\n<td width=\"83\">Dodge<\/td>\n<td width=\"142\">Ram 3500<\/td>\n<td width=\"174\">Diesel Cummins 6,7 l<\/td>\n<\/tr>\n<tr>\n<td width=\"83\">2014<\/td>\n<td width=\"83\">Dodge<\/td>\n<td width=\"142\">Ram 2500<\/td>\n<td width=\"174\">Diesel Cummins 6,7 l<\/td>\n<\/tr>\n<tr>\n<td width=\"83\">2014<\/td>\n<td width=\"83\">Dodge<\/td>\n<td width=\"142\">Ram 3500<\/td>\n<td width=\"174\">Diesel Cummins 6,7 l<\/td>\n<\/tr>\n<tr>\n<td width=\"83\">2013<\/td>\n<td width=\"83\">Dodge<\/td>\n<td width=\"142\">Ram 2500<\/td>\n<td width=\"174\">Diesel Cummins 6,7 l<\/td>\n<\/tr>\n<tr>\n<td width=\"83\">2013<\/td>\n<td width=\"83\">Dodge<\/td>\n<td width=\"142\">Ram 3500<\/td>\n<td width=\"174\">Diesel Cummins 6,7 l<\/td>\n<\/tr>\n<\/tbody>\n<\/table>\n<p>&nbsp;<\/p>\n<p>Tento upgrade chladi\u010de je speci\u00e1ln\u011b navr\u017een pro <strong>Modely Dodge Ram 2500 a 3500 z modelov\u00fdch let 2013 a\u017e 2018<\/strong> s <strong>Diesel Cummins 6,7 l<\/strong>-byl vyvinut motor.<\/p>\n<p>&nbsp;<\/p>\n<h2><strong>Pro\u010d zvolit hlin\u00edkov\u00fd chladi\u010d Mishimoto Performance?<\/strong><\/h2>\n<ul>\n<li><strong>Maxim\u00e1ln\u00ed chladic\u00ed v\u00fdkon<\/strong> - Vyvinut\u00fd pro maxim\u00e1ln\u00ed \u00fa\u010dinnost p\u0159i velk\u00e9m zat\u00ed\u017een\u00ed, ladic\u00edch projektech a extr\u00e9mn\u00edch teplot\u00e1ch.<\/li>\n<li><strong>Robustn\u00ed konstrukce<\/strong> - 100 Hlin\u00edkov\u00e1 konstrukce % s p\u0159esn\u011b sva\u0159en\u00fdmi \u0161vy pro maxim\u00e1ln\u00ed odolnost.<\/li>\n<li><strong>Kompatibilita Plug-and-play<\/strong> - Je dokonale p\u0159izp\u016fsoben pro upevn\u011bn\u00ed OEM, tak\u017ee nen\u00ed nutn\u00e1 \u017e\u00e1dn\u00e1 p\u0159estavba.<\/li>\n<li><strong>Ide\u00e1ln\u00ed pro n\u00e1ro\u010dn\u00e9 aplikace<\/strong> - Tento chladi\u010d spl\u0148uje sv\u00e9 sliby, a\u0165 u\u017e jde o ka\u017edodenn\u00ed j\u00edzdy, pou\u017eit\u00ed v ter\u00e9nu nebo v\u00fdkonn\u00e9 motory.<\/li>\n<\/ul>\n<p>&nbsp;<\/p>\n<h3><strong>Z\u00e1v\u011br: Dokonal\u00e1 modernizace chladi\u010de pro v\u00e1\u0161 Dodge 6,7L Cummins!<\/strong><\/h3>\n<p>Na str\u00e1nk\u00e1ch <strong>Hlin\u00edkov\u00fd chladi\u010d Mishimoto Performance<\/strong> je ide\u00e1ln\u00ed volbou pro \u0159idi\u010de, kte\u0159\u00ed <strong>maximalizovat jejich chladic\u00ed v\u00fdkon, zv\u00fd\u0161it spolehlivost jejich motoru a poskytnout dlouhodob\u00e9 \u0159e\u0161en\u00ed probl\u00e9m\u016f s teplem.<\/strong> vyhled\u00e1v\u00e1n\u00ed. Tento chladi\u010d s vysoce kvalitn\u00ed konstrukc\u00ed, zv\u00fd\u0161enou kapacitou a snadnou instalac\u00ed je nezbytn\u00fdm vybaven\u00edm pro ka\u017ed\u00e9ho, kdo chce udr\u017eet sv\u016fj motor Dodge 6,7L Cummins ve \u0161pi\u010dkov\u00e9 kondici.<\/p>\n<p>&nbsp;<\/p>\n<p><iframe loading=\"lazy\" title=\"Instalace chladi\u010de Mishimoto Dodge 6.7 Cummins 2013 - 2018\" width=\"500\" height=\"281\" src=\"https:\/\/www.youtube.com\/embed\/_qrWntNvwRo?feature=oembed\" frameborder=\"0\" allow=\"accelerometer; autoplay; clipboard-write; encrypted-media; gyroscope; picture-in-picture; web-share\" referrerpolicy=\"strict-origin-when-cross-origin\" allowfullscreen><\/iframe><\/p>\n<p>&nbsp;<\/p>","protected":false},"excerpt":{"rendered":"<p>2013\u20132018<\/p>","protected":false},"featured_media":68315290,"comment_status":"open","ping_status":"closed","template":"","meta":{"_acf_changed":false},"product_brand":[18924],"product_cat":[10262,2929],"product_tag":[165,248,249,250,251,252,7200,15141,15149,4533,7201,15145,49,15139,15147,15151,405,15154,15158,15152,15165,15163,15167,15146,15170,15155,15160,15148,15168,15161,15171,15166,15159,15164,15157,15169,15150,15162,15142,269,15156,274,15137,10629,4534,15153,15140,86,15143,15144,15138,216,3736],"class_list":{"0":"post-68315267","1":"product","2":"type-product","3":"status-publish","4":"has-post-thumbnail","6":"product_brand-mishimoto","7":"product_cat-alle-produkte","8":"product_cat-67-cummins-kuehlung","9":"product_tag-165","10":"product_tag-248","11":"product_tag-249","12":"product_tag-250","13":"product_tag-251","14":"product_tag-252","15":"product_tag-6-7","16":"product_tag-aluminium-kuehler-dodge-ram","17":"product_tag-aluminiumkern-kuehler","18":"product_tag-aluminiumkuehler","19":"product_tag-cummins","20":"product_tag-cummins-diesel-kuehler","21":"product_tag-dodge","22":"product_tag-dodge-ram-kuehler","23":"product_tag-dodge-ram-performance-teile","24":"product_tag-heavy-duty-kuehler-dodge-ram","25":"product_tag-kuehler","26":"product_tag-kuehler-fuer-hohe-umgebungstemperaturen","27":"product_tag-kuehler-fuer-maximale-effizienz","28":"product_tag-kuehler-fuer-schwere-lasten","29":"product_tag-kuehler-mit-erhoehter-effizienz","30":"product_tag-kuehler-mit-erhoehter-haltbarkeit","31":"product_tag-kuehler-mit-erhoehter-kuehlfluessigkeitskapazitaet","32":"product_tag-kuehler-mit-erhoehter-kuehlkapazitaet","33":"product_tag-kuehler-mit-erhoehter-kuehlleistung","34":"product_tag-kuehler-mit-erhoehter-oberflaeche","35":"product_tag-kuehler-mit-erhoehter-zuverlaessigkeit","36":"product_tag-kuehler-mit-groesserem-kernvolumen","37":"product_tag-kuehler-mit-groesserer-oberflaeche","38":"product_tag-kuehler-mit-optimierter-kuehlleistung","39":"product_tag-kuehler-mit-optimierter-waermeableitung","40":"product_tag-kuehler-mit-reduzierter-motortemperatur","41":"product_tag-kuehler-mit-reduzierter-ueberhitzungsgefahr","42":"product_tag-kuehler-mit-verbesserter-kuehlleistung","43":"product_tag-kuehler-mit-verbesserter-luftstroemung","44":"product_tag-kuehler-mit-verbesserter-waermeabfuhr","45":"product_tag-kuehler-mit-verbesserter-waermeableitung","46":"product_tag-kuehler-mit-verbesserter-waermeuebertragung","47":"product_tag-kuehler-upgrade-cummins","48":"product_tag-kuehlwasser","49":"product_tag-langlebiger-kuehler-dodge-ram","50":"product_tag-mishimoto","51":"product_tag-mishimoto-kuehler","52":"product_tag-mmrad-ram-13","53":"product_tag-motorkuehler","54":"product_tag-offroad-kuehler-ram","55":"product_tag-performance-kuehler-ram","56":"product_tag-ram","57":"product_tag-ram-2500-kuehler","58":"product_tag-ram-3500-kuehler","59":"product_tag-ram-6-7-cummins-kuehler","60":"product_tag-upgrade","61":"product_tag-wasserkuehler","62":"product_shipping_class-paket-l","64":"first","65":"onbackorder","66":"taxable","67":"shipping-taxable","68":"purchasable","69":"product-type-simple"},"bundled_by":[],"bundle_stock_status":"onbackorder","bundle_stock_quantity":0,"bundle_virtual":false,"bundle_layout":"","bundle_add_to_cart_form_location":"","bundle_editable_in_cart":false,"bundle_sold_individually_context":"","bundle_item_grouping":"","bundle_min_size":"","bundle_max_size":"","bundle_price":[],"bundled_items":[],"bundle_sell_ids":[],"exclude_global_add_ons":[],"addons":[],"acf":[],"_links":{"self":[{"href":"https:\/\/kraftwerk-shop.cc\/cs\/wp-json\/wp\/v2\/product\/68315267","targetHints":{"allow":["GET"]}}],"collection":[{"href":"https:\/\/kraftwerk-shop.cc\/cs\/wp-json\/wp\/v2\/product"}],"about":[{"href":"https:\/\/kraftwerk-shop.cc\/cs\/wp-json\/wp\/v2\/types\/product"}],"replies":[{"embeddable":true,"href":"https:\/\/kraftwerk-shop.cc\/cs\/wp-json\/wp\/v2\/comments?post=68315267"}],"version-history":[{"count":0,"href":"https:\/\/kraftwerk-shop.cc\/cs\/wp-json\/wp\/v2\/product\/68315267\/revisions"}],"wp:featuredmedia":[{"embeddable":true,"href":"https:\/\/kraftwerk-shop.cc\/cs\/wp-json\/wp\/v2\/media\/68315290"}],"wp:attachment":[{"href":"https:\/\/kraftwerk-shop.cc\/cs\/wp-json\/wp\/v2\/media?parent=68315267"}],"wp:term":[{"taxonomy":"product_brand","embeddable":true,"href":"https:\/\/kraftwerk-shop.cc\/cs\/wp-json\/wp\/v2\/product_brand?post=68315267"},{"taxonomy":"product_cat","embeddable":true,"href":"https:\/\/kraftwerk-shop.cc\/cs\/wp-json\/wp\/v2\/product_cat?post=68315267"},{"taxonomy":"product_tag","embeddable":true,"href":"https:\/\/kraftwerk-shop.cc\/cs\/wp-json\/wp\/v2\/product_tag?post=68315267"}],"curies":[{"name":"wp","href":"https:\/\/api.w.org\/{rel}","templated":true}]}}