{"id":68315594,"date":"2025-02-17T15:38:42","date_gmt":"2025-02-17T14:38:42","guid":{"rendered":"https:\/\/kraftwerk-shop.cc\/?post_type=product&#038;p=68315594"},"modified":"2026-02-15T01:18:09","modified_gmt":"2026-02-15T00:18:09","slug":"mbrp-t5199blk-vyfuky-ram-1500","status":"publish","type":"product","link":"https:\/\/kraftwerk-shop.cc\/cs\/produkt\/mbrp-t5199blk-endrohre-ram-1500\/","title":{"rendered":"MBRP 5palcov\u00e9 v\u00fdfuky RAM 1500 5.7"},"content":{"rendered":"<h1>MBRP 5palcov\u00e9 v\u00fdfuky pro RAM 1500 5.7<\/h1>\n<p>&nbsp;<\/p>\n<p>Pokud chcete d\u00e1t v\u00fdfukov\u00e9mu syst\u00e9mu sv\u00e9ho vozu RAM nov\u00fd vzhled, nemus\u00edte vym\u011b\u0148ovat cel\u00fd syst\u00e9m.<br \/>\nM\u016f\u017eete tak\u00e9 jednodu\u0161e pou\u017e\u00edt tyto kryty v\u00fdfuk\u016f MBRP z nerezov\u00e9 oceli.<\/p>\n<p>V\u00fdfukov\u00e9 koncovky jsou opat\u0159eny laserem grav\u00edrovan\u00fdm logem MBRP. D\u00edky tomuto stylov\u00e9mu designu v\u00fdfukov\u00fd syst\u00e9m va\u0161eho vozidla vy\u010dn\u00edv\u00e1 z davu. Velk\u00fd pr\u016fm\u011br v\u00fdstupu nav\u00edc pom\u00e1h\u00e1 zlep\u0161it pr\u016ftok v\u00fdfukov\u00fdch plyn\u016f va\u0161eho vozidla.<\/p>\n<p>V\u00fdfukov\u00e9 koncovky jsou vyrobeny z odoln\u00e9 nerezov\u00e9 oceli 304 s \u010dernou povrchovou \u00fapravou, kter\u00e1 spl\u0148uje vysok\u00e9 n\u00e1roky va\u0161eho vozidla.<\/p>\n<p>Tyto koncovky v\u00fdfuku lze snadno na\u0161roubovat. Proto\u017ee jsou navr\u017eeny jako p\u0159\u00edm\u00fd n\u00e1hradn\u00ed d\u00edl, m\u016f\u017eete je rychle p\u0159ipevnit k tov\u00e1rn\u00edm bod\u016fm va\u0161eho vozidla pomoc\u00ed standardn\u00edch svorek. Nen\u00ed nutn\u00e9 \u017e\u00e1dn\u00e9 sva\u0159ov\u00e1n\u00ed ani \u0159ez\u00e1n\u00ed.<\/p>\n<p>&nbsp;<\/p>\n<p><strong>Vhodn\u00e9 pro:<\/strong><\/p>\n<table width=\"449\">\n<tbody>\n<tr>\n<td width=\"115\"><strong>Zna\u010dka<\/strong><\/td>\n<td width=\"145\"><strong>Model<\/strong><\/td>\n<td width=\"106\"><strong>Motor<\/strong><\/td>\n<td width=\"83\"><strong>Rok v\u00fdstavby<\/strong><\/td>\n<\/tr>\n<tr>\n<td>RAM<\/td>\n<td>1500<\/td>\n<td>5.7<\/td>\n<td width=\"83\">2019\u20132024<\/td>\n<\/tr>\n<\/tbody>\n<\/table>\n<p><strong>Pozor: nehod\u00ed se pro RAM 1500 Classic<\/strong><\/p>\n<p>&nbsp;<\/p>\n<p><strong>Rozsah dod\u00e1vky:<\/strong><\/p>\n<ul>\n<li>2 v\u00fdfuky<\/li>\n<\/ul>","protected":false},"excerpt":{"rendered":"<p>2019\u20132024<\/p>","protected":false},"featured_media":68315596,"comment_status":"open","ping_status":"closed","template":"","meta":{"_acf_changed":false},"product_brand":[17169],"product_cat":[10262,6623],"product_tag":[475,14186,14187,14188,14189,419,420,2066,2373,4526,6297,91,1035,1036,546,3720,10684,10686,10685,1037,49,662,1043,1039,3034,1042,2934,126,2931,10683,783,86,3507,14190,14191,14192,14193,787,1045,1041,547,1034,1038,10687,10688,3996,233],"class_list":{"0":"post-68315594","1":"product","2":"type-product","3":"status-publish","4":"has-post-thumbnail","6":"product_brand-mbrp","7":"product_cat-alle-produkte","8":"product_cat-1500-57-dt-abgasanlage-catback","9":"product_tag-475","10":"product_tag-1500-auspuffblende","11":"product_tag-1500-endrohr","12":"product_tag-1500-mbrp-endrohr","13":"product_tag-1500-mopar-endrohr","14":"product_tag-419","15":"product_tag-420","16":"product_tag-2066","17":"product_tag-2373","18":"product_tag-4526","19":"product_tag-6297","20":"product_tag-5-7","21":"product_tag-abgasanlage","22":"product_tag-abgassystem","23":"product_tag-auspuff","24":"product_tag-auspuffblende","25":"product_tag-auspuffblenden","26":"product_tag-auspuffendrohr","27":"product_tag-auspuffendstueck","28":"product_tag-auspuffsystem","29":"product_tag-dodge","30":"product_tag-edelstahl","31":"product_tag-endrohr","32":"product_tag-endschalldaempfer","33":"product_tag-endstueck","34":"product_tag-endtopf","35":"product_tag-harder","36":"product_tag-hemi","37":"product_tag-mbrp","38":"product_tag-mbrp-t5199cf","39":"product_tag-r-t","40":"product_tag-ram","41":"product_tag-ram1500","42":"product_tag-ram-1500-auspuffblende","43":"product_tag-ram-1500-endrohr","44":"product_tag-ram-1500-mbrp-endrohr","45":"product_tag-ram-1500-mopar-endrohr","46":"product_tag-rt","47":"product_tag-sound","48":"product_tag-sport","49":"product_tag-sportauspuff","50":"product_tag-sportauspuffanlage","51":"product_tag-sportendschalldaempfer","52":"product_tag-t5199","53":"product_tag-t5199blk","54":"product_tag-tip","55":"product_tag-tuning","57":"first","58":"instock","59":"taxable","60":"shipping-taxable","61":"purchasable","62":"product-type-simple"},"bundled_by":[],"bundle_stock_status":"instock","bundle_stock_quantity":1,"bundle_virtual":false,"bundle_layout":"","bundle_add_to_cart_form_location":"","bundle_editable_in_cart":false,"bundle_sold_individually_context":"","bundle_item_grouping":"","bundle_min_size":"","bundle_max_size":"","bundle_price":[],"bundled_items":[],"bundle_sell_ids":[],"exclude_global_add_ons":[],"addons":[],"acf":[],"_links":{"self":[{"href":"https:\/\/kraftwerk-shop.cc\/cs\/wp-json\/wp\/v2\/product\/68315594","targetHints":{"allow":["GET"]}}],"collection":[{"href":"https:\/\/kraftwerk-shop.cc\/cs\/wp-json\/wp\/v2\/product"}],"about":[{"href":"https:\/\/kraftwerk-shop.cc\/cs\/wp-json\/wp\/v2\/types\/product"}],"replies":[{"embeddable":true,"href":"https:\/\/kraftwerk-shop.cc\/cs\/wp-json\/wp\/v2\/comments?post=68315594"}],"version-history":[{"count":0,"href":"https:\/\/kraftwerk-shop.cc\/cs\/wp-json\/wp\/v2\/product\/68315594\/revisions"}],"wp:featuredmedia":[{"embeddable":true,"href":"https:\/\/kraftwerk-shop.cc\/cs\/wp-json\/wp\/v2\/media\/68315596"}],"wp:attachment":[{"href":"https:\/\/kraftwerk-shop.cc\/cs\/wp-json\/wp\/v2\/media?parent=68315594"}],"wp:term":[{"taxonomy":"product_brand","embeddable":true,"href":"https:\/\/kraftwerk-shop.cc\/cs\/wp-json\/wp\/v2\/product_brand?post=68315594"},{"taxonomy":"product_cat","embeddable":true,"href":"https:\/\/kraftwerk-shop.cc\/cs\/wp-json\/wp\/v2\/product_cat?post=68315594"},{"taxonomy":"product_tag","embeddable":true,"href":"https:\/\/kraftwerk-shop.cc\/cs\/wp-json\/wp\/v2\/product_tag?post=68315594"}],"curies":[{"name":"wp","href":"https:\/\/api.w.org\/{rel}","templated":true}]}}