{"id":68315636,"date":"2025-02-18T16:13:18","date_gmt":"2025-02-18T15:13:18","guid":{"rendered":"https:\/\/kraftwerk-shop.cc\/?post_type=product&#038;p=68315636"},"modified":"2026-02-15T01:18:06","modified_gmt":"2026-02-15T00:18:06","slug":"superchips-flashcal-f5-3545_s1-ram-1500","status":"publish","type":"product","link":"https:\/\/kraftwerk-shop.cc\/cs\/produkt\/superchips-flashcal-f5-3545_s1-ram-1500\/","title":{"rendered":"Superchips Flashcal F5 RAM 1500 5.7"},"content":{"rendered":"<h1 class=\"product-name\">Superchips Flashcal pro RAM 1500 5.7<\/h1>\n<p>&nbsp;<\/p>\n<p data-start=\"0\" data-end=\"410\">Program\u00e1tor Superchips Flashcal F5 je v\u0161estrann\u00fd kalibra\u010dn\u00ed n\u00e1stroj ur\u010den\u00fd speci\u00e1ln\u011b pro majitele voz\u016f RAM 1500 s motory 5,7 l Hemi z let 2019 a\u017e 2022. Toto praktick\u00e9 za\u0159\u00edzen\u00ed umo\u017e\u0148uje nastavovat a sledovat r\u016fzn\u00e9 parametry vozidla, zejm\u00e9na po \u00faprav\u00e1ch, jako je instalace v\u011bt\u0161\u00edch pneumatik nebo zm\u011bna pom\u011bru n\u00e1prav.<\/p>\n<p>&nbsp;<\/p>\n<p data-start=\"412\" data-end=\"432\"><strong data-start=\"412\" data-end=\"432\">Hlavn\u00ed funkce:<\/strong><\/p>\n<ul>\n<li><strong>Kalibrace rychlom\u011bru:<\/strong> P\u0159izp\u016fsobte rychlom\u011br pneumatik\u00e1m o pr\u016fm\u011bru 25 a\u017e 40 palc\u016f, abyste zajistili p\u0159esn\u00e9 zobrazen\u00ed rychlosti.<\/li>\n<li><strong>P\u0159izp\u016fsoben\u00ed p\u0159evodov\u00e9ho pom\u011bru:<\/strong> Po zm\u011bn\u011b p\u0159evodov\u00e9ho pom\u011bru n\u00e1prav p\u0159ekalibrujte rychlom\u011br, abyste optimalizovali v\u00fdkon vozidla.<\/li>\n<li><strong>Mo\u017enosti syst\u00e9mu sledov\u00e1n\u00ed tlaku v pneumatik\u00e1ch (TPMS):<\/strong> Upravte nebo deaktivujte nastaven\u00ed syst\u00e9mu TPMS, zejm\u00e9na pokud pou\u017e\u00edv\u00e1te ter\u00e9nn\u00ed pneumatiky bez sn\u00edma\u010d\u016f.<\/li>\n<li><strong>Diagnostika chybov\u00e9ho k\u00f3du:<\/strong> \u010cten\u00ed a maz\u00e1n\u00ed diagnostick\u00fdch k\u00f3d\u016f pro zjednodu\u0161en\u00ed \u00fadr\u017eby vozidla.<\/li>\n<li><strong>Sledov\u00e1n\u00ed a z\u00e1znam dat v re\u00e1ln\u00e9m \u010dase:<\/strong> Sledujte \u00fadaje o vozidle v re\u00e1ln\u00e9m \u010dase a ukl\u00e1dejte je pro pozd\u011bj\u0161\u00ed anal\u00fdzy.<\/li>\n<li><strong>Nastaven\u00ed volnob\u011b\u017en\u00fdch ot\u00e1\u010dek:<\/strong> Nastavte volnob\u011b\u017en\u00e9 ot\u00e1\u010dky motoru podle sv\u00fdch po\u017eadavk\u016f.<\/li>\n<li><strong>Mo\u017enost upgradu na Flashpaq Tuning:<\/strong> Roz\u0161i\u0159te funk\u010dnost za\u0159\u00edzen\u00ed upgradem na Flashpaq Tuning pro dal\u0161\u00ed vylep\u0161en\u00ed v\u00fdkonu.<\/li>\n<\/ul>\n<div class=\"relative inline-flex items-center\"><\/div>\n<p>&nbsp;<\/p>\n<p data-start=\"1737\" data-end=\"2058\">Program\u00e1tor Flashcal se snadno pou\u017e\u00edv\u00e1: Jednodu\u0161e jej p\u0159ipojte k portu OBD-II va\u0161eho vozidla a prove\u010fte po\u017eadovan\u00e9 \u00fapravy. Tento n\u00e1stroj je ide\u00e1ln\u00ed pro majitele n\u00e1kladn\u00edch vozidel, kte\u0159\u00ed cht\u011bj\u00ed p\u0159izp\u016fsobit sv\u00e9 vozidlo individu\u00e1ln\u00edm po\u017eadavk\u016fm, ani\u017e by se museli spol\u00e9hat na drah\u00e9 n\u00e1v\u0161t\u011bvy servisu.<\/p>\n<p data-start=\"2060\" data-end=\"2254\">Upozor\u0148ujeme, \u017ee n\u011bkter\u00e9 funkce se mohou li\u0161it v z\u00e1vislosti na modelu vozidla. P\u0159ed zakoupen\u00edm doporu\u010dujeme ov\u011b\u0159it kompatibilitu a konkr\u00e9tn\u00ed funkce pro va\u0161e vozidlo.<\/p>\n<p>&nbsp;<\/p>\n<p><strong>Vhodn\u00e9 pro:<\/strong><\/p>\n<table width=\"449\">\n<tbody>\n<tr>\n<td width=\"115\"><strong>Zna\u010dka<\/strong><\/td>\n<td width=\"145\"><strong>Model<\/strong><\/td>\n<td width=\"106\"><strong>Motor<\/strong><\/td>\n<td width=\"83\"><strong>Rok v\u00fdstavby<\/strong><\/td>\n<\/tr>\n<tr>\n<td>RAM<\/td>\n<td>1500<\/td>\n<td>5.7<\/td>\n<td width=\"83\">2019 - 2022<\/td>\n<\/tr>\n<\/tbody>\n<\/table>\n<p>&nbsp;<\/p>\n<p><strong>Rozsah dod\u00e1vky:<\/strong><\/p>\n<ul>\n<li>1 x Superchips Flashcal F5<\/li>\n<li>1 x Modul obch\u00e1zen\u00ed bezpe\u010dnostn\u00ed br\u00e1ny<\/li>\n<\/ul>","protected":false},"excerpt":{"rendered":"<p>2019 - 2022<\/p>","protected":false},"featured_media":68315640,"comment_status":"open","ping_status":"closed","template":"","meta":{"_acf_changed":false},"product_brand":[],"product_cat":[10262,5020],"product_tag":[419,420,2066,2373,10693,91,10698,3476,3407,515,10701,14225,10703,1157,2934,14226,36,2285,10702,2286,4475,10694,438,4776,10699,10696,517,10695,86,3507,14227,14229,14228,2284,3480,10697,10760,10700,1041,10691,14233,14234,14236,14235,10692,14230,14232,14231,10704,3478,3406,10705,233,919,194,1155],"class_list":{"0":"post-68315636","1":"product","2":"type-product","3":"status-publish","4":"has-post-thumbnail","6":"product_cat-alle-produkte","7":"product_cat-1500-57-dt-programmiergeraete","8":"product_tag-419","9":"product_tag-420","10":"product_tag-2066","11":"product_tag-2373","12":"product_tag-3545-s1","13":"product_tag-5-7","14":"product_tag-achsenuebersetzung","15":"product_tag-anpassung","16":"product_tag-big-horn","17":"product_tag-chiptuning","18":"product_tag-datenaufzeichnung","19":"product_tag-flashcal-f5","20":"product_tag-geschwindigkeit","21":"product_tag-geschwindigkeitsbegrenzer","22":"product_tag-harder","23":"product_tag-kalibrierungswerkzeug","24":"product_tag-kraftwerk","25":"product_tag-laramie","26":"product_tag-leerlauf","27":"product_tag-limited","28":"product_tag-lone-star","29":"product_tag-longhorn","30":"product_tag-obd","31":"product_tag-obd-tuning","32":"product_tag-offroad","33":"product_tag-programmer","34":"product_tag-programmiergeraet","35":"product_tag-programmme","36":"product_tag-ram","37":"product_tag-ram1500","38":"product_tag-ram-1500-flashcal-f5","39":"product_tag-ram-1500-kalibrierungswerkzeug","40":"product_tag-ram-1500-programmer","41":"product_tag-rebel","42":"product_tag-reifendrucksensoren","43":"product_tag-reifenumfang","44":"product_tag-security-gateway-bypass-modul","45":"product_tag-sensoren","46":"product_tag-sport","47":"product_tag-superchips","48":"product_tag-superchips-3545-s1","49":"product_tag-superchips-3545-s1-flashcal-f5","50":"product_tag-superchips-3545-s1-kalibrierungswerkzeug","51":"product_tag-superchips-3545-s1-programmer","52":"product_tag-superchips-flashcal","53":"product_tag-superchips-flashcal-f5","54":"product_tag-superchips-kalibrierungswerkzeug","55":"product_tag-superchips-programmer","56":"product_tag-tacho","57":"product_tag-tpms","58":"product_tag-tradesman","59":"product_tag-truck","60":"product_tag-tuning","61":"product_tag-tuninggeraet","62":"product_tag-v8","63":"product_tag-vmax","65":"first","66":"instock","67":"taxable","68":"shipping-taxable","69":"purchasable","70":"product-type-simple"},"bundled_by":[],"bundle_stock_status":"instock","bundle_stock_quantity":1,"bundle_virtual":false,"bundle_layout":"","bundle_add_to_cart_form_location":"","bundle_editable_in_cart":false,"bundle_sold_individually_context":"","bundle_item_grouping":"","bundle_min_size":"","bundle_max_size":"","bundle_price":[],"bundled_items":[],"bundle_sell_ids":[],"exclude_global_add_ons":[],"addons":[],"acf":[],"_links":{"self":[{"href":"https:\/\/kraftwerk-shop.cc\/cs\/wp-json\/wp\/v2\/product\/68315636","targetHints":{"allow":["GET"]}}],"collection":[{"href":"https:\/\/kraftwerk-shop.cc\/cs\/wp-json\/wp\/v2\/product"}],"about":[{"href":"https:\/\/kraftwerk-shop.cc\/cs\/wp-json\/wp\/v2\/types\/product"}],"replies":[{"embeddable":true,"href":"https:\/\/kraftwerk-shop.cc\/cs\/wp-json\/wp\/v2\/comments?post=68315636"}],"version-history":[{"count":0,"href":"https:\/\/kraftwerk-shop.cc\/cs\/wp-json\/wp\/v2\/product\/68315636\/revisions"}],"wp:featuredmedia":[{"embeddable":true,"href":"https:\/\/kraftwerk-shop.cc\/cs\/wp-json\/wp\/v2\/media\/68315640"}],"wp:attachment":[{"href":"https:\/\/kraftwerk-shop.cc\/cs\/wp-json\/wp\/v2\/media?parent=68315636"}],"wp:term":[{"taxonomy":"product_brand","embeddable":true,"href":"https:\/\/kraftwerk-shop.cc\/cs\/wp-json\/wp\/v2\/product_brand?post=68315636"},{"taxonomy":"product_cat","embeddable":true,"href":"https:\/\/kraftwerk-shop.cc\/cs\/wp-json\/wp\/v2\/product_cat?post=68315636"},{"taxonomy":"product_tag","embeddable":true,"href":"https:\/\/kraftwerk-shop.cc\/cs\/wp-json\/wp\/v2\/product_tag?post=68315636"}],"curies":[{"name":"wp","href":"https:\/\/api.w.org\/{rel}","templated":true}]}}