{"id":68315869,"date":"2025-02-20T20:42:56","date_gmt":"2025-02-20T19:42:56","guid":{"rendered":"https:\/\/kraftwerk-shop.cc\/?post_type=product&#038;p=68315869"},"modified":"2026-02-15T01:18:16","modified_gmt":"2026-02-15T00:18:16","slug":"snimac-klikoveho-hridele-mopar-05149230aa","status":"publish","type":"product","link":"https:\/\/kraftwerk-shop.cc\/cs\/produkt\/mopar-kurbelwellensensor-05149230aa\/","title":{"rendered":"Sn\u00edma\u010d klikov\u00e9ho h\u0159\u00eddele Mopar (05149230AA)"},"content":{"rendered":"<h1>Origin\u00e1ln\u00ed sn\u00edma\u010d klikov\u00e9ho h\u0159\u00eddele Mopar (05149230AA) pro Chrysler Aspen, 300C, Dodge Challenger, Charger, Durango, Jeep Commander, Grand Cherokee, RAM 1500, 2500, 3500 od roku 2009 do roku 2012.<\/h1>\n<p>&nbsp;<\/p>\n<p><span lang=\"DE\"><strong>\u010c\u00edslo d\u00edlu Mopar:<\/strong> 05149230AA<br \/>\n<strong>Nahrazeno: <\/strong><span class=\"list-value\">\u2014<\/span><\/span><\/p>\n<p>&nbsp;<\/p>\n<p><strong>Vhodn\u00e9 pro:<\/strong><\/p>\n<table width=\"1004\">\n<tbody>\n<tr>\n<td width=\"82\"><strong>Rok v\u00fdstavby<\/strong><\/td>\n<td width=\"82\"><strong>Zna\u010dka<\/strong><\/td>\n<td width=\"124\"><strong>Model<\/strong><\/td>\n<td width=\"512\"><strong>Verze<\/strong><\/td>\n<td width=\"204\"><strong>Motor<\/strong><\/td>\n<\/tr>\n<tr>\n<td width=\"82\">2012<\/td>\n<td width=\"82\">Chrysler<\/td>\n<td width=\"124\">300<\/td>\n<td width=\"512\">C, C Luxury, S, SRT8<\/td>\n<td width=\"204\">5,7 L, 6,4 L<\/td>\n<\/tr>\n<tr>\n<td width=\"82\">2012<\/td>\n<td width=\"82\">Dodge<\/td>\n<td width=\"124\">Challenger<\/td>\n<td width=\"512\">R\/T, R\/T Classic, SRT8<\/td>\n<td width=\"204\">5,7 L, 6,4 L<\/td>\n<\/tr>\n<tr>\n<td width=\"82\">2012<\/td>\n<td width=\"82\">Dodge<\/td>\n<td width=\"124\">Charger<\/td>\n<td width=\"512\">Pursuit, R\/T, SE, SRT8<\/td>\n<td width=\"204\">5,7 L, 6,4 L<\/td>\n<\/tr>\n<tr>\n<td width=\"82\">2012<\/td>\n<td width=\"82\">Dodge<\/td>\n<td width=\"124\">Durango<\/td>\n<td width=\"512\">Citadel, Crew, R\/T, Special Service<\/td>\n<td width=\"204\">5.7L<\/td>\n<\/tr>\n<tr>\n<td width=\"82\">2012<\/td>\n<td width=\"82\">Jeep<\/td>\n<td width=\"124\">Grand Cherokee<\/td>\n<td width=\"512\">Laredo, Limited, Overland, Overland Summit, SRT8<\/td>\n<td width=\"204\">5,7 L, 6,4 L<\/td>\n<\/tr>\n<tr>\n<td width=\"82\">2012<\/td>\n<td width=\"82\">Ram<\/td>\n<td width=\"124\">1500<\/td>\n<td width=\"512\">Big Horn, Express, Laramie, Laramie Longhorn, Outdoorsman, SLT, ST, Sport, Tradesman, Tradesman HD<\/td>\n<td width=\"204\">5.7L<\/td>\n<\/tr>\n<tr>\n<td width=\"82\">2012<\/td>\n<td width=\"82\">Ram<\/td>\n<td width=\"124\">2500<\/td>\n<td width=\"512\">Laramie, Laramie Longhorn, Outdoorsman, Power Wagon, SLT, ST<\/td>\n<td width=\"204\">5.7L V8 - Bi-Fuel, 5.7L<\/td>\n<\/tr>\n<tr>\n<td width=\"82\">2012<\/td>\n<td width=\"82\">Ram<\/td>\n<td width=\"124\">3500<\/td>\n<td width=\"512\">Laramie, SLT, ST<\/td>\n<td width=\"204\">5.7L<\/td>\n<\/tr>\n<tr>\n<td width=\"82\">2011<\/td>\n<td width=\"82\">Chrysler<\/td>\n<td width=\"124\">300<\/td>\n<td width=\"512\">C<\/td>\n<td width=\"204\">5.7L<\/td>\n<\/tr>\n<tr>\n<td width=\"82\">2011<\/td>\n<td width=\"82\">Dodge<\/td>\n<td width=\"124\">Challenger<\/td>\n<td width=\"512\">R\/T, SRT8<\/td>\n<td width=\"204\">5,7 L, 6,4 L<\/td>\n<\/tr>\n<tr>\n<td width=\"82\">2011<\/td>\n<td width=\"82\">Dodge<\/td>\n<td width=\"124\">Charger<\/td>\n<td width=\"512\">Pursuit, R\/T, SE<\/td>\n<td width=\"204\">5.7L<\/td>\n<\/tr>\n<tr>\n<td width=\"82\">2011<\/td>\n<td width=\"82\">Dodge<\/td>\n<td width=\"124\">Durango<\/td>\n<td width=\"512\">Citadel, Crew, R\/T<\/td>\n<td width=\"204\">5.7L<\/td>\n<\/tr>\n<tr>\n<td width=\"82\">2011<\/td>\n<td width=\"82\">Jeep<\/td>\n<td width=\"124\">Grand Cherokee<\/td>\n<td width=\"512\">Laredo, Limited, Overland<\/td>\n<td width=\"204\">5.7L<\/td>\n<\/tr>\n<tr>\n<td width=\"82\">2011<\/td>\n<td width=\"82\">Ram<\/td>\n<td width=\"124\">1500<\/td>\n<td width=\"512\">Big Horn, Laramie, Laramie Longhorn, Outdoorsman, SLT, ST, Sport, Tradesman<\/td>\n<td width=\"204\">5.7L<\/td>\n<\/tr>\n<tr>\n<td width=\"82\">2011<\/td>\n<td width=\"82\">Ram<\/td>\n<td width=\"124\">2500<\/td>\n<td width=\"512\">Laramie, Laramie Longhorn, Power Wagon, SLT, ST<\/td>\n<td width=\"204\">5.7L<\/td>\n<\/tr>\n<tr>\n<td width=\"82\">2011<\/td>\n<td width=\"82\">Ram<\/td>\n<td width=\"124\">3500<\/td>\n<td width=\"512\">Laramie, SLT, ST<\/td>\n<td width=\"204\">5.7L<\/td>\n<\/tr>\n<tr>\n<td width=\"82\">2010<\/td>\n<td width=\"82\">Chrysler<\/td>\n<td width=\"124\">300<\/td>\n<td width=\"512\">C, S<\/td>\n<td width=\"204\">5.7L<\/td>\n<\/tr>\n<tr>\n<td width=\"82\">2010<\/td>\n<td width=\"82\">Dodge<\/td>\n<td width=\"124\">Challenger<\/td>\n<td width=\"512\">R\/T<\/td>\n<td width=\"204\">5.7L<\/td>\n<\/tr>\n<tr>\n<td width=\"82\">2010<\/td>\n<td width=\"82\">Dodge<\/td>\n<td width=\"124\">Charger<\/td>\n<td width=\"512\">Pursuit, R\/T, SE<\/td>\n<td width=\"204\">5.7L<\/td>\n<\/tr>\n<tr>\n<td width=\"82\">2010<\/td>\n<td width=\"82\">Dodge<\/td>\n<td width=\"124\">Ram 1500<\/td>\n<td width=\"512\">Laramie, SLT, ST, Sport, TRX, TRX4<\/td>\n<td width=\"204\">5.7L<\/td>\n<\/tr>\n<tr>\n<td width=\"82\">2010<\/td>\n<td width=\"82\">Dodge<\/td>\n<td width=\"124\">Ram 2500<\/td>\n<td width=\"512\">Laramie, Power Wagon, SLT, ST, TRX<\/td>\n<td width=\"204\">5.7L<\/td>\n<\/tr>\n<tr>\n<td width=\"82\">2010<\/td>\n<td width=\"82\">Jeep<\/td>\n<td width=\"124\">Commander<\/td>\n<td width=\"512\">Limited, Sport<\/td>\n<td width=\"204\">5.7L<\/td>\n<\/tr>\n<tr>\n<td width=\"82\">2010<\/td>\n<td width=\"82\">Jeep<\/td>\n<td width=\"124\">Grand Cherokee<\/td>\n<td width=\"512\">Laredo, Limited<\/td>\n<td width=\"204\">5.7L<\/td>\n<\/tr>\n<tr>\n<td width=\"82\">2009<\/td>\n<td width=\"82\">Chrysler<\/td>\n<td width=\"124\">300<\/td>\n<td width=\"512\">C<\/td>\n<td width=\"204\">5.7L<\/td>\n<\/tr>\n<tr>\n<td width=\"82\">2009<\/td>\n<td width=\"82\">Chrysler<\/td>\n<td width=\"124\">Aspen<\/td>\n<td width=\"512\">Limited, Limited Hybrid<\/td>\n<td width=\"204\">5.7L V8 - Elektrick\u00fd\/plynov\u00fd, 5.7L<\/td>\n<\/tr>\n<tr>\n<td width=\"82\">2009<\/td>\n<td width=\"82\">Dodge<\/td>\n<td width=\"124\">Challenger<\/td>\n<td width=\"512\">R\/T<\/td>\n<td width=\"204\">5.7L<\/td>\n<\/tr>\n<tr>\n<td width=\"82\">2009<\/td>\n<td width=\"82\">Dodge<\/td>\n<td width=\"124\">Charger<\/td>\n<td width=\"512\">Pursuit, R\/T, SE<\/td>\n<td width=\"204\">5.7L<\/td>\n<\/tr>\n<tr>\n<td width=\"82\">2009<\/td>\n<td width=\"82\">Dodge<\/td>\n<td width=\"124\">Durango<\/td>\n<td width=\"512\">Limited, Limited Hybrid, SE, SLT<\/td>\n<td width=\"204\">5.7L V8 - Elektrick\u00fd\/plynov\u00fd, 5.7L<\/td>\n<\/tr>\n<tr>\n<td width=\"82\">2009<\/td>\n<td width=\"82\">Dodge<\/td>\n<td width=\"124\">Ram 1500<\/td>\n<td width=\"512\">Laramie, SLT, ST, Sport, TRX, TRX4<\/td>\n<td width=\"204\">5.7L<\/td>\n<\/tr>\n<tr>\n<td width=\"82\">2009<\/td>\n<td width=\"82\">Dodge<\/td>\n<td width=\"124\">Ram 2500<\/td>\n<td width=\"512\">Laramie, Power Wagon, SLT, ST, SXT<\/td>\n<td width=\"204\">5.7L<\/td>\n<\/tr>\n<tr>\n<td width=\"82\">2009<\/td>\n<td width=\"82\">Dodge<\/td>\n<td width=\"124\">Ram 3500<\/td>\n<td width=\"512\">Laramie, SLT, ST<\/td>\n<td width=\"204\">5.7L<\/td>\n<\/tr>\n<tr>\n<td width=\"82\">2009<\/td>\n<td width=\"82\">Jeep<\/td>\n<td width=\"124\">Commander<\/td>\n<td width=\"512\">Limited, Overland<\/td>\n<td width=\"204\">5.7L<\/td>\n<\/tr>\n<tr>\n<td width=\"82\">2009<\/td>\n<td width=\"82\">Jeep<\/td>\n<td width=\"124\">Grand Cherokee<\/td>\n<td width=\"512\">Limited, Overland<\/td>\n<td width=\"204\">5.7L<\/td>\n<\/tr>\n<\/tbody>\n<\/table>\n<p>&nbsp;<\/p>\n<p>&nbsp;<\/p>\n<h4>Pro\u010d si vybrat origin\u00e1ln\u00ed n\u00e1hradn\u00ed d\u00edly Mopar?<\/h4>\n<p><strong>Perfektn\u011b padnouc\u00ed a \u0161pi\u010dkov\u00e9 kvality:<\/strong> Origin\u00e1ln\u00ed n\u00e1hradn\u00ed d\u00edly Mopar jsou vyr\u00e1b\u011bny podle p\u0159\u00edsn\u00fdch specifikac\u00ed v\u00fdrobce, co\u017e znamen\u00e1, \u017ee do va\u0161eho vozidla dokonale pasuj\u00ed. T\u00edm je zaji\u0161t\u011bna nejen snadn\u00e1 instalace, ale tak\u00e9 optim\u00e1ln\u00ed funkce a bezpe\u010dnost.<\/p>\n<p><strong>Spolehlivost a trvanlivost:<\/strong> D\u00edky pou\u017eit\u00ed vysoce kvalitn\u00edch materi\u00e1l\u016f a p\u0159\u00edsn\u00e9 kontrole kvality zaji\u0161\u0165uj\u00ed n\u00e1hradn\u00ed d\u00edly Mopar spolehlivou funkci va\u0161eho vozidla i v extr\u00e9mn\u00edch podm\u00ednk\u00e1ch. Jsou navr\u017eeny tak, aby vydr\u017eely a maximalizovaly v\u00fdkon va\u0161eho vozidla.<\/p>","protected":false},"excerpt":{"rendered":"<p>Origin\u00e1ln\u00ed d\u00edl Mopar<br \/>\n2009\u20132012<\/p>","protected":false},"featured_media":68290026,"comment_status":"open","ping_status":"closed","template":"","meta":{"_acf_changed":false},"product_brand":[16270],"product_cat":[10262,7259,7264,7275,7288,7296,7314,7318,7331,7341,7371,7391,7396,7411,7441],"product_tag":[18776,78,475,213,214,176,177,506,52,507,91,18775,7464,93,4487,54,53,48,13483,13484,94,13491,13492,13490,49,3853,13481,13482,13479,13480,95,56,50,13485,13486,323,13489,71,13509,13495,13477,13496,13499,13476,13475,13501,13514,13494,13518,13500,13520,13521,13498,13523,13478,13511,13493,13504,13513,13508,13502,13515,13519,13507,13506,13503,13522,13512,13510,13517,13497,13524,13505,13516,31,13471,13472,8813,9424,16271,13473,13474,16273,13487,13488,16275,16272,16274,7221,86,713],"class_list":{"0":"post-68315869","1":"product","2":"type-product","3":"status-publish","4":"has-post-thumbnail","6":"product_brand-mopar","7":"product_cat-alle-produkte","8":"product_cat-300c-57-2005-2010-sensoren","9":"product_cat-300c-57-2011-2023-sensoren","10":"product_cat-300c-64-sensoren","11":"product_cat-challenger-57-sensoren","12":"product_cat-challenger-64-sensoren","13":"product_cat-charger-57-sensoren","14":"product_cat-charger-57-2011-2023-sensoren","15":"product_cat-charger-64-sensoren","16":"product_cat-durango-57-sensoren","17":"product_cat-commander-sensoren","18":"product_cat-grand-cherokee-57-2005-2010-sensoren","19":"product_cat-grand-cherokee-57-2011-2021-sensoren","20":"product_cat-grand-cherokee-64-sensoren","21":"product_cat-1500-57-2009-2018-classic-sensoren","22":"product_tag-05149230a","23":"product_tag-05149230aa","24":"product_tag-475","25":"product_tag-213","26":"product_tag-214","27":"product_tag-176","28":"product_tag-177","29":"product_tag-506","30":"product_tag-300c","31":"product_tag-507","32":"product_tag-5-7","33":"product_tag-5149230a","34":"product_tag-5149230aa","35":"product_tag-6-4","36":"product_tag-aspen","37":"product_tag-challenger","38":"product_tag-charger","39":"product_tag-chrysler","40":"product_tag-chrysler-300-5-7-kurbelwellensensor","41":"product_tag-chrysler-300-6-4-kurbelwellensensor","42":"product_tag-commander","43":"product_tag-crankshaft-position-sensor-05149230aa","44":"product_tag-crankshaft-position-sensor-5149230aa","45":"product_tag-crankshaft-sensor-mopar","46":"product_tag-dodge","47":"product_tag-dodge-challenger","48":"product_tag-dodge-challenger-5-7-kurbelwellensensor","49":"product_tag-dodge-challenger-6-4-kurbelwellensensor","50":"product_tag-dodge-charger-5-7-kurbelwellensensor","51":"product_tag-dodge-charger-6-4-kurbelwellensensor","52":"product_tag-durango","53":"product_tag-grand-cherokee","54":"product_tag-jeep","55":"product_tag-jeep-grand-cherokee-5-7-kurbelwellensensor","56":"product_tag-jeep-grand-cherokee-6-4-kurbelwellensensor","57":"product_tag-kurbelwelle","58":"product_tag-kurbelwellenpositionssensor-mopar","59":"product_tag-kurbelwellensensor","60":"product_tag-kurbelwellensensor-anschluss","61":"product_tag-kurbelwellensensor-austausch","62":"product_tag-kurbelwellensensor-chrysler-300","63":"product_tag-kurbelwellensensor-defekt","64":"product_tag-kurbelwellensensor-diagnose","65":"product_tag-kurbelwellensensor-dodge-challenger","66":"product_tag-kurbelwellensensor-dodge-charger","67":"product_tag-kurbelwellensensor-einbau","68":"product_tag-kurbelwellensensor-einbauort","69":"product_tag-kurbelwellensensor-ersatzteil","70":"product_tag-kurbelwellensensor-fahrzeugdaten","71":"product_tag-kurbelwellensensor-fehler","72":"product_tag-kurbelwellensensor-fehlercode-auslesen","73":"product_tag-kurbelwellensensor-fehlercode-loeschen","74":"product_tag-kurbelwellensensor-funktion","75":"product_tag-kurbelwellensensor-initialisierung","76":"product_tag-kurbelwellensensor-jeep-grand-cherokee","77":"product_tag-kurbelwellensensor-kabel","78":"product_tag-kurbelwellensensor-kaufen","79":"product_tag-kurbelwellensensor-kompatibilitaet","80":"product_tag-kurbelwellensensor-lage","81":"product_tag-kurbelwellensensor-material","82":"product_tag-kurbelwellensensor-montage","83":"product_tag-kurbelwellensensor-motorsteuerung","84":"product_tag-kurbelwellensensor-obd","85":"product_tag-kurbelwellensensor-passgenauigkeit","86":"product_tag-kurbelwellensensor-referenznummer","87":"product_tag-kurbelwellensensor-reparatur","88":"product_tag-kurbelwellensensor-reset","89":"product_tag-kurbelwellensensor-signal","90":"product_tag-kurbelwellensensor-stecker","91":"product_tag-kurbelwellensensor-steuergeraet","92":"product_tag-kurbelwellensensor-symptome","93":"product_tag-kurbelwellensensor-synchronisation","94":"product_tag-kurbelwellensensor-teilenummer","95":"product_tag-kurbelwellensensor-zuendung","96":"product_tag-mopar","97":"product_tag-mopar-05149230aa","98":"product_tag-mopar-5149230aa","99":"product_tag-mopar-autoteile","100":"product_tag-mopar-ersatzteile","101":"product_tag-mopar-ersatzteile-kaufen","102":"product_tag-mopar-kurbelwellensensor-05149230aa","103":"product_tag-mopar-kurbelwellensensor-5149230aa","104":"product_tag-mopar-performance-teile","105":"product_tag-mopar-sensor-05149230aa","106":"product_tag-mopar-sensor-5149230aa","107":"product_tag-mopar-teile-katalog","108":"product_tag-mopar-teile-online","109":"product_tag-mopar-tuningteile","110":"product_tag-mopar10","111":"product_tag-ram","112":"product_tag-sensor","114":"first","115":"instock","116":"taxable","117":"shipping-taxable","118":"purchasable","119":"product-type-simple"},"bundled_by":[],"bundle_stock_status":"instock","bundle_stock_quantity":10,"bundle_virtual":false,"bundle_layout":"","bundle_add_to_cart_form_location":"","bundle_editable_in_cart":false,"bundle_sold_individually_context":"","bundle_item_grouping":"","bundle_min_size":"","bundle_max_size":"","bundle_price":[],"bundled_items":[],"bundle_sell_ids":[],"exclude_global_add_ons":[],"addons":[],"acf":[],"_links":{"self":[{"href":"https:\/\/kraftwerk-shop.cc\/cs\/wp-json\/wp\/v2\/product\/68315869","targetHints":{"allow":["GET"]}}],"collection":[{"href":"https:\/\/kraftwerk-shop.cc\/cs\/wp-json\/wp\/v2\/product"}],"about":[{"href":"https:\/\/kraftwerk-shop.cc\/cs\/wp-json\/wp\/v2\/types\/product"}],"replies":[{"embeddable":true,"href":"https:\/\/kraftwerk-shop.cc\/cs\/wp-json\/wp\/v2\/comments?post=68315869"}],"version-history":[{"count":0,"href":"https:\/\/kraftwerk-shop.cc\/cs\/wp-json\/wp\/v2\/product\/68315869\/revisions"}],"wp:featuredmedia":[{"embeddable":true,"href":"https:\/\/kraftwerk-shop.cc\/cs\/wp-json\/wp\/v2\/media\/68290026"}],"wp:attachment":[{"href":"https:\/\/kraftwerk-shop.cc\/cs\/wp-json\/wp\/v2\/media?parent=68315869"}],"wp:term":[{"taxonomy":"product_brand","embeddable":true,"href":"https:\/\/kraftwerk-shop.cc\/cs\/wp-json\/wp\/v2\/product_brand?post=68315869"},{"taxonomy":"product_cat","embeddable":true,"href":"https:\/\/kraftwerk-shop.cc\/cs\/wp-json\/wp\/v2\/product_cat?post=68315869"},{"taxonomy":"product_tag","embeddable":true,"href":"https:\/\/kraftwerk-shop.cc\/cs\/wp-json\/wp\/v2\/product_tag?post=68315869"}],"curies":[{"name":"wp","href":"https:\/\/api.w.org\/{rel}","templated":true}]}}