{"id":68315871,"date":"2025-02-20T20:43:07","date_gmt":"2025-02-20T19:43:07","guid":{"rendered":"https:\/\/kraftwerk-shop.cc\/?post_type=product&#038;p=68315871"},"modified":"2026-03-12T15:40:54","modified_gmt":"2026-03-12T14:40:54","slug":"snimac-klikoveho-hridele-mopar-56028815ab","status":"publish","type":"product","link":"https:\/\/kraftwerk-shop.cc\/cs\/produkt\/mopar-kurbelwellensensor-56028815ab\/","title":{"rendered":"Sn\u00edma\u010d klikov\u00e9ho h\u0159\u00eddele Mopar (56028815AB)"},"content":{"rendered":"<h1>Origin\u00e1ln\u00ed sn\u00edma\u010d klikov\u00e9ho h\u0159\u00eddele Mopar (56028815AB) pro Chrysler 300C, Dodge Charger, Durango, Magnum, Jeep Commander, Grand Cherokee, RAM 1500, 2500, 3500 od roku 2003 do roku 2006.<\/h1>\n<p>&nbsp;<\/p>\n<p><span lang=\"DE\"><strong>\u010c\u00edslo d\u00edlu Mopar:<\/strong> 56028815AB<br \/>\n<strong>Nahrazeno:\u00a0<\/strong>56028373AB, 56028815AA<\/span><\/p>\n<p>&nbsp;<\/p>\n<p><strong>Vhodn\u00e9 pro:<\/strong><\/p>\n<table width=\"1004\">\n<tbody>\n<tr>\n<td width=\"82\"><strong>Rok v\u00fdstavby<\/strong><\/td>\n<td width=\"82\"><strong>Zna\u010dka<\/strong><\/td>\n<td width=\"124\"><strong>Model<\/strong><\/td>\n<td width=\"512\"><strong>Verze<\/strong><\/td>\n<td width=\"204\"><strong>Motor<\/strong><\/td>\n<\/tr>\n<tr>\n<td width=\"82\">2006<\/td>\n<td width=\"82\">Chrysler<\/td>\n<td width=\"124\">300<\/td>\n<td width=\"512\">C<\/td>\n<td width=\"204\">5,7 L, 6,1 L<\/td>\n<\/tr>\n<tr>\n<td width=\"82\">2006<\/td>\n<td width=\"82\">Dodge<\/td>\n<td width=\"124\">Charger<\/td>\n<td width=\"512\">R\/T, SRT8<\/td>\n<td width=\"204\">5,7 L, 6,1 L<\/td>\n<\/tr>\n<tr>\n<td width=\"82\">2006<\/td>\n<td width=\"82\">Dodge<\/td>\n<td width=\"124\">Durango<\/td>\n<td width=\"512\">Limited, SLT<\/td>\n<td width=\"204\">5.7L<\/td>\n<\/tr>\n<tr>\n<td width=\"82\">2006<\/td>\n<td width=\"82\">Dodge<\/td>\n<td width=\"124\">Magnum<\/td>\n<td width=\"512\">R\/T, SRT8<\/td>\n<td width=\"204\">5,7 L, 6,1 L<\/td>\n<\/tr>\n<tr>\n<td width=\"82\">2006<\/td>\n<td width=\"82\">Dodge<\/td>\n<td width=\"124\">Ram 1500<\/td>\n<td width=\"512\">Laramie, SLT, ST<\/td>\n<td width=\"204\">5.7L<\/td>\n<\/tr>\n<tr>\n<td width=\"82\">2006<\/td>\n<td width=\"82\">Dodge<\/td>\n<td width=\"124\">Ram 2500<\/td>\n<td width=\"512\">Laramie, SLT, ST<\/td>\n<td width=\"204\">5.7L<\/td>\n<\/tr>\n<tr>\n<td width=\"82\">2006<\/td>\n<td width=\"82\">Dodge<\/td>\n<td width=\"124\">Ram 3500<\/td>\n<td width=\"512\">Laramie, SLT, ST<\/td>\n<td width=\"204\">5.7L<\/td>\n<\/tr>\n<tr>\n<td width=\"82\">2006<\/td>\n<td width=\"82\">Jeep<\/td>\n<td width=\"124\">Commander<\/td>\n<td width=\"512\">Limited<\/td>\n<td width=\"204\">5.7L<\/td>\n<\/tr>\n<tr>\n<td width=\"82\">2006<\/td>\n<td width=\"82\">Jeep<\/td>\n<td width=\"124\">Grand Cherokee<\/td>\n<td width=\"512\">Limited, Overland, SRT8<\/td>\n<td width=\"204\">5,7 L, 6,1 L<\/td>\n<\/tr>\n<tr>\n<td width=\"82\">2005<\/td>\n<td width=\"82\">Chrysler<\/td>\n<td width=\"124\">300<\/td>\n<td width=\"512\">C<\/td>\n<td width=\"204\">5.7L<\/td>\n<\/tr>\n<tr>\n<td width=\"82\">2005<\/td>\n<td width=\"82\">Dodge<\/td>\n<td width=\"124\">Durango<\/td>\n<td width=\"512\">Limited, SLT<\/td>\n<td width=\"204\">5.7L<\/td>\n<\/tr>\n<tr>\n<td width=\"82\">2005<\/td>\n<td width=\"82\">Dodge<\/td>\n<td width=\"124\">Magnum<\/td>\n<td width=\"512\">R\/T<\/td>\n<td width=\"204\">5.7L<\/td>\n<\/tr>\n<tr>\n<td width=\"82\">2005<\/td>\n<td width=\"82\">Dodge<\/td>\n<td width=\"124\">Ram 1500<\/td>\n<td width=\"512\">SLT, ST<\/td>\n<td width=\"204\">5.7L<\/td>\n<\/tr>\n<tr>\n<td width=\"82\">2005<\/td>\n<td width=\"82\">Dodge<\/td>\n<td width=\"124\">Ram 2500<\/td>\n<td width=\"512\">SLT, ST<\/td>\n<td width=\"204\">5.7L<\/td>\n<\/tr>\n<tr>\n<td width=\"82\">2005<\/td>\n<td width=\"82\">Dodge<\/td>\n<td width=\"124\">Ram 3500<\/td>\n<td width=\"512\">SLT, ST<\/td>\n<td width=\"204\">5.7L<\/td>\n<\/tr>\n<tr>\n<td width=\"82\">2005<\/td>\n<td width=\"82\">Jeep<\/td>\n<td width=\"124\">Grand Cherokee<\/td>\n<td width=\"512\">Limited<\/td>\n<td width=\"204\">5.7L<\/td>\n<\/tr>\n<tr>\n<td width=\"82\">2004<\/td>\n<td width=\"82\">Dodge<\/td>\n<td width=\"124\">Durango<\/td>\n<td width=\"512\">Limited, SLT<\/td>\n<td width=\"204\">5.7L<\/td>\n<\/tr>\n<tr>\n<td width=\"82\">2004<\/td>\n<td width=\"82\">Dodge<\/td>\n<td width=\"124\">Ram 1500<\/td>\n<td width=\"512\">SLT, ST<\/td>\n<td width=\"204\">5.7L<\/td>\n<\/tr>\n<tr>\n<td width=\"82\">2004<\/td>\n<td width=\"82\">Dodge<\/td>\n<td width=\"124\">Ram 2500<\/td>\n<td width=\"512\">SLT, ST<\/td>\n<td width=\"204\">5.7L<\/td>\n<\/tr>\n<tr>\n<td width=\"82\">2004<\/td>\n<td width=\"82\">Dodge<\/td>\n<td width=\"124\">Ram 3500<\/td>\n<td width=\"512\">SLT, ST<\/td>\n<td width=\"204\">5.7L<\/td>\n<\/tr>\n<tr>\n<td width=\"82\">2003<\/td>\n<td width=\"82\">Dodge<\/td>\n<td width=\"124\">Ram 1500<\/td>\n<td width=\"512\">SLT, ST<\/td>\n<td width=\"204\">5.7L<\/td>\n<\/tr>\n<tr>\n<td width=\"82\">2003<\/td>\n<td width=\"82\">Dodge<\/td>\n<td width=\"124\">Ram 2500<\/td>\n<td width=\"512\">SLT, ST<\/td>\n<td width=\"204\">5.7L<\/td>\n<\/tr>\n<tr>\n<td width=\"82\">2003<\/td>\n<td width=\"82\">Dodge<\/td>\n<td width=\"124\">Ram 3500<\/td>\n<td width=\"512\">SLT, ST<\/td>\n<td width=\"204\">5.7L<\/td>\n<\/tr>\n<\/tbody>\n<\/table>\n<p>&nbsp;<\/p>\n<p>&nbsp;<\/p>\n<h4>Pro\u010d si vybrat origin\u00e1ln\u00ed n\u00e1hradn\u00ed d\u00edly Mopar?<\/h4>\n<p><strong>Perfektn\u011b padnouc\u00ed a \u0161pi\u010dkov\u00e9 kvality:<\/strong> Origin\u00e1ln\u00ed n\u00e1hradn\u00ed d\u00edly Mopar jsou vyr\u00e1b\u011bny podle p\u0159\u00edsn\u00fdch specifikac\u00ed v\u00fdrobce, co\u017e znamen\u00e1, \u017ee do va\u0161eho vozidla dokonale pasuj\u00ed. T\u00edm je zaji\u0161t\u011bna nejen snadn\u00e1 instalace, ale tak\u00e9 optim\u00e1ln\u00ed funkce a bezpe\u010dnost.<\/p>\n<p><strong>Spolehlivost a trvanlivost:<\/strong> D\u00edky pou\u017eit\u00ed vysoce kvalitn\u00edch materi\u00e1l\u016f a p\u0159\u00edsn\u00e9 kontrole kvality zaji\u0161\u0165uj\u00ed n\u00e1hradn\u00ed d\u00edly Mopar spolehlivou funkci va\u0161eho vozidla i v extr\u00e9mn\u00edch podm\u00ednk\u00e1ch. Jsou navr\u017eeny tak, aby vydr\u017eely a maximalizovaly v\u00fdkon va\u0161eho vozidla.<\/p>","protected":false},"excerpt":{"rendered":"<p>Origin\u00e1ln\u00ed d\u00edl Mopar<br \/>\n2003 - 2006<\/p>","protected":false},"featured_media":68348806,"comment_status":"closed","ping_status":"closed","template":"","meta":{"_acf_changed":false},"product_brand":[16270],"product_cat":[10262,7259,7269,7314,7323,7341,7361,7366,7371,7391,7401,7757],"product_tag":[13527,13529,13525,475,205,206,207,208,506,52,507,91,13559,7466,13528,13530,711,7465,13526,92,13560,53,48,13125,536,94,49,3854,13176,13180,4432,13542,13543,4438,13544,13545,13546,13547,13548,13549,13550,13551,13552,13553,13554,95,56,50,4433,13555,4425,13556,13557,13558,323,71,13561,13562,13532,13477,13563,13564,13533,13475,13565,13566,13536,13567,13537,13568,13569,13570,13571,13572,13534,13538,13573,13478,13574,13575,13535,13539,13540,13541,55,31,8813,9424,16271,13531,16273,16275,16272,16274,7221,86,3507,6333,7666,713,1056,164],"class_list":{"0":"post-68315871","1":"product","2":"type-product","3":"status-publish","4":"has-post-thumbnail","6":"product_brand-mopar","7":"product_cat-alle-produkte","8":"product_cat-300c-57-2005-2010-sensoren","9":"product_cat-300c-61-sensoren","10":"product_cat-charger-57-sensoren","11":"product_cat-charger-61-sensoren","12":"product_cat-durango-57-sensoren","13":"product_cat-magnum-57-sensoren","14":"product_cat-magnum-61-sensoren","15":"product_cat-commander-sensoren","16":"product_cat-grand-cherokee-57-2005-2010-sensoren","17":"product_cat-grand-cherokee-61-sensoren","18":"product_cat-1500-57-2003-2008-sensoren","19":"product_tag-056028373ab","20":"product_tag-056028815aa","21":"product_tag-056028815ab","22":"product_tag-475","23":"product_tag-205","24":"product_tag-206","25":"product_tag-207","26":"product_tag-208","27":"product_tag-506","28":"product_tag-300c","29":"product_tag-507","30":"product_tag-5-7","31":"product_tag-5-7l","32":"product_tag-56028373ab","33":"product_tag-56028373b","34":"product_tag-56028815a","35":"product_tag-56028815aa","36":"product_tag-56028815ab","37":"product_tag-56028815b","38":"product_tag-6-1","39":"product_tag-6-1l","40":"product_tag-charger","41":"product_tag-chrysler","42":"product_tag-chrysler-300","43":"product_tag-chrysler-300c","44":"product_tag-commander","45":"product_tag-dodge","46":"product_tag-dodge-charger","47":"product_tag-dodge-charger-r-t","48":"product_tag-dodge-charger-srt8","49":"product_tag-dodge-durango","50":"product_tag-dodge-durango-limited","51":"product_tag-dodge-durango-slt","52":"product_tag-dodge-magnum","53":"product_tag-dodge-magnum-r-t","54":"product_tag-dodge-magnum-srt8","55":"product_tag-dodge-ram-1500-laramie","56":"product_tag-dodge-ram-1500-slt","57":"product_tag-dodge-ram-1500-st","58":"product_tag-dodge-ram-2500-laramie","59":"product_tag-dodge-ram-2500-slt","60":"product_tag-dodge-ram-2500-st","61":"product_tag-dodge-ram-3500-laramie","62":"product_tag-dodge-ram-3500-slt","63":"product_tag-dodge-ram-3500-st","64":"product_tag-durango","65":"product_tag-grand-cherokee","66":"product_tag-jeep","67":"product_tag-jeep-commander","68":"product_tag-jeep-commander-limited","69":"product_tag-jeep-grand-cherokee","70":"product_tag-jeep-grand-cherokee-limited","71":"product_tag-jeep-grand-cherokee-overland","72":"product_tag-jeep-grand-cherokee-srt8","73":"product_tag-kurbelwelle","74":"product_tag-kurbelwellensensor","75":"product_tag-kurbelwellensensor-5-7l","76":"product_tag-kurbelwellensensor-6-1l","77":"product_tag-kurbelwellensensor-chrysler","78":"product_tag-kurbelwellensensor-chrysler-300","79":"product_tag-kurbelwellensensor-chrysler-300-5-7l","80":"product_tag-kurbelwellensensor-chrysler-300-6-1l","81":"product_tag-kurbelwellensensor-dodge","82":"product_tag-kurbelwellensensor-dodge-charger","83":"product_tag-kurbelwellensensor-dodge-charger-5-7l","84":"product_tag-kurbelwellensensor-dodge-charger-6-1l","85":"product_tag-kurbelwellensensor-dodge-durango","86":"product_tag-kurbelwellensensor-dodge-durango-5-7l","87":"product_tag-kurbelwellensensor-dodge-magnum","88":"product_tag-kurbelwellensensor-dodge-magnum-5-7l","89":"product_tag-kurbelwellensensor-dodge-magnum-6-1l","90":"product_tag-kurbelwellensensor-dodge-ram-1500-5-7l","91":"product_tag-kurbelwellensensor-dodge-ram-2500-5-7l","92":"product_tag-kurbelwellensensor-dodge-ram-3500-5-7l","93":"product_tag-kurbelwellensensor-jeep","94":"product_tag-kurbelwellensensor-jeep-commander","95":"product_tag-kurbelwellensensor-jeep-commander-5-7l","96":"product_tag-kurbelwellensensor-jeep-grand-cherokee","97":"product_tag-kurbelwellensensor-jeep-grand-cherokee-5-7l","98":"product_tag-kurbelwellensensor-jeep-grand-cherokee-6-1l","99":"product_tag-kurbelwellensensor-ram","100":"product_tag-kurbelwellensensor-ram-1500","101":"product_tag-kurbelwellensensor-ram-2500","102":"product_tag-kurbelwellensensor-ram-3500","103":"product_tag-magnum","104":"product_tag-mopar","105":"product_tag-mopar-autoteile","106":"product_tag-mopar-ersatzteile","107":"product_tag-mopar-ersatzteile-kaufen","108":"product_tag-mopar-kurbelwellensensor","109":"product_tag-mopar-performance-teile","110":"product_tag-mopar-teile-katalog","111":"product_tag-mopar-teile-online","112":"product_tag-mopar-tuningteile","113":"product_tag-mopar10","114":"product_tag-ram","115":"product_tag-ram1500","116":"product_tag-ram-2500","117":"product_tag-ram-3500","118":"product_tag-sensor","119":"product_tag-srt-8","120":"product_tag-srt8","122":"first","123":"instock","124":"taxable","125":"shipping-taxable","126":"purchasable","127":"product-type-simple"},"bundled_by":[],"bundle_stock_status":"instock","bundle_stock_quantity":4,"bundle_virtual":false,"bundle_layout":"","bundle_add_to_cart_form_location":"","bundle_editable_in_cart":false,"bundle_sold_individually_context":"","bundle_item_grouping":"","bundle_min_size":"","bundle_max_size":"","bundle_price":[],"bundled_items":[],"bundle_sell_ids":[],"exclude_global_add_ons":[],"addons":[],"acf":[],"_links":{"self":[{"href":"https:\/\/kraftwerk-shop.cc\/cs\/wp-json\/wp\/v2\/product\/68315871","targetHints":{"allow":["GET"]}}],"collection":[{"href":"https:\/\/kraftwerk-shop.cc\/cs\/wp-json\/wp\/v2\/product"}],"about":[{"href":"https:\/\/kraftwerk-shop.cc\/cs\/wp-json\/wp\/v2\/types\/product"}],"replies":[{"embeddable":true,"href":"https:\/\/kraftwerk-shop.cc\/cs\/wp-json\/wp\/v2\/comments?post=68315871"}],"version-history":[{"count":0,"href":"https:\/\/kraftwerk-shop.cc\/cs\/wp-json\/wp\/v2\/product\/68315871\/revisions"}],"wp:featuredmedia":[{"embeddable":true,"href":"https:\/\/kraftwerk-shop.cc\/cs\/wp-json\/wp\/v2\/media\/68348806"}],"wp:attachment":[{"href":"https:\/\/kraftwerk-shop.cc\/cs\/wp-json\/wp\/v2\/media?parent=68315871"}],"wp:term":[{"taxonomy":"product_brand","embeddable":true,"href":"https:\/\/kraftwerk-shop.cc\/cs\/wp-json\/wp\/v2\/product_brand?post=68315871"},{"taxonomy":"product_cat","embeddable":true,"href":"https:\/\/kraftwerk-shop.cc\/cs\/wp-json\/wp\/v2\/product_cat?post=68315871"},{"taxonomy":"product_tag","embeddable":true,"href":"https:\/\/kraftwerk-shop.cc\/cs\/wp-json\/wp\/v2\/product_tag?post=68315871"}],"curies":[{"name":"wp","href":"https:\/\/api.w.org\/{rel}","templated":true}]}}