{"id":68315880,"date":"2025-02-20T20:43:32","date_gmt":"2025-02-20T19:43:32","guid":{"rendered":"https:\/\/kraftwerk-shop.cc\/?post_type=product&#038;p=68315880"},"modified":"2026-02-15T01:18:25","modified_gmt":"2026-02-15T00:18:25","slug":"snimac-mapy-mopar-4896003ab","status":"publish","type":"product","link":"https:\/\/kraftwerk-shop.cc\/cs\/produkt\/mopar-map-sensor-4896003ab\/","title":{"rendered":"Sn\u00edma\u010d MAP zna\u010dky Mopar (4896003AB)"},"content":{"rendered":"<h1>Origin\u00e1ln\u00ed sn\u00edma\u010d MAP Mopar (4896003AB) pro Chrysler 300M, Pacifica, PT Cruiser, Sebring, Dodge Neon od roku 2002 do roku 2010<\/h1>\n<p>&nbsp;<\/p>\n<p><span lang=\"DE\"><strong>\u010c\u00edslo d\u00edlu Mopar:<\/strong> 4896003AB<br \/>\n<strong>Nahrazeno:<\/strong>\u00a0 <span class=\"list-value\">4896002AD, 4896003AA<\/span><br \/>\n<\/span><\/p>\n<p>&nbsp;<\/p>\n<p><strong>Vhodn\u00e9 pro:<\/strong><\/p>\n<table width=\"921\">\n<tbody>\n<tr>\n<td width=\"83\"><strong>Rok v\u00fdstavby<\/strong><\/td>\n<td width=\"83\"><strong>Zna\u010dka<\/strong><\/td>\n<td width=\"186\"><strong>Model<\/strong><\/td>\n<td width=\"275\"><strong>Verze<\/strong><\/td>\n<td width=\"294\"><strong>Motor<\/strong><\/td>\n<\/tr>\n<tr>\n<td width=\"83\">2010<\/td>\n<td width=\"83\">Chrysler<\/td>\n<td width=\"186\">PT Cruiser<\/td>\n<td width=\"275\">Classic<\/td>\n<td width=\"294\">2.4L<\/td>\n<\/tr>\n<tr>\n<td width=\"83\">2009<\/td>\n<td width=\"83\">Chrysler<\/td>\n<td width=\"186\">PT Cruiser<\/td>\n<td width=\"275\">LX, Limited, Touring<\/td>\n<td width=\"294\">2.4L<\/td>\n<\/tr>\n<tr>\n<td width=\"83\">2008<\/td>\n<td width=\"83\">Chrysler<\/td>\n<td width=\"186\">PT Cruiser<\/td>\n<td width=\"275\">Z\u00e1kladn\u00ed verze, LX, Limited, Touring<\/td>\n<td width=\"294\">2.4L<\/td>\n<\/tr>\n<tr>\n<td width=\"83\">2007<\/td>\n<td width=\"83\">Chrysler<\/td>\n<td width=\"186\">PT Cruiser<\/td>\n<td width=\"275\">Base, GT, Limited, Touring<\/td>\n<td width=\"294\">2.4L<\/td>\n<\/tr>\n<tr>\n<td width=\"83\">2007<\/td>\n<td width=\"83\">Dodge<\/td>\n<td width=\"186\">Karavan<\/td>\n<td width=\"275\">SE<\/td>\n<td width=\"294\">2.4L<\/td>\n<\/tr>\n<tr>\n<td width=\"83\">2006<\/td>\n<td width=\"83\">Chrysler<\/td>\n<td width=\"186\">PT Cruiser<\/td>\n<td width=\"275\">Base, GT, Limited, Touring<\/td>\n<td width=\"294\">2.4L<\/td>\n<\/tr>\n<tr>\n<td width=\"83\">2006<\/td>\n<td width=\"83\">Chrysler<\/td>\n<td width=\"186\">Pacifica<\/td>\n<td width=\"275\">Z\u00e1kladn\u00ed verze, Limited, Touring<\/td>\n<td width=\"294\">3.5L<\/td>\n<\/tr>\n<tr>\n<td width=\"83\">2006<\/td>\n<td width=\"83\">Chrysler<\/td>\n<td width=\"186\">Sebring<\/td>\n<td width=\"275\">Base, GTC, Limited, TSi, Touring<\/td>\n<td width=\"294\">2.4L, 2.7L V6 - Flex, 2.7L<\/td>\n<\/tr>\n<tr>\n<td width=\"83\">2006<\/td>\n<td width=\"83\">Dodge<\/td>\n<td width=\"186\">Karavan<\/td>\n<td width=\"275\">SE<\/td>\n<td width=\"294\">2.4L<\/td>\n<\/tr>\n<tr>\n<td width=\"83\">2006<\/td>\n<td width=\"83\">Dodge<\/td>\n<td width=\"186\">Stratus<\/td>\n<td width=\"275\">R\/T, SXT<\/td>\n<td width=\"294\">2.4L, 2.7L V6 - Flex, 2.7L<\/td>\n<\/tr>\n<tr>\n<td width=\"83\">2005<\/td>\n<td width=\"83\">Chrysler<\/td>\n<td width=\"186\">PT Cruiser<\/td>\n<td width=\"275\">Base, GT, Limited, Touring<\/td>\n<td width=\"294\">2.4L<\/td>\n<\/tr>\n<tr>\n<td width=\"83\">2005<\/td>\n<td width=\"83\">Chrysler<\/td>\n<td width=\"186\">Pacifica<\/td>\n<td width=\"275\">Z\u00e1kladn\u00ed verze, Limited, Touring<\/td>\n<td width=\"294\">3.5L<\/td>\n<\/tr>\n<tr>\n<td width=\"83\">2005<\/td>\n<td width=\"83\">Chrysler<\/td>\n<td width=\"186\">Sebring<\/td>\n<td width=\"275\">Base, GTC, Limited, TSi, Touring<\/td>\n<td width=\"294\">2.4L, 2.7L V6 - Flex, 2.7L, 3.0L<\/td>\n<\/tr>\n<tr>\n<td width=\"83\">2005<\/td>\n<td width=\"83\">Dodge<\/td>\n<td width=\"186\">Karavan<\/td>\n<td width=\"275\">SE<\/td>\n<td width=\"294\">2.4L<\/td>\n<\/tr>\n<tr>\n<td width=\"83\">2005<\/td>\n<td width=\"83\">Dodge<\/td>\n<td width=\"186\">Neon<\/td>\n<td width=\"275\">SE, SXT<\/td>\n<td width=\"294\">2.0L<\/td>\n<\/tr>\n<tr>\n<td width=\"83\">2005<\/td>\n<td width=\"83\">Dodge<\/td>\n<td width=\"186\">Stratus<\/td>\n<td width=\"275\">R\/T, SXT<\/td>\n<td width=\"294\">2.4L, 2.7L V6 - Flex, 2.7L, 3.0L<\/td>\n<\/tr>\n<tr>\n<td width=\"83\">2004<\/td>\n<td width=\"83\">Chrysler<\/td>\n<td width=\"186\">300M<\/td>\n<td width=\"275\">Base, Special<\/td>\n<td width=\"294\">3.5L<\/td>\n<\/tr>\n<tr>\n<td width=\"83\">2004<\/td>\n<td width=\"83\">Chrysler<\/td>\n<td width=\"186\">Concorde<\/td>\n<td width=\"275\">LX, LXi, Limited<\/td>\n<td width=\"294\">2,7 L, 3,5 L<\/td>\n<\/tr>\n<tr>\n<td width=\"83\">2004<\/td>\n<td width=\"83\">Chrysler<\/td>\n<td width=\"186\">PT Cruiser<\/td>\n<td width=\"275\">Base, GT, Limited, Touring<\/td>\n<td width=\"294\">2.4L<\/td>\n<\/tr>\n<tr>\n<td width=\"83\">2004<\/td>\n<td width=\"83\">Chrysler<\/td>\n<td width=\"186\">Pacifica<\/td>\n<td width=\"275\">Base<\/td>\n<td width=\"294\">3.5L<\/td>\n<\/tr>\n<tr>\n<td width=\"83\">2004<\/td>\n<td width=\"83\">Chrysler<\/td>\n<td width=\"186\">Sebring<\/td>\n<td width=\"275\">Base, GTC, Limited, Touring<\/td>\n<td width=\"294\">2.4L, 2.7L V6 - Flex, 2.7L, 3.0L<\/td>\n<\/tr>\n<tr>\n<td width=\"83\">2004<\/td>\n<td width=\"83\">Dodge<\/td>\n<td width=\"186\">Karavan<\/td>\n<td width=\"275\">SE<\/td>\n<td width=\"294\">2.4L<\/td>\n<\/tr>\n<tr>\n<td width=\"83\">2004<\/td>\n<td width=\"83\">Dodge<\/td>\n<td width=\"186\">Intrepid<\/td>\n<td width=\"275\">ES, SE<\/td>\n<td width=\"294\">2,7 L, 3,5 L<\/td>\n<\/tr>\n<tr>\n<td width=\"83\">2004<\/td>\n<td width=\"83\">Dodge<\/td>\n<td width=\"186\">Neon<\/td>\n<td width=\"275\">R\/T, SE, SXT<\/td>\n<td width=\"294\">2.0L<\/td>\n<\/tr>\n<tr>\n<td width=\"83\">2004<\/td>\n<td width=\"83\">Dodge<\/td>\n<td width=\"186\">Stratus<\/td>\n<td width=\"275\">ES, R\/T, SE, SXT<\/td>\n<td width=\"294\">2.4L, 2.7L V6 - Flex, 2.7L, 3.0L<\/td>\n<\/tr>\n<tr>\n<td width=\"83\">2003<\/td>\n<td width=\"83\">Chrysler<\/td>\n<td width=\"186\">300M<\/td>\n<td width=\"275\">Base, Special<\/td>\n<td width=\"294\">3.5L<\/td>\n<\/tr>\n<tr>\n<td width=\"83\">2003<\/td>\n<td width=\"83\">Chrysler<\/td>\n<td width=\"186\">Concorde<\/td>\n<td width=\"275\">LX, LXi, Limited<\/td>\n<td width=\"294\">2,7 L, 3,5 L<\/td>\n<\/tr>\n<tr>\n<td width=\"83\">2003<\/td>\n<td width=\"83\">Chrysler<\/td>\n<td width=\"186\">PT Cruiser<\/td>\n<td width=\"275\">Base, GT, Limited, Touring<\/td>\n<td width=\"294\">2.4L<\/td>\n<\/tr>\n<tr>\n<td width=\"83\">2003<\/td>\n<td width=\"83\">Chrysler<\/td>\n<td width=\"186\">Sebring<\/td>\n<td width=\"275\">LX<\/td>\n<td width=\"294\">2.4L<\/td>\n<\/tr>\n<tr>\n<td width=\"83\">2003<\/td>\n<td width=\"83\">Chrysler<\/td>\n<td width=\"186\">Voyager<\/td>\n<td width=\"275\">LX<\/td>\n<td width=\"294\">2.4L<\/td>\n<\/tr>\n<tr>\n<td width=\"83\">2003<\/td>\n<td width=\"83\">Dodge<\/td>\n<td width=\"186\">Karavan<\/td>\n<td width=\"275\">SE<\/td>\n<td width=\"294\">2.4L<\/td>\n<\/tr>\n<tr>\n<td width=\"83\">2003<\/td>\n<td width=\"83\">Dodge<\/td>\n<td width=\"186\">Intrepid<\/td>\n<td width=\"275\">ES, SE<\/td>\n<td width=\"294\">2,7 L, 3,5 L<\/td>\n<\/tr>\n<tr>\n<td width=\"83\">2003<\/td>\n<td width=\"83\">Dodge<\/td>\n<td width=\"186\">Neon<\/td>\n<td width=\"275\">R\/T, SE, SXT<\/td>\n<td width=\"294\">2.0L<\/td>\n<\/tr>\n<tr>\n<td width=\"83\">2003<\/td>\n<td width=\"83\">Dodge<\/td>\n<td width=\"186\">Stratus<\/td>\n<td width=\"275\">ES, SE, SXT<\/td>\n<td width=\"294\">2.4L<\/td>\n<\/tr>\n<tr>\n<td width=\"83\">2002<\/td>\n<td width=\"83\">Chrysler<\/td>\n<td width=\"186\">300M<\/td>\n<td width=\"275\">Base, Special<\/td>\n<td width=\"294\">3.5L<\/td>\n<\/tr>\n<tr>\n<td width=\"83\">2002<\/td>\n<td width=\"83\">Chrysler<\/td>\n<td width=\"186\">Concorde<\/td>\n<td width=\"275\">LX, LXi, Limited<\/td>\n<td width=\"294\">2,7 L, 3,5 L<\/td>\n<\/tr>\n<tr>\n<td width=\"83\">2002<\/td>\n<td width=\"83\">Dodge<\/td>\n<td width=\"186\">Intrepid<\/td>\n<td width=\"275\">ES, R\/T, SE<\/td>\n<td width=\"294\">2,7 L, 3,5 L<\/td>\n<\/tr>\n<\/tbody>\n<\/table>\n<p>&nbsp;<\/p>\n<p>&nbsp;<\/p>\n<h4>Pro\u010d si vybrat origin\u00e1ln\u00ed n\u00e1hradn\u00ed d\u00edly Mopar?<\/h4>\n<p><strong>Perfektn\u011b padnouc\u00ed a \u0161pi\u010dkov\u00e9 kvality:<\/strong> Origin\u00e1ln\u00ed n\u00e1hradn\u00ed d\u00edly Mopar jsou vyr\u00e1b\u011bny podle p\u0159\u00edsn\u00fdch specifikac\u00ed v\u00fdrobce, co\u017e znamen\u00e1, \u017ee do va\u0161eho vozidla dokonale pasuj\u00ed. T\u00edm je zaji\u0161t\u011bna nejen snadn\u00e1 instalace, ale tak\u00e9 optim\u00e1ln\u00ed funkce a bezpe\u010dnost.<\/p>\n<p><strong>Spolehlivost a trvanlivost:<\/strong> D\u00edky pou\u017eit\u00ed vysoce kvalitn\u00edch materi\u00e1l\u016f a p\u0159\u00edsn\u00e9 kontrole kvality zaji\u0161\u0165uj\u00ed n\u00e1hradn\u00ed d\u00edly Mopar spolehlivou funkci va\u0161eho vozidla i v extr\u00e9mn\u00edch podm\u00ednk\u00e1ch. Jsou navr\u017eeny tak, aby vydr\u017eely a maximalizovaly v\u00fdkon va\u0161eho vozidla.<\/p>\n<p>&nbsp;<\/p>","protected":false},"excerpt":{"rendered":"<p>Origin\u00e1ln\u00ed d\u00edl Mopar<br \/>\n2002\u20132010<\/p>","protected":false},"featured_media":68348776,"comment_status":"closed","ping_status":"closed","template":"","meta":{"_acf_changed":false},"product_brand":[16270],"product_cat":[10262,19666,1427,1437],"product_tag":[13850,13851,2770,13821,13849,13846,619,1105,209,210,213,214,176,177,7484,7482,13822,7483,7481,13848,13847,48,13737,13836,13614,13837,49,10613,13838,13823,13839,13618,13841,13738,13840,7485,50,13739,13842,13740,13843,3567,7486,13844,13845,13824,13828,13829,13825,13830,13831,13833,13832,13826,13834,13835,13827,8813,9424,16271,10370,16273,16275,16272,16274,7221,127,681,86,682,713],"class_list":{"0":"post-68315880","1":"product","2":"type-product","3":"status-publish","4":"has-post-thumbnail","6":"product_brand-mopar","7":"product_cat-alle-produkte","8":"product_cat-pacifica-sensoren","9":"product_cat-pt-cruiser-motor","10":"product_cat-sebring-motor","11":"product_tag-04896002ad","12":"product_tag-04896003a","13":"product_tag-04896003aa","14":"product_tag-04896003ab","15":"product_tag-04896003ab-mopar-sensor","16":"product_tag-04896003ab-sensor","17":"product_tag-2-0","18":"product_tag-2-4","19":"product_tag-209","20":"product_tag-210","21":"product_tag-213","22":"product_tag-214","23":"product_tag-176","24":"product_tag-177","25":"product_tag-300m","26":"product_tag-4896002ad","27":"product_tag-4896003a","28":"product_tag-4896003aa","29":"product_tag-4896003ab","30":"product_tag-4896003ab-mopar-sensor","31":"product_tag-4896003ab-sensor","32":"product_tag-chrysler","33":"product_tag-chrysler-200","34":"product_tag-chrysler-200-sensor","35":"product_tag-chrysler-sebring","36":"product_tag-chrysler-sebring-sensor","37":"product_tag-dodge","38":"product_tag-dodge-avenger","39":"product_tag-dodge-avenger-sensor","40":"product_tag-dodge-caliber","41":"product_tag-dodge-caliber-sensor","42":"product_tag-dodge-grand-caravan","43":"product_tag-dodge-grand-caravan-sensor","44":"product_tag-dodge-journey","45":"product_tag-dodge-journey-sensor","46":"product_tag-dodge-neon","47":"product_tag-jeep","48":"product_tag-jeep-compass","49":"product_tag-jeep-compass-sensor","50":"product_tag-jeep-patriot","51":"product_tag-jeep-patriot-sensor","52":"product_tag-map","53":"product_tag-map-sensor","54":"product_tag-map-sensor-2-0","55":"product_tag-map-sensor-2-4","56":"product_tag-map-sensor-chrysler","57":"product_tag-map-sensor-chrysler-200","58":"product_tag-map-sensor-chrysler-sebring","59":"product_tag-map-sensor-dodge","60":"product_tag-map-sensor-dodge-avenger","61":"product_tag-map-sensor-dodge-caliber","62":"product_tag-map-sensor-dodge-grand-caravan","63":"product_tag-map-sensor-dodge-journey","64":"product_tag-map-sensor-jeep","65":"product_tag-map-sensor-jeep-compass","66":"product_tag-map-sensor-jeep-patriot","67":"product_tag-map-sensor-ram","68":"product_tag-mopar-autoteile","69":"product_tag-mopar-ersatzteile","70":"product_tag-mopar-ersatzteile-kaufen","71":"product_tag-mopar-map-sensor","72":"product_tag-mopar-performance-teile","73":"product_tag-mopar-teile-katalog","74":"product_tag-mopar-teile-online","75":"product_tag-mopar-tuningteile","76":"product_tag-mopar10","77":"product_tag-pacifica","78":"product_tag-pt-cruiser","79":"product_tag-ram","80":"product_tag-sebring","81":"product_tag-sensor","83":"first","84":"instock","85":"taxable","86":"shipping-taxable","87":"purchasable","88":"product-type-simple"},"bundled_by":[],"bundle_stock_status":"instock","bundle_stock_quantity":1,"bundle_virtual":false,"bundle_layout":"","bundle_add_to_cart_form_location":"","bundle_editable_in_cart":false,"bundle_sold_individually_context":"","bundle_item_grouping":"","bundle_min_size":"","bundle_max_size":"","bundle_price":[],"bundled_items":[],"bundle_sell_ids":[],"exclude_global_add_ons":[],"addons":[],"acf":[],"_links":{"self":[{"href":"https:\/\/kraftwerk-shop.cc\/cs\/wp-json\/wp\/v2\/product\/68315880","targetHints":{"allow":["GET"]}}],"collection":[{"href":"https:\/\/kraftwerk-shop.cc\/cs\/wp-json\/wp\/v2\/product"}],"about":[{"href":"https:\/\/kraftwerk-shop.cc\/cs\/wp-json\/wp\/v2\/types\/product"}],"replies":[{"embeddable":true,"href":"https:\/\/kraftwerk-shop.cc\/cs\/wp-json\/wp\/v2\/comments?post=68315880"}],"version-history":[{"count":0,"href":"https:\/\/kraftwerk-shop.cc\/cs\/wp-json\/wp\/v2\/product\/68315880\/revisions"}],"wp:featuredmedia":[{"embeddable":true,"href":"https:\/\/kraftwerk-shop.cc\/cs\/wp-json\/wp\/v2\/media\/68348776"}],"wp:attachment":[{"href":"https:\/\/kraftwerk-shop.cc\/cs\/wp-json\/wp\/v2\/media?parent=68315880"}],"wp:term":[{"taxonomy":"product_brand","embeddable":true,"href":"https:\/\/kraftwerk-shop.cc\/cs\/wp-json\/wp\/v2\/product_brand?post=68315880"},{"taxonomy":"product_cat","embeddable":true,"href":"https:\/\/kraftwerk-shop.cc\/cs\/wp-json\/wp\/v2\/product_cat?post=68315880"},{"taxonomy":"product_tag","embeddable":true,"href":"https:\/\/kraftwerk-shop.cc\/cs\/wp-json\/wp\/v2\/product_tag?post=68315880"}],"curies":[{"name":"wp","href":"https:\/\/api.w.org\/{rel}","templated":true}]}}