{"id":68315905,"date":"2025-02-21T11:21:01","date_gmt":"2025-02-21T10:21:01","guid":{"rendered":"https:\/\/kraftwerk-shop.cc\/?post_type=product&#038;p=68315905"},"modified":"2026-03-24T15:08:13","modified_gmt":"2026-03-24T14:08:13","slug":"superchips-flashcal-3581-wrangler-jk","status":"publish","type":"product","link":"https:\/\/kraftwerk-shop.cc\/cs\/produkt\/superchips-flashcal-3581-wrangler-jk\/","title":{"rendered":"Superchips Flashcal+ Wrangler JK"},"content":{"rendered":"<h1 class=\"product-name\">Superchips Flashcal+ pro Wrangler JK<\/h1>\n<p>&nbsp;<\/p>\n<p data-start=\"0\" data-end=\"365\">Bezdr\u00e1tov\u00fd kalibr\u00e1tor Superchips Flashcal+ je pokro\u010dil\u00fd kalibra\u010dn\u00ed n\u00e1stroj ur\u010den\u00fd speci\u00e1ln\u011b pro modely Jeep Wrangler JK z let 2007 a\u017e 2018. Toto inovativn\u00ed za\u0159\u00edzen\u00ed umo\u017e\u0148uje majitel\u016fm voz\u016f Jeep bezdr\u00e1tov\u011b upravovat a sledovat \u010detn\u00e1 nastaven\u00ed vozidla prost\u0159ednictv\u00edm u\u017eivatelsky p\u0159\u00edv\u011btiv\u00e9 aplikace pro chytr\u00e9 telefony.<\/p>\n<p><strong>Funkce:<\/strong><\/p>\n<ul data-start=\"387\" data-end=\"1879\">\n<li data-start=\"166\" data-end=\"426\"><strong data-start=\"168\" data-end=\"188\">Obrazovka CRAWL<\/strong> (viz obr\u00e1zek v\u00fd\u0161e) slou\u017e\u00ed jako rozhran\u00ed pro p\u0159\u00edm\u00e9 ovl\u00e1d\u00e1n\u00ed vozidla v re\u00e1ln\u00e9m \u010dase, v\u010detn\u011b uz\u00e1v\u011brky p\u0159edn\u00edho a zadn\u00edho diferenci\u00e1lu, nastaven\u00ed syst\u00e9mu TPMS a nastaven\u00ed volnob\u011b\u017en\u00fdch ot\u00e1\u010dek motoru. Rozsah funkc\u00ed se li\u0161\u00ed v z\u00e1vislosti na modelu a v\u00fdbav\u011b vozidla.<\/li>\n<li data-start=\"427\" data-end=\"691\"><strong data-start=\"429\" data-end=\"455\">Asistent velikosti pneumatik:<\/strong> Automatick\u00e1 kalibrace tachometru prost\u0159ednictv\u00edm GPS v chytr\u00e9m telefonu - nen\u00ed nutn\u00e9 zad\u00e1vat \u00fadaje ru\u010dn\u011b a nen\u00ed nutn\u00e9 opou\u0161t\u011bt vozidlo. V p\u0159\u00edpad\u011b pot\u0159eby lze rozm\u011br pneumatiky zadat ru\u010dn\u011b.<\/li>\n<li data-start=\"692\" data-end=\"816\"><strong data-start=\"694\" data-end=\"723\">Sledov\u00e1n\u00ed dat v re\u00e1ln\u00e9m \u010dase<\/strong> s p\u0159izp\u016fsobiteln\u00fdm displejem a mo\u017enost\u00ed vy\u010d\u00edt\u00e1n\u00ed a maz\u00e1n\u00ed chybov\u00fdch k\u00f3d\u016f (CEL).<\/li>\n<li data-start=\"817\" data-end=\"976\"><strong>Mo\u017enosti slu\u017eeb pro opravy v dom\u00e1cnosti: <\/strong>Inicializace ABS, p\u0159ehr\u00e1n\u00ed brzdov\u00e9ho ped\u00e1lu, synchronizace va\u010dkov\u00e9ho a klikov\u00e9ho h\u0159\u00eddele.<\/li>\n<li data-start=\"977\" data-end=\"1135\"><strong data-start=\"979\" data-end=\"1003\">Mo\u017enosti resetov\u00e1n\u00ed modulu<\/strong> pro ABS (protiblokovac\u00ed brzdov\u00fd syst\u00e9m), BCM (\u0159\u00eddic\u00ed modul karoserie), TPMS (syst\u00e9m monitorov\u00e1n\u00ed tlaku v pneumatik\u00e1ch) a IPC (modul p\u0159\u00edstrojov\u00e9 desky).<\/li>\n<li data-start=\"1136\" data-end=\"1239\"><strong data-start=\"1138\" data-end=\"1172\">Bezdr\u00e1tov\u00e9 p\u0159ipojen\u00ed Bluetooth<\/strong> pro Android nebo iPhone - bez nutnosti dal\u0161\u00edch kabel\u016f.<\/li>\n<li data-start=\"1240\" data-end=\"1306\"><strong data-start=\"1242\" data-end=\"1260\">Korekce tachometru<\/strong> pro pneumatiky o rozm\u011brech 26\"-42\".<\/li>\n<li data-start=\"1307\" data-end=\"1413\"><strong data-start=\"1309\" data-end=\"1333\">Rekalibrace rychlom\u011bru<\/strong> pro p\u0159evodov\u00e9 pom\u011bry n\u00e1prav a p\u0159evodovky 2,73-5,38:1.<\/li>\n<li data-start=\"1414\" data-end=\"1515\"><strong data-start=\"1416\" data-end=\"1437\">Z\u00e1mek zadn\u00ed n\u00e1pravy<\/strong> s p\u0159evodovkou v re\u017eimu 4-Hi a 4-Low (<em data-start=\"1477\" data-end=\"1511\" data-is-only-node=\"\">Pouze obrazovka CRAWL, JK Rubicon<\/em>).<\/li>\n<li data-start=\"1516\" data-end=\"1634\"><strong data-start=\"1518\" data-end=\"1551\">Blokov\u00e1n\u00ed p\u0159edn\u00ed a zadn\u00ed n\u00e1pravy<\/strong> s p\u0159evodovkou v re\u017eimu 4-Hi a 4-Low (<em data-start=\"1591\" data-end=\"1630\" data-is-only-node=\"\">Pouze obrazovka CRAWL, 3.8L JK Rubicon<\/em>).<\/li>\n<li data-start=\"1635\" data-end=\"1761\"><strong data-start=\"1637\" data-end=\"1668\">Pos\u00edlen\u00ed motoru na volnob\u011bh<\/strong> pro provoz navij\u00e1ku - do\u010dasn\u011b nastaviteln\u00fd p\u0159es obrazovku CRAWL z <strong data-start=\"1740\" data-end=\"1758\" data-is-only-node=\"\">500-2000 ot\u00e1\u010dek za minutu<\/strong>.<\/li>\n<li data-start=\"1762\" data-end=\"1871\"><strong data-start=\"1764\" data-end=\"1790\">P\u0159izp\u016fsoben\u00ed denn\u00edho sv\u00edcen\u00ed<\/strong>Mo\u017enost volby polohy (halo, blatn\u00edk, mlhov\u00e9 sv\u011btlo, d\u00e1lkov\u00e1 sv\u011btla, potk\u00e1vac\u00ed sv\u011btla nebo blinkr).<\/li>\n<li data-start=\"1872\" data-end=\"1917\"><strong data-start=\"1874\" data-end=\"1914\">Aktivace\/deaktivace denn\u00edch sv\u011btel<\/strong>.<\/li>\n<li data-start=\"1918\" data-end=\"1979\"><strong data-start=\"1920\" data-end=\"1965\">Ukazatel s funkc\u00ed zm\u011bny j\u00edzdn\u00edho pruhu jedn\u00edm dotykem<\/strong> aktivovat.<\/li>\n<li data-start=\"1980\" data-end=\"2113\"><strong data-start=\"1982\" data-end=\"2014\">Voliteln\u00e1 deaktivace syst\u00e9mu TPMS<\/strong>bu\u010f pouze prost\u0159ednictv\u00edm obrazovky CRAWL, nebo kompletn\u011b pro pou\u017eit\u00ed s r\u00e1fky z dodate\u010dn\u00e9ho trhu.<\/li>\n<li data-start=\"2114\" data-end=\"2169\"><strong data-start=\"2116\" data-end=\"2138\">Prahov\u00e1 hodnota syst\u00e9mu TPMS<\/strong> nastaviteln\u00fd v rozsahu 22-56 psi.<\/li>\n<li data-start=\"2303\" data-end=\"2358\" data-is-last-node=\"\"><strong data-start=\"2305\" data-end=\"2357\">\u010cten\u00ed a maz\u00e1n\u00ed diagnostick\u00fdch k\u00f3d\u016f poruch (DTC)<\/strong>.<\/li>\n<\/ul>\n<p data-start=\"1881\" data-end=\"2135\">D\u016eLE\u017dIT\u00c9: <em>Nedoporu\u010duje se pou\u017e\u00edvat Flashcal+ u vozidel, kter\u00e1 byla p\u0159edt\u00edm upravena pomoc\u00ed za\u0159\u00edzen\u00ed Tazer pro ur\u010dov\u00e1n\u00ed velikosti pneumatik.<\/em><\/p>\n<p>&nbsp;<\/p>\n<p><strong>Vhodn\u00e9 pro:<\/strong><\/p>\n<table width=\"449\">\n<tbody>\n<tr>\n<td width=\"115\"><strong>Zna\u010dka<\/strong><\/td>\n<td width=\"145\"><strong>Model<\/strong><\/td>\n<td width=\"106\"><strong>Motor<\/strong><\/td>\n<td width=\"83\"><strong>Rok v\u00fdstavby<\/strong><\/td>\n<\/tr>\n<tr>\n<td>Jeep<\/td>\n<td>Wrangler JK<\/td>\n<td>3.6, 3.8<\/td>\n<td width=\"83\">2007\u20132018<\/td>\n<\/tr>\n<\/tbody>\n<\/table>\n<p><iframe loading=\"lazy\" title=\"Programovac\u00ed za\u0159\u00edzen\u00ed a kalibra\u010dn\u00ed n\u00e1stroje Superchips\" src=\"https:\/\/www.youtube.com\/embed\/Dhyiohi70_A\" width=\"882\" height=\"496\" frameborder=\"0\" allowfullscreen=\"allowfullscreen\"><\/iframe><\/p>","protected":false},"excerpt":{"rendered":"<p>2007\u20132018<\/p>","protected":false},"featured_media":68315914,"comment_status":"open","ping_status":"closed","template":"","meta":{"_acf_changed":false},"product_brand":[],"product_cat":[10262,19727,19784],"product_tag":[209,210,213,214,176,177,165,248,249,250,251,252,169,976,13198,3213,10698,3476,10710,10701,10715,10714,10712,10713,13201,10703,1157,2934,13202,13203,13204,13219,13228,13211,13258,13220,13239,13259,13223,13232,13217,13250,13226,13242,13224,13215,13247,13248,13238,13225,13241,13227,13252,13222,13207,13230,13243,13249,13216,13256,13209,13218,13253,13240,13260,13213,13214,13208,13244,13246,13210,13221,13245,13257,13212,13229,13251,13231,36,438,4776,10699,10696,517,10695,3479,3480,10711,10697,2980,10700,10691,13199,10692,13200,10704,10709,10708,3478,233,919,175,8285,13205,13234,13236,13206,13235,13237,13233,13254,13255],"class_list":{"0":"post-68315905","1":"product","2":"type-product","3":"status-publish","4":"has-post-thumbnail","6":"product_cat-alle-produkte","7":"product_cat-wrangler-36-jk-programmiergeraete","8":"product_cat-wrangler-38-programmiergeraete","9":"product_tag-209","10":"product_tag-210","11":"product_tag-213","12":"product_tag-214","13":"product_tag-176","14":"product_tag-177","15":"product_tag-165","16":"product_tag-248","17":"product_tag-249","18":"product_tag-250","19":"product_tag-251","20":"product_tag-252","21":"product_tag-3-6","22":"product_tag-3-8","23":"product_tag-13198","24":"product_tag-abs","25":"product_tag-achsenuebersetzung","26":"product_tag-anpassung","27":"product_tag-bcm","28":"product_tag-datenaufzeichnung","29":"product_tag-dtc","30":"product_tag-fehlerdiagnose","31":"product_tag-flaschcal","32":"product_tag-flashcal","33":"product_tag-flashcal-3581","34":"product_tag-geschwindigkeit","35":"product_tag-geschwindigkeitsbegrenzer","36":"product_tag-harder","37":"product_tag-jeep-wrangler-jk","38":"product_tag-jeep-wrangler-jk-3-6","39":"product_tag-jeep-wrangler-jk-3-8","40":"product_tag-jeep-wrangler-jk-abs-reset","41":"product_tag-jeep-wrangler-jk-achsuebersetzung-einstellen","42":"product_tag-jeep-wrangler-jk-achsuebersetzung-kalibrierung","43":"product_tag-jeep-wrangler-jk-app-steuerung","44":"product_tag-jeep-wrangler-jk-bcm-reset","45":"product_tag-jeep-wrangler-jk-bluetooth-kalibrierung","46":"product_tag-jeep-wrangler-jk-bluetooth-verbindung","47":"product_tag-jeep-wrangler-jk-cel-fehler-loeschen","48":"product_tag-jeep-wrangler-jk-crawl-bildschirm","49":"product_tag-jeep-wrangler-jk-diagnosegeraet","50":"product_tag-jeep-wrangler-jk-differenzialsperre-steuerung","51":"product_tag-jeep-wrangler-jk-drehzahl-kalibrierung","52":"product_tag-jeep-wrangler-jk-drehzahlbegrenzer","53":"product_tag-jeep-wrangler-jk-dtc-fehler-loeschen","54":"product_tag-jeep-wrangler-jk-ecu-kalibrierung","55":"product_tag-jeep-wrangler-jk-fehlercode-auslesen","56":"product_tag-jeep-wrangler-jk-fehlercode-loeschen","57":"product_tag-jeep-wrangler-jk-flash-tool","58":"product_tag-jeep-wrangler-jk-geschwindigkeit-kalibrierung","59":"product_tag-jeep-wrangler-jk-geschwindigkeitsmesser-einstellen","60":"product_tag-jeep-wrangler-jk-getriebeuebersetzung-kalibrierung","61":"product_tag-jeep-wrangler-jk-hinterachssperre","62":"product_tag-jeep-wrangler-jk-ipc-reset","63":"product_tag-jeep-wrangler-jk-kalibrierung","64":"product_tag-jeep-wrangler-jk-leerlaufanhebung","65":"product_tag-jeep-wrangler-jk-lichtsteuerung","66":"product_tag-jeep-wrangler-jk-modul-reset","67":"product_tag-jeep-wrangler-jk-obd-modul","68":"product_tag-jeep-wrangler-jk-offroad-steuerung","69":"product_tag-jeep-wrangler-jk-reifen-kalibrierung","70":"product_tag-jeep-wrangler-jk-reifendrucksensor-einstellung","71":"product_tag-jeep-wrangler-jk-rubicon","72":"product_tag-jeep-wrangler-jk-smartphone-kalibrierung","73":"product_tag-jeep-wrangler-jk-smartphone-tuning","74":"product_tag-jeep-wrangler-jk-steuergeraet","75":"product_tag-jeep-wrangler-jk-steuergeraet-zuruecksetzen","76":"product_tag-jeep-wrangler-jk-tacho-kalibrierung","77":"product_tag-jeep-wrangler-jk-tagfahrlicht-einstellen","78":"product_tag-jeep-wrangler-jk-tpms-deaktivieren","79":"product_tag-jeep-wrangler-jk-tpms-einstellung","80":"product_tag-jeep-wrangler-jk-tpms-reset","81":"product_tag-jeep-wrangler-jk-tpms-schwelle","82":"product_tag-jeep-wrangler-jk-tuner-geraet","83":"product_tag-jeep-wrangler-jk-tuningmodul","84":"product_tag-jeep-wrangler-jk-verteilergetriebe-kalibrierung","85":"product_tag-jeep-wrangler-jk-vorderachssperre","86":"product_tag-jeep-wrangler-jk-windenbetrieb-leerlauf","87":"product_tag-kraftwerk","88":"product_tag-obd","89":"product_tag-obd-tuning","90":"product_tag-offroad","91":"product_tag-programmer","92":"product_tag-programmiergeraet","93":"product_tag-programmme","94":"product_tag-reifendruck","95":"product_tag-reifendrucksensoren","96":"product_tag-reifendruckueberwachungssystem","97":"product_tag-reifenumfang","98":"product_tag-rubicon","99":"product_tag-sensoren","100":"product_tag-superchips","101":"product_tag-superchips-3581","102":"product_tag-superchips-flashcal","103":"product_tag-superchips-flashcal-3581","104":"product_tag-tacho","105":"product_tag-tachometerkorrektur","106":"product_tag-tagfahrlicht","107":"product_tag-tpms","108":"product_tag-tuning","109":"product_tag-tuninggeraet","110":"product_tag-wrangler","111":"product_tag-wrangler-jk","112":"product_tag-wrangler-jk-3-6","113":"product_tag-wrangler-jk-3-6-flashcal","114":"product_tag-wrangler-jk-3-6-superchips","115":"product_tag-wrangler-jk-3-8","116":"product_tag-wrangler-jk-3-8-flashcal","117":"product_tag-wrangler-jk-3-8-superchips","118":"product_tag-wrangler-jk-crawl","119":"product_tag-wrangler-jk-rubicon-3-6","120":"product_tag-wrangler-jk-rubicon-3-8","122":"first","123":"outofstock","124":"taxable","125":"shipping-taxable","126":"purchasable","127":"product-type-simple"},"bundled_by":[],"bundle_stock_status":"outofstock","bundle_stock_quantity":0,"bundle_virtual":false,"bundle_layout":"","bundle_add_to_cart_form_location":"","bundle_editable_in_cart":false,"bundle_sold_individually_context":"","bundle_item_grouping":"","bundle_min_size":"","bundle_max_size":"","bundle_price":[],"bundled_items":[],"bundle_sell_ids":[],"exclude_global_add_ons":[],"addons":[],"acf":[],"_links":{"self":[{"href":"https:\/\/kraftwerk-shop.cc\/cs\/wp-json\/wp\/v2\/product\/68315905","targetHints":{"allow":["GET"]}}],"collection":[{"href":"https:\/\/kraftwerk-shop.cc\/cs\/wp-json\/wp\/v2\/product"}],"about":[{"href":"https:\/\/kraftwerk-shop.cc\/cs\/wp-json\/wp\/v2\/types\/product"}],"replies":[{"embeddable":true,"href":"https:\/\/kraftwerk-shop.cc\/cs\/wp-json\/wp\/v2\/comments?post=68315905"}],"version-history":[{"count":0,"href":"https:\/\/kraftwerk-shop.cc\/cs\/wp-json\/wp\/v2\/product\/68315905\/revisions"}],"wp:featuredmedia":[{"embeddable":true,"href":"https:\/\/kraftwerk-shop.cc\/cs\/wp-json\/wp\/v2\/media\/68315914"}],"wp:attachment":[{"href":"https:\/\/kraftwerk-shop.cc\/cs\/wp-json\/wp\/v2\/media?parent=68315905"}],"wp:term":[{"taxonomy":"product_brand","embeddable":true,"href":"https:\/\/kraftwerk-shop.cc\/cs\/wp-json\/wp\/v2\/product_brand?post=68315905"},{"taxonomy":"product_cat","embeddable":true,"href":"https:\/\/kraftwerk-shop.cc\/cs\/wp-json\/wp\/v2\/product_cat?post=68315905"},{"taxonomy":"product_tag","embeddable":true,"href":"https:\/\/kraftwerk-shop.cc\/cs\/wp-json\/wp\/v2\/product_tag?post=68315905"}],"curies":[{"name":"wp","href":"https:\/\/api.w.org\/{rel}","templated":true}]}}