{"id":68315923,"date":"2025-02-21T13:51:18","date_gmt":"2025-02-21T12:51:18","guid":{"rendered":"https:\/\/kraftwerk-shop.cc\/?post_type=product&#038;p=68315923"},"modified":"2026-03-02T02:33:00","modified_gmt":"2026-03-02T01:33:00","slug":"superchips-flashcal-3581-jl-wrangler-jl","status":"publish","type":"product","link":"https:\/\/kraftwerk-shop.cc\/cs\/produkt\/superchips-flashcal-3581-jl-wrangler-jl\/","title":{"rendered":"Superchips Flashcal+ Wrangler JL"},"content":{"rendered":"<h1 class=\"product-name\">Superchips Flashcal+ pro Wrangler JL<\/h1>\n<p>&nbsp;<\/p>\n<p data-start=\"0\" data-end=\"365\">Bezdr\u00e1tov\u00fd kalibr\u00e1tor Superchips Flashcal+ je pokro\u010dil\u00fd kalibra\u010dn\u00ed n\u00e1stroj ur\u010den\u00fd speci\u00e1ln\u011b pro modely Jeep Wrangler JL z let 2018 a\u017e 2024. Toto inovativn\u00ed za\u0159\u00edzen\u00ed umo\u017e\u0148uje majitel\u016fm voz\u016f Jeep bezdr\u00e1tov\u011b upravovat a sledovat \u010detn\u00e1 nastaven\u00ed vozidla prost\u0159ednictv\u00edm u\u017eivatelsky p\u0159\u00edv\u011btiv\u00e9 aplikace pro chytr\u00e9 telefony.<\/p>\n<p>&nbsp;<\/p>\n<p><strong>Funkce:<\/strong><\/p>\n<ul>\n<li><strong>Deaktivace syst\u00e9mu TPMS:<\/strong> Pro kola pro dodate\u010dnou mont\u00e1\u017e bez sn\u00edma\u010d\u016f<\/li>\n<li><strong>Zapnut\u00ed\/vypnut\u00ed syst\u00e9mu TPMS (lezeck\u00e1 obrazovka)<\/strong><\/li>\n<li><strong>Nastaven\u00ed denn\u00edho sv\u00edcen\u00ed:<\/strong> Trvale zapnut\u00fd, deaktivovan\u00fd nebo ru\u010dn\u011b voliteln\u00fd.<\/li>\n<li><strong>Volba um\u00edst\u011bn\u00ed sv\u011btel pro denn\u00ed sv\u00edcen\u00ed:<\/strong> Mlhov\u00e9 sv\u011btlo, blatn\u00edk, parkovac\u00ed sv\u011btlo, d\u00e1lkov\u00e1 sv\u011btla, potk\u00e1vac\u00ed sv\u011btla, blinkry nebo \u017e\u00e1dn\u00e9 sv\u011btlo pro denn\u00ed sv\u00edcen\u00ed.<\/li>\n<li><strong>Deaktivace vyp\u00edn\u00e1n\u00ed denn\u00edho sv\u00edcen\u00ed:<\/strong> Zastav\u00ed denn\u00ed sv\u00edcen\u00ed, pokud je pou\u017eit ukazatel.<\/li>\n<li><strong>Deaktivace mlhov\u00fdch sv\u011btel:<\/strong> Umo\u017e\u0148uje sou\u010dasn\u00e9 pou\u017eit\u00ed d\u00e1lkov\u00fdch a mlhov\u00fdch sv\u011btel.<\/li>\n<li><strong>Aktivace nebo deaktivace halo sv\u011btel.<\/strong><\/li>\n<li><strong>Aktivace zm\u011bny stopy jedn\u00edm dotykem.<\/strong><\/li>\n<li><strong>\u00davodn\u00ed obrazovka voliteln\u00e1 v p\u0159\u00edstrojov\u00e9 desce:<\/strong> Rubicon, Sahara, Sport.<\/li>\n<li><strong>Deaktivace upozorn\u011bn\u00ed na nezapnut\u00fd bezpe\u010dnostn\u00ed p\u00e1s:<\/strong> Zastav\u00ed zvukov\u00fd v\u00fdstra\u017en\u00fd sign\u00e1l.<\/li>\n<li><strong>Odkaz na cestu: <\/strong>Aktivace nebo deaktivace varov\u00e1n\u00ed p\u0159ed po\u010das\u00edm.<\/li>\n<li><strong>Konfigurace sv\u011btla<\/strong>Umo\u017e\u0148uje volitelnou instalaci standardn\u00edch nebo LED sv\u011btel pro p\u0159edn\u00ed blinkry, zadn\u00ed sv\u011btla nebo t\u0159et\u00ed brzdov\u00e9 sv\u011btlo.<\/li>\n<li><strong>Automatick\u00e1 deaktivace funkce start\/stop:<\/strong> Z\u016fst\u00e1v\u00e1 vypnut\u00fd, dokud je kl\u00ed\u010d OBD II p\u0159ipojen, a to i po op\u011btovn\u00e9m nastartov\u00e1n\u00ed vozidla.<\/li>\n<li><strong>CRAWL (viz obr\u00e1zek v\u00fd\u0161e):<\/strong> Rozhran\u00ed v re\u00e1ln\u00e9m \u010dase pro ovl\u00e1d\u00e1n\u00ed uz\u00e1v\u011brky diferenci\u00e1lu p\u0159edn\u00ed a zadn\u00ed n\u00e1pravy, nastaven\u00ed TPMS a zv\u00fd\u0161en\u00ed volnob\u011b\u017en\u00fdch ot\u00e1\u010dek (funkce CRAWL se li\u0161\u00ed v z\u00e1vislosti na modelov\u00e9m roce a v\u00fdbav\u011b).<\/li>\n<li><strong>Aktivujte dal\u0161\u00ed p\u0159ep\u00edna\u010de:<\/strong> Umo\u017e\u0148uje pou\u017eit\u00ed dal\u0161\u00edch sp\u00edna\u010d\u016f AUX* dodan\u00fdch v\u00fdrobcem k ovl\u00e1d\u00e1n\u00ed elektrick\u00e9ho p\u0159\u00edslu\u0161enstv\u00ed.<\/li>\n<li><strong>Asistent velikosti pneumatik:<\/strong> Automatick\u00e1 kalibrace tachometru pomoc\u00ed GPS chytr\u00e9ho telefonu bez nutnosti ru\u010dn\u00edho zad\u00e1v\u00e1n\u00ed nebo opu\u0161t\u011bn\u00ed vozidla (ru\u010dn\u00ed zad\u00e1v\u00e1n\u00ed je st\u00e1le mo\u017en\u00e9).<\/li>\n<li><strong>Deaktivace nebo aktivace sledov\u00e1n\u00ed mrtv\u00e9ho \u00fahlu<\/strong>pokud nen\u00ed sou\u010d\u00e1st\u00ed standardn\u00ed v\u00fdbavy*.<\/li>\n<li><strong>Sledov\u00e1n\u00ed dat v re\u00e1ln\u00e9m \u010dase:<\/strong> P\u0159izp\u016fsobiteln\u00e9 zobrazen\u00ed a \u010dten\u00ed a maz\u00e1n\u00ed chybov\u00fdch k\u00f3d\u016f.<\/li>\n<li><strong>Aktivace tov\u00e1rn\u00edho sp\u00edna\u010de mlhov\u00fdch sv\u011btel<\/strong>pokud nen\u00ed sou\u010d\u00e1st\u00ed standardn\u00ed v\u00fdbavy*.<\/li>\n<li><strong>Mo\u017enosti slu\u017eeb pro opravy v dom\u00e1cnosti: <\/strong>Inicializace ABS, p\u0159ehr\u00e1n\u00ed brzdov\u00e9ho ped\u00e1lu, synchronizace va\u010dkov\u00e9ho a klikov\u00e9ho h\u0159\u00eddele.<\/li>\n<li><strong>Reset modulu pro:<\/strong> ABS (protiblokovac\u00ed brzdov\u00fd syst\u00e9m), BCM (\u0159\u00eddic\u00ed modul karoserie), TPMS (syst\u00e9m kontroly tlaku v pneumatik\u00e1ch) a IPC (sdru\u017een\u00fd p\u0159\u00edstrojov\u00fd panel).<\/li>\n<li><strong>Aktivace sp\u0159\u00e1hla p\u0159\u00edv\u011bsu<\/strong>pokud nen\u00ed sou\u010d\u00e1st\u00ed standardn\u00ed v\u00fdbavy*.<\/li>\n<li><strong>Deaktivace nebo aktivace couvac\u00ed kamery<\/strong>pokud nen\u00ed sou\u010d\u00e1st\u00ed standardn\u00ed v\u00fdbavy (pouze JL 2018-2020)*.<\/li>\n<li><strong>Deaktivace nebo aktivace nab\u00edjec\u00ed kamery<\/strong>pokud nen\u00ed sou\u010d\u00e1st\u00ed standardn\u00ed v\u00fdbavy (pouze JL 2018-2020)*.<\/li>\n<li><strong>Zv\u00fd\u0161en\u00ed ot\u00e1\u010dek motoru pro provoz lanov\u00e9ho navij\u00e1ku:<\/strong> Do\u010dasn\u00e9 s\u00edtko CRAWL, 500-2000 ot.<\/li>\n<li><strong>Deaktivujte elektrick\u00e9 servo\u010derpadlo:<\/strong> Pro p\u0159estavbu na hydraulick\u00fd syst\u00e9m*.<\/li>\n<li><strong>Odd\u011blen\u00ed p\u0159\u00ed\u010dn\u00e9ho stabiliz\u00e1toru ve 2Hi:<\/strong> A\u017e 40 km\/h (obrazovka CRAWL, pouze Rubicon).<\/li>\n<li><strong>Deaktivujte uz\u00e1v\u011brky diferenci\u00e1lu:<\/strong> Pouze zadn\u00ed nebo p\u0159edn\u00ed a zadn\u00ed pro ru\u010dn\u00ed ovl\u00e1d\u00e1n\u00ed*.<\/li>\n<li><strong>Z\u00e1mek linky:<\/strong> Dr\u017e\u00ed brzdy pouze na p\u0159edn\u00edch kolech.<\/li>\n<li><strong>Uz\u00e1v\u011brky diferenci\u00e1lu vzadu nebo vp\u0159edu a vzadu:<\/strong> S p\u0159evodovkou v re\u017eimu 4-Hi &amp; 4-Low (CRAWL Screen, pouze Rubicon)<\/li>\n<li><strong>Rock Lock:<\/strong> Dr\u017e\u00ed v\u0161echna \u010dty\u0159i kola s brzdami pro j\u00edzdu v ter\u00e9nu.<\/li>\n<li><strong>Kalibrace pom\u011bru os:<\/strong> 2,73 - 5,38:1.<\/li>\n<li><strong>Aktivace\/deaktivace elektronick\u00e9ho bo\u010dn\u00edho stabiliz\u00e1toru<\/strong> (je-li k dispozici).<\/li>\n<li><strong data-start=\"1050\" data-end=\"1084\">Diagnostika chybov\u00e9ho k\u00f3du:<\/strong> \u010cten\u00ed a maz\u00e1n\u00ed diagnostick\u00fdch k\u00f3d\u016f pro zjednodu\u0161en\u00ed \u00fadr\u017eby vozidla.<\/li>\n<li><strong>Kalibrace velikosti pneumatik podle v\u00fd\u0161ky:<\/strong> 66 cm - 102 cm (26\" - 40\").<\/li>\n<li><strong>Kalibrace p\u0159evodov\u00e9ho pom\u011bru p\u0159evodovky:<\/strong> 2,72 - 5,00:1.<\/li>\n<li><strong>Nastaviteln\u00fd pr\u00e1h v\u00fdstrahy TPMS:<\/strong> 1,5 - 3,9 bar (22-56 psi).<\/li>\n<\/ul>\n<p>*Tato za\u0159\u00edzen\u00ed odpov\u00eddaj\u00edc\u00edm zp\u016fsobem p\u0159izp\u016fsobuj\u00ed ovl\u00e1dac\u00ed prvky vozidla, ale pro kompletn\u00ed p\u0159estavbu jsou nutn\u00e9 dal\u0161\u00ed komponenty OEM nebo n\u00e1hradn\u00ed d\u00edly.<br \/>\nD\u016eLE\u017dIT\u00c9: Pou\u017eit\u00ed syst\u00e9mu Flashcal+ se nedoporu\u010duje, pokud byl rozm\u011br pneumatiky p\u0159edt\u00edm upraven pomoc\u00ed za\u0159\u00edzen\u00ed Tazer.<\/p>\n<p>&nbsp;<\/p>\n<p><strong>Vhodn\u00e9 pro:<\/strong><\/p>\n<table width=\"449\">\n<tbody>\n<tr>\n<td width=\"115\"><strong>Zna\u010dka<\/strong><\/td>\n<td width=\"145\"><strong>Model<\/strong><\/td>\n<td width=\"106\"><strong>Motor<\/strong><\/td>\n<td width=\"83\"><strong>Rok v\u00fdstavby<\/strong><\/td>\n<\/tr>\n<tr>\n<td>Jeep<\/td>\n<td>Wrangler JL<\/td>\n<td>3.6<\/td>\n<td width=\"83\">2018\u20132024<\/td>\n<\/tr>\n<\/tbody>\n<\/table>\n<p>&nbsp;<\/p>\n<p><strong>Rozsah dod\u00e1vky:<\/strong><\/p>\n<ul>\n<li>1 x Flashcal+ 3581-JL<\/li>\n<li>1 x Modul obch\u00e1zen\u00ed bezpe\u010dnostn\u00ed br\u00e1ny<\/li>\n<\/ul>\n<p>&nbsp;<\/p>\n<p><iframe loading=\"lazy\" title=\"Programovac\u00ed za\u0159\u00edzen\u00ed a kalibra\u010dn\u00ed n\u00e1stroje Superchips\" src=\"https:\/\/www.youtube.com\/embed\/Dhyiohi70_A\" width=\"882\" height=\"496\" frameborder=\"0\" allowfullscreen=\"allowfullscreen\"><\/iframe><\/p>","protected":false},"excerpt":{"rendered":"<p>2018\u20132024<\/p>","protected":false},"featured_media":68316235,"comment_status":"open","ping_status":"closed","template":"","meta":{"_acf_changed":false},"product_brand":[],"product_cat":[10262,2951],"product_tag":[252,419,420,2066,2373,4526,6297,169,10716,3213,10698,3476,10710,471,10701,10715,10714,10712,10713,13262,10703,1157,2934,50,13264,13265,13300,13304,13314,13302,13298,13277,13313,13293,13287,13311,13310,13319,13320,13288,13283,13284,13278,13267,13301,13290,13289,13309,13303,13295,13285,13317,13271,13269,13305,13306,13307,13291,13292,13308,13296,13282,13315,13279,13280,13318,13297,13270,13312,13275,13273,13272,13299,13316,903,36,438,4776,10699,10696,517,3479,3480,10711,10697,2980,469,10760,10700,10691,13261,10692,13263,10704,10709,10708,3478,233,919,175,10759,13266,13294,13268,13286,13281,13276,13274],"class_list":{"0":"post-68315923","1":"product","2":"type-product","3":"status-publish","4":"has-post-thumbnail","6":"product_cat-alle-produkte","7":"product_cat-wrangler-36-programmiergeraete","8":"product_tag-252","9":"product_tag-419","10":"product_tag-420","11":"product_tag-2066","12":"product_tag-2373","13":"product_tag-4526","14":"product_tag-6297","15":"product_tag-3-6","16":"product_tag-3581-jl","17":"product_tag-abs","18":"product_tag-achsenuebersetzung","19":"product_tag-anpassung","20":"product_tag-bcm","21":"product_tag-bypass","22":"product_tag-datenaufzeichnung","23":"product_tag-dtc","24":"product_tag-fehlerdiagnose","25":"product_tag-flaschcal","26":"product_tag-flashcal","27":"product_tag-flashcal-3581-jl","28":"product_tag-geschwindigkeit","29":"product_tag-geschwindigkeitsbegrenzer","30":"product_tag-harder","31":"product_tag-jeep","32":"product_tag-jeep-wrangler-jl","33":"product_tag-jeep-wrangler-jl-3-6","34":"product_tag-jeep-wrangler-jl-abs-initialisierung","35":"product_tag-jeep-wrangler-jl-anhaengerkupplung-aktivieren","36":"product_tag-jeep-wrangler-jl-app-steuerung","37":"product_tag-jeep-wrangler-jl-aux-schalter","38":"product_tag-jeep-wrangler-jl-bcm-reset","39":"product_tag-jeep-wrangler-jl-blinker-lichtkonfiguration","40":"product_tag-jeep-wrangler-jl-crawl-bildschirm","41":"product_tag-jeep-wrangler-jl-crawl-screen","42":"product_tag-jeep-wrangler-jl-diagnosegeraet","43":"product_tag-jeep-wrangler-jl-drehzahl-einstellen","44":"product_tag-jeep-wrangler-jl-echtzeitdaten","45":"product_tag-jeep-wrangler-jl-elektronische-einstellung","46":"product_tag-jeep-wrangler-jl-elektronische-fahrzeuganpassung","47":"product_tag-jeep-wrangler-jl-fehlercodes","48":"product_tag-jeep-wrangler-jl-fehlerspeicher-auslesen","49":"product_tag-jeep-wrangler-jl-fehlerspeicher-loeschen","50":"product_tag-jeep-wrangler-jl-fernlicht-nebelscheinwerfer","51":"product_tag-jeep-wrangler-jl-kalibrierung","52":"product_tag-jeep-wrangler-jl-kurbelwelle-nockenwelle-synchronisation","53":"product_tag-jeep-wrangler-jl-led-nachruestung","54":"product_tag-jeep-wrangler-jl-lichtkonfiguration","55":"product_tag-jeep-wrangler-jl-live-daten-anzeigen","56":"product_tag-jeep-wrangler-jl-modul-reset","57":"product_tag-jeep-wrangler-jl-motordrehzahl-erhoehen","58":"product_tag-jeep-wrangler-jl-obd-modul","59":"product_tag-jeep-wrangler-jl-ohne-werkstatt-kalibrieren","60":"product_tag-jeep-wrangler-jl-reifengroesse-einstellen","61":"product_tag-jeep-wrangler-jl-reifenkalibrierung","62":"product_tag-jeep-wrangler-jl-rueckfahrkamera-2018","63":"product_tag-jeep-wrangler-jl-rueckfahrkamera-2019","64":"product_tag-jeep-wrangler-jl-rueckfahrkamera-2020","65":"product_tag-jeep-wrangler-jl-rueckfahrkamera-aktivieren","66":"product_tag-jeep-wrangler-jl-rueckfahrkamera-deaktivieren","67":"product_tag-jeep-wrangler-jl-rueckfahrkamera-manuell-aktivieren","68":"product_tag-jeep-wrangler-jl-seilwindenbetrieb","69":"product_tag-jeep-wrangler-jl-sicherheitsgurt-erinnerung","70":"product_tag-jeep-wrangler-jl-smartphone-kalibrierung","71":"product_tag-jeep-wrangler-jl-spurwechsel-blinkfunktion","72":"product_tag-jeep-wrangler-jl-start-stopp-deaktivieren","73":"product_tag-jeep-wrangler-jl-steuergeraet-konfigurieren","74":"product_tag-jeep-wrangler-jl-steuergeraete-reset","75":"product_tag-jeep-wrangler-jl-tacho-einstellen","76":"product_tag-jeep-wrangler-jl-tacho-kalibrierung-per-gps","77":"product_tag-jeep-wrangler-jl-tagfahrlicht-konfigurieren","78":"product_tag-jeep-wrangler-jl-tpms-aktivieren","79":"product_tag-jeep-wrangler-jl-tpms-deaktivieren","80":"product_tag-jeep-wrangler-jl-tpms-reset","81":"product_tag-jeep-wrangler-jl-wireless-kalibrierung","82":"product_tag-jl","83":"product_tag-kraftwerk","84":"product_tag-obd","85":"product_tag-obd-tuning","86":"product_tag-offroad","87":"product_tag-programmer","88":"product_tag-programmiergeraet","89":"product_tag-reifendruck","90":"product_tag-reifendrucksensoren","91":"product_tag-reifendruckueberwachungssystem","92":"product_tag-reifenumfang","93":"product_tag-rubicon","94":"product_tag-security-gateway","95":"product_tag-security-gateway-bypass-modul","96":"product_tag-sensoren","97":"product_tag-superchips","98":"product_tag-superchips-3581-jl","99":"product_tag-superchips-flashcal","100":"product_tag-superchips-flashcal-3581-jl","101":"product_tag-tacho","102":"product_tag-tachometerkorrektur","103":"product_tag-tagfahrlicht","104":"product_tag-tpms","105":"product_tag-tuning","106":"product_tag-tuninggeraet","107":"product_tag-wrangler","108":"product_tag-wrangler-jl","109":"product_tag-wrangler-jl-3-6","110":"product_tag-wrangler-jl-crawl-funktionen","111":"product_tag-wrangler-jl-kalibrierung","112":"product_tag-wrangler-jl-obd2","113":"product_tag-wrangler-jl-start-stopp","114":"product_tag-wrangler-jl-tagfahrlicht","115":"product_tag-wrangler-jl-tpms","117":"first","118":"outofstock","119":"taxable","120":"shipping-taxable","121":"purchasable","122":"product-type-simple"},"bundled_by":[],"bundle_stock_status":"outofstock","bundle_stock_quantity":0,"bundle_virtual":false,"bundle_layout":"","bundle_add_to_cart_form_location":"","bundle_editable_in_cart":false,"bundle_sold_individually_context":"","bundle_item_grouping":"","bundle_min_size":"","bundle_max_size":"","bundle_price":[],"bundled_items":[],"bundle_sell_ids":[],"exclude_global_add_ons":[],"addons":[],"acf":[],"_links":{"self":[{"href":"https:\/\/kraftwerk-shop.cc\/cs\/wp-json\/wp\/v2\/product\/68315923","targetHints":{"allow":["GET"]}}],"collection":[{"href":"https:\/\/kraftwerk-shop.cc\/cs\/wp-json\/wp\/v2\/product"}],"about":[{"href":"https:\/\/kraftwerk-shop.cc\/cs\/wp-json\/wp\/v2\/types\/product"}],"replies":[{"embeddable":true,"href":"https:\/\/kraftwerk-shop.cc\/cs\/wp-json\/wp\/v2\/comments?post=68315923"}],"version-history":[{"count":0,"href":"https:\/\/kraftwerk-shop.cc\/cs\/wp-json\/wp\/v2\/product\/68315923\/revisions"}],"wp:featuredmedia":[{"embeddable":true,"href":"https:\/\/kraftwerk-shop.cc\/cs\/wp-json\/wp\/v2\/media\/68316235"}],"wp:attachment":[{"href":"https:\/\/kraftwerk-shop.cc\/cs\/wp-json\/wp\/v2\/media?parent=68315923"}],"wp:term":[{"taxonomy":"product_brand","embeddable":true,"href":"https:\/\/kraftwerk-shop.cc\/cs\/wp-json\/wp\/v2\/product_brand?post=68315923"},{"taxonomy":"product_cat","embeddable":true,"href":"https:\/\/kraftwerk-shop.cc\/cs\/wp-json\/wp\/v2\/product_cat?post=68315923"},{"taxonomy":"product_tag","embeddable":true,"href":"https:\/\/kraftwerk-shop.cc\/cs\/wp-json\/wp\/v2\/product_tag?post=68315923"}],"curies":[{"name":"wp","href":"https:\/\/api.w.org\/{rel}","templated":true}]}}