{"id":68316867,"date":"2025-03-11T10:29:08","date_gmt":"2025-03-11T09:29:08","guid":{"rendered":"https:\/\/kraftwerk-shop.cc\/?post_type=product&#038;p=68316867"},"modified":"2026-02-15T01:18:48","modified_gmt":"2026-02-15T00:18:48","slug":"mbrp-s5145409-race-profile-ram-dt-1500","status":"publish","type":"product","link":"https:\/\/kraftwerk-shop.cc\/cs\/produkt\/mbrp-s5145409-race-profile-ram-dt-1500\/","title":{"rendered":"N\u00e1hradn\u00ed trubka tlumi\u010de MBRP Race Profile RAM DT 1500 5.7"},"content":{"rendered":"<h1>MBRP S5145409 N\u00e1hradn\u00ed trubka tlumi\u010de pro RAM DT 1500 5.7<\/h1>\n<p data-start=\"0\" data-end=\"310\">\n<p data-start=\"0\" data-end=\"310\">V\u00fdfukov\u00fd syst\u00e9m MBRP Muffler Bypass je v\u00fdkonn\u00e9 \u0159e\u0161en\u00ed v\u00fdfuku pro modely RAM 1500 z let 2019 a\u017e 2024 s motory 5,7 l Hemi V8. Tento syst\u00e9m nahrazuje s\u00e9riov\u00fd tlumi\u010d v\u00fdfuku a poskytuje agresivn\u00ed z\u00e1vodn\u00ed zvuk, kter\u00fd p\u0159itahuje pozornost.<\/p>\n<p data-start=\"312\" data-end=\"330\">\n<p data-start=\"312\" data-end=\"330\"><strong data-start=\"312\" data-end=\"330\">Hlavn\u00ed funkce:<\/strong><\/p>\n<ul data-start=\"332\" data-end=\"776\">\n<li data-start=\"332\" data-end=\"401\">Materi\u00e1l: Vyrobeno z nerezov\u00e9 oceli T409 pro zv\u00fd\u0161enou odolnost.<\/li>\n<li data-start=\"402\" data-end=\"495\">Konstrukce: 3palcov\u00fd obtok tlumi\u010de v\u00fdfuku bez tlumi\u010de pro nekompromisn\u00ed zvuk.<\/li>\n<li data-start=\"496\" data-end=\"561\">Instalace: Jednoduch\u00e1 instalace \u0161rouby bez sva\u0159ov\u00e1n\u00ed.<\/li>\n<li data-start=\"562\" data-end=\"711\">Kompatibilita: Ur\u010deno pro modely RAM 1500 2019-2024 s motory 5,7 l (krom\u011b model\u016f Classic) a dvojit\u00fdm v\u00fdfukov\u00fdm syst\u00e9mem z v\u00fdroby.<\/li>\n<\/ul>\n<p data-start=\"778\" data-end=\"1029\">\n<p data-start=\"778\" data-end=\"1029\">S v\u00fdfukov\u00fdm syst\u00e9mem MBRP Muffler Bypass se v\u00fdrazn\u011b zv\u00fd\u0161\u00ed kvalita zvuku va\u0161eho vozidla, kter\u00e1 p\u0159ipom\u00edn\u00e1 z\u00e1vodn\u00ed v\u016fz. Tento syst\u00e9m je ide\u00e1ln\u00ed pro nad\u0161ence, kte\u0159\u00ed cht\u011bj\u00ed pln\u011b vyu\u017e\u00edt potenci\u00e1l sv\u00e9ho vozu RAM 1500.<\/p>\n<p data-start=\"1243\" data-end=\"1373\">\n<p data-start=\"1243\" data-end=\"1373\">S v\u00fdfukov\u00fdm syst\u00e9mem MBRP Muffler Bypass z\u00edsk\u00e1te nov\u00fd rozm\u011br pot\u011b\u0161en\u00ed z j\u00edzdy a vystoup\u00edte z davu.<\/p>\n<p>&nbsp;<\/p>\n<p><strong>Vhodn\u00e9 pro:<\/strong><\/p>\n<table width=\"449\">\n<tbody>\n<tr>\n<td width=\"115\"><strong>Zna\u010dka<\/strong><\/td>\n<td width=\"145\"><strong>Model<\/strong><\/td>\n<td width=\"106\"><strong>Motor<\/strong><\/td>\n<td width=\"83\"><strong>Rok v\u00fdstavby<\/strong><\/td>\n<\/tr>\n<tr>\n<td>RAM<\/td>\n<td>1500<\/td>\n<td>5.7<\/td>\n<td>2019\u20132024<\/td>\n<\/tr>\n<\/tbody>\n<\/table>\n<p>Nen\u00ed vhodn\u00e9 pro RAM Classic!<\/p>\n<p>&nbsp;<\/p>\n<p><strong>Rozsah dod\u00e1vky:<\/strong><\/p>\n<ul>\n<li>1 n\u00e1hradn\u00ed trubka tlumi\u010de<\/li>\n<\/ul>\n<p>&nbsp;<\/p>\n<p>&nbsp;<\/p>\n<p><iframe loading=\"lazy\" title=\"MBRP S5145409 N\u00e1hradn\u00ed trubka tlumi\u010de Race Profile pasuje pro RAM DT 1500 5.7\" src=\"https:\/\/www.youtube.com\/embed\/RY6D2eD3cHk\" width=\"882\" height=\"496\" frameborder=\"0\" allowfullscreen=\"allowfullscreen\"><\/iframe><\/p>\n<p><iframe loading=\"lazy\" title=\"MBRP S5145409 N\u00e1hradn\u00ed trubka tlumi\u010de Race Profile pasuje pro RAM DT 1500 5.7\" src=\"https:\/\/www.youtube.com\/embed\/dt7tZpwVV3I\" width=\"882\" height=\"496\" frameborder=\"0\" allowfullscreen=\"allowfullscreen\"><\/iframe><\/p>","protected":false},"excerpt":{"rendered":"<p>2019\u20132024<\/p>","protected":false},"featured_media":68316871,"comment_status":"open","ping_status":"closed","template":"","meta":{"_acf_changed":false},"product_brand":[17169],"product_cat":[10262,3024,6623],"product_tag":[475,419,420,2066,2373,4526,6297,91,1035,1036,546,3720,1037,476,1043,1039,3034,1042,2934,126,20273,1166,2931,10769,1044,7079,86,3507,11817,12760,12761,12762,12764,12763,12765,12767,12766,12752,12754,12753,12756,12777,12769,12775,12758,12782,12757,12768,12780,12781,12771,12774,12772,12779,12785,12794,12788,12792,12797,12798,12791,12796,12793,12795,12787,12786,12789,12790,12770,12776,12778,12773,12783,12784,12759,12755,10768,7078,1045,1041,547,1034,1038,233],"class_list":{"0":"post-68316867","1":"product","2":"type-product","3":"status-publish","4":"has-post-thumbnail","6":"product_brand-mbrp","7":"product_cat-alle-produkte","8":"product_cat-nicht-nach-eu","9":"product_cat-1500-57-dt-abgasanlage-catback","10":"product_tag-475","11":"product_tag-419","12":"product_tag-420","13":"product_tag-2066","14":"product_tag-2373","15":"product_tag-4526","16":"product_tag-6297","17":"product_tag-5-7","18":"product_tag-abgasanlage","19":"product_tag-abgassystem","20":"product_tag-auspuff","21":"product_tag-auspuffblende","22":"product_tag-auspuffsystem","23":"product_tag-dt","24":"product_tag-endrohr","25":"product_tag-endschalldaempfer","26":"product_tag-endstueck","27":"product_tag-endtopf","28":"product_tag-harder","29":"product_tag-hemi","30":"product_tag-keintuev","31":"product_tag-keramik","32":"product_tag-mbrp","33":"product_tag-mbrp-s5145409","34":"product_tag-mittelschalldaempfer","35":"product_tag-muffler-delete","36":"product_tag-ram","37":"product_tag-ram1500","38":"product_tag-ram-1500-5-7-hemi","39":"product_tag-ram-1500-5-7-hemi-auspuff","40":"product_tag-ram-1500-5-7-hemi-auspuffanlage","41":"product_tag-ram-1500-5-7-hemi-schalldaempfer","42":"product_tag-ram-1500-5-7-hemi-schalldaempfer-bypass","43":"product_tag-ram-1500-5-7-hemi-schalldaempfer-ersatz","44":"product_tag-ram-1500-5-7-hemi-schalldaempfer-upgrade","45":"product_tag-ram-1500-5-7-hemi-sportauspuff","46":"product_tag-ram-1500-5-7-hemi-tuning","47":"product_tag-ram-1500-auspuff","48":"product_tag-ram-1500-auspuff-tuning","49":"product_tag-ram-1500-auspuffanlage","50":"product_tag-ram-1500-schalldaempfer","51":"product_tag-ram-1500-schalldaempfer-angebot","52":"product_tag-ram-1500-schalldaempfer-austausch","53":"product_tag-ram-1500-schalldaempfer-bestellen","54":"product_tag-ram-1500-schalldaempfer-bypass","55":"product_tag-ram-1500-schalldaempfer-edelstahl","56":"product_tag-ram-1500-schalldaempfer-ersatz","57":"product_tag-ram-1500-schalldaempfer-ersatzteil","58":"product_tag-ram-1500-schalldaempfer-guenstig","59":"product_tag-ram-1500-schalldaempfer-hochwertig","60":"product_tag-ram-1500-schalldaempfer-installation","61":"product_tag-ram-1500-schalldaempfer-kaufen","62":"product_tag-ram-1500-schalldaempfer-kit","63":"product_tag-ram-1500-schalldaempfer-kosten","64":"product_tag-ram-1500-schalldaempfer-mbrp","65":"product_tag-ram-1500-schalldaempfer-mbrp-angebot","66":"product_tag-ram-1500-schalldaempfer-mbrp-armor-plus","67":"product_tag-ram-1500-schalldaempfer-mbrp-bestellen","68":"product_tag-ram-1500-schalldaempfer-mbrp-guenstig","69":"product_tag-ram-1500-schalldaempfer-mbrp-hochwertig","70":"product_tag-ram-1500-schalldaempfer-mbrp-kaufen","71":"product_tag-ram-1500-schalldaempfer-mbrp-kosten","72":"product_tag-ram-1500-schalldaempfer-mbrp-online","73":"product_tag-ram-1500-schalldaempfer-mbrp-preis","74":"product_tag-ram-1500-schalldaempfer-mbrp-race-profile","75":"product_tag-ram-1500-schalldaempfer-mbrp-s5145409","76":"product_tag-ram-1500-schalldaempfer-mbrp-t409","77":"product_tag-ram-1500-schalldaempfer-mbrp-t409-edelstahl","78":"product_tag-ram-1500-schalldaempfer-montage","79":"product_tag-ram-1500-schalldaempfer-online","80":"product_tag-ram-1500-schalldaempfer-preis","81":"product_tag-ram-1500-schalldaempfer-set","82":"product_tag-ram-1500-schalldaempfer-t409","83":"product_tag-ram-1500-schalldaempfer-t409-edelstahl","84":"product_tag-ram-1500-schalldaempfer-upgrade","85":"product_tag-ram-1500-sportauspuff","86":"product_tag-s5145409","87":"product_tag-schalldaempferersatzrohr","88":"product_tag-sound","89":"product_tag-sport","90":"product_tag-sportauspuff","91":"product_tag-sportauspuffanlage","92":"product_tag-sportendschalldaempfer","93":"product_tag-tuning","94":"product_shipping_class-paket-l","96":"first","97":"onbackorder","98":"taxable","99":"shipping-taxable","100":"purchasable","101":"product-type-simple"},"bundled_by":[],"bundle_stock_status":"onbackorder","bundle_stock_quantity":0,"bundle_virtual":false,"bundle_layout":"","bundle_add_to_cart_form_location":"","bundle_editable_in_cart":false,"bundle_sold_individually_context":"","bundle_item_grouping":"","bundle_min_size":"","bundle_max_size":"","bundle_price":[],"bundled_items":[],"bundle_sell_ids":[],"exclude_global_add_ons":[],"addons":[],"acf":[],"_links":{"self":[{"href":"https:\/\/kraftwerk-shop.cc\/cs\/wp-json\/wp\/v2\/product\/68316867","targetHints":{"allow":["GET"]}}],"collection":[{"href":"https:\/\/kraftwerk-shop.cc\/cs\/wp-json\/wp\/v2\/product"}],"about":[{"href":"https:\/\/kraftwerk-shop.cc\/cs\/wp-json\/wp\/v2\/types\/product"}],"replies":[{"embeddable":true,"href":"https:\/\/kraftwerk-shop.cc\/cs\/wp-json\/wp\/v2\/comments?post=68316867"}],"version-history":[{"count":0,"href":"https:\/\/kraftwerk-shop.cc\/cs\/wp-json\/wp\/v2\/product\/68316867\/revisions"}],"wp:featuredmedia":[{"embeddable":true,"href":"https:\/\/kraftwerk-shop.cc\/cs\/wp-json\/wp\/v2\/media\/68316871"}],"wp:attachment":[{"href":"https:\/\/kraftwerk-shop.cc\/cs\/wp-json\/wp\/v2\/media?parent=68316867"}],"wp:term":[{"taxonomy":"product_brand","embeddable":true,"href":"https:\/\/kraftwerk-shop.cc\/cs\/wp-json\/wp\/v2\/product_brand?post=68316867"},{"taxonomy":"product_cat","embeddable":true,"href":"https:\/\/kraftwerk-shop.cc\/cs\/wp-json\/wp\/v2\/product_cat?post=68316867"},{"taxonomy":"product_tag","embeddable":true,"href":"https:\/\/kraftwerk-shop.cc\/cs\/wp-json\/wp\/v2\/product_tag?post=68316867"}],"curies":[{"name":"wp","href":"https:\/\/api.w.org\/{rel}","templated":true}]}}