{"id":68316939,"date":"2025-03-14T15:07:52","date_gmt":"2025-03-14T14:07:52","guid":{"rendered":"https:\/\/kraftwerk-shop.cc\/?post_type=product&#038;p=68316939"},"modified":"2026-02-15T01:19:10","modified_gmt":"2026-02-15T00:19:10","slug":"mbrp-s55253cf-sportovni-vyfuk-jeep-srt","status":"publish","type":"product","link":"https:\/\/kraftwerk-shop.cc\/cs\/produkt\/mbrp-s55253cf-sportauspuff-jeep-srt\/","title":{"rendered":"MBRP Dual Cat-Back Street Profile Jeep Grand Cherokee SRT"},"content":{"rendered":"<h1>V\u00fdfukov\u00fd syst\u00e9m MBRP S55253CF Dual Cat-Back Street Profile pro Jeep Grand Cherokee SRT<\/h1>\n<p data-start=\"0\" data-end=\"226\">\n<p data-start=\"0\" data-end=\"226\">T\u0159\u00edpalcov\u00fd v\u00fdfukov\u00fd syst\u00e9m MBRP Cat-back byl vyvinut speci\u00e1ln\u011b pro vozy Jeep Grand Cherokee SRT s motorem V8 o objemu 6,4 litru z modelov\u00fdch let 2012 a\u017e 2021.<\/p>\n<div class=\"relative inline-flex items-center\"><\/div>\n<p data-start=\"228\" data-end=\"284\">Tento syst\u00e9m se vyzna\u010duje n\u00e1sleduj\u00edc\u00edmi vlastnostmi:<\/p>\n<ul>\n<li data-start=\"288\" data-end=\"515\">Je vyroben z vysoce kvalitn\u00ed nerezov\u00e9 oceli T304, kter\u00e1 vynik\u00e1 odolnost\u00ed proti korozi a korozi a je ide\u00e1ln\u00ed do extr\u00e9mn\u00edch podm\u00ednek, jako je sn\u00edh, s\u016fl a pou\u017eit\u00ed v ter\u00e9nu.<\/li>\n<li data-start=\"519\" data-end=\"783\">Konstrukce: Syst\u00e9m m\u00e1 pr\u016fm\u011br 3 palce s dvojit\u00fdm zadn\u00edm v\u00fdstupem (dvojit\u00e9 v\u00fdfuky vzadu) a lad\u011bn\u00ed Street Profile, kter\u00e9 poskytuje agresivn\u00ed zvuk, ani\u017e by byl na dlouh\u00fdch cest\u00e1ch ru\u0161iv\u00fd.<\/li>\n<li data-start=\"787\" data-end=\"972\">V\u00fdfukov\u00e9 potrub\u00ed: Je vybaveno 5palcov\u00fdm v\u00fdfukov\u00fdm potrub\u00edm z uhl\u00edkov\u00fdch vl\u00e1ken a nerezov\u00e9 oceli T304, kter\u00e9 je vizu\u00e1ln\u011b velmi atraktivn\u00ed.<\/li>\n<li data-start=\"976\" data-end=\"1149\">Zv\u00fd\u0161en\u00ed v\u00fdkonu: Zlep\u0161en\u00edm pr\u016ftoku v\u00fdfukov\u00fdch plyn\u016f o 24 % m\u016f\u017ee tento syst\u00e9m zv\u00fd\u0161it v\u00fdkon motoru.<\/li>\n<li data-start=\"1153\" data-end=\"1346\">Instalace: Instalace je \u0161roubov\u00e1, co\u017e znamen\u00e1, \u017ee nejsou nutn\u00e9 \u017e\u00e1dn\u00e9 dal\u0161\u00ed \u00fapravy ani sva\u0159ov\u00e1n\u00ed.<\/li>\n<\/ul>\n<p data-start=\"1519\" data-end=\"1728\">\n<p data-start=\"1519\" data-end=\"1728\">Upozor\u0148ujeme, \u017ee tento syst\u00e9m byl vyvinut speci\u00e1ln\u011b pro motory 6,4 l HEMI SRT8 Jeep Grand Cherokee a nen\u00ed kompatibiln\u00ed s jin\u00fdmi modely.<\/p>\n<p>&nbsp;<\/p>\n<p>&nbsp;<\/p>\n<p>V\u00fdfukov\u00fd syst\u00e9m MBRP S55253CF Street Profile 3\u2033 cat-back je vhodn\u00fd pro n\u00e1sleduj\u00edc\u00ed modely:<\/p>\n<table width=\"449\">\n<tbody>\n<tr>\n<td width=\"115\"><strong>Zna\u010dka<\/strong><\/td>\n<td width=\"145\"><strong>Model<\/strong><\/td>\n<td width=\"106\"><strong>Motor<\/strong><\/td>\n<td width=\"83\"><strong>Rok v\u00fdstavby<\/strong><\/td>\n<\/tr>\n<tr>\n<td>Jeep<\/td>\n<td>Grand Cherokee SRT<\/td>\n<td>6.4<\/td>\n<td>2012\u20132021<\/td>\n<\/tr>\n<\/tbody>\n<\/table>\n<p>&nbsp;<\/p>\n<p><iframe loading=\"lazy\" title=\"MBRP S5525AL &amp; S55253CF Street Profile Sport V\u00fdfuk Jeep Grand Cherokee SRT 6.4\" src=\"https:\/\/www.youtube.com\/embed\/IKxCaHiY5BY\" width=\"882\" height=\"496\" frameborder=\"0\" allowfullscreen=\"allowfullscreen\"><\/iframe><\/p>","protected":false},"excerpt":{"rendered":"<p>Nerezov\u00e1 ocel T304<\/p>\n<p>2012\u20132021<\/p>","protected":false},"featured_media":68316942,"comment_status":"open","ping_status":"closed","template":"","meta":{"_acf_changed":false},"product_brand":[17169],"product_cat":[3024,10262,6589],"product_tag":[177,165,248,249,250,251,252,419,420,2066,4024,4023,93,1035,1036,546,1037,1047,2210,1039,2786,56,2934,50,4817,12855,12856,12857,12858,12860,12859,12861,12863,12862,12848,12849,12851,12873,12865,12871,12853,12878,12852,12864,12876,12877,12867,12870,12868,12875,12879,12888,12882,12886,12883,12884,12891,12892,12885,12890,12887,12889,12881,12880,12866,12872,12874,12869,12854,12850,532,20273,2211,2931,10773,547,1034,1038,96,164,2215,233],"class_list":{"0":"post-68316939","1":"product","2":"type-product","3":"status-publish","4":"has-post-thumbnail","6":"product_brand-mbrp","7":"product_cat-nicht-nach-eu","8":"product_cat-alle-produkte","9":"product_cat-grand-cherokee-64-abgasanlage-catback","10":"product_tag-177","11":"product_tag-165","12":"product_tag-248","13":"product_tag-249","14":"product_tag-250","15":"product_tag-251","16":"product_tag-252","17":"product_tag-419","18":"product_tag-420","19":"product_tag-2066","20":"product_tag-3zoll","21":"product_tag-4023","22":"product_tag-6-4","23":"product_tag-abgasanlage","24":"product_tag-abgassystem","25":"product_tag-auspuff","26":"product_tag-auspuffsystem","27":"product_tag-cat-back","28":"product_tag-catback","29":"product_tag-endschalldaempfer","30":"product_tag-exhaust","31":"product_tag-grand-cherokee","32":"product_tag-harder","33":"product_tag-jeep","34":"product_tag-jeep-grand-cherokee-srt","35":"product_tag-jeep-grand-cherokee-srt-6-4-hemi","36":"product_tag-jeep-grand-cherokee-srt-6-4-hemi-auspuff","37":"product_tag-jeep-grand-cherokee-srt-6-4-hemi-auspuffanlage","38":"product_tag-jeep-grand-cherokee-srt-6-4-hemi-schalldaempfer","39":"product_tag-jeep-grand-cherokee-srt-6-4-hemi-schalldaempfer-bypass","40":"product_tag-jeep-grand-cherokee-srt-6-4-hemi-schalldaempfer-ersatz","41":"product_tag-jeep-grand-cherokee-srt-6-4-hemi-schalldaempfer-upgrade","42":"product_tag-jeep-grand-cherokee-srt-6-4-hemi-sportauspuff","43":"product_tag-jeep-grand-cherokee-srt-6-4-hemi-tuning","44":"product_tag-jeep-grand-cherokee-srt-auspuff","45":"product_tag-jeep-grand-cherokee-srt-auspuffanlage","46":"product_tag-jeep-grand-cherokee-srt-schalldaempfer","47":"product_tag-jeep-grand-cherokee-srt-schalldaempfer-angebot","48":"product_tag-jeep-grand-cherokee-srt-schalldaempfer-austausch","49":"product_tag-jeep-grand-cherokee-srt-schalldaempfer-bestellen","50":"product_tag-jeep-grand-cherokee-srt-schalldaempfer-bypass","51":"product_tag-jeep-grand-cherokee-srt-schalldaempfer-carbonfaser","52":"product_tag-jeep-grand-cherokee-srt-schalldaempfer-ersatz","53":"product_tag-jeep-grand-cherokee-srt-schalldaempfer-ersatzteil","54":"product_tag-jeep-grand-cherokee-srt-schalldaempfer-guenstig","55":"product_tag-jeep-grand-cherokee-srt-schalldaempfer-hochwertig","56":"product_tag-jeep-grand-cherokee-srt-schalldaempfer-installation","57":"product_tag-jeep-grand-cherokee-srt-schalldaempfer-kaufen","58":"product_tag-jeep-grand-cherokee-srt-schalldaempfer-kit","59":"product_tag-jeep-grand-cherokee-srt-schalldaempfer-kosten","60":"product_tag-jeep-grand-cherokee-srt-schalldaempfer-mbrp","61":"product_tag-jeep-grand-cherokee-srt-schalldaempfer-mbrp-angebot","62":"product_tag-jeep-grand-cherokee-srt-schalldaempfer-mbrp-armor-plus","63":"product_tag-jeep-grand-cherokee-srt-schalldaempfer-mbrp-bestellen","64":"product_tag-jeep-grand-cherokee-srt-schalldaempfer-mbrp-carbonfaser","65":"product_tag-jeep-grand-cherokee-srt-schalldaempfer-mbrp-carbonfaser-endrohre","66":"product_tag-jeep-grand-cherokee-srt-schalldaempfer-mbrp-guenstig","67":"product_tag-jeep-grand-cherokee-srt-schalldaempfer-mbrp-hochwertig","68":"product_tag-jeep-grand-cherokee-srt-schalldaempfer-mbrp-kaufen","69":"product_tag-jeep-grand-cherokee-srt-schalldaempfer-mbrp-kosten","70":"product_tag-jeep-grand-cherokee-srt-schalldaempfer-mbrp-online","71":"product_tag-jeep-grand-cherokee-srt-schalldaempfer-mbrp-preis","72":"product_tag-jeep-grand-cherokee-srt-schalldaempfer-mbrp-race-profile","73":"product_tag-jeep-grand-cherokee-srt-schalldaempfer-mbrp-s55253cf","74":"product_tag-jeep-grand-cherokee-srt-schalldaempfer-montage","75":"product_tag-jeep-grand-cherokee-srt-schalldaempfer-online","76":"product_tag-jeep-grand-cherokee-srt-schalldaempfer-preis","77":"product_tag-jeep-grand-cherokee-srt-schalldaempfer-set","78":"product_tag-jeep-grand-cherokee-srt-schalldaempfer-upgrade","79":"product_tag-jeep-grand-cherokee-srt-sportauspuff","80":"product_tag-kat","81":"product_tag-keintuev","82":"product_tag-klang","83":"product_tag-mbrp","84":"product_tag-s55253cf","85":"product_tag-sportauspuff","86":"product_tag-sportauspuffanlage","87":"product_tag-sportendschalldaempfer","88":"product_tag-srt","89":"product_tag-srt8","90":"product_tag-street","91":"product_tag-tuning","92":"product_shipping_class-spedition-1","94":"first","95":"onbackorder","96":"taxable","97":"shipping-taxable","98":"purchasable","99":"product-type-simple"},"bundled_by":[],"bundle_stock_status":"onbackorder","bundle_stock_quantity":0,"bundle_virtual":false,"bundle_layout":"","bundle_add_to_cart_form_location":"","bundle_editable_in_cart":false,"bundle_sold_individually_context":"","bundle_item_grouping":"","bundle_min_size":"","bundle_max_size":"","bundle_price":[],"bundled_items":[],"bundle_sell_ids":[],"exclude_global_add_ons":[],"addons":[],"acf":[],"_links":{"self":[{"href":"https:\/\/kraftwerk-shop.cc\/cs\/wp-json\/wp\/v2\/product\/68316939","targetHints":{"allow":["GET"]}}],"collection":[{"href":"https:\/\/kraftwerk-shop.cc\/cs\/wp-json\/wp\/v2\/product"}],"about":[{"href":"https:\/\/kraftwerk-shop.cc\/cs\/wp-json\/wp\/v2\/types\/product"}],"replies":[{"embeddable":true,"href":"https:\/\/kraftwerk-shop.cc\/cs\/wp-json\/wp\/v2\/comments?post=68316939"}],"version-history":[{"count":0,"href":"https:\/\/kraftwerk-shop.cc\/cs\/wp-json\/wp\/v2\/product\/68316939\/revisions"}],"wp:featuredmedia":[{"embeddable":true,"href":"https:\/\/kraftwerk-shop.cc\/cs\/wp-json\/wp\/v2\/media\/68316942"}],"wp:attachment":[{"href":"https:\/\/kraftwerk-shop.cc\/cs\/wp-json\/wp\/v2\/media?parent=68316939"}],"wp:term":[{"taxonomy":"product_brand","embeddable":true,"href":"https:\/\/kraftwerk-shop.cc\/cs\/wp-json\/wp\/v2\/product_brand?post=68316939"},{"taxonomy":"product_cat","embeddable":true,"href":"https:\/\/kraftwerk-shop.cc\/cs\/wp-json\/wp\/v2\/product_cat?post=68316939"},{"taxonomy":"product_tag","embeddable":true,"href":"https:\/\/kraftwerk-shop.cc\/cs\/wp-json\/wp\/v2\/product_tag?post=68316939"}],"curies":[{"name":"wp","href":"https:\/\/api.w.org\/{rel}","templated":true}]}}